{"id":4781,"date":"2025-09-23T16:22:30","date_gmt":"2025-09-23T15:22:30","guid":{"rendered":"https:\/\/medicaltravel.ch\/hasta-raporlari\/erfahrungsberichte-empfehlungen-behandlungen-beurteilung-tuerkei-istanbul\/hasta-raporu-hasta-deneyimi-dis-hekimi-izmir\/"},"modified":"2026-01-12T17:17:23","modified_gmt":"2026-01-12T16:17:23","slug":"hasta-raporu-hasta-deneyimi-dis-hekimi-izmir","status":"publish","type":"page","link":"https:\/\/medicaltravel.ch\/tr\/hasta-raporlari\/referanslar-tavsiyeler-tedaviler-degerlendirmeler-turkiye-istanbul\/hasta-raporu-hasta-deneyimi-dis-hekimi-izmir\/","title":{"rendered":"Hasta raporu Hasta deneyimi Di\u015f hekimi \u0130zmir"},"content":{"rendered":"\n<p><strong><u>\u0130zmir, T\u00fcrkiye&#8217;deki ortodontik tedavi deneyimim<\/u><\/strong><\/p>\n\n\n\n<p>Herkese merhaba<\/p>\n\n\n\n<p><\/p>\n\n\n\n<figure class=\"wp-block-image size-full\"><img fetchpriority=\"high\" decoding=\"async\" width=\"576\" height=\"1024\" src=\"https:\/\/medicaltravel.ch\/wp-content\/uploads\/2025\/09\/IMG-20230207-WA0005-576x1024-1.jpg\" alt=\"\" class=\"wp-image-650\" srcset=\"https:\/\/medicaltravel.ch\/wp-content\/uploads\/2025\/09\/IMG-20230207-WA0005-576x1024-1.jpg 576w, https:\/\/medicaltravel.ch\/wp-content\/uploads\/2025\/09\/IMG-20230207-WA0005-576x1024-1-169x300.jpg 169w\" sizes=\"(max-width: 576px) 100vw, 576px\" \/><\/figure>\n\n\n\n<p id=\"caption-attachment-9588\">\u0130zmir Di\u015f Klini\u011fi<\/p>\n\n\n\n<figure class=\"wp-block-image size-full\"><img decoding=\"async\" width=\"576\" height=\"1024\" src=\"https:\/\/medicaltravel.ch\/wp-content\/uploads\/2025\/09\/IMG-20230207-WA0003-576x1024-1.jpg\" alt=\"\" class=\"wp-image-651\" srcset=\"https:\/\/medicaltravel.ch\/wp-content\/uploads\/2025\/09\/IMG-20230207-WA0003-576x1024-1.jpg 576w, https:\/\/medicaltravel.ch\/wp-content\/uploads\/2025\/09\/IMG-20230207-WA0003-576x1024-1-169x300.jpg 169w\" sizes=\"(max-width: 576px) 100vw, 576px\" \/><\/figure>\n\n\n\n<figure class=\"wp-block-image size-full\"><img decoding=\"async\" width=\"576\" height=\"1024\" src=\"https:\/\/medicaltravel.ch\/wp-content\/uploads\/2025\/09\/IMG-20230207-WA0004-576x1024-1.jpg\" alt=\"\" class=\"wp-image-652\" srcset=\"https:\/\/medicaltravel.ch\/wp-content\/uploads\/2025\/09\/IMG-20230207-WA0004-576x1024-1.jpg 576w, https:\/\/medicaltravel.ch\/wp-content\/uploads\/2025\/09\/IMG-20230207-WA0004-576x1024-1-169x300.jpg 169w\" sizes=\"(max-width: 576px) 100vw, 576px\" \/><\/figure>\n\n\n\n<figure class=\"wp-block-image size-full\"><img loading=\"lazy\" decoding=\"async\" width=\"768\" height=\"832\" src=\"https:\/\/medicaltravel.ch\/wp-content\/uploads\/2025\/09\/IMG-20230207-WA0006-768x832-1.jpg\" alt=\"\" class=\"wp-image-653\" srcset=\"https:\/\/medicaltravel.ch\/wp-content\/uploads\/2025\/09\/IMG-20230207-WA0006-768x832-1.jpg 768w, https:\/\/medicaltravel.ch\/wp-content\/uploads\/2025\/09\/IMG-20230207-WA0006-768x832-1-277x300.jpg 277w\" sizes=\"(max-width: 768px) 100vw, 768px\" \/><\/figure>\n\n\n\n<div class=\"wp-block-group is-layout-grid wp-container-core-group-is-layout-baef362d wp-block-group-is-layout-grid\">\n<p><a href=\"https:\/\/medicaltravel.at\/home\/agb\/\" data-type=\"page\" data-id=\"2191\" rel=\"nofollow noopener\" target=\"_blank\"><\/a><a href=\"https:\/\/medicaltravel.ch\/tr\/hasta-raporlari\/referanslar-tavsiyeler-tedaviler-degerlendirmeler-turkiye-istanbul\/hasta-raporu-hasta-deneyimi-dis-hekiminin-degerlendirmesi-side-manavgat-antalya-tuerkiye\/\" data-type=\"link\" data-id=\"https:\/\/medicaltravel.ch\/tr\/hasta-raporlari\/referanslar-tavsiyeler-tedaviler-degerlendirmeler-turkiye-istanbul\/hasta-raporu-hasta-deneyimi-dis-hekiminin-degerlendirmesi-side-manavgat-antalya-tuerkiye\/\">\u00d6nceki rapor<\/a><\/p>\n\n\n\n<p class=\"has-text-align-right wp-container-content-5e2576f9\"><a href=\"https:\/\/medicaltravel.at\/home\/impressum\/\" data-type=\"page\" data-id=\"2193\" rel=\"nofollow noopener\" target=\"_blank\"><\/a><a href=\"https:\/\/medicaltravel.at\/home\/berichte-von-patienten\/erfahrungsberichte\/erfahrungsbericht-zahnbehandlung-in-istanbul\/\" data-type=\"page\" data-id=\"981\" rel=\"nofollow noopener\" target=\"_blank\"><\/a><a href=\"https:\/\/medicaltravel.ch\/tr\/hasta-raporlari\/referanslar-tavsiyeler-tedaviler-degerlendirmeler-turkiye-istanbul\/hasta-raporu-hasta-deneyimi-dis-hekimi-antalya\/\" data-type=\"link\" data-id=\"https:\/\/medicaltravel.ch\/tr\/hasta-raporlari\/referanslar-tavsiyeler-tedaviler-degerlendirmeler-turkiye-istanbul\/hasta-raporu-hasta-deneyimi-dis-hekimi-antalya\/\">Bir sonraki rapor<\/a><\/p>\n<\/div>\n","protected":false},"excerpt":{"rendered":"<p>\u0130zmir, T\u00fcrkiye&#8217;deki ortodontik tedavi deneyimim Herkese merhaba \u0130zmir Di\u015f Klini\u011fi \u00d6nceki rapor Bir sonraki rapor<\/p>\n","protected":false},"author":4,"featured_media":0,"parent":4587,"menu_order":0,"comment_status":"closed","ping_status":"closed","template":"","meta":{"_joinchat":[],"footnotes":""},"class_list":["post-4781","page","type-page","status-publish","hentry"],"acf":[],"_links":{"self":[{"href":"https:\/\/medicaltravel.ch\/tr\/wp-json\/wp\/v2\/pages\/4781","targetHints":{"allow":["GET"]}}],"collection":[{"href":"https:\/\/medicaltravel.ch\/tr\/wp-json\/wp\/v2\/pages"}],"about":[{"href":"https:\/\/medicaltravel.ch\/tr\/wp-json\/wp\/v2\/types\/page"}],"author":[{"embeddable":true,"href":"https:\/\/medicaltravel.ch\/tr\/wp-json\/wp\/v2\/users\/4"}],"replies":[{"embeddable":true,"href":"https:\/\/medicaltravel.ch\/tr\/wp-json\/wp\/v2\/comments?post=4781"}],"version-history":[{"count":0,"href":"https:\/\/medicaltravel.ch\/tr\/wp-json\/wp\/v2\/pages\/4781\/revisions"}],"up":[{"embeddable":true,"href":"https:\/\/medicaltravel.ch\/tr\/wp-json\/wp\/v2\/pages\/4587"}],"wp:attachment":[{"href":"https:\/\/medicaltravel.ch\/tr\/wp-json\/wp\/v2\/media?parent=4781"}],"curies":[{"name":"wp","href":"https:\/\/api.w.org\/{rel}","templated":true}]}}