{"id":4783,"date":"2025-09-23T16:53:31","date_gmt":"2025-09-23T15:53:31","guid":{"rendered":"https:\/\/medicaltravel.ch\/hasta-raporlari\/erfahrungsberichte-empfehlungen-behandlungen-beurteilung-tuerkei-istanbul\/hasta-raporu-dis-tedavisi-istanbulda\/"},"modified":"2026-01-12T17:55:25","modified_gmt":"2026-01-12T16:55:25","slug":"hasta-raporu-dis-tedavisi-istanbulda","status":"publish","type":"page","link":"https:\/\/medicaltravel.ch\/tr\/hasta-raporlari\/referanslar-tavsiyeler-tedaviler-degerlendirmeler-turkiye-istanbul\/hasta-raporu-dis-tedavisi-istanbulda\/","title":{"rendered":"Hasta Raporu Di\u015f Tedavisi \u0130stanbul&#8217;da"},"content":{"rendered":"\n<p><strong>\u0130stanbul&#8217;da Di\u015f Tedavisi Hasta Raporu<\/strong><\/p>\n\n\n\n<p>2010 y\u0131l\u0131nda T\u00fcrkiye&#8217;deki g\u00f6z lazer tedavileriyle ilgili bir TV haberinden sonra, internette bir \u0130svi\u00e7reli arac\u0131y\u0131 ara\u015ft\u0131rmaya ba\u015flad\u0131m. Birka\u00e7 hafta sonra Z\u00fcrich&#8217;te bir fuara kat\u0131ld\u0131m ve Swisslasik\/<a href=\"https:\/\/medicaltravel.ch\/tr\/\" data-type=\"link\" data-id=\"https:\/\/medicaltravel.ch\/tr\/\">Medicaltravel <\/a>ile tan\u0131\u015ft\u0131m. \u0130svi\u00e7re&#8217;de tam bir g\u00f6z muayenesi yap\u0131ld\u0131ktan sonra, birka\u00e7 hafta i\u00e7inde T\u00fcrkiye&#8217;ye seyahat edebildim.  <\/p>\n\n\n\n<p>Havaalan\u0131nda al\u0131nd\u0131m ve otele g\u00f6t\u00fcr\u00fcld\u00fcm, ertesi sabah Almanca konu\u015fan bir terc\u00fcman beni klini\u011fe g\u00f6t\u00fcrd\u00fc. G\u00f6zler tekrar tamamen test edildi (her \u015fey yolundayd\u0131), \u00f6\u011fle yeme\u011finden sonra lazer tedavisi ba\u015flad\u0131. \u201cAmeliyat\u201d birka\u00e7 dakika i\u00e7inde ba\u015far\u0131yla tamamland\u0131, ard\u0131ndan k\u0131sa bir s\u00fcre karanl\u0131k bir odada dinlendim ve her \u015feyin yolunda olup olmad\u0131\u011f\u0131 kontrol edildi. Ertesi sabah g\u00f6zler tekrar doktora kontrol ettirildi, tedavi ba\u015far\u0131yla tamamlanm\u0131\u015ft\u0131. \u0130svi\u00e7re\u2019de 2 kez daha kontrol i\u00e7in gittim, her \u015feyin d\u00fczg\u00fcn iyile\u015fip iyile\u015fmedi\u011fine bak\u0131ld\u0131, doktor \u00e7ok memnundu.    <\/p>\n\n\n\n<p>Art\u0131k 2019&#8217;un sonlar\u0131 ve Medicaltravel ile 3. yolculu\u011fuma \u00e7\u0131k\u0131yorum&#8230; Bu sefer, y\u0131lba\u015f\u0131 \u00f6ncesi \u0130stanbul&#8217;a di\u015f tedavisi i\u00e7in gittim. Seyahatten \u00f6nce Z\u00fcrich&#8217;te di\u015f hekimiyle tan\u0131\u015ft\u0131m, di\u015flerim 3D g\u00f6r\u00fcnt\u00fcyle r\u00f6ntgeni \u00e7ekildi ve her \u015fey konu\u015fuldu. Birka\u00e7 g\u00fcn sonra bir maliyet teklifi ald\u0131m ve Medicaltravel her \u015feyi benim i\u00e7in organize etti.  <\/p>\n\n\n\n<p>Di\u015f hekimi ayn\u0131 zamanda Z\u00fcrich&#8217;te \u00e7al\u0131\u015f\u0131yor (\u0130stanbul ile Z\u00fcrich aras\u0131nda gidip geliyor), bu y\u00fczden \u00f6zellikle \u0130svi\u00e7re Almancas\u0131 da konu\u015fuyor, \u00e7ok sempatik birisi ve \u00e7ok titiz \u00e7al\u0131\u015f\u0131yor.<\/p>\n\n\n\n<p>2-3 hafta sonra \u0130stanbul&#8217;a u\u00e7tum ve havaalan\u0131nda kar\u015f\u0131land\u0131m, ard\u0131ndan otele g\u00f6t\u00fcr\u00fcld\u00fcm. \u00d6\u011fleden sonra serbest zaman\u0131m vard\u0131 ve \u015fehirde biraz y\u00fcr\u00fcy\u00fc\u015f yapma f\u0131rsat\u0131m oldu. Ertesi g\u00fcn ayn\u0131 \u015fof\u00f6r beni klini\u011fe g\u00f6t\u00fcrd\u00fc, <a href=\"https:\/\/medicaltravel.ch\/tr\/disci-gezileri\/dis-klinikleri\/istanbuldaki-swiss-dis-klinigi\/\" data-type=\"link\" data-id=\"https:\/\/medicaltravel.ch\/zahnimplantate\/zahnkliniken\/swiss-dentalklinik-istanbul\/\">di\u015f hekimli\u011fi muayenehanesi<\/a> modern bir al\u0131\u015fveri\u015f merkezinde yer al\u0131yordu ve Z\u00fcrich&#8217;teki gibi g\u00f6r\u00fcn\u00fcyordu.  <\/p>\n\n\n\n<p><\/p>\n\n\n\n<p>Di\u015f tedavisi \u00e7ok iyi ge\u00e7ti, bende 5 di\u015fim &#8220;onar\u0131ld\u0131&#8221;, annemde ise biraz daha fazla di\u015f tedavi edildi.<\/p>\n\n\n\n<p>Bayan Dizdar \u00e7ok titiz ve sakin \u00e7al\u0131\u015ft\u0131, sonunda her \u015fey defalarca kontrol edildi ve r\u00f6ntgeni \u00e7ekildi, b\u00f6ylece her \u015feyin ger\u00e7ekten iyi oldu\u011fundan emin olundu.<\/p>\n\n\n\n<p>Bu ek r\u00f6ntgenler de \u00fccretlendirilmedi, T\u00fcrkiye&#8217;de hizmet \u00e7ok daha iyi, burada ger\u00e7ekten \u00e7ok c\u00f6mertler!<br>Bu sefer \u0130stanbul&#8217;da 7 g\u00fcn kald\u0131m\u2014 tedaviler i\u00e7in bu kadar s\u00fcre gerekli olmasa da, bu g\u00fczel \u015fehri biraz daha fazla ke\u015ffetme f\u0131rsat\u0131m oldu.<\/p>\n\n\n\n<p>G\u00f6r\u00fclmeye de\u011fer \u00e7ok \u015fey var, \u015fehir \u00e7ok modern ve bat\u0131ya y\u00f6nelik, burada kendinizi biraz \u0130svi\u00e7re&#8217;nin b\u00fcy\u00fck \u015fehirlerinde gibi hissediyorsunuz&#8230; H&amp;M, Mediamarkt, Deichmann gibi bir\u00e7ok \u00fcnl\u00fc ma\u011faza zinciri var, ama ayn\u0131 zamanda pek \u00e7ok geleneksel d\u00fckkan da bulunuyor, olduk\u00e7a renkli bir kar\u0131\u015f\u0131m. Yemek ve biraz al\u0131\u015fveri\u015f\/giri\u015f \u00fccretleri i\u00e7in 1 hafta boyunca 100 CHF yeterli oldu.<\/p>\n\n\n\n<p>Nerede yemek yedi\u011finize ba\u011fl\u0131 olarak, \u00f6rne\u011fin 1-2 CHF&#8217;ye d\u00f6ner, bal\u0131k ekme\u011fi gibi \u015feyler bulunabiliyor. <\/p>\n\n\n\n<p>\u0130stiklal Caddesi&#8217;nde \u00e7ok say\u0131da restoran var, bunlar genellikle biraz daha &#8220;\u015f\u0131k&#8221; ancak 2 ki\u015filik bir men\u00fc, tatl\u0131 dahil, bah\u015fi\u015fle birlikte 20 CHF&#8217;yi bile ge\u00e7medi\u2014 ki bah\u015fi\u015f vermeyi de \u00e7ok seviyorum.  <\/p>\n\n\n\n<p>Bu arada, g\u00f6z klini\u011fine tekrar gidebildim, kontrol muayenesi \u00fccretsizdi.<br><\/p>\n\n\n\n<p>Genel De\u011ferlendirme:<br>\u2013 3 farkl\u0131 otel her zaman temizdi, kahvalt\u0131 olduk\u00e7a zengindi ve otel ekibi \u00e7ok nazikti.<br>\u2013 Gezilecek yerler veya al\u0131\u015fveri\u015f (\u00e7ar\u015f\u0131, al\u0131\u015fveri\u015f merkezleri) i\u00e7in 2, 3 veya daha fazla g\u00fcn eklemek kesinlikle de\u011fiyor.<br>\u2013 \u0130nsanlar a\u00e7\u0131k fikirli ve dost\u00e7a.<br>\u2013 Modern klinikler, arkada\u015f\u00e7a insanlar, \u0130svi\u00e7re&#8217;den daha iyi denebilir\u2014 kesinlikle daha k\u00f6t\u00fc de\u011fil!<br>\u2013 \u015eehir \u00e7ok temiz\u2014 her g\u00fcn temizlik yap\u0131l\u0131yor.<br>\u2013 \u0130stanbul&#8217;daki yeni havaalan\u0131 modern ve personel size yard\u0131mc\u0131 oluyor.<br>\u2013 \u00dcst\u00fcn kaliteli i\u015fler, \u00e7ok uygun fiyatlarla.<\/p>\n\n\n\n<p>Annemi 2010&#8217;da T\u00fcrkiye hakk\u0131nda endi\u015feleri, \u00f6nyarg\u0131lar\u0131 ve korkular\u0131 vard\u0131. \u015eimdi ise \u0130stanbul&#8217;a 4. kez gitti ve hayran\u0131 oldu. Kesinlikle geri d\u00f6nece\u011fiz!<\/p>\n\n\n\n<p>Benjamin Geiger<\/p>\n\n\n\n<div class=\"wp-block-group is-layout-grid wp-container-core-group-is-layout-baef362d wp-block-group-is-layout-grid\">\n<p><a href=\"https:\/\/medicaltravel.at\/home\/agb\/\" data-type=\"page\" data-id=\"2191\" rel=\"nofollow noopener\" target=\"_blank\"><\/a><a href=\"https:\/\/medicaltravel.ch\/tr\/hasta-raporlari\/referanslar-tavsiyeler-tedaviler-degerlendirmeler-turkiye-istanbul\/istanbulda-dis-implantlari-hakkinda-hasta-raporu\/\" data-type=\"link\" data-id=\"https:\/\/medicaltravel.ch\/tr\/hasta-raporlari\/referanslar-tavsiyeler-tedaviler-degerlendirmeler-turkiye-istanbul\/istanbulda-dis-implantlari-hakkinda-hasta-raporu\/\">\u00d6nceki rapor<\/a><\/p>\n\n\n\n<p class=\"has-text-align-right wp-container-content-5e2576f9\"><a href=\"https:\/\/medicaltravel.at\/home\/impressum\/\" data-type=\"page\" data-id=\"2193\" rel=\"nofollow noopener\" target=\"_blank\"><\/a><a href=\"https:\/\/medicaltravel.at\/home\/berichte-von-patienten\/erfahrungsberichte\/erfahrungsbericht-zahnbehandlung-in-istanbul\/\" data-type=\"page\" data-id=\"981\" rel=\"nofollow noopener\" target=\"_blank\"><\/a><a href=\"https:\/\/medicaltravel.ch\/tr\/hasta-raporlari\/referanslar-tavsiyeler-tedaviler-degerlendirmeler-turkiye-istanbul\/deneyim-raporu-istanbulda-burun-ameliyati\/\" data-type=\"link\" data-id=\"https:\/\/medicaltravel.ch\/tr\/hasta-raporlari\/referanslar-tavsiyeler-tedaviler-degerlendirmeler-turkiye-istanbul\/deneyim-raporu-istanbulda-burun-ameliyati\/\">Bir sonraki rapor<\/a><\/p>\n<\/div>\n","protected":false},"excerpt":{"rendered":"<p>\u0130stanbul&#8217;da Di\u015f Tedavisi Hasta Raporu 2010 y\u0131l\u0131nda T\u00fcrkiye&#8217;deki g\u00f6z lazer tedavileriyle ilgili bir TV haberinden sonra, internette bir \u0130svi\u00e7reli arac\u0131y\u0131 ara\u015ft\u0131rmaya ba\u015flad\u0131m. Birka\u00e7 hafta sonra Z\u00fcrich&#8217;te bir fuara kat\u0131ld\u0131m ve Swisslasik\/Medicaltravel ile tan\u0131\u015ft\u0131m. \u0130svi\u00e7re&#8217;de tam bir g\u00f6z muayenesi yap\u0131ld\u0131ktan sonra, birka\u00e7 hafta i\u00e7inde T\u00fcrkiye&#8217;ye seyahat edebildim. Havaalan\u0131nda al\u0131nd\u0131m ve otele g\u00f6t\u00fcr\u00fcld\u00fcm, ertesi sabah Almanca konu\u015fan bir terc\u00fcman beni klini\u011fe g\u00f6t\u00fcrd\u00fc. G\u00f6zler tekrar tamamen test edildi (her \u015fey yolundayd\u0131), \u00f6\u011fle yeme\u011finden sonra lazer tedavisi ba\u015flad\u0131. \u201cAmeliyat\u201d birka\u00e7 dakika i\u00e7inde ba\u015far\u0131yla tamamland\u0131, ard\u0131ndan k\u0131sa bir s\u00fcre karanl\u0131k bir odada dinlendim ve her \u015feyin yolunda olup olmad\u0131\u011f\u0131 kontrol edildi. Ertesi sabah g\u00f6zler tekrar doktora kontrol ettirildi, tedavi ba\u015far\u0131yla tamamlanm\u0131\u015ft\u0131. \u0130svi\u00e7re\u2019de 2 kez daha kontrol i\u00e7in gittim, her \u015feyin d\u00fczg\u00fcn iyile\u015fip iyile\u015fmedi\u011fine bak\u0131ld\u0131, doktor \u00e7ok memnundu. Art\u0131k 2019&#8217;un sonlar\u0131 ve Medicaltravel ile 3. yolculu\u011fuma \u00e7\u0131k\u0131yorum&#8230; Bu sefer, y\u0131lba\u015f\u0131 \u00f6ncesi \u0130stanbul&#8217;a di\u015f tedavisi i\u00e7in gittim. Seyahatten \u00f6nce Z\u00fcrich&#8217;te di\u015f hekimiyle tan\u0131\u015ft\u0131m, di\u015flerim 3D g\u00f6r\u00fcnt\u00fcyle r\u00f6ntgeni \u00e7ekildi ve her \u015fey konu\u015fuldu. Birka\u00e7 g\u00fcn sonra bir maliyet teklifi ald\u0131m ve Medicaltravel her \u015feyi benim i\u00e7in organize etti. Di\u015f hekimi ayn\u0131 zamanda Z\u00fcrich&#8217;te \u00e7al\u0131\u015f\u0131yor (\u0130stanbul ile Z\u00fcrich aras\u0131nda gidip geliyor), bu y\u00fczden \u00f6zellikle \u0130svi\u00e7re Almancas\u0131 da konu\u015fuyor, \u00e7ok sempatik birisi ve \u00e7ok titiz \u00e7al\u0131\u015f\u0131yor. 2-3 hafta sonra \u0130stanbul&#8217;a u\u00e7tum ve havaalan\u0131nda kar\u015f\u0131land\u0131m, ard\u0131ndan otele g\u00f6t\u00fcr\u00fcld\u00fcm. \u00d6\u011fleden sonra serbest zaman\u0131m vard\u0131 ve \u015fehirde biraz y\u00fcr\u00fcy\u00fc\u015f yapma f\u0131rsat\u0131m oldu. Ertesi g\u00fcn ayn\u0131 \u015fof\u00f6r beni klini\u011fe g\u00f6t\u00fcrd\u00fc, di\u015f hekimli\u011fi muayenehanesi modern bir al\u0131\u015fveri\u015f merkezinde yer al\u0131yordu ve Z\u00fcrich&#8217;teki gibi g\u00f6r\u00fcn\u00fcyordu. Di\u015f tedavisi \u00e7ok iyi ge\u00e7ti, bende 5 di\u015fim &#8220;onar\u0131ld\u0131&#8221;, annemde ise biraz daha fazla di\u015f tedavi edildi. Bayan Dizdar \u00e7ok titiz ve sakin \u00e7al\u0131\u015ft\u0131, sonunda her \u015fey defalarca kontrol edildi ve r\u00f6ntgeni \u00e7ekildi, b\u00f6ylece her \u015feyin ger\u00e7ekten iyi oldu\u011fundan emin olundu. Bu ek r\u00f6ntgenler de \u00fccretlendirilmedi, T\u00fcrkiye&#8217;de hizmet \u00e7ok daha iyi, burada ger\u00e7ekten \u00e7ok c\u00f6mertler!Bu sefer \u0130stanbul&#8217;da 7 g\u00fcn kald\u0131m\u2014 tedaviler i\u00e7in bu kadar s\u00fcre gerekli olmasa da, bu g\u00fczel \u015fehri biraz daha fazla ke\u015ffetme f\u0131rsat\u0131m oldu. G\u00f6r\u00fclmeye de\u011fer \u00e7ok \u015fey var, \u015fehir \u00e7ok modern ve bat\u0131ya y\u00f6nelik, burada kendinizi biraz \u0130svi\u00e7re&#8217;nin b\u00fcy\u00fck \u015fehirlerinde gibi hissediyorsunuz&#8230; H&amp;M, Mediamarkt, Deichmann gibi bir\u00e7ok \u00fcnl\u00fc ma\u011faza zinciri var, ama ayn\u0131 zamanda pek \u00e7ok geleneksel d\u00fckkan da bulunuyor, olduk\u00e7a renkli bir kar\u0131\u015f\u0131m. Yemek ve biraz al\u0131\u015fveri\u015f\/giri\u015f \u00fccretleri i\u00e7in 1 hafta boyunca 100 CHF yeterli oldu. Nerede yemek yedi\u011finize ba\u011fl\u0131 olarak, \u00f6rne\u011fin 1-2 CHF&#8217;ye d\u00f6ner, bal\u0131k ekme\u011fi gibi \u015feyler bulunabiliyor. \u0130stiklal Caddesi&#8217;nde \u00e7ok say\u0131da restoran var, bunlar genellikle biraz daha &#8220;\u015f\u0131k&#8221; ancak 2 ki\u015filik bir men\u00fc, tatl\u0131 dahil, bah\u015fi\u015fle birlikte 20 CHF&#8217;yi bile ge\u00e7medi\u2014 ki bah\u015fi\u015f vermeyi de \u00e7ok seviyorum. Bu arada, g\u00f6z klini\u011fine tekrar gidebildim, kontrol muayenesi \u00fccretsizdi. Genel De\u011ferlendirme:\u2013 3 farkl\u0131 otel her zaman temizdi, kahvalt\u0131 olduk\u00e7a zengindi ve otel ekibi \u00e7ok nazikti.\u2013 Gezilecek yerler veya al\u0131\u015fveri\u015f (\u00e7ar\u015f\u0131, al\u0131\u015fveri\u015f merkezleri) i\u00e7in 2, 3 veya daha fazla g\u00fcn eklemek kesinlikle de\u011fiyor.\u2013 \u0130nsanlar a\u00e7\u0131k fikirli ve dost\u00e7a.\u2013 Modern klinikler, arkada\u015f\u00e7a insanlar, \u0130svi\u00e7re&#8217;den daha iyi denebilir\u2014 kesinlikle daha k\u00f6t\u00fc de\u011fil!\u2013 \u015eehir \u00e7ok temiz\u2014 her g\u00fcn temizlik yap\u0131l\u0131yor.\u2013 \u0130stanbul&#8217;daki yeni havaalan\u0131 modern ve personel size yard\u0131mc\u0131 oluyor.\u2013 \u00dcst\u00fcn kaliteli i\u015fler, \u00e7ok uygun fiyatlarla. Annemi 2010&#8217;da T\u00fcrkiye hakk\u0131nda endi\u015feleri, \u00f6nyarg\u0131lar\u0131 ve korkular\u0131 vard\u0131. \u015eimdi ise \u0130stanbul&#8217;a 4. kez gitti ve hayran\u0131 oldu. Kesinlikle geri d\u00f6nece\u011fiz! Benjamin Geiger \u00d6nceki rapor Bir sonraki rapor<\/p>\n","protected":false},"author":4,"featured_media":0,"parent":4587,"menu_order":0,"comment_status":"closed","ping_status":"closed","template":"","meta":{"_joinchat":[],"footnotes":""},"class_list":["post-4783","page","type-page","status-publish","hentry"],"acf":[],"_links":{"self":[{"href":"https:\/\/medicaltravel.ch\/tr\/wp-json\/wp\/v2\/pages\/4783","targetHints":{"allow":["GET"]}}],"collection":[{"href":"https:\/\/medicaltravel.ch\/tr\/wp-json\/wp\/v2\/pages"}],"about":[{"href":"https:\/\/medicaltravel.ch\/tr\/wp-json\/wp\/v2\/types\/page"}],"author":[{"embeddable":true,"href":"https:\/\/medicaltravel.ch\/tr\/wp-json\/wp\/v2\/users\/4"}],"replies":[{"embeddable":true,"href":"https:\/\/medicaltravel.ch\/tr\/wp-json\/wp\/v2\/comments?post=4783"}],"version-history":[{"count":0,"href":"https:\/\/medicaltravel.ch\/tr\/wp-json\/wp\/v2\/pages\/4783\/revisions"}],"up":[{"embeddable":true,"href":"https:\/\/medicaltravel.ch\/tr\/wp-json\/wp\/v2\/pages\/4587"}],"wp:attachment":[{"href":"https:\/\/medicaltravel.ch\/tr\/wp-json\/wp\/v2\/media?parent=4783"}],"curies":[{"name":"wp","href":"https:\/\/api.w.org\/{rel}","templated":true}]}}