{"id":4785,"date":"2025-09-23T16:51:08","date_gmt":"2025-09-23T15:51:08","guid":{"rendered":"https:\/\/medicaltravel.ch\/hasta-raporlari\/erfahrungsberichte-empfehlungen-behandlungen-beurteilung-tuerkei-istanbul\/istanbulda-dis-implantlari-hakkinda-hasta-raporu\/"},"modified":"2026-01-12T17:54:09","modified_gmt":"2026-01-12T16:54:09","slug":"istanbulda-dis-implantlari-hakkinda-hasta-raporu","status":"publish","type":"page","link":"https:\/\/medicaltravel.ch\/tr\/hasta-raporlari\/referanslar-tavsiyeler-tedaviler-degerlendirmeler-turkiye-istanbul\/istanbulda-dis-implantlari-hakkinda-hasta-raporu\/","title":{"rendered":"\u0130stanbul&#8217;da di\u015f implantlar\u0131 hakk\u0131nda hasta raporu"},"content":{"rendered":"\n<p><strong>\u0130stanbul&#8217;da di\u015f implantlar\u0131 hakk\u0131nda hasta raporu<\/strong><\/p>\n\n\n\n<p>\u00c7ok iyi bir meslekta\u015f\u0131mdan ilk kez T\u00fcrkiye&#8217;de di\u015f tedavilerinin, yabanc\u0131lar i\u00e7in de \u00e7ok y\u00fcksek bir seviyede sunuldu\u011funu duydum.<\/p>\n\n\n\n<p>Merakla 1:1 deneyim raporlar\u0131n\u0131 dinledim. \u00c7o\u011ful yaz\u0131yorum \u00e7\u00fcnk\u00fc birden fazla aile \u00fcyesi \u0130stanbul&#8217;da di\u015f tedavisi yapt\u0131rm\u0131\u015ft\u0131. Sonu\u00e7lar \u00e7ok iyi oldu ve hi\u00e7bir problem ya\u015fanmad\u0131.  <\/p>\n\n\n\n<p>Derinlemesine d\u00fc\u015f\u00fcnd\u00fckten sonra, \u0130svi\u00e7re&#8217;de bir dan\u0131\u015fmanl\u0131k randevusu almaya karar verdim.<\/p>\n\n\n\n<p>Dan\u0131\u015fmanl\u0131k s\u0131ras\u0131nda, Say\u0131n Kara taraf\u0131ndan \u00e7ok s\u0131cak ve samimi bir \u015fekilde kar\u015f\u0131land\u0131m. Bekleme odas\u0131nda ge\u00e7irdi\u011fim birka\u00e7 dakika boyunca, orada bulunan ve daha \u00f6nce T\u00fcrkiye&#8217;ye gitmi\u015f olan hastalardan yaln\u0131zca olumlu geri bildirimler ald\u0131m. <\/p>\n\n\n\n<p>Birka\u00e7 dakika sonra, Doktor Han\u0131m beni muayene odas\u0131nda kar\u015f\u0131lad\u0131. Talebimi kendisine anlatt\u0131m. Di\u015f hekimi, yap\u0131lmas\u0131 gerekenler ve yap\u0131labilecek i\u015flemler hakk\u0131nda beni bilgilendirdi. Uygulama s\u00fcrecini a\u00e7\u0131klad\u0131 ve kullan\u0131lacak malzemeler hakk\u0131nda bilgi vererek, avantajlar\u0131 ve dezavantajlar\u0131yla birlikte fiyatlar\u0131 da a\u00e7\u0131klad\u0131. K\u0131sacas\u0131: profesyonel, a\u00e7\u0131k ve \u015feffaf bir dan\u0131\u015fmanl\u0131k, hi\u00e7bir zaman bask\u0131s\u0131 olmadan. Doktor Han\u0131m m\u00fckemmel derecede \u0130ngilizce ve Almanca konu\u015fuyor, yani dil bariyerleri yok.      <\/p>\n\n\n\n<p>A\u011f\u0131z yoluyla verilen teklife memnun bir \u015fekilde evime d\u00f6nd\u00fcm. \u0130ki g\u00fcn sonra, teklifi yaz\u0131l\u0131 olarak e-posta yoluyla ald\u0131m. <\/p>\n\n\n\n<p>Ayn\u0131 hafta, Seyin Kara ile do\u011frudan seyahatimi rezervasyon yapt\u0131m. \u0130lk seyahatimi Temmuz 2019&#8217;da ger\u00e7ekle\u015ftirdim. Dr. Han\u0131m beni samimi bir \u015fekilde kar\u015f\u0131lad\u0131. Ard\u0131ndan beni meslekta\u015f\u0131 Dr. Bey ile tan\u0131\u015ft\u0131rd\u0131. O da bana implant\u0131, daha \u00f6nce hi\u00e7 deneyimlemedi\u011fim bir \u015fekilde yerle\u015ftirdi. \u0130mplant yerle\u015ftirilirken her ad\u0131m\u0131 bana \u00f6nceden a\u00e7\u0131klad\u0131. Sonras\u0131nda \u00e7ok hassas bir \u015fekilde i\u015flemi ger\u00e7ekle\u015ftirdi. Yakla\u015f\u0131k yar\u0131m saat i\u00e7inde her \u015fey tamamland\u0131 ve taburcu oldum. Her \u015fey planland\u0131\u011f\u0131 gibi ilerledi.        <\/p>\n\n\n\n<p>Kas\u0131m ay\u0131nda, ikinci kez \u0130stanbul&#8217;a gidip kronumu yapt\u0131rmak ve takt\u0131rmak i\u00e7in seyahat ettim. Burada da t\u00fcm ekip taraf\u0131ndan s\u0131cak bir \u015fekilde kar\u015f\u0131land\u0131m ve m\u00fckemmel bir hizmet ald\u0131m. <\/p>\n\n\n\n<p>\u0130stanbul&#8217;daki di\u015f hekimleri harika bir i\u015f \u00e7\u0131kard\u0131lar. Onlar\u0131 kesinlikle tavsiye edebilirim, t\u0131pk\u0131 MedicalTravel&#8217;\u0131n sundu\u011fu hizmetler gibi. <\/p>\n\n\n\n<p>Ayr\u0131ca Say\u0131n Kara ve ekibine de te\u015fekk\u00fcrlerimi iletmek istiyorum. Her \u015fey \u00e7ok memnuniyet verici bir \u015fekilde ger\u00e7ekle\u015fti. <\/p>\n\n\n\n<p>Herkese \u00e7ok te\u015fekk\u00fcrler ve en iyi dileklerimle,<br>Rolf Rutzer, 13 Ocak 2020<\/p>\n\n\n\n<div class=\"wp-block-group is-layout-grid wp-container-core-group-is-layout-baef362d wp-block-group-is-layout-grid\">\n<p><a href=\"https:\/\/medicaltravel.at\/home\/agb\/\" data-type=\"page\" data-id=\"2191\" rel=\"nofollow noopener\" target=\"_blank\"><\/a><a href=\"https:\/\/medicaltravel.ch\/tr\/hasta-raporlari\/referanslar-tavsiyeler-tedaviler-degerlendirmeler-turkiye-istanbul\/deneyim-raporu-istanbulda-meme-bueyuetme-tuerkiye\/\" data-type=\"link\" data-id=\"https:\/\/medicaltravel.ch\/tr\/hasta-raporlari\/referanslar-tavsiyeler-tedaviler-degerlendirmeler-turkiye-istanbul\/deneyim-raporu-istanbulda-meme-bueyuetme-tuerkiye\/\">\u00d6nceki rapor<\/a><\/p>\n\n\n\n<p class=\"has-text-align-right wp-container-content-5e2576f9\"><a href=\"https:\/\/medicaltravel.at\/home\/impressum\/\" data-type=\"page\" data-id=\"2193\" rel=\"nofollow noopener\" target=\"_blank\"><\/a><a href=\"https:\/\/medicaltravel.at\/home\/berichte-von-patienten\/erfahrungsberichte\/erfahrungsbericht-zahnbehandlung-in-istanbul\/\" data-type=\"page\" data-id=\"981\" rel=\"nofollow noopener\" target=\"_blank\"><\/a><a href=\"https:\/\/medicaltravel.ch\/tr\/hasta-raporlari\/referanslar-tavsiyeler-tedaviler-degerlendirmeler-turkiye-istanbul\/hasta-raporu-dis-tedavisi-istanbulda\/\" data-type=\"link\" data-id=\"https:\/\/medicaltravel.ch\/tr\/hasta-raporlari\/referanslar-tavsiyeler-tedaviler-degerlendirmeler-turkiye-istanbul\/hasta-raporu-dis-tedavisi-istanbulda\/\">Bir sonraki rapor<\/a><\/p>\n<\/div>\n","protected":false},"excerpt":{"rendered":"<p>\u0130stanbul&#8217;da di\u015f implantlar\u0131 hakk\u0131nda hasta raporu \u00c7ok iyi bir meslekta\u015f\u0131mdan ilk kez T\u00fcrkiye&#8217;de di\u015f tedavilerinin, yabanc\u0131lar i\u00e7in de \u00e7ok y\u00fcksek bir seviyede sunuldu\u011funu duydum. Merakla 1:1 deneyim raporlar\u0131n\u0131 dinledim. \u00c7o\u011ful yaz\u0131yorum \u00e7\u00fcnk\u00fc birden fazla aile \u00fcyesi \u0130stanbul&#8217;da di\u015f tedavisi yapt\u0131rm\u0131\u015ft\u0131. Sonu\u00e7lar \u00e7ok iyi oldu ve hi\u00e7bir problem ya\u015fanmad\u0131. Derinlemesine d\u00fc\u015f\u00fcnd\u00fckten sonra, \u0130svi\u00e7re&#8217;de bir dan\u0131\u015fmanl\u0131k randevusu almaya karar verdim. Dan\u0131\u015fmanl\u0131k s\u0131ras\u0131nda, Say\u0131n Kara taraf\u0131ndan \u00e7ok s\u0131cak ve samimi bir \u015fekilde kar\u015f\u0131land\u0131m. Bekleme odas\u0131nda ge\u00e7irdi\u011fim birka\u00e7 dakika boyunca, orada bulunan ve daha \u00f6nce T\u00fcrkiye&#8217;ye gitmi\u015f olan hastalardan yaln\u0131zca olumlu geri bildirimler ald\u0131m. Birka\u00e7 dakika sonra, Doktor Han\u0131m beni muayene odas\u0131nda kar\u015f\u0131lad\u0131. Talebimi kendisine anlatt\u0131m. Di\u015f hekimi, yap\u0131lmas\u0131 gerekenler ve yap\u0131labilecek i\u015flemler hakk\u0131nda beni bilgilendirdi. Uygulama s\u00fcrecini a\u00e7\u0131klad\u0131 ve kullan\u0131lacak malzemeler hakk\u0131nda bilgi vererek, avantajlar\u0131 ve dezavantajlar\u0131yla birlikte fiyatlar\u0131 da a\u00e7\u0131klad\u0131. K\u0131sacas\u0131: profesyonel, a\u00e7\u0131k ve \u015feffaf bir dan\u0131\u015fmanl\u0131k, hi\u00e7bir zaman bask\u0131s\u0131 olmadan. Doktor Han\u0131m m\u00fckemmel derecede \u0130ngilizce ve Almanca konu\u015fuyor, yani dil bariyerleri yok. A\u011f\u0131z yoluyla verilen teklife memnun bir \u015fekilde evime d\u00f6nd\u00fcm. \u0130ki g\u00fcn sonra, teklifi yaz\u0131l\u0131 olarak e-posta yoluyla ald\u0131m. Ayn\u0131 hafta, Seyin Kara ile do\u011frudan seyahatimi rezervasyon yapt\u0131m. \u0130lk seyahatimi Temmuz 2019&#8217;da ger\u00e7ekle\u015ftirdim. Dr. Han\u0131m beni samimi bir \u015fekilde kar\u015f\u0131lad\u0131. Ard\u0131ndan beni meslekta\u015f\u0131 Dr. Bey ile tan\u0131\u015ft\u0131rd\u0131. O da bana implant\u0131, daha \u00f6nce hi\u00e7 deneyimlemedi\u011fim bir \u015fekilde yerle\u015ftirdi. \u0130mplant yerle\u015ftirilirken her ad\u0131m\u0131 bana \u00f6nceden a\u00e7\u0131klad\u0131. Sonras\u0131nda \u00e7ok hassas bir \u015fekilde i\u015flemi ger\u00e7ekle\u015ftirdi. Yakla\u015f\u0131k yar\u0131m saat i\u00e7inde her \u015fey tamamland\u0131 ve taburcu oldum. Her \u015fey planland\u0131\u011f\u0131 gibi ilerledi. Kas\u0131m ay\u0131nda, ikinci kez \u0130stanbul&#8217;a gidip kronumu yapt\u0131rmak ve takt\u0131rmak i\u00e7in seyahat ettim. Burada da t\u00fcm ekip taraf\u0131ndan s\u0131cak bir \u015fekilde kar\u015f\u0131land\u0131m ve m\u00fckemmel bir hizmet ald\u0131m. \u0130stanbul&#8217;daki di\u015f hekimleri harika bir i\u015f \u00e7\u0131kard\u0131lar. Onlar\u0131 kesinlikle tavsiye edebilirim, t\u0131pk\u0131 MedicalTravel&#8217;\u0131n sundu\u011fu hizmetler gibi. Ayr\u0131ca Say\u0131n Kara ve ekibine de te\u015fekk\u00fcrlerimi iletmek istiyorum. Her \u015fey \u00e7ok memnuniyet verici bir \u015fekilde ger\u00e7ekle\u015fti. Herkese \u00e7ok te\u015fekk\u00fcrler ve en iyi dileklerimle,Rolf Rutzer, 13 Ocak 2020 \u00d6nceki rapor Bir sonraki rapor<\/p>\n","protected":false},"author":4,"featured_media":0,"parent":4587,"menu_order":0,"comment_status":"closed","ping_status":"closed","template":"","meta":{"_joinchat":[],"footnotes":""},"class_list":["post-4785","page","type-page","status-publish","hentry"],"acf":[],"_links":{"self":[{"href":"https:\/\/medicaltravel.ch\/tr\/wp-json\/wp\/v2\/pages\/4785","targetHints":{"allow":["GET"]}}],"collection":[{"href":"https:\/\/medicaltravel.ch\/tr\/wp-json\/wp\/v2\/pages"}],"about":[{"href":"https:\/\/medicaltravel.ch\/tr\/wp-json\/wp\/v2\/types\/page"}],"author":[{"embeddable":true,"href":"https:\/\/medicaltravel.ch\/tr\/wp-json\/wp\/v2\/users\/4"}],"replies":[{"embeddable":true,"href":"https:\/\/medicaltravel.ch\/tr\/wp-json\/wp\/v2\/comments?post=4785"}],"version-history":[{"count":2,"href":"https:\/\/medicaltravel.ch\/tr\/wp-json\/wp\/v2\/pages\/4785\/revisions"}],"predecessor-version":[{"id":6360,"href":"https:\/\/medicaltravel.ch\/tr\/wp-json\/wp\/v2\/pages\/4785\/revisions\/6360"}],"up":[{"embeddable":true,"href":"https:\/\/medicaltravel.ch\/tr\/wp-json\/wp\/v2\/pages\/4587"}],"wp:attachment":[{"href":"https:\/\/medicaltravel.ch\/tr\/wp-json\/wp\/v2\/media?parent=4785"}],"curies":[{"name":"wp","href":"https:\/\/api.w.org\/{rel}","templated":true}]}}