{"id":4787,"date":"2025-09-23T17:22:57","date_gmt":"2025-09-23T16:22:57","guid":{"rendered":"https:\/\/medicaltravel.ch\/hasta-raporlari\/erfahrungsberichte-empfehlungen-behandlungen-beurteilung-tuerkei-istanbul\/antalyada-uygulanan-ortodontik-tedaviye-iliskin-hasta-raporu\/"},"modified":"2026-01-12T19:04:56","modified_gmt":"2026-01-12T18:04:56","slug":"antalyada-uygulanan-ortodontik-tedaviye-iliskin-hasta-raporu","status":"publish","type":"page","link":"https:\/\/medicaltravel.ch\/tr\/hasta-raporlari\/referanslar-tavsiyeler-tedaviler-degerlendirmeler-turkiye-istanbul\/antalyada-uygulanan-ortodontik-tedaviye-iliskin-hasta-raporu\/","title":{"rendered":"Antalya&#8217;da uygulanan ortodontik tedaviye ili\u015fkin hasta raporu"},"content":{"rendered":"\n<p>Antalya&#8217;da ortodontik tedaviye ili\u015fkin hasta raporu \u2013 11 Eyl\u00fcl 2017 Pazartesi tarihli rapor<\/p>\n\n\n\n<p>Antalya&#8217;da uygulanan ortodontik tedaviye ili\u015fkin deneyim raporu<\/p>\n\n\n\n<p>Di\u015f a\u011fr\u0131lar\u0131 \u00e7ekiyordum ve bunlar\u0131 tedavi ettirmek istiyordum. Bu t\u00fcr bir tedavinin \u0130svi\u00e7re&#8217;de pahal\u0131 olaca\u011f\u0131n\u0131 biliyordum, bu y\u00fczden yurt d\u0131\u015f\u0131nda tedavi olma se\u00e7eneklerini ara\u015ft\u0131rd\u0131m. Tan\u0131d\u0131klar\u0131mdan, yurt d\u0131\u015f\u0131ndaki tedavilerin kalite a\u00e7\u0131s\u0131ndan tam olarak \u0130svi\u00e7re&#8217;deki gibi oldu\u011funu ve daha uygun fiyatlarla yap\u0131ld\u0131\u011f\u0131n\u0131 duymu\u015ftum.  <\/p>\n\n\n\n<p>\u0130nternette teklifler ara\u015ft\u0131rd\u0131ktan sonra, MedicalTravel&#8217;\u0131n teklifini ke\u015ffettim ve bu hemen ho\u015fuma gitti. MedicalTravel \u00e7ok ciddi bir duru\u015f sergiliyor ve sunduklar\u0131 hizmetler ger\u00e7ekten \u00e7ok iyi. <\/p>\n\n\n\n<p>MedicalTravel&#8217;\u0131n genel m\u00fcd\u00fcr\u00fc Say\u0131n Serdar Kara ile ileti\u015fime ge\u00e7tim ve k\u0131sa s\u00fcrede Antalya&#8217;da tedavi olmam i\u00e7in m\u00fckemmel bir teklif ald\u0131m. Randevular hemen ayarland\u0131 ve ben de Antalya&#8217;ya u\u00e7u\u015f ve orada bir otel rezervasyonu yapt\u0131m.<\/p>\n\n\n\n<p>Otel personeli \u00e7ok dost canl\u0131s\u0131yd\u0131 ve otel \u00e7ok temizdi. Kar\u015f\u0131lama servisi m\u00fckemmeldi ve di\u015f tedavisi i\u00e7in klini\u011fe sorunsuz bir \u015fekilde ula\u015ft\u0131m. Her \u015fey zaman\u0131nda ger\u00e7ekle\u015fti ve uzun s\u00fcre beklemek zorunda kalmad\u0131m. Bana pek \u00e7ok bilgi verildi ve tedavi s\u00fcreci Almanca olarak yap\u0131ld\u0131.  <\/p>\n\n\n\n<p>Sonu\u00e7 m\u00fckemmel oldu ve her \u015fey sorunsuz ve zaman\u0131nda ilerledi. Bana her \u015fey \u00e7ok detayl\u0131 bir \u015fekilde a\u00e7\u0131kland\u0131 ve hizmet \u00e7ok iyi ve zahmetsizdi.<\/p>\n\n\n\n<p>Antalya \u015fehri de \u00e7ok g\u00fczel ve k\u00fclt\u00fcrel a\u00e7\u0131dan pek \u00e7ok \u015fey sunuyor. \u015eehri tekrar ziyaret etmeyi d\u00fc\u015f\u00fcn\u00fcyorum ve herkese tavsiye ederim. <\/p>\n\n\n\n<p>Yurt d\u0131\u015f\u0131nda tedavi olmak ger\u00e7ekten \u00e7ok iyi, basit ve uygun fiyatl\u0131, bu y\u00fczden yurt d\u0131\u015f\u0131nda tedavi olmay\u0131 d\u00fc\u015f\u00fcnen herkese MedicalTravel&#8217;\u0131 tavsiye ediyorum.<\/p>\n\n\n\n<p>Ibtissam L\u00f6pfe<\/p>\n\n\n\n<div class=\"wp-block-group is-layout-grid wp-container-core-group-is-layout-baef362d wp-block-group-is-layout-grid\">\n<p><a href=\"https:\/\/medicaltravel.at\/home\/agb\/\" data-type=\"page\" data-id=\"2191\" rel=\"nofollow noopener\" target=\"_blank\"><\/a><a href=\"https:\/\/medicaltravel.ch\/tr\/hasta-raporlari\/referanslar-tavsiyeler-tedaviler-degerlendirmeler-turkiye-istanbul\/istanbuldaki-dis-kaplama-tedavimden-tamamen-memnun-kaldim\/\" data-type=\"link\" data-id=\"https:\/\/medicaltravel.ch\/tr\/hasta-raporlari\/referanslar-tavsiyeler-tedaviler-degerlendirmeler-turkiye-istanbul\/istanbuldaki-dis-kaplama-tedavimden-tamamen-memnun-kaldim\/\">\u00d6nceki rapor<\/a><\/p>\n\n\n\n<p class=\"has-text-align-right wp-container-content-5e2576f9\"><a href=\"https:\/\/medicaltravel.at\/home\/impressum\/\" data-type=\"page\" data-id=\"2193\" rel=\"nofollow noopener\" target=\"_blank\"><\/a><a href=\"https:\/\/medicaltravel.at\/home\/berichte-von-patienten\/erfahrungsberichte\/erfahrungsbericht-zahnbehandlung-in-istanbul\/\" data-type=\"page\" data-id=\"981\" rel=\"nofollow noopener\" target=\"_blank\"><\/a><a href=\"https:\/\/medicaltravel.ch\/tr\/hasta-raporlari\/referanslar-tavsiyeler-tedaviler-degerlendirmeler-turkiye-istanbul\/istanbulda-burun-duezeltme-islemim\/\" data-type=\"link\" data-id=\"https:\/\/medicaltravel.ch\/tr\/hasta-raporlari\/referanslar-tavsiyeler-tedaviler-degerlendirmeler-turkiye-istanbul\/istanbulda-burun-duezeltme-islemim\/\">Bir sonraki rapor<\/a><\/p>\n<\/div>\n","protected":false},"excerpt":{"rendered":"<p>Antalya&#8217;da ortodontik tedaviye ili\u015fkin hasta raporu \u2013 11 Eyl\u00fcl 2017 Pazartesi tarihli rapor Antalya&#8217;da uygulanan ortodontik tedaviye ili\u015fkin deneyim raporu Di\u015f a\u011fr\u0131lar\u0131 \u00e7ekiyordum ve bunlar\u0131 tedavi ettirmek istiyordum. Bu t\u00fcr bir tedavinin \u0130svi\u00e7re&#8217;de pahal\u0131 olaca\u011f\u0131n\u0131 biliyordum, bu y\u00fczden yurt d\u0131\u015f\u0131nda tedavi olma se\u00e7eneklerini ara\u015ft\u0131rd\u0131m. Tan\u0131d\u0131klar\u0131mdan, yurt d\u0131\u015f\u0131ndaki tedavilerin kalite a\u00e7\u0131s\u0131ndan tam olarak \u0130svi\u00e7re&#8217;deki gibi oldu\u011funu ve daha uygun fiyatlarla yap\u0131ld\u0131\u011f\u0131n\u0131 duymu\u015ftum. \u0130nternette teklifler ara\u015ft\u0131rd\u0131ktan sonra, MedicalTravel&#8217;\u0131n teklifini ke\u015ffettim ve bu hemen ho\u015fuma gitti. MedicalTravel \u00e7ok ciddi bir duru\u015f sergiliyor ve sunduklar\u0131 hizmetler ger\u00e7ekten \u00e7ok iyi. MedicalTravel&#8217;\u0131n genel m\u00fcd\u00fcr\u00fc Say\u0131n Serdar Kara ile ileti\u015fime ge\u00e7tim ve k\u0131sa s\u00fcrede Antalya&#8217;da tedavi olmam i\u00e7in m\u00fckemmel bir teklif ald\u0131m. Randevular hemen ayarland\u0131 ve ben de Antalya&#8217;ya u\u00e7u\u015f ve orada bir otel rezervasyonu yapt\u0131m. Otel personeli \u00e7ok dost canl\u0131s\u0131yd\u0131 ve otel \u00e7ok temizdi. Kar\u015f\u0131lama servisi m\u00fckemmeldi ve di\u015f tedavisi i\u00e7in klini\u011fe sorunsuz bir \u015fekilde ula\u015ft\u0131m. Her \u015fey zaman\u0131nda ger\u00e7ekle\u015fti ve uzun s\u00fcre beklemek zorunda kalmad\u0131m. Bana pek \u00e7ok bilgi verildi ve tedavi s\u00fcreci Almanca olarak yap\u0131ld\u0131. Sonu\u00e7 m\u00fckemmel oldu ve her \u015fey sorunsuz ve zaman\u0131nda ilerledi. Bana her \u015fey \u00e7ok detayl\u0131 bir \u015fekilde a\u00e7\u0131kland\u0131 ve hizmet \u00e7ok iyi ve zahmetsizdi. Antalya \u015fehri de \u00e7ok g\u00fczel ve k\u00fclt\u00fcrel a\u00e7\u0131dan pek \u00e7ok \u015fey sunuyor. \u015eehri tekrar ziyaret etmeyi d\u00fc\u015f\u00fcn\u00fcyorum ve herkese tavsiye ederim. Yurt d\u0131\u015f\u0131nda tedavi olmak ger\u00e7ekten \u00e7ok iyi, basit ve uygun fiyatl\u0131, bu y\u00fczden yurt d\u0131\u015f\u0131nda tedavi olmay\u0131 d\u00fc\u015f\u00fcnen herkese MedicalTravel&#8217;\u0131 tavsiye ediyorum. Ibtissam L\u00f6pfe \u00d6nceki rapor Bir sonraki rapor<\/p>\n","protected":false},"author":4,"featured_media":0,"parent":4587,"menu_order":0,"comment_status":"closed","ping_status":"closed","template":"","meta":{"_joinchat":[],"footnotes":""},"class_list":["post-4787","page","type-page","status-publish","hentry"],"acf":[],"_links":{"self":[{"href":"https:\/\/medicaltravel.ch\/tr\/wp-json\/wp\/v2\/pages\/4787","targetHints":{"allow":["GET"]}}],"collection":[{"href":"https:\/\/medicaltravel.ch\/tr\/wp-json\/wp\/v2\/pages"}],"about":[{"href":"https:\/\/medicaltravel.ch\/tr\/wp-json\/wp\/v2\/types\/page"}],"author":[{"embeddable":true,"href":"https:\/\/medicaltravel.ch\/tr\/wp-json\/wp\/v2\/users\/4"}],"replies":[{"embeddable":true,"href":"https:\/\/medicaltravel.ch\/tr\/wp-json\/wp\/v2\/comments?post=4787"}],"version-history":[{"count":0,"href":"https:\/\/medicaltravel.ch\/tr\/wp-json\/wp\/v2\/pages\/4787\/revisions"}],"up":[{"embeddable":true,"href":"https:\/\/medicaltravel.ch\/tr\/wp-json\/wp\/v2\/pages\/4587"}],"wp:attachment":[{"href":"https:\/\/medicaltravel.ch\/tr\/wp-json\/wp\/v2\/media?parent=4787"}],"curies":[{"name":"wp","href":"https:\/\/api.w.org\/{rel}","templated":true}]}}