{"id":4791,"date":"2025-09-23T15:09:48","date_gmt":"2025-09-23T14:09:48","guid":{"rendered":"https:\/\/medicaltravel.ch\/hasta-raporlari\/erfahrungsberichte-empfehlungen-behandlungen-beurteilung-tuerkei-istanbul\/hasta-yorumu-istanbulda-porselen-kaplamalarla-ortodontik-tedavi\/"},"modified":"2026-01-12T16:56:02","modified_gmt":"2026-01-12T15:56:02","slug":"hasta-yorumu-istanbulda-porselen-kaplamalarla-ortodontik-tedavi","status":"publish","type":"page","link":"https:\/\/medicaltravel.ch\/tr\/hasta-raporlari\/referanslar-tavsiyeler-tedaviler-degerlendirmeler-turkiye-istanbul\/hasta-yorumu-istanbulda-porselen-kaplamalarla-ortodontik-tedavi\/","title":{"rendered":"Hasta yorumu: \u0130stanbul&#8217;da porselen kaplamalarla ortodontik tedavi"},"content":{"rendered":"\n<p><strong>Hasta yorumu &#8211; Benim g\u00f6r\u00fc\u015f\u00fcm: \u0130stanbul&#8217;da MedicalTravel ile yap\u0131lan porselen kaplama tedavisi<\/strong><\/p>\n\n\n\n<p>Verdi\u011fin karar ger\u00e7ekten \u00e7ok d\u00fc\u015f\u00fcnd\u00fcr\u00fclerek al\u0131nm\u0131\u015f gibi g\u00f6r\u00fcn\u00fcyor! \u00c7o\u011fu zaman bizi b\u00f6yle de\u011fi\u015fikliklere iten yaln\u0131zca estetik kayg\u0131lar de\u011fil, ayn\u0131 zamanda genel iyilik halimizi iyile\u015ftirme arzusudur. \u00d6n muayene s\u0131ras\u0131nda sa\u011fl\u0131k a\u00e7\u0131s\u0131ndan da bilgilendirilmen, <a href=\"https:\/\/medicaltravel.ch\/tr\/disci-gezileri\/hizmet-yelpazesi\/veneerler-tuerkiye-istanbul-antalya-izmir\/\" data-type=\"page\" data-id=\"38\">kapsaml\u0131 ve profesyonel<\/a> bir dan\u0131\u015fmanl\u0131\u011f\u0131n ne kadar \u00f6nemli oldu\u011funu g\u00f6steriyor. Dr. Steger gibi, hem estetik sonuca hem de t\u0131bbi temellere dikkat eden yetkin bir dan\u0131\u015fman bulmu\u015f olman harika. Yeni, g\u00fczel bir g\u00fcl\u00fc\u015fle hayata devam etmek ger\u00e7ekten harika bir duygu olmal\u0131! Tedavi s\u00fcrecinde nas\u0131l hissettin?     <\/p>\n\n\n\n<p>MedicalTravel&#8217;e nas\u0131l dikkatimi \u00e7ektim<br>\u0130nternette ara\u015ft\u0131rma yaparak MedicalTravel ile kar\u015f\u0131la\u015ft\u0131m. Her \u015feyin iyi bir \u015fekilde organize edildi\u011finden ve profesyonel bir hizmet alaca\u011f\u0131mden emin olmak istedi\u011fim i\u00e7in birka\u00e7 farkl\u0131 sa\u011flay\u0131c\u0131y\u0131 inceledim ve kar\u015f\u0131la\u015ft\u0131rd\u0131m. <\/p>\n\n\n\n<p>Neden MedicalTravel&#8217;\u0131 tercih ettim<br>Karar\u0131m\u0131 veren en \u00f6nemli fakt\u00f6r, Z\u00fcrich&#8217;deki takip hizmetiydi. Bu, bana ekstra bir g\u00fcven duygusu verdi \u00e7\u00fcnk\u00fc herhangi bir sorun ya da gerekli bir ayarlama durumunda, tekrar uzun bir yolculu\u011fa \u00e7\u0131kmam gerekmeyece\u011fini biliyordum. Ayr\u0131ca, MedicalTravel&#8217;\u0131n profesyonel ve titiz hizmeti de beni etkiledi. T\u00fcm sorular\u0131m h\u0131zl\u0131 ve uzman bir \u015fekilde yan\u0131tland\u0131, ileti\u015fim her zaman sorunsuz bir \u015fekilde ilerledi. Bu da bana s\u00fcre\u00e7le ilgili g\u00fcven kazand\u0131rd\u0131. Bir di\u011fer \u00f6nemli nokta ise fiyat-performans oran\u0131yd\u0131, bunu olduk\u00e7a cazip buldum.     <\/p>\n\n\n\n<p>Dan\u0131\u015fmanl\u0131k ve Organizasyon<br>Daha \u00f6nce de belirtti\u011fim gibi, MedicalTravel taraf\u0131ndan \u00e7ok iyi bir \u015fekilde desteklendi\u011fimi hissettim. \u0130lk ileti\u015fime ge\u00e7i\u015ften takip hizmetine kadar her a\u015famada profesyonel bir \u015fekilde rehberlik edildim. Sorular\u0131m ve endi\u015felerim her zaman ciddiye al\u0131nd\u0131 ve derhal yan\u0131tland\u0131. Ger\u00e7ekten, bir hasta olarak odak noktamda oldu\u011fumu ve s\u00fcrecin her ad\u0131m\u0131nda rahat hissetmem ve g\u00fcven duymam i\u00e7in b\u00fcy\u00fck bir \u00f6zen g\u00f6sterildi\u011fini hissettim. <\/p>\n\n\n\n<p><strong>Tedavinin sonucu<\/strong><br>Sonu\u00e7tan son derece memnunum. Daha g\u00fczel bir g\u00fcl\u00fc\u015f elde etme hedefim tam anlam\u0131yla ger\u00e7ekle\u015ftirildi. \u00d6zellikle, Z\u00fcrich\u2019de ayarlamalar yapt\u0131rma imk\u00e2n\u0131n\u0131 \u00e7ok de\u011ferli buluyorum. B\u00f6ylece \u0130stanbul&#8217;a yeniden seyahat etmem gerekmeksizin, d\u00f6n\u00fc\u015f yapt\u0131ktan hemen sonra k\u00fc\u00e7\u00fck bir \u0131s\u0131r\u0131k y\u00fcksekli\u011fi d\u00fczeltmesi yapabildim.   <\/p>\n\n\n\n<p><strong>T\u00fcm seyahatle ilgili deneyimim<\/strong><\/p>\n\n\n\n<ul class=\"wp-block-list\">\n<li>U\u00e7u\u015f: \u00d6zellikle T\u00fcrk Hava Yollar\u0131&#8217;n\u0131 tercih ettim ve u\u00e7u\u015f sorunsuz ge\u00e7ti.<\/li>\n\n\n\n<li>Otel: Oda olduk\u00e7a sakin bir konumdayd\u0131, ancak maalesef \u015fehir manzaras\u0131 yoktu. Pencereyi a\u00e7t\u0131\u011f\u0131mda rahats\u0131z edici bir mutfak kokusu i\u00e7eriye girmekteydi. Yatak olduk\u00e7a sertti, bu y\u00fczden rahat uyuyamad\u0131m. Hizmet iyiydi ama ola\u011fan\u00fcst\u00fc de\u011fildi. Kahvalt\u0131 ise m\u00fckemmeldi.    <\/li>\n\n\n\n<li>Al\u0131m servisi: \u00c7ok sempatikti, her zaman nazik ve dakikti \u2013 bunun i\u00e7in Meral&#8217;e b\u00fcy\u00fck bir te\u015fekk\u00fcr!<\/li>\n\n\n\n<li><a href=\"https:\/\/medicaltravel.ch\/tr\/disci-gezileri\/dis-klinikleri\/istanbuldaki-swiss-dis-klinigi\/\" data-type=\"page\" data-id=\"46\">Klinik<\/a>: Modern, davetkar bir ortam ve ho\u015f bir atmosfer. T\u00fcm ekibe ve Dr. Dizdar&#8217;a \u00f6zel bir te\u015fekk\u00fcr! <\/li>\n\n\n\n<li>Tedavi: \u00c7ok profesyoneldi, neredeyse a\u011fr\u0131s\u0131zd\u0131.<\/li>\n\n\n\n<li>Tedavi sonras\u0131: Karar\u0131mdan mutlu ve memnun hissettim.<\/li>\n<\/ul>\n\n\n\n<p>Geli\u015ftirme alanlar\u0131<br>Olumsuz bir nokta, oteldeki kahvalt\u0131 personelinin profesyonel olmayan tutumuydu. D\u0131\u015far\u0131dan g\u00f6r\u00fcnen tedavilerle gelen misafirler alay konusu oldu \u2013 bu kesinlikle iyile\u015ftirilmelidir. <\/p>\n\n\n\n<p><strong>\u00c7\u00f6z\u00fcm<\/strong><br>MedicalTravel&#8217;\u0131n hizmeti m\u00fckemmeldi. Sonu\u00e7tan \u00e7ok memnunum ve \u0130stanbul&#8217;da di\u015f tedavisi d\u00fc\u015f\u00fcnen herkese bu organizasyonu tavsiye edebilirim. <\/p>\n\n\n\n<p>Ivan G.<\/p>\n\n\n\n<div class=\"wp-block-group is-layout-grid wp-container-core-group-is-layout-baef362d wp-block-group-is-layout-grid\">\n<p><a href=\"https:\/\/medicaltravel.at\/home\/agb\/\" data-type=\"page\" data-id=\"2191\" rel=\"nofollow noopener\" target=\"_blank\"><\/a><a href=\"https:\/\/medicaltravel.ch\/tr\/hasta-raporlari\/referanslar-tavsiyeler-tedaviler-degerlendirmeler-turkiye-istanbul\/istanbulun-en-iyi-dis-klinigi-en-yueksek-puan\/\" data-type=\"link\" data-id=\"https:\/\/medicaltravel.ch\/tr\/hasta-raporlari\/referanslar-tavsiyeler-tedaviler-degerlendirmeler-turkiye-istanbul\/istanbulun-en-iyi-dis-klinigi-en-yueksek-puan\/\">\u00d6nceki rapor<\/a><\/p>\n\n\n\n<p class=\"has-text-align-right wp-container-content-5e2576f9\"><a href=\"https:\/\/medicaltravel.at\/home\/impressum\/\" data-type=\"page\" data-id=\"2193\" rel=\"nofollow noopener\" target=\"_blank\"><\/a><a href=\"https:\/\/medicaltravel.at\/home\/berichte-von-patienten\/erfahrungsberichte\/erfahrungsbericht-zahnbehandlung-in-istanbul\/\" data-type=\"page\" data-id=\"981\" rel=\"nofollow noopener\" target=\"_blank\"><\/a><a href=\"https:\/\/medicaltravel.ch\/tr\/hasta-raporlari\/referanslar-tavsiyeler-tedaviler-degerlendirmeler-turkiye-istanbul\/istanbulda-meme-implantlari-hakkinda-hasta-yorumlari\/\" data-type=\"link\" data-id=\"https:\/\/medicaltravel.ch\/tr\/hasta-raporlari\/referanslar-tavsiyeler-tedaviler-degerlendirmeler-turkiye-istanbul\/istanbulda-meme-implantlari-hakkinda-hasta-yorumlari\/\">Sonraki rapor<\/a><\/p>\n<\/div>\n\n\n\n<p><\/p>\n","protected":false},"excerpt":{"rendered":"<p>Hasta yorumu &#8211; Benim g\u00f6r\u00fc\u015f\u00fcm: \u0130stanbul&#8217;da MedicalTravel ile yap\u0131lan porselen kaplama tedavisi Verdi\u011fin karar ger\u00e7ekten \u00e7ok d\u00fc\u015f\u00fcnd\u00fcr\u00fclerek al\u0131nm\u0131\u015f gibi g\u00f6r\u00fcn\u00fcyor! \u00c7o\u011fu zaman bizi b\u00f6yle de\u011fi\u015fikliklere iten yaln\u0131zca estetik kayg\u0131lar de\u011fil, ayn\u0131 zamanda genel iyilik halimizi iyile\u015ftirme arzusudur. \u00d6n muayene s\u0131ras\u0131nda sa\u011fl\u0131k a\u00e7\u0131s\u0131ndan da bilgilendirilmen, kapsaml\u0131 ve profesyonel bir dan\u0131\u015fmanl\u0131\u011f\u0131n ne kadar \u00f6nemli oldu\u011funu g\u00f6steriyor. Dr. Steger gibi, hem estetik sonuca hem de t\u0131bbi temellere dikkat eden yetkin bir dan\u0131\u015fman bulmu\u015f olman harika. Yeni, g\u00fczel bir g\u00fcl\u00fc\u015fle hayata devam etmek ger\u00e7ekten harika bir duygu olmal\u0131! Tedavi s\u00fcrecinde nas\u0131l hissettin? MedicalTravel&#8217;e nas\u0131l dikkatimi \u00e7ektim\u0130nternette ara\u015ft\u0131rma yaparak MedicalTravel ile kar\u015f\u0131la\u015ft\u0131m. Her \u015feyin iyi bir \u015fekilde organize edildi\u011finden ve profesyonel bir hizmet alaca\u011f\u0131mden emin olmak istedi\u011fim i\u00e7in birka\u00e7 farkl\u0131 sa\u011flay\u0131c\u0131y\u0131 inceledim ve kar\u015f\u0131la\u015ft\u0131rd\u0131m. Neden MedicalTravel&#8217;\u0131 tercih ettimKarar\u0131m\u0131 veren en \u00f6nemli fakt\u00f6r, Z\u00fcrich&#8217;deki takip hizmetiydi. Bu, bana ekstra bir g\u00fcven duygusu verdi \u00e7\u00fcnk\u00fc herhangi bir sorun ya da gerekli bir ayarlama durumunda, tekrar uzun bir yolculu\u011fa \u00e7\u0131kmam gerekmeyece\u011fini biliyordum. Ayr\u0131ca, MedicalTravel&#8217;\u0131n profesyonel ve titiz hizmeti de beni etkiledi. T\u00fcm sorular\u0131m h\u0131zl\u0131 ve uzman bir \u015fekilde yan\u0131tland\u0131, ileti\u015fim her zaman sorunsuz bir \u015fekilde ilerledi. Bu da bana s\u00fcre\u00e7le ilgili g\u00fcven kazand\u0131rd\u0131. Bir di\u011fer \u00f6nemli nokta ise fiyat-performans oran\u0131yd\u0131, bunu olduk\u00e7a cazip buldum. Dan\u0131\u015fmanl\u0131k ve OrganizasyonDaha \u00f6nce de belirtti\u011fim gibi, MedicalTravel taraf\u0131ndan \u00e7ok iyi bir \u015fekilde desteklendi\u011fimi hissettim. \u0130lk ileti\u015fime ge\u00e7i\u015ften takip hizmetine kadar her a\u015famada profesyonel bir \u015fekilde rehberlik edildim. Sorular\u0131m ve endi\u015felerim her zaman ciddiye al\u0131nd\u0131 ve derhal yan\u0131tland\u0131. Ger\u00e7ekten, bir hasta olarak odak noktamda oldu\u011fumu ve s\u00fcrecin her ad\u0131m\u0131nda rahat hissetmem ve g\u00fcven duymam i\u00e7in b\u00fcy\u00fck bir \u00f6zen g\u00f6sterildi\u011fini hissettim. Tedavinin sonucuSonu\u00e7tan son derece memnunum. Daha g\u00fczel bir g\u00fcl\u00fc\u015f elde etme hedefim tam anlam\u0131yla ger\u00e7ekle\u015ftirildi. \u00d6zellikle, Z\u00fcrich\u2019de ayarlamalar yapt\u0131rma imk\u00e2n\u0131n\u0131 \u00e7ok de\u011ferli buluyorum. B\u00f6ylece \u0130stanbul&#8217;a yeniden seyahat etmem gerekmeksizin, d\u00f6n\u00fc\u015f yapt\u0131ktan hemen sonra k\u00fc\u00e7\u00fck bir \u0131s\u0131r\u0131k y\u00fcksekli\u011fi d\u00fczeltmesi yapabildim. T\u00fcm seyahatle ilgili deneyimim Geli\u015ftirme alanlar\u0131Olumsuz bir nokta, oteldeki kahvalt\u0131 personelinin profesyonel olmayan tutumuydu. D\u0131\u015far\u0131dan g\u00f6r\u00fcnen tedavilerle gelen misafirler alay konusu oldu \u2013 bu kesinlikle iyile\u015ftirilmelidir. \u00c7\u00f6z\u00fcmMedicalTravel&#8217;\u0131n hizmeti m\u00fckemmeldi. Sonu\u00e7tan \u00e7ok memnunum ve \u0130stanbul&#8217;da di\u015f tedavisi d\u00fc\u015f\u00fcnen herkese bu organizasyonu tavsiye edebilirim. Ivan G. \u00d6nceki rapor Sonraki rapor<\/p>\n","protected":false},"author":4,"featured_media":0,"parent":4587,"menu_order":0,"comment_status":"closed","ping_status":"closed","template":"","meta":{"_joinchat":[],"footnotes":""},"class_list":["post-4791","page","type-page","status-publish","hentry"],"acf":[],"_links":{"self":[{"href":"https:\/\/medicaltravel.ch\/tr\/wp-json\/wp\/v2\/pages\/4791","targetHints":{"allow":["GET"]}}],"collection":[{"href":"https:\/\/medicaltravel.ch\/tr\/wp-json\/wp\/v2\/pages"}],"about":[{"href":"https:\/\/medicaltravel.ch\/tr\/wp-json\/wp\/v2\/types\/page"}],"author":[{"embeddable":true,"href":"https:\/\/medicaltravel.ch\/tr\/wp-json\/wp\/v2\/users\/4"}],"replies":[{"embeddable":true,"href":"https:\/\/medicaltravel.ch\/tr\/wp-json\/wp\/v2\/comments?post=4791"}],"version-history":[{"count":0,"href":"https:\/\/medicaltravel.ch\/tr\/wp-json\/wp\/v2\/pages\/4791\/revisions"}],"up":[{"embeddable":true,"href":"https:\/\/medicaltravel.ch\/tr\/wp-json\/wp\/v2\/pages\/4587"}],"wp:attachment":[{"href":"https:\/\/medicaltravel.ch\/tr\/wp-json\/wp\/v2\/media?parent=4791"}],"curies":[{"name":"wp","href":"https:\/\/api.w.org\/{rel}","templated":true}]}}