{"id":4793,"date":"2025-09-23T16:11:02","date_gmt":"2025-09-23T15:11:02","guid":{"rendered":"https:\/\/medicaltravel.ch\/hasta-raporlari\/erfahrungsberichte-empfehlungen-behandlungen-beurteilung-tuerkei-istanbul\/hasta-degerlendirmesi-istanbul-dis-klinigi\/"},"modified":"2026-01-12T17:14:01","modified_gmt":"2026-01-12T16:14:01","slug":"hasta-degerlendirmesi-istanbul-dis-klinigi","status":"publish","type":"page","link":"https:\/\/medicaltravel.ch\/tr\/hasta-raporlari\/referanslar-tavsiyeler-tedaviler-degerlendirmeler-turkiye-istanbul\/hasta-degerlendirmesi-istanbul-dis-klinigi\/","title":{"rendered":"Hasta de\u011ferlendirmesi \u0130stanbul Di\u015f Klini\u011fi"},"content":{"rendered":"\n<p><strong><u>\u0130stanbul&#8217;daki bir di\u015f klini\u011fi hakk\u0131ndaki de\u011ferlendirmem.<\/u><\/strong><\/p>\n\n\n\n<p>\u0130stanbul&#8217;a ilk kez 2010 y\u0131l\u0131nda g\u00f6z lazeri i\u00e7in gitmi\u015ftik, o zamanlar <a href=\"https:\/\/medicaltravel.ch\/tr\/\" data-type=\"page\" data-id=\"6\">MedicalTravel&#8217;\u0131 <\/a>internet \u00fczerinden buldum ve \u015firketin genel m\u00fcd\u00fcr\u00fcn\u00fc Z\u00fcrich&#8217;de tan\u0131ma f\u0131rsat\u0131m oldu.<\/p>\n\n\n\n<p>4 y\u0131l \u00f6nce annemin s\u00fcrekli di\u015f sorunlar\u0131 vard\u0131, <a href=\"https:\/\/medicaltravel.ch\/tr\/\" data-type=\"page\" data-id=\"6\"><strong>MedicalTravel <\/strong><\/a>bize Z\u00fcrich&#8217;de bir di\u015f hekimi randevusu ayarlad\u0131, 3D r\u00f6ntgen \u00e7ektirdik ve <a href=\"https:\/\/medicaltravel.ch\/tr\/neden-tuerkiye\/tuerkiyenin-sehirleri\/istanbul-bir-sehir-olarak\/\" data-type=\"page\" data-id=\"20\">\u0130stanbul&#8217;da<\/a> tedavi edecek olan di\u015f hekimimizi tan\u0131ma f\u0131rsat\u0131 bulduk.<\/p>\n\n\n\n<p>2023 y\u0131l\u0131ndaki y\u0131ll\u0131k di\u015f kontrol\u00fcmde, maalesef eski b\u00fcy\u00fck bir dolgunun de\u011fi\u015ftirilmesi gerekti\u011fi ve ayr\u0131ca bir de di\u015f <a href=\"https:\/\/medicaltravel.ch\/tr\/disci-gezileri\/hizmet-yelpazesi\/kronlar-ve-kopruler-turkiye-istanbul-antalya-izmir-kusadasi\/\" data-type=\"page\" data-id=\"40\">kural\u0131 <\/a>yapmam gerekti\u011fi ortaya \u00e7\u0131kt\u0131. Bu nedenle tekrar <a href=\"https:\/\/www.medicaltravel.ch\/warum-tuerkei\/staedte-der-tuerkei\/istanbul-als-stadt\/\">\u0130stanbul&#8217;a <\/a>gitmeye karar verdim.<\/p>\n\n\n\n<p>Bir di\u015f kural\u0131 T\u00fcrkiye&#8217;de, \u0130svi\u00e7re&#8217;nin yaln\u0131zca be\u015fte biri kadar bir fiyata yap\u0131labiliyor ve 1A kalitesinde hizmet al\u0131yorsunuz. Annem de 3-4 di\u015fini yapt\u0131rmas\u0131 gerekti\u011fi i\u00e7in, \u00f6nce Z\u00fcrich&#8217;deki y\u00f6nlendirme klini\u011fini ziyaret etti ve yaln\u0131zca 2 hafta sonra T\u00fcrkiye&#8217;ye seyahat edebildik. <\/p>\n\n\n\n<p><a href=\"https:\/\/medicaltravel.ch\/tr\/\" data-type=\"page\" data-id=\"6\">MedicalTravel<\/a>, u\u00e7u\u015f ve otel konusunda \u00f6nceden bizimle tekrar ileti\u015fime ge\u00e7ti \u2013 ancak bu benim ilk \u0130stanbul seyahatim olmad\u0131\u011f\u0131 i\u00e7in her \u015feyi kendim ayarlad\u0131m. E\u011fer istenirse, <a href=\"https:\/\/medicaltravel.ch\/tr\/\" data-type=\"page\" data-id=\"6\">MedicalTravel <\/a>her \u015feyi m\u00fc\u015fteri i\u00e7in organize edebilir, bu da kesinlikle tavsiye edilebilir, \u00f6zellikle hi\u00e7bir \u015fey kendi ba\u015f\u0131n\u0131za rezervasyon yapmak istemiyorsan\u0131z (daha az stres) ya da \u015fehirde yolunuzu bilmiyorsan\u0131z.<\/p>\n\n\n\n<p>30 A\u011fustos 2023&#8217;te Z\u00fcrich&#8217;den \u0130stanbul&#8217;a 3 saatlik bir u\u00e7u\u015fla gittik ve her zamanki gibi havaliman\u0131nda bizi kar\u015f\u0131lad\u0131lar. Ertesi \u00f6\u011fleden sonra, s\u00fcr\u00fcc\u00fcm\u00fcz otelden bizi al\u0131p <a href=\"https:\/\/medicaltravel.ch\/tr\/disci-gezileri\/dis-klinikleri\/istanbuldaki-swiss-dis-klinigi\/\" data-type=\"page\" data-id=\"46\">di\u015f hekimi muayenehanesine<\/a> g\u00f6t\u00fcrd\u00fc.<\/p>\n\n\n\n<p>Bu arada, \u0130stanbul&#8217;da toplamda 4 gece kald\u0131k, di\u015f hekimi \u00e7ok esnek bir program sunuyor, hatta bazen Pazar g\u00fcn\u00fc bile randevu alabiliyorsunuz. 2019&#8217;da da bir hafta boyunca oradayd\u0131k, o zaman da bizim i\u00e7in spontane olarak bir randevu de\u011fi\u015fikli\u011fi yapm\u0131\u015ft\u0131, b\u00f6ylece Cumartesi g\u00fcn\u00fc g\u00fczel havan\u0131n tad\u0131n\u0131 \u00e7\u0131karabilmi\u015ftik.<\/p>\n\n\n\n<p><a href=\"https:\/\/medicaltravel.ch\/tr\/disci-gezileri\/dis-klinikleri\/istanbuldaki-swiss-dis-klinigi\/\" data-type=\"page\" data-id=\"46\">Di\u015f klini\u011fi<\/a>, \u0130svi\u00e7re&#8217;deki gibi g\u00f6r\u00fcn\u00fcyor ve \u00e7ok modern bir binada yer al\u0131yor \u2013 zaten 2019&#8217;daki son ziyaretimizden dolay\u0131 buray\u0131 daha \u00f6nce g\u00f6rm\u00fc\u015ft\u00fck. Di\u015f hekimi birka\u00e7 dakika i\u00e7inde yan\u0131m\u0131za geldi ve yap\u0131lacak i\u015flemler tekrar ayr\u0131nt\u0131l\u0131 bir \u015fekilde konu\u015fuldu.<\/p>\n\n\n\n<p>Tedavi h\u0131zl\u0131 ve olduk\u00e7a rahatt\u0131, delikler ge\u00e7ici olarak dolduruldu (\u015fans eseri bununla yemek de yiyebiliyorduk) ve 2 g\u00fcn sonra seramik di\u015flerimiz tak\u0131lmaya haz\u0131rd\u0131.<\/p>\n\n\n\n<p>Dolgular yerle\u015ftirildikten sonra tekrar r\u00f6ntgen \u00e7ekildi. Di\u015f hekimi, tedaviden sonra T\u00fcrkiye&#8217;de her zaman bunu yap\u0131yor, b\u00f6ylece her \u015feyin d\u00fczg\u00fcn oldu\u011fundan ve di\u015fler aras\u0131nda art\u0131k malzeme kalmad\u0131\u011f\u0131ndan emin oluyor. Bu ekstra bir \u00fccret alm\u0131yor, hep \u015f\u00f6yle diyor: &#8220;T\u00fcrkiye&#8217;de i\u015fler biraz daha rahat.&#8221;<\/p>\n\n\n\n<p>Klinikte her \u015fey iyi bir \u015fekilde dezenfekte edildi. \u00c7al\u0131\u015fanlar \u00e7ok nazik, ayr\u0131ca her zaman \u00fccretsiz bir \u015fi\u015fe su veriliyor. \u0130leti\u015fim \u0130ngilizce olarak da yap\u0131labiliyor ve di\u015f hekimi Almanca da konu\u015fuyor.<\/p>\n\n\n\n<p>Toplamda 5 g\u00fcn \u0130stanbul&#8217;dayd\u0131k, 2 di\u015f hekimi ziyaretimize ra\u011fmen hala bolca bo\u015f vaktimiz oldu ve \u015fehri gezme f\u0131rsat\u0131 bulduk. Kesinlikle 1, 2 veya daha fazla g\u00fcn fazla kalmak \u00e7ok faydal\u0131 olur.<\/p>\n\n\n\n<p>\u00c7ok say\u0131da turistik yer ve al\u0131\u015fveri\u015f imk\u00e2n\u0131 var. Yeme i\u00e7me her k\u00f6\u015fede mevcut, fiyatlar olduk\u00e7a uygun. \u015eehirdeki en \u00fcnl\u00fc caddelerden birinde, bir restoranda ak\u015fam yeme\u011fimizi sadece 20 Frang&#8217;a yedik. \u0130nsanlar genel olarak \u00e7ok s\u0131cak ve cana yak\u0131n.  <\/p>\n\n\n\n<p>Gelecekte bir operasyon, yeni di\u015fler veya ba\u015fka bir \u015fey ihtiyac\u0131m olursa, kesinlikle tekrar <a href=\"https:\/\/medicaltravel.ch\/tr\/\" data-type=\"page\" data-id=\"6\">MedicalTravel\u2019\u0131 <\/a>tercih ederim. Hizmetten her zaman memnun kald\u0131m, tedavi sonras\u0131 sorular\u0131m oldu\u011funda da her zaman yard\u0131mc\u0131 oldular \u2013 b\u00f6yle devam edin!<\/p>\n\n\n\n<p>Annem 2010&#8217;da \u00e7ok \u015f\u00fcpheciydi: &#8220;Neee, T\u00fcrkiye&#8217;ye mi gitmek istiyorsun?!&#8221; Ama \u015fimdi 2023&#8217;te be\u015finci kez \u0130stanbul&#8217;a gitmi\u015f oldu, demek ki pek de k\u00f6t\u00fc bir deneyim olmam\u0131\u015f. <\/p>\n\n\n\n<p>Sevgilerle,<br>Benjamin Geiger<\/p>\n\n\n\n<div class=\"wp-block-group is-layout-grid wp-container-core-group-is-layout-baef362d wp-block-group-is-layout-grid\">\n<p><a href=\"https:\/\/medicaltravel.at\/home\/agb\/\" data-type=\"page\" data-id=\"2191\" rel=\"nofollow noopener\" target=\"_blank\"><\/a><a href=\"https:\/\/medicaltravel.ch\/tr\/hasta-raporlari\/referanslar-tavsiyeler-tedaviler-degerlendirmeler-turkiye-istanbul\/kaygili-hastalar-icin-deneyim-raporu-tuerkiyede-ortodontik-tedavi\/\" data-type=\"link\" data-id=\"https:\/\/medicaltravel.ch\/tr\/hasta-raporlari\/referanslar-tavsiyeler-tedaviler-degerlendirmeler-turkiye-istanbul\/kaygili-hastalar-icin-deneyim-raporu-tuerkiyede-ortodontik-tedavi\/\">\u00d6nceki rapor<\/a><\/p>\n\n\n\n<p class=\"has-text-align-right wp-container-content-5e2576f9\"><a href=\"https:\/\/medicaltravel.at\/home\/impressum\/\" data-type=\"page\" data-id=\"2193\" rel=\"nofollow noopener\" target=\"_blank\"><\/a><a href=\"https:\/\/medicaltravel.at\/home\/berichte-von-patienten\/erfahrungsberichte\/erfahrungsbericht-zahnbehandlung-in-istanbul\/\" data-type=\"page\" data-id=\"981\" rel=\"nofollow noopener\" target=\"_blank\"><\/a><a href=\"https:\/\/medicaltravel.ch\/tr\/hasta-raporlari\/referanslar-tavsiyeler-tedaviler-degerlendirmeler-turkiye-istanbul\/antalya-dis-klinigi-hasta-yorumu\/\" data-type=\"link\" data-id=\"https:\/\/medicaltravel.ch\/tr\/hasta-raporlari\/referanslar-tavsiyeler-tedaviler-degerlendirmeler-turkiye-istanbul\/antalya-dis-klinigi-hasta-yorumu\/\">Sonraki rapor<\/a><\/p>\n<\/div>\n","protected":false},"excerpt":{"rendered":"<p>\u0130stanbul&#8217;daki bir di\u015f klini\u011fi hakk\u0131ndaki de\u011ferlendirmem. \u0130stanbul&#8217;a ilk kez 2010 y\u0131l\u0131nda g\u00f6z lazeri i\u00e7in gitmi\u015ftik, o zamanlar MedicalTravel&#8217;\u0131 internet \u00fczerinden buldum ve \u015firketin genel m\u00fcd\u00fcr\u00fcn\u00fc Z\u00fcrich&#8217;de tan\u0131ma f\u0131rsat\u0131m oldu. 4 y\u0131l \u00f6nce annemin s\u00fcrekli di\u015f sorunlar\u0131 vard\u0131, MedicalTravel bize Z\u00fcrich&#8217;de bir di\u015f hekimi randevusu ayarlad\u0131, 3D r\u00f6ntgen \u00e7ektirdik ve \u0130stanbul&#8217;da tedavi edecek olan di\u015f hekimimizi tan\u0131ma f\u0131rsat\u0131 bulduk. 2023 y\u0131l\u0131ndaki y\u0131ll\u0131k di\u015f kontrol\u00fcmde, maalesef eski b\u00fcy\u00fck bir dolgunun de\u011fi\u015ftirilmesi gerekti\u011fi ve ayr\u0131ca bir de di\u015f kural\u0131 yapmam gerekti\u011fi ortaya \u00e7\u0131kt\u0131. Bu nedenle tekrar \u0130stanbul&#8217;a gitmeye karar verdim. Bir di\u015f kural\u0131 T\u00fcrkiye&#8217;de, \u0130svi\u00e7re&#8217;nin yaln\u0131zca be\u015fte biri kadar bir fiyata yap\u0131labiliyor ve 1A kalitesinde hizmet al\u0131yorsunuz. Annem de 3-4 di\u015fini yapt\u0131rmas\u0131 gerekti\u011fi i\u00e7in, \u00f6nce Z\u00fcrich&#8217;deki y\u00f6nlendirme klini\u011fini ziyaret etti ve yaln\u0131zca 2 hafta sonra T\u00fcrkiye&#8217;ye seyahat edebildik. MedicalTravel, u\u00e7u\u015f ve otel konusunda \u00f6nceden bizimle tekrar ileti\u015fime ge\u00e7ti \u2013 ancak bu benim ilk \u0130stanbul seyahatim olmad\u0131\u011f\u0131 i\u00e7in her \u015feyi kendim ayarlad\u0131m. E\u011fer istenirse, MedicalTravel her \u015feyi m\u00fc\u015fteri i\u00e7in organize edebilir, bu da kesinlikle tavsiye edilebilir, \u00f6zellikle hi\u00e7bir \u015fey kendi ba\u015f\u0131n\u0131za rezervasyon yapmak istemiyorsan\u0131z (daha az stres) ya da \u015fehirde yolunuzu bilmiyorsan\u0131z. 30 A\u011fustos 2023&#8217;te Z\u00fcrich&#8217;den \u0130stanbul&#8217;a 3 saatlik bir u\u00e7u\u015fla gittik ve her zamanki gibi havaliman\u0131nda bizi kar\u015f\u0131lad\u0131lar. Ertesi \u00f6\u011fleden sonra, s\u00fcr\u00fcc\u00fcm\u00fcz otelden bizi al\u0131p di\u015f hekimi muayenehanesine g\u00f6t\u00fcrd\u00fc. Bu arada, \u0130stanbul&#8217;da toplamda 4 gece kald\u0131k, di\u015f hekimi \u00e7ok esnek bir program sunuyor, hatta bazen Pazar g\u00fcn\u00fc bile randevu alabiliyorsunuz. 2019&#8217;da da bir hafta boyunca oradayd\u0131k, o zaman da bizim i\u00e7in spontane olarak bir randevu de\u011fi\u015fikli\u011fi yapm\u0131\u015ft\u0131, b\u00f6ylece Cumartesi g\u00fcn\u00fc g\u00fczel havan\u0131n tad\u0131n\u0131 \u00e7\u0131karabilmi\u015ftik. Di\u015f klini\u011fi, \u0130svi\u00e7re&#8217;deki gibi g\u00f6r\u00fcn\u00fcyor ve \u00e7ok modern bir binada yer al\u0131yor \u2013 zaten 2019&#8217;daki son ziyaretimizden dolay\u0131 buray\u0131 daha \u00f6nce g\u00f6rm\u00fc\u015ft\u00fck. Di\u015f hekimi birka\u00e7 dakika i\u00e7inde yan\u0131m\u0131za geldi ve yap\u0131lacak i\u015flemler tekrar ayr\u0131nt\u0131l\u0131 bir \u015fekilde konu\u015fuldu. Tedavi h\u0131zl\u0131 ve olduk\u00e7a rahatt\u0131, delikler ge\u00e7ici olarak dolduruldu (\u015fans eseri bununla yemek de yiyebiliyorduk) ve 2 g\u00fcn sonra seramik di\u015flerimiz tak\u0131lmaya haz\u0131rd\u0131. Dolgular yerle\u015ftirildikten sonra tekrar r\u00f6ntgen \u00e7ekildi. Di\u015f hekimi, tedaviden sonra T\u00fcrkiye&#8217;de her zaman bunu yap\u0131yor, b\u00f6ylece her \u015feyin d\u00fczg\u00fcn oldu\u011fundan ve di\u015fler aras\u0131nda art\u0131k malzeme kalmad\u0131\u011f\u0131ndan emin oluyor. Bu ekstra bir \u00fccret alm\u0131yor, hep \u015f\u00f6yle diyor: &#8220;T\u00fcrkiye&#8217;de i\u015fler biraz daha rahat.&#8221; Klinikte her \u015fey iyi bir \u015fekilde dezenfekte edildi. \u00c7al\u0131\u015fanlar \u00e7ok nazik, ayr\u0131ca her zaman \u00fccretsiz bir \u015fi\u015fe su veriliyor. \u0130leti\u015fim \u0130ngilizce olarak da yap\u0131labiliyor ve di\u015f hekimi Almanca da konu\u015fuyor. Toplamda 5 g\u00fcn \u0130stanbul&#8217;dayd\u0131k, 2 di\u015f hekimi ziyaretimize ra\u011fmen hala bolca bo\u015f vaktimiz oldu ve \u015fehri gezme f\u0131rsat\u0131 bulduk. Kesinlikle 1, 2 veya daha fazla g\u00fcn fazla kalmak \u00e7ok faydal\u0131 olur. \u00c7ok say\u0131da turistik yer ve al\u0131\u015fveri\u015f imk\u00e2n\u0131 var. Yeme i\u00e7me her k\u00f6\u015fede mevcut, fiyatlar olduk\u00e7a uygun. \u015eehirdeki en \u00fcnl\u00fc caddelerden birinde, bir restoranda ak\u015fam yeme\u011fimizi sadece 20 Frang&#8217;a yedik. \u0130nsanlar genel olarak \u00e7ok s\u0131cak ve cana yak\u0131n. Gelecekte bir operasyon, yeni di\u015fler veya ba\u015fka bir \u015fey ihtiyac\u0131m olursa, kesinlikle tekrar MedicalTravel\u2019\u0131 tercih ederim. Hizmetten her zaman memnun kald\u0131m, tedavi sonras\u0131 sorular\u0131m oldu\u011funda da her zaman yard\u0131mc\u0131 oldular \u2013 b\u00f6yle devam edin! Annem 2010&#8217;da \u00e7ok \u015f\u00fcpheciydi: &#8220;Neee, T\u00fcrkiye&#8217;ye mi gitmek istiyorsun?!&#8221; Ama \u015fimdi 2023&#8217;te be\u015finci kez \u0130stanbul&#8217;a gitmi\u015f oldu, demek ki pek de k\u00f6t\u00fc bir deneyim olmam\u0131\u015f. Sevgilerle,Benjamin Geiger \u00d6nceki rapor Sonraki rapor<\/p>\n","protected":false},"author":4,"featured_media":0,"parent":4587,"menu_order":0,"comment_status":"closed","ping_status":"closed","template":"","meta":{"_joinchat":[],"footnotes":""},"class_list":["post-4793","page","type-page","status-publish","hentry"],"acf":[],"_links":{"self":[{"href":"https:\/\/medicaltravel.ch\/tr\/wp-json\/wp\/v2\/pages\/4793","targetHints":{"allow":["GET"]}}],"collection":[{"href":"https:\/\/medicaltravel.ch\/tr\/wp-json\/wp\/v2\/pages"}],"about":[{"href":"https:\/\/medicaltravel.ch\/tr\/wp-json\/wp\/v2\/types\/page"}],"author":[{"embeddable":true,"href":"https:\/\/medicaltravel.ch\/tr\/wp-json\/wp\/v2\/users\/4"}],"replies":[{"embeddable":true,"href":"https:\/\/medicaltravel.ch\/tr\/wp-json\/wp\/v2\/comments?post=4793"}],"version-history":[{"count":0,"href":"https:\/\/medicaltravel.ch\/tr\/wp-json\/wp\/v2\/pages\/4793\/revisions"}],"up":[{"embeddable":true,"href":"https:\/\/medicaltravel.ch\/tr\/wp-json\/wp\/v2\/pages\/4587"}],"wp:attachment":[{"href":"https:\/\/medicaltravel.ch\/tr\/wp-json\/wp\/v2\/media?parent=4793"}],"curies":[{"name":"wp","href":"https:\/\/api.w.org\/{rel}","templated":true}]}}