{"id":4795,"date":"2025-09-23T16:12:45","date_gmt":"2025-09-23T15:12:45","guid":{"rendered":"https:\/\/medicaltravel.ch\/hasta-raporlari\/erfahrungsberichte-empfehlungen-behandlungen-beurteilung-tuerkei-istanbul\/antalya-dis-klinigi-hasta-yorumu\/"},"modified":"2026-01-12T17:14:53","modified_gmt":"2026-01-12T16:14:53","slug":"antalya-dis-klinigi-hasta-yorumu","status":"publish","type":"page","link":"https:\/\/medicaltravel.ch\/tr\/hasta-raporlari\/referanslar-tavsiyeler-tedaviler-degerlendirmeler-turkiye-istanbul\/antalya-dis-klinigi-hasta-yorumu\/","title":{"rendered":"Antalya Di\u015f Klini\u011fi Hasta Yorumu"},"content":{"rendered":"\n<p><strong><u>Antalya, T\u00fcrkiye&#8217;deki bir di\u015f klini\u011fi incelemem<\/u><\/strong><\/p>\n\n\n\n<p>Herkese merhaba<\/p>\n\n\n\n<p>MedicalTravel arac\u0131l\u0131\u011f\u0131yla T\u00fcrkiye&#8217;de m\u00fckemmel di\u015f tedavisi!<\/p>\n\n\n\n<p>Ge\u00e7ti\u011fimiz g\u00fcnlerde MedicalTravel arac\u0131l\u0131\u011f\u0131yla T\u00fcrkiye&#8217;de di\u015f tedavimi yapt\u0131rma f\u0131rsat\u0131m oldu ve deneyimden son derece memnun kald\u0131m. Toplam 23 adet zirkonyum kron tak\u0131ld\u0131 ve t\u00fcm s\u00fcre\u00e7 boyunca hi\u00e7bir a\u011fr\u0131 hissetmedi\u011fim i\u00e7in \u00e7ok mutluyum. <\/p>\n\n\n\n<p>Klini\u011fin en b\u00fcy\u00fck avantajlar\u0131ndan biri, b\u00fcnyesinde Almanca konu\u015fan bir ekibin bulunmas\u0131d\u0131r. \u00d6zellikle dan\u0131\u015fman\u0131m Dennis, ola\u011fan\u00fcst\u00fc bir i\u015f \u00e7\u0131kard\u0131. Son derece profesyonel, sab\u0131rl\u0131 ve yard\u0131mseverdi. T\u00fcm sorular\u0131m\u0131 sab\u0131rla yan\u0131tlad\u0131 ve her zaman kendimi rahat ve iyi bilgilendirilmi\u015f hissetmemi sa\u011flad\u0131. M\u00fckemmel hizmete olan ba\u011fl\u0131l\u0131\u011f\u0131 takdire \u015fayand\u0131.    <\/p>\n\n\n\n<p>Ancak sadece Dennis de\u011fil, t\u00fcm MedicalTravel ekibi de takdiri hak ediyor. <strong>Personel her zaman g\u00fcler y\u00fczl\u00fcyd\u00fc ve her zaman ne\u015feliydi.<\/strong> Onun olumlu tutumu ve hastalarla olan nazik yakla\u015f\u0131m\u0131, klinikteki atmosferin ho\u015f ve rahat olmas\u0131na katk\u0131 sa\u011flad\u0131.<\/p>\n\n\n\n<p>Ald\u0131\u011f\u0131m zirkonyum <a href=\"https:\/\/medicaltravel.ch\/tr\/disci-gezileri\/hizmet-yelpazesi\/kronlar-ve-kopruler-turkiye-istanbul-antalya-izmir-kusadasi\/\" data-type=\"page\" data-id=\"40\">di\u015f kurallar\u0131n\u0131n<\/a> kalitesi ola\u011fan\u00fcst\u00fc. Sadece do\u011fal g\u00f6r\u00fcnm\u00fcyorlar, ayn\u0131 zamanda b\u00f6yle hissediliyorlar da. Tedavimin nihai sonucundan son derece memnunum ve <a href=\"https:\/\/medicaltravel.ch\/tr\/disci-gezileri\/dis-klinikleri\/antalyada-dis-klinigi\/\" data-type=\"page\" data-id=\"52\">Antalya&#8217;daki di\u015f klini\u011fini<\/a> tamamen tavsiye ediyorum.  <\/p>\n\n\n\n<p>Olumlu deneyimim nedeniyle, implantlar\u0131m\u0131 yapt\u0131rmak istedi\u011fimde klini\u011fi yeniden ziyaret etmeyi planl\u0131yorum. Ekibe tamamen g\u00fcveniyorum ve bu yeni i\u015flemde de harika bir i\u015f \u00e7\u0131karacaklar\u0131na eminim. <\/p>\n\n\n\n<p>Genel olarak, MedicalTravel sayesinde <a href=\"https:\/\/medicaltravel.ch\/tr\/disci-gezileri\/dis-klinikleri\/antalyada-dis-klinigi\/\" data-type=\"page\" data-id=\"52\">T\u00fcrkiye&#8217;deki di\u015f klini\u011fini<\/a> kesinlikle tavsiye ediyorum. Dostane ve yetkin dan\u0131\u015fmanl\u0131ktan, a\u011fr\u0131s\u0131z tedaviye ve m\u00fckemmel sonuca kadar her \u015fey beklentilerimi a\u015fm\u0131\u015f durumda. Harika \u00e7al\u0131\u015fmalar\u0131ndan dolay\u0131 t\u00fcm ekibe \u00e7ok te\u015fekk\u00fcr ederim!<\/p>\n\n\n\n<p>Ali Zain Ashraf<\/p>\n\n\n\n<div class=\"wp-block-group is-layout-grid wp-container-core-group-is-layout-baef362d wp-block-group-is-layout-grid\">\n<p><a href=\"https:\/\/medicaltravel.at\/home\/agb\/\" data-type=\"page\" data-id=\"2191\" rel=\"nofollow noopener\" target=\"_blank\"><\/a><a href=\"https:\/\/medicaltravel.ch\/tr\/hasta-raporlari\/referanslar-tavsiyeler-tedaviler-degerlendirmeler-turkiye-istanbul\/hasta-degerlendirmesi-istanbul-dis-klinigi\/\" data-type=\"link\" data-id=\"https:\/\/medicaltravel.ch\/tr\/hasta-raporlari\/referanslar-tavsiyeler-tedaviler-degerlendirmeler-turkiye-istanbul\/hasta-degerlendirmesi-istanbul-dis-klinigi\/\">\u00d6nceki rapor<\/a><\/p>\n\n\n\n<p class=\"has-text-align-right wp-container-content-5e2576f9\"><a href=\"https:\/\/medicaltravel.at\/home\/impressum\/\" data-type=\"page\" data-id=\"2193\" rel=\"nofollow noopener\" target=\"_blank\"><\/a><a href=\"https:\/\/medicaltravel.at\/home\/berichte-von-patienten\/erfahrungsberichte\/erfahrungsbericht-zahnbehandlung-in-istanbul\/\" data-type=\"page\" data-id=\"981\" rel=\"nofollow noopener\" target=\"_blank\"><\/a><a href=\"https:\/\/medicaltravel.ch\/tr\/hasta-raporlari\/referanslar-tavsiyeler-tedaviler-degerlendirmeler-turkiye-istanbul\/hasta-raporu-hasta-deneyimi-degerlendirme-rinoplasti-istanbul-tuerkiye\/\" data-type=\"link\" data-id=\"https:\/\/medicaltravel.ch\/tr\/hasta-raporlari\/referanslar-tavsiyeler-tedaviler-degerlendirmeler-turkiye-istanbul\/hasta-raporu-hasta-deneyimi-degerlendirme-rinoplasti-istanbul-tuerkiye\/\">Sonraki rapor<\/a><\/p>\n<\/div>\n","protected":false},"excerpt":{"rendered":"<p>Antalya, T\u00fcrkiye&#8217;deki bir di\u015f klini\u011fi incelemem Herkese merhaba MedicalTravel arac\u0131l\u0131\u011f\u0131yla T\u00fcrkiye&#8217;de m\u00fckemmel di\u015f tedavisi! Ge\u00e7ti\u011fimiz g\u00fcnlerde MedicalTravel arac\u0131l\u0131\u011f\u0131yla T\u00fcrkiye&#8217;de di\u015f tedavimi yapt\u0131rma f\u0131rsat\u0131m oldu ve deneyimden son derece memnun kald\u0131m. Toplam 23 adet zirkonyum kron tak\u0131ld\u0131 ve t\u00fcm s\u00fcre\u00e7 boyunca hi\u00e7bir a\u011fr\u0131 hissetmedi\u011fim i\u00e7in \u00e7ok mutluyum. Klini\u011fin en b\u00fcy\u00fck avantajlar\u0131ndan biri, b\u00fcnyesinde Almanca konu\u015fan bir ekibin bulunmas\u0131d\u0131r. \u00d6zellikle dan\u0131\u015fman\u0131m Dennis, ola\u011fan\u00fcst\u00fc bir i\u015f \u00e7\u0131kard\u0131. Son derece profesyonel, sab\u0131rl\u0131 ve yard\u0131mseverdi. T\u00fcm sorular\u0131m\u0131 sab\u0131rla yan\u0131tlad\u0131 ve her zaman kendimi rahat ve iyi bilgilendirilmi\u015f hissetmemi sa\u011flad\u0131. M\u00fckemmel hizmete olan ba\u011fl\u0131l\u0131\u011f\u0131 takdire \u015fayand\u0131. Ancak sadece Dennis de\u011fil, t\u00fcm MedicalTravel ekibi de takdiri hak ediyor. Personel her zaman g\u00fcler y\u00fczl\u00fcyd\u00fc ve her zaman ne\u015feliydi. Onun olumlu tutumu ve hastalarla olan nazik yakla\u015f\u0131m\u0131, klinikteki atmosferin ho\u015f ve rahat olmas\u0131na katk\u0131 sa\u011flad\u0131. Ald\u0131\u011f\u0131m zirkonyum di\u015f kurallar\u0131n\u0131n kalitesi ola\u011fan\u00fcst\u00fc. Sadece do\u011fal g\u00f6r\u00fcnm\u00fcyorlar, ayn\u0131 zamanda b\u00f6yle hissediliyorlar da. Tedavimin nihai sonucundan son derece memnunum ve Antalya&#8217;daki di\u015f klini\u011fini tamamen tavsiye ediyorum. Olumlu deneyimim nedeniyle, implantlar\u0131m\u0131 yapt\u0131rmak istedi\u011fimde klini\u011fi yeniden ziyaret etmeyi planl\u0131yorum. Ekibe tamamen g\u00fcveniyorum ve bu yeni i\u015flemde de harika bir i\u015f \u00e7\u0131karacaklar\u0131na eminim. Genel olarak, MedicalTravel sayesinde T\u00fcrkiye&#8217;deki di\u015f klini\u011fini kesinlikle tavsiye ediyorum. Dostane ve yetkin dan\u0131\u015fmanl\u0131ktan, a\u011fr\u0131s\u0131z tedaviye ve m\u00fckemmel sonuca kadar her \u015fey beklentilerimi a\u015fm\u0131\u015f durumda. Harika \u00e7al\u0131\u015fmalar\u0131ndan dolay\u0131 t\u00fcm ekibe \u00e7ok te\u015fekk\u00fcr ederim! Ali Zain Ashraf \u00d6nceki rapor Sonraki rapor<\/p>\n","protected":false},"author":4,"featured_media":0,"parent":4587,"menu_order":0,"comment_status":"closed","ping_status":"closed","template":"","meta":{"_joinchat":[],"footnotes":""},"class_list":["post-4795","page","type-page","status-publish","hentry"],"acf":[],"_links":{"self":[{"href":"https:\/\/medicaltravel.ch\/tr\/wp-json\/wp\/v2\/pages\/4795","targetHints":{"allow":["GET"]}}],"collection":[{"href":"https:\/\/medicaltravel.ch\/tr\/wp-json\/wp\/v2\/pages"}],"about":[{"href":"https:\/\/medicaltravel.ch\/tr\/wp-json\/wp\/v2\/types\/page"}],"author":[{"embeddable":true,"href":"https:\/\/medicaltravel.ch\/tr\/wp-json\/wp\/v2\/users\/4"}],"replies":[{"embeddable":true,"href":"https:\/\/medicaltravel.ch\/tr\/wp-json\/wp\/v2\/comments?post=4795"}],"version-history":[{"count":0,"href":"https:\/\/medicaltravel.ch\/tr\/wp-json\/wp\/v2\/pages\/4795\/revisions"}],"up":[{"embeddable":true,"href":"https:\/\/medicaltravel.ch\/tr\/wp-json\/wp\/v2\/pages\/4587"}],"wp:attachment":[{"href":"https:\/\/medicaltravel.ch\/tr\/wp-json\/wp\/v2\/media?parent=4795"}],"curies":[{"name":"wp","href":"https:\/\/api.w.org\/{rel}","templated":true}]}}