{"id":4797,"date":"2025-09-23T17:46:15","date_gmt":"2025-09-23T16:46:15","guid":{"rendered":"https:\/\/medicaltravel.ch\/hasta-raporlari\/erfahrungsberichte-empfehlungen-behandlungen-beurteilung-tuerkei-istanbul\/hasta-raporu-tuerkiyede-meme-bueyuetme-16-eyluel-2015-carsamba-tarihli-rapor\/"},"modified":"2026-01-12T19:24:02","modified_gmt":"2026-01-12T18:24:02","slug":"hasta-raporu-tuerkiyede-meme-bueyuetme-16-eyluel-2015-carsamba-tarihli-rapor","status":"publish","type":"page","link":"https:\/\/medicaltravel.ch\/tr\/hasta-raporlari\/referanslar-tavsiyeler-tedaviler-degerlendirmeler-turkiye-istanbul\/hasta-raporu-tuerkiyede-meme-bueyuetme-16-eyluel-2015-carsamba-tarihli-rapor\/","title":{"rendered":"Hasta raporu \u2013 T\u00fcrkiye&#8217;de meme b\u00fcy\u00fctme \u2013 16 Eyl\u00fcl 2015 \u00c7ar\u015famba tarihli rapor"},"content":{"rendered":"\n<p>Hasta raporu \u2013 T\u00fcrkiye&#8217;de meme b\u00fcy\u00fctme \u2013 16 Eyl\u00fcl 2015 \u00c7ar\u015famba tarihli rapor<\/p>\n\n\n\n<p>Say\u0131n ilgili taraflar<\/p>\n\n\n\n<p>21 ya\u015f\u0131nday\u0131m ve \u0130svi\u00e7re&#8217;liyim.<\/p>\n\n\n\n<p>Meme ameliyat\u0131m\u0131 MedicalTravel&#8217;da yapt\u0131rmaya karar verdim.<\/p>\n\n\n\n<p>Uzun zamand\u0131r bu ameliyat\u0131 istiyordum, fakat uzun s\u00fcre \u00e7ok gen\u00e7tim ve ailem de iste\u011fimi anlayamam\u0131\u015ft\u0131. \u015eimdi daha ya\u015fl\u0131y\u0131m ve kendi param\u0131 kazan\u0131yorum, bu y\u00fczden paray\u0131 bir g\u00f6\u011f\u00fcs ameliyat\u0131 i\u00e7in biriktirece\u011fimi fark ettim. <\/p>\n\n\n\n<p>Uzun s\u00fcre bu ad\u0131m\u0131 ve hislerimi do\u011fru \u015fekilde kimseyle payla\u015famad\u0131m ve bu y\u00fczden kimseyle de konu\u015fmad\u0131m. \u0130svi\u00e7re&#8217;de iyi bir doktor arad\u0131m, ancak benim i\u00e7in sorun \u015fuydu: Ameliyat\u0131 kar\u015f\u0131layacak param yoktu. <\/p>\n\n\n\n<p>Sonra, bu konuda konu\u015fabilece\u011fim harika bir arkada\u015fl\u0131k kurdum, \u00e7\u00fcnk\u00fc bu arkada\u015f\u0131m da uzun zamand\u0131r burun ameliyat\u0131 olmak istiyordu.<\/p>\n\n\n\n<p>Birlikte internette yurt d\u0131\u015f\u0131ndaki estetik cerrahisi yapan bir doktor aray\u0131\u015f\u0131na girdik, \u00e7\u00fcnk\u00fc bu bizim i\u00e7in tek uygun fiyatl\u0131 se\u00e7enekti. Sonra &#8220;Medical Travel&#8221; sitesine denk geldik, iyi deneyim yorumlar\u0131n\u0131 okuduk ve hemen Bern&#8217;deki \u00fccretsiz randevu teklifini fark ettik, bu y\u00fczden e-posta yoluyla bir randevu ald\u0131k. 2 saatlik bir araba yolculu\u011funu g\u00f6ze al\u0131p Bern&#8217;deki Medical Travel ofisine gittik ve orada ilk kez doktorla tan\u0131\u015ft\u0131k. \u015eunu s\u00f6ylemeliyim ki, benim i\u00e7in doktorla tan\u0131\u015fmak \u00e7ok \u00f6nemliydi, yoksa asla T\u00fcrkiye&#8217;ye gitmeye karar vermezdim, \u00e7\u00fcnk\u00fc hala korkular\u0131m vard\u0131 ve endi\u015felerim vard\u0131.   <\/p>\n\n\n\n<p>Bizi dost\u00e7a kar\u015f\u0131lad\u0131lar ve bulmas\u0131 da zor de\u011fildi, \u00e7\u00fcnk\u00fc Medical Travel ofisi Bern&#8217;deki bir caddenin tam kenar\u0131ndayd\u0131. Ofis \u00e7ok b\u00fcy\u00fck de\u011fildi, ancak g\u00fczel bir \u015fekilde dekore edilmi\u015fti ve bekleme odas\u0131nda k\u00fc\u00e7\u00fck bir b\u00fcfe vard\u0131. <\/p>\n\n\n\n<p>Doktorla yapt\u0131\u011f\u0131m\u0131z muayenede, arkada\u015f\u0131m, ben, doktor ve iki terc\u00fcman vard\u0131. Hi\u00e7 kimse bizi bir \u015fey yapmaya zorlamad\u0131, bu \u00e7ok g\u00fczeldi, \u00e7\u00fcnk\u00fc akl\u0131n\u0131zdaki t\u00fcm sorular\u0131 sorma f\u0131rsat\u0131n\u0131z vard\u0131 ve hemen cevap al\u0131yorduk. Bize burun ve g\u00f6\u011f\u00fcs ameliyatlar\u0131na ait resimler g\u00f6sterdiler. Doktor, benim g\u00f6\u011fs\u00fcm\u00fc ve arkada\u015f\u0131m\u0131n burnunu h\u0131zl\u0131ca inceledi, bizi bilgilendirdi ve neyin g\u00fczel olup olmad\u0131\u011f\u0131n\u0131, en \u00f6nemlisi ise bizim taleplerimizi \u00e7ok iyi anlad\u0131.   <\/p>\n\n\n\n<p>Uzun s\u00fcre g\u00f6\u011f\u00fcs ameliyat\u0131 konusunda korkum vard\u0131, \u00e7\u00fcnk\u00fc benim i\u00e7in g\u00fcnl\u00fck sporumu yapabilmek ger\u00e7ekten \u00e7ok \u00f6nemliydi ve yan etkilerden korkuyordum (bunlar hala benim i\u00e7in ge\u00e7erli olabilir, implant etraf\u0131nda kaps\u00fcl olu\u015fumu gibi sorunlar olabilir, \u00e7\u00fcnk\u00fc her v\u00fccut farkl\u0131 tepki verir ve %100 bir g\u00fcvenlik yoktur). Bern&#8217;deki randevudan sonra tabii ki kafamda binlerce ba\u015fka soru belirdi ve bunlar\u0131 s\u00fcrekli olarak Medical Travel ekibine e-posta yoluyla sordum. Her defas\u0131nda, doktorla ileti\u015fim kurarak bana en h\u0131zl\u0131 \u015fekilde cevap verdiler. Bu \u00e7ok ho\u015fuma gitti, \u00e7\u00fcnk\u00fc her zaman cevap verdiler ve asla s\u0131k\u0131lmadan h\u0131zl\u0131 bir \u015fekilde yan\u0131t ald\u0131m. Karar\u0131m\u0131 verebilene kadar \u00e7ok zaman\u0131m oldu, ancak ameliyat tarihinden iki hafta \u00f6nce bu karar\u0131 verdim. Sonras\u0131nda t\u00fcm belgelerim h\u0131zl\u0131 bir \u015fekilde geldi: u\u00e7ak bileti, otel ve t\u00fcm \u00f6nemli verilerimle ki\u015fisel pasaportum, ameliyat tarihleri ve t\u00fcm takip kontrolleri. Ayr\u0131ca \u0130stanbul&#8217;daki turist ziyaretleri i\u00e7in iyi \u00f6neriler ve bir \u015fehir haritas\u0131 da dahil edilmi\u015fti.     <\/p>\n\n\n\n<p>Benim i\u00e7in do\u011fru karar, arkada\u015f\u0131m\u0131n ayn\u0131 otel odas\u0131nda kalmak ve onunla birlikte tekrar \u0130svi\u00e7re&#8217;ye d\u00f6nmekti. Arkada\u015f\u0131m benden 3 g\u00fcn \u00f6nce T\u00fcrkiye&#8217;ye gitmi\u015fti ve dolay\u0131s\u0131yla ameliyat\u0131 da benden \u00f6nce oldu, yani beni yan\u0131na alarak gitmi\u015fti. O y\u00fczden beni s\u00fcrekli bilgilendirdi ve onun ameliyat\u0131 sorunsuz ge\u00e7ti, bu y\u00fczden cesaretimi toplad\u0131m ve sonra yaln\u0131z ba\u015f\u0131ma T\u00fcrkiye&#8217;ye gittim, arkada\u015f\u0131m beni orada bekliyordu.  <\/p>\n\n\n\n<p>U\u00e7u\u015f bilgilerimi i\u00e7eren bir k\u00fc\u00e7\u00fck kitap\u00e7\u0131\u011f\u0131 alm\u0131\u015ft\u0131m, sadece check-in yap\u0131p u\u00e7ak biletimi almak i\u00e7in s\u0131raya girmem gerekiyordu. Her \u015fey \u00e7ok h\u0131zl\u0131 ve g\u00fcvenilir bir \u015fekilde ger\u00e7ekle\u015fti, u\u00e7u\u015f zaman\u0131nda kalkt\u0131 ve T\u00fcrk Hava Yollar\u0131&#8217;ndaki herkes \u00e7ok dost canl\u0131s\u0131yd\u0131 ve \u00f6zellikle harika bir organizasyona sahipti. T\u00fcrkiye&#8217;ye indi\u011fimde, k\u00fc\u00e7\u00fck bir otob\u00fcs t\u00fcm yolcular\u0131 al\u0131p bizi havaalan\u0131na g\u00f6t\u00fcrd\u00fc, pasaport kontrol\u00fc de sorunsuz ge\u00e7ti ve valizim de \u00e7ok h\u0131zl\u0131 geldi. Havaalan\u0131ndan \u00e7\u0131k\u0131p, kitap\u00e7\u0131kta yazan yerde beklemeye ba\u015flad\u0131m, ancak kimse yoktu. Ayr\u0131ca, \u0130stanbul&#8217;un b\u00fcy\u00fck bir \u015fehir oldu\u011fu ve trafik yo\u011funlu\u011fu nedeniyle 30 dakikaya kadar gecikme olabilece\u011fi belirtilmi\u015fti. Bu y\u00fczden sab\u0131rs\u0131zlan\u0131p \u0130svi\u00e7re&#8217;deki organizasyonu arad\u0131m, hemen a\u00e7t\u0131lar ve k\u0131sa s\u00fcre i\u00e7inde birinin gelece\u011fini, orada beklememi s\u00f6ylediler, ve ger\u00e7ekten de \u00e7ok ge\u00e7meden biri geldi ve beni arabayla otele, arkada\u015f\u0131m\u0131n yan\u0131na g\u00f6t\u00fcrd\u00fc. Otelde de herkes \u00e7ok dost\u00e7ayd\u0131 ve arkada\u015f\u0131m\u0131n yan\u0131mda kalmamda hi\u00e7 bir sorun olmad\u0131.<br>Ayr\u0131ca, ald\u0131\u011f\u0131m kitap\u00e7\u0131kta, ak\u015fam 12&#8217;den sonra hi\u00e7bir \u015fey yememen ve sabah ameliyat \u00f6ncesinde de hi\u00e7bir \u015fey yememen gerekti\u011fi a\u00e7\u0131k\u00e7a belirtilmi\u015fti, ben de tam olarak b\u00f6yle yapt\u0131m.        <\/p>\n\n\n\n<p>Sonra taksiyle hastaneye g\u00f6t\u00fcr\u00fcld\u00fcm, ancak asl\u0131nda y\u00fcr\u00fcyerek \u00e7ok daha h\u0131zl\u0131 olabilirdim. Hastaneye vard\u0131\u011f\u0131mda, Almanya&#8217;da b\u00fcy\u00fcm\u00fc\u015f, hem m\u00fckemmel derecede do\u011fru bir Almanca hem de T\u00fcrk\u00e7e konu\u015fan bir T\u00fcrkle tan\u0131\u015ft\u0131m. O, beni birka\u00e7 g\u00fcn boyunca yaln\u0131z b\u0131rakmad\u0131 ve terc\u00fcman\u0131m oldu, onu \u00e7ok sevdim. Bu s\u00fcre zarf\u0131nda, bana destek olan, annem gibi hissettiren biriydi. Bize cesaret verdi, korkular\u0131m\u0131z\u0131 ald\u0131 ve her zaman bizim i\u00e7in vakit ay\u0131rd\u0131. Her \u015fey \u00e7ok h\u0131zl\u0131yd\u0131, odam\u0131 ald\u0131m, de\u011ferli e\u015fyalar\u0131m\u0131 koyabilece\u011fim bir kasa verildi, kan\u0131m al\u0131nd\u0131 ve b\u00f6yle bir ameliyat \u00f6ncesi yap\u0131lmas\u0131 gereken t\u00fcm testler yap\u0131ld\u0131. Ayr\u0131ca gerekli formlar dolduruldu ve di\u011fer prosed\u00fcrler ger\u00e7ekle\u015ftirildi.    <\/p>\n\n\n\n<p>Sonras\u0131nda koluma bir damar yolu tak\u0131ld\u0131, hastane elbiselerimi giymem gerekti, bir sakinle\u015ftirici verildi ve beni hemen ameliyathaneye g\u00f6t\u00fcrd\u00fcler. Orada her \u015fey \u00e7ok h\u0131zl\u0131 ilerledi. Hat\u0131rlad\u0131\u011f\u0131m tek \u015fey, ameliyattan sonra operasyon odas\u0131nda uyand\u0131\u011f\u0131mda herkesin konu\u015ftu\u011fuydu, ancak ben sadece uyumak istiyordum. Sonras\u0131nda beni tekrar hastane odama g\u00f6t\u00fcrd\u00fcler, bir gece boyunca kalmam gerekti ve s\u00fcrekli kontrol alt\u0131nda oldum.   <\/p>\n\n\n\n<p>Ameliyat sonras\u0131 gece benim i\u00e7in \u00e7ok zor ge\u00e7ti, a\u011fr\u0131lar\u0131m vard\u0131 ve her saat ba\u015f\u0131 damar yolumdan a\u011fr\u0131 kesici al\u0131yordum. Ayr\u0131ca, inf\u00fczyona ba\u011fl\u0131 oldu\u011fum i\u00e7in s\u0131k s\u0131k tuvalete gitmem gerekiyordu. Ne yaz\u0131k ki, yaln\u0131z ba\u015f\u0131ma tuvalete gidemiyordum (\u00e7ok zay\u0131ft\u0131m ve a\u011fr\u0131lar\u0131m \u00e7ok fazlayd\u0131), bu y\u00fczden s\u00fcrekli hem\u015fireyi \u00e7a\u011f\u0131rmak zorunda kald\u0131m. <\/p>\n\n\n\n<p>Bunu t\u00fcm kalbimle s\u00f6ylemeliyim ki, ben de \u0130svi\u00e7re&#8217;de bir hastanede \u00e7al\u0131\u015f\u0131yorum ve hi\u00e7 kimse bana b\u00f6yle harika, nazik ve de\u011ferli bir \u015fekilde muamele etmedi. Hem\u015firelerden b\u00f6yle bir ameliyat ge\u00e7irdi\u011fim i\u00e7in biraz utanm\u0131\u015ft\u0131m ama hi\u00e7biri bana bunun anormal oldu\u011funu hissettirmedi. B\u00fct\u00fcn gece boyunca bana ilgilendiler ve tuvalette bay\u0131lma hissi ya\u015fad\u0131\u011f\u0131mda hemen m\u00fcdahale ettiler, bunu kimse daha iyi yapamazd\u0131. Beni, her \u015feyin d\u00fcnyadaki en normal \u015feymi\u015f gibi tedavi ettiler. Orada \u00e7ok rahat hissettim ve asl\u0131nda gitmek istemedim.    <\/p>\n\n\n\n<p>Ertesi sabah tekrar otele d\u00f6nmem gerekti, yine taksiyle geri g\u00f6t\u00fcr\u00fcld\u00fcm. Otelde \u00e7ok ba\u011f\u0131ms\u0131z de\u011fildim ve bug\u00fcn hala \u015f\u00fckrediyorum ki yan\u0131mda arkada\u015f\u0131m vard\u0131. <\/p>\n\n\n\n<p>\u00dc\u00e7\u00fcnc\u00fc g\u00fcn tekrar hastaneye gitmem gerekiyordu, drenajlar\u0131m\u0131 ald\u0131rmam i\u00e7in. Bu olduk\u00e7a ac\u0131l\u0131yd\u0131 ama onlar\u0131 kaybetti\u011fimde \u00e7ok sevindim, \u00e7\u00fcnk\u00fc sonras\u0131nda her ge\u00e7en g\u00fcn kendimi daha iyi hissetmeye ba\u015flad\u0131m ve b\u00f6ylece d\u00f6n\u00fc\u015f u\u00e7u\u015fuma da \u00e7\u0131kabildim. Sonras\u0131nda \u00fc\u00e7 hafta boyunca, hatta \u0130svi\u00e7re&#8217;de bile giymem gereken bir korse takt\u0131m. E\u011fer bol k\u0131yafetler giysem de g\u00f6r\u00fcnm\u00fcyordu, ama tabii ki \u00e7ok rahat de\u011fildi ve \u00e7ok terliyordum, ama bu bir zorunluluktu. <\/p>\n\n\n\n<p>Medical Travel ekibine ve doktora t\u00fcm kalbimle te\u015fekk\u00fcr etmek istiyorum. Bu harika deneyim i\u00e7in ger\u00e7ekten minnettar\u0131m. En b\u00fcy\u00fck dileklerimden biri ger\u00e7ekle\u015fti ve Medical Travel sayesinde daha iyisi olamazd\u0131. M\u00fckemmel organizasyonunuz ve bana g\u00f6sterdi\u011finiz nazik ilgi i\u00e7in te\u015fekk\u00fcr ederim. Kendimi uzun zamand\u0131r bu kadar rahat ve anla\u015f\u0131lm\u0131\u015f hissetmemi\u015ftim. Bug\u00fcn yine g\u00f6\u011f\u00fcslerimi sizde yapt\u0131r\u0131rd\u0131m ya da ba\u015fka bir i\u015flem yapt\u0131r\u0131rd\u0131m. Medical Travel\u2019\u0131 %100 tavsiye ediyorum.<br>Bir de \u015funu belirtmek isterim, arkada\u015f\u0131m ve ben ameliyat sonras\u0131 \u0130stanbul&#8217;u gezmeye gittik. T\u00fcm bunlar \u00e7\u0131lg\u0131nca g\u00f6r\u00fcn\u00fcyor ama ger\u00e7ekten \u00f6yle, \u00e7\u00fcnk\u00fc hala a\u011fr\u0131lar\u0131m vard\u0131 ama \u0130stanbul&#8217;dan hi\u00e7bir \u015feyi ka\u00e7\u0131rmak istemedim. Bu y\u00fczden bir g\u00fcn i\u00e7inde iki kez taksiye binip bir kez limana, bir kez de al\u0131\u015fveri\u015f caddesine gittik. Olduk\u00e7a yorgundum ve \u00e7ok bitkindim ama her \u015fey buna de\u011ferdi \u00e7\u00fcnk\u00fc \u0130stanbul ger\u00e7ekten \u00e7ok g\u00fczel, romantik ve enerjik bir \u015fehir. \u0130lk kez oradayd\u0131m ve \u015fimdi favori \u015fehirlerimden biri oldu.    <\/p>\n\n\n\n<p>Her \u015fey i\u00e7in te\u015fekk\u00fcr ederim.<\/p>\n\n\n\n<p>E. Perella<\/p>\n\n\n\n<div class=\"wp-block-group is-layout-grid wp-container-core-group-is-layout-baef362d wp-block-group-is-layout-grid\">\n<p><a href=\"https:\/\/medicaltravel.at\/home\/agb\/\" data-type=\"page\" data-id=\"2191\" rel=\"nofollow noopener\" target=\"_blank\"><\/a><a href=\"https:\/\/medicaltravel.ch\/tr\/hasta-raporlari\/referanslar-tavsiyeler-tedaviler-degerlendirmeler-turkiye-istanbul\/medicaltravel-ile-istanbulda-yaptirdigim-fue-sac-ekimi-deneyimim-hakkinda-raporum-28-ekim-2015-carsamba-tarihli-rapor\/\" data-type=\"link\" data-id=\"https:\/\/medicaltravel.ch\/tr\/hasta-raporlari\/referanslar-tavsiyeler-tedaviler-degerlendirmeler-turkiye-istanbul\/medicaltravel-ile-istanbulda-yaptirdigim-fue-sac-ekimi-deneyimim-hakkinda-raporum-28-ekim-2015-carsamba-tarihli-rapor\/\">\u00d6nceki rapor<\/a><\/p>\n\n\n\n<p class=\"has-text-align-right wp-container-content-5e2576f9\"><a href=\"https:\/\/medicaltravel.at\/home\/impressum\/\" data-type=\"page\" data-id=\"2193\" rel=\"nofollow noopener\" target=\"_blank\"><\/a><a href=\"https:\/\/medicaltravel.at\/home\/berichte-von-patienten\/erfahrungsberichte\/erfahrungsbericht-zahnbehandlung-in-istanbul\/\" data-type=\"page\" data-id=\"981\" rel=\"nofollow noopener\" target=\"_blank\"><\/a><a href=\"https:\/\/medicaltravel.ch\/tr\/hasta-raporlari\/referanslar-tavsiyeler-tedaviler-degerlendirmeler-turkiye-istanbul\/istanbulda-meme-diklestirme-ameliyatim-nisan-2015-27-agustos-2015-persembe-tarihli-rapor\/\" data-type=\"link\" data-id=\"https:\/\/medicaltravel.ch\/tr\/hasta-raporlari\/referanslar-tavsiyeler-tedaviler-degerlendirmeler-turkiye-istanbul\/istanbulda-meme-diklestirme-ameliyatim-nisan-2015-27-agustos-2015-persembe-tarihli-rapor\/\">Sonraki rapor<\/a><\/p>\n<\/div>\n","protected":false},"excerpt":{"rendered":"<p>Hasta raporu \u2013 T\u00fcrkiye&#8217;de meme b\u00fcy\u00fctme \u2013 16 Eyl\u00fcl 2015 \u00c7ar\u015famba tarihli rapor Say\u0131n ilgili taraflar 21 ya\u015f\u0131nday\u0131m ve \u0130svi\u00e7re&#8217;liyim. Meme ameliyat\u0131m\u0131 MedicalTravel&#8217;da yapt\u0131rmaya karar verdim. Uzun zamand\u0131r bu ameliyat\u0131 istiyordum, fakat uzun s\u00fcre \u00e7ok gen\u00e7tim ve ailem de iste\u011fimi anlayamam\u0131\u015ft\u0131. \u015eimdi daha ya\u015fl\u0131y\u0131m ve kendi param\u0131 kazan\u0131yorum, bu y\u00fczden paray\u0131 bir g\u00f6\u011f\u00fcs ameliyat\u0131 i\u00e7in biriktirece\u011fimi fark ettim. Uzun s\u00fcre bu ad\u0131m\u0131 ve hislerimi do\u011fru \u015fekilde kimseyle payla\u015famad\u0131m ve bu y\u00fczden kimseyle de konu\u015fmad\u0131m. \u0130svi\u00e7re&#8217;de iyi bir doktor arad\u0131m, ancak benim i\u00e7in sorun \u015fuydu: Ameliyat\u0131 kar\u015f\u0131layacak param yoktu. Sonra, bu konuda konu\u015fabilece\u011fim harika bir arkada\u015fl\u0131k kurdum, \u00e7\u00fcnk\u00fc bu arkada\u015f\u0131m da uzun zamand\u0131r burun ameliyat\u0131 olmak istiyordu. Birlikte internette yurt d\u0131\u015f\u0131ndaki estetik cerrahisi yapan bir doktor aray\u0131\u015f\u0131na girdik, \u00e7\u00fcnk\u00fc bu bizim i\u00e7in tek uygun fiyatl\u0131 se\u00e7enekti. Sonra &#8220;Medical Travel&#8221; sitesine denk geldik, iyi deneyim yorumlar\u0131n\u0131 okuduk ve hemen Bern&#8217;deki \u00fccretsiz randevu teklifini fark ettik, bu y\u00fczden e-posta yoluyla bir randevu ald\u0131k. 2 saatlik bir araba yolculu\u011funu g\u00f6ze al\u0131p Bern&#8217;deki Medical Travel ofisine gittik ve orada ilk kez doktorla tan\u0131\u015ft\u0131k. \u015eunu s\u00f6ylemeliyim ki, benim i\u00e7in doktorla tan\u0131\u015fmak \u00e7ok \u00f6nemliydi, yoksa asla T\u00fcrkiye&#8217;ye gitmeye karar vermezdim, \u00e7\u00fcnk\u00fc hala korkular\u0131m vard\u0131 ve endi\u015felerim vard\u0131. Bizi dost\u00e7a kar\u015f\u0131lad\u0131lar ve bulmas\u0131 da zor de\u011fildi, \u00e7\u00fcnk\u00fc Medical Travel ofisi Bern&#8217;deki bir caddenin tam kenar\u0131ndayd\u0131. Ofis \u00e7ok b\u00fcy\u00fck de\u011fildi, ancak g\u00fczel bir \u015fekilde dekore edilmi\u015fti ve bekleme odas\u0131nda k\u00fc\u00e7\u00fck bir b\u00fcfe vard\u0131. Doktorla yapt\u0131\u011f\u0131m\u0131z muayenede, arkada\u015f\u0131m, ben, doktor ve iki terc\u00fcman vard\u0131. Hi\u00e7 kimse bizi bir \u015fey yapmaya zorlamad\u0131, bu \u00e7ok g\u00fczeldi, \u00e7\u00fcnk\u00fc akl\u0131n\u0131zdaki t\u00fcm sorular\u0131 sorma f\u0131rsat\u0131n\u0131z vard\u0131 ve hemen cevap al\u0131yorduk. Bize burun ve g\u00f6\u011f\u00fcs ameliyatlar\u0131na ait resimler g\u00f6sterdiler. Doktor, benim g\u00f6\u011fs\u00fcm\u00fc ve arkada\u015f\u0131m\u0131n burnunu h\u0131zl\u0131ca inceledi, bizi bilgilendirdi ve neyin g\u00fczel olup olmad\u0131\u011f\u0131n\u0131, en \u00f6nemlisi ise bizim taleplerimizi \u00e7ok iyi anlad\u0131. Uzun s\u00fcre g\u00f6\u011f\u00fcs ameliyat\u0131 konusunda korkum vard\u0131, \u00e7\u00fcnk\u00fc benim i\u00e7in g\u00fcnl\u00fck sporumu yapabilmek ger\u00e7ekten \u00e7ok \u00f6nemliydi ve yan etkilerden korkuyordum (bunlar hala benim i\u00e7in ge\u00e7erli olabilir, implant etraf\u0131nda kaps\u00fcl olu\u015fumu gibi sorunlar olabilir, \u00e7\u00fcnk\u00fc her v\u00fccut farkl\u0131 tepki verir ve %100 bir g\u00fcvenlik yoktur). Bern&#8217;deki randevudan sonra tabii ki kafamda binlerce ba\u015fka soru belirdi ve bunlar\u0131 s\u00fcrekli olarak Medical Travel ekibine e-posta yoluyla sordum. Her defas\u0131nda, doktorla ileti\u015fim kurarak bana en h\u0131zl\u0131 \u015fekilde cevap verdiler. Bu \u00e7ok ho\u015fuma gitti, \u00e7\u00fcnk\u00fc her zaman cevap verdiler ve asla s\u0131k\u0131lmadan h\u0131zl\u0131 bir \u015fekilde yan\u0131t ald\u0131m. Karar\u0131m\u0131 verebilene kadar \u00e7ok zaman\u0131m oldu, ancak ameliyat tarihinden iki hafta \u00f6nce bu karar\u0131 verdim. Sonras\u0131nda t\u00fcm belgelerim h\u0131zl\u0131 bir \u015fekilde geldi: u\u00e7ak bileti, otel ve t\u00fcm \u00f6nemli verilerimle ki\u015fisel pasaportum, ameliyat tarihleri ve t\u00fcm takip kontrolleri. Ayr\u0131ca \u0130stanbul&#8217;daki turist ziyaretleri i\u00e7in iyi \u00f6neriler ve bir \u015fehir haritas\u0131 da dahil edilmi\u015fti. Benim i\u00e7in do\u011fru karar, arkada\u015f\u0131m\u0131n ayn\u0131 otel odas\u0131nda kalmak ve onunla birlikte tekrar \u0130svi\u00e7re&#8217;ye d\u00f6nmekti. Arkada\u015f\u0131m benden 3 g\u00fcn \u00f6nce T\u00fcrkiye&#8217;ye gitmi\u015fti ve dolay\u0131s\u0131yla ameliyat\u0131 da benden \u00f6nce oldu, yani beni yan\u0131na alarak gitmi\u015fti. O y\u00fczden beni s\u00fcrekli bilgilendirdi ve onun ameliyat\u0131 sorunsuz ge\u00e7ti, bu y\u00fczden cesaretimi toplad\u0131m ve sonra yaln\u0131z ba\u015f\u0131ma T\u00fcrkiye&#8217;ye gittim, arkada\u015f\u0131m beni orada bekliyordu. U\u00e7u\u015f bilgilerimi i\u00e7eren bir k\u00fc\u00e7\u00fck kitap\u00e7\u0131\u011f\u0131 alm\u0131\u015ft\u0131m, sadece check-in yap\u0131p u\u00e7ak biletimi almak i\u00e7in s\u0131raya girmem gerekiyordu. Her \u015fey \u00e7ok h\u0131zl\u0131 ve g\u00fcvenilir bir \u015fekilde ger\u00e7ekle\u015fti, u\u00e7u\u015f zaman\u0131nda kalkt\u0131 ve T\u00fcrk Hava Yollar\u0131&#8217;ndaki herkes \u00e7ok dost canl\u0131s\u0131yd\u0131 ve \u00f6zellikle harika bir organizasyona sahipti. T\u00fcrkiye&#8217;ye indi\u011fimde, k\u00fc\u00e7\u00fck bir otob\u00fcs t\u00fcm yolcular\u0131 al\u0131p bizi havaalan\u0131na g\u00f6t\u00fcrd\u00fc, pasaport kontrol\u00fc de sorunsuz ge\u00e7ti ve valizim de \u00e7ok h\u0131zl\u0131 geldi. Havaalan\u0131ndan \u00e7\u0131k\u0131p, kitap\u00e7\u0131kta yazan yerde beklemeye ba\u015flad\u0131m, ancak kimse yoktu. Ayr\u0131ca, \u0130stanbul&#8217;un b\u00fcy\u00fck bir \u015fehir oldu\u011fu ve trafik yo\u011funlu\u011fu nedeniyle 30 dakikaya kadar gecikme olabilece\u011fi belirtilmi\u015fti. Bu y\u00fczden sab\u0131rs\u0131zlan\u0131p \u0130svi\u00e7re&#8217;deki organizasyonu arad\u0131m, hemen a\u00e7t\u0131lar ve k\u0131sa s\u00fcre i\u00e7inde birinin gelece\u011fini, orada beklememi s\u00f6ylediler, ve ger\u00e7ekten de \u00e7ok ge\u00e7meden biri geldi ve beni arabayla otele, arkada\u015f\u0131m\u0131n yan\u0131na g\u00f6t\u00fcrd\u00fc. Otelde de herkes \u00e7ok dost\u00e7ayd\u0131 ve arkada\u015f\u0131m\u0131n yan\u0131mda kalmamda hi\u00e7 bir sorun olmad\u0131.Ayr\u0131ca, ald\u0131\u011f\u0131m kitap\u00e7\u0131kta, ak\u015fam 12&#8217;den sonra hi\u00e7bir \u015fey yememen ve sabah ameliyat \u00f6ncesinde de hi\u00e7bir \u015fey yememen gerekti\u011fi a\u00e7\u0131k\u00e7a belirtilmi\u015fti, ben de tam olarak b\u00f6yle yapt\u0131m. Sonra taksiyle hastaneye g\u00f6t\u00fcr\u00fcld\u00fcm, ancak asl\u0131nda y\u00fcr\u00fcyerek \u00e7ok daha h\u0131zl\u0131 olabilirdim. Hastaneye vard\u0131\u011f\u0131mda, Almanya&#8217;da b\u00fcy\u00fcm\u00fc\u015f, hem m\u00fckemmel derecede do\u011fru bir Almanca hem de T\u00fcrk\u00e7e konu\u015fan bir T\u00fcrkle tan\u0131\u015ft\u0131m. O, beni birka\u00e7 g\u00fcn boyunca yaln\u0131z b\u0131rakmad\u0131 ve terc\u00fcman\u0131m oldu, onu \u00e7ok sevdim. Bu s\u00fcre zarf\u0131nda, bana destek olan, annem gibi hissettiren biriydi. Bize cesaret verdi, korkular\u0131m\u0131z\u0131 ald\u0131 ve her zaman bizim i\u00e7in vakit ay\u0131rd\u0131. Her \u015fey \u00e7ok h\u0131zl\u0131yd\u0131, odam\u0131 ald\u0131m, de\u011ferli e\u015fyalar\u0131m\u0131 koyabilece\u011fim bir kasa verildi, kan\u0131m al\u0131nd\u0131 ve b\u00f6yle bir ameliyat \u00f6ncesi yap\u0131lmas\u0131 gereken t\u00fcm testler yap\u0131ld\u0131. Ayr\u0131ca gerekli formlar dolduruldu ve di\u011fer prosed\u00fcrler ger\u00e7ekle\u015ftirildi. Sonras\u0131nda koluma bir damar yolu tak\u0131ld\u0131, hastane elbiselerimi giymem gerekti, bir sakinle\u015ftirici verildi ve beni hemen ameliyathaneye g\u00f6t\u00fcrd\u00fcler. Orada her \u015fey \u00e7ok h\u0131zl\u0131 ilerledi. Hat\u0131rlad\u0131\u011f\u0131m tek \u015fey, ameliyattan sonra operasyon odas\u0131nda uyand\u0131\u011f\u0131mda herkesin konu\u015ftu\u011fuydu, ancak ben sadece uyumak istiyordum. Sonras\u0131nda beni tekrar hastane odama g\u00f6t\u00fcrd\u00fcler, bir gece boyunca kalmam gerekti ve s\u00fcrekli kontrol alt\u0131nda oldum. Ameliyat sonras\u0131 gece benim i\u00e7in \u00e7ok zor ge\u00e7ti, a\u011fr\u0131lar\u0131m vard\u0131 ve her saat ba\u015f\u0131 damar yolumdan a\u011fr\u0131 kesici al\u0131yordum. Ayr\u0131ca, inf\u00fczyona ba\u011fl\u0131 oldu\u011fum i\u00e7in s\u0131k s\u0131k tuvalete gitmem gerekiyordu. Ne yaz\u0131k ki, yaln\u0131z ba\u015f\u0131ma tuvalete gidemiyordum (\u00e7ok zay\u0131ft\u0131m ve a\u011fr\u0131lar\u0131m \u00e7ok fazlayd\u0131), bu y\u00fczden s\u00fcrekli hem\u015fireyi \u00e7a\u011f\u0131rmak zorunda kald\u0131m. Bunu t\u00fcm kalbimle s\u00f6ylemeliyim ki, ben de \u0130svi\u00e7re&#8217;de bir hastanede \u00e7al\u0131\u015f\u0131yorum ve hi\u00e7 kimse bana b\u00f6yle harika, nazik ve de\u011ferli bir \u015fekilde muamele etmedi. Hem\u015firelerden b\u00f6yle bir ameliyat ge\u00e7irdi\u011fim i\u00e7in biraz utanm\u0131\u015ft\u0131m ama hi\u00e7biri bana bunun anormal oldu\u011funu hissettirmedi. B\u00fct\u00fcn gece boyunca bana ilgilendiler ve tuvalette bay\u0131lma hissi ya\u015fad\u0131\u011f\u0131mda hemen m\u00fcdahale ettiler, bunu kimse daha iyi yapamazd\u0131. Beni, her \u015feyin d\u00fcnyadaki en normal \u015feymi\u015f gibi tedavi ettiler. Orada \u00e7ok rahat hissettim ve asl\u0131nda gitmek istemedim. Ertesi sabah tekrar otele d\u00f6nmem gerekti, yine taksiyle geri g\u00f6t\u00fcr\u00fcld\u00fcm. Otelde \u00e7ok ba\u011f\u0131ms\u0131z de\u011fildim ve bug\u00fcn hala \u015f\u00fckrediyorum ki yan\u0131mda arkada\u015f\u0131m vard\u0131. \u00dc\u00e7\u00fcnc\u00fc g\u00fcn tekrar hastaneye gitmem gerekiyordu, drenajlar\u0131m\u0131 ald\u0131rmam i\u00e7in. Bu olduk\u00e7a ac\u0131l\u0131yd\u0131 ama onlar\u0131 kaybetti\u011fimde \u00e7ok sevindim, \u00e7\u00fcnk\u00fc sonras\u0131nda her ge\u00e7en g\u00fcn kendimi daha iyi hissetmeye ba\u015flad\u0131m ve b\u00f6ylece d\u00f6n\u00fc\u015f u\u00e7u\u015fuma da \u00e7\u0131kabildim. Sonras\u0131nda \u00fc\u00e7 hafta boyunca, hatta \u0130svi\u00e7re&#8217;de bile giymem gereken bir korse takt\u0131m. E\u011fer bol k\u0131yafetler giysem de g\u00f6r\u00fcnm\u00fcyordu, ama tabii ki \u00e7ok rahat<\/p>\n","protected":false},"author":4,"featured_media":0,"parent":4587,"menu_order":0,"comment_status":"closed","ping_status":"closed","template":"","meta":{"_joinchat":[],"footnotes":""},"class_list":["post-4797","page","type-page","status-publish","hentry"],"acf":[],"_links":{"self":[{"href":"https:\/\/medicaltravel.ch\/tr\/wp-json\/wp\/v2\/pages\/4797","targetHints":{"allow":["GET"]}}],"collection":[{"href":"https:\/\/medicaltravel.ch\/tr\/wp-json\/wp\/v2\/pages"}],"about":[{"href":"https:\/\/medicaltravel.ch\/tr\/wp-json\/wp\/v2\/types\/page"}],"author":[{"embeddable":true,"href":"https:\/\/medicaltravel.ch\/tr\/wp-json\/wp\/v2\/users\/4"}],"replies":[{"embeddable":true,"href":"https:\/\/medicaltravel.ch\/tr\/wp-json\/wp\/v2\/comments?post=4797"}],"version-history":[{"count":0,"href":"https:\/\/medicaltravel.ch\/tr\/wp-json\/wp\/v2\/pages\/4797\/revisions"}],"up":[{"embeddable":true,"href":"https:\/\/medicaltravel.ch\/tr\/wp-json\/wp\/v2\/pages\/4587"}],"wp:attachment":[{"href":"https:\/\/medicaltravel.ch\/tr\/wp-json\/wp\/v2\/media?parent=4797"}],"curies":[{"name":"wp","href":"https:\/\/api.w.org\/{rel}","templated":true}]}}