{"id":4801,"date":"2025-09-23T17:37:56","date_gmt":"2025-09-23T16:37:56","guid":{"rendered":"https:\/\/medicaltravel.ch\/hasta-raporlari\/erfahrungsberichte-empfehlungen-behandlungen-beurteilung-tuerkei-istanbul\/hasta-raporu-istanbulda-fue-yoentemiyle-sac-ekimi-8-ocak-2016-cuma-tarihli-rapor\/"},"modified":"2026-01-12T19:19:53","modified_gmt":"2026-01-12T18:19:53","slug":"hasta-raporu-istanbulda-fue-yoentemiyle-sac-ekimi-8-ocak-2016-cuma-tarihli-rapor","status":"publish","type":"page","link":"https:\/\/medicaltravel.ch\/tr\/hasta-raporlari\/referanslar-tavsiyeler-tedaviler-degerlendirmeler-turkiye-istanbul\/hasta-raporu-istanbulda-fue-yoentemiyle-sac-ekimi-8-ocak-2016-cuma-tarihli-rapor\/","title":{"rendered":"HASTA RAPORU &#8211; \u0130STANBUL&#8217;DA FUE Y\u00d6NTEM\u0130YLE SA\u00c7 EK\u0130M\u0130 &#8211; 8 Ocak 2016 Cuma Tarihli Rapor"},"content":{"rendered":"\n<p>HASTA RAPORU &#8211; \u0130STANBUL&#8217;DA FUE Y\u00d6NTEM\u0130YLE SA\u00c7 EK\u0130M\u0130 &#8211; 8 Ocak 2016 Cuma Tarihli Rapor<\/p>\n\n\n\n<p>26 ya\u015f\u0131nday\u0131m ve yo\u011fun sa\u00e7 d\u00f6k\u00fclmesi ya\u015fad\u0131\u011f\u0131m i\u00e7in k\u0131sa s\u00fcre \u00f6nce T\u00fcrkiye\u2019de sa\u00e7 ekimi yapt\u0131rmaya karar verdim. Ba\u015flang\u0131\u00e7ta sa\u00e7 kayb\u0131n\u0131n beni sand\u0131\u011f\u0131mdan daha fazla etkiledi\u011fini kabul etmek istemedim. Ancak zamanla bunun b\u00f6yle olmad\u0131\u011f\u0131n\u0131 kendime itiraf etmek zorunda kald\u0131m. G\u00fcn\u00fcm\u00fczde bu konuyu saklamamak ve a\u00e7\u0131k\u00e7a konu\u015fmak gerekti\u011fini d\u00fc\u015f\u00fcn\u00fcyorum; fakat bunun i\u00e7in biraz cesaret ve kesinlikle ciddi bir psikolojik e\u015fik a\u015fmak gerekiyor.  <\/p>\n\n\n\n<p>\u00d6ncelikle internette olas\u0131 tedavi y\u00f6ntemlerini ara\u015ft\u0131rd\u0131m, farkl\u0131 firmalar\u0131 ve fiyatlar\u0131 kar\u015f\u0131la\u015ft\u0131rd\u0131m, akraba \u00e7evreme sordum. Sonunda bir arkada\u015f\u0131m\u0131n tavsiyesiyle MedicalTravel\u2019e ula\u015ft\u0131m. Arkada\u015f\u0131m\u0131n s\u00fcrecini aylar boyunca yak\u0131ndan takip edebildim ve ortaya \u00e7\u0131kan sonu\u00e7tan ger\u00e7ekten \u00e7ok etkilendim. <\/p>\n\n\n\n<p>Daha sonra MedicalTravel ile bizzat ileti\u015fime ge\u00e7tim ve bir fiyat teklifi talep ettim. Bunun ard\u0131ndan s\u00fcre\u00e7le ilgili gerekli belgelerin yer ald\u0131\u011f\u0131 \u00f6n bir teklif ald\u0131m. Ayr\u0131ca \u0130svi\u00e7re\u2019de y\u00fcz y\u00fcze bir g\u00f6r\u00fc\u015fme ve yerinde muayene i\u00e7in randevu ayarlayabildim. Bu g\u00f6r\u00fc\u015fmede bir doktor, bir terc\u00fcman ve MedicalTravel\u2019in yetkilisi haz\u0131r bulunuyor. Akl\u0131n\u0131za tak\u0131lan her \u015feyi sorabiliyor ve net cevaplar alabiliyorsunuz. S\u00fcreci daha iyi anlayabilmeniz i\u00e7in size g\u00f6rsellerle de anlat\u0131m yap\u0131l\u0131yor. Bu muayeneden sonra da MedicalTravel ile her zaman ileti\u015fimde kalabilir ve diledi\u011finiz zaman sorular sorabilirsiniz.      <\/p>\n\n\n\n<p>Sonu\u00e7tan memnun olup olmayaca\u011f\u0131m\u0131 \u015fu an i\u00e7in s\u00f6yleyemem, \u00e7\u00fcnk\u00fc i\u015flem hen\u00fcz bir ay \u00f6nce yap\u0131ld\u0131. Ancak \u015fu ana kadarki s\u00fcre\u00e7ten \u00e7ok memnun oldu\u011fumu ve sonucun \u00e7ok iyi olaca\u011f\u0131na ger\u00e7ekten inand\u0131\u011f\u0131m\u0131 s\u00f6yleyebilirim. MedicalTravel\u2019in organizasyonundan genel olarak memnunum; her \u015fey iyi planlanm\u0131\u015ft\u0131, hastane \u0130svi\u00e7re standartlar\u0131na yak\u0131n \u00e7ok y\u00fcksek bir seviyedeydi, doktor alan\u0131nda yetkindi ve ilgilenen ekip Almanca konusunda \u00e7ok iyiydi ve son derece g\u00fcler y\u00fczl\u00fcyd\u00fc. Son olarak, fiyat da karar vermemde belirleyici bir etken oldu.  <\/p>\n\n\n\n<p>\u0130\u015flemi bana uygulayan tedavi ekibi son derece g\u00fcler y\u00fczl\u00fcyd\u00fc. Anestezi s\u0131ras\u0131nda ciddi bir a\u011fr\u0131 hissettim; ancak i\u015flem ba\u015flad\u0131ktan sonra kesinlikle hi\u00e7bir a\u011fr\u0131 hissetmedim. M\u00fcdahale yakla\u015f\u0131k 6 saat s\u00fcrd\u00fc ve sonras\u0131nda olduk\u00e7a yorulmu\u015ftum, tek iste\u011fim otele gitmekti. Aynaya bakt\u0131\u011f\u0131n\u0131zda korkmaman\u0131z gerekiyor; g\u00f6r\u00fcnt\u00fc ger\u00e7ekten ac\u0131 verici gibi duruyor ve estetik a\u00e7\u0131dan ho\u015f de\u011fil, bunu bilerek gitmek laz\u0131m. \u0130nsanlar size bakacak, sanki uzaydan gelmi\u015f biriymi\u015fsiniz ya da engelli bir ki\u015fiymi\u015fsiniz gibi. Bunu sayg\u0131s\u0131zl\u0131k olsun diye s\u00f6ylemiyorum ama ger\u00e7ek bu. Bir\u00e7ok insan bu durumu tan\u0131m\u0131yor ve merak ediyor, bu y\u00fczden bak\u0131yorlar. Ba\u015flarda bu durum \u00e7ok ama \u00e7ok zor oluyor; fakat zamanla bu bak\u0131\u015flar\u0131 kabullenmeyi ve g\u00f6rmezden gelmeyi \u00f6\u011freniyorsunuz.       <\/p>\n\n\n\n<p>Genel izlenimim olumlu ve gerekirse bunu her zaman tekrar yapt\u0131r\u0131r\u0131m. \u0130lgi ve takip s\u00fcreci, doktor, hastane, uygulanan tedavi ve ortaya \u00e7\u0131kan sonu\u00e7 beni tatmin etti. <\/p>\n\n\n\n<p>Size bir kez daha te\u015fekk\u00fcr etmek istiyorum.<\/p>\n\n\n\n<p>Sevgi ve sayg\u0131lar\u0131mla<br>Robin Zbinden<\/p>\n\n\n\n<div class=\"wp-block-group is-layout-grid wp-container-core-group-is-layout-baef362d wp-block-group-is-layout-grid\">\n<p><a href=\"https:\/\/medicaltravel.at\/home\/agb\/\" data-type=\"page\" data-id=\"2191\" rel=\"nofollow noopener\" target=\"_blank\"><\/a><a href=\"https:\/\/medicaltravel.ch\/tr\/hasta-raporlari\/referanslar-tavsiyeler-tedaviler-degerlendirmeler-turkiye-istanbul\/deneyim-raporu-istanbulda-sac-ekimi-17-subat-2016-carsamba-tarihli-rapor\/\" data-type=\"link\" data-id=\"https:\/\/medicaltravel.ch\/tr\/hasta-raporlari\/referanslar-tavsiyeler-tedaviler-degerlendirmeler-turkiye-istanbul\/deneyim-raporu-istanbulda-sac-ekimi-17-subat-2016-carsamba-tarihli-rapor\/\">\u00d6nceki rapor<\/a><\/p>\n\n\n\n<p class=\"has-text-align-right wp-container-content-5e2576f9\"><a href=\"https:\/\/medicaltravel.at\/home\/impressum\/\" data-type=\"page\" data-id=\"2193\" rel=\"nofollow noopener\" target=\"_blank\"><\/a><a href=\"https:\/\/medicaltravel.at\/home\/berichte-von-patienten\/erfahrungsberichte\/erfahrungsbericht-zahnbehandlung-in-istanbul\/\" data-type=\"page\" data-id=\"981\" rel=\"nofollow noopener\" target=\"_blank\"><\/a><a href=\"https:\/\/medicaltravel.ch\/tr\/hasta-raporlari\/referanslar-tavsiyeler-tedaviler-degerlendirmeler-turkiye-istanbul\/hasta-raporu-istanbulda-meme-bueyuetme-ameliyati-6-ocak-2016-carsamba-tarihli-rapor\/\" data-type=\"link\" data-id=\"https:\/\/medicaltravel.ch\/tr\/hasta-raporlari\/referanslar-tavsiyeler-tedaviler-degerlendirmeler-turkiye-istanbul\/hasta-raporu-istanbulda-meme-bueyuetme-ameliyati-6-ocak-2016-carsamba-tarihli-rapor\/\">Sonraki rapor<\/a><\/p>\n<\/div>\n","protected":false},"excerpt":{"rendered":"<p>HASTA RAPORU &#8211; \u0130STANBUL&#8217;DA FUE Y\u00d6NTEM\u0130YLE SA\u00c7 EK\u0130M\u0130 &#8211; 8 Ocak 2016 Cuma Tarihli Rapor 26 ya\u015f\u0131nday\u0131m ve yo\u011fun sa\u00e7 d\u00f6k\u00fclmesi ya\u015fad\u0131\u011f\u0131m i\u00e7in k\u0131sa s\u00fcre \u00f6nce T\u00fcrkiye\u2019de sa\u00e7 ekimi yapt\u0131rmaya karar verdim. Ba\u015flang\u0131\u00e7ta sa\u00e7 kayb\u0131n\u0131n beni sand\u0131\u011f\u0131mdan daha fazla etkiledi\u011fini kabul etmek istemedim. Ancak zamanla bunun b\u00f6yle olmad\u0131\u011f\u0131n\u0131 kendime itiraf etmek zorunda kald\u0131m. G\u00fcn\u00fcm\u00fczde bu konuyu saklamamak ve a\u00e7\u0131k\u00e7a konu\u015fmak gerekti\u011fini d\u00fc\u015f\u00fcn\u00fcyorum; fakat bunun i\u00e7in biraz cesaret ve kesinlikle ciddi bir psikolojik e\u015fik a\u015fmak gerekiyor. \u00d6ncelikle internette olas\u0131 tedavi y\u00f6ntemlerini ara\u015ft\u0131rd\u0131m, farkl\u0131 firmalar\u0131 ve fiyatlar\u0131 kar\u015f\u0131la\u015ft\u0131rd\u0131m, akraba \u00e7evreme sordum. Sonunda bir arkada\u015f\u0131m\u0131n tavsiyesiyle MedicalTravel\u2019e ula\u015ft\u0131m. Arkada\u015f\u0131m\u0131n s\u00fcrecini aylar boyunca yak\u0131ndan takip edebildim ve ortaya \u00e7\u0131kan sonu\u00e7tan ger\u00e7ekten \u00e7ok etkilendim. Daha sonra MedicalTravel ile bizzat ileti\u015fime ge\u00e7tim ve bir fiyat teklifi talep ettim. Bunun ard\u0131ndan s\u00fcre\u00e7le ilgili gerekli belgelerin yer ald\u0131\u011f\u0131 \u00f6n bir teklif ald\u0131m. Ayr\u0131ca \u0130svi\u00e7re\u2019de y\u00fcz y\u00fcze bir g\u00f6r\u00fc\u015fme ve yerinde muayene i\u00e7in randevu ayarlayabildim. Bu g\u00f6r\u00fc\u015fmede bir doktor, bir terc\u00fcman ve MedicalTravel\u2019in yetkilisi haz\u0131r bulunuyor. Akl\u0131n\u0131za tak\u0131lan her \u015feyi sorabiliyor ve net cevaplar alabiliyorsunuz. S\u00fcreci daha iyi anlayabilmeniz i\u00e7in size g\u00f6rsellerle de anlat\u0131m yap\u0131l\u0131yor. Bu muayeneden sonra da MedicalTravel ile her zaman ileti\u015fimde kalabilir ve diledi\u011finiz zaman sorular sorabilirsiniz. Sonu\u00e7tan memnun olup olmayaca\u011f\u0131m\u0131 \u015fu an i\u00e7in s\u00f6yleyemem, \u00e7\u00fcnk\u00fc i\u015flem hen\u00fcz bir ay \u00f6nce yap\u0131ld\u0131. Ancak \u015fu ana kadarki s\u00fcre\u00e7ten \u00e7ok memnun oldu\u011fumu ve sonucun \u00e7ok iyi olaca\u011f\u0131na ger\u00e7ekten inand\u0131\u011f\u0131m\u0131 s\u00f6yleyebilirim. MedicalTravel\u2019in organizasyonundan genel olarak memnunum; her \u015fey iyi planlanm\u0131\u015ft\u0131, hastane \u0130svi\u00e7re standartlar\u0131na yak\u0131n \u00e7ok y\u00fcksek bir seviyedeydi, doktor alan\u0131nda yetkindi ve ilgilenen ekip Almanca konusunda \u00e7ok iyiydi ve son derece g\u00fcler y\u00fczl\u00fcyd\u00fc. Son olarak, fiyat da karar vermemde belirleyici bir etken oldu. \u0130\u015flemi bana uygulayan tedavi ekibi son derece g\u00fcler y\u00fczl\u00fcyd\u00fc. Anestezi s\u0131ras\u0131nda ciddi bir a\u011fr\u0131 hissettim; ancak i\u015flem ba\u015flad\u0131ktan sonra kesinlikle hi\u00e7bir a\u011fr\u0131 hissetmedim. M\u00fcdahale yakla\u015f\u0131k 6 saat s\u00fcrd\u00fc ve sonras\u0131nda olduk\u00e7a yorulmu\u015ftum, tek iste\u011fim otele gitmekti. Aynaya bakt\u0131\u011f\u0131n\u0131zda korkmaman\u0131z gerekiyor; g\u00f6r\u00fcnt\u00fc ger\u00e7ekten ac\u0131 verici gibi duruyor ve estetik a\u00e7\u0131dan ho\u015f de\u011fil, bunu bilerek gitmek laz\u0131m. \u0130nsanlar size bakacak, sanki uzaydan gelmi\u015f biriymi\u015fsiniz ya da engelli bir ki\u015fiymi\u015fsiniz gibi. Bunu sayg\u0131s\u0131zl\u0131k olsun diye s\u00f6ylemiyorum ama ger\u00e7ek bu. Bir\u00e7ok insan bu durumu tan\u0131m\u0131yor ve merak ediyor, bu y\u00fczden bak\u0131yorlar. Ba\u015flarda bu durum \u00e7ok ama \u00e7ok zor oluyor; fakat zamanla bu bak\u0131\u015flar\u0131 kabullenmeyi ve g\u00f6rmezden gelmeyi \u00f6\u011freniyorsunuz. Genel izlenimim olumlu ve gerekirse bunu her zaman tekrar yapt\u0131r\u0131r\u0131m. \u0130lgi ve takip s\u00fcreci, doktor, hastane, uygulanan tedavi ve ortaya \u00e7\u0131kan sonu\u00e7 beni tatmin etti. Size bir kez daha te\u015fekk\u00fcr etmek istiyorum. Sevgi ve sayg\u0131lar\u0131mlaRobin Zbinden \u00d6nceki rapor Sonraki rapor<\/p>\n","protected":false},"author":4,"featured_media":0,"parent":4587,"menu_order":0,"comment_status":"closed","ping_status":"closed","template":"","meta":{"_joinchat":[],"footnotes":""},"class_list":["post-4801","page","type-page","status-publish","hentry"],"acf":[],"_links":{"self":[{"href":"https:\/\/medicaltravel.ch\/tr\/wp-json\/wp\/v2\/pages\/4801","targetHints":{"allow":["GET"]}}],"collection":[{"href":"https:\/\/medicaltravel.ch\/tr\/wp-json\/wp\/v2\/pages"}],"about":[{"href":"https:\/\/medicaltravel.ch\/tr\/wp-json\/wp\/v2\/types\/page"}],"author":[{"embeddable":true,"href":"https:\/\/medicaltravel.ch\/tr\/wp-json\/wp\/v2\/users\/4"}],"replies":[{"embeddable":true,"href":"https:\/\/medicaltravel.ch\/tr\/wp-json\/wp\/v2\/comments?post=4801"}],"version-history":[{"count":0,"href":"https:\/\/medicaltravel.ch\/tr\/wp-json\/wp\/v2\/pages\/4801\/revisions"}],"up":[{"embeddable":true,"href":"https:\/\/medicaltravel.ch\/tr\/wp-json\/wp\/v2\/pages\/4587"}],"wp:attachment":[{"href":"https:\/\/medicaltravel.ch\/tr\/wp-json\/wp\/v2\/media?parent=4801"}],"curies":[{"name":"wp","href":"https:\/\/api.w.org\/{rel}","templated":true}]}}