{"id":4805,"date":"2025-09-23T17:41:29","date_gmt":"2025-09-23T16:41:29","guid":{"rendered":"https:\/\/medicaltravel.ch\/hasta-raporlari\/erfahrungsberichte-empfehlungen-behandlungen-beurteilung-tuerkei-istanbul\/hasta-goeruesue-istanbulda-sac-ekimi-13-kasim-2015-cuma-tarihli-rapor\/"},"modified":"2026-01-12T19:21:57","modified_gmt":"2026-01-12T18:21:57","slug":"hasta-goeruesue-istanbulda-sac-ekimi-13-kasim-2015-cuma-tarihli-rapor","status":"publish","type":"page","link":"https:\/\/medicaltravel.ch\/tr\/hasta-raporlari\/referanslar-tavsiyeler-tedaviler-degerlendirmeler-turkiye-istanbul\/hasta-goeruesue-istanbulda-sac-ekimi-13-kasim-2015-cuma-tarihli-rapor\/","title":{"rendered":"Hasta G\u00f6r\u00fc\u015f\u00fc &#8211; \u0130stanbul&#8217;da Sa\u00e7 Ekimi &#8211; 13 Kas\u0131m 2015 Cuma Tarihli Rapor"},"content":{"rendered":"\n<p>Hasta G\u00f6r\u00fc\u015f\u00fc &#8211; \u0130stanbul&#8217;da Sa\u00e7 Ekimi &#8211; 13 Kas\u0131m 2015 Cuma Tarihli Rapor<\/p>\n\n\n\n<p>Giri\u015f olarak k\u0131saca, a\u00e7\u0131k olan sa\u00e7 b\u00f6lgemi (sa\u00e7 d\u00f6k\u00fclmesi) d\u00fczeltme karar\u0131ma nas\u0131l vard\u0131\u011f\u0131m\u0131 anlatmak istiyorum.<\/p>\n\n\n\n<p>Ne yaz\u0131k ki neredeyse tam 5 y\u0131l \u00f6nce a\u011f\u0131r bir enfeksiyon ge\u00e7irdim, bu da dahil olmak \u00fczere t\u00fcm kan de\u011ferlerimin dip seviyelere inmesine yol a\u00e7t\u0131, \u00f6zellikle demir de\u011feri. Bunun sonucu olarak sa\u00e7lar d\u00f6k\u00fclebiliyor ve tam da bu ba\u015f\u0131ma geldi. Art\u0131k 25 ya\u015f\u0131nda olmad\u0131\u011f\u0131m i\u00e7in sa\u00e7lar tam olarak geri gelmedi ve b\u00f6ylece a\u00e7\u0131k bir sa\u00e7 b\u00f6lgesi olu\u015ftu. <\/p>\n\n\n\n<p>O zamandan beri rahats\u0131z ediyordu; hayat\u0131m\u0131 tehdit etmiyordu ama yine de beni etkiliyordu. Yine de \u00fczerine gitmedim, ta ki A\u011fustos 2015\u2019teki bir g\u00fcne kadar. S\u0131k s\u0131k gitti\u011fim bir spor salonunda g\u00fcvenlik kameralar\u0131 vard\u0131 ve ge\u00e7erken kendimi ekranda g\u00f6rebiliyordum. Yukar\u0131dan bakan bir kamera sayesinde sa\u00e7lar\u0131n seyrek oldu\u011fu bir b\u00f6lgeyi fark ettim ve o anda karar\u0131m kesinle\u015fti: bu d\u00fczeltilmeli. <\/p>\n\n\n\n<p>Y\u00f6ntem basitti, internette ara\u015ft\u0131rd\u0131m ve b\u00f6ylece Google\u2019da \u201cMedicalTravel\u201d ile kar\u015f\u0131la\u015ft\u0131m. \u0130yi bir izlenim b\u0131rakt\u0131lar, t\u00fcm deneyim payla\u015f\u0131mlar\u0131 tamamen pozitifti. Bunun \u00fczerine hemen ileti\u015fime ge\u00e7tim ve bana hangi tarihin uygun oldu\u011funu s\u00f6yledim. <\/p>\n\n\n\n<p>San\u0131r\u0131m yan\u0131lm\u0131yorsam, ayn\u0131 g\u00fcn her \u015feyin tam olarak benim i\u00e7in uygun \u015fekilde organize edildi\u011fine dair onay\u0131 ald\u0131m, inan\u0131lmaz bir hizmetti. Birka\u00e7 foto\u011fraf daha \u00e7ekildi ve yakla\u015f\u0131k olarak ka\u00e7 greftin nakledilece\u011fi de belirlendi. <\/p>\n\n\n\n<p>Gidi\u015f g\u00fcn\u00fcnden itibaren her \u015fey sorunsuz ilerledi; kar\u015f\u0131lama, otele transfer, otelin kendisi\u2014her \u015fey m\u00fckemmel \u015fekilde organize edilmi\u015fti. Ertesi g\u00fcn Ac\u0131badem Klini\u011fi\u2019ne transfer ve kabul i\u015flemleri de sorunsuz ger\u00e7ekle\u015fti. \u0130ngilizceyi m\u00fckemmel konu\u015fabilmeme ra\u011fmen, ilk g\u00fcnden itibaren yan\u0131mda neredeyse hi\u00e7 ayr\u0131lmayan Almanca konu\u015fan bir g\u00f6revli vard\u0131, m\u00fckemmeldi.  <\/p>\n\n\n\n<p>Bunu takip eden g\u00fcn i\u00e7in yap\u0131lacak sa\u00e7 nakline haz\u0131rl\u0131k da sorunsuz ilerledi. \u00dc\u00e7\u00fcnc\u00fc g\u00fcn i\u015flem planlanm\u0131\u015ft\u0131, ancak doktor kendini iyi hissetmedi\u011fi i\u00e7in i\u015flemi Per\u015fembe g\u00fcn\u00fcne ertelemek zorunda kald\u0131; \u00e7\u00fcnk\u00fc i\u015fin d\u00fczg\u00fcn ve sorumlulukla yap\u0131lmas\u0131ndan emin olam\u0131yordu\u2014bunu son derece profesyonel bir yakla\u015f\u0131m olarak belirtmeliyim. <\/p>\n\n\n\n<p>O zaman Per\u015fembe g\u00fcn\u00fc oldu, \u0130stanbul kocaman bir \u015fehir ve yap\u0131lacak, g\u00f6r\u00fclecek milyonlarca \u015fey var, hi\u00e7 sorun de\u011fil. Ne s\u00f6yleyebilirim ki, sa\u00e7 nakli ameliyat\u0131 da sorunsuz ge\u00e7ti; biraz uzun s\u00fcrd\u00fc ama derler ya g\u00fczellik biraz fedak\u00e2rl\u0131k ister. Yanl\u0131\u015f anla\u015f\u0131lmas\u0131n, benim i\u00e7in tamamen a\u011fr\u0131s\u0131zd\u0131, olduk\u00e7a rahat ge\u00e7ti ve doktor ekibi i\u015fi son derece profesyonelce ger\u00e7ekle\u015ftirdi.<\/p>\n\n\n\n<p>Sonu\u00e7tan \u015fimdiden \u00e7ok memnunum, ancak nihai sonucu yakla\u015f\u0131k 1 y\u0131l sonra de\u011ferlendirmek m\u00fcmk\u00fcn olacak. Yine de doktorlar, orada bile, b\u00fcy\u00fck bir memnuniyet ya\u015fayaca\u011f\u0131m\u0131 s\u00f6ylediler.<\/p>\n\n\n\n<p>Son olarak \u015funu s\u00f6yleyebilirim: her \u015feyin bu kadar sorunsuz ilerlemesi ger\u00e7ekten b\u00fcy\u00fck bir mutluluktu. U\u00e7u\u015ftan \u0130stanbul\u2019daki konaklamaya, otel, Ac\u0131badem Klinik, benimle ilgilenen g\u00f6revliler, t\u00fcm transferler ve son olarak d\u00f6n\u00fc\u015f yolculu\u011fu\u2014daha iyisi yap\u0131lamazd\u0131. Ayr\u0131ca hemen ard\u0131ndan MedicalTravel beni arayarak sa\u011fl\u0131k durumumu sordu; hi\u00e7bir an yaln\u0131z b\u0131rak\u0131lmad\u0131\u011f\u0131n\u0131z\u0131 hissettiriyor, ger\u00e7ekten harika bir deneyim.  <\/p>\n\n\n\n<p>Kesinlikle, MedicalTravel\u2019i herkese, \u00f6zellikle sa\u00e7 ekimi konusunda, i\u00e7tenlikle tavsiye edebilirim. Korkulacak veya \u015f\u00fcphelenilecek hi\u00e7bir \u015fey yok ve daha \u00f6nce de belirtti\u011fim gibi, her \u015fey tamamen a\u011fr\u0131s\u0131z. <\/p>\n\n\n\n<p>Peter Kupper<\/p>\n\n\n\n<div class=\"wp-block-group is-layout-grid wp-container-core-group-is-layout-baef362d wp-block-group-is-layout-grid\">\n<p><a href=\"https:\/\/medicaltravel.at\/home\/agb\/\" data-type=\"page\" data-id=\"2191\" rel=\"nofollow noopener\" target=\"_blank\"><\/a><a href=\"https:\/\/medicaltravel.ch\/tr\/hasta-raporlari\/referanslar-tavsiyeler-tedaviler-degerlendirmeler-turkiye-istanbul\/hasta-raporu-meme-bueyuetme-istanbul-tuerkiye-4-aralik-2015-cuma-tarihli-rapor\/\" data-type=\"link\" data-id=\"https:\/\/medicaltravel.ch\/tr\/hasta-raporlari\/referanslar-tavsiyeler-tedaviler-degerlendirmeler-turkiye-istanbul\/hasta-raporu-meme-bueyuetme-istanbul-tuerkiye-4-aralik-2015-cuma-tarihli-rapor\/\">\u00d6nceki rapor<\/a><\/p>\n\n\n\n<p class=\"has-text-align-right wp-container-content-5e2576f9\"><a href=\"https:\/\/medicaltravel.at\/home\/impressum\/\" data-type=\"page\" data-id=\"2193\" rel=\"nofollow noopener\" target=\"_blank\"><\/a><a href=\"https:\/\/medicaltravel.at\/home\/berichte-von-patienten\/erfahrungsberichte\/erfahrungsbericht-zahnbehandlung-in-istanbul\/\" data-type=\"page\" data-id=\"981\" rel=\"nofollow noopener\" target=\"_blank\"><\/a><a href=\"https:\/\/medicaltravel.ch\/tr\/hasta-raporlari\/referanslar-tavsiyeler-tedaviler-degerlendirmeler-turkiye-istanbul\/istanbulda-dis-tedavisi-ve-implantlarla-ilgili-deneyim-raporu-10-kasim-2015-sali-tarihli-rapor\/\" data-type=\"link\" data-id=\"https:\/\/medicaltravel.ch\/tr\/hasta-raporlari\/referanslar-tavsiyeler-tedaviler-degerlendirmeler-turkiye-istanbul\/istanbulda-dis-tedavisi-ve-implantlarla-ilgili-deneyim-raporu-10-kasim-2015-sali-tarihli-rapor\/\">Sonraki rapor<\/a><\/p>\n<\/div>\n","protected":false},"excerpt":{"rendered":"<p>Hasta G\u00f6r\u00fc\u015f\u00fc &#8211; \u0130stanbul&#8217;da Sa\u00e7 Ekimi &#8211; 13 Kas\u0131m 2015 Cuma Tarihli Rapor Giri\u015f olarak k\u0131saca, a\u00e7\u0131k olan sa\u00e7 b\u00f6lgemi (sa\u00e7 d\u00f6k\u00fclmesi) d\u00fczeltme karar\u0131ma nas\u0131l vard\u0131\u011f\u0131m\u0131 anlatmak istiyorum. Ne yaz\u0131k ki neredeyse tam 5 y\u0131l \u00f6nce a\u011f\u0131r bir enfeksiyon ge\u00e7irdim, bu da dahil olmak \u00fczere t\u00fcm kan de\u011ferlerimin dip seviyelere inmesine yol a\u00e7t\u0131, \u00f6zellikle demir de\u011feri. Bunun sonucu olarak sa\u00e7lar d\u00f6k\u00fclebiliyor ve tam da bu ba\u015f\u0131ma geldi. Art\u0131k 25 ya\u015f\u0131nda olmad\u0131\u011f\u0131m i\u00e7in sa\u00e7lar tam olarak geri gelmedi ve b\u00f6ylece a\u00e7\u0131k bir sa\u00e7 b\u00f6lgesi olu\u015ftu. O zamandan beri rahats\u0131z ediyordu; hayat\u0131m\u0131 tehdit etmiyordu ama yine de beni etkiliyordu. Yine de \u00fczerine gitmedim, ta ki A\u011fustos 2015\u2019teki bir g\u00fcne kadar. S\u0131k s\u0131k gitti\u011fim bir spor salonunda g\u00fcvenlik kameralar\u0131 vard\u0131 ve ge\u00e7erken kendimi ekranda g\u00f6rebiliyordum. Yukar\u0131dan bakan bir kamera sayesinde sa\u00e7lar\u0131n seyrek oldu\u011fu bir b\u00f6lgeyi fark ettim ve o anda karar\u0131m kesinle\u015fti: bu d\u00fczeltilmeli. Y\u00f6ntem basitti, internette ara\u015ft\u0131rd\u0131m ve b\u00f6ylece Google\u2019da \u201cMedicalTravel\u201d ile kar\u015f\u0131la\u015ft\u0131m. \u0130yi bir izlenim b\u0131rakt\u0131lar, t\u00fcm deneyim payla\u015f\u0131mlar\u0131 tamamen pozitifti. Bunun \u00fczerine hemen ileti\u015fime ge\u00e7tim ve bana hangi tarihin uygun oldu\u011funu s\u00f6yledim. San\u0131r\u0131m yan\u0131lm\u0131yorsam, ayn\u0131 g\u00fcn her \u015feyin tam olarak benim i\u00e7in uygun \u015fekilde organize edildi\u011fine dair onay\u0131 ald\u0131m, inan\u0131lmaz bir hizmetti. Birka\u00e7 foto\u011fraf daha \u00e7ekildi ve yakla\u015f\u0131k olarak ka\u00e7 greftin nakledilece\u011fi de belirlendi. Gidi\u015f g\u00fcn\u00fcnden itibaren her \u015fey sorunsuz ilerledi; kar\u015f\u0131lama, otele transfer, otelin kendisi\u2014her \u015fey m\u00fckemmel \u015fekilde organize edilmi\u015fti. Ertesi g\u00fcn Ac\u0131badem Klini\u011fi\u2019ne transfer ve kabul i\u015flemleri de sorunsuz ger\u00e7ekle\u015fti. \u0130ngilizceyi m\u00fckemmel konu\u015fabilmeme ra\u011fmen, ilk g\u00fcnden itibaren yan\u0131mda neredeyse hi\u00e7 ayr\u0131lmayan Almanca konu\u015fan bir g\u00f6revli vard\u0131, m\u00fckemmeldi. Bunu takip eden g\u00fcn i\u00e7in yap\u0131lacak sa\u00e7 nakline haz\u0131rl\u0131k da sorunsuz ilerledi. \u00dc\u00e7\u00fcnc\u00fc g\u00fcn i\u015flem planlanm\u0131\u015ft\u0131, ancak doktor kendini iyi hissetmedi\u011fi i\u00e7in i\u015flemi Per\u015fembe g\u00fcn\u00fcne ertelemek zorunda kald\u0131; \u00e7\u00fcnk\u00fc i\u015fin d\u00fczg\u00fcn ve sorumlulukla yap\u0131lmas\u0131ndan emin olam\u0131yordu\u2014bunu son derece profesyonel bir yakla\u015f\u0131m olarak belirtmeliyim. O zaman Per\u015fembe g\u00fcn\u00fc oldu, \u0130stanbul kocaman bir \u015fehir ve yap\u0131lacak, g\u00f6r\u00fclecek milyonlarca \u015fey var, hi\u00e7 sorun de\u011fil. Ne s\u00f6yleyebilirim ki, sa\u00e7 nakli ameliyat\u0131 da sorunsuz ge\u00e7ti; biraz uzun s\u00fcrd\u00fc ama derler ya g\u00fczellik biraz fedak\u00e2rl\u0131k ister. Yanl\u0131\u015f anla\u015f\u0131lmas\u0131n, benim i\u00e7in tamamen a\u011fr\u0131s\u0131zd\u0131, olduk\u00e7a rahat ge\u00e7ti ve doktor ekibi i\u015fi son derece profesyonelce ger\u00e7ekle\u015ftirdi. Sonu\u00e7tan \u015fimdiden \u00e7ok memnunum, ancak nihai sonucu yakla\u015f\u0131k 1 y\u0131l sonra de\u011ferlendirmek m\u00fcmk\u00fcn olacak. Yine de doktorlar, orada bile, b\u00fcy\u00fck bir memnuniyet ya\u015fayaca\u011f\u0131m\u0131 s\u00f6ylediler. Son olarak \u015funu s\u00f6yleyebilirim: her \u015feyin bu kadar sorunsuz ilerlemesi ger\u00e7ekten b\u00fcy\u00fck bir mutluluktu. U\u00e7u\u015ftan \u0130stanbul\u2019daki konaklamaya, otel, Ac\u0131badem Klinik, benimle ilgilenen g\u00f6revliler, t\u00fcm transferler ve son olarak d\u00f6n\u00fc\u015f yolculu\u011fu\u2014daha iyisi yap\u0131lamazd\u0131. Ayr\u0131ca hemen ard\u0131ndan MedicalTravel beni arayarak sa\u011fl\u0131k durumumu sordu; hi\u00e7bir an yaln\u0131z b\u0131rak\u0131lmad\u0131\u011f\u0131n\u0131z\u0131 hissettiriyor, ger\u00e7ekten harika bir deneyim. Kesinlikle, MedicalTravel\u2019i herkese, \u00f6zellikle sa\u00e7 ekimi konusunda, i\u00e7tenlikle tavsiye edebilirim. Korkulacak veya \u015f\u00fcphelenilecek hi\u00e7bir \u015fey yok ve daha \u00f6nce de belirtti\u011fim gibi, her \u015fey tamamen a\u011fr\u0131s\u0131z. Peter Kupper \u00d6nceki rapor Sonraki rapor<\/p>\n","protected":false},"author":4,"featured_media":0,"parent":4587,"menu_order":0,"comment_status":"closed","ping_status":"closed","template":"","meta":{"_joinchat":[],"footnotes":""},"class_list":["post-4805","page","type-page","status-publish","hentry"],"acf":[],"_links":{"self":[{"href":"https:\/\/medicaltravel.ch\/tr\/wp-json\/wp\/v2\/pages\/4805","targetHints":{"allow":["GET"]}}],"collection":[{"href":"https:\/\/medicaltravel.ch\/tr\/wp-json\/wp\/v2\/pages"}],"about":[{"href":"https:\/\/medicaltravel.ch\/tr\/wp-json\/wp\/v2\/types\/page"}],"author":[{"embeddable":true,"href":"https:\/\/medicaltravel.ch\/tr\/wp-json\/wp\/v2\/users\/4"}],"replies":[{"embeddable":true,"href":"https:\/\/medicaltravel.ch\/tr\/wp-json\/wp\/v2\/comments?post=4805"}],"version-history":[{"count":0,"href":"https:\/\/medicaltravel.ch\/tr\/wp-json\/wp\/v2\/pages\/4805\/revisions"}],"up":[{"embeddable":true,"href":"https:\/\/medicaltravel.ch\/tr\/wp-json\/wp\/v2\/pages\/4587"}],"wp:attachment":[{"href":"https:\/\/medicaltravel.ch\/tr\/wp-json\/wp\/v2\/media?parent=4805"}],"curies":[{"name":"wp","href":"https:\/\/api.w.org\/{rel}","templated":true}]}}