{"id":4807,"date":"2025-09-23T15:31:48","date_gmt":"2025-09-23T14:31:48","guid":{"rendered":"https:\/\/medicaltravel.ch\/hasta-raporlari\/erfahrungsberichte-empfehlungen-behandlungen-beurteilung-tuerkei-istanbul\/istanbulda-meme-implantlari-hakkinda-hasta-yorumlari\/"},"modified":"2026-01-12T16:56:58","modified_gmt":"2026-01-12T15:56:58","slug":"istanbulda-meme-implantlari-hakkinda-hasta-yorumlari","status":"publish","type":"page","link":"https:\/\/medicaltravel.ch\/tr\/hasta-raporlari\/referanslar-tavsiyeler-tedaviler-degerlendirmeler-turkiye-istanbul\/istanbulda-meme-implantlari-hakkinda-hasta-yorumlari\/","title":{"rendered":"\u0130stanbul&#8217;da Meme \u0130mplantlar\u0131 Hakk\u0131nda Hasta Yorumlar\u0131"},"content":{"rendered":"\n<p><strong>\u0130stanbul&#8217;da ge\u00e7irdi\u011fim meme implant\u0131 ameliyat\u0131yla ilgili hasta yorumum.<\/strong><\/p>\n\n\n\n<p><a href=\"https:\/\/medicaltravel.ch\/tr\/kozmetik-cerrahi\/tedavi-yelpazesi\/goegues-bueyuetme-goegues-implantlari-istanbul-tuerkiye-antalya-izmir\/\" data-type=\"page\" data-id=\"90\">G\u00f6\u011f\u00fcs b\u00fcy\u00fctme<\/a> konusu y\u0131llard\u0131r ilgimi \u00e7ekiyordu. Karar\u0131m\u0131 verdikten sonra arkada\u015flar\u0131mla ve internetten ara\u015ft\u0131rma yaparak en iyi g\u00f6\u011f\u00fcs ameliyatlar\u0131n\u0131 yapanlar\u0131 inceledim ve T\u00fcrkiye\u2019ye rastlad\u0131m. B\u00f6ylece MedicalTravel\u2019i Google\u2019da hemen buldum. Hemen ilgimi \u00e7ekti; \u00e7\u00fcnk\u00fc \u0130svi\u00e7re\u2019den organize ediliyordu, Almanca konu\u015fuluyordu ve \u00f6zellikle de ameliyat\u0131 yapacak cerrah d\u00fczenli olarak \u0130svi\u00e7re\u2019de bulunuyordu, istenirse ondan randevu al\u0131nabiliyordu. Ayr\u0131ca u\u00e7ak, otel ve transfer hizmeti de tamamen organize ediliyordu. Bu sayede pek \u00e7ok \u015fey ba\u015ftan halledilmi\u015f oldu ve endi\u015felenmeye gerek kalmad\u0131.    <\/p>\n\n\n\n<p>Tedaviden \u00f6nce \u0130svi\u00e7re\u2019de Prof. Dr. Kay\u0131ran ile bir \u00f6n g\u00f6r\u00fc\u015fmeye de gittim. O s\u0131rada bile y\u00fcksek bir gizlilik vard\u0131 ve orada bir terc\u00fcman da haz\u0131r bulunuyordu. Sorular\u0131ma ve ihtiya\u00e7lar\u0131ma \u00f6zenle yan\u0131t verildi ve kendimi rahat hissettim. Bu nedenle tedavimi rezerve ettim.  <\/p>\n\n\n\n<p>Ben ve partnerim \u0130stanbul\u2019a vard\u0131\u011f\u0131m\u0131zda, bizi kar\u015f\u0131lama hizmeti Guide 1 yazan, pek g\u00f6r\u00fcn\u00fcr olmayan bir pano \u00f6n\u00fcnden ald\u0131. B\u00fct\u00fcn s\u00fcre\u00e7 boyunca ayn\u0131 \u015fof\u00f6r bizi g\u00f6t\u00fcrd\u00fc ve \u00e7ok dikkatli, nazikti. Ameliyattan sonra da yollar\u0131n k\u00f6t\u00fc durumundan dolay\u0131 a\u011fr\u0131 yapabilecek durumlarda olduk\u00e7a \u00f6zenli s\u00fcrd\u00fc. Hi\u00e7 ge\u00e7 kalmad\u0131 ve gerekti\u011finde bekledi. Bir nevi limuzin hizmeti gibiydi ve bu bana \u00e7ok ho\u015f geldi.    <\/p>\n\n\n\n<p>Ameliyat g\u00fcn\u00fcnde sabah erken saatlerde kan testi ve di\u011fer sa\u011fl\u0131k kontrolleri yap\u0131ld\u0131, olas\u0131 hastal\u0131klar, ila\u00e7 kullan\u0131mlar\u0131 gibi konular konu\u015fuldu. Ard\u0131ndan cerrah ile tekrar bir g\u00f6r\u00fc\u015fme yap\u0131ld\u0131. Hi\u00e7 uzun s\u00fcre beklemek zorunda kalmad\u0131m ve ard\u0131ndan i\u015flem ba\u015flad\u0131. Herkes ba\u015ftan sona kadar benimle \u00e7ok ilgilendi. <\/p>\n\n\n\n<p><a href=\"https:\/\/medicaltravel.ch\/tr\/kozmetik-cerrahi\/hastaneler\/istanbuldaki-guezellik-klinigi\/\" data-type=\"page\" data-id=\"78\">Hastanede olmaktan<\/a> pek ho\u015flanmama ra\u011fmen kendimi \u00e7ok rahat hissettim. Daha fazla a\u011fr\u0131 kesiciye veya ba\u015fka bir \u015feye ihtiyac\u0131m oldu\u011funda dikkate al\u0131nd\u0131. Google \u00c7eviri \u00e7ok yard\u0131mc\u0131 oldu ve \u00e7o\u011fu ki\u015fi \u0130ngilizce de konu\u015fabiliyordu. En g\u00fczeli, partnerimin de hastanede kal\u0131nmas\u0131 gereken bir geceyi \u00fccretsiz olarak kalabilmesiydi. Ekstra bir \u00fccret yoktu. Hatta onun i\u00e7in bir yatak ve yemek bile sa\u011fland\u0131.    <\/p>\n\n\n\n<p>Ard\u0131ndan otele d\u00f6nebildik. Buradaki hizmet de m\u00fckemmeldi; personel \u00e7ok nazikti ve b\u00fcfe ile restoran men\u00fcs\u00fc harika ve \u00e7ok lezzetliydi. Konumu da m\u00fckemmeldi; her \u015fey yak\u0131ndayd\u0131, b\u00f6ylece al\u0131\u015fveri\u015f yapabildim ve k\u00fclt\u00fcrden de bir \u015feyler g\u00f6rebildim.  <\/p>\n\n\n\n<p>Tedavi ve sonu\u00e7 beni \u00e7ok memnun etti. \u0130yile\u015fme s\u00fcreci i\u00e7in gerekli olan her \u015fey sa\u011fland\u0131. Ayr\u0131ca eve d\u00f6nmeden \u00f6nce doktoru tekrar g\u00f6rd\u00fcm ve \u0130svi\u00e7re\u2019de kontrol i\u00e7in tekrar g\u00f6rece\u011fim. Fiyat-performans a\u00e7\u0131s\u0131ndan da \u00e7ok memnunum; bundan iyisi akl\u0131ma gelmez.   <\/p>\n\n\n\n<div class=\"wp-block-group is-nowrap is-layout-flex wp-container-core-group-is-layout-ad2f72ca wp-block-group-is-layout-flex\">\n<p><a href=\"https:\/\/medicaltravel.ch\/wp-admin\/edit.php?post_type=page\"><\/a><\/p>\n\n\n\n<p>Herhangi bir ek soru i\u00e7in de her zaman ileti\u015fime ge\u00e7ebilece\u011fim s\u00f6ylendi. Genel olarak \u00e7ok iyi ilgilenildim ve olas\u0131 takip tedavilerinde kesinlikle tekrar<a href=\"https:\/\/medicaltravel.ch\/wp-content\/uploads\/2025\/09\/Lebenslauf_Prof_Dr_Oguz-Kayiran.pdf\" data-type=\"link\" data-id=\"https:\/\/medicaltravel.ch\/wp-content\/uploads\/2025\/09\/Lebenslauf_Prof_Dr_Oguz-Kayiran.pdf\"> Prof. Dr. O\u011fuz Kay\u0131ran\u2019 <\/a>gitmeyi d\u00fc\u015f\u00fcn\u00fcr\u00fcm. \u00c7ok dikkatli ve anlay\u0131\u015fl\u0131yd\u0131, i\u015fleri ise son derece profesyoneldi.<br> <\/p>\n<\/div>\n\n\n\n<p>\u00c7ok memnunum ve bu vesileyle t\u00fcm ilgilenenlere bir kez daha te\u015fekk\u00fcr ederim.<\/p>\n\n\n\n<p>\u0130sterim ki, yeni m\u00fc\u015fteriler veya teredd\u00fct ya\u015fayanlar i\u00e7in referans olabilmek amac\u0131yla e-posta adresimi ve telefon numaram\u0131 da verebilirim.<\/p>\n\n\n\n<p>Sayg\u0131lar\u0131mla, Svenja Clerc<\/p>\n\n\n\n<div class=\"wp-block-group is-layout-grid wp-container-core-group-is-layout-baef362d wp-block-group-is-layout-grid\">\n<p><a href=\"https:\/\/medicaltravel.at\/home\/agb\/\" data-type=\"page\" data-id=\"2191\" rel=\"nofollow noopener\" target=\"_blank\"><\/a><a href=\"https:\/\/medicaltravel.ch\/tr\/hasta-raporlari\/referanslar-tavsiyeler-tedaviler-degerlendirmeler-turkiye-istanbul\/hasta-yorumu-istanbulda-porselen-kaplamalarla-ortodontik-tedavi\/\" data-type=\"link\" data-id=\"https:\/\/medicaltravel.ch\/tr\/hasta-raporlari\/referanslar-tavsiyeler-tedaviler-degerlendirmeler-turkiye-istanbul\/hasta-yorumu-istanbulda-porselen-kaplamalarla-ortodontik-tedavi\/\">\u00d6nceki rapor<\/a><\/p>\n\n\n\n<p class=\"has-text-align-right wp-container-content-5e2576f9\"><a href=\"https:\/\/medicaltravel.at\/home\/impressum\/\" data-type=\"page\" data-id=\"2193\" rel=\"nofollow noopener\" target=\"_blank\"><\/a><a href=\"https:\/\/medicaltravel.at\/home\/berichte-von-patienten\/erfahrungsberichte\/erfahrungsbericht-zahnbehandlung-in-istanbul\/\" data-type=\"page\" data-id=\"981\" rel=\"nofollow noopener\" target=\"_blank\"><\/a><a href=\"https:\/\/medicaltravel.ch\/tr\/hasta-raporlari\/referanslar-tavsiyeler-tedaviler-degerlendirmeler-turkiye-istanbul\/hasta-yorumu-tuerkiye-hasta-raporu-yuez-ve-boyun-germe-istanbul\/\" data-type=\"link\" data-id=\"https:\/\/medicaltravel.ch\/tr\/hasta-raporlari\/referanslar-tavsiyeler-tedaviler-degerlendirmeler-turkiye-istanbul\/hasta-yorumu-tuerkiye-hasta-raporu-yuez-ve-boyun-germe-istanbul\/\">Sonraki rapor<\/a><\/p>\n<\/div>\n","protected":false},"excerpt":{"rendered":"<p>\u0130stanbul&#8217;da ge\u00e7irdi\u011fim meme implant\u0131 ameliyat\u0131yla ilgili hasta yorumum. G\u00f6\u011f\u00fcs b\u00fcy\u00fctme konusu y\u0131llard\u0131r ilgimi \u00e7ekiyordu. Karar\u0131m\u0131 verdikten sonra arkada\u015flar\u0131mla ve internetten ara\u015ft\u0131rma yaparak en iyi g\u00f6\u011f\u00fcs ameliyatlar\u0131n\u0131 yapanlar\u0131 inceledim ve T\u00fcrkiye\u2019ye rastlad\u0131m. B\u00f6ylece MedicalTravel\u2019i Google\u2019da hemen buldum. Hemen ilgimi \u00e7ekti; \u00e7\u00fcnk\u00fc \u0130svi\u00e7re\u2019den organize ediliyordu, Almanca konu\u015fuluyordu ve \u00f6zellikle de ameliyat\u0131 yapacak cerrah d\u00fczenli olarak \u0130svi\u00e7re\u2019de bulunuyordu, istenirse ondan randevu al\u0131nabiliyordu. Ayr\u0131ca u\u00e7ak, otel ve transfer hizmeti de tamamen organize ediliyordu. Bu sayede pek \u00e7ok \u015fey ba\u015ftan halledilmi\u015f oldu ve endi\u015felenmeye gerek kalmad\u0131. Tedaviden \u00f6nce \u0130svi\u00e7re\u2019de Prof. Dr. Kay\u0131ran ile bir \u00f6n g\u00f6r\u00fc\u015fmeye de gittim. O s\u0131rada bile y\u00fcksek bir gizlilik vard\u0131 ve orada bir terc\u00fcman da haz\u0131r bulunuyordu. Sorular\u0131ma ve ihtiya\u00e7lar\u0131ma \u00f6zenle yan\u0131t verildi ve kendimi rahat hissettim. Bu nedenle tedavimi rezerve ettim. Ben ve partnerim \u0130stanbul\u2019a vard\u0131\u011f\u0131m\u0131zda, bizi kar\u015f\u0131lama hizmeti Guide 1 yazan, pek g\u00f6r\u00fcn\u00fcr olmayan bir pano \u00f6n\u00fcnden ald\u0131. B\u00fct\u00fcn s\u00fcre\u00e7 boyunca ayn\u0131 \u015fof\u00f6r bizi g\u00f6t\u00fcrd\u00fc ve \u00e7ok dikkatli, nazikti. Ameliyattan sonra da yollar\u0131n k\u00f6t\u00fc durumundan dolay\u0131 a\u011fr\u0131 yapabilecek durumlarda olduk\u00e7a \u00f6zenli s\u00fcrd\u00fc. Hi\u00e7 ge\u00e7 kalmad\u0131 ve gerekti\u011finde bekledi. Bir nevi limuzin hizmeti gibiydi ve bu bana \u00e7ok ho\u015f geldi. Ameliyat g\u00fcn\u00fcnde sabah erken saatlerde kan testi ve di\u011fer sa\u011fl\u0131k kontrolleri yap\u0131ld\u0131, olas\u0131 hastal\u0131klar, ila\u00e7 kullan\u0131mlar\u0131 gibi konular konu\u015fuldu. Ard\u0131ndan cerrah ile tekrar bir g\u00f6r\u00fc\u015fme yap\u0131ld\u0131. Hi\u00e7 uzun s\u00fcre beklemek zorunda kalmad\u0131m ve ard\u0131ndan i\u015flem ba\u015flad\u0131. Herkes ba\u015ftan sona kadar benimle \u00e7ok ilgilendi. Hastanede olmaktan pek ho\u015flanmama ra\u011fmen kendimi \u00e7ok rahat hissettim. Daha fazla a\u011fr\u0131 kesiciye veya ba\u015fka bir \u015feye ihtiyac\u0131m oldu\u011funda dikkate al\u0131nd\u0131. Google \u00c7eviri \u00e7ok yard\u0131mc\u0131 oldu ve \u00e7o\u011fu ki\u015fi \u0130ngilizce de konu\u015fabiliyordu. En g\u00fczeli, partnerimin de hastanede kal\u0131nmas\u0131 gereken bir geceyi \u00fccretsiz olarak kalabilmesiydi. Ekstra bir \u00fccret yoktu. Hatta onun i\u00e7in bir yatak ve yemek bile sa\u011fland\u0131. Ard\u0131ndan otele d\u00f6nebildik. Buradaki hizmet de m\u00fckemmeldi; personel \u00e7ok nazikti ve b\u00fcfe ile restoran men\u00fcs\u00fc harika ve \u00e7ok lezzetliydi. Konumu da m\u00fckemmeldi; her \u015fey yak\u0131ndayd\u0131, b\u00f6ylece al\u0131\u015fveri\u015f yapabildim ve k\u00fclt\u00fcrden de bir \u015feyler g\u00f6rebildim. Tedavi ve sonu\u00e7 beni \u00e7ok memnun etti. \u0130yile\u015fme s\u00fcreci i\u00e7in gerekli olan her \u015fey sa\u011fland\u0131. Ayr\u0131ca eve d\u00f6nmeden \u00f6nce doktoru tekrar g\u00f6rd\u00fcm ve \u0130svi\u00e7re\u2019de kontrol i\u00e7in tekrar g\u00f6rece\u011fim. Fiyat-performans a\u00e7\u0131s\u0131ndan da \u00e7ok memnunum; bundan iyisi akl\u0131ma gelmez. Herhangi bir ek soru i\u00e7in de her zaman ileti\u015fime ge\u00e7ebilece\u011fim s\u00f6ylendi. Genel olarak \u00e7ok iyi ilgilenildim ve olas\u0131 takip tedavilerinde kesinlikle tekrar Prof. Dr. O\u011fuz Kay\u0131ran\u2019 gitmeyi d\u00fc\u015f\u00fcn\u00fcr\u00fcm. \u00c7ok dikkatli ve anlay\u0131\u015fl\u0131yd\u0131, i\u015fleri ise son derece profesyoneldi. \u00c7ok memnunum ve bu vesileyle t\u00fcm ilgilenenlere bir kez daha te\u015fekk\u00fcr ederim. \u0130sterim ki, yeni m\u00fc\u015fteriler veya teredd\u00fct ya\u015fayanlar i\u00e7in referans olabilmek amac\u0131yla e-posta adresimi ve telefon numaram\u0131 da verebilirim. Sayg\u0131lar\u0131mla, Svenja Clerc \u00d6nceki rapor Sonraki rapor<\/p>\n","protected":false},"author":4,"featured_media":0,"parent":4587,"menu_order":0,"comment_status":"closed","ping_status":"closed","template":"","meta":{"_joinchat":[],"footnotes":""},"class_list":["post-4807","page","type-page","status-publish","hentry"],"acf":[],"_links":{"self":[{"href":"https:\/\/medicaltravel.ch\/tr\/wp-json\/wp\/v2\/pages\/4807","targetHints":{"allow":["GET"]}}],"collection":[{"href":"https:\/\/medicaltravel.ch\/tr\/wp-json\/wp\/v2\/pages"}],"about":[{"href":"https:\/\/medicaltravel.ch\/tr\/wp-json\/wp\/v2\/types\/page"}],"author":[{"embeddable":true,"href":"https:\/\/medicaltravel.ch\/tr\/wp-json\/wp\/v2\/users\/4"}],"replies":[{"embeddable":true,"href":"https:\/\/medicaltravel.ch\/tr\/wp-json\/wp\/v2\/comments?post=4807"}],"version-history":[{"count":0,"href":"https:\/\/medicaltravel.ch\/tr\/wp-json\/wp\/v2\/pages\/4807\/revisions"}],"up":[{"embeddable":true,"href":"https:\/\/medicaltravel.ch\/tr\/wp-json\/wp\/v2\/pages\/4587"}],"wp:attachment":[{"href":"https:\/\/medicaltravel.ch\/tr\/wp-json\/wp\/v2\/media?parent=4807"}],"curies":[{"name":"wp","href":"https:\/\/api.w.org\/{rel}","templated":true}]}}