{"id":4809,"date":"2025-09-23T17:31:59","date_gmt":"2025-09-23T16:31:59","guid":{"rendered":"https:\/\/medicaltravel.ch\/hasta-raporlari\/erfahrungsberichte-empfehlungen-behandlungen-beurteilung-tuerkei-istanbul\/istanbulda-gecmis-zamanlarda-nasil-bir-deneyim-yasadim-3-agustos-2016-carsamba-tarihli-rapor\/"},"modified":"2026-01-12T19:15:37","modified_gmt":"2026-01-12T18:15:37","slug":"istanbulda-gecmis-zamanlarda-nasil-bir-deneyim-yasadim-3-agustos-2016-carsamba-tarihli-rapor","status":"publish","type":"page","link":"https:\/\/medicaltravel.ch\/tr\/hasta-raporlari\/referanslar-tavsiyeler-tedaviler-degerlendirmeler-turkiye-istanbul\/istanbulda-gecmis-zamanlarda-nasil-bir-deneyim-yasadim-3-agustos-2016-carsamba-tarihli-rapor\/","title":{"rendered":"\u0130STANBUL&#8217;DA GE\u00c7M\u0130\u015e ZAMANLARDA NASIL B\u0130R DENEY\u0130M YA\u015eADIM? \u2013 3 A\u011fustos 2016 \u00c7ar\u015famba tarihli rapor"},"content":{"rendered":"\n<p>\u0130STANBUL&#8217;DA GE\u00c7M\u0130\u015e DENEY\u0130MLER\u0130M NASILDI? \u2013 3 A\u011fustos 2016 \u00c7ar\u015famba tarihli rapor<\/p>\n\n\n\n<p>Ara\u015ft\u0131rmalar\u0131m s\u0131ras\u0131nda, tedaviyi (Femto Lasik) yurt d\u0131\u015f\u0131nda yapt\u0131rman\u0131n, \u00f6zellikle maliyet a\u00e7\u0131s\u0131ndan \u00e7ok daha avantajl\u0131 olaca\u011f\u0131n\u0131 h\u0131zl\u0131ca fark ettim (\u0130stanbul\u2019daki maliyet \u0130svi\u00e7re\u2019ye k\u0131yasla \u00fc\u00e7te birden az). K\u0131sa bir internet ara\u015ft\u0131rmas\u0131 bir\u00e7ok farkl\u0131 sa\u011flay\u0131c\u0131y\u0131 ortaya \u00e7\u0131kard\u0131; benim SwissLasik\u2019i tercih etmemin ba\u015fl\u0131ca nedeni, \u00e7ok say\u0131da olumlu deneyim payla\u015f\u0131m\u0131 ve net ileti\u015fimiydi. Ayr\u0131ca avantajl\u0131 bir di\u011fer nokta, bana yak\u0131n bir lokasyonun bulunmas\u0131 ve b\u00f6ylece ekibin insanlar\u0131yla bizzat tan\u0131\u015fabilme imk\u00e2n\u0131yd\u0131.  <\/p>\n\n\n\n<p>Yak\u0131n \u00e7evrem, \u0130stanbul\u2019a g\u00f6z lazeri operasyonu i\u00e7in gidece\u011fimi duyunca biraz tedirgin oldu. Bir yandan t\u0131bbi standartlar\u0131n yeterince y\u00fcksek olmayabilece\u011fi endi\u015fesi, di\u011fer yandan mevcut siyasi durum nedeniyle. Siyasi durumun nas\u0131l geli\u015fece\u011fini de\u011ferlendiremiyorum (Temmuz 2016 sonu itibar\u0131yla her \u015fey olduk\u00e7a sakindi: Sokaklarda asker yoktu, u\u00e7u\u015flar normaldi), ancak t\u0131bbi standartlar hakk\u0131nda bir \u015fey s\u00f6yleyebilirim. Hastane yaln\u0131zca alt\u0131 y\u0131l \u00f6nce a\u00e7\u0131lm\u0131\u015f ve di\u011fer \u00f6zel hastanelerle k\u0131yasland\u0131\u011f\u0131nda kendini g\u00f6sterecek d\u00fczeyde. Bunun detaylar\u0131n\u0131 daha sonra payla\u015faca\u011f\u0131m.    <\/p>\n\n\n\n<p>Hastaneye yakla\u015f\u0131k 15 dakika uzakl\u0131kta olan Levent Hotel ***\u2019i rezerve ettim. Orta fiyat segmentinde bir otel arayanlar i\u00e7in g\u00f6n\u00fcl rahatl\u0131\u011f\u0131yla tavsiye edebilirim. Resepsiyon 7\/24 hizmet veriyordu ve \u0130ngilizce konu\u015fan bir g\u00f6revli vard\u0131; ayr\u0131ca \u015fehirle ilgili faydal\u0131 tavsiyeler de verebiliyorlard\u0131. Kahvalt\u0131 b\u00fcfesi her zaman bol \u00e7e\u015fitliydi ve vejetaryen\/vegan misafirler i\u00e7in de geni\u015f se\u00e7enekler sunuluyordu.   <\/p>\n\n\n\n<p>Ac\u0131badem Hastanesi\u2019nden bir \u00e7al\u0131\u015fanla ilk temas\u0131m, \u0130stanbul Havaliman\u0131 \u00e7\u0131k\u0131\u015f\u0131nda bulunan Health Point\u2019te oldu. U\u00e7u\u015fum \u00fc\u00e7 saat gecikti\u011fi i\u00e7in orijinal kar\u015f\u0131lama randevusunu ka\u00e7\u0131rd\u0131m. Ancak Health Point\u2019teki gen\u00e7 \u00e7al\u0131\u015fan, birka\u00e7 dakika bekledikten sonra hemen yeni bir transfer ayarlayabildi. Otele yap\u0131lan yolculuk sorunsuz ge\u00e7ti ve sonraki t\u00fcm transferler de \u00f6yleydi. Biraz \u015fa\u015f\u0131rt\u0131c\u0131 olan ise, \u015fof\u00f6rlerin neredeyse her zaman tam zaman\u0131ndan \u00f6nce, s\u00f6zle\u015filen saatten 5 dakika \u00f6nce gelmeleri oldu (trafik genellikle \u00e7ok yo\u011fundur). Ayr\u0131ca ara\u00e7lar tamamen temiz ve d\u00fczenliydi.     <\/p>\n\n\n\n<p>Var\u0131\u015ftan sonraki g\u00fcn, Sal\u0131 26.07\u2019de i\u015flem ba\u015flad\u0131. Kahvalt\u0131dan sonra beni al\u0131p Ac\u0131badem Hastanesi\u2019ne g\u00f6t\u00fcrd\u00fcler. Orada, Almanca konu\u015fan terc\u00fcman\u0131m taraf\u0131ndan kar\u015f\u0131land\u0131m. Hemen ard\u0131ndan beni G\u00f6z Yetkinlik Merkezi\u2019ne y\u00f6nlendirdiler. Birka\u00e7 muayene yap\u0131ld\u0131 ve bu muayeneler aras\u0131nda yakla\u015f\u0131k 30 dakika beklemek gerekti. Yakla\u015f\u0131k iki saat sonra, beni tedavi edecek doktorla g\u00f6r\u00fc\u015fme yap\u0131ld\u0131; doktor, uygun oldu\u011fumu bildirdi (Swiss Lasik \u0130svi\u00e7re\u2019de \u00f6n muayene yapm\u0131\u015ft\u0131, ancak kesin de\u011ferlendirmeyi tedaviyi yapacak doktor yapabiliyor).<br>Bu noktada bir ipucu: Bekleme s\u00fcrelerini ge\u00e7irmek i\u00e7in yan\u0131n\u0131za bir kitap ve MP3 \u00e7alar al\u0131n.<br>Ard\u0131ndan bir t\u00fcr \u201c\u00f6\u011fle aras\u0131\u201d oldu \u00e7\u00fcnk\u00fc i\u015flem \u00f6\u011fleden sonra 14:00\u2019e planlanm\u0131\u015ft\u0131. \u00d6ncesinde g\u00f6zlerime g\u00f6z damlas\u0131 damlat\u0131ld\u0131, b\u00f6ylece g\u00f6zbebeklerim geni\u015fledi (endi\u015felenmeyin, \u0131\u015f\u0131\u011fa duyarl\u0131l\u0131k ve hafif bulan\u0131k g\u00f6rme normal yan etkiler).        <\/p>\n\n\n\n<p>14:00 civar\u0131nda terc\u00fcman\u0131m beni al\u0131p tedavi alan\u0131na g\u00f6t\u00fcrd\u00fc. K\u0131sa bir s\u00fcre i\u00e7inde sa\u00e7 bonesi ve ameliyat \u00f6nl\u00fc\u011f\u00fc giydim ve haz\u0131rd\u0131m.<br>Ameliyat\u0131n kendisi her iki g\u00f6z i\u00e7in yakla\u015f\u0131k 15 dakika s\u00fcrd\u00fc. \u201cFlap\u201d kesimi biraz rahats\u0131z ediciydi ama a\u011fr\u0131l\u0131 de\u011fildi. G\u00f6zlerin lazerle tedavisi ise sadece yakla\u015f\u0131k 5 saniye s\u00fcrd\u00fc ve tamamen a\u011fr\u0131s\u0131zd\u0131. Ameliyattan sonra ilk d\u00f6rt saat g\u00f6r\u00fc\u015f biraz bulan\u0131k olur; sanki g\u00f6r\u00fc\u015f\u00fcn \u00fczerinde bir perde varm\u0131\u015f gibi ve \u0131\u015f\u0131\u011fa kar\u015f\u0131 hassasiyet olu\u015fur. Doktor k\u0131sa bir kontrol yapt\u0131ktan sonra bana koruyucu g\u00f6zl\u00fck ve g\u00f6z damlas\u0131 verildi. Terc\u00fcman t\u00fcm s\u00fcre\u00e7 boyunca yan\u0131mdayd\u0131, yapmam gerekenleri anlatt\u0131 ve sorular\u0131m\u0131 eksiksiz \u015fekilde yan\u0131tlad\u0131.      <\/p>\n\n\n\n<p>Ameliyattan sonraki ilk d\u00f6rt saatte g\u00f6zler biraz yanabilir ve net odaklanmak zor olabilir, ancak operasyonun sonucunu \u00e7ok h\u0131zl\u0131 bir \u015fekilde g\u00f6rmek m\u00fcmk\u00fcn. Geri kalan g\u00fcn\u00fc otelimde ge\u00e7irdim. Ertesi sabah, k\u0131sa s\u00fcren kontrol muayenesi i\u00e7in beni al\u0131p g\u00f6t\u00fcrd\u00fcler; muayene yaln\u0131zca birka\u00e7 dakika s\u00fcrd\u00fc.  <\/p>\n\n\n\n<p>Bu kontrol muayenesinden sonra tedavi tamamlanm\u0131\u015f say\u0131ld\u0131 ve art\u0131k muhte\u015fem \u015fehir \u0130stanbul\u2019u ke\u015ffetmek serbestti. Bu noktada Kapal\u0131\u00e7ar\u015f\u0131\u2019y\u0131 ziyaret etmeyi \u00f6zellikle tavsiye ederim. <\/p>\n\n\n\n<p>Cuma g\u00fcn\u00fc \u0130svi\u00e7re\u2019ye d\u00f6n\u00fc\u015f u\u00e7u\u015fum vard\u0131; transfer de \u00f6nceden ayarlanm\u0131\u015ft\u0131, bu y\u00fczden endi\u015felenmeme gerek kalmad\u0131.<\/p>\n\n\n\n<p>Ameliyattan bu yana bir hafta ge\u00e7ti ve iyile\u015fme s\u00fcreci \u00e7ok iyi ilerliyor. Art\u0131k d\u00fcnyay\u0131 t\u00fcm detaylar\u0131yla g\u00f6rebilmek harika bir his. Bu nedenle, SwissLasik ile lazer g\u00f6z tedavisini g\u00fcvenle tavsiye edebilirim.  <\/p>\n\n\n\n<p>Ron-John Dillier 03.08.16<\/p>\n\n\n\n<div class=\"wp-block-group is-layout-grid wp-container-core-group-is-layout-baef362d wp-block-group-is-layout-grid\">\n<p><a href=\"https:\/\/medicaltravel.at\/home\/agb\/\" data-type=\"page\" data-id=\"2191\" rel=\"nofollow noopener\" target=\"_blank\"><\/a><a href=\"https:\/\/medicaltravel.ch\/tr\/hasta-raporlari\/referanslar-tavsiyeler-tedaviler-degerlendirmeler-turkiye-istanbul\/istanbulda-bir-kadin-olarak-sac-ekimim-3-eyluel-2016-cumartesi-raporu\/\" data-type=\"link\" data-id=\"https:\/\/medicaltravel.ch\/tr\/hasta-raporlari\/referanslar-tavsiyeler-tedaviler-degerlendirmeler-turkiye-istanbul\/istanbulda-bir-kadin-olarak-sac-ekimim-3-eyluel-2016-cumartesi-raporu\/\">\u00d6nceki rapor<\/a><\/p>\n\n\n\n<p class=\"has-text-align-right wp-container-content-5e2576f9\"><a href=\"https:\/\/medicaltravel.at\/home\/impressum\/\" data-type=\"page\" data-id=\"2193\" rel=\"nofollow noopener\" target=\"_blank\"><\/a><a href=\"https:\/\/medicaltravel.at\/home\/berichte-von-patienten\/erfahrungsberichte\/erfahrungsbericht-zahnbehandlung-in-istanbul\/\" data-type=\"page\" data-id=\"981\" rel=\"nofollow noopener\" target=\"_blank\"><\/a><a href=\"https:\/\/medicaltravel.ch\/tr\/hasta-raporlari\/referanslar-tavsiyeler-tedaviler-degerlendirmeler-turkiye-istanbul\/kisisel-rapor-istanbuldaki-burun-ameliyatim-30-mayis-2016-pazartesi-tarihli-rapor\/\" data-type=\"link\" data-id=\"https:\/\/medicaltravel.ch\/tr\/hasta-raporlari\/referanslar-tavsiyeler-tedaviler-degerlendirmeler-turkiye-istanbul\/kisisel-rapor-istanbuldaki-burun-ameliyatim-30-mayis-2016-pazartesi-tarihli-rapor\/\">Sonraki rapor<\/a><\/p>\n<\/div>\n","protected":false},"excerpt":{"rendered":"<p>\u0130STANBUL&#8217;DA GE\u00c7M\u0130\u015e DENEY\u0130MLER\u0130M NASILDI? \u2013 3 A\u011fustos 2016 \u00c7ar\u015famba tarihli rapor Ara\u015ft\u0131rmalar\u0131m s\u0131ras\u0131nda, tedaviyi (Femto Lasik) yurt d\u0131\u015f\u0131nda yapt\u0131rman\u0131n, \u00f6zellikle maliyet a\u00e7\u0131s\u0131ndan \u00e7ok daha avantajl\u0131 olaca\u011f\u0131n\u0131 h\u0131zl\u0131ca fark ettim (\u0130stanbul\u2019daki maliyet \u0130svi\u00e7re\u2019ye k\u0131yasla \u00fc\u00e7te birden az). K\u0131sa bir internet ara\u015ft\u0131rmas\u0131 bir\u00e7ok farkl\u0131 sa\u011flay\u0131c\u0131y\u0131 ortaya \u00e7\u0131kard\u0131; benim SwissLasik\u2019i tercih etmemin ba\u015fl\u0131ca nedeni, \u00e7ok say\u0131da olumlu deneyim payla\u015f\u0131m\u0131 ve net ileti\u015fimiydi. Ayr\u0131ca avantajl\u0131 bir di\u011fer nokta, bana yak\u0131n bir lokasyonun bulunmas\u0131 ve b\u00f6ylece ekibin insanlar\u0131yla bizzat tan\u0131\u015fabilme imk\u00e2n\u0131yd\u0131. Yak\u0131n \u00e7evrem, \u0130stanbul\u2019a g\u00f6z lazeri operasyonu i\u00e7in gidece\u011fimi duyunca biraz tedirgin oldu. Bir yandan t\u0131bbi standartlar\u0131n yeterince y\u00fcksek olmayabilece\u011fi endi\u015fesi, di\u011fer yandan mevcut siyasi durum nedeniyle. Siyasi durumun nas\u0131l geli\u015fece\u011fini de\u011ferlendiremiyorum (Temmuz 2016 sonu itibar\u0131yla her \u015fey olduk\u00e7a sakindi: Sokaklarda asker yoktu, u\u00e7u\u015flar normaldi), ancak t\u0131bbi standartlar hakk\u0131nda bir \u015fey s\u00f6yleyebilirim. Hastane yaln\u0131zca alt\u0131 y\u0131l \u00f6nce a\u00e7\u0131lm\u0131\u015f ve di\u011fer \u00f6zel hastanelerle k\u0131yasland\u0131\u011f\u0131nda kendini g\u00f6sterecek d\u00fczeyde. Bunun detaylar\u0131n\u0131 daha sonra payla\u015faca\u011f\u0131m. Hastaneye yakla\u015f\u0131k 15 dakika uzakl\u0131kta olan Levent Hotel ***\u2019i rezerve ettim. Orta fiyat segmentinde bir otel arayanlar i\u00e7in g\u00f6n\u00fcl rahatl\u0131\u011f\u0131yla tavsiye edebilirim. Resepsiyon 7\/24 hizmet veriyordu ve \u0130ngilizce konu\u015fan bir g\u00f6revli vard\u0131; ayr\u0131ca \u015fehirle ilgili faydal\u0131 tavsiyeler de verebiliyorlard\u0131. Kahvalt\u0131 b\u00fcfesi her zaman bol \u00e7e\u015fitliydi ve vejetaryen\/vegan misafirler i\u00e7in de geni\u015f se\u00e7enekler sunuluyordu. Ac\u0131badem Hastanesi\u2019nden bir \u00e7al\u0131\u015fanla ilk temas\u0131m, \u0130stanbul Havaliman\u0131 \u00e7\u0131k\u0131\u015f\u0131nda bulunan Health Point\u2019te oldu. U\u00e7u\u015fum \u00fc\u00e7 saat gecikti\u011fi i\u00e7in orijinal kar\u015f\u0131lama randevusunu ka\u00e7\u0131rd\u0131m. Ancak Health Point\u2019teki gen\u00e7 \u00e7al\u0131\u015fan, birka\u00e7 dakika bekledikten sonra hemen yeni bir transfer ayarlayabildi. Otele yap\u0131lan yolculuk sorunsuz ge\u00e7ti ve sonraki t\u00fcm transferler de \u00f6yleydi. Biraz \u015fa\u015f\u0131rt\u0131c\u0131 olan ise, \u015fof\u00f6rlerin neredeyse her zaman tam zaman\u0131ndan \u00f6nce, s\u00f6zle\u015filen saatten 5 dakika \u00f6nce gelmeleri oldu (trafik genellikle \u00e7ok yo\u011fundur). Ayr\u0131ca ara\u00e7lar tamamen temiz ve d\u00fczenliydi. Var\u0131\u015ftan sonraki g\u00fcn, Sal\u0131 26.07\u2019de i\u015flem ba\u015flad\u0131. Kahvalt\u0131dan sonra beni al\u0131p Ac\u0131badem Hastanesi\u2019ne g\u00f6t\u00fcrd\u00fcler. Orada, Almanca konu\u015fan terc\u00fcman\u0131m taraf\u0131ndan kar\u015f\u0131land\u0131m. Hemen ard\u0131ndan beni G\u00f6z Yetkinlik Merkezi\u2019ne y\u00f6nlendirdiler. Birka\u00e7 muayene yap\u0131ld\u0131 ve bu muayeneler aras\u0131nda yakla\u015f\u0131k 30 dakika beklemek gerekti. Yakla\u015f\u0131k iki saat sonra, beni tedavi edecek doktorla g\u00f6r\u00fc\u015fme yap\u0131ld\u0131; doktor, uygun oldu\u011fumu bildirdi (Swiss Lasik \u0130svi\u00e7re\u2019de \u00f6n muayene yapm\u0131\u015ft\u0131, ancak kesin de\u011ferlendirmeyi tedaviyi yapacak doktor yapabiliyor).Bu noktada bir ipucu: Bekleme s\u00fcrelerini ge\u00e7irmek i\u00e7in yan\u0131n\u0131za bir kitap ve MP3 \u00e7alar al\u0131n.Ard\u0131ndan bir t\u00fcr \u201c\u00f6\u011fle aras\u0131\u201d oldu \u00e7\u00fcnk\u00fc i\u015flem \u00f6\u011fleden sonra 14:00\u2019e planlanm\u0131\u015ft\u0131. \u00d6ncesinde g\u00f6zlerime g\u00f6z damlas\u0131 damlat\u0131ld\u0131, b\u00f6ylece g\u00f6zbebeklerim geni\u015fledi (endi\u015felenmeyin, \u0131\u015f\u0131\u011fa duyarl\u0131l\u0131k ve hafif bulan\u0131k g\u00f6rme normal yan etkiler). 14:00 civar\u0131nda terc\u00fcman\u0131m beni al\u0131p tedavi alan\u0131na g\u00f6t\u00fcrd\u00fc. K\u0131sa bir s\u00fcre i\u00e7inde sa\u00e7 bonesi ve ameliyat \u00f6nl\u00fc\u011f\u00fc giydim ve haz\u0131rd\u0131m.Ameliyat\u0131n kendisi her iki g\u00f6z i\u00e7in yakla\u015f\u0131k 15 dakika s\u00fcrd\u00fc. \u201cFlap\u201d kesimi biraz rahats\u0131z ediciydi ama a\u011fr\u0131l\u0131 de\u011fildi. G\u00f6zlerin lazerle tedavisi ise sadece yakla\u015f\u0131k 5 saniye s\u00fcrd\u00fc ve tamamen a\u011fr\u0131s\u0131zd\u0131. Ameliyattan sonra ilk d\u00f6rt saat g\u00f6r\u00fc\u015f biraz bulan\u0131k olur; sanki g\u00f6r\u00fc\u015f\u00fcn \u00fczerinde bir perde varm\u0131\u015f gibi ve \u0131\u015f\u0131\u011fa kar\u015f\u0131 hassasiyet olu\u015fur. Doktor k\u0131sa bir kontrol yapt\u0131ktan sonra bana koruyucu g\u00f6zl\u00fck ve g\u00f6z damlas\u0131 verildi. Terc\u00fcman t\u00fcm s\u00fcre\u00e7 boyunca yan\u0131mdayd\u0131, yapmam gerekenleri anlatt\u0131 ve sorular\u0131m\u0131 eksiksiz \u015fekilde yan\u0131tlad\u0131. Ameliyattan sonraki ilk d\u00f6rt saatte g\u00f6zler biraz yanabilir ve net odaklanmak zor olabilir, ancak operasyonun sonucunu \u00e7ok h\u0131zl\u0131 bir \u015fekilde g\u00f6rmek m\u00fcmk\u00fcn. Geri kalan g\u00fcn\u00fc otelimde ge\u00e7irdim. Ertesi sabah, k\u0131sa s\u00fcren kontrol muayenesi i\u00e7in beni al\u0131p g\u00f6t\u00fcrd\u00fcler; muayene yaln\u0131zca birka\u00e7 dakika s\u00fcrd\u00fc. Bu kontrol muayenesinden sonra tedavi tamamlanm\u0131\u015f say\u0131ld\u0131 ve art\u0131k muhte\u015fem \u015fehir \u0130stanbul\u2019u ke\u015ffetmek serbestti. Bu noktada Kapal\u0131\u00e7ar\u015f\u0131\u2019y\u0131 ziyaret etmeyi \u00f6zellikle tavsiye ederim. Cuma g\u00fcn\u00fc \u0130svi\u00e7re\u2019ye d\u00f6n\u00fc\u015f u\u00e7u\u015fum vard\u0131; transfer de \u00f6nceden ayarlanm\u0131\u015ft\u0131, bu y\u00fczden endi\u015felenmeme gerek kalmad\u0131. Ameliyattan bu yana bir hafta ge\u00e7ti ve iyile\u015fme s\u00fcreci \u00e7ok iyi ilerliyor. Art\u0131k d\u00fcnyay\u0131 t\u00fcm detaylar\u0131yla g\u00f6rebilmek harika bir his. Bu nedenle, SwissLasik ile lazer g\u00f6z tedavisini g\u00fcvenle tavsiye edebilirim. Ron-John Dillier 03.08.16 \u00d6nceki rapor Sonraki rapor<\/p>\n","protected":false},"author":4,"featured_media":0,"parent":4587,"menu_order":0,"comment_status":"closed","ping_status":"closed","template":"","meta":{"_joinchat":[],"footnotes":""},"class_list":["post-4809","page","type-page","status-publish","hentry"],"acf":[],"_links":{"self":[{"href":"https:\/\/medicaltravel.ch\/tr\/wp-json\/wp\/v2\/pages\/4809","targetHints":{"allow":["GET"]}}],"collection":[{"href":"https:\/\/medicaltravel.ch\/tr\/wp-json\/wp\/v2\/pages"}],"about":[{"href":"https:\/\/medicaltravel.ch\/tr\/wp-json\/wp\/v2\/types\/page"}],"author":[{"embeddable":true,"href":"https:\/\/medicaltravel.ch\/tr\/wp-json\/wp\/v2\/users\/4"}],"replies":[{"embeddable":true,"href":"https:\/\/medicaltravel.ch\/tr\/wp-json\/wp\/v2\/comments?post=4809"}],"version-history":[{"count":0,"href":"https:\/\/medicaltravel.ch\/tr\/wp-json\/wp\/v2\/pages\/4809\/revisions"}],"up":[{"embeddable":true,"href":"https:\/\/medicaltravel.ch\/tr\/wp-json\/wp\/v2\/pages\/4587"}],"wp:attachment":[{"href":"https:\/\/medicaltravel.ch\/tr\/wp-json\/wp\/v2\/media?parent=4809"}],"curies":[{"name":"wp","href":"https:\/\/api.w.org\/{rel}","templated":true}]}}