{"id":4811,"date":"2025-09-23T17:39:24","date_gmt":"2025-09-23T16:39:24","guid":{"rendered":"https:\/\/medicaltravel.ch\/hasta-raporlari\/erfahrungsberichte-empfehlungen-behandlungen-beurteilung-tuerkei-istanbul\/istanbuldaki-sac-ekimim-nasil-gecti-6-ocak-2016-carsamba-tarihli-rapor\/"},"modified":"2026-01-12T19:20:40","modified_gmt":"2026-01-12T18:20:40","slug":"istanbuldaki-sac-ekimim-nasil-gecti-6-ocak-2016-carsamba-tarihli-rapor","status":"publish","type":"page","link":"https:\/\/medicaltravel.ch\/tr\/hasta-raporlari\/referanslar-tavsiyeler-tedaviler-degerlendirmeler-turkiye-istanbul\/istanbuldaki-sac-ekimim-nasil-gecti-6-ocak-2016-carsamba-tarihli-rapor\/","title":{"rendered":"\u0130stanbul&#8217;daki sa\u00e7 ekimim nas\u0131l ge\u00e7ti? \u2013 6 Ocak 2016 \u00c7ar\u015famba tarihli rapor"},"content":{"rendered":"\n<p>\u0130stanbul&#8217;daki sa\u00e7 ekimim nas\u0131l ge\u00e7ti? \u2013 6 Ocak 2016 \u00c7ar\u015famba tarihli rapor<\/p>\n\n\n\n<p>Size Bern\u2019deki MedicalTravel deneyimimden ve onlar\u0131n T\u00fcrkiye\u2019de organize etti\u011fi sa\u00e7 ekimi i\u015fleminden bahsetmek istiyorum.<\/p>\n\n\n\n<p>38 ya\u015f\u0131nday\u0131m ve birka\u00e7 ayd\u0131r sa\u00e7 ekimi yapt\u0131rmay\u0131 d\u00fc\u015f\u00fcn\u00fcyordum. Asl\u0131nda \u00e7ok fazla sa\u00e7 kayb\u0131m yoktu, bu y\u00fczden \u00f6n b\u00f6lgede ve al\u0131n k\u0131sm\u0131nda sadece birka\u00e7 seyrek alan ve ba\u015f\u0131n arka k\u0131sm\u0131nda baz\u0131 bo\u015fluklar vard\u0131. Buna ra\u011fmen rahats\u0131z oluyordum, ne kadar az olursa olsun. \u00d6zellikle yaz\u0131n sa\u00e7lar\u0131m\u0131 k\u0131sa tercih etti\u011fimde, ba\u015f derim fazla g\u00f6r\u00fcn\u00fcyor ve bu beni rahats\u0131z ediyordu. \u0130\u015fte bu y\u00fczden sa\u00e7 ekimi yapt\u0131rmaya karar verdim.    <\/p>\n\n\n\n<p>Biliyordum ve \u00e7ok duydum ki, T\u00fcrkiye bu konuda \u00e7ok iyi doktorlara ve kliniklere sahip; i\u015flemi \u0130svi\u00e7re\u2019ye k\u0131yasla olduk\u00e7a uygun bir fiyata \u00e7ok iyi yapabiliyorlar. Bu nedenle internette klinikler, doktorlar ve deneyim yorumlar\u0131yla ilgili ara\u015ft\u0131rma yapt\u0131m. Ne yaz\u0131k ki bu \u00e7ok yard\u0131mc\u0131 olmad\u0131, \u00e7\u00fcnk\u00fc farkl\u0131 klinik ve doktorlardan \u00e7ok \u00e7e\u015fitli g\u00f6r\u00fc\u015fler vard\u0131. A\u00e7\u0131k\u00e7as\u0131, \u00e7o\u011fu yorum ya fazla reklam kokuyor ya da kas\u0131tl\u0131 olarak k\u00f6t\u00fclemeye y\u00f6nelik gibiydi.  <\/p>\n\n\n\n<p>Sonunda, olduk\u00e7a iyi olduklar\u0131n\u0131 duydu\u011fum 2-3 doktor vard\u0131. Ancak, bu doktorlarda randevu almak i\u00e7in 2-3 ay \u00f6nceden rezervasyon yapmak gerekiyordu ve benim bu kadar vaktim yoktu. Biraz daha ara\u015ft\u0131rma yapt\u0131ktan sonra MedicalTravel\u2019in web sitesine rastlad\u0131m. Bu firma Bern\u2019de bulunuyor ve sa\u00e7 ekimi konusunda \u0130stanbul\u2019daki bir klinikle \u00e7al\u0131\u015f\u0131yorlar.   <\/p>\n\n\n\n<p>MedicalTravel ekibi \u00e7ok yard\u0131mseverdi ve t\u00fcm sorular\u0131m\u0131 yan\u0131tlad\u0131lar. Ayr\u0131ca \u201c\u00f6nceki foto\u011fraflar\u0131m\u0131\u201d tedaviyi yapacak doktora g\u00f6nderip ilk de\u011ferlendirmeyi yapt\u0131rd\u0131lar; b\u00f6ylece bende sa\u00e7 ekimi yap\u0131l\u0131p yap\u0131lamayaca\u011f\u0131n\u0131 ve ka\u00e7 greft gerekti\u011fini, maliyetin ne olaca\u011f\u0131n\u0131 bana bildirebildiler. <\/p>\n\n\n\n<p>Bende tahminen 2500\u20132800 greft gerekiyordu ve bunun maliyeti 2500 Euro\u2019ydu. Bu fiyata t\u00fcm dan\u0131\u015fmanl\u0131k ve organizasyon, MedicalTravel ile kararla\u015ft\u0131rd\u0131\u011f\u0131m\u0131z tarihler, klini\u011fe \u00e7ok yak\u0131n g\u00fczel bir otelde 2 gece konaklama dahil idi. Ayr\u0131ca havaalan\u0131ndan otele ve d\u00f6n\u00fc\u015fte tekrar havaalan\u0131na transfer, otelden al\u0131n\u0131p klini\u011fe g\u00f6t\u00fcr\u00fclme ve geri getirilme hizmeti de dahildi. Yan\u0131nda her yere e\u015flik eden bir terc\u00fcman da fiyata dahildi. Ancak ben \u00f6nceden \u0130stanbul\u2019a gitti\u011fim i\u00e7in transfer hizmetini kullanmad\u0131m.    <\/p>\n\n\n\n<p>Dan\u0131\u015fmanl\u0131k randevusundan bir g\u00fcn \u00f6nce otele giri\u015f yapt\u0131m. Otel, \u0130stanbul Fulya\u2019daki Ac\u0131badem Klinigi\u2019ne yakla\u015f\u0131k 50 metre uzakl\u0131ktayd\u0131. Otel g\u00fczel ve temizdi, personel ise \u00e7ok nazikti.  <\/p>\n\n\n\n<p>Ertesi g\u00fcn Ac\u0131badem Klini\u011fi\u2019ne gittim ve resepsiyonda terc\u00fcman\u0131m beni bekliyordu; sonraki \u00fc\u00e7 g\u00fcn boyunca t\u00fcm randevular\u0131mda bana e\u015flik etti. Uzman Prof. Dr. Ferit Demirkan ile dan\u0131\u015fmanl\u0131k g\u00f6r\u00fc\u015fmem oldu. Bana yaln\u0131zca 1800\u20132000 greft gerekti\u011fi s\u00f6ylendi. Doktor, nakil s\u00fcreci ve sonras\u0131 hakk\u0131nda t\u00fcm ayr\u0131nt\u0131lar\u0131 anlatt\u0131. A\u00e7\u0131k\u00e7as\u0131, \u0130stanbul\u2019da birka\u00e7 doktor ve klinikten bilgi almay\u0131 planl\u0131yordum, ancak doktorla konu\u015fma ve klini\u011fin genel atmosferi ile resepsiyon deneyimi bana o kadar iyi hissettirdi ki, kendi kendime dedim: \u201cBu klinikte sa\u00e7 ekimi yapt\u0131raca\u011f\u0131m.\u201d<br>Karar verdikten sonra, g\u00f6r\u00fc\u015fmeden sonra PRP tedavisi yap\u0131ld\u0131 (bu da fiyat\u0131n i\u00e7indeydi). Bir hem\u015fire benden birka\u00e7 ml kan ald\u0131, bunu santrif\u00fcjleyip plazmay\u0131 (yani berrak s\u0131v\u0131y\u0131) ay\u0131rd\u0131 ve doktor bu plazmay\u0131 bir enjekt\u00f6r ile sa\u00e7 derimin alt\u0131na enjekte etti. Bu \u00f6n tedavinin sa\u00e7 derisine de\u011ferli besinler sa\u011flad\u0131\u011f\u0131 ve sa\u00e7 ekimi sonu\u00e7lar\u0131n\u0131 olumlu etkileyebilece\u011fi s\u00f6yleniyordu. \u0130\u011fnelerin batmas\u0131 biraz rahats\u0131z ediciydi ama dayan\u0131labilirdi.        <\/p>\n\n\n\n<p>\u0130kinci g\u00fcn, yani nakil g\u00fcn\u00fc, doktorla k\u0131sa bir g\u00f6r\u00fc\u015fme daha yapt\u0131m. Ard\u0131ndan klini\u011fin kuaf\u00f6r b\u00f6l\u00fcm\u00fcne gittim ve sa\u00e7lar\u0131m kelle\u015fme i\u00e7in kesildi; bu, optimal nakil i\u00e7in gerekliydi. Sonras\u0131nda k\u00fc\u00e7\u00fck bir tedavi odas\u0131na ge\u00e7tim ve i\u015flem i\u00e7in haz\u0131rland\u0131m: \u00f6nl\u00fck giyildi ve lokal anestezinin etkisini bekledim. Bu s\u0131rada, ila\u00e7 sa\u00e7 derisinin alt\u0131na enjekt\u00f6r ile uyguland\u0131. Nakledilecek alan\u0131n b\u00fcy\u00fckl\u00fc\u011f\u00fcne ba\u011fl\u0131 olarak 20\u201340 i\u011fne uygulan\u0131yor ve bunu g\u00f6\u011f\u00fcs germek gerekiyor. A\u00e7\u0131k\u00e7as\u0131, bu s\u00fcre\u00e7 olduk\u00e7a a\u011fr\u0131l\u0131yd\u0131; baz\u0131 b\u00f6lgeler daha az, baz\u0131lar\u0131 ise \u00e7ok fazla ac\u0131 veriyordu. Ancak gerekli iradeye sahipseniz bu prosed\u00fcr\u00fc atlatmak m\u00fcmk\u00fcn. En az\u0131ndan lokal anesteziden sonra nakil s\u0131ras\u0131nda hi\u00e7bir a\u011fr\u0131 hissetmiyorsunuz.<br>Nakil i\u015flemi bende t\u00fcm detaylar\u0131yla yakla\u015f\u0131k 3,5 saat s\u00fcrd\u00fc ve sonu\u00e7ta 2000 greft nakledildi.          <\/p>\n\n\n\n<p>Sa\u00e7 ekimi i\u015flemini ise asistanlar ger\u00e7ekle\u015ftirdi, doktor de\u011fil. Ancak \u00e7o\u011fu klinikte uygulama b\u00f6yledir: Doktor planlamay\u0131 yapar, uygulamay\u0131 ise e\u011fitimli asistanlar \u00fcstlenir. Klinik ve uygulay\u0131c\u0131lar\u0131n e\u011fitim durumuna ba\u011fl\u0131 olarak, i\u015flemin doktor taraf\u0131ndan yap\u0131lmas\u0131 daha iyi olabilir. Fakat, e\u011fer doktor olmayan personel iyi e\u011fitimli ve deneyimliyse, en az doktor kadar iyi sonu\u00e7lar elde edilebilir; hatta bazen daha iyi sonu\u00e7lar al\u0131nabilir, \u00e7\u00fcnk\u00fc bu asistanlar \u00e7ok daha fazla pratik yapm\u0131\u015f olur.<br>Bana ayr\u0131ca \u00f6n\u00fcm\u00fczdeki g\u00fcnler ve haftalarda nas\u0131l ilerlemem gerekti\u011fi anlat\u0131ld\u0131; sa\u00e7 y\u0131kama, uyurken dikkat edilmesi gerekenler gibi konular hakk\u0131nda bilgiler verdiler.     <\/p>\n\n\n\n<p>Nakilden sonraki g\u00fcn, bandaj\u0131n de\u011fi\u015ftirilmesi ve son kontrol i\u00e7in tekrar doktorla randevum oldu.<\/p>\n\n\n\n<p>Ard\u0131ndan tekrar eve d\u00f6nmeme izin verildi. \u0130ki hafta boyunca sa\u00e7 derimi \u00f6nce 15\u201330 dakika Bepanthen ile yumu\u015fatt\u0131m, sonra \u00f6zel \u015fampuan ile y\u0131kad\u0131m. \u015eu anda sa\u00e7 ekiminden \u00fc\u00e7 hafta ge\u00e7ti ve nakledilen sa\u00e7lar beklendi\u011fi gibi d\u00f6k\u00fcl\u00fcyor; \u00f6n\u00fcm\u00fczdeki 2\u20133 ay i\u00e7inde tekrar \u00e7\u0131kacaklar.  <\/p>\n\n\n\n<p>Ki\u015fisel olarak, hem Bern\u2019deki MedicalTravel\u2019i hem de Ac\u0131badem Klini\u011fi\u2019ni g\u00fcvenle tavsiye edebilirim.<\/p>\n\n\n\n<p>Sayg\u0131lar\u0131mla<\/p>\n\n\n\n<p>\u00d6zcan \u00d6zaltin<\/p>\n\n\n\n<div class=\"wp-block-group is-layout-grid wp-container-core-group-is-layout-baef362d wp-block-group-is-layout-grid\">\n<p><a href=\"https:\/\/medicaltravel.at\/home\/agb\/\" data-type=\"page\" data-id=\"2191\" rel=\"nofollow noopener\" target=\"_blank\"><\/a><a href=\"https:\/\/medicaltravel.ch\/tr\/hasta-raporlari\/referanslar-tavsiyeler-tedaviler-degerlendirmeler-turkiye-istanbul\/hasta-raporu-istanbulda-meme-bueyuetme-ameliyati-6-ocak-2016-carsamba-tarihli-rapor\/\" data-type=\"link\" data-id=\"https:\/\/medicaltravel.ch\/tr\/hasta-raporlari\/referanslar-tavsiyeler-tedaviler-degerlendirmeler-turkiye-istanbul\/hasta-raporu-istanbulda-meme-bueyuetme-ameliyati-6-ocak-2016-carsamba-tarihli-rapor\/\">\u00d6nceki rapor<\/a><\/p>\n\n\n\n<p class=\"has-text-align-right wp-container-content-5e2576f9\"><a href=\"https:\/\/medicaltravel.at\/home\/impressum\/\" data-type=\"page\" data-id=\"2193\" rel=\"nofollow noopener\" target=\"_blank\"><\/a><a href=\"https:\/\/medicaltravel.at\/home\/berichte-von-patienten\/erfahrungsberichte\/erfahrungsbericht-zahnbehandlung-in-istanbul\/\" data-type=\"page\" data-id=\"981\" rel=\"nofollow noopener\" target=\"_blank\"><\/a><a href=\"https:\/\/medicaltravel.ch\/tr\/hasta-raporlari\/referanslar-tavsiyeler-tedaviler-degerlendirmeler-turkiye-istanbul\/hasta-raporu-meme-bueyuetme-istanbul-tuerkiye-4-aralik-2015-cuma-tarihli-rapor\/\" data-type=\"link\" data-id=\"https:\/\/medicaltravel.ch\/tr\/hasta-raporlari\/referanslar-tavsiyeler-tedaviler-degerlendirmeler-turkiye-istanbul\/hasta-raporu-meme-bueyuetme-istanbul-tuerkiye-4-aralik-2015-cuma-tarihli-rapor\/\">Sonraki rapor<\/a><\/p>\n<\/div>\n","protected":false},"excerpt":{"rendered":"<p>\u0130stanbul&#8217;daki sa\u00e7 ekimim nas\u0131l ge\u00e7ti? \u2013 6 Ocak 2016 \u00c7ar\u015famba tarihli rapor Size Bern\u2019deki MedicalTravel deneyimimden ve onlar\u0131n T\u00fcrkiye\u2019de organize etti\u011fi sa\u00e7 ekimi i\u015fleminden bahsetmek istiyorum. 38 ya\u015f\u0131nday\u0131m ve birka\u00e7 ayd\u0131r sa\u00e7 ekimi yapt\u0131rmay\u0131 d\u00fc\u015f\u00fcn\u00fcyordum. Asl\u0131nda \u00e7ok fazla sa\u00e7 kayb\u0131m yoktu, bu y\u00fczden \u00f6n b\u00f6lgede ve al\u0131n k\u0131sm\u0131nda sadece birka\u00e7 seyrek alan ve ba\u015f\u0131n arka k\u0131sm\u0131nda baz\u0131 bo\u015fluklar vard\u0131. Buna ra\u011fmen rahats\u0131z oluyordum, ne kadar az olursa olsun. \u00d6zellikle yaz\u0131n sa\u00e7lar\u0131m\u0131 k\u0131sa tercih etti\u011fimde, ba\u015f derim fazla g\u00f6r\u00fcn\u00fcyor ve bu beni rahats\u0131z ediyordu. \u0130\u015fte bu y\u00fczden sa\u00e7 ekimi yapt\u0131rmaya karar verdim. Biliyordum ve \u00e7ok duydum ki, T\u00fcrkiye bu konuda \u00e7ok iyi doktorlara ve kliniklere sahip; i\u015flemi \u0130svi\u00e7re\u2019ye k\u0131yasla olduk\u00e7a uygun bir fiyata \u00e7ok iyi yapabiliyorlar. Bu nedenle internette klinikler, doktorlar ve deneyim yorumlar\u0131yla ilgili ara\u015ft\u0131rma yapt\u0131m. Ne yaz\u0131k ki bu \u00e7ok yard\u0131mc\u0131 olmad\u0131, \u00e7\u00fcnk\u00fc farkl\u0131 klinik ve doktorlardan \u00e7ok \u00e7e\u015fitli g\u00f6r\u00fc\u015fler vard\u0131. A\u00e7\u0131k\u00e7as\u0131, \u00e7o\u011fu yorum ya fazla reklam kokuyor ya da kas\u0131tl\u0131 olarak k\u00f6t\u00fclemeye y\u00f6nelik gibiydi. Sonunda, olduk\u00e7a iyi olduklar\u0131n\u0131 duydu\u011fum 2-3 doktor vard\u0131. Ancak, bu doktorlarda randevu almak i\u00e7in 2-3 ay \u00f6nceden rezervasyon yapmak gerekiyordu ve benim bu kadar vaktim yoktu. Biraz daha ara\u015ft\u0131rma yapt\u0131ktan sonra MedicalTravel\u2019in web sitesine rastlad\u0131m. Bu firma Bern\u2019de bulunuyor ve sa\u00e7 ekimi konusunda \u0130stanbul\u2019daki bir klinikle \u00e7al\u0131\u015f\u0131yorlar. MedicalTravel ekibi \u00e7ok yard\u0131mseverdi ve t\u00fcm sorular\u0131m\u0131 yan\u0131tlad\u0131lar. Ayr\u0131ca \u201c\u00f6nceki foto\u011fraflar\u0131m\u0131\u201d tedaviyi yapacak doktora g\u00f6nderip ilk de\u011ferlendirmeyi yapt\u0131rd\u0131lar; b\u00f6ylece bende sa\u00e7 ekimi yap\u0131l\u0131p yap\u0131lamayaca\u011f\u0131n\u0131 ve ka\u00e7 greft gerekti\u011fini, maliyetin ne olaca\u011f\u0131n\u0131 bana bildirebildiler. Bende tahminen 2500\u20132800 greft gerekiyordu ve bunun maliyeti 2500 Euro\u2019ydu. Bu fiyata t\u00fcm dan\u0131\u015fmanl\u0131k ve organizasyon, MedicalTravel ile kararla\u015ft\u0131rd\u0131\u011f\u0131m\u0131z tarihler, klini\u011fe \u00e7ok yak\u0131n g\u00fczel bir otelde 2 gece konaklama dahil idi. Ayr\u0131ca havaalan\u0131ndan otele ve d\u00f6n\u00fc\u015fte tekrar havaalan\u0131na transfer, otelden al\u0131n\u0131p klini\u011fe g\u00f6t\u00fcr\u00fclme ve geri getirilme hizmeti de dahildi. Yan\u0131nda her yere e\u015flik eden bir terc\u00fcman da fiyata dahildi. Ancak ben \u00f6nceden \u0130stanbul\u2019a gitti\u011fim i\u00e7in transfer hizmetini kullanmad\u0131m. Dan\u0131\u015fmanl\u0131k randevusundan bir g\u00fcn \u00f6nce otele giri\u015f yapt\u0131m. Otel, \u0130stanbul Fulya\u2019daki Ac\u0131badem Klinigi\u2019ne yakla\u015f\u0131k 50 metre uzakl\u0131ktayd\u0131. Otel g\u00fczel ve temizdi, personel ise \u00e7ok nazikti. Ertesi g\u00fcn Ac\u0131badem Klini\u011fi\u2019ne gittim ve resepsiyonda terc\u00fcman\u0131m beni bekliyordu; sonraki \u00fc\u00e7 g\u00fcn boyunca t\u00fcm randevular\u0131mda bana e\u015flik etti. Uzman Prof. Dr. Ferit Demirkan ile dan\u0131\u015fmanl\u0131k g\u00f6r\u00fc\u015fmem oldu. Bana yaln\u0131zca 1800\u20132000 greft gerekti\u011fi s\u00f6ylendi. Doktor, nakil s\u00fcreci ve sonras\u0131 hakk\u0131nda t\u00fcm ayr\u0131nt\u0131lar\u0131 anlatt\u0131. A\u00e7\u0131k\u00e7as\u0131, \u0130stanbul\u2019da birka\u00e7 doktor ve klinikten bilgi almay\u0131 planl\u0131yordum, ancak doktorla konu\u015fma ve klini\u011fin genel atmosferi ile resepsiyon deneyimi bana o kadar iyi hissettirdi ki, kendi kendime dedim: \u201cBu klinikte sa\u00e7 ekimi yapt\u0131raca\u011f\u0131m.\u201dKarar verdikten sonra, g\u00f6r\u00fc\u015fmeden sonra PRP tedavisi yap\u0131ld\u0131 (bu da fiyat\u0131n i\u00e7indeydi). Bir hem\u015fire benden birka\u00e7 ml kan ald\u0131, bunu santrif\u00fcjleyip plazmay\u0131 (yani berrak s\u0131v\u0131y\u0131) ay\u0131rd\u0131 ve doktor bu plazmay\u0131 bir enjekt\u00f6r ile sa\u00e7 derimin alt\u0131na enjekte etti. Bu \u00f6n tedavinin sa\u00e7 derisine de\u011ferli besinler sa\u011flad\u0131\u011f\u0131 ve sa\u00e7 ekimi sonu\u00e7lar\u0131n\u0131 olumlu etkileyebilece\u011fi s\u00f6yleniyordu. \u0130\u011fnelerin batmas\u0131 biraz rahats\u0131z ediciydi ama dayan\u0131labilirdi. \u0130kinci g\u00fcn, yani nakil g\u00fcn\u00fc, doktorla k\u0131sa bir g\u00f6r\u00fc\u015fme daha yapt\u0131m. Ard\u0131ndan klini\u011fin kuaf\u00f6r b\u00f6l\u00fcm\u00fcne gittim ve sa\u00e7lar\u0131m kelle\u015fme i\u00e7in kesildi; bu, optimal nakil i\u00e7in gerekliydi. Sonras\u0131nda k\u00fc\u00e7\u00fck bir tedavi odas\u0131na ge\u00e7tim ve i\u015flem i\u00e7in haz\u0131rland\u0131m: \u00f6nl\u00fck giyildi ve lokal anestezinin etkisini bekledim. Bu s\u0131rada, ila\u00e7 sa\u00e7 derisinin alt\u0131na enjekt\u00f6r ile uyguland\u0131. Nakledilecek alan\u0131n b\u00fcy\u00fckl\u00fc\u011f\u00fcne ba\u011fl\u0131 olarak 20\u201340 i\u011fne uygulan\u0131yor ve bunu g\u00f6\u011f\u00fcs germek gerekiyor. A\u00e7\u0131k\u00e7as\u0131, bu s\u00fcre\u00e7 olduk\u00e7a a\u011fr\u0131l\u0131yd\u0131; baz\u0131 b\u00f6lgeler daha az, baz\u0131lar\u0131 ise \u00e7ok fazla ac\u0131 veriyordu. Ancak gerekli iradeye sahipseniz bu prosed\u00fcr\u00fc atlatmak m\u00fcmk\u00fcn. En az\u0131ndan lokal anesteziden sonra nakil s\u0131ras\u0131nda hi\u00e7bir a\u011fr\u0131 hissetmiyorsunuz.Nakil i\u015flemi bende t\u00fcm detaylar\u0131yla yakla\u015f\u0131k 3,5 saat s\u00fcrd\u00fc ve sonu\u00e7ta 2000 greft nakledildi. Sa\u00e7 ekimi i\u015flemini ise asistanlar ger\u00e7ekle\u015ftirdi, doktor de\u011fil. Ancak \u00e7o\u011fu klinikte uygulama b\u00f6yledir: Doktor planlamay\u0131 yapar, uygulamay\u0131 ise e\u011fitimli asistanlar \u00fcstlenir. Klinik ve uygulay\u0131c\u0131lar\u0131n e\u011fitim durumuna ba\u011fl\u0131 olarak, i\u015flemin doktor taraf\u0131ndan yap\u0131lmas\u0131 daha iyi olabilir. Fakat, e\u011fer doktor olmayan personel iyi e\u011fitimli ve deneyimliyse, en az doktor kadar iyi sonu\u00e7lar elde edilebilir; hatta bazen daha iyi sonu\u00e7lar al\u0131nabilir, \u00e7\u00fcnk\u00fc bu asistanlar \u00e7ok daha fazla pratik yapm\u0131\u015f olur.Bana ayr\u0131ca \u00f6n\u00fcm\u00fczdeki g\u00fcnler ve haftalarda nas\u0131l ilerlemem gerekti\u011fi anlat\u0131ld\u0131; sa\u00e7 y\u0131kama, uyurken dikkat edilmesi gerekenler gibi konular hakk\u0131nda bilgiler verdiler. Nakilden sonraki g\u00fcn, bandaj\u0131n de\u011fi\u015ftirilmesi ve son kontrol i\u00e7in tekrar doktorla randevum oldu. Ard\u0131ndan tekrar eve d\u00f6nmeme izin verildi. \u0130ki hafta boyunca sa\u00e7 derimi \u00f6nce 15\u201330 dakika Bepanthen ile yumu\u015fatt\u0131m, sonra \u00f6zel \u015fampuan ile y\u0131kad\u0131m. \u015eu anda sa\u00e7 ekiminden \u00fc\u00e7 hafta ge\u00e7ti ve nakledilen sa\u00e7lar beklendi\u011fi gibi d\u00f6k\u00fcl\u00fcyor; \u00f6n\u00fcm\u00fczdeki 2\u20133 ay i\u00e7inde tekrar \u00e7\u0131kacaklar. Ki\u015fisel olarak, hem Bern\u2019deki MedicalTravel\u2019i hem de Ac\u0131badem Klini\u011fi\u2019ni g\u00fcvenle tavsiye edebilirim. Sayg\u0131lar\u0131mla \u00d6zcan \u00d6zaltin \u00d6nceki rapor Sonraki rapor<\/p>\n","protected":false},"author":4,"featured_media":0,"parent":4587,"menu_order":0,"comment_status":"closed","ping_status":"closed","template":"","meta":{"_joinchat":[],"footnotes":""},"class_list":["post-4811","page","type-page","status-publish","hentry"],"acf":[],"_links":{"self":[{"href":"https:\/\/medicaltravel.ch\/tr\/wp-json\/wp\/v2\/pages\/4811","targetHints":{"allow":["GET"]}}],"collection":[{"href":"https:\/\/medicaltravel.ch\/tr\/wp-json\/wp\/v2\/pages"}],"about":[{"href":"https:\/\/medicaltravel.ch\/tr\/wp-json\/wp\/v2\/types\/page"}],"author":[{"embeddable":true,"href":"https:\/\/medicaltravel.ch\/tr\/wp-json\/wp\/v2\/users\/4"}],"replies":[{"embeddable":true,"href":"https:\/\/medicaltravel.ch\/tr\/wp-json\/wp\/v2\/comments?post=4811"}],"version-history":[{"count":0,"href":"https:\/\/medicaltravel.ch\/tr\/wp-json\/wp\/v2\/pages\/4811\/revisions"}],"up":[{"embeddable":true,"href":"https:\/\/medicaltravel.ch\/tr\/wp-json\/wp\/v2\/pages\/4587"}],"wp:attachment":[{"href":"https:\/\/medicaltravel.ch\/tr\/wp-json\/wp\/v2\/media?parent=4811"}],"curies":[{"name":"wp","href":"https:\/\/api.w.org\/{rel}","templated":true}]}}