{"id":4813,"date":"2025-09-23T17:21:32","date_gmt":"2025-09-23T16:21:32","guid":{"rendered":"https:\/\/medicaltravel.ch\/hasta-raporlari\/erfahrungsberichte-empfehlungen-behandlungen-beurteilung-tuerkei-istanbul\/disci-korkunuz-mu-var-istanbulda-unutun\/"},"modified":"2026-01-12T19:04:03","modified_gmt":"2026-01-12T18:04:03","slug":"disci-korkunuz-mu-var-istanbulda-unutun","status":"publish","type":"page","link":"https:\/\/medicaltravel.ch\/tr\/hasta-raporlari\/referanslar-tavsiyeler-tedaviler-degerlendirmeler-turkiye-istanbul\/disci-korkunuz-mu-var-istanbulda-unutun\/","title":{"rendered":"Di\u015f\u00e7i korkunuz mu var? \u0130stanbul&#8217;da unutun!"},"content":{"rendered":"\n<p>Di\u015f\u00e7i fobiniz mi var? \u0130stanbul&#8217;da unutun! \u2013 7 Kas\u0131m 2017 Sal\u0131 tarihli haber<\/p>\n\n\n\n<p>Eve d\u00f6nd\u00fckten sonra bile, bu haftan\u0131n ne kadar harika ve ba\u015far\u0131l\u0131 ge\u00e7ti\u011fine hala hayret ediyorum.<\/p>\n\n\n\n<p>E\u015fim ve ben doktor ziyaretlerinden pek ho\u015flanm\u0131yoruz ve olduk\u00e7a korkak say\u0131l\u0131r\u0131z. E\u015fim di\u015f hekimlerinde k\u00f6t\u00fc deneyimler ya\u015fad\u0131\u011f\u0131 i\u00e7in di\u015f hekimi korkusu geli\u015ftirmi\u015fti. Bu nedenle a\u011fz\u0131nda b\u00fcy\u00fck sorunlar olu\u015fmu\u015ftu. Ac\u0131badem\u2019de (Frau \u00d6zt\u00fcrk ile) tamamen a\u011fr\u0131s\u0131z bir tedavi g\u00f6rd\u00fckten sonra, bundan sonra di\u015f i\u00e7in sadece oraya gitmeye karar verdik.   <\/p>\n\n\n\n<p>Benim tedavim g\u00f6z alt\u0131 morluklar\u0131 i\u00e7in dolgu uygulamas\u0131yd\u0131. \u0130\u011fnelere kar\u015f\u0131 a\u015f\u0131r\u0131 korkum vard\u0131 ve bu s\u00fcreci atlatabilece\u011fimi hayal edemiyordum, ama g\u00f6z alt\u0131 morluklar\u0131ndan kurtulma iste\u011fim \u00e7ok b\u00fcy\u00fckt\u00fc. Bug\u00fcn s\u00f6yleyebilirim ki, bunu her g\u00fcn yapt\u0131r\u0131r\u0131m, hi\u00e7 teredd\u00fct etmeden. Herr Tatlidede ile tedavi \u00e7ok rahatt\u0131 ve sonu\u00e7 m\u00fckemmeldi! \u0130\u011fneyi ne g\u00f6rmek ne de hissetmek zorunda kald\u0131m.    <\/p>\n\n\n\n<p>Hizmetten bahsetmeme gerek bile yok; k\u0131saca M\u00dcKEMMELD\u0130. Bizi al\u0131yorlar, t\u00fcm randevulara g\u00f6t\u00fcr\u00fcyorlar ve istedi\u011finiz dilde m\u00fckemmel bir e\u015flik sa\u011fl\u0131yorlar. <\/p>\n\n\n\n<p>\u0130lk kez Turkish Airlines ile u\u00e7tuk ve \u00e7ok etkilendik. \u00c7ok seyahat ederiz, ama bu kadar keyifli bir u\u00e7u\u015f, harika yemekler, tablet \u00fczerinden m\u00fckemmel e\u011flence programlar\u0131 ve ola\u011fan\u00fcst\u00fc hizmeti daha \u00f6nce hi\u00e7 ya\u015famad\u0131k. Ke\u015fke Turkish Airlines d\u00fcnyan\u0131n her rotas\u0131nda u\u00e7sa, \u00e7\u00fcnk\u00fc bir daha asla ba\u015fka bir havayolu tercih etmem.  <\/p>\n\n\n\n<p>Seyahatimi MedicalTravel arac\u0131l\u0131\u011f\u0131yla rezervasyon ve organizasyon yapt\u0131rmak m\u00fcthi\u015f bir hizmetti; bundan sonra t\u00fcm tedavi seyahatlerimi sadece MedicalTravel \u00fczerinden ayarlataca\u011f\u0131m.<\/p>\n\n\n\n<p>Kaltrina &amp; Rinor Canaj<\/p>\n\n\n\n<div class=\"wp-block-group is-layout-grid wp-container-core-group-is-layout-baef362d wp-block-group-is-layout-grid\">\n<p><a href=\"https:\/\/medicaltravel.at\/home\/agb\/\" data-type=\"page\" data-id=\"2191\" rel=\"nofollow noopener\" target=\"_blank\"><\/a><a href=\"https:\/\/medicaltravel.ch\/tr\/hasta-raporlari\/referanslar-tavsiyeler-tedaviler-degerlendirmeler-turkiye-istanbul\/yuez-bakimim-otolog-yag-alma-ve-peeling\/\" data-type=\"link\" data-id=\"https:\/\/medicaltravel.ch\/tr\/hasta-raporlari\/referanslar-tavsiyeler-tedaviler-degerlendirmeler-turkiye-istanbul\/yuez-bakimim-otolog-yag-alma-ve-peeling\/\">\u00d6nceki rapor<\/a><\/p>\n\n\n\n<p class=\"has-text-align-right wp-container-content-5e2576f9\"><a href=\"https:\/\/medicaltravel.at\/home\/impressum\/\" data-type=\"page\" data-id=\"2193\" rel=\"nofollow noopener\" target=\"_blank\"><\/a><a href=\"https:\/\/medicaltravel.at\/home\/berichte-von-patienten\/erfahrungsberichte\/erfahrungsbericht-zahnbehandlung-in-istanbul\/\" data-type=\"page\" data-id=\"981\" rel=\"nofollow noopener\" target=\"_blank\"><\/a><a href=\"https:\/\/medicaltravel.ch\/tr\/hasta-raporlari\/referanslar-tavsiyeler-tedaviler-degerlendirmeler-turkiye-istanbul\/istanbuldaki-dis-kaplama-tedavimden-tamamen-memnun-kaldim\/\" data-type=\"link\" data-id=\"https:\/\/medicaltravel.ch\/tr\/hasta-raporlari\/referanslar-tavsiyeler-tedaviler-degerlendirmeler-turkiye-istanbul\/istanbuldaki-dis-kaplama-tedavimden-tamamen-memnun-kaldim\/\">Sonraki rapor<\/a><\/p>\n<\/div>\n","protected":false},"excerpt":{"rendered":"<p>Di\u015f\u00e7i fobiniz mi var? \u0130stanbul&#8217;da unutun! \u2013 7 Kas\u0131m 2017 Sal\u0131 tarihli haber Eve d\u00f6nd\u00fckten sonra bile, bu haftan\u0131n ne kadar harika ve ba\u015far\u0131l\u0131 ge\u00e7ti\u011fine hala hayret ediyorum. E\u015fim ve ben doktor ziyaretlerinden pek ho\u015flanm\u0131yoruz ve olduk\u00e7a korkak say\u0131l\u0131r\u0131z. E\u015fim di\u015f hekimlerinde k\u00f6t\u00fc deneyimler ya\u015fad\u0131\u011f\u0131 i\u00e7in di\u015f hekimi korkusu geli\u015ftirmi\u015fti. Bu nedenle a\u011fz\u0131nda b\u00fcy\u00fck sorunlar olu\u015fmu\u015ftu. Ac\u0131badem\u2019de (Frau \u00d6zt\u00fcrk ile) tamamen a\u011fr\u0131s\u0131z bir tedavi g\u00f6rd\u00fckten sonra, bundan sonra di\u015f i\u00e7in sadece oraya gitmeye karar verdik. Benim tedavim g\u00f6z alt\u0131 morluklar\u0131 i\u00e7in dolgu uygulamas\u0131yd\u0131. \u0130\u011fnelere kar\u015f\u0131 a\u015f\u0131r\u0131 korkum vard\u0131 ve bu s\u00fcreci atlatabilece\u011fimi hayal edemiyordum, ama g\u00f6z alt\u0131 morluklar\u0131ndan kurtulma iste\u011fim \u00e7ok b\u00fcy\u00fckt\u00fc. Bug\u00fcn s\u00f6yleyebilirim ki, bunu her g\u00fcn yapt\u0131r\u0131r\u0131m, hi\u00e7 teredd\u00fct etmeden. Herr Tatlidede ile tedavi \u00e7ok rahatt\u0131 ve sonu\u00e7 m\u00fckemmeldi! \u0130\u011fneyi ne g\u00f6rmek ne de hissetmek zorunda kald\u0131m. Hizmetten bahsetmeme gerek bile yok; k\u0131saca M\u00dcKEMMELD\u0130. Bizi al\u0131yorlar, t\u00fcm randevulara g\u00f6t\u00fcr\u00fcyorlar ve istedi\u011finiz dilde m\u00fckemmel bir e\u015flik sa\u011fl\u0131yorlar. \u0130lk kez Turkish Airlines ile u\u00e7tuk ve \u00e7ok etkilendik. \u00c7ok seyahat ederiz, ama bu kadar keyifli bir u\u00e7u\u015f, harika yemekler, tablet \u00fczerinden m\u00fckemmel e\u011flence programlar\u0131 ve ola\u011fan\u00fcst\u00fc hizmeti daha \u00f6nce hi\u00e7 ya\u015famad\u0131k. Ke\u015fke Turkish Airlines d\u00fcnyan\u0131n her rotas\u0131nda u\u00e7sa, \u00e7\u00fcnk\u00fc bir daha asla ba\u015fka bir havayolu tercih etmem. Seyahatimi MedicalTravel arac\u0131l\u0131\u011f\u0131yla rezervasyon ve organizasyon yapt\u0131rmak m\u00fcthi\u015f bir hizmetti; bundan sonra t\u00fcm tedavi seyahatlerimi sadece MedicalTravel \u00fczerinden ayarlataca\u011f\u0131m. Kaltrina &amp; Rinor Canaj \u00d6nceki rapor Sonraki rapor<\/p>\n","protected":false},"author":4,"featured_media":0,"parent":4587,"menu_order":0,"comment_status":"closed","ping_status":"closed","template":"","meta":{"_joinchat":[],"footnotes":""},"class_list":["post-4813","page","type-page","status-publish","hentry"],"acf":[],"_links":{"self":[{"href":"https:\/\/medicaltravel.ch\/tr\/wp-json\/wp\/v2\/pages\/4813","targetHints":{"allow":["GET"]}}],"collection":[{"href":"https:\/\/medicaltravel.ch\/tr\/wp-json\/wp\/v2\/pages"}],"about":[{"href":"https:\/\/medicaltravel.ch\/tr\/wp-json\/wp\/v2\/types\/page"}],"author":[{"embeddable":true,"href":"https:\/\/medicaltravel.ch\/tr\/wp-json\/wp\/v2\/users\/4"}],"replies":[{"embeddable":true,"href":"https:\/\/medicaltravel.ch\/tr\/wp-json\/wp\/v2\/comments?post=4813"}],"version-history":[{"count":0,"href":"https:\/\/medicaltravel.ch\/tr\/wp-json\/wp\/v2\/pages\/4813\/revisions"}],"up":[{"embeddable":true,"href":"https:\/\/medicaltravel.ch\/tr\/wp-json\/wp\/v2\/pages\/4587"}],"wp:attachment":[{"href":"https:\/\/medicaltravel.ch\/tr\/wp-json\/wp\/v2\/media?parent=4813"}],"curies":[{"name":"wp","href":"https:\/\/api.w.org\/{rel}","templated":true}]}}