{"id":4817,"date":"2025-09-24T07:23:03","date_gmt":"2025-09-24T06:23:03","guid":{"rendered":"https:\/\/medicaltravel.ch\/hasta-raporlari\/erfahrungsberichte-schoenheits-op-istanbul\/istanbul-goez-lazer-klinigi-kullanici-raporu-7-ocak-2009-carsamba-tarihli-rapor\/"},"modified":"2026-01-12T21:21:05","modified_gmt":"2026-01-12T20:21:05","slug":"istanbul-goez-lazer-klinigi-kullanici-raporu-7-ocak-2009-carsamba-tarihli-rapor","status":"publish","type":"page","link":"https:\/\/medicaltravel.ch\/tr\/hasta-raporlari\/istanbulda-estetik-cerrahi-hakkinda-musteri-yorumlari\/istanbul-goez-lazer-klinigi-kullanici-raporu-7-ocak-2009-carsamba-tarihli-rapor\/","title":{"rendered":"\u0130stanbul G\u00f6z Lazer Klini\u011fi: Kullan\u0131c\u0131 Raporu \u2013 7 Ocak 2009 \u00c7ar\u015famba Tarihli Rapor"},"content":{"rendered":"\n<h3 class=\"wp-block-heading\">\u0130stanbul G\u00f6z Lazer Klini\u011fi: Kullan\u0131c\u0131 Raporu \u2013 7 Ocak 2009 \u00c7ar\u015famba Tarihli Rapor<\/h3>\n\n\n\n<p>Lazer g\u00f6z ameliyat\u0131n\u0131 epey zamand\u0131r d\u00fc\u015f\u00fcn\u00fcyorum.<\/p>\n\n\n\n<p>\u00c7ok fazla spor yapt\u0131\u011f\u0131m ve s\u00fcrekli hareket halinde oldu\u011fum i\u00e7in g\u00f6zl\u00fck takmak benim i\u00e7in her zaman biraz rahats\u0131z edici olmu\u015ftur.<\/p>\n\n\n\n<p>Swisslasik&#8217;i arkada\u015flar\u0131mdan duydum. Onlar da bir y\u0131l \u00f6nce g\u00f6zlerine lazer epilasyon yapt\u0131rm\u0131\u015flard\u0131. <\/p>\n\n\n\n<p>Konuyu ara\u015ft\u0131rmak i\u00e7in epey zaman harcad\u0131m. Swisslasik web sitesinin baz\u0131 b\u00f6l\u00fcmlerini inceledikten sonra, \u00f6n g\u00f6r\u00fc\u015fme i\u00e7in Binningen&#8217;deki bir klini\u011fe gittim. <\/p>\n\n\n\n<p>Ba\u015fta ameliyat\u0131 yurt d\u0131\u015f\u0131nda yapt\u0131rmak isteyip istemedi\u011fimden biraz emin de\u011fildim, ancak Swisslasik&#8217;in hizmeti beni tamamen ikna etti.<\/p>\n\n\n\n<p>Swisslasik ile birka\u00e7 kez e-posta ile ileti\u015fim kurdum ve t\u00fcm sorular\u0131m \u00e7ok h\u0131zl\u0131 ve detayl\u0131 \u015fekilde yan\u0131tland\u0131; her \u015fey ger\u00e7ekten m\u00fckemmeldi. Tarihi kendim se\u00e7ebildim ve zaman\u0131m az oldu\u011fu i\u00e7in her \u015feyin h\u0131zl\u0131 ilerlemesi gerekiyordu. Swisslasik harika bir hizmet sundu; Swisslasik kart\u0131m ekspres posta ile tam zaman\u0131nda elime ula\u015ft\u0131 ve birka\u00e7 g\u00fcn i\u00e7inde \u0130stanbul\u2019a u\u00e7abildim.  <\/p>\n\n\n\n<p>Her \u015fey m\u00fckemmel bir \u015fekilde organize edilmi\u015fti; havaalan\u0131nda kar\u015f\u0131land\u0131m, otele g\u00f6t\u00fcr\u00fcld\u00fcm ve her \u015fey ba\u015ftan sona kadar, hatta Almanca olarak detayl\u0131 \u015fekilde a\u00e7\u0131kland\u0131.<\/p>\n\n\n\n<p>Ertesi g\u00fcn klini\u011fe gittik. Sabah \u00f6n muayene yap\u0131ld\u0131. T\u00fcm ekip son derece nazikti, klinik \u00e7ok temizdi ve i\u015flemi bana detayl\u0131 \u015fekilde anlatt\u0131lar. Hizmet ger\u00e7ekten harikayd\u0131; i\u00e7ecek verildi, m\u00fckemmel ilgilenildi ve sorular\u0131n\u0131z oldu\u011funda ekip her zaman yan\u0131n\u0131zdayd\u0131.   <\/p>\n\n\n\n<p>\u00c7ok iyi buldu\u011fum bir \u015fey, bir \u00f6nceki g\u00fcn\u00fcn hastalar\u0131yla kar\u015f\u0131la\u015fmam\u0131zd\u0131; d\u00fc\u015f\u00fcncelerimizi ve sorular\u0131m\u0131z\u0131 payla\u015fabildik, bu ger\u00e7ekten harikayd\u0131 ve \u00e7ok faydal\u0131 oldu.<\/p>\n\n\n\n<p>K\u00fc\u00e7\u00fck bir \u00f6\u011fle yeme\u011finin ard\u0131ndan \u00f6\u011fleden sonra tekrar klini\u011fe, operasyona gittik. Hepimiz olduk\u00e7a heyecanl\u0131yd\u0131k ve i\u015fin bitmesini d\u00f6rt g\u00f6zle bekliyorduk. <\/p>\n\n\n\n<p>Ancak ekip bizi cesaretlendirdi\u011fi ve iyi bir \u015fekilde ilgilendi\u011fi i\u00e7in korku h\u0131zla ge\u00e7ti.<\/p>\n\n\n\n<p>Mutlaka bahsetmem gereken bir di\u011fer \u015fey, ameliyattan \u00f6nceki masaj koltu\u011fu oldu. Operasyona girmeden \u00f6nce biraz beklerken masaj koltu\u011funa oturabiliyordunuz; bu ger\u00e7ekten harikayd\u0131. <\/p>\n\n\n\n<p>B\u00fct\u00fcn s\u0131rt\u0131m\u0131 masaj yapt\u0131 ve tamamen rahatlamam\u0131 sa\u011flad\u0131; birka\u00e7 g\u00fcnd\u00fcr s\u0131rt\u0131m a\u011fr\u0131yordu ve i\u015flem sonras\u0131 a\u011fr\u0131 tamamen ge\u00e7ti. B\u00f6ylece ameliyata da tamamen rahat bir \u015fekilde girdim. <\/p>\n\n\n\n<p>Ameliyat sadece k\u0131sa s\u00fcrd\u00fc. Sonras\u0131nda uzanabiliyordunuz. A\u011fr\u0131 hissetti\u011fimde herkes \u00e7ok nazikti; \u00fc\u015f\u00fcmemem i\u00e7in bir battaniye ve bir a\u011fr\u0131 kesici verdiler. Bir s\u00fcre sonra kendimi \u00e7ok daha iyi hissettim. Bir di\u011fer hastayla birlikte otele geri gittim ve uyudum. \u0130la\u00e7lar ve ameliyat\u0131n etkisiyle \u00e7ok rahat bir \u015fekilde uyuyabildim.     <\/p>\n\n\n\n<p>Ertesi g\u00fcn a\u011fr\u0131lar tamamen ge\u00e7mi\u015fti ve \u00e7ok net g\u00f6rebiliyordum \u2013 ne b\u00fcy\u00fck bir mutluluk!<\/p>\n\n\n\n<p>Ertesi g\u00fcn \u0130svi\u00e7re\u2019ye d\u00f6n\u00fc\u015f yapt\u0131m. Burim sabah erken saatte otelden al\u0131p havaalan\u0131na g\u00f6t\u00fcrd\u00fc. D\u00f6n\u00fc\u015f u\u00e7u\u015fu sorunsuz ge\u00e7ti; damlalar\u0131m\u0131 her saat kulland\u0131m ve hi\u00e7bir sorun ya\u015famad\u0131m.  <\/p>\n\n\n\n<p>Takip eden g\u00fcnler maalesef pek keyifli ge\u00e7medi; tekrar i\u015fe d\u00f6nmem gerekti ve bilgisayar ba\u015f\u0131nda \u00e7al\u0131\u015fmak g\u00f6zlerimi \u00e7ok yordu, ak\u015famlar\u0131 da s\u00fcrekli a\u011fr\u0131 hissediyordum.<\/p>\n\n\n\n<p>Z\u00fcrih\u2019teki kontrol muayenesi ise \u00e7ok iyi ge\u00e7ti ve ameliyattan bu yana neredeyse 4 hafta ge\u00e7ti; her ge\u00e7en g\u00fcn kendimi daha iyi hissediyorum!<\/p>\n\n\n\n<p>Kesinlikle bir operasyon i\u00e7in tekrar T\u00fcrkiye\u2019yi tercih ederim; hizmeti, \u0130svi\u00e7re\u2019deki \u00f6n kontrolde deneyimledi\u011fimden \u00e7ok daha iyi buldum. \u0130svi\u00e7re\u2019deki i\u015flem tamamen seri bir i\u015flem gibiydi ve sorular\u0131ma yeterince yan\u0131t verilmedi. Swisslasik ise zaman ay\u0131rd\u0131 ve \u0130stanbul\u2019daki ekip de \u00f6yle! <\/p>\n\n\n\n<p>Cerrah da son derece profesyonel bir izlenim b\u0131rakt\u0131!<\/p>\n\n\n\n<p>\u015eikayet edebilece\u011fim hi\u00e7bir \u015fey bulam\u0131yorum, ger\u00e7ekten m\u00fckemmel bir hizmetti.<\/p>\n\n\n\n<p>T\u00fcrkiye\u2019de bir operasyon konusunda h\u00e2l\u00e2 korkusu olanlar i\u00e7in \u015funu s\u00f6yleyebilirim: Neden bu kadar \u015f\u00fcpheci olunuyor? \u0130stanbul, t\u00fcm \u0130svi\u00e7re\u2019den daha b\u00fcy\u00fck bir \u015fehir; orada neden yetkin olmas\u0131nlar? <\/p>\n\n\n\n<p>Swisslasik ekibine ve \u0130stanbul\u2019daki ekibe bir kez daha i\u00e7ten te\u015fekk\u00fcrlerimi iletmek istiyorum, harika bir i\u015f \u00e7\u0131kard\u0131n\u0131z! <\/p>\n\n\n\n<div class=\"wp-block-group is-layout-grid wp-container-core-group-is-layout-baef362d wp-block-group-is-layout-grid\">\n<p><a href=\"https:\/\/medicaltravel.at\/home\/agb\/\" data-type=\"page\" data-id=\"2191\" rel=\"nofollow noopener\" target=\"_blank\"><\/a><a href=\"https:\/\/medicaltravel.ch\/tr\/hasta-raporlari\/istanbulda-estetik-cerrahi-hakkinda-musteri-yorumlari\/aralik-ayindaki-lasik-ameliyatim-29-ocak-2009-persembe-tarihli-rapor\/\" data-type=\"link\" data-id=\"https:\/\/medicaltravel.ch\/tr\/hasta-raporlari\/istanbulda-estetik-cerrahi-hakkinda-musteri-yorumlari\/aralik-ayindaki-lasik-ameliyatim-29-ocak-2009-persembe-tarihli-rapor\/\">\u00d6nceki rapor<\/a><\/p>\n\n\n\n<p class=\"has-text-align-right wp-container-content-5e2576f9\"><\/p>\n<\/div>\n","protected":false},"excerpt":{"rendered":"<p>\u0130stanbul G\u00f6z Lazer Klini\u011fi: Kullan\u0131c\u0131 Raporu \u2013 7 Ocak 2009 \u00c7ar\u015famba Tarihli Rapor Lazer g\u00f6z ameliyat\u0131n\u0131 epey zamand\u0131r d\u00fc\u015f\u00fcn\u00fcyorum. \u00c7ok fazla spor yapt\u0131\u011f\u0131m ve s\u00fcrekli hareket halinde oldu\u011fum i\u00e7in g\u00f6zl\u00fck takmak benim i\u00e7in her zaman biraz rahats\u0131z edici olmu\u015ftur. Swisslasik&#8217;i arkada\u015flar\u0131mdan duydum. Onlar da bir y\u0131l \u00f6nce g\u00f6zlerine lazer epilasyon yapt\u0131rm\u0131\u015flard\u0131. Konuyu ara\u015ft\u0131rmak i\u00e7in epey zaman harcad\u0131m. Swisslasik web sitesinin baz\u0131 b\u00f6l\u00fcmlerini inceledikten sonra, \u00f6n g\u00f6r\u00fc\u015fme i\u00e7in Binningen&#8217;deki bir klini\u011fe gittim. Ba\u015fta ameliyat\u0131 yurt d\u0131\u015f\u0131nda yapt\u0131rmak isteyip istemedi\u011fimden biraz emin de\u011fildim, ancak Swisslasik&#8217;in hizmeti beni tamamen ikna etti. Swisslasik ile birka\u00e7 kez e-posta ile ileti\u015fim kurdum ve t\u00fcm sorular\u0131m \u00e7ok h\u0131zl\u0131 ve detayl\u0131 \u015fekilde yan\u0131tland\u0131; her \u015fey ger\u00e7ekten m\u00fckemmeldi. Tarihi kendim se\u00e7ebildim ve zaman\u0131m az oldu\u011fu i\u00e7in her \u015feyin h\u0131zl\u0131 ilerlemesi gerekiyordu. Swisslasik harika bir hizmet sundu; Swisslasik kart\u0131m ekspres posta ile tam zaman\u0131nda elime ula\u015ft\u0131 ve birka\u00e7 g\u00fcn i\u00e7inde \u0130stanbul\u2019a u\u00e7abildim. Her \u015fey m\u00fckemmel bir \u015fekilde organize edilmi\u015fti; havaalan\u0131nda kar\u015f\u0131land\u0131m, otele g\u00f6t\u00fcr\u00fcld\u00fcm ve her \u015fey ba\u015ftan sona kadar, hatta Almanca olarak detayl\u0131 \u015fekilde a\u00e7\u0131kland\u0131. Ertesi g\u00fcn klini\u011fe gittik. Sabah \u00f6n muayene yap\u0131ld\u0131. T\u00fcm ekip son derece nazikti, klinik \u00e7ok temizdi ve i\u015flemi bana detayl\u0131 \u015fekilde anlatt\u0131lar. Hizmet ger\u00e7ekten harikayd\u0131; i\u00e7ecek verildi, m\u00fckemmel ilgilenildi ve sorular\u0131n\u0131z oldu\u011funda ekip her zaman yan\u0131n\u0131zdayd\u0131. \u00c7ok iyi buldu\u011fum bir \u015fey, bir \u00f6nceki g\u00fcn\u00fcn hastalar\u0131yla kar\u015f\u0131la\u015fmam\u0131zd\u0131; d\u00fc\u015f\u00fcncelerimizi ve sorular\u0131m\u0131z\u0131 payla\u015fabildik, bu ger\u00e7ekten harikayd\u0131 ve \u00e7ok faydal\u0131 oldu. K\u00fc\u00e7\u00fck bir \u00f6\u011fle yeme\u011finin ard\u0131ndan \u00f6\u011fleden sonra tekrar klini\u011fe, operasyona gittik. Hepimiz olduk\u00e7a heyecanl\u0131yd\u0131k ve i\u015fin bitmesini d\u00f6rt g\u00f6zle bekliyorduk. Ancak ekip bizi cesaretlendirdi\u011fi ve iyi bir \u015fekilde ilgilendi\u011fi i\u00e7in korku h\u0131zla ge\u00e7ti. Mutlaka bahsetmem gereken bir di\u011fer \u015fey, ameliyattan \u00f6nceki masaj koltu\u011fu oldu. Operasyona girmeden \u00f6nce biraz beklerken masaj koltu\u011funa oturabiliyordunuz; bu ger\u00e7ekten harikayd\u0131. B\u00fct\u00fcn s\u0131rt\u0131m\u0131 masaj yapt\u0131 ve tamamen rahatlamam\u0131 sa\u011flad\u0131; birka\u00e7 g\u00fcnd\u00fcr s\u0131rt\u0131m a\u011fr\u0131yordu ve i\u015flem sonras\u0131 a\u011fr\u0131 tamamen ge\u00e7ti. B\u00f6ylece ameliyata da tamamen rahat bir \u015fekilde girdim. Ameliyat sadece k\u0131sa s\u00fcrd\u00fc. Sonras\u0131nda uzanabiliyordunuz. A\u011fr\u0131 hissetti\u011fimde herkes \u00e7ok nazikti; \u00fc\u015f\u00fcmemem i\u00e7in bir battaniye ve bir a\u011fr\u0131 kesici verdiler. Bir s\u00fcre sonra kendimi \u00e7ok daha iyi hissettim. Bir di\u011fer hastayla birlikte otele geri gittim ve uyudum. \u0130la\u00e7lar ve ameliyat\u0131n etkisiyle \u00e7ok rahat bir \u015fekilde uyuyabildim. Ertesi g\u00fcn a\u011fr\u0131lar tamamen ge\u00e7mi\u015fti ve \u00e7ok net g\u00f6rebiliyordum \u2013 ne b\u00fcy\u00fck bir mutluluk! Ertesi g\u00fcn \u0130svi\u00e7re\u2019ye d\u00f6n\u00fc\u015f yapt\u0131m. Burim sabah erken saatte otelden al\u0131p havaalan\u0131na g\u00f6t\u00fcrd\u00fc. D\u00f6n\u00fc\u015f u\u00e7u\u015fu sorunsuz ge\u00e7ti; damlalar\u0131m\u0131 her saat kulland\u0131m ve hi\u00e7bir sorun ya\u015famad\u0131m. Takip eden g\u00fcnler maalesef pek keyifli ge\u00e7medi; tekrar i\u015fe d\u00f6nmem gerekti ve bilgisayar ba\u015f\u0131nda \u00e7al\u0131\u015fmak g\u00f6zlerimi \u00e7ok yordu, ak\u015famlar\u0131 da s\u00fcrekli a\u011fr\u0131 hissediyordum. Z\u00fcrih\u2019teki kontrol muayenesi ise \u00e7ok iyi ge\u00e7ti ve ameliyattan bu yana neredeyse 4 hafta ge\u00e7ti; her ge\u00e7en g\u00fcn kendimi daha iyi hissediyorum! Kesinlikle bir operasyon i\u00e7in tekrar T\u00fcrkiye\u2019yi tercih ederim; hizmeti, \u0130svi\u00e7re\u2019deki \u00f6n kontrolde deneyimledi\u011fimden \u00e7ok daha iyi buldum. \u0130svi\u00e7re\u2019deki i\u015flem tamamen seri bir i\u015flem gibiydi ve sorular\u0131ma yeterince yan\u0131t verilmedi. Swisslasik ise zaman ay\u0131rd\u0131 ve \u0130stanbul\u2019daki ekip de \u00f6yle! Cerrah da son derece profesyonel bir izlenim b\u0131rakt\u0131! \u015eikayet edebilece\u011fim hi\u00e7bir \u015fey bulam\u0131yorum, ger\u00e7ekten m\u00fckemmel bir hizmetti. T\u00fcrkiye\u2019de bir operasyon konusunda h\u00e2l\u00e2 korkusu olanlar i\u00e7in \u015funu s\u00f6yleyebilirim: Neden bu kadar \u015f\u00fcpheci olunuyor? \u0130stanbul, t\u00fcm \u0130svi\u00e7re\u2019den daha b\u00fcy\u00fck bir \u015fehir; orada neden yetkin olmas\u0131nlar? Swisslasik ekibine ve \u0130stanbul\u2019daki ekibe bir kez daha i\u00e7ten te\u015fekk\u00fcrlerimi iletmek istiyorum, harika bir i\u015f \u00e7\u0131kard\u0131n\u0131z! \u00d6nceki rapor<\/p>\n","protected":false},"author":4,"featured_media":0,"parent":4815,"menu_order":0,"comment_status":"closed","ping_status":"closed","template":"","meta":{"_joinchat":[],"footnotes":""},"class_list":["post-4817","page","type-page","status-publish","hentry"],"acf":[],"_links":{"self":[{"href":"https:\/\/medicaltravel.ch\/tr\/wp-json\/wp\/v2\/pages\/4817","targetHints":{"allow":["GET"]}}],"collection":[{"href":"https:\/\/medicaltravel.ch\/tr\/wp-json\/wp\/v2\/pages"}],"about":[{"href":"https:\/\/medicaltravel.ch\/tr\/wp-json\/wp\/v2\/types\/page"}],"author":[{"embeddable":true,"href":"https:\/\/medicaltravel.ch\/tr\/wp-json\/wp\/v2\/users\/4"}],"replies":[{"embeddable":true,"href":"https:\/\/medicaltravel.ch\/tr\/wp-json\/wp\/v2\/comments?post=4817"}],"version-history":[{"count":2,"href":"https:\/\/medicaltravel.ch\/tr\/wp-json\/wp\/v2\/pages\/4817\/revisions"}],"predecessor-version":[{"id":6534,"href":"https:\/\/medicaltravel.ch\/tr\/wp-json\/wp\/v2\/pages\/4817\/revisions\/6534"}],"up":[{"embeddable":true,"href":"https:\/\/medicaltravel.ch\/tr\/wp-json\/wp\/v2\/pages\/4815"}],"wp:attachment":[{"href":"https:\/\/medicaltravel.ch\/tr\/wp-json\/wp\/v2\/media?parent=4817"}],"curies":[{"name":"wp","href":"https:\/\/api.w.org\/{rel}","templated":true}]}}