{"id":4823,"date":"2025-09-24T07:18:07","date_gmt":"2025-09-24T06:18:07","guid":{"rendered":"https:\/\/medicaltravel.ch\/hasta-raporlari\/erfahrungsberichte-schoenheits-op-istanbul\/goezlueksuez-bir-hayat-her-zaman-hayalim-olmustur-21-mayis-2009-persembe-tarihli-rapor\/"},"modified":"2026-01-12T21:16:46","modified_gmt":"2026-01-12T20:16:46","slug":"goezlueksuez-bir-hayat-her-zaman-hayalim-olmustur-21-mayis-2009-persembe-tarihli-rapor","status":"publish","type":"page","link":"https:\/\/medicaltravel.ch\/tr\/hasta-raporlari\/istanbulda-estetik-cerrahi-hakkinda-musteri-yorumlari\/goezlueksuez-bir-hayat-her-zaman-hayalim-olmustur-21-mayis-2009-persembe-tarihli-rapor\/","title":{"rendered":"G\u00f6zl\u00fcks\u00fcz bir hayat her zaman hayalim olmu\u015ftur! \u2013 21 May\u0131s 2009 Per\u015fembe tarihli rapor"},"content":{"rendered":"\n<h3 class=\"wp-block-heading\">G\u00f6zl\u00fcks\u00fcz bir hayat her zaman hayalim olmu\u015ftur! \u2013 21 May\u0131s 2009 Per\u015fembe tarihli rapor <\/h3>\n\n\n\n<p>G\u00f6zl\u00fcks\u00fcz bir hayat her zaman hayalim olmu\u015ftur!<\/p>\n\n\n\n<p>Yakla\u015f\u0131k yar\u0131m y\u0131l \u00f6nce baz\u0131 akrabalar\u0131m T\u00fcrkiye\u2019de tatildeydiler. Orada \u00e7ok say\u0131da optik ma\u011fazas\u0131 oldu\u011funu fark ettiler. Sordu\u011funda, T\u00fcrkiye\u2019nin optik konusunda olduk\u00e7a g\u00fc\u00e7l\u00fc oldu\u011fu s\u00f6ylendi. Ba\u015fta g\u00f6zlerimi yurt d\u0131\u015f\u0131nda ameliyat ettirmenin iyi olabilece\u011fine pek inanamasam da internetten lazer g\u00f6z ameliyat\u0131 hakk\u0131nda ara\u015ft\u0131rma yapt\u0131m ve h\u0131zl\u0131ca SWISSLASIK ile kar\u015f\u0131la\u015ft\u0131m. Bu web sitesi bana iyi bir izlenim b\u0131rakt\u0131. Forumlarda, operasyon sonras\u0131 \u00e7ok memnun olan bir\u00e7ok hastan\u0131n yorumlar\u0131n\u0131 okudum.<br>B\u00f6ylece Z\u00fcrich\u2019te \u00f6n muayene i\u00e7in Swisslasik ile ileti\u015fime ge\u00e7tim. G\u00f6z doktoru, operasyonun benim i\u00e7in uygun olaca\u011f\u0131n\u0131 s\u00f6yledi. Bu y\u00fczden \u0130stanbul\u2019daki EYE-STAR Klini\u011fi\u2019nde g\u00f6zlerimi lazerle d\u00fczeltmeye karar verdim. Seyahatin t\u00fcm organizasyonunu Bay Karaagacli m\u00fckemmel bir \u015fekilde ayarlad\u0131. Her \u015fey sorunsuz ilerledi. Operasyondan tam bir hafta \u00f6nce, t\u00fcm s\u00fcreci detayl\u0131 olarak anlatan Swisslasik pas\u0131n\u0131 ald\u0131m.<br>17 Nisan 2009\u2019da \u0130stanbul\u2019a yolculuk ba\u015flad\u0131. Sabah Swiss Airlines ile \u0130stanbul\u2019a u\u00e7tum. Havaliman\u0131nda \u015fof\u00f6r\u00fcm Fred \u00d6zatakan, b\u00fcy\u00fck bir EYE-STAR tabelas\u0131yla bekliyordu. \u00c7ok nazikti ve hatta \u0130svi\u00e7re Almancas\u0131 konu\u015fabiliyordu. Fred beni \u00f6nce Taksim G\u00f6nen Oteli\u2019ne g\u00f6t\u00fcrd\u00fc; oteli herkese rahatl\u0131kla tavsiye edebilirim ve check-in s\u0131ras\u0131nda yard\u0131mc\u0131 oldu. Ard\u0131ndan klini\u011fe y\u00fcr\u00fcyerek gittik. Be\u015f dakikada vard\u0131k.<br>Klinikte personel \u00e7ok nazik kar\u015f\u0131lad\u0131. \u00d6n muayene yakla\u015f\u0131k bir saat s\u00fcrd\u00fc. Sorumlu doktor, Z\u00fcrich\u2019teki doktorun s\u00f6yledi\u011fi gibi operasyonun benim i\u00e7in sorunsuz olaca\u011f\u0131n\u0131 s\u00f6yledi. Operasyyondan \u00f6nce otelde k\u0131sa bir mola verip biraz yemek yiyebildim. Ama olduk\u00e7a gergin oldu\u011fum i\u00e7in i\u015ftah\u0131m yoktu. Klinikte tekrar oldu\u011fumda, g\u00f6revli hem\u015fire beni operasyon \u00f6ncesi haz\u0131rlad\u0131 ve bir sakinle\u015ftirici verdi. Haz\u0131rl\u0131k s\u0131ras\u0131nda masaj koltu\u011funda masaj yapt\u0131rd\u0131m. Ard\u0131ndan g\u00f6zlerim dezenfekte edildi ve birka\u00e7 dakika sonra operasyon ba\u015flad\u0131.<br>Operasyon s\u0131ras\u0131nda yapmam gereken tek \u015fey, y\u00fcz\u00fcm\u00fcn \u00fcst\u00fcndeki ye\u015fil noktaya bakmakt\u0131. Olduk\u00e7a rahats\u0131z ediciydi ama hi\u00e7 a\u011fr\u0131 hissetmedim. Doktor her zaman \u00e7ok nazikti. \u0130\u015flem sadece yedi dakika s\u00fcrd\u00fc. Ard\u0131ndan doktor g\u00f6zlerimi kontrol etti ve \u00e7ok memnun kald\u0131. G\u00f6r\u00fc\u015f bir miktar bulan\u0131kt\u0131, ama tek ba\u015f\u0131ma otele d\u00f6nebildim. \u00c7ok memnun kald\u0131m; \u00f6nceden g\u00f6zl\u00fcks\u00fcz okuyamad\u0131\u011f\u0131m bir\u00e7ok \u015feyi art\u0131k okuyabiliyordum.<br>Ertesi g\u00fcn doktor g\u00f6zlerimi tekrar kontrol etti. Her \u015fey yolundayd\u0131. \u00d6\u011fleden sonra ise \u015fehri gezdim.                                         Her iki saatte bir \u00fc\u00e7 farkl\u0131 g\u00f6z damlas\u0131 kullanmam gerekiyordu. Sonraki hafta boyunca ise sadece d\u00f6rt saatte bir kulland\u0131m.<br>19 Nisan 2009\u2019da \u015fof\u00f6r\u00fcm taraf\u0131ndan tam vaktinde al\u0131nd\u0131m ve havaalan\u0131na g\u00f6t\u00fcr\u00fcld\u00fcm. Swiss ile d\u00f6n\u00fc\u015f u\u00e7u\u015fu s\u0131ras\u0131nda, u\u00e7aktaki hava olduk\u00e7a kuru oldu\u011fu i\u00e7in her yar\u0131m saatte bir damla kullanmam gerekiyordu.<br>\u0130svi\u00e7re\u2019de \u015fimdiye kadar iki kez Z\u00fcrih\u2019te kontrol muayenesine gittim. Doktor sonu\u00e7tan \u00e7ok memnun, ben de elbette \u00f6yleyim. Bu ameliyat\u0131 \u0130stanbul\u2019da herkese tavsiye edebilirim. Pi\u015fman olmayacaks\u0131n\u0131z.<br>Say\u0131n Kara\u011fa\u00e7l\u0131, iyi dan\u0131\u015fmanl\u0131k ve organizasyonunuz i\u00e7in size bir kez daha te\u015fekk\u00fcr etmek istiyorum.<br>Roger Bolliger<br>21.05.2009       <\/p>\n\n\n\n<figure class=\"wp-block-image size-full\"><img fetchpriority=\"high\" decoding=\"async\" width=\"446\" height=\"336\" src=\"https:\/\/medicaltravel.ch\/wp-content\/uploads\/2025\/09\/Bosphorusbruecke_bolliger.jpg\" alt=\"\" class=\"wp-image-1015\" srcset=\"https:\/\/medicaltravel.ch\/wp-content\/uploads\/2025\/09\/Bosphorusbruecke_bolliger.jpg 446w, https:\/\/medicaltravel.ch\/wp-content\/uploads\/2025\/09\/Bosphorusbruecke_bolliger-300x226.jpg 300w\" sizes=\"(max-width: 446px) 100vw, 446px\" \/><\/figure>\n\n\n\n<figure class=\"wp-block-image size-full\"><img decoding=\"async\" width=\"446\" height=\"336\" src=\"https:\/\/medicaltravel.ch\/wp-content\/uploads\/2025\/09\/Taksimplatz_bolliger.jpg\" alt=\"\" class=\"wp-image-1016\" srcset=\"https:\/\/medicaltravel.ch\/wp-content\/uploads\/2025\/09\/Taksimplatz_bolliger.jpg 446w, https:\/\/medicaltravel.ch\/wp-content\/uploads\/2025\/09\/Taksimplatz_bolliger-300x226.jpg 300w\" sizes=\"(max-width: 446px) 100vw, 446px\" \/><\/figure>\n\n\n\n<div class=\"wp-block-group is-layout-grid wp-container-core-group-is-layout-baef362d wp-block-group-is-layout-grid\">\n<p><a href=\"https:\/\/medicaltravel.at\/home\/agb\/\" data-type=\"page\" data-id=\"2191\" rel=\"nofollow noopener\" target=\"_blank\"><\/a><a href=\"https:\/\/medicaltravel.ch\/tr\/hasta-raporlari\/istanbulda-estetik-cerrahi-hakkinda-musteri-yorumlari\/lasik-deneyim-raporu-mayis-2009-istanbul-28-mayis-2009-persembe-tarihli-rapor\/\" data-type=\"link\" data-id=\"https:\/\/medicaltravel.ch\/tr\/hasta-raporlari\/istanbulda-estetik-cerrahi-hakkinda-musteri-yorumlari\/lasik-deneyim-raporu-mayis-2009-istanbul-28-mayis-2009-persembe-tarihli-rapor\/\">\u00d6nceki rapor<\/a><\/p>\n\n\n\n<p class=\"has-text-align-right wp-container-content-5e2576f9\"><a href=\"https:\/\/medicaltravel.at\/home\/impressum\/\" data-type=\"page\" data-id=\"2193\" rel=\"nofollow noopener\" target=\"_blank\"><\/a><a href=\"https:\/\/medicaltravel.at\/home\/berichte-von-patienten\/erfahrungsberichte\/erfahrungsbericht-zahnbehandlung-in-istanbul\/\" data-type=\"page\" data-id=\"981\" rel=\"nofollow noopener\" target=\"_blank\"><\/a><a href=\"https:\/\/medicaltravel.ch\/tr\/hasta-raporlari\/istanbulda-estetik-cerrahi-hakkinda-musteri-yorumlari\/istanbulda-gecirdigim-goez-ameliyatiyla-ilgili-yorumum-15-mayis-2009-cuma-tarihli-rapor\/\" data-type=\"link\" data-id=\"https:\/\/medicaltravel.ch\/tr\/hasta-raporlari\/istanbulda-estetik-cerrahi-hakkinda-musteri-yorumlari\/istanbulda-gecirdigim-goez-ameliyatiyla-ilgili-yorumum-15-mayis-2009-cuma-tarihli-rapor\/\">Sonraki rapor<\/a><\/p>\n<\/div>\n","protected":false},"excerpt":{"rendered":"<p>G\u00f6zl\u00fcks\u00fcz bir hayat her zaman hayalim olmu\u015ftur! \u2013 21 May\u0131s 2009 Per\u015fembe tarihli rapor G\u00f6zl\u00fcks\u00fcz bir hayat her zaman hayalim olmu\u015ftur! Yakla\u015f\u0131k yar\u0131m y\u0131l \u00f6nce baz\u0131 akrabalar\u0131m T\u00fcrkiye\u2019de tatildeydiler. Orada \u00e7ok say\u0131da optik ma\u011fazas\u0131 oldu\u011funu fark ettiler. Sordu\u011funda, T\u00fcrkiye\u2019nin optik konusunda olduk\u00e7a g\u00fc\u00e7l\u00fc oldu\u011fu s\u00f6ylendi. Ba\u015fta g\u00f6zlerimi yurt d\u0131\u015f\u0131nda ameliyat ettirmenin iyi olabilece\u011fine pek inanamasam da internetten lazer g\u00f6z ameliyat\u0131 hakk\u0131nda ara\u015ft\u0131rma yapt\u0131m ve h\u0131zl\u0131ca SWISSLASIK ile kar\u015f\u0131la\u015ft\u0131m. Bu web sitesi bana iyi bir izlenim b\u0131rakt\u0131. Forumlarda, operasyon sonras\u0131 \u00e7ok memnun olan bir\u00e7ok hastan\u0131n yorumlar\u0131n\u0131 okudum.B\u00f6ylece Z\u00fcrich\u2019te \u00f6n muayene i\u00e7in Swisslasik ile ileti\u015fime ge\u00e7tim. G\u00f6z doktoru, operasyonun benim i\u00e7in uygun olaca\u011f\u0131n\u0131 s\u00f6yledi. Bu y\u00fczden \u0130stanbul\u2019daki EYE-STAR Klini\u011fi\u2019nde g\u00f6zlerimi lazerle d\u00fczeltmeye karar verdim. Seyahatin t\u00fcm organizasyonunu Bay Karaagacli m\u00fckemmel bir \u015fekilde ayarlad\u0131. Her \u015fey sorunsuz ilerledi. Operasyondan tam bir hafta \u00f6nce, t\u00fcm s\u00fcreci detayl\u0131 olarak anlatan Swisslasik pas\u0131n\u0131 ald\u0131m.17 Nisan 2009\u2019da \u0130stanbul\u2019a yolculuk ba\u015flad\u0131. Sabah Swiss Airlines ile \u0130stanbul\u2019a u\u00e7tum. Havaliman\u0131nda \u015fof\u00f6r\u00fcm Fred \u00d6zatakan, b\u00fcy\u00fck bir EYE-STAR tabelas\u0131yla bekliyordu. \u00c7ok nazikti ve hatta \u0130svi\u00e7re Almancas\u0131 konu\u015fabiliyordu. Fred beni \u00f6nce Taksim G\u00f6nen Oteli\u2019ne g\u00f6t\u00fcrd\u00fc; oteli herkese rahatl\u0131kla tavsiye edebilirim ve check-in s\u0131ras\u0131nda yard\u0131mc\u0131 oldu. Ard\u0131ndan klini\u011fe y\u00fcr\u00fcyerek gittik. Be\u015f dakikada vard\u0131k.Klinikte personel \u00e7ok nazik kar\u015f\u0131lad\u0131. \u00d6n muayene yakla\u015f\u0131k bir saat s\u00fcrd\u00fc. Sorumlu doktor, Z\u00fcrich\u2019teki doktorun s\u00f6yledi\u011fi gibi operasyonun benim i\u00e7in sorunsuz olaca\u011f\u0131n\u0131 s\u00f6yledi. Operasyyondan \u00f6nce otelde k\u0131sa bir mola verip biraz yemek yiyebildim. Ama olduk\u00e7a gergin oldu\u011fum i\u00e7in i\u015ftah\u0131m yoktu. Klinikte tekrar oldu\u011fumda, g\u00f6revli hem\u015fire beni operasyon \u00f6ncesi haz\u0131rlad\u0131 ve bir sakinle\u015ftirici verdi. Haz\u0131rl\u0131k s\u0131ras\u0131nda masaj koltu\u011funda masaj yapt\u0131rd\u0131m. Ard\u0131ndan g\u00f6zlerim dezenfekte edildi ve birka\u00e7 dakika sonra operasyon ba\u015flad\u0131.Operasyon s\u0131ras\u0131nda yapmam gereken tek \u015fey, y\u00fcz\u00fcm\u00fcn \u00fcst\u00fcndeki ye\u015fil noktaya bakmakt\u0131. Olduk\u00e7a rahats\u0131z ediciydi ama hi\u00e7 a\u011fr\u0131 hissetmedim. Doktor her zaman \u00e7ok nazikti. \u0130\u015flem sadece yedi dakika s\u00fcrd\u00fc. Ard\u0131ndan doktor g\u00f6zlerimi kontrol etti ve \u00e7ok memnun kald\u0131. G\u00f6r\u00fc\u015f bir miktar bulan\u0131kt\u0131, ama tek ba\u015f\u0131ma otele d\u00f6nebildim. \u00c7ok memnun kald\u0131m; \u00f6nceden g\u00f6zl\u00fcks\u00fcz okuyamad\u0131\u011f\u0131m bir\u00e7ok \u015feyi art\u0131k okuyabiliyordum.Ertesi g\u00fcn doktor g\u00f6zlerimi tekrar kontrol etti. Her \u015fey yolundayd\u0131. \u00d6\u011fleden sonra ise \u015fehri gezdim. Her iki saatte bir \u00fc\u00e7 farkl\u0131 g\u00f6z damlas\u0131 kullanmam gerekiyordu. Sonraki hafta boyunca ise sadece d\u00f6rt saatte bir kulland\u0131m.19 Nisan 2009\u2019da \u015fof\u00f6r\u00fcm taraf\u0131ndan tam vaktinde al\u0131nd\u0131m ve havaalan\u0131na g\u00f6t\u00fcr\u00fcld\u00fcm. Swiss ile d\u00f6n\u00fc\u015f u\u00e7u\u015fu s\u0131ras\u0131nda, u\u00e7aktaki hava olduk\u00e7a kuru oldu\u011fu i\u00e7in her yar\u0131m saatte bir damla kullanmam gerekiyordu.\u0130svi\u00e7re\u2019de \u015fimdiye kadar iki kez Z\u00fcrih\u2019te kontrol muayenesine gittim. Doktor sonu\u00e7tan \u00e7ok memnun, ben de elbette \u00f6yleyim. Bu ameliyat\u0131 \u0130stanbul\u2019da herkese tavsiye edebilirim. Pi\u015fman olmayacaks\u0131n\u0131z.Say\u0131n Kara\u011fa\u00e7l\u0131, iyi dan\u0131\u015fmanl\u0131k ve organizasyonunuz i\u00e7in size bir kez daha te\u015fekk\u00fcr etmek istiyorum.Roger Bolliger21.05.2009 \u00d6nceki rapor Sonraki rapor<\/p>\n","protected":false},"author":4,"featured_media":0,"parent":4815,"menu_order":0,"comment_status":"closed","ping_status":"closed","template":"","meta":{"_joinchat":[],"footnotes":""},"class_list":["post-4823","page","type-page","status-publish","hentry"],"acf":[],"_links":{"self":[{"href":"https:\/\/medicaltravel.ch\/tr\/wp-json\/wp\/v2\/pages\/4823","targetHints":{"allow":["GET"]}}],"collection":[{"href":"https:\/\/medicaltravel.ch\/tr\/wp-json\/wp\/v2\/pages"}],"about":[{"href":"https:\/\/medicaltravel.ch\/tr\/wp-json\/wp\/v2\/types\/page"}],"author":[{"embeddable":true,"href":"https:\/\/medicaltravel.ch\/tr\/wp-json\/wp\/v2\/users\/4"}],"replies":[{"embeddable":true,"href":"https:\/\/medicaltravel.ch\/tr\/wp-json\/wp\/v2\/comments?post=4823"}],"version-history":[{"count":2,"href":"https:\/\/medicaltravel.ch\/tr\/wp-json\/wp\/v2\/pages\/4823\/revisions"}],"predecessor-version":[{"id":6529,"href":"https:\/\/medicaltravel.ch\/tr\/wp-json\/wp\/v2\/pages\/4823\/revisions\/6529"}],"up":[{"embeddable":true,"href":"https:\/\/medicaltravel.ch\/tr\/wp-json\/wp\/v2\/pages\/4815"}],"wp:attachment":[{"href":"https:\/\/medicaltravel.ch\/tr\/wp-json\/wp\/v2\/media?parent=4823"}],"curies":[{"name":"wp","href":"https:\/\/api.w.org\/{rel}","templated":true}]}}