{"id":4825,"date":"2025-09-24T07:15:58","date_gmt":"2025-09-24T06:15:58","guid":{"rendered":"https:\/\/medicaltravel.ch\/hasta-raporlari\/erfahrungsberichte-schoenheits-op-istanbul\/goezlueksuez-yeni-bir-yasam-10-temmuz-2009-cuma-tarihli-rapor\/"},"modified":"2026-01-12T21:13:42","modified_gmt":"2026-01-12T20:13:42","slug":"goezlueksuez-yeni-bir-yasam-10-temmuz-2009-cuma-tarihli-rapor","status":"publish","type":"page","link":"https:\/\/medicaltravel.ch\/tr\/hasta-raporlari\/istanbulda-estetik-cerrahi-hakkinda-musteri-yorumlari\/goezlueksuez-yeni-bir-yasam-10-temmuz-2009-cuma-tarihli-rapor\/","title":{"rendered":"G\u00f6zl\u00fcks\u00fcz yeni bir ya\u015fam. \u2013 10 Temmuz 2009 Cuma tarihli rapor"},"content":{"rendered":"\n<h3 class=\"wp-block-heading\">G\u00f6zl\u00fcks\u00fcz yeni bir ya\u015fam. \u2013 10 Temmuz 2009 Cuma tarihli rapor <\/h3>\n\n\n\n<p>G\u00f6zl\u00fcks\u00fcz yeni bir ya\u015fam hissi. \u0130ki y\u0131l \u00f6nceki hamileli\u011fimden beri kontakt lenslere art\u0131k tahamm\u00fcl edemiyordum. S\u00fcrekli ka\u015f\u0131nt\u0131, yanma ve g\u00f6zde yabanc\u0131 bir cisim varm\u0131\u015f hissi vard\u0131. -2,75 diyoptri numara ile spor yaparken ve g\u00fcnl\u00fck hayatta bu durum zamanla \u00e7ok yorucu hale geldi. O\u011flum da her g\u00fcn g\u00f6zl\u00fc\u011f\u00fcmle oynamaktan mutluydu, optisyenim de g\u00f6zl\u00fc\u011f\u00fcm\u00fc s\u00fcrekli d\u00fczeltmekten.<br>Arkada\u015flar\u0131m sayesinde Swisslasik\u2019i duydum ve bu s\u0131k\u0131nt\u0131ya bir son vermeye spontan bir \u015fekilde karar verdim. Lazer konusu ile ciddi \u015fekilde ilgilenmeye ba\u015flad\u0131\u011f\u0131mda i\u00e7imde tuhaf bir his vard\u0131. Her yerden riskin \u00e7ok b\u00fcy\u00fck oldu\u011fu, bunu yapmamam gerekti\u011fi s\u00f6yleniyordu. Ama t\u00fcm cesaretimi toplay\u0131p Z\u00fcrih\u2019te \u00f6n muayene i\u00e7in randevu ald\u0131m. Ayn\u0131 hafta i\u00e7inde kontrol i\u00e7in bir tarih verildi. Yap\u0131lan \u00e7ok say\u0131daki test, arada olduk\u00e7a rahats\u0131z edici olanlar da dahil, sorunsuz ge\u00e7ti. Lazer ameliyat\u0131na engel bir durum olmad\u0131\u011f\u0131na dair olumlu sonucu ald\u0131m.<br>Z\u00fcrih\u2019te k\u00fc\u00e7\u00fck bir al\u0131\u015fveri\u015f turundan sonra eve d\u00f6nd\u00fcm ve internet \u00fczerinden \u0130stanbul\u2019daki ameliyat i\u00e7in Swisslasik\u2019e kay\u0131t oldum. \u00c7ok h\u0131zl\u0131 ilgi sayesinde \u00fc\u00e7 hafta i\u00e7inde ameliyat tarihi alabildim. Swisslasik u\u00e7ak, kar\u015f\u0131lama, otel ve klinik s\u00fcreci dahil t\u00fcm organizasyonu \u00fcstlendi. Kloten Havaliman\u0131\u2019nda iki erke\u011fimle vedala\u015fmak benim i\u00e7in \u00f6zellikle zordu. Ancak T\u00fcrk Hava Yollar\u0131 ile yap\u0131lan u\u00e7u\u015f sakin ge\u00e7ti ve beni memleket \u00f6zleminden uzakla\u015ft\u0131rd\u0131.<br>\u0130stanbul Havaliman\u0131\u2019nda tam zaman\u0131nda kar\u015f\u0131land\u0131m ve otele giderken \u015fehir hakk\u0131nda ilk bilgileri alma f\u0131rsat\u0131 buldum. Almanca ve \u0130svi\u00e7re Almancas\u0131 konu\u015fan ekip e\u015fli\u011finde, \u0130stanbul yolculu\u011fu benim i\u00e7in kusursuzdu. Ameliyat \u00f6ncesi \u00e7ok iyi bilgilendirildim, bu sayede i\u015flem s\u0131ras\u0131nda panik ya\u015famad\u0131m. Ameliyat haz\u0131rl\u0131\u011f\u0131nda bir masaj koltu\u011funa oturtuldum ve ger\u00e7ekten \u00e7ok rahatlat\u0131ld\u0131m. Hijyen kurallar\u0131n\u0131n bu kadar s\u0131k\u0131 olmas\u0131na \u00e7ok \u015fa\u015f\u0131rd\u0131m.<br>Ameliyat \u00e7ok iyi ge\u00e7ti, tek rahats\u0131z edici olan g\u00f6zlerimde hissetti\u011fim bask\u0131yd\u0131. \u0130svi\u00e7re\u2019de ameliyat \u00f6ncesi al\u0131\u015f\u0131k olunan gergin ortam burada yoktu. Her \u015fey son derece memnun edici \u015fekilde ilerledi. Ameliyat ekibinin talimatlar\u0131na uydum, verilen damlalar\u0131 d\u00fczenli kulland\u0131m ve oteldeki 4 saatlik uykunun tad\u0131n\u0131 \u00e7\u0131kard\u0131m. Ba\u015fta damlalar\u0131 kullanmak pek kolay de\u011fildi. Aynas\u0131z baz\u0131 damlalar g\u00f6ze de\u011fil yana gitti. Buna ra\u011fmen \u0130stanbul\u2019u 1,5 g\u00fcn boyunca farkl\u0131 bir bak\u0131\u015f a\u00e7\u0131s\u0131yla gezebildim.<br>Bir m\u00fcdahaleden hemen sonra, herhangi bir d\u00fczeltmeye ihtiya\u00e7 duymadan g\u00f6rebilmek ger\u00e7ekten harika bir duygu. Uzun s\u00fcreli tek k\u0131s\u0131tlama bilgisayar ve televizyon kar\u015f\u0131s\u0131nda oldu. \u0130svi\u00e7re\u2019ye d\u00f6n\u00fc\u015f u\u00e7u\u015funda damlalar i\u00e7in \u00e7ok mutluydum. U\u00e7akta bas\u0131n\u00e7 ve klima nedeniyle damlalar\u0131n her yar\u0131m saatte bir kullan\u0131lmas\u0131 tavsiye edildi.<br>Bu fiyat-performans oran\u0131yla bu karar\u0131n sonuna kadar arkas\u0131nday\u0131m ve lazer yapt\u0131rmak isteyenlere bu ad\u0131m\u0131 atmalar\u0131 i\u00e7in cesaret vermek istiyorum. Geriye d\u00f6n\u00fcp bakt\u0131\u011f\u0131mda, bu karar\u0131 \u00e7ok daha \u00f6nce almad\u0131\u011f\u0131ma pi\u015fman\u0131m \u00e7\u00fcnk\u00fc g\u00f6zl\u00fcks\u00fcz bir hayat ya\u015fam kalitesini ciddi \u015fekilde art\u0131r\u0131yor. \u015eimdi Z\u00fcrih\u2019teki ilk kontrol muayenem beni bekliyor. Benim i\u00e7in bu kontrol, EYE STAR Klini\u011fi\u2019ndeki T\u00fcrk ekibin kaliteli \u00e7al\u0131\u015fmas\u0131n\u0131n sadece bir teyidi olacak. G\u00f6zlerimle ilgili kendimi \u00e7ok iyi hissediyorum.<br>Destekleri ve m\u00fckemmel organizasyonlar\u0131 i\u00e7in eme\u011fi ge\u00e7en herkese i\u00e7ten te\u015fekk\u00fcr ederim.<br>Sayg\u0131lar\u0131mla<br>Sandra Bl\u00f6chlinger-Cortesi<\/p>\n\n\n\n<div class=\"wp-block-group is-layout-grid wp-container-core-group-is-layout-baef362d wp-block-group-is-layout-grid\">\n<p><a href=\"https:\/\/medicaltravel.at\/home\/agb\/\" data-type=\"page\" data-id=\"2191\" rel=\"nofollow noopener\" target=\"_blank\"><\/a><a href=\"https:\/\/medicaltravel.ch\/tr\/hasta-raporlari\/istanbulda-estetik-cerrahi-hakkinda-musteri-yorumlari\/bir-hayal-gercek-oldu-15-haziran-2009da-istanbulda-goez-ameliyati-13-temmuz-2009-pazartesi-tarihli-haber\/\" data-type=\"link\" data-id=\"https:\/\/medicaltravel.ch\/tr\/hasta-raporlari\/istanbulda-estetik-cerrahi-hakkinda-musteri-yorumlari\/bir-hayal-gercek-oldu-15-haziran-2009da-istanbulda-goez-ameliyati-13-temmuz-2009-pazartesi-tarihli-haber\/\">\u00d6nceki rapor<\/a><\/p>\n\n\n\n<p class=\"has-text-align-right wp-container-content-5e2576f9\"><a href=\"https:\/\/medicaltravel.at\/home\/impressum\/\" data-type=\"page\" data-id=\"2193\" rel=\"nofollow noopener\" target=\"_blank\"><\/a><a href=\"https:\/\/medicaltravel.at\/home\/berichte-von-patienten\/erfahrungsberichte\/erfahrungsbericht-zahnbehandlung-in-istanbul\/\" data-type=\"page\" data-id=\"981\" rel=\"nofollow noopener\" target=\"_blank\"><\/a><a href=\"https:\/\/medicaltravel.ch\/tr\/hasta-raporlari\/istanbulda-estetik-cerrahi-hakkinda-musteri-yorumlari\/istanbulda-gecirdigim-lasek-lazer-goez-ameliyatim-5-haziran-2009-cuma-tarihli-rapor\/\" data-type=\"link\" data-id=\"https:\/\/medicaltravel.ch\/tr\/hasta-raporlari\/istanbulda-estetik-cerrahi-hakkinda-musteri-yorumlari\/istanbulda-gecirdigim-lasek-lazer-goez-ameliyatim-5-haziran-2009-cuma-tarihli-rapor\/\">Sonraki rapor<\/a><\/p>\n<\/div>\n","protected":false},"excerpt":{"rendered":"<p>G\u00f6zl\u00fcks\u00fcz yeni bir ya\u015fam. \u2013 10 Temmuz 2009 Cuma tarihli rapor G\u00f6zl\u00fcks\u00fcz yeni bir ya\u015fam hissi. \u0130ki y\u0131l \u00f6nceki hamileli\u011fimden beri kontakt lenslere art\u0131k tahamm\u00fcl edemiyordum. S\u00fcrekli ka\u015f\u0131nt\u0131, yanma ve g\u00f6zde yabanc\u0131 bir cisim varm\u0131\u015f hissi vard\u0131. -2,75 diyoptri numara ile spor yaparken ve g\u00fcnl\u00fck hayatta bu durum zamanla \u00e7ok yorucu hale geldi. O\u011flum da her g\u00fcn g\u00f6zl\u00fc\u011f\u00fcmle oynamaktan mutluydu, optisyenim de g\u00f6zl\u00fc\u011f\u00fcm\u00fc s\u00fcrekli d\u00fczeltmekten.Arkada\u015flar\u0131m sayesinde Swisslasik\u2019i duydum ve bu s\u0131k\u0131nt\u0131ya bir son vermeye spontan bir \u015fekilde karar verdim. Lazer konusu ile ciddi \u015fekilde ilgilenmeye ba\u015flad\u0131\u011f\u0131mda i\u00e7imde tuhaf bir his vard\u0131. Her yerden riskin \u00e7ok b\u00fcy\u00fck oldu\u011fu, bunu yapmamam gerekti\u011fi s\u00f6yleniyordu. Ama t\u00fcm cesaretimi toplay\u0131p Z\u00fcrih\u2019te \u00f6n muayene i\u00e7in randevu ald\u0131m. Ayn\u0131 hafta i\u00e7inde kontrol i\u00e7in bir tarih verildi. Yap\u0131lan \u00e7ok say\u0131daki test, arada olduk\u00e7a rahats\u0131z edici olanlar da dahil, sorunsuz ge\u00e7ti. Lazer ameliyat\u0131na engel bir durum olmad\u0131\u011f\u0131na dair olumlu sonucu ald\u0131m.Z\u00fcrih\u2019te k\u00fc\u00e7\u00fck bir al\u0131\u015fveri\u015f turundan sonra eve d\u00f6nd\u00fcm ve internet \u00fczerinden \u0130stanbul\u2019daki ameliyat i\u00e7in Swisslasik\u2019e kay\u0131t oldum. \u00c7ok h\u0131zl\u0131 ilgi sayesinde \u00fc\u00e7 hafta i\u00e7inde ameliyat tarihi alabildim. Swisslasik u\u00e7ak, kar\u015f\u0131lama, otel ve klinik s\u00fcreci dahil t\u00fcm organizasyonu \u00fcstlendi. Kloten Havaliman\u0131\u2019nda iki erke\u011fimle vedala\u015fmak benim i\u00e7in \u00f6zellikle zordu. Ancak T\u00fcrk Hava Yollar\u0131 ile yap\u0131lan u\u00e7u\u015f sakin ge\u00e7ti ve beni memleket \u00f6zleminden uzakla\u015ft\u0131rd\u0131.\u0130stanbul Havaliman\u0131\u2019nda tam zaman\u0131nda kar\u015f\u0131land\u0131m ve otele giderken \u015fehir hakk\u0131nda ilk bilgileri alma f\u0131rsat\u0131 buldum. Almanca ve \u0130svi\u00e7re Almancas\u0131 konu\u015fan ekip e\u015fli\u011finde, \u0130stanbul yolculu\u011fu benim i\u00e7in kusursuzdu. Ameliyat \u00f6ncesi \u00e7ok iyi bilgilendirildim, bu sayede i\u015flem s\u0131ras\u0131nda panik ya\u015famad\u0131m. Ameliyat haz\u0131rl\u0131\u011f\u0131nda bir masaj koltu\u011funa oturtuldum ve ger\u00e7ekten \u00e7ok rahatlat\u0131ld\u0131m. Hijyen kurallar\u0131n\u0131n bu kadar s\u0131k\u0131 olmas\u0131na \u00e7ok \u015fa\u015f\u0131rd\u0131m.Ameliyat \u00e7ok iyi ge\u00e7ti, tek rahats\u0131z edici olan g\u00f6zlerimde hissetti\u011fim bask\u0131yd\u0131. \u0130svi\u00e7re\u2019de ameliyat \u00f6ncesi al\u0131\u015f\u0131k olunan gergin ortam burada yoktu. Her \u015fey son derece memnun edici \u015fekilde ilerledi. Ameliyat ekibinin talimatlar\u0131na uydum, verilen damlalar\u0131 d\u00fczenli kulland\u0131m ve oteldeki 4 saatlik uykunun tad\u0131n\u0131 \u00e7\u0131kard\u0131m. Ba\u015fta damlalar\u0131 kullanmak pek kolay de\u011fildi. Aynas\u0131z baz\u0131 damlalar g\u00f6ze de\u011fil yana gitti. Buna ra\u011fmen \u0130stanbul\u2019u 1,5 g\u00fcn boyunca farkl\u0131 bir bak\u0131\u015f a\u00e7\u0131s\u0131yla gezebildim.Bir m\u00fcdahaleden hemen sonra, herhangi bir d\u00fczeltmeye ihtiya\u00e7 duymadan g\u00f6rebilmek ger\u00e7ekten harika bir duygu. Uzun s\u00fcreli tek k\u0131s\u0131tlama bilgisayar ve televizyon kar\u015f\u0131s\u0131nda oldu. \u0130svi\u00e7re\u2019ye d\u00f6n\u00fc\u015f u\u00e7u\u015funda damlalar i\u00e7in \u00e7ok mutluydum. U\u00e7akta bas\u0131n\u00e7 ve klima nedeniyle damlalar\u0131n her yar\u0131m saatte bir kullan\u0131lmas\u0131 tavsiye edildi.Bu fiyat-performans oran\u0131yla bu karar\u0131n sonuna kadar arkas\u0131nday\u0131m ve lazer yapt\u0131rmak isteyenlere bu ad\u0131m\u0131 atmalar\u0131 i\u00e7in cesaret vermek istiyorum. Geriye d\u00f6n\u00fcp bakt\u0131\u011f\u0131mda, bu karar\u0131 \u00e7ok daha \u00f6nce almad\u0131\u011f\u0131ma pi\u015fman\u0131m \u00e7\u00fcnk\u00fc g\u00f6zl\u00fcks\u00fcz bir hayat ya\u015fam kalitesini ciddi \u015fekilde art\u0131r\u0131yor. \u015eimdi Z\u00fcrih\u2019teki ilk kontrol muayenem beni bekliyor. Benim i\u00e7in bu kontrol, EYE STAR Klini\u011fi\u2019ndeki T\u00fcrk ekibin kaliteli \u00e7al\u0131\u015fmas\u0131n\u0131n sadece bir teyidi olacak. G\u00f6zlerimle ilgili kendimi \u00e7ok iyi hissediyorum.Destekleri ve m\u00fckemmel organizasyonlar\u0131 i\u00e7in eme\u011fi ge\u00e7en herkese i\u00e7ten te\u015fekk\u00fcr ederim.Sayg\u0131lar\u0131mlaSandra Bl\u00f6chlinger-Cortesi \u00d6nceki rapor Sonraki rapor<\/p>\n","protected":false},"author":4,"featured_media":0,"parent":4815,"menu_order":0,"comment_status":"closed","ping_status":"closed","template":"","meta":{"_joinchat":[],"footnotes":""},"class_list":["post-4825","page","type-page","status-publish","hentry"],"acf":[],"_links":{"self":[{"href":"https:\/\/medicaltravel.ch\/tr\/wp-json\/wp\/v2\/pages\/4825","targetHints":{"allow":["GET"]}}],"collection":[{"href":"https:\/\/medicaltravel.ch\/tr\/wp-json\/wp\/v2\/pages"}],"about":[{"href":"https:\/\/medicaltravel.ch\/tr\/wp-json\/wp\/v2\/types\/page"}],"author":[{"embeddable":true,"href":"https:\/\/medicaltravel.ch\/tr\/wp-json\/wp\/v2\/users\/4"}],"replies":[{"embeddable":true,"href":"https:\/\/medicaltravel.ch\/tr\/wp-json\/wp\/v2\/comments?post=4825"}],"version-history":[{"count":0,"href":"https:\/\/medicaltravel.ch\/tr\/wp-json\/wp\/v2\/pages\/4825\/revisions"}],"up":[{"embeddable":true,"href":"https:\/\/medicaltravel.ch\/tr\/wp-json\/wp\/v2\/pages\/4815"}],"wp:attachment":[{"href":"https:\/\/medicaltravel.ch\/tr\/wp-json\/wp\/v2\/media?parent=4825"}],"curies":[{"name":"wp","href":"https:\/\/api.w.org\/{rel}","templated":true}]}}