{"id":4827,"date":"2025-09-24T07:15:22","date_gmt":"2025-09-24T06:15:22","guid":{"rendered":"https:\/\/medicaltravel.ch\/hasta-raporlari\/erfahrungsberichte-schoenheits-op-istanbul\/bir-hayal-gercek-oldu-15-haziran-2009da-istanbulda-goez-ameliyati-13-temmuz-2009-pazartesi-tarihli-haber\/"},"modified":"2026-01-12T21:13:01","modified_gmt":"2026-01-12T20:13:01","slug":"bir-hayal-gercek-oldu-15-haziran-2009da-istanbulda-goez-ameliyati-13-temmuz-2009-pazartesi-tarihli-haber","status":"publish","type":"page","link":"https:\/\/medicaltravel.ch\/tr\/hasta-raporlari\/istanbulda-estetik-cerrahi-hakkinda-musteri-yorumlari\/bir-hayal-gercek-oldu-15-haziran-2009da-istanbulda-goez-ameliyati-13-temmuz-2009-pazartesi-tarihli-haber\/","title":{"rendered":"Bir hayal ger\u00e7ek oldu: 15 Haziran 2009&#8217;da \u0130stanbul&#8217;da g\u00f6z ameliyat\u0131 \u2013 13 Temmuz 2009 Pazartesi tarihli haber"},"content":{"rendered":"\n<h3 class=\"wp-block-heading\">Bir hayal ger\u00e7ek oldu: 15 Haziran 2009&#8217;da \u0130stanbul&#8217;da g\u00f6z ameliyat\u0131 \u2013 13 Temmuz 2009 Pazartesi tarihli haber<\/h3>\n\n\n\n<p>Kendimi bildim bileli g\u00f6zl\u00fck ve kontakt lensler hayat\u0131m\u0131n bir par\u00e7as\u0131 oldu. \u00c7ocukken g\u00f6zl\u00fck y\u00fcz\u00fcnden alay edilmek hayat\u0131m\u0131n bir ger\u00e7e\u011fiydi. Daha sonra kontakt lenslere ge\u00e7ince bir\u00e7ok \u015fey daha iyi oldu ama yine de yeterince sorun vard\u0131. Lensler uzun s\u00fcre tak\u0131l\u0131 kal\u0131nca g\u00f6zler yoruluyordu, en olmad\u0131k anda lens d\u00fc\u015f\u00fcyordu, her zaman yedek lens ta\u015f\u0131mak gerekiyordu, lenslerle asla k\u0131sa bir uyku bile uyuyam\u0131yordum ve daha niceleri\u2026 Bu y\u00fczden \u00e7ok erken ya\u015flarda t\u00fcm bunlar olmadan ya\u015fama iste\u011fi do\u011fdu i\u00e7imde. Sabah uyan\u0131p d\u0131\u015far\u0131da havan\u0131n nas\u0131l oldu\u011funu net bir \u015fekilde g\u00f6rebilmek, i\u015fte hayalim buydu.<br>2008 bahar\u0131nda ilk kez Zug\u2019da \u00fccretsiz bir test yapt\u0131rd\u0131m, ameliyat\u0131n m\u00fcmk\u00fcn olup olmad\u0131\u011f\u0131n\u0131 \u00f6\u011frenmek i\u00e7in. M\u00fcmk\u00fcnd\u00fc ama benim i\u00e7in maalesef \u00e7ok pahal\u0131yd\u0131. Ayr\u0131ca o d\u00f6nemde hamileydim ve zaten ameliyat \u00f6nerilmiyordu. K\u0131z\u0131m\u0131n do\u011fumuyla birlikte g\u00f6zl\u00fcks\u00fcz g\u00f6rebilme iste\u011fim daha da g\u00fc\u00e7lendi.<br>Bir g\u00fcn e\u015fim b\u00fcy\u00fck bir heyecanla yan\u0131ma geldi ve \u0130svi\u00e7re televizyonunda \u0130stanbul\u2019daki g\u00f6z ameliyatlar\u0131yla ilgili bir program izledi\u011fini anlatt\u0131. \u0130lk anda, muhtemelen bir\u00e7ok ki\u015fi gibi, \u0130stanbul, T\u00fcrkiye olur mu hi\u00e7, kimseyi g\u00f6zlerime yakla\u015ft\u0131rmam diye d\u00fc\u015f\u00fcnd\u00fcm. Ama internette biraz ara\u015ft\u0131rma yapt\u0131ktan sonra bu fikir bana asl\u0131nda olduk\u00e7a mant\u0131kl\u0131 gelmeye ba\u015flad\u0131. Bunun \u00fczerine \u0130stanbul\u2019a ameliyat seyahati organize eden bir Alman firmadan ve Swisslasik\u2019ten iki farkl\u0131 teklif ald\u0131m. Swisslasik bana \u00e7ok daha g\u00fcven verici geldi. Verdikleri bilgiler \u00e7ok kapsaml\u0131yd\u0131 ve teklif geldikten k\u0131sa bir s\u00fcre sonra, ba\u015fka sorum olup olmad\u0131\u011f\u0131 soruldu. Di\u011fer firma ise sadece e-posta ile bir teklif g\u00f6ndermi\u015fti. Ayr\u0131ca \u0130svi\u00e7re\u2019de kontrol muayenesinin garanti alt\u0131nda olmas\u0131 da benim i\u00e7in \u00e7ok \u00f6nemli bir art\u0131yd\u0131.<br>B\u00f6ylece e\u015fimle birlikte 13.06.2009 tarihini seyahat g\u00fcn\u00fc olarak belirledik. \u0130htiyac\u0131m\u0131z olan t\u00fcm belgeler bize g\u00f6nderildi, t\u00fcm \u00f6nemli bilgiler Swisslasik pasaportunda d\u00fczenli bir \u015fekilde yer al\u0131yordu. Ve 13\u2019\u00fcnde yola \u00e7\u0131kt\u0131k. Benim i\u00e7in en zor olan, o s\u0131rada bir ya\u015f\u0131nda olan k\u0131z\u0131m\u0131 geride b\u0131rakmakt\u0131. Bu arada kendisi, g\u00f6zl\u00fckle ge\u00e7irdi\u011fim hayat\u0131m\u0131n son iki haftas\u0131nda iki g\u00f6zl\u00fc\u011f\u00fcm\u00fc de k\u0131rm\u0131\u015ft\u0131.<br>\u0130stanbul\u2019da, EyeSTAR Klini\u011fi\u2019nden Almanca\u2019y\u0131 ak\u0131c\u0131 konu\u015fan bir \u00e7al\u0131\u015fan taraf\u0131ndan havaliman\u0131nda \u00e7ok s\u0131cak bir \u015fekilde kar\u015f\u0131land\u0131k ve otele g\u00f6t\u00fcr\u00fcld\u00fck. Otel \u00e7ok g\u00fczel ve sakindi. Ameliyat g\u00fcn\u00fcne kadar kalan 1,5 g\u00fcn boyunca hem \u00e7ok iyi dinlenebildik hem de g\u00fczel \u0130stanbul \u015fehrinin keyfini \u00e7\u0131kard\u0131k.<br>Pazartesi g\u00fcn\u00fc saat tam 11.00\u2019de, kararla\u015ft\u0131r\u0131ld\u0131\u011f\u0131 gibi, yine Almanca konu\u015fan bir EyeSTAR Klinik \u00e7al\u0131\u015fan\u0131 bizi otelden alarak \u00f6n muayenelerin yap\u0131laca\u011f\u0131 klini\u011fe g\u00f6t\u00fcrd\u00fc. Klinik d\u0131\u015far\u0131dan bak\u0131ld\u0131\u011f\u0131nda pek etkileyici g\u00f6r\u00fcnm\u00fcyor ama i\u00e7eri girince her \u015fey en son teknolojiyle donat\u0131lm\u0131\u015f ve son derece hijyenikti. Kendimi her an \u00e7ok g\u00fcvende hissettim, s\u00f6ylenen her \u015fey bana terc\u00fcme edildi. Bekleme s\u00fcresi bile olduk\u00e7a rahatt\u0131; Almanca dergiler ve i\u00e7ecekler vard\u0131.<br>\u00d6n muayeneden olumlu sonu\u00e7 ald\u0131ktan sonra klinikten ayr\u0131ld\u0131k ve ameliyat i\u00e7in saat d\u00f6rtte tekrar orada olmam\u0131z s\u00f6ylendi.                             Ameliyattan \u00f6nce, ameliyat sonras\u0131 damlalar\u0131n nas\u0131l kullan\u0131laca\u011f\u0131 ve operasyon sonras\u0131 haftalarda nelere dikkat etmem gerekti\u011fi bana ayr\u0131nt\u0131l\u0131 \u015fekilde anlat\u0131ld\u0131. Ameliyat sorunsuz ge\u00e7ti ve yaln\u0131zca kornea kesilirken k\u0131sa bir an i\u00e7in biraz rahats\u0131z ediciydi. Ancak g\u00f6revli personelin \u00e7ok iyi haz\u0131rl\u0131\u011f\u0131 sayesinde her \u015feye haz\u0131rd\u0131m ve ameliyat\u0131n her a\u015famas\u0131 bana ad\u0131m ad\u0131m anlat\u0131ld\u0131. Bu sayede kendimi her zaman emin ellerde hissettim.<br>Ameliyattan sonra k\u0131sa bir s\u00fcre rahats\u0131zl\u0131k oldu. G\u00f6zlerim a\u015f\u0131r\u0131 derecede suland\u0131, yand\u0131 ve neredeyse a\u00e7am\u0131yordum. E\u015fim yan\u0131mdayd\u0131 ve g\u00f6revli \u00e7al\u0131\u015fan da s\u00fcrekli gelip nas\u0131l hissetti\u011fimi sordu. Bir s\u00fcre sonra a\u015fa\u011f\u0131 indik ve s\u00f6zde mucize damlalar devreye girdi. Bir dakikadan di\u011ferine g\u00f6zlerimi a\u00e7abildim ve g\u00f6rmeye ba\u015flad\u0131m. Nas\u0131l bir histi anlatamam. Doktor her \u015feyi tekrar kontrol etti ve ard\u0131ndan otele d\u00f6nd\u00fck, ben de uzand\u0131m.<br>Sonraki \u00fc\u00e7 saat yine biraz rahats\u0131z ediciydi; g\u00f6zlerde sulanma ve yanma vard\u0131. Ama ondan sonra her \u015fey giderek daha iyi oldu. G\u00fcn\u00fc kutlamak i\u00e7in ak\u015fam saat sekiz bu\u00e7ukta d\u0131\u015far\u0131 \u00e7\u0131k\u0131p g\u00fczel bir ak\u015fam yeme\u011fi yedik, tabii g\u00fcne\u015f g\u00f6zl\u00fc\u011f\u00fcyle. Gece \u00e7ok iyi uyudum ve sabah net bir g\u00f6r\u00fc\u015fle uyand\u0131m.<br>Saat 11.00\u2019de kontrol muayenesi vard\u0131, her \u015fey yolundayd\u0131 ve neredeyse y\u00fczde 100 g\u00f6rme g\u00fcc\u00fcne tekrar kavu\u015fmu\u015ftum. Yeni bir hayat ba\u015flayabilir. \u00d6\u011fleden sonra havaliman\u0131na g\u00f6t\u00fcr\u00fcld\u00fck ve d\u00f6n\u00fc\u015f yolculu\u011funa \u00e7\u0131kt\u0131k. \u015eimdi evdeyim ve bunu yapt\u0131\u011f\u0131m i\u00e7in inan\u0131lmaz mutluyum.<br>T\u00fcrkiye\u2019de g\u00f6z ameliyat\u0131, benim i\u00e7in, makul bir fiyatla yeniden yard\u0131ms\u0131z g\u00f6rebilmek ad\u0131na herkes i\u00e7in \u00e7ok b\u00fcy\u00fck bir f\u0131rsat. Herkese g\u00f6n\u00fcl rahatl\u0131\u011f\u0131yla tavsiye edebilirim. Art\u0131k yataktan kalkmadan d\u0131\u015far\u0131da havan\u0131n nas\u0131l oldu\u011funu g\u00f6rebiliyorum.<br>EyeSTAR Klini\u011fi ekibine m\u00fckemmel ilgileri i\u00e7in, Swisslasik\u2019e de harika organizasyonlar\u0131 i\u00e7in \u00e7ok te\u015fekk\u00fcr ederim.<br>Sevgi ve selamlar\u0131mla<br>Karin Herbst<br>17.06.2009                   <\/p>\n\n\n\n<div class=\"wp-block-group is-layout-grid wp-container-core-group-is-layout-baef362d wp-block-group-is-layout-grid\">\n<p><a href=\"https:\/\/medicaltravel.at\/home\/agb\/\" data-type=\"page\" data-id=\"2191\" rel=\"nofollow noopener\" target=\"_blank\"><\/a><a href=\"https:\/\/medicaltravel.ch\/tr\/hasta-raporlari\/istanbulda-estetik-cerrahi-hakkinda-musteri-yorumlari\/istanbulda-lasik-ameliyatimdan-5-ay-sonraki-sonuclarim-21-ekim-2009-carsamba-tarihli-rapor\/\" data-type=\"link\" data-id=\"https:\/\/medicaltravel.ch\/tr\/hasta-raporlari\/istanbulda-estetik-cerrahi-hakkinda-musteri-yorumlari\/istanbulda-lasik-ameliyatimdan-5-ay-sonraki-sonuclarim-21-ekim-2009-carsamba-tarihli-rapor\/\">\u00d6nceki rapor<\/a><\/p>\n\n\n\n<p class=\"has-text-align-right wp-container-content-5e2576f9\"><a href=\"https:\/\/medicaltravel.at\/home\/impressum\/\" data-type=\"page\" data-id=\"2193\" rel=\"nofollow noopener\" target=\"_blank\"><\/a><a href=\"https:\/\/medicaltravel.at\/home\/berichte-von-patienten\/erfahrungsberichte\/erfahrungsbericht-zahnbehandlung-in-istanbul\/\" data-type=\"page\" data-id=\"981\" rel=\"nofollow noopener\" target=\"_blank\"><\/a><a href=\"https:\/\/medicaltravel.ch\/tr\/hasta-raporlari\/istanbulda-estetik-cerrahi-hakkinda-musteri-yorumlari\/goezlueksuez-yeni-bir-yasam-10-temmuz-2009-cuma-tarihli-rapor\/\" data-type=\"link\" data-id=\"https:\/\/medicaltravel.ch\/tr\/hasta-raporlari\/istanbulda-estetik-cerrahi-hakkinda-musteri-yorumlari\/goezlueksuez-yeni-bir-yasam-10-temmuz-2009-cuma-tarihli-rapor\/\">Sonraki rapor<\/a><\/p>\n<\/div>\n","protected":false},"excerpt":{"rendered":"<p>Bir hayal ger\u00e7ek oldu: 15 Haziran 2009&#8217;da \u0130stanbul&#8217;da g\u00f6z ameliyat\u0131 \u2013 13 Temmuz 2009 Pazartesi tarihli haber Kendimi bildim bileli g\u00f6zl\u00fck ve kontakt lensler hayat\u0131m\u0131n bir par\u00e7as\u0131 oldu. \u00c7ocukken g\u00f6zl\u00fck y\u00fcz\u00fcnden alay edilmek hayat\u0131m\u0131n bir ger\u00e7e\u011fiydi. Daha sonra kontakt lenslere ge\u00e7ince bir\u00e7ok \u015fey daha iyi oldu ama yine de yeterince sorun vard\u0131. Lensler uzun s\u00fcre tak\u0131l\u0131 kal\u0131nca g\u00f6zler yoruluyordu, en olmad\u0131k anda lens d\u00fc\u015f\u00fcyordu, her zaman yedek lens ta\u015f\u0131mak gerekiyordu, lenslerle asla k\u0131sa bir uyku bile uyuyam\u0131yordum ve daha niceleri\u2026 Bu y\u00fczden \u00e7ok erken ya\u015flarda t\u00fcm bunlar olmadan ya\u015fama iste\u011fi do\u011fdu i\u00e7imde. Sabah uyan\u0131p d\u0131\u015far\u0131da havan\u0131n nas\u0131l oldu\u011funu net bir \u015fekilde g\u00f6rebilmek, i\u015fte hayalim buydu.2008 bahar\u0131nda ilk kez Zug\u2019da \u00fccretsiz bir test yapt\u0131rd\u0131m, ameliyat\u0131n m\u00fcmk\u00fcn olup olmad\u0131\u011f\u0131n\u0131 \u00f6\u011frenmek i\u00e7in. M\u00fcmk\u00fcnd\u00fc ama benim i\u00e7in maalesef \u00e7ok pahal\u0131yd\u0131. Ayr\u0131ca o d\u00f6nemde hamileydim ve zaten ameliyat \u00f6nerilmiyordu. K\u0131z\u0131m\u0131n do\u011fumuyla birlikte g\u00f6zl\u00fcks\u00fcz g\u00f6rebilme iste\u011fim daha da g\u00fc\u00e7lendi.Bir g\u00fcn e\u015fim b\u00fcy\u00fck bir heyecanla yan\u0131ma geldi ve \u0130svi\u00e7re televizyonunda \u0130stanbul\u2019daki g\u00f6z ameliyatlar\u0131yla ilgili bir program izledi\u011fini anlatt\u0131. \u0130lk anda, muhtemelen bir\u00e7ok ki\u015fi gibi, \u0130stanbul, T\u00fcrkiye olur mu hi\u00e7, kimseyi g\u00f6zlerime yakla\u015ft\u0131rmam diye d\u00fc\u015f\u00fcnd\u00fcm. Ama internette biraz ara\u015ft\u0131rma yapt\u0131ktan sonra bu fikir bana asl\u0131nda olduk\u00e7a mant\u0131kl\u0131 gelmeye ba\u015flad\u0131. Bunun \u00fczerine \u0130stanbul\u2019a ameliyat seyahati organize eden bir Alman firmadan ve Swisslasik\u2019ten iki farkl\u0131 teklif ald\u0131m. Swisslasik bana \u00e7ok daha g\u00fcven verici geldi. Verdikleri bilgiler \u00e7ok kapsaml\u0131yd\u0131 ve teklif geldikten k\u0131sa bir s\u00fcre sonra, ba\u015fka sorum olup olmad\u0131\u011f\u0131 soruldu. Di\u011fer firma ise sadece e-posta ile bir teklif g\u00f6ndermi\u015fti. Ayr\u0131ca \u0130svi\u00e7re\u2019de kontrol muayenesinin garanti alt\u0131nda olmas\u0131 da benim i\u00e7in \u00e7ok \u00f6nemli bir art\u0131yd\u0131.B\u00f6ylece e\u015fimle birlikte 13.06.2009 tarihini seyahat g\u00fcn\u00fc olarak belirledik. \u0130htiyac\u0131m\u0131z olan t\u00fcm belgeler bize g\u00f6nderildi, t\u00fcm \u00f6nemli bilgiler Swisslasik pasaportunda d\u00fczenli bir \u015fekilde yer al\u0131yordu. Ve 13\u2019\u00fcnde yola \u00e7\u0131kt\u0131k. Benim i\u00e7in en zor olan, o s\u0131rada bir ya\u015f\u0131nda olan k\u0131z\u0131m\u0131 geride b\u0131rakmakt\u0131. Bu arada kendisi, g\u00f6zl\u00fckle ge\u00e7irdi\u011fim hayat\u0131m\u0131n son iki haftas\u0131nda iki g\u00f6zl\u00fc\u011f\u00fcm\u00fc de k\u0131rm\u0131\u015ft\u0131.\u0130stanbul\u2019da, EyeSTAR Klini\u011fi\u2019nden Almanca\u2019y\u0131 ak\u0131c\u0131 konu\u015fan bir \u00e7al\u0131\u015fan taraf\u0131ndan havaliman\u0131nda \u00e7ok s\u0131cak bir \u015fekilde kar\u015f\u0131land\u0131k ve otele g\u00f6t\u00fcr\u00fcld\u00fck. Otel \u00e7ok g\u00fczel ve sakindi. Ameliyat g\u00fcn\u00fcne kadar kalan 1,5 g\u00fcn boyunca hem \u00e7ok iyi dinlenebildik hem de g\u00fczel \u0130stanbul \u015fehrinin keyfini \u00e7\u0131kard\u0131k.Pazartesi g\u00fcn\u00fc saat tam 11.00\u2019de, kararla\u015ft\u0131r\u0131ld\u0131\u011f\u0131 gibi, yine Almanca konu\u015fan bir EyeSTAR Klinik \u00e7al\u0131\u015fan\u0131 bizi otelden alarak \u00f6n muayenelerin yap\u0131laca\u011f\u0131 klini\u011fe g\u00f6t\u00fcrd\u00fc. Klinik d\u0131\u015far\u0131dan bak\u0131ld\u0131\u011f\u0131nda pek etkileyici g\u00f6r\u00fcnm\u00fcyor ama i\u00e7eri girince her \u015fey en son teknolojiyle donat\u0131lm\u0131\u015f ve son derece hijyenikti. Kendimi her an \u00e7ok g\u00fcvende hissettim, s\u00f6ylenen her \u015fey bana terc\u00fcme edildi. Bekleme s\u00fcresi bile olduk\u00e7a rahatt\u0131; Almanca dergiler ve i\u00e7ecekler vard\u0131.\u00d6n muayeneden olumlu sonu\u00e7 ald\u0131ktan sonra klinikten ayr\u0131ld\u0131k ve ameliyat i\u00e7in saat d\u00f6rtte tekrar orada olmam\u0131z s\u00f6ylendi. Ameliyattan \u00f6nce, ameliyat sonras\u0131 damlalar\u0131n nas\u0131l kullan\u0131laca\u011f\u0131 ve operasyon sonras\u0131 haftalarda nelere dikkat etmem gerekti\u011fi bana ayr\u0131nt\u0131l\u0131 \u015fekilde anlat\u0131ld\u0131. Ameliyat sorunsuz ge\u00e7ti ve yaln\u0131zca kornea kesilirken k\u0131sa bir an i\u00e7in biraz rahats\u0131z ediciydi. Ancak g\u00f6revli personelin \u00e7ok iyi haz\u0131rl\u0131\u011f\u0131 sayesinde her \u015feye haz\u0131rd\u0131m ve ameliyat\u0131n her a\u015famas\u0131 bana ad\u0131m ad\u0131m anlat\u0131ld\u0131. Bu sayede kendimi her zaman emin ellerde hissettim.Ameliyattan sonra k\u0131sa bir s\u00fcre rahats\u0131zl\u0131k oldu. G\u00f6zlerim a\u015f\u0131r\u0131 derecede suland\u0131, yand\u0131 ve neredeyse a\u00e7am\u0131yordum. E\u015fim yan\u0131mdayd\u0131 ve g\u00f6revli \u00e7al\u0131\u015fan da s\u00fcrekli gelip nas\u0131l hissetti\u011fimi sordu. Bir s\u00fcre sonra a\u015fa\u011f\u0131 indik ve s\u00f6zde mucize damlalar devreye girdi. Bir dakikadan di\u011ferine g\u00f6zlerimi a\u00e7abildim ve g\u00f6rmeye ba\u015flad\u0131m. Nas\u0131l bir histi anlatamam. Doktor her \u015feyi tekrar kontrol etti ve ard\u0131ndan otele d\u00f6nd\u00fck, ben de uzand\u0131m.Sonraki \u00fc\u00e7 saat yine biraz rahats\u0131z ediciydi; g\u00f6zlerde sulanma ve yanma vard\u0131. Ama ondan sonra her \u015fey giderek daha iyi oldu. G\u00fcn\u00fc kutlamak i\u00e7in ak\u015fam saat sekiz bu\u00e7ukta d\u0131\u015far\u0131 \u00e7\u0131k\u0131p g\u00fczel bir ak\u015fam yeme\u011fi yedik, tabii g\u00fcne\u015f g\u00f6zl\u00fc\u011f\u00fcyle. Gece \u00e7ok iyi uyudum ve sabah net bir g\u00f6r\u00fc\u015fle uyand\u0131m.Saat 11.00\u2019de kontrol muayenesi vard\u0131, her \u015fey yolundayd\u0131 ve neredeyse y\u00fczde 100 g\u00f6rme g\u00fcc\u00fcne tekrar kavu\u015fmu\u015ftum. Yeni bir hayat ba\u015flayabilir. \u00d6\u011fleden sonra havaliman\u0131na g\u00f6t\u00fcr\u00fcld\u00fck ve d\u00f6n\u00fc\u015f yolculu\u011funa \u00e7\u0131kt\u0131k. \u015eimdi evdeyim ve bunu yapt\u0131\u011f\u0131m i\u00e7in inan\u0131lmaz mutluyum.T\u00fcrkiye\u2019de g\u00f6z ameliyat\u0131, benim i\u00e7in, makul bir fiyatla yeniden yard\u0131ms\u0131z g\u00f6rebilmek ad\u0131na herkes i\u00e7in \u00e7ok b\u00fcy\u00fck bir f\u0131rsat. Herkese g\u00f6n\u00fcl rahatl\u0131\u011f\u0131yla tavsiye edebilirim. Art\u0131k yataktan kalkmadan d\u0131\u015far\u0131da havan\u0131n nas\u0131l oldu\u011funu g\u00f6rebiliyorum.EyeSTAR Klini\u011fi ekibine m\u00fckemmel ilgileri i\u00e7in, Swisslasik\u2019e de harika organizasyonlar\u0131 i\u00e7in \u00e7ok te\u015fekk\u00fcr ederim.Sevgi ve selamlar\u0131mlaKarin Herbst17.06.2009 \u00d6nceki rapor Sonraki rapor<\/p>\n","protected":false},"author":4,"featured_media":0,"parent":4815,"menu_order":0,"comment_status":"closed","ping_status":"closed","template":"","meta":{"_joinchat":[],"footnotes":""},"class_list":["post-4827","page","type-page","status-publish","hentry"],"acf":[],"_links":{"self":[{"href":"https:\/\/medicaltravel.ch\/tr\/wp-json\/wp\/v2\/pages\/4827","targetHints":{"allow":["GET"]}}],"collection":[{"href":"https:\/\/medicaltravel.ch\/tr\/wp-json\/wp\/v2\/pages"}],"about":[{"href":"https:\/\/medicaltravel.ch\/tr\/wp-json\/wp\/v2\/types\/page"}],"author":[{"embeddable":true,"href":"https:\/\/medicaltravel.ch\/tr\/wp-json\/wp\/v2\/users\/4"}],"replies":[{"embeddable":true,"href":"https:\/\/medicaltravel.ch\/tr\/wp-json\/wp\/v2\/comments?post=4827"}],"version-history":[{"count":0,"href":"https:\/\/medicaltravel.ch\/tr\/wp-json\/wp\/v2\/pages\/4827\/revisions"}],"up":[{"embeddable":true,"href":"https:\/\/medicaltravel.ch\/tr\/wp-json\/wp\/v2\/pages\/4815"}],"wp:attachment":[{"href":"https:\/\/medicaltravel.ch\/tr\/wp-json\/wp\/v2\/media?parent=4827"}],"curies":[{"name":"wp","href":"https:\/\/api.w.org\/{rel}","templated":true}]}}