{"id":4829,"date":"2025-09-24T07:10:02","date_gmt":"2025-09-24T06:10:02","guid":{"rendered":"https:\/\/medicaltravel.ch\/hasta-raporlari\/erfahrungsberichte-schoenheits-op-istanbul\/sonunda-goerme-engeli-olmayan-bir-yasam-hayali-gerceklesti-ameliyat-17-06-2010-25-temmuz-2010-pazar-tarihli-rapor\/"},"modified":"2026-01-12T20:17:19","modified_gmt":"2026-01-12T19:17:19","slug":"sonunda-goerme-engeli-olmayan-bir-yasam-hayali-gerceklesti-ameliyat-17-06-2010-25-temmuz-2010-pazar-tarihli-rapor","status":"publish","type":"page","link":"https:\/\/medicaltravel.ch\/tr\/hasta-raporlari\/istanbulda-estetik-cerrahi-hakkinda-musteri-yorumlari\/sonunda-goerme-engeli-olmayan-bir-yasam-hayali-gerceklesti-ameliyat-17-06-2010-25-temmuz-2010-pazar-tarihli-rapor\/","title":{"rendered":"Sonunda, g\u00f6rme engeli olmayan bir ya\u015fam hayali ger\u00e7ekle\u015fti \u2013 Ameliyat 17.06.2010 \u2013 25 Temmuz 2010 Pazar tarihli rapor"},"content":{"rendered":"\n<h3 class=\"wp-block-heading\">Sonunda, g\u00f6rme engeli olmayan bir ya\u015fam hayali ger\u00e7ekle\u015fti \u2013 Ameliyat 17.06.2010 \u2013 25 Temmuz 2010 Pazar tarihli rapor<\/h3>\n\n\n\n<p>Motivasyon<br>2004 y\u0131l\u0131nda ilk kez Lasik\u2019i duydum. Telez\u00fcri\u2019de bir ya\u015fam tarz\u0131 program\u0131nda anlat\u0131l\u0131yordu. Uzun zamand\u0131r miyop olmam nedeniyle, y\u0131llarca g\u00f6zl\u00fckle tatmin edici olmayan bir g\u00f6r\u00fc\u015fe sahip olduktan ve kontakt lenslerle iyi g\u00f6rsem bile ak\u015famlar\u0131 g\u00f6zlerim \u00e7ok tahri\u015f oldu\u011fu i\u00e7in, hemen \u00e7ok etkilendim. Ancak bu ameliyat o d\u00f6nem benim i\u00e7in \u00e7ok yeniydi ve Lasik yapt\u0131r\u0131p ba\u015far\u0131l\u0131 sonu\u00e7 alan kimseyi tan\u0131m\u0131yordum, bu y\u00fczden b\u00fcy\u00fck bir \u00e7ekincem vard\u0131.<br>Sonraki alt\u0131 y\u0131l boyunca Lasik hakk\u0131nda bulabildi\u011fim her bilgiyi toplad\u0131m. 2008 y\u0131l\u0131nda yak\u0131n bir arkada\u015f\u0131m swisslasik ile \u0130stanbul\u2019a gitti. \u0130lk tepkim \u015fuydu: Delirmi\u015f olmal\u0131s\u0131n. Ancak onun kusursuz organizasyon, Eyestar klini\u011finin \u00fcst d\u00fczey kalitesi ve tabii ki m\u00fckemmel ameliyat sonucu ile ilgili anlatt\u0131klar\u0131ndan sonra tamamen ikna oldum. Yine de hamilelik ve emzirme nedeniyle iki y\u0131l daha beklemem gerekiyordu.<br>Z\u00fcrih\u2019te \u00f6n muayene<br>\u00d6n muayenede onay ald\u0131m. Ancak bu \u00f6n muayeneden \u00e7ok fazla bir \u015fey beklememek gerekiyor. Ameliyat ve t\u00fcm s\u00fcre\u00e7le ilgili sorular\u0131m cevaplanmad\u0131 \u00e7\u00fcnk\u00fc muayeneyi yapan g\u00f6z doktorunun Eyestar ve Lasik ile hi\u00e7bir ba\u011flant\u0131s\u0131 yoktu. Ayr\u0131ca mutlaka toplu ta\u015f\u0131ma ile gitmek gerekiyor, \u00e7\u00fcnk\u00fc g\u00f6z bebekleri b\u00fcy\u00fct\u00fcld\u00fc\u011f\u00fc i\u00e7in saatlerce her \u015feyi bulan\u0131k g\u00f6rd\u00fcm. \u00d6rne\u011fin SMS okumak imk\u00e2ns\u0131zd\u0131 ve a\u015f\u0131r\u0131 derecede \u0131\u015f\u0131\u011fa hassast\u0131m.<br>\u0130svi\u00e7re\u2019deki bu \u00f6n muayeneden biraz rahats\u0131z oldum. \u00c7\u00fcnk\u00fc daha sonra Eyestar Klini\u011fi\u2019nde yap\u0131lan \u00f6n muayenede, g\u00f6z bebekleri b\u00fcy\u00fct\u00fcld\u00fckten sonra bana damla verdiler ve bu damlalar g\u00f6r\u00fc\u015f netli\u011fimi hemen geri getirdi. Bu da \u0130stanbul\u2019da \u0130svi\u00e7re\u2019ye k\u0131yasla ne kadar ileride olduklar\u0131n\u0131n iyi bir g\u00f6stergesi. \u0130svi\u00e7re standartlar\u0131n\u0131n her zaman en \u00fcst seviye oldu\u011fu inanc\u0131m\u0131 kesinlikle kaybettim.<br>Swisslasik \/ organizasyon \/ otel<br>Swisslasik\u2019in benim i\u00e7in her \u015feyi organize etmesi \u00e7ok rahatt\u0131. Rezervasyon s\u00fcreci h\u0131zl\u0131yd\u0131, sorular\u0131m hemen cevapland\u0131, ileti\u015fim \u00e7ok nazikti. Her \u015fey sorunsuz \u015fekilde i\u015fledi. Havaliman\u0131nda bizi Almanca konu\u015fan bir g\u00f6revli kar\u015f\u0131lad\u0131 ve b\u00fcy\u00fck, yeni bir Mercedes ile otele g\u00f6t\u00fcr\u00fcld\u00fck.<br>Taksim Park City Oteli tavsiye edilebilir. Odalar k\u00fc\u00e7\u00fck ama temiz, \u015f\u0131k d\u00f6\u015fenmi\u015f ve iyi klimal\u0131. Konumu m\u00fckemmel. \u0130ki k\u00f6\u015fe d\u00f6n\u00fcnce klinik orada. Ayr\u0131ca her zaman hareketli olan al\u0131\u015fveri\u015f caddesine de \u00e7ok k\u0131sa s\u00fcrede ula\u015f\u0131labiliyor.<br>Klinik<br>Binan\u0131n kendisinden etkilenmemek gerekiyor. Merdiven bo\u015flu\u011funda k\u00f6t\u00fc bir koku vard\u0131, bununla ilgili ger\u00e7ekten bir \u015feyler yapmalar\u0131 laz\u0131m. Ancak kodla girilen klini\u011fe ad\u0131m att\u0131\u011f\u0131m anda ho\u015f bir s\u00fcrpriz ya\u015fad\u0131m. Modern, temiz, g\u00fcler y\u00fczl\u00fc ve \u00e7ok rahat bir atmosfere sahipti. Her muayenede \u0130svi\u00e7re Almancas\u0131 konu\u015fan personel taraf\u0131ndan desteklendim. Cihazlar son derece modern.<br>Doktor, \u00f6n g\u00f6r\u00fc\u015fme i\u00e7in yeterince zaman ay\u0131rd\u0131. G\u00f6zlerimle ilgili bana, \u0130svi\u00e7re\u2019de daha \u00f6nce hi\u00e7 bu \u015fekilde a\u00e7\u0131klanmam\u0131\u015f bilgiler verdi. Burada ger\u00e7ekten uzmanlar\u0131n elinde oldu\u011fuma dair g\u00fc\u00e7l\u00fc bir g\u00fcven duygusu olu\u015ftu.<br>O g\u00fcn be\u015f ki\u015fiydik. \u00dc\u00e7 \u0130svi\u00e7reli, bir \u0130sve\u00e7li ve hangi dili konu\u015ftu\u011fu belli olmayan bir ki\u015fi. Hepimizin ayn\u0131 anda klinikte bulunmas\u0131 gerekiyordu. Buna ra\u011fmen hi\u00e7 s\u0131k\u0131lmad\u0131k, \u00e7\u00fcnk\u00fc s\u00fcrekli yap\u0131lacak bir \u015fey vard\u0131. Muayeneler, bilgilendirme formlar\u0131n\u0131 okumak gibi. S\u00fcre\u00e7 h\u0131zl\u0131 ilerledi ve bize s\u00fcrekli i\u00e7ecek ikram edildi.                               \u00d6\u011fle aras\u0131ndan sonra ameliyat\u0131m\u0131z vard\u0131, klini\u011fin ba\u015fka bir kat\u0131nda. Buradaki bekleme alan\u0131 tam anlam\u0131yla bir dinlenme ve rahatlama alan\u0131yd\u0131. Ayr\u0131 bir odada ameliyat k\u0131yafetlerimi giydim ve y\u00fcz\u00fcm dezenfekte edildi.<br>Ameliyat<br>Ameliyat toplamda sadece birka\u00e7 dakika s\u00fcrd\u00fc ama benim i\u00e7in hi\u00e7 de kolay de\u011fildi. A\u011fr\u0131dan de\u011fil, daha \u00e7ok g\u00f6z \u00fczerinde yap\u0131lan i\u015flemlerden dolay\u0131 zorlay\u0131c\u0131yd\u0131. \u00d6nce g\u00f6z\u00fcme beyaz bir plastik yap\u0131\u015ft\u0131r\u0131ld\u0131, kirpikler sabitlendi. Sonra g\u00f6z a\u00e7\u0131ld\u0131, sabitleyici halka yerle\u015ftirildi ve k\u0131sa bir an her \u015fey karard\u0131. En ge\u00e7 bu noktada panikledim. Ancak ekip beni s\u00fcrekli cesaretlendirdi ve ben \u00e7ok hareket etti\u011fimde makine otomatik olarak durdu.<br>Ameliyattan hemen sonra g\u00f6zlerimi a\u00e7mam m\u00fcmk\u00fcn de\u011fildi. Sanki g\u00f6zlerimin i\u00e7inde iki b\u0131\u00e7ak varm\u0131\u015f gibi \u015fiddetli bir a\u011fr\u0131 hissediyordum. Birka\u00e7 dakika sonra tekrar uyu\u015fturucu damlalar verildi. A\u011fr\u0131 an\u0131nda ge\u00e7ti, g\u00f6zlerimi a\u00e7abildim ve bir sisin i\u00e7inden bile olsa net g\u00f6rmeye ba\u015flad\u0131\u011f\u0131m\u0131 fark ettim.<br>Ameliyat sonras\u0131<br>G\u00f6r\u00fc\u015f\u00fcm olduk\u00e7a iyi oldu\u011fu i\u00e7in otele sorunsuz bir \u015fekilde geri d\u00f6nebildim. G\u00f6z bantlar\u0131n\u0131 yap\u0131\u015ft\u0131r\u0131p uyumam s\u00f6ylendi. \u0130ki saatlik uykudan sonra uyand\u0131\u011f\u0131mda yine g\u00f6zlerimde b\u0131\u00e7ak hissi vard\u0131 ve \u00e7ok \u015fiddetli ba\u015f a\u011fr\u0131m olmu\u015ftu. Neyse ki bize a\u011fr\u0131 kesici verilmi\u015fti. G\u00f6zlerim ya\u015farmad\u0131.<br>Bir iki saat daha uyuduktan sonra a\u011fr\u0131lar tamamen ge\u00e7ti ve net g\u00f6r\u00fc\u015f geri geldi. Harika bir histi. Ertesi g\u00fcn yap\u0131lan kontrolde en k\u00fc\u00e7\u00fck harfleri bile okuyabildim. Sonu\u00e7 y\u00fczde 120 g\u00f6r\u00fc\u015f, +0,25 \/ -0,25.<br>Mavi Camii\u2019yi ve Kapal\u0131\u00e7ar\u015f\u0131\u2019y\u0131 gezebildik. \u0130stanbul \u015fa\u015f\u0131rt\u0131c\u0131 derecede modern, temiz ve insanlar rahats\u0131z edici de\u011fildi. Ancak \u00f6\u011fleden sonra g\u00f6zlerim yorulmaya ba\u015flad\u0131, hafif batma oldu ve g\u00f6r\u00fc\u015f biraz sisli hale geldi. Verilen damlalar g\u00f6zlerde yanma yap\u0131yordu ve g\u00f6r\u00fc\u015f\u00fc de etkiliyordu. D\u00f6n\u00fc\u015f u\u00e7u\u015funda en fazla 30 dakika okuyabildim, sonra tekrar bulan\u0131kla\u015ft\u0131.<br>En b\u00fcy\u00fck sorunum \u0131\u015f\u0131k hassasiyeti oldu. Bir hafta boyunca evin i\u00e7inde bile g\u00fcne\u015f g\u00f6zl\u00fc\u011f\u00fc takt\u0131m. Televizyon, bilgisayar, lambalar, her \u015fey g\u00f6z\u00fcm\u00fc kama\u015ft\u0131r\u0131yor ve yorgunluk yap\u0131yordu.<br>4 hafta sonra<br>Batma yok, a\u011fr\u0131 yok. Ancak bilgisayar kar\u015f\u0131s\u0131nda okumakta giderek daha \u00e7ok zorland\u0131\u011f\u0131m\u0131 fark ettim. Netlik azal\u0131yor, g\u00f6zler \u00e7abuk yoruluyor ve ba\u015f a\u011fr\u0131s\u0131 yap\u0131yordu. Z\u00fcrih\u2019teki kontrol muayenesinde ger\u00e7ekten de +0,5 \/ +0,75 hipermetropi tespit edildi. Yani fazla d\u00fczeltme yap\u0131lm\u0131\u015f. \u0130svi\u00e7re\u2019de ameliyat olan bir tan\u0131d\u0131\u011f\u0131mda da ayn\u0131 durum vard\u0131. Doktor sonu\u00e7tan memnun, iyile\u015fmenin \u00e7ok g\u00fczel oldu\u011funu s\u00f6yledi.<br>Bu hipermetropinin ciddi bir sorun olmad\u0131\u011f\u0131n\u0131, g\u00f6zlerin yeni g\u00f6rmeye al\u0131\u015fmas\u0131 gerekti\u011fini belirtti. \u00c7o\u011fu ki\u015fide bunun \u00fc\u00e7 ay i\u00e7inde d\u00fczeldi\u011fini, kesin de\u011ferin ise ancak alt\u0131 ay sonra belli oldu\u011funu s\u00f6yledi. \u015eu an biraz zorlay\u0131c\u0131 ve bu s\u00fcre\u00e7te ev han\u0131m\u0131 olmama, g\u00fcnde dokuz saat bilgisayar ba\u015f\u0131nda \u00e7al\u0131\u015fmak zorunda olmamama seviniyorum. Ancak \u00e7evremden bildi\u011fim kadar\u0131yla ameliyat sonras\u0131 sab\u0131rl\u0131 olmak gerekiyor. \u0130ster \u0130svi\u00e7re\u2019de ister T\u00fcrkiye\u2019de yap\u0131ls\u0131n, bu s\u00fcre\u00e7 herkes i\u00e7in ge\u00e7erli.<br>Kontakt lenssiz bir hayat harika. Ameliyat\u0131 hi\u00e7 d\u00fc\u015f\u00fcnmeden tekrar yapt\u0131r\u0131rd\u0131m.                                  Elbette T\u00fcrkiye\u2019de. Swisslasik ve Eyestar\u2019\u0131 en yak\u0131n, en iyi arkada\u015flar\u0131ma g\u00f6n\u00fcl rahatl\u0131\u011f\u0131yla tavsiye ederim.<br>Stephanie Fritschi  <\/p>\n\n\n\n<div class=\"wp-block-group is-layout-grid wp-container-core-group-is-layout-baef362d wp-block-group-is-layout-grid\">\n<p><a href=\"https:\/\/medicaltravel.at\/home\/agb\/\" data-type=\"page\" data-id=\"2191\" rel=\"nofollow noopener\" target=\"_blank\"><\/a><a href=\"https:\/\/medicaltravel.ch\/tr\/hasta-raporlari\/istanbulda-estetik-cerrahi-hakkinda-musteri-yorumlari\/artik-kartal-gibi-keskin-bir-goeruese-sahibim-ve-cok-mutlu-ve-minnettarim-1-agustos-2010-pazar-tarihli-rapor\/\" data-type=\"link\" data-id=\"https:\/\/medicaltravel.ch\/tr\/hasta-raporlari\/istanbulda-estetik-cerrahi-hakkinda-musteri-yorumlari\/artik-kartal-gibi-keskin-bir-goeruese-sahibim-ve-cok-mutlu-ve-minnettarim-1-agustos-2010-pazar-tarihli-rapor\/\">\u00d6nceki rapor<\/a><\/p>\n\n\n\n<p class=\"has-text-align-right wp-container-content-5e2576f9\"><a href=\"https:\/\/medicaltravel.at\/home\/impressum\/\" data-type=\"page\" data-id=\"2193\" rel=\"nofollow noopener\" target=\"_blank\"><\/a><a href=\"https:\/\/medicaltravel.at\/home\/berichte-von-patienten\/erfahrungsberichte\/erfahrungsbericht-zahnbehandlung-in-istanbul\/\" data-type=\"page\" data-id=\"981\" rel=\"nofollow noopener\" target=\"_blank\"><\/a><a href=\"https:\/\/medicaltravel.ch\/tr\/hasta-raporlari\/istanbulda-estetik-cerrahi-hakkinda-musteri-yorumlari\/lazer-goez-ameliyati-hakkindaki-raporum-7-temmuz-2010-carsamba-tarihli-rapor\/\" data-type=\"link\" data-id=\"https:\/\/medicaltravel.ch\/tr\/hasta-raporlari\/istanbulda-estetik-cerrahi-hakkinda-musteri-yorumlari\/lazer-goez-ameliyati-hakkindaki-raporum-7-temmuz-2010-carsamba-tarihli-rapor\/\">Sonraki rapor<\/a><\/p>\n<\/div>\n","protected":false},"excerpt":{"rendered":"<p>Sonunda, g\u00f6rme engeli olmayan bir ya\u015fam hayali ger\u00e7ekle\u015fti \u2013 Ameliyat 17.06.2010 \u2013 25 Temmuz 2010 Pazar tarihli rapor Motivasyon2004 y\u0131l\u0131nda ilk kez Lasik\u2019i duydum. Telez\u00fcri\u2019de bir ya\u015fam tarz\u0131 program\u0131nda anlat\u0131l\u0131yordu. Uzun zamand\u0131r miyop olmam nedeniyle, y\u0131llarca g\u00f6zl\u00fckle tatmin edici olmayan bir g\u00f6r\u00fc\u015fe sahip olduktan ve kontakt lenslerle iyi g\u00f6rsem bile ak\u015famlar\u0131 g\u00f6zlerim \u00e7ok tahri\u015f oldu\u011fu i\u00e7in, hemen \u00e7ok etkilendim. Ancak bu ameliyat o d\u00f6nem benim i\u00e7in \u00e7ok yeniydi ve Lasik yapt\u0131r\u0131p ba\u015far\u0131l\u0131 sonu\u00e7 alan kimseyi tan\u0131m\u0131yordum, bu y\u00fczden b\u00fcy\u00fck bir \u00e7ekincem vard\u0131.Sonraki alt\u0131 y\u0131l boyunca Lasik hakk\u0131nda bulabildi\u011fim her bilgiyi toplad\u0131m. 2008 y\u0131l\u0131nda yak\u0131n bir arkada\u015f\u0131m swisslasik ile \u0130stanbul\u2019a gitti. \u0130lk tepkim \u015fuydu: Delirmi\u015f olmal\u0131s\u0131n. Ancak onun kusursuz organizasyon, Eyestar klini\u011finin \u00fcst d\u00fczey kalitesi ve tabii ki m\u00fckemmel ameliyat sonucu ile ilgili anlatt\u0131klar\u0131ndan sonra tamamen ikna oldum. Yine de hamilelik ve emzirme nedeniyle iki y\u0131l daha beklemem gerekiyordu.Z\u00fcrih\u2019te \u00f6n muayene\u00d6n muayenede onay ald\u0131m. Ancak bu \u00f6n muayeneden \u00e7ok fazla bir \u015fey beklememek gerekiyor. Ameliyat ve t\u00fcm s\u00fcre\u00e7le ilgili sorular\u0131m cevaplanmad\u0131 \u00e7\u00fcnk\u00fc muayeneyi yapan g\u00f6z doktorunun Eyestar ve Lasik ile hi\u00e7bir ba\u011flant\u0131s\u0131 yoktu. Ayr\u0131ca mutlaka toplu ta\u015f\u0131ma ile gitmek gerekiyor, \u00e7\u00fcnk\u00fc g\u00f6z bebekleri b\u00fcy\u00fct\u00fcld\u00fc\u011f\u00fc i\u00e7in saatlerce her \u015feyi bulan\u0131k g\u00f6rd\u00fcm. \u00d6rne\u011fin SMS okumak imk\u00e2ns\u0131zd\u0131 ve a\u015f\u0131r\u0131 derecede \u0131\u015f\u0131\u011fa hassast\u0131m.\u0130svi\u00e7re\u2019deki bu \u00f6n muayeneden biraz rahats\u0131z oldum. \u00c7\u00fcnk\u00fc daha sonra Eyestar Klini\u011fi\u2019nde yap\u0131lan \u00f6n muayenede, g\u00f6z bebekleri b\u00fcy\u00fct\u00fcld\u00fckten sonra bana damla verdiler ve bu damlalar g\u00f6r\u00fc\u015f netli\u011fimi hemen geri getirdi. Bu da \u0130stanbul\u2019da \u0130svi\u00e7re\u2019ye k\u0131yasla ne kadar ileride olduklar\u0131n\u0131n iyi bir g\u00f6stergesi. \u0130svi\u00e7re standartlar\u0131n\u0131n her zaman en \u00fcst seviye oldu\u011fu inanc\u0131m\u0131 kesinlikle kaybettim.Swisslasik \/ organizasyon \/ otelSwisslasik\u2019in benim i\u00e7in her \u015feyi organize etmesi \u00e7ok rahatt\u0131. Rezervasyon s\u00fcreci h\u0131zl\u0131yd\u0131, sorular\u0131m hemen cevapland\u0131, ileti\u015fim \u00e7ok nazikti. Her \u015fey sorunsuz \u015fekilde i\u015fledi. Havaliman\u0131nda bizi Almanca konu\u015fan bir g\u00f6revli kar\u015f\u0131lad\u0131 ve b\u00fcy\u00fck, yeni bir Mercedes ile otele g\u00f6t\u00fcr\u00fcld\u00fck.Taksim Park City Oteli tavsiye edilebilir. Odalar k\u00fc\u00e7\u00fck ama temiz, \u015f\u0131k d\u00f6\u015fenmi\u015f ve iyi klimal\u0131. Konumu m\u00fckemmel. \u0130ki k\u00f6\u015fe d\u00f6n\u00fcnce klinik orada. Ayr\u0131ca her zaman hareketli olan al\u0131\u015fveri\u015f caddesine de \u00e7ok k\u0131sa s\u00fcrede ula\u015f\u0131labiliyor.KlinikBinan\u0131n kendisinden etkilenmemek gerekiyor. Merdiven bo\u015flu\u011funda k\u00f6t\u00fc bir koku vard\u0131, bununla ilgili ger\u00e7ekten bir \u015feyler yapmalar\u0131 laz\u0131m. Ancak kodla girilen klini\u011fe ad\u0131m att\u0131\u011f\u0131m anda ho\u015f bir s\u00fcrpriz ya\u015fad\u0131m. Modern, temiz, g\u00fcler y\u00fczl\u00fc ve \u00e7ok rahat bir atmosfere sahipti. Her muayenede \u0130svi\u00e7re Almancas\u0131 konu\u015fan personel taraf\u0131ndan desteklendim. Cihazlar son derece modern.Doktor, \u00f6n g\u00f6r\u00fc\u015fme i\u00e7in yeterince zaman ay\u0131rd\u0131. G\u00f6zlerimle ilgili bana, \u0130svi\u00e7re\u2019de daha \u00f6nce hi\u00e7 bu \u015fekilde a\u00e7\u0131klanmam\u0131\u015f bilgiler verdi. Burada ger\u00e7ekten uzmanlar\u0131n elinde oldu\u011fuma dair g\u00fc\u00e7l\u00fc bir g\u00fcven duygusu olu\u015ftu.O g\u00fcn be\u015f ki\u015fiydik. \u00dc\u00e7 \u0130svi\u00e7reli, bir \u0130sve\u00e7li ve hangi dili konu\u015ftu\u011fu belli olmayan bir ki\u015fi. Hepimizin ayn\u0131 anda klinikte bulunmas\u0131 gerekiyordu. Buna ra\u011fmen hi\u00e7 s\u0131k\u0131lmad\u0131k, \u00e7\u00fcnk\u00fc s\u00fcrekli yap\u0131lacak bir \u015fey vard\u0131. Muayeneler, bilgilendirme formlar\u0131n\u0131 okumak gibi. S\u00fcre\u00e7 h\u0131zl\u0131 ilerledi ve bize s\u00fcrekli i\u00e7ecek ikram edildi. \u00d6\u011fle aras\u0131ndan sonra ameliyat\u0131m\u0131z vard\u0131, klini\u011fin ba\u015fka bir kat\u0131nda. Buradaki bekleme alan\u0131 tam anlam\u0131yla bir dinlenme ve rahatlama alan\u0131yd\u0131. Ayr\u0131 bir odada ameliyat k\u0131yafetlerimi giydim ve y\u00fcz\u00fcm dezenfekte edildi.AmeliyatAmeliyat toplamda sadece birka\u00e7 dakika s\u00fcrd\u00fc ama benim i\u00e7in hi\u00e7 de kolay de\u011fildi. A\u011fr\u0131dan de\u011fil, daha \u00e7ok g\u00f6z \u00fczerinde yap\u0131lan i\u015flemlerden dolay\u0131 zorlay\u0131c\u0131yd\u0131. \u00d6nce g\u00f6z\u00fcme beyaz bir plastik yap\u0131\u015ft\u0131r\u0131ld\u0131, kirpikler sabitlendi. Sonra g\u00f6z a\u00e7\u0131ld\u0131, sabitleyici halka yerle\u015ftirildi ve k\u0131sa bir an her \u015fey karard\u0131. En ge\u00e7 bu noktada panikledim. Ancak ekip beni s\u00fcrekli cesaretlendirdi ve ben \u00e7ok hareket etti\u011fimde makine otomatik olarak durdu.Ameliyattan hemen sonra g\u00f6zlerimi a\u00e7mam m\u00fcmk\u00fcn de\u011fildi. Sanki g\u00f6zlerimin i\u00e7inde iki b\u0131\u00e7ak varm\u0131\u015f gibi \u015fiddetli bir a\u011fr\u0131 hissediyordum. Birka\u00e7 dakika sonra tekrar uyu\u015fturucu damlalar verildi. A\u011fr\u0131 an\u0131nda ge\u00e7ti, g\u00f6zlerimi a\u00e7abildim ve bir sisin i\u00e7inden bile olsa net g\u00f6rmeye ba\u015flad\u0131\u011f\u0131m\u0131 fark ettim.Ameliyat sonras\u0131G\u00f6r\u00fc\u015f\u00fcm olduk\u00e7a iyi oldu\u011fu i\u00e7in otele sorunsuz bir \u015fekilde geri d\u00f6nebildim. G\u00f6z bantlar\u0131n\u0131 yap\u0131\u015ft\u0131r\u0131p uyumam s\u00f6ylendi. \u0130ki saatlik uykudan sonra uyand\u0131\u011f\u0131mda yine g\u00f6zlerimde b\u0131\u00e7ak hissi vard\u0131 ve \u00e7ok \u015fiddetli ba\u015f a\u011fr\u0131m olmu\u015ftu. Neyse ki bize a\u011fr\u0131 kesici verilmi\u015fti. G\u00f6zlerim ya\u015farmad\u0131.Bir iki saat daha uyuduktan sonra a\u011fr\u0131lar tamamen ge\u00e7ti ve net g\u00f6r\u00fc\u015f geri geldi. Harika bir histi. Ertesi g\u00fcn yap\u0131lan kontrolde en k\u00fc\u00e7\u00fck harfleri bile okuyabildim. Sonu\u00e7 y\u00fczde 120 g\u00f6r\u00fc\u015f, +0,25 \/ -0,25.Mavi Camii\u2019yi ve Kapal\u0131\u00e7ar\u015f\u0131\u2019y\u0131 gezebildik. \u0130stanbul \u015fa\u015f\u0131rt\u0131c\u0131 derecede modern, temiz ve insanlar rahats\u0131z edici de\u011fildi. Ancak \u00f6\u011fleden sonra g\u00f6zlerim yorulmaya ba\u015flad\u0131, hafif batma oldu ve g\u00f6r\u00fc\u015f biraz sisli hale geldi. Verilen damlalar g\u00f6zlerde yanma yap\u0131yordu ve g\u00f6r\u00fc\u015f\u00fc de etkiliyordu. D\u00f6n\u00fc\u015f u\u00e7u\u015funda en fazla 30 dakika okuyabildim, sonra tekrar bulan\u0131kla\u015ft\u0131.En b\u00fcy\u00fck sorunum \u0131\u015f\u0131k hassasiyeti oldu. Bir hafta boyunca evin i\u00e7inde bile g\u00fcne\u015f g\u00f6zl\u00fc\u011f\u00fc takt\u0131m. Televizyon, bilgisayar, lambalar, her \u015fey g\u00f6z\u00fcm\u00fc kama\u015ft\u0131r\u0131yor ve yorgunluk yap\u0131yordu.4 hafta sonraBatma yok, a\u011fr\u0131 yok. Ancak bilgisayar kar\u015f\u0131s\u0131nda okumakta giderek daha \u00e7ok zorland\u0131\u011f\u0131m\u0131 fark ettim. Netlik azal\u0131yor, g\u00f6zler \u00e7abuk yoruluyor ve ba\u015f a\u011fr\u0131s\u0131 yap\u0131yordu. Z\u00fcrih\u2019teki kontrol muayenesinde ger\u00e7ekten de +0,5 \/ +0,75 hipermetropi tespit edildi. Yani fazla d\u00fczeltme yap\u0131lm\u0131\u015f. \u0130svi\u00e7re\u2019de ameliyat olan bir tan\u0131d\u0131\u011f\u0131mda da ayn\u0131 durum vard\u0131. Doktor sonu\u00e7tan memnun, iyile\u015fmenin \u00e7ok g\u00fczel oldu\u011funu s\u00f6yledi.Bu hipermetropinin ciddi bir sorun olmad\u0131\u011f\u0131n\u0131, g\u00f6zlerin yeni g\u00f6rmeye al\u0131\u015fmas\u0131 gerekti\u011fini belirtti. \u00c7o\u011fu ki\u015fide bunun \u00fc\u00e7 ay i\u00e7inde d\u00fczeldi\u011fini, kesin de\u011ferin ise ancak alt\u0131 ay sonra belli oldu\u011funu s\u00f6yledi. \u015eu an biraz zorlay\u0131c\u0131 ve bu s\u00fcre\u00e7te ev han\u0131m\u0131 olmama, g\u00fcnde dokuz saat bilgisayar ba\u015f\u0131nda \u00e7al\u0131\u015fmak zorunda olmamama seviniyorum. Ancak \u00e7evremden bildi\u011fim kadar\u0131yla ameliyat sonras\u0131 sab\u0131rl\u0131 olmak gerekiyor. \u0130ster \u0130svi\u00e7re\u2019de ister T\u00fcrkiye\u2019de yap\u0131ls\u0131n, bu s\u00fcre\u00e7 herkes i\u00e7in ge\u00e7erli.Kontakt lenssiz bir hayat harika. Ameliyat\u0131 hi\u00e7 d\u00fc\u015f\u00fcnmeden tekrar yapt\u0131r\u0131rd\u0131m. Elbette T\u00fcrkiye\u2019de. Swisslasik ve Eyestar\u2019\u0131 en yak\u0131n, en iyi arkada\u015flar\u0131ma g\u00f6n\u00fcl rahatl\u0131\u011f\u0131yla tavsiye ederim.Stephanie Fritschi \u00d6nceki rapor Sonraki rapor<\/p>\n","protected":false},"author":4,"featured_media":0,"parent":4815,"menu_order":0,"comment_status":"closed","ping_status":"closed","template":"","meta":{"_joinchat":[],"footnotes":""},"class_list":["post-4829","page","type-page","status-publish","hentry"],"acf":[],"_links":{"self":[{"href":"https:\/\/medicaltravel.ch\/tr\/wp-json\/wp\/v2\/pages\/4829","targetHints":{"allow":["GET"]}}],"collection":[{"href":"https:\/\/medicaltravel.ch\/tr\/wp-json\/wp\/v2\/pages"}],"about":[{"href":"https:\/\/medicaltravel.ch\/tr\/wp-json\/wp\/v2\/types\/page"}],"author":[{"embeddable":true,"href":"https:\/\/medicaltravel.ch\/tr\/wp-json\/wp\/v2\/users\/4"}],"replies":[{"embeddable":true,"href":"https:\/\/medicaltravel.ch\/tr\/wp-json\/wp\/v2\/comments?post=4829"}],"version-history":[{"count":2,"href":"https:\/\/medicaltravel.ch\/tr\/wp-json\/wp\/v2\/pages\/4829\/revisions"}],"predecessor-version":[{"id":6514,"href":"https:\/\/medicaltravel.ch\/tr\/wp-json\/wp\/v2\/pages\/4829\/revisions\/6514"}],"up":[{"embeddable":true,"href":"https:\/\/medicaltravel.ch\/tr\/wp-json\/wp\/v2\/pages\/4815"}],"wp:attachment":[{"href":"https:\/\/medicaltravel.ch\/tr\/wp-json\/wp\/v2\/media?parent=4829"}],"curies":[{"name":"wp","href":"https:\/\/api.w.org\/{rel}","templated":true}]}}