{"id":4831,"date":"2025-09-24T07:08:08","date_gmt":"2025-09-24T06:08:08","guid":{"rendered":"https:\/\/medicaltravel.ch\/hasta-raporlari\/erfahrungsberichte-schoenheits-op-istanbul\/istanbulda-lasik-deneyimi-raporu-11-agustos-2010-carsamba-tarihli-rapor\/"},"modified":"2026-01-12T20:16:08","modified_gmt":"2026-01-12T19:16:08","slug":"istanbulda-lasik-deneyimi-raporu-11-agustos-2010-carsamba-tarihli-rapor","status":"publish","type":"page","link":"https:\/\/medicaltravel.ch\/tr\/hasta-raporlari\/istanbulda-estetik-cerrahi-hakkinda-musteri-yorumlari\/istanbulda-lasik-deneyimi-raporu-11-agustos-2010-carsamba-tarihli-rapor\/","title":{"rendered":"\u0130stanbul&#8217;da LASIK deneyimi raporu \u2013 11 A\u011fustos 2010 \u00c7ar\u015famba tarihli rapor"},"content":{"rendered":"\n<h3 class=\"wp-block-heading\">\u0130stanbul&#8217;da LASIK deneyimi raporu \u2013 11 A\u011fustos 2010 \u00c7ar\u015famba tarihli rapor<\/h3>\n\n\n\n<p>Bir arkada\u015f\u0131m\u0131n \u0130stanbul\u2019da g\u00f6z lazer tedavisi yapt\u0131rmak istedi\u011fini \u00f6\u011frendim. Bunun \u00fczerine ona tedavinin nas\u0131l ilerledi\u011fini sordum ve ben de internetten lazer tedavisi hakk\u0131nda bilgiler toplad\u0131m. Arkada\u015f\u0131m bana, seyahati, oteli, tedaviyi ve havaalan\u0131 transferini organize eden bir firma oldu\u011funu anlatt\u0131. Ben de swisslasik\u2019in internet sitesine bakt\u0131m. Swisslasik firmas\u0131 ile \u0130stanbul\u2019daki EyeStar klini\u011finin internet siteleri son derece ciddi ve g\u00fcven vericiydi. Tedaviler detayl\u0131 bir \u015fekilde anlat\u0131l\u0131yor ve fiyata nelerin dahil oldu\u011fu a\u00e7\u0131k\u00e7a belirtiliyordu. Sonradan \u00e7\u0131kan ek masraflarla kar\u015f\u0131la\u015f\u0131lm\u0131yordu.<br>Bir di\u011fer art\u0131 nokta ise ameliyat\u0131 \u0130stanbul seyahati ile birle\u015ftirebilmekti. Tedavinin yurt d\u0131\u015f\u0131nda daha uygun fiyatl\u0131 olmas\u0131 da g\u00f6z \u00f6n\u00fcnde bulunduruldu\u011funda, lazer tedavisini yurt d\u0131\u015f\u0131nda yapt\u0131rmaya karar verdim. Seyahat, transfer, konaklama ve tedavi s\u00fcreci Say\u0131n Kara\u011fa\u00e7l\u0131 taraf\u0131ndan profesyonel ve g\u00fcvenilir bir \u015fekilde planland\u0131 ve organize edildi.<br>Bize Swisslasik pasaportu ad\u0131 verilen bir dosya verildi. Bu dosyada gidi\u015f ve d\u00f6n\u00fc\u015f u\u00e7u\u015f bilgileri, tedavi ve tedavi sonras\u0131 dikkat edilmesi gereken \u00f6nemli noktalar ile \u0130stanbul hakk\u0131nda gezi \u00f6nerileri yer al\u0131yordu. Ger\u00e7ekten \u00e7ok yarat\u0131c\u0131 bir i\u015f fikriydi.<br>Daha sonra \u0130stanbul yolculu\u011fumuza ba\u015flad\u0131k. Daha \u00f6nce hi\u00e7 \u0130stanbul\u2019a gitmemi\u015ftim ama tekrar tekrar gitmek isteyece\u011fim bir \u015fehir oldu\u011funu s\u00f6yleyebilirim. Al\u0131\u015fveri\u015f sevenler i\u00e7in adeta bir cennet. \u00c7ok b\u00fcy\u00fck al\u0131\u015fveri\u015f merkezleri, uzun al\u0131\u015fveri\u015f caddeleri var. Kapal\u0131\u00e7ar\u015f\u0131 ise ba\u015fl\u0131 ba\u015f\u0131na devasa bir yer.<br>Ameliyattan iki g\u00fcn \u00f6nce \u015fehri tan\u0131mak i\u00e7in bir \u015fehir turu yapt\u0131k. \u0130stanbul k\u00fclt\u00fcrel a\u00e7\u0131dan \u00e7ok zengin. \u015eehri doyas\u0131ya gezdikten sonra \u00f6n muayene g\u00fcn\u00fc geldi. Klinik \u00e7ok temiz ve \u015f\u0131k bir \u015fekilde d\u00f6\u015fenmi\u015fti. Arka planda g\u00fczel bir m\u00fczik \u00e7al\u0131yordu, bu da biraz olsun heyecan\u0131m\u0131 azaltmama yard\u0131mc\u0131 oldu.<br>T\u00fcm muayeneler ba\u015flamadan \u00f6nce bir hasta onam formu imzalad\u0131k ve t\u00fcm riskler hakk\u0131nda bilgilendirildik. \u00d6n muayene olduk\u00e7a h\u0131zl\u0131 ge\u00e7ti. Hatta cerrahla tan\u0131\u015fma f\u0131rsat\u0131m oldu. Onunla biraz konu\u015ftuktan sonra emin ellerde oldu\u011fumu hissettim. Cerrah t\u00fcm sorular\u0131m\u0131 d\u00fcr\u00fcst\u00e7e yan\u0131tlad\u0131. Yakla\u015f\u0131k bir saat sonra tekrar otele d\u00f6nd\u00fck.<br>Ertesi g\u00fcn \u00e7ok gergindim. Bana sakinle\u015ftirici bir hap verildi ve k\u0131sa bir s\u00fcre sonra s\u00fcre\u00e7 ba\u015flad\u0131. Klini\u011fin birinci kat\u0131na al\u0131nd\u0131m. \u0130\u015flem \u00f6ncesinde beni sakinle\u015ftirmek i\u00e7in k\u00fc\u00e7\u00fck bir odaya g\u00f6t\u00fcrd\u00fcler. Yakla\u015f\u0131k be\u015f dakika sonra bir asistan gelip beni ald\u0131 ve ameliyathaneye g\u00f6t\u00fcrd\u00fc. \u0130\u00e7eride be\u015f ki\u015filik bir ekip vard\u0131.                                        Bana bir kez daha, hasta olarak yapmam gereken tek \u015feyin s\u00fcrekli ye\u015fil \u0131\u015f\u0131\u011fa bakmak oldu\u011fu a\u00e7\u0131kland\u0131. Yakla\u015f\u0131k bir dakika sonra ameliyat bitmi\u015fti. \u0130\u015flemden sonra tekrar k\u00fc\u00e7\u00fck, i\u00e7inde bir yatak bulunan bir odaya al\u0131nd\u0131m. Birka\u00e7 dakika uzan\u0131p dinlenmeme izin verildi. Ba\u015f d\u00f6nmesi ge\u00e7ince ben ve arkada\u015f\u0131m ortak alana g\u00f6t\u00fcr\u00fcld\u00fck.<br>Operasyondan hemen sonra olduk\u00e7a net g\u00f6rmeye ba\u015flam\u0131\u015ft\u0131m. Her \u015fey h\u00e2l\u00e2 biraz bulan\u0131kt\u0131 ama g\u00f6zl\u00fcks\u00fcz, d\u00fczg\u00fcn bir \u015fekilde g\u00f6rebiliyordum. Bu tarif edilemez bir sevin\u00e7 ve rahatlama duygusuydu. K\u0131sa bir s\u00fcre sonra otele d\u00f6nebildim ve uzand\u0131m. Sonraki 4 saat boyunca g\u00f6zlerimi kapal\u0131 tutmam gerekiyordu. Bana antibiyotik, kortizon ve suni g\u00f6zya\u015f\u0131 damlalar\u0131 verildi. Bu damlalar\u0131 iki saatte bir kullanmam gerekiyordu.<br>Geceyi \u00e7ok iyi ge\u00e7irdim. Ayr\u0131ca bir a\u011fr\u0131 kesici de verilmi\u015fti, onu ald\u0131ktan sonra hemen uyuyakald\u0131m. Ertesi g\u00fcn d\u00fcnya bana \u00e7ok daha g\u00fczel ve net g\u00f6r\u00fcn\u00fcyordu. G\u00f6zlerim iyi toparlam\u0131\u015ft\u0131 ve art\u0131k a\u011fr\u0131 yoktu. Kontrol muayenesi de olduk\u00e7a h\u0131zl\u0131 ge\u00e7ti. Ameliyat ba\u015far\u0131l\u0131 olmu\u015ftu ve cerrah sonu\u00e7tan \u00e7ok memnundu. Ben de elbette \u00f6yleydim.<br>Daha sonra EyeStar Klini\u011fi\u2019nin misafir defterine bir not yaz\u0131ld\u0131 ve hastalar ile t\u00fcm EyeStar ekibiyle k\u00fc\u00e7\u00fck bir foto\u011fraf \u00e7ekimi yap\u0131ld\u0131. Art\u0131k d\u00fcnyaya bamba\u015fka g\u00f6zlerle bak\u0131yorum. G\u00f6zleri s\u00fcrekli lenslerle yormamak b\u00fcy\u00fck bir \u00f6zg\u00fcrl\u00fck ve ayn\u0131 zamanda ciddi bir zaman tasarrufu sa\u011fl\u0131yor.<br>T\u00fcm EyeStar ekibine ve Swisslasik\u2019ten Say\u0131n Karaacacli\u2019ye m\u00fckemmel hizmetleri i\u00e7in \u00e7ok te\u015fekk\u00fcr ederim. Hayat\u0131m\u0131 olumlu y\u00f6nde de\u011fi\u015ftirdiniz.<br>Angela Pizzo                       <\/p>\n\n\n\n<div class=\"wp-block-group is-layout-grid wp-container-core-group-is-layout-baef362d wp-block-group-is-layout-grid\">\n<p><a href=\"https:\/\/medicaltravel.at\/home\/agb\/\" data-type=\"page\" data-id=\"2191\" rel=\"nofollow noopener\" target=\"_blank\"><\/a><a href=\"https:\/\/medicaltravel.ch\/tr\/hasta-raporlari\/istanbulda-estetik-cerrahi-hakkinda-musteri-yorumlari\/istanbulda-gecirdigim-lazer-ameliyatim-24-agustos-2010-sali-tarihli-rapor\/\" data-type=\"link\" data-id=\"https:\/\/medicaltravel.ch\/tr\/hasta-raporlari\/istanbulda-estetik-cerrahi-hakkinda-musteri-yorumlari\/istanbulda-gecirdigim-lazer-ameliyatim-24-agustos-2010-sali-tarihli-rapor\/\">\u00d6nceki rapor<\/a><\/p>\n\n\n\n<p class=\"has-text-align-right wp-container-content-5e2576f9\"><a href=\"https:\/\/medicaltravel.at\/home\/impressum\/\" data-type=\"page\" data-id=\"2193\" rel=\"nofollow noopener\" target=\"_blank\"><\/a><a href=\"https:\/\/medicaltravel.at\/home\/berichte-von-patienten\/erfahrungsberichte\/erfahrungsbericht-zahnbehandlung-in-istanbul\/\" data-type=\"page\" data-id=\"981\" rel=\"nofollow noopener\" target=\"_blank\"><\/a><a href=\"https:\/\/medicaltravel.ch\/tr\/hasta-raporlari\/istanbulda-estetik-cerrahi-hakkinda-musteri-yorumlari\/istanbulda-lazer-goez-ameliyati-bir-hayal-gercek-oldu-11-agustos-2010-carsamba-haberi\/\" data-type=\"link\" data-id=\"https:\/\/medicaltravel.ch\/tr\/hasta-raporlari\/istanbulda-estetik-cerrahi-hakkinda-musteri-yorumlari\/istanbulda-lazer-goez-ameliyati-bir-hayal-gercek-oldu-11-agustos-2010-carsamba-haberi\/\">Sonraki rapor<\/a><\/p>\n<\/div>\n","protected":false},"excerpt":{"rendered":"<p>\u0130stanbul&#8217;da LASIK deneyimi raporu \u2013 11 A\u011fustos 2010 \u00c7ar\u015famba tarihli rapor Bir arkada\u015f\u0131m\u0131n \u0130stanbul\u2019da g\u00f6z lazer tedavisi yapt\u0131rmak istedi\u011fini \u00f6\u011frendim. Bunun \u00fczerine ona tedavinin nas\u0131l ilerledi\u011fini sordum ve ben de internetten lazer tedavisi hakk\u0131nda bilgiler toplad\u0131m. Arkada\u015f\u0131m bana, seyahati, oteli, tedaviyi ve havaalan\u0131 transferini organize eden bir firma oldu\u011funu anlatt\u0131. Ben de swisslasik\u2019in internet sitesine bakt\u0131m. Swisslasik firmas\u0131 ile \u0130stanbul\u2019daki EyeStar klini\u011finin internet siteleri son derece ciddi ve g\u00fcven vericiydi. Tedaviler detayl\u0131 bir \u015fekilde anlat\u0131l\u0131yor ve fiyata nelerin dahil oldu\u011fu a\u00e7\u0131k\u00e7a belirtiliyordu. Sonradan \u00e7\u0131kan ek masraflarla kar\u015f\u0131la\u015f\u0131lm\u0131yordu.Bir di\u011fer art\u0131 nokta ise ameliyat\u0131 \u0130stanbul seyahati ile birle\u015ftirebilmekti. Tedavinin yurt d\u0131\u015f\u0131nda daha uygun fiyatl\u0131 olmas\u0131 da g\u00f6z \u00f6n\u00fcnde bulunduruldu\u011funda, lazer tedavisini yurt d\u0131\u015f\u0131nda yapt\u0131rmaya karar verdim. Seyahat, transfer, konaklama ve tedavi s\u00fcreci Say\u0131n Kara\u011fa\u00e7l\u0131 taraf\u0131ndan profesyonel ve g\u00fcvenilir bir \u015fekilde planland\u0131 ve organize edildi.Bize Swisslasik pasaportu ad\u0131 verilen bir dosya verildi. Bu dosyada gidi\u015f ve d\u00f6n\u00fc\u015f u\u00e7u\u015f bilgileri, tedavi ve tedavi sonras\u0131 dikkat edilmesi gereken \u00f6nemli noktalar ile \u0130stanbul hakk\u0131nda gezi \u00f6nerileri yer al\u0131yordu. Ger\u00e7ekten \u00e7ok yarat\u0131c\u0131 bir i\u015f fikriydi.Daha sonra \u0130stanbul yolculu\u011fumuza ba\u015flad\u0131k. Daha \u00f6nce hi\u00e7 \u0130stanbul\u2019a gitmemi\u015ftim ama tekrar tekrar gitmek isteyece\u011fim bir \u015fehir oldu\u011funu s\u00f6yleyebilirim. Al\u0131\u015fveri\u015f sevenler i\u00e7in adeta bir cennet. \u00c7ok b\u00fcy\u00fck al\u0131\u015fveri\u015f merkezleri, uzun al\u0131\u015fveri\u015f caddeleri var. Kapal\u0131\u00e7ar\u015f\u0131 ise ba\u015fl\u0131 ba\u015f\u0131na devasa bir yer.Ameliyattan iki g\u00fcn \u00f6nce \u015fehri tan\u0131mak i\u00e7in bir \u015fehir turu yapt\u0131k. \u0130stanbul k\u00fclt\u00fcrel a\u00e7\u0131dan \u00e7ok zengin. \u015eehri doyas\u0131ya gezdikten sonra \u00f6n muayene g\u00fcn\u00fc geldi. Klinik \u00e7ok temiz ve \u015f\u0131k bir \u015fekilde d\u00f6\u015fenmi\u015fti. Arka planda g\u00fczel bir m\u00fczik \u00e7al\u0131yordu, bu da biraz olsun heyecan\u0131m\u0131 azaltmama yard\u0131mc\u0131 oldu.T\u00fcm muayeneler ba\u015flamadan \u00f6nce bir hasta onam formu imzalad\u0131k ve t\u00fcm riskler hakk\u0131nda bilgilendirildik. \u00d6n muayene olduk\u00e7a h\u0131zl\u0131 ge\u00e7ti. Hatta cerrahla tan\u0131\u015fma f\u0131rsat\u0131m oldu. Onunla biraz konu\u015ftuktan sonra emin ellerde oldu\u011fumu hissettim. Cerrah t\u00fcm sorular\u0131m\u0131 d\u00fcr\u00fcst\u00e7e yan\u0131tlad\u0131. Yakla\u015f\u0131k bir saat sonra tekrar otele d\u00f6nd\u00fck.Ertesi g\u00fcn \u00e7ok gergindim. Bana sakinle\u015ftirici bir hap verildi ve k\u0131sa bir s\u00fcre sonra s\u00fcre\u00e7 ba\u015flad\u0131. Klini\u011fin birinci kat\u0131na al\u0131nd\u0131m. \u0130\u015flem \u00f6ncesinde beni sakinle\u015ftirmek i\u00e7in k\u00fc\u00e7\u00fck bir odaya g\u00f6t\u00fcrd\u00fcler. Yakla\u015f\u0131k be\u015f dakika sonra bir asistan gelip beni ald\u0131 ve ameliyathaneye g\u00f6t\u00fcrd\u00fc. \u0130\u00e7eride be\u015f ki\u015filik bir ekip vard\u0131. Bana bir kez daha, hasta olarak yapmam gereken tek \u015feyin s\u00fcrekli ye\u015fil \u0131\u015f\u0131\u011fa bakmak oldu\u011fu a\u00e7\u0131kland\u0131. Yakla\u015f\u0131k bir dakika sonra ameliyat bitmi\u015fti. \u0130\u015flemden sonra tekrar k\u00fc\u00e7\u00fck, i\u00e7inde bir yatak bulunan bir odaya al\u0131nd\u0131m. Birka\u00e7 dakika uzan\u0131p dinlenmeme izin verildi. Ba\u015f d\u00f6nmesi ge\u00e7ince ben ve arkada\u015f\u0131m ortak alana g\u00f6t\u00fcr\u00fcld\u00fck.Operasyondan hemen sonra olduk\u00e7a net g\u00f6rmeye ba\u015flam\u0131\u015ft\u0131m. Her \u015fey h\u00e2l\u00e2 biraz bulan\u0131kt\u0131 ama g\u00f6zl\u00fcks\u00fcz, d\u00fczg\u00fcn bir \u015fekilde g\u00f6rebiliyordum. Bu tarif edilemez bir sevin\u00e7 ve rahatlama duygusuydu. K\u0131sa bir s\u00fcre sonra otele d\u00f6nebildim ve uzand\u0131m. Sonraki 4 saat boyunca g\u00f6zlerimi kapal\u0131 tutmam gerekiyordu. Bana antibiyotik, kortizon ve suni g\u00f6zya\u015f\u0131 damlalar\u0131 verildi. Bu damlalar\u0131 iki saatte bir kullanmam gerekiyordu.Geceyi \u00e7ok iyi ge\u00e7irdim. Ayr\u0131ca bir a\u011fr\u0131 kesici de verilmi\u015fti, onu ald\u0131ktan sonra hemen uyuyakald\u0131m. Ertesi g\u00fcn d\u00fcnya bana \u00e7ok daha g\u00fczel ve net g\u00f6r\u00fcn\u00fcyordu. G\u00f6zlerim iyi toparlam\u0131\u015ft\u0131 ve art\u0131k a\u011fr\u0131 yoktu. Kontrol muayenesi de olduk\u00e7a h\u0131zl\u0131 ge\u00e7ti. Ameliyat ba\u015far\u0131l\u0131 olmu\u015ftu ve cerrah sonu\u00e7tan \u00e7ok memnundu. Ben de elbette \u00f6yleydim.Daha sonra EyeStar Klini\u011fi\u2019nin misafir defterine bir not yaz\u0131ld\u0131 ve hastalar ile t\u00fcm EyeStar ekibiyle k\u00fc\u00e7\u00fck bir foto\u011fraf \u00e7ekimi yap\u0131ld\u0131. Art\u0131k d\u00fcnyaya bamba\u015fka g\u00f6zlerle bak\u0131yorum. G\u00f6zleri s\u00fcrekli lenslerle yormamak b\u00fcy\u00fck bir \u00f6zg\u00fcrl\u00fck ve ayn\u0131 zamanda ciddi bir zaman tasarrufu sa\u011fl\u0131yor.T\u00fcm EyeStar ekibine ve Swisslasik\u2019ten Say\u0131n Karaacacli\u2019ye m\u00fckemmel hizmetleri i\u00e7in \u00e7ok te\u015fekk\u00fcr ederim. Hayat\u0131m\u0131 olumlu y\u00f6nde de\u011fi\u015ftirdiniz.Angela Pizzo \u00d6nceki rapor Sonraki rapor<\/p>\n","protected":false},"author":4,"featured_media":0,"parent":4815,"menu_order":0,"comment_status":"closed","ping_status":"closed","template":"","meta":{"_joinchat":[],"footnotes":""},"class_list":["post-4831","page","type-page","status-publish","hentry"],"acf":[],"_links":{"self":[{"href":"https:\/\/medicaltravel.ch\/tr\/wp-json\/wp\/v2\/pages\/4831","targetHints":{"allow":["GET"]}}],"collection":[{"href":"https:\/\/medicaltravel.ch\/tr\/wp-json\/wp\/v2\/pages"}],"about":[{"href":"https:\/\/medicaltravel.ch\/tr\/wp-json\/wp\/v2\/types\/page"}],"author":[{"embeddable":true,"href":"https:\/\/medicaltravel.ch\/tr\/wp-json\/wp\/v2\/users\/4"}],"replies":[{"embeddable":true,"href":"https:\/\/medicaltravel.ch\/tr\/wp-json\/wp\/v2\/comments?post=4831"}],"version-history":[{"count":2,"href":"https:\/\/medicaltravel.ch\/tr\/wp-json\/wp\/v2\/pages\/4831\/revisions"}],"predecessor-version":[{"id":6511,"href":"https:\/\/medicaltravel.ch\/tr\/wp-json\/wp\/v2\/pages\/4831\/revisions\/6511"}],"up":[{"embeddable":true,"href":"https:\/\/medicaltravel.ch\/tr\/wp-json\/wp\/v2\/pages\/4815"}],"wp:attachment":[{"href":"https:\/\/medicaltravel.ch\/tr\/wp-json\/wp\/v2\/media?parent=4831"}],"curies":[{"name":"wp","href":"https:\/\/api.w.org\/{rel}","templated":true}]}}