{"id":4833,"date":"2025-09-24T07:02:20","date_gmt":"2025-09-24T06:02:20","guid":{"rendered":"https:\/\/medicaltravel.ch\/hasta-raporlari\/erfahrungsberichte-schoenheits-op-istanbul\/istanbulda-lasik-ameliyati-deneyimim-3-kasim-2010-27-aralik-2010-pazartesi-tarihli-rapor\/"},"modified":"2026-01-12T20:11:19","modified_gmt":"2026-01-12T19:11:19","slug":"istanbulda-lasik-ameliyati-deneyimim-3-kasim-2010-27-aralik-2010-pazartesi-tarihli-rapor","status":"publish","type":"page","link":"https:\/\/medicaltravel.ch\/tr\/hasta-raporlari\/istanbulda-estetik-cerrahi-hakkinda-musteri-yorumlari\/istanbulda-lasik-ameliyati-deneyimim-3-kasim-2010-27-aralik-2010-pazartesi-tarihli-rapor\/","title":{"rendered":"\u0130stanbul&#8217;da LASIK ameliyat\u0131 deneyimim, 3 Kas\u0131m 2010 \u2013 27 Aral\u0131k 2010 Pazartesi tarihli rapor"},"content":{"rendered":"\n<h3 class=\"wp-block-heading\">\u0130stanbul&#8217;da LASIK ameliyat\u0131 deneyimim, 3 Kas\u0131m 2010 \u2013 27 Aral\u0131k 2010 Pazartesi tarihli rapor<\/h3>\n\n\n\n<p>Asl\u0131nda g\u00f6zl\u00fc\u011f\u00fcm beni pek rahats\u0131z etmiyordu. 35 y\u0131l\u0131 a\u015fk\u0131n bir s\u00fcreden sonra birbirimize al\u0131\u015fm\u0131\u015ft\u0131k. Sabahlar\u0131 g\u00f6zl\u00fck silmek g\u00fcnl\u00fck rutinin normal bir par\u00e7as\u0131yd\u0131. Ta ki zamanla giderek daha fazla sinir bozucu olan baz\u0131 durumlar ortaya \u00e7\u0131kana kadar. Banyoda ve saunada tabelalara burnumu neredeyse dayayarak bakmak, spor yaparken \u015f\u0131k g\u00fcne\u015f g\u00f6zl\u00fckleri takamamak ve dal\u0131\u015f tatillerinde g\u00f6zl\u00fc\u011f\u00fcn suya d\u00fc\u015fme korkusu. Kontakt lensler bana hem \u00e7ok pahal\u0131 hem de fazla zahmetli geliyordu.<br>Benim avantaj\u0131m, oftalmoloji i\u00e7in cerrahi cihazlar geli\u015ftiren bir alanda \u00e7al\u0131\u015f\u0131yor olmamd\u0131. Bu sayede bilgileri firmalardan ba\u011f\u0131ms\u0131z olarak edinebiliyordum. Birka\u00e7 g\u00f6r\u00fc\u015fme ve uzun d\u00f6nemli bilimsel \u00e7al\u0131\u015fmalar\u0131 okuduktan sonra, mikrokeratom ile \u00f6n haz\u0131rl\u0131k yap\u0131lan Lasik\u2019in benim i\u00e7in en uygun y\u00f6ntem oldu\u011funa karar verdim. Se\u00e7ece\u011fim merkezin \u00e7ok deneyimli olmas\u0131 ve en modern cihazlarla \u00e7al\u0131\u015fmas\u0131 gerekiyordu. Ayn\u0131 zamanda \u0130svi\u00e7re\u2019ye k\u0131yasla biraz daha uygun fiyatl\u0131 olmas\u0131n\u0131 da istiyordum. Buna ra\u011fmen ameliyat sonras\u0131nda \u0130svi\u00e7re\u2019de takip edilme g\u00fcvenli\u011fini de ar\u0131yordum. T\u00fcm bunlar\u0131 Swisslasik\u2019te fazlas\u0131yla buldum.<br>Organizasyon tamamen sorunsuz ilerledi. Havaliman\u0131nda kar\u015f\u0131land\u0131k ve kusursuz Almanca konu\u015fan \u015fof\u00f6r taraf\u0131ndan rahat bir \u015fekilde otele g\u00f6t\u00fcr\u00fcld\u00fck. Bu arada bizi, gece kul\u00fcplerine davet edip sonunda ameliyat paras\u0131n\u0131 ba\u015fka \u015fekilde alacaklar\u0131 y\u00f6n\u00fcnde uyaran s\u00f6zde arkada\u015flar hakk\u0131nda da bilgilendirdiler.<br>Ertesi sabah, kahvalt\u0131dan hemen sonra otelden al\u0131nd\u0131k. Klini\u011fe y\u00fcr\u00fcyerek gittik. \u0130\u00e7eride zaten ba\u015fka hastalar oldu\u011fu i\u00e7in bizi konforlu bekleme alan\u0131na ald\u0131lar. Yerinde ilgi \u00e7ok samimiydi ve kusursuz Bern Almancas\u0131yla yap\u0131l\u0131yordu. Buna ra\u011fmen ortamda bir gerginlik vard\u0131. \u00c7\u00fcnk\u00fc g\u00f6z de\u011ferlerinin ameliyata uygun olup olmad\u0131\u011f\u0131n\u0131 hen\u00fcz bilmiyorduk. \u00d6n muayeneden sonra doktorun verdi\u011fi onay b\u00fcy\u00fck bir rahatlama oldu. O g\u00fcn herkes ayn\u0131 \u015fansa sahip de\u011fildi. Gen\u00e7 bir kad\u0131na, g\u00f6z de\u011ferlerinin ameliyata izin vermedi\u011fi s\u00f6ylendi.<br>Bekleme odas\u0131ndan ameliyathane haz\u0131rl\u0131k alan\u0131n\u0131 g\u00f6rmek m\u00fcmk\u00fcnd\u00fc. \u0130nsanlar teker teker \u00e7a\u011fr\u0131ld\u0131, ben en son girdim. Bu da gerginli\u011fimi daha da art\u0131rd\u0131. Ameliyat k\u0131yafetlerini giyip koltu\u011fa oturduktan sonra g\u00f6zler dezenfekte edildi ve anestezi damlalar\u0131 verildi. Ameliyathaneden lazerin so\u011futma sisteminin y\u00fcksek sesi ve doktorun komutlar\u0131 geliyordu. \u00d6zellikle bu y\u00fcksek ses ortam\u0131 benim i\u00e7in biraz \u00fcrk\u00fct\u00fcc\u00fcyd\u00fc. Belki de bug\u00fcne kadar i\u015fim gere\u011fi bulundu\u011fum ameliyatlar\u0131n genelde sessiz ge\u00e7mesine al\u0131\u015fk\u0131n olmamdand\u0131.<br>Ameliyathaneye girip masaya uzand\u0131ktan ve ba\u015f\u0131m\u0131 \u00f6zel yuvas\u0131na yerle\u015ftirdikten sonra g\u00f6zlerim tekrar dezenfekte edildi. Ard\u0131ndan g\u00f6z kapaklar\u0131n\u0131 a\u00e7\u0131k tutan aparat tak\u0131ld\u0131 ve steril \u00f6rt\u00fc yap\u0131\u015ft\u0131r\u0131ld\u0131. Bu noktada art\u0131k i\u015fin ciddiyeti tamamen hissediliyordu. S\u00fcrekli bakmam gereken ye\u015fil \u0131\u015f\u0131\u011f\u0131n yan\u0131nda, lazerin olu\u015fturdu\u011fu k\u0131rm\u0131z\u0131 \u0131\u015f\u0131k desenleri dikkat \u00e7ekiyordu. Doktor her ad\u0131m\u0131 tek tek a\u00e7\u0131kl\u0131yordu.                                 Mikrokeratomun vakum halkas\u0131n\u0131n g\u00f6ze yerle\u015ftirilmesini olduk\u00e7a rahats\u0131z edici buldum. Bu daha \u00e7ok a\u011fr\u0131dan kaynaklanm\u0131yordu, \u00e7\u00fcnk\u00fc a\u011fr\u0131 yoktu; o anda kornean\u0131n d\u00fczle\u015ftirildi\u011fini ve bir par\u00e7as\u0131n\u0131n kesildi\u011fini bilmenin verdi\u011fi histi. Ayn\u0131 anda ye\u015fil \u0131\u015f\u0131k da aniden kayboldu ve insan do\u011fru \u015fekilde ileri bak\u0131p bakmad\u0131\u011f\u0131n\u0131 bilemez hale geliyor. Bu durum bir g\u00fcvensizlik hissi yarat\u0131yor.<br>Bu noktada doktorun, birazdan lazer i\u015flemini yapaca\u011f\u0131n\u0131 ve bunun sadece otuz saniye s\u00fcrece\u011fini s\u00f6ylemesi ger\u00e7ekten \u00e7ok rahatlat\u0131c\u0131yd\u0131. Sonu\u00e7ta otuz saniyeye dayan\u0131labilir. Lazer i\u015fleminden sonra flep tekrar yerine kapat\u0131ld\u0131 ve bir spatula ile bast\u0131r\u0131ld\u0131. Benim iste\u011fimle k\u0131sa bir mola verdikten sonra ikinci g\u00f6ze ge\u00e7ildi. Bu g\u00f6zde lazer s\u00fcresi daha da k\u0131sa s\u00fcrd\u00fc.<br>Biraz tedirgin ad\u0131mlarla ameliyathaneden \u00e7\u0131kt\u0131m. G\u00f6r\u00fc\u015f\u00fcm s\u00fctl\u00fc bir bulan\u0131kl\u0131k i\u00e7indeydi ama buna ra\u011fmen g\u00f6zl\u00fcks\u00fcz h\u00e2limle eskisinden daha iyi g\u00f6r\u00fcyordum. Harikayd\u0131. Ancak bundan da \u00f6te, ameliyat\u0131n bitmi\u015f olmas\u0131ndan dolay\u0131 b\u00fcy\u00fck bir mutluluk hissediyordum.<br>Haz\u0131rl\u0131k alan\u0131nda asistanlar taraf\u0131ndan ila\u00e7lar da\u011f\u0131t\u0131ld\u0131 ve ilk kez g\u00f6z damlalar\u0131 damlat\u0131ld\u0131. Hangi damlan\u0131n ne zaman, ne s\u0131kl\u0131kta kullan\u0131laca\u011f\u0131 \u00e7ok ayr\u0131nt\u0131l\u0131 \u015fekilde anlat\u0131ld\u0131. Ak\u015fam olmu\u015f olmas\u0131na ra\u011fmen g\u00fcne\u015f g\u00f6zl\u00fc\u011f\u00fc ger\u00e7ekten \u00e7ok i\u015fe yarad\u0131. Buna ra\u011fmen arabalar\u0131n fren lambalar\u0131 o kadar g\u00f6z al\u0131yordu ki, g\u00f6zlerimi tekrar ancak otele vard\u0131\u011f\u0131mda a\u00e7maya karar verdim.<br>Sa\u011f g\u00f6z\u00fcmde, sanki kum tanesi varm\u0131\u015f gibi hafif bir batma hissi vard\u0131. Sol g\u00f6z\u00fcmde ise hi\u00e7bir \u015fey hissetmiyordum. Bu a\u00e7\u0131dan, g\u00f6zleri yanmayan ya da ba\u015fka \u015fekilde ciddi rahats\u0131zl\u0131k ya\u015famayan \u015fansl\u0131 gruptayd\u0131m. Otelde hemen yata\u011fa girdim, tabii \u00f6ncesinde t\u00fcm g\u00f6z damlalar\u0131n\u0131 uygulad\u0131ktan sonra.<br>Ertesi sabah \u0130stanbul\u2019a ilk bak\u0131\u015f\u0131m g\u00f6zl\u00fcks\u00fcz oldu. Sa\u011f g\u00f6z\u00fcmdeki hafif batma hissi h\u00e2l\u00e2 vard\u0131 ama ger\u00e7ekten rahats\u0131z edici de\u011fildi. Aradan iki ay ge\u00e7ti ve art\u0131k g\u00f6zl\u00fcks\u00fcz hayata tamamen al\u0131\u015ft\u0131m. \u00d6zellikle araba kullan\u0131rken \u0131\u015f\u0131klar\u0131n etraf\u0131ndaki halkalar belirgin \u015fekilde azald\u0131. Genel olarak g\u00f6rme yetim de\u2026                        <\/p>\n\n\n\n<div class=\"wp-block-group is-layout-grid wp-container-core-group-is-layout-baef362d wp-block-group-is-layout-grid\">\n<p><\/p>\n\n\n\n<p class=\"has-text-align-right wp-container-content-5e2576f9\"><a href=\"https:\/\/medicaltravel.at\/home\/impressum\/\" data-type=\"page\" data-id=\"2193\" rel=\"nofollow noopener\" target=\"_blank\"><\/a><a href=\"https:\/\/medicaltravel.at\/home\/berichte-von-patienten\/erfahrungsberichte\/erfahrungsbericht-zahnbehandlung-in-istanbul\/\" data-type=\"page\" data-id=\"981\" rel=\"nofollow noopener\" target=\"_blank\"><\/a><a href=\"https:\/\/medicaltravel.ch\/tr\/hasta-raporlari\/istanbulda-estetik-cerrahi-hakkinda-musteri-yorumlari\/myrta-toenginin-29-ekim-2010da-ameliyat-edildigine-dair-hasta-raporu-8-aralik-2010-carsamba-tarihli-rapor\/\" data-type=\"link\" data-id=\"https:\/\/medicaltravel.ch\/tr\/hasta-raporlari\/istanbulda-estetik-cerrahi-hakkinda-musteri-yorumlari\/myrta-toenginin-29-ekim-2010da-ameliyat-edildigine-dair-hasta-raporu-8-aralik-2010-carsamba-tarihli-rapor\/\">Sonraki rapor<\/a><\/p>\n<\/div>\n","protected":false},"excerpt":{"rendered":"<p>\u0130stanbul&#8217;da LASIK ameliyat\u0131 deneyimim, 3 Kas\u0131m 2010 \u2013 27 Aral\u0131k 2010 Pazartesi tarihli rapor Asl\u0131nda g\u00f6zl\u00fc\u011f\u00fcm beni pek rahats\u0131z etmiyordu. 35 y\u0131l\u0131 a\u015fk\u0131n bir s\u00fcreden sonra birbirimize al\u0131\u015fm\u0131\u015ft\u0131k. Sabahlar\u0131 g\u00f6zl\u00fck silmek g\u00fcnl\u00fck rutinin normal bir par\u00e7as\u0131yd\u0131. Ta ki zamanla giderek daha fazla sinir bozucu olan baz\u0131 durumlar ortaya \u00e7\u0131kana kadar. Banyoda ve saunada tabelalara burnumu neredeyse dayayarak bakmak, spor yaparken \u015f\u0131k g\u00fcne\u015f g\u00f6zl\u00fckleri takamamak ve dal\u0131\u015f tatillerinde g\u00f6zl\u00fc\u011f\u00fcn suya d\u00fc\u015fme korkusu. Kontakt lensler bana hem \u00e7ok pahal\u0131 hem de fazla zahmetli geliyordu.Benim avantaj\u0131m, oftalmoloji i\u00e7in cerrahi cihazlar geli\u015ftiren bir alanda \u00e7al\u0131\u015f\u0131yor olmamd\u0131. Bu sayede bilgileri firmalardan ba\u011f\u0131ms\u0131z olarak edinebiliyordum. Birka\u00e7 g\u00f6r\u00fc\u015fme ve uzun d\u00f6nemli bilimsel \u00e7al\u0131\u015fmalar\u0131 okuduktan sonra, mikrokeratom ile \u00f6n haz\u0131rl\u0131k yap\u0131lan Lasik\u2019in benim i\u00e7in en uygun y\u00f6ntem oldu\u011funa karar verdim. Se\u00e7ece\u011fim merkezin \u00e7ok deneyimli olmas\u0131 ve en modern cihazlarla \u00e7al\u0131\u015fmas\u0131 gerekiyordu. Ayn\u0131 zamanda \u0130svi\u00e7re\u2019ye k\u0131yasla biraz daha uygun fiyatl\u0131 olmas\u0131n\u0131 da istiyordum. Buna ra\u011fmen ameliyat sonras\u0131nda \u0130svi\u00e7re\u2019de takip edilme g\u00fcvenli\u011fini de ar\u0131yordum. T\u00fcm bunlar\u0131 Swisslasik\u2019te fazlas\u0131yla buldum.Organizasyon tamamen sorunsuz ilerledi. Havaliman\u0131nda kar\u015f\u0131land\u0131k ve kusursuz Almanca konu\u015fan \u015fof\u00f6r taraf\u0131ndan rahat bir \u015fekilde otele g\u00f6t\u00fcr\u00fcld\u00fck. Bu arada bizi, gece kul\u00fcplerine davet edip sonunda ameliyat paras\u0131n\u0131 ba\u015fka \u015fekilde alacaklar\u0131 y\u00f6n\u00fcnde uyaran s\u00f6zde arkada\u015flar hakk\u0131nda da bilgilendirdiler.Ertesi sabah, kahvalt\u0131dan hemen sonra otelden al\u0131nd\u0131k. Klini\u011fe y\u00fcr\u00fcyerek gittik. \u0130\u00e7eride zaten ba\u015fka hastalar oldu\u011fu i\u00e7in bizi konforlu bekleme alan\u0131na ald\u0131lar. Yerinde ilgi \u00e7ok samimiydi ve kusursuz Bern Almancas\u0131yla yap\u0131l\u0131yordu. Buna ra\u011fmen ortamda bir gerginlik vard\u0131. \u00c7\u00fcnk\u00fc g\u00f6z de\u011ferlerinin ameliyata uygun olup olmad\u0131\u011f\u0131n\u0131 hen\u00fcz bilmiyorduk. \u00d6n muayeneden sonra doktorun verdi\u011fi onay b\u00fcy\u00fck bir rahatlama oldu. O g\u00fcn herkes ayn\u0131 \u015fansa sahip de\u011fildi. Gen\u00e7 bir kad\u0131na, g\u00f6z de\u011ferlerinin ameliyata izin vermedi\u011fi s\u00f6ylendi.Bekleme odas\u0131ndan ameliyathane haz\u0131rl\u0131k alan\u0131n\u0131 g\u00f6rmek m\u00fcmk\u00fcnd\u00fc. \u0130nsanlar teker teker \u00e7a\u011fr\u0131ld\u0131, ben en son girdim. Bu da gerginli\u011fimi daha da art\u0131rd\u0131. Ameliyat k\u0131yafetlerini giyip koltu\u011fa oturduktan sonra g\u00f6zler dezenfekte edildi ve anestezi damlalar\u0131 verildi. Ameliyathaneden lazerin so\u011futma sisteminin y\u00fcksek sesi ve doktorun komutlar\u0131 geliyordu. \u00d6zellikle bu y\u00fcksek ses ortam\u0131 benim i\u00e7in biraz \u00fcrk\u00fct\u00fcc\u00fcyd\u00fc. Belki de bug\u00fcne kadar i\u015fim gere\u011fi bulundu\u011fum ameliyatlar\u0131n genelde sessiz ge\u00e7mesine al\u0131\u015fk\u0131n olmamdand\u0131.Ameliyathaneye girip masaya uzand\u0131ktan ve ba\u015f\u0131m\u0131 \u00f6zel yuvas\u0131na yerle\u015ftirdikten sonra g\u00f6zlerim tekrar dezenfekte edildi. Ard\u0131ndan g\u00f6z kapaklar\u0131n\u0131 a\u00e7\u0131k tutan aparat tak\u0131ld\u0131 ve steril \u00f6rt\u00fc yap\u0131\u015ft\u0131r\u0131ld\u0131. Bu noktada art\u0131k i\u015fin ciddiyeti tamamen hissediliyordu. S\u00fcrekli bakmam gereken ye\u015fil \u0131\u015f\u0131\u011f\u0131n yan\u0131nda, lazerin olu\u015fturdu\u011fu k\u0131rm\u0131z\u0131 \u0131\u015f\u0131k desenleri dikkat \u00e7ekiyordu. Doktor her ad\u0131m\u0131 tek tek a\u00e7\u0131kl\u0131yordu. Mikrokeratomun vakum halkas\u0131n\u0131n g\u00f6ze yerle\u015ftirilmesini olduk\u00e7a rahats\u0131z edici buldum. Bu daha \u00e7ok a\u011fr\u0131dan kaynaklanm\u0131yordu, \u00e7\u00fcnk\u00fc a\u011fr\u0131 yoktu; o anda kornean\u0131n d\u00fczle\u015ftirildi\u011fini ve bir par\u00e7as\u0131n\u0131n kesildi\u011fini bilmenin verdi\u011fi histi. Ayn\u0131 anda ye\u015fil \u0131\u015f\u0131k da aniden kayboldu ve insan do\u011fru \u015fekilde ileri bak\u0131p bakmad\u0131\u011f\u0131n\u0131 bilemez hale geliyor. Bu durum bir g\u00fcvensizlik hissi yarat\u0131yor.Bu noktada doktorun, birazdan lazer i\u015flemini yapaca\u011f\u0131n\u0131 ve bunun sadece otuz saniye s\u00fcrece\u011fini s\u00f6ylemesi ger\u00e7ekten \u00e7ok rahatlat\u0131c\u0131yd\u0131. Sonu\u00e7ta otuz saniyeye dayan\u0131labilir. Lazer i\u015fleminden sonra flep tekrar yerine kapat\u0131ld\u0131 ve bir spatula ile bast\u0131r\u0131ld\u0131. Benim iste\u011fimle k\u0131sa bir mola verdikten sonra ikinci g\u00f6ze ge\u00e7ildi. Bu g\u00f6zde lazer s\u00fcresi daha da k\u0131sa s\u00fcrd\u00fc.Biraz tedirgin ad\u0131mlarla ameliyathaneden \u00e7\u0131kt\u0131m. G\u00f6r\u00fc\u015f\u00fcm s\u00fctl\u00fc bir bulan\u0131kl\u0131k i\u00e7indeydi ama buna ra\u011fmen g\u00f6zl\u00fcks\u00fcz h\u00e2limle eskisinden daha iyi g\u00f6r\u00fcyordum. Harikayd\u0131. Ancak bundan da \u00f6te, ameliyat\u0131n bitmi\u015f olmas\u0131ndan dolay\u0131 b\u00fcy\u00fck bir mutluluk hissediyordum.Haz\u0131rl\u0131k alan\u0131nda asistanlar taraf\u0131ndan ila\u00e7lar da\u011f\u0131t\u0131ld\u0131 ve ilk kez g\u00f6z damlalar\u0131 damlat\u0131ld\u0131. Hangi damlan\u0131n ne zaman, ne s\u0131kl\u0131kta kullan\u0131laca\u011f\u0131 \u00e7ok ayr\u0131nt\u0131l\u0131 \u015fekilde anlat\u0131ld\u0131. Ak\u015fam olmu\u015f olmas\u0131na ra\u011fmen g\u00fcne\u015f g\u00f6zl\u00fc\u011f\u00fc ger\u00e7ekten \u00e7ok i\u015fe yarad\u0131. Buna ra\u011fmen arabalar\u0131n fren lambalar\u0131 o kadar g\u00f6z al\u0131yordu ki, g\u00f6zlerimi tekrar ancak otele vard\u0131\u011f\u0131mda a\u00e7maya karar verdim.Sa\u011f g\u00f6z\u00fcmde, sanki kum tanesi varm\u0131\u015f gibi hafif bir batma hissi vard\u0131. Sol g\u00f6z\u00fcmde ise hi\u00e7bir \u015fey hissetmiyordum. Bu a\u00e7\u0131dan, g\u00f6zleri yanmayan ya da ba\u015fka \u015fekilde ciddi rahats\u0131zl\u0131k ya\u015famayan \u015fansl\u0131 gruptayd\u0131m. Otelde hemen yata\u011fa girdim, tabii \u00f6ncesinde t\u00fcm g\u00f6z damlalar\u0131n\u0131 uygulad\u0131ktan sonra.Ertesi sabah \u0130stanbul\u2019a ilk bak\u0131\u015f\u0131m g\u00f6zl\u00fcks\u00fcz oldu. Sa\u011f g\u00f6z\u00fcmdeki hafif batma hissi h\u00e2l\u00e2 vard\u0131 ama ger\u00e7ekten rahats\u0131z edici de\u011fildi. Aradan iki ay ge\u00e7ti ve art\u0131k g\u00f6zl\u00fcks\u00fcz hayata tamamen al\u0131\u015ft\u0131m. \u00d6zellikle araba kullan\u0131rken \u0131\u015f\u0131klar\u0131n etraf\u0131ndaki halkalar belirgin \u015fekilde azald\u0131. Genel olarak g\u00f6rme yetim de\u2026 Sonraki rapor<\/p>\n","protected":false},"author":4,"featured_media":0,"parent":4815,"menu_order":0,"comment_status":"closed","ping_status":"closed","template":"","meta":{"_joinchat":[],"footnotes":""},"class_list":["post-4833","page","type-page","status-publish","hentry"],"acf":[],"_links":{"self":[{"href":"https:\/\/medicaltravel.ch\/tr\/wp-json\/wp\/v2\/pages\/4833","targetHints":{"allow":["GET"]}}],"collection":[{"href":"https:\/\/medicaltravel.ch\/tr\/wp-json\/wp\/v2\/pages"}],"about":[{"href":"https:\/\/medicaltravel.ch\/tr\/wp-json\/wp\/v2\/types\/page"}],"author":[{"embeddable":true,"href":"https:\/\/medicaltravel.ch\/tr\/wp-json\/wp\/v2\/users\/4"}],"replies":[{"embeddable":true,"href":"https:\/\/medicaltravel.ch\/tr\/wp-json\/wp\/v2\/comments?post=4833"}],"version-history":[{"count":2,"href":"https:\/\/medicaltravel.ch\/tr\/wp-json\/wp\/v2\/pages\/4833\/revisions"}],"predecessor-version":[{"id":6503,"href":"https:\/\/medicaltravel.ch\/tr\/wp-json\/wp\/v2\/pages\/4833\/revisions\/6503"}],"up":[{"embeddable":true,"href":"https:\/\/medicaltravel.ch\/tr\/wp-json\/wp\/v2\/pages\/4815"}],"wp:attachment":[{"href":"https:\/\/medicaltravel.ch\/tr\/wp-json\/wp\/v2\/media?parent=4833"}],"curies":[{"name":"wp","href":"https:\/\/api.w.org\/{rel}","templated":true}]}}