{"id":4835,"date":"2025-09-24T07:06:53","date_gmt":"2025-09-24T06:06:53","guid":{"rendered":"https:\/\/medicaltravel.ch\/hasta-raporlari\/erfahrungsberichte-schoenheits-op-istanbul\/goezlerime-lazer-tedavisi-yaptirdim-26-kasim-2010-cuma-tarihli-rapor\/"},"modified":"2026-01-12T20:14:31","modified_gmt":"2026-01-12T19:14:31","slug":"goezlerime-lazer-tedavisi-yaptirdim-26-kasim-2010-cuma-tarihli-rapor","status":"publish","type":"page","link":"https:\/\/medicaltravel.ch\/tr\/hasta-raporlari\/istanbulda-estetik-cerrahi-hakkinda-musteri-yorumlari\/goezlerime-lazer-tedavisi-yaptirdim-26-kasim-2010-cuma-tarihli-rapor\/","title":{"rendered":"G\u00f6zlerime lazer tedavisi yapt\u0131rd\u0131m! \u2013 26 Kas\u0131m 2010 Cuma tarihli rapor"},"content":{"rendered":"\n<h3 class=\"wp-block-heading\">G\u00f6zlerime lazer tedavisi yapt\u0131rd\u0131m! \u2013 26 Kas\u0131m 2010 Cuma tarihli rapor <\/h3>\n\n\n\n<p>G\u00f6zlerimi lazerle d\u00fczelttirmemin sebebi, eksi on bir diyoptri gibi \u00e7ok y\u00fcksek bir numaraya sahip olmam ve ayr\u0131ca g\u00f6rme g\u00fcc\u00fcm\u00fcn giderek azalmas\u0131yd\u0131. Swisslasik\u2019e nas\u0131l ula\u015ft\u0131m? Asl\u0131nda yakla\u015f\u0131k on y\u0131l \u00f6nce ilk kez bir g\u00f6z ameliyat\u0131 konusunu g\u00fcndeme alm\u0131\u015ft\u0131m. Ancak o d\u00f6nemde g\u00f6z lazer teknolojisinin hen\u00fcz yeterince tecr\u00fcbeye sahip olmad\u0131\u011f\u0131 ve benim numaram\u0131n lazer i\u00e7in fazla y\u00fcksek oldu\u011fu s\u00f6ylenerek ertelenmi\u015fti.<br>Yakla\u015f\u0131k yar\u0131m y\u0131l \u00f6nce \u0130svi\u00e7re\u2019de bu konuyu tekrar ele ald\u0131m. Sonu\u00e7 olarak g\u00f6zlerimin prensipte ameliyata uygun oldu\u011fu, ancak bu kadar y\u00fcksek bir numarayla lazer yap\u0131lmas\u0131n\u0131n m\u00fcmk\u00fcn olmad\u0131\u011f\u0131 s\u00f6ylendi. EyeSTAR\u2019da \u0130stanbul\u2019da ameliyat olan k\u0131z karde\u015fim sayesinde, yurt d\u0131\u015f\u0131nda bir se\u00e7enek olabilece\u011fini \u00f6\u011frendim. Bunun \u00fczerine hemen Say\u0131n Karaaga\u00e7li ile ileti\u015fime ge\u00e7tim. Olduk\u00e7a olumlu ge\u00e7en bir g\u00f6r\u00fc\u015fmenin ard\u0131ndan, lazer ya da lens implant\u0131 ameliyat\u0131 aras\u0131nda bir karar vermeye y\u00f6neldim. \u00c7\u00fcnk\u00fc bu kadar y\u00fcksek numarayla lazerin m\u00fcmk\u00fcn olup olmad\u0131\u011f\u0131 h\u00e2l\u00e2 net de\u011fildi.<br>Yola \u00e7\u0131k\u0131\u015f tarihi yakla\u015ft\u0131\u011f\u0131nda e\u015fim de k\u0131sa s\u00fcrede benimle birlikte gelmeye karar verdi. Havaliman\u0131nda s\u0131cak bir \u015fekilde kar\u015f\u0131land\u0131k ve \u0130stanbul\u2019un al\u0131\u015fveri\u015f caddesinin tam ortas\u0131nda, \u00e7ok iyi bir konumda bulunan otele g\u00f6t\u00fcr\u00fcld\u00fck. Ertesi g\u00fcn, kararla\u015ft\u0131r\u0131ld\u0131\u011f\u0131 gibi tam vaktinde otel lobisinden al\u0131nd\u0131k ve klini\u011fe g\u00f6t\u00fcr\u00fcld\u00fck. Klinik otele y\u00fcr\u00fcyerek be\u015f dakika mesafedeydi. Giri\u015fte ayakkab\u0131lar\u0131n \u00fczerine galo\u015f giyiliyordu. Bekleme alan\u0131 olduk\u00e7a ayd\u0131nl\u0131k ve rahatt\u0131. Kar\u015f\u0131lama iyiydi.<br>Sabah saatlerinde t\u00fcm muayeneler tekrar en ince ayr\u0131nt\u0131s\u0131na kadar yap\u0131ld\u0131 ve elbette Almanca konu\u015fan personel e\u015fli\u011finde ger\u00e7ekle\u015fti. Ard\u0131ndan doktorla yap\u0131lan g\u00f6r\u00fc\u015fmede, y\u00fczde bir ila iki oran\u0131nda belirli bir risk olmakla birlikte lazer ameliyat\u0131n\u0131n m\u00fcmk\u00fcn oldu\u011fu s\u00f6ylendi. Bu da somut olarak, ileride araba kullan\u0131rken ya da okuma s\u0131ras\u0131nda h\u00e2l\u00e2 g\u00f6zl\u00fck gerekebilece\u011fi anlam\u0131na geliyordu.<br>Ameliyat ak\u015fam saatlerinde, cihazlardan birinin ar\u0131za yapmas\u0131 nedeniyle ba\u015fka bir klinikte ger\u00e7ekle\u015ftirildi. Ancak orada da EyeSTAR ekibinin ilgisi son derece m\u00fckemmeldi. Ameliyat iyi ve h\u0131zl\u0131 ge\u00e7ti. Numaram \u00e7ok y\u00fcksek olmas\u0131na ra\u011fmen lazer i\u015flemi bir dakikadan biraz uzun s\u00fcrd\u00fc.<br>Otele d\u00f6n\u00fc\u015f yolculu\u011fu biraz zorlay\u0131c\u0131yd\u0131 \u00e7\u00fcnk\u00fc g\u00f6zlerim \u00e7ok fazla sulan\u0131yordu ve araba farlar\u0131 fazlas\u0131yla g\u00f6z al\u0131yordu. Otele vard\u0131\u011f\u0131mda k\u0131sa bir s\u00fcre uzand\u0131m. Daha sonra kendimi o kadar iyi hissettim ki ak\u015fam yeme\u011fine \u00e7\u0131kt\u0131m ve ard\u0131ndan erken saatlerde uyudum.<br>Ertesi sabah her \u015feyi net bir \u015fekilde g\u00f6rebiliyordum. Bu benim i\u00e7in daha \u00f6nce asla m\u00fcmk\u00fcn olmam\u0131\u015f bir durumdu. \u0130stanbul ayr\u0131ca son derece zengin tarihi ve turistik yerlere sahip bir \u015fehir. \u0130ki \u00fc\u00e7 g\u00fcn boyunca g\u00f6z\u00fcmde kum tanesi varm\u0131\u015f gibi bir his oldu ama her \u015feye fazlas\u0131yla de\u011fdi. \u015eimdi b\u00fcy\u00fck bir mutlulukla herkese, hayat\u0131mda yeni bir ya\u015fam kalitesi kazand\u0131\u011f\u0131m\u0131 anlat\u0131yorum. Otuz y\u0131l boyunca g\u00f6zl\u00fck takt\u0131ktan sonra, b\u00f6yle bir g\u00f6z mucizesinin m\u00fcmk\u00fcn olabilece\u011fini hayal bile edemezdim. Bunu her zaman tekrar yapt\u0131r\u0131rd\u0131m ve hatta ke\u015fke daha \u00f6nce yapt\u0131rm\u0131\u015f olsayd\u0131m diye neredeyse pi\u015fmanl\u0131k duyuyorum.                              Bug\u00fcn g\u00f6z doktoruna yapt\u0131\u011f\u0131m kontrolden sonra, ameliyattan bir ay ge\u00e7mesine ra\u011fmen fark etti\u011fim k\u00fc\u00e7\u00fck bir g\u00f6rme d\u00fc\u015f\u00fc\u015f\u00fcne ra\u011fmen h\u00e2l\u00e2 g\u00f6rme yard\u0131m\u0131 olmadan idare edebiliyorum. Doktor, g\u00f6zlerim \u00e7ok kuru oldu\u011fu i\u00e7in g\u00f6z damlalar\u0131n\u0131 kullanmaya devam etmemi tavsiye ediyor. G\u00f6zlerim hen\u00fcz tamamen stabil olmad\u0131\u011f\u0131 i\u00e7in \u015fu a\u015famada kesin bir de\u011ferlendirme yapmak m\u00fcmk\u00fcn de\u011fil.  <\/p>\n\n\n\n<div class=\"wp-block-group is-layout-grid wp-container-core-group-is-layout-baef362d wp-block-group-is-layout-grid\">\n<p><a href=\"https:\/\/medicaltravel.at\/home\/agb\/\" data-type=\"page\" data-id=\"2191\" rel=\"nofollow noopener\" target=\"_blank\"><\/a><a href=\"https:\/\/medicaltravel.ch\/tr\/hasta-raporlari\/istanbulda-estetik-cerrahi-hakkinda-musteri-yorumlari\/isvicre-bakim-konusunda-oegrenebilecegi-bir-iki-sey-var-30-kasim-2010-sali-tarihli-rapor\/\" data-type=\"link\" data-id=\"https:\/\/medicaltravel.ch\/tr\/hasta-raporlari\/istanbulda-estetik-cerrahi-hakkinda-musteri-yorumlari\/isvicre-bakim-konusunda-oegrenebilecegi-bir-iki-sey-var-30-kasim-2010-sali-tarihli-rapor\/\">\u00d6nceki rapor<\/a><\/p>\n\n\n\n<p class=\"has-text-align-right wp-container-content-5e2576f9\"><a href=\"https:\/\/medicaltravel.at\/home\/impressum\/\" data-type=\"page\" data-id=\"2193\" rel=\"nofollow noopener\" target=\"_blank\"><\/a><a href=\"https:\/\/medicaltravel.at\/home\/berichte-von-patienten\/erfahrungsberichte\/erfahrungsbericht-zahnbehandlung-in-istanbul\/\" data-type=\"page\" data-id=\"981\" rel=\"nofollow noopener\" target=\"_blank\"><\/a><a href=\"https:\/\/medicaltravel.ch\/tr\/hasta-raporlari\/istanbulda-estetik-cerrahi-hakkinda-musteri-yorumlari\/istanbulda-gecirdigim-lazer-ameliyatim-24-agustos-2010-sali-tarihli-rapor\/\" data-type=\"link\" data-id=\"https:\/\/medicaltravel.ch\/tr\/hasta-raporlari\/istanbulda-estetik-cerrahi-hakkinda-musteri-yorumlari\/istanbulda-gecirdigim-lazer-ameliyatim-24-agustos-2010-sali-tarihli-rapor\/\">Sonraki rapor<\/a><\/p>\n<\/div>\n","protected":false},"excerpt":{"rendered":"<p>G\u00f6zlerime lazer tedavisi yapt\u0131rd\u0131m! \u2013 26 Kas\u0131m 2010 Cuma tarihli rapor G\u00f6zlerimi lazerle d\u00fczelttirmemin sebebi, eksi on bir diyoptri gibi \u00e7ok y\u00fcksek bir numaraya sahip olmam ve ayr\u0131ca g\u00f6rme g\u00fcc\u00fcm\u00fcn giderek azalmas\u0131yd\u0131. Swisslasik\u2019e nas\u0131l ula\u015ft\u0131m? Asl\u0131nda yakla\u015f\u0131k on y\u0131l \u00f6nce ilk kez bir g\u00f6z ameliyat\u0131 konusunu g\u00fcndeme alm\u0131\u015ft\u0131m. Ancak o d\u00f6nemde g\u00f6z lazer teknolojisinin hen\u00fcz yeterince tecr\u00fcbeye sahip olmad\u0131\u011f\u0131 ve benim numaram\u0131n lazer i\u00e7in fazla y\u00fcksek oldu\u011fu s\u00f6ylenerek ertelenmi\u015fti.Yakla\u015f\u0131k yar\u0131m y\u0131l \u00f6nce \u0130svi\u00e7re\u2019de bu konuyu tekrar ele ald\u0131m. Sonu\u00e7 olarak g\u00f6zlerimin prensipte ameliyata uygun oldu\u011fu, ancak bu kadar y\u00fcksek bir numarayla lazer yap\u0131lmas\u0131n\u0131n m\u00fcmk\u00fcn olmad\u0131\u011f\u0131 s\u00f6ylendi. EyeSTAR\u2019da \u0130stanbul\u2019da ameliyat olan k\u0131z karde\u015fim sayesinde, yurt d\u0131\u015f\u0131nda bir se\u00e7enek olabilece\u011fini \u00f6\u011frendim. Bunun \u00fczerine hemen Say\u0131n Karaaga\u00e7li ile ileti\u015fime ge\u00e7tim. Olduk\u00e7a olumlu ge\u00e7en bir g\u00f6r\u00fc\u015fmenin ard\u0131ndan, lazer ya da lens implant\u0131 ameliyat\u0131 aras\u0131nda bir karar vermeye y\u00f6neldim. \u00c7\u00fcnk\u00fc bu kadar y\u00fcksek numarayla lazerin m\u00fcmk\u00fcn olup olmad\u0131\u011f\u0131 h\u00e2l\u00e2 net de\u011fildi.Yola \u00e7\u0131k\u0131\u015f tarihi yakla\u015ft\u0131\u011f\u0131nda e\u015fim de k\u0131sa s\u00fcrede benimle birlikte gelmeye karar verdi. Havaliman\u0131nda s\u0131cak bir \u015fekilde kar\u015f\u0131land\u0131k ve \u0130stanbul\u2019un al\u0131\u015fveri\u015f caddesinin tam ortas\u0131nda, \u00e7ok iyi bir konumda bulunan otele g\u00f6t\u00fcr\u00fcld\u00fck. Ertesi g\u00fcn, kararla\u015ft\u0131r\u0131ld\u0131\u011f\u0131 gibi tam vaktinde otel lobisinden al\u0131nd\u0131k ve klini\u011fe g\u00f6t\u00fcr\u00fcld\u00fck. Klinik otele y\u00fcr\u00fcyerek be\u015f dakika mesafedeydi. Giri\u015fte ayakkab\u0131lar\u0131n \u00fczerine galo\u015f giyiliyordu. Bekleme alan\u0131 olduk\u00e7a ayd\u0131nl\u0131k ve rahatt\u0131. Kar\u015f\u0131lama iyiydi.Sabah saatlerinde t\u00fcm muayeneler tekrar en ince ayr\u0131nt\u0131s\u0131na kadar yap\u0131ld\u0131 ve elbette Almanca konu\u015fan personel e\u015fli\u011finde ger\u00e7ekle\u015fti. Ard\u0131ndan doktorla yap\u0131lan g\u00f6r\u00fc\u015fmede, y\u00fczde bir ila iki oran\u0131nda belirli bir risk olmakla birlikte lazer ameliyat\u0131n\u0131n m\u00fcmk\u00fcn oldu\u011fu s\u00f6ylendi. Bu da somut olarak, ileride araba kullan\u0131rken ya da okuma s\u0131ras\u0131nda h\u00e2l\u00e2 g\u00f6zl\u00fck gerekebilece\u011fi anlam\u0131na geliyordu.Ameliyat ak\u015fam saatlerinde, cihazlardan birinin ar\u0131za yapmas\u0131 nedeniyle ba\u015fka bir klinikte ger\u00e7ekle\u015ftirildi. Ancak orada da EyeSTAR ekibinin ilgisi son derece m\u00fckemmeldi. Ameliyat iyi ve h\u0131zl\u0131 ge\u00e7ti. Numaram \u00e7ok y\u00fcksek olmas\u0131na ra\u011fmen lazer i\u015flemi bir dakikadan biraz uzun s\u00fcrd\u00fc.Otele d\u00f6n\u00fc\u015f yolculu\u011fu biraz zorlay\u0131c\u0131yd\u0131 \u00e7\u00fcnk\u00fc g\u00f6zlerim \u00e7ok fazla sulan\u0131yordu ve araba farlar\u0131 fazlas\u0131yla g\u00f6z al\u0131yordu. Otele vard\u0131\u011f\u0131mda k\u0131sa bir s\u00fcre uzand\u0131m. Daha sonra kendimi o kadar iyi hissettim ki ak\u015fam yeme\u011fine \u00e7\u0131kt\u0131m ve ard\u0131ndan erken saatlerde uyudum.Ertesi sabah her \u015feyi net bir \u015fekilde g\u00f6rebiliyordum. Bu benim i\u00e7in daha \u00f6nce asla m\u00fcmk\u00fcn olmam\u0131\u015f bir durumdu. \u0130stanbul ayr\u0131ca son derece zengin tarihi ve turistik yerlere sahip bir \u015fehir. \u0130ki \u00fc\u00e7 g\u00fcn boyunca g\u00f6z\u00fcmde kum tanesi varm\u0131\u015f gibi bir his oldu ama her \u015feye fazlas\u0131yla de\u011fdi. \u015eimdi b\u00fcy\u00fck bir mutlulukla herkese, hayat\u0131mda yeni bir ya\u015fam kalitesi kazand\u0131\u011f\u0131m\u0131 anlat\u0131yorum. Otuz y\u0131l boyunca g\u00f6zl\u00fck takt\u0131ktan sonra, b\u00f6yle bir g\u00f6z mucizesinin m\u00fcmk\u00fcn olabilece\u011fini hayal bile edemezdim. Bunu her zaman tekrar yapt\u0131r\u0131rd\u0131m ve hatta ke\u015fke daha \u00f6nce yapt\u0131rm\u0131\u015f olsayd\u0131m diye neredeyse pi\u015fmanl\u0131k duyuyorum. Bug\u00fcn g\u00f6z doktoruna yapt\u0131\u011f\u0131m kontrolden sonra, ameliyattan bir ay ge\u00e7mesine ra\u011fmen fark etti\u011fim k\u00fc\u00e7\u00fck bir g\u00f6rme d\u00fc\u015f\u00fc\u015f\u00fcne ra\u011fmen h\u00e2l\u00e2 g\u00f6rme yard\u0131m\u0131 olmadan idare edebiliyorum. Doktor, g\u00f6zlerim \u00e7ok kuru oldu\u011fu i\u00e7in g\u00f6z damlalar\u0131n\u0131 kullanmaya devam etmemi tavsiye ediyor. G\u00f6zlerim hen\u00fcz tamamen stabil olmad\u0131\u011f\u0131 i\u00e7in \u015fu a\u015famada kesin bir de\u011ferlendirme yapmak m\u00fcmk\u00fcn de\u011fil. \u00d6nceki rapor Sonraki rapor<\/p>\n","protected":false},"author":4,"featured_media":0,"parent":4815,"menu_order":0,"comment_status":"closed","ping_status":"closed","template":"","meta":{"_joinchat":[],"footnotes":""},"class_list":["post-4835","page","type-page","status-publish","hentry"],"acf":[],"_links":{"self":[{"href":"https:\/\/medicaltravel.ch\/tr\/wp-json\/wp\/v2\/pages\/4835","targetHints":{"allow":["GET"]}}],"collection":[{"href":"https:\/\/medicaltravel.ch\/tr\/wp-json\/wp\/v2\/pages"}],"about":[{"href":"https:\/\/medicaltravel.ch\/tr\/wp-json\/wp\/v2\/types\/page"}],"author":[{"embeddable":true,"href":"https:\/\/medicaltravel.ch\/tr\/wp-json\/wp\/v2\/users\/4"}],"replies":[{"embeddable":true,"href":"https:\/\/medicaltravel.ch\/tr\/wp-json\/wp\/v2\/comments?post=4835"}],"version-history":[{"count":2,"href":"https:\/\/medicaltravel.ch\/tr\/wp-json\/wp\/v2\/pages\/4835\/revisions"}],"predecessor-version":[{"id":6509,"href":"https:\/\/medicaltravel.ch\/tr\/wp-json\/wp\/v2\/pages\/4835\/revisions\/6509"}],"up":[{"embeddable":true,"href":"https:\/\/medicaltravel.ch\/tr\/wp-json\/wp\/v2\/pages\/4815"}],"wp:attachment":[{"href":"https:\/\/medicaltravel.ch\/tr\/wp-json\/wp\/v2\/media?parent=4835"}],"curies":[{"name":"wp","href":"https:\/\/api.w.org\/{rel}","templated":true}]}}