{"id":4840,"date":"2025-09-24T07:06:19","date_gmt":"2025-09-24T06:06:19","guid":{"rendered":"https:\/\/medicaltravel.ch\/hasta-raporlari\/erfahrungsberichte-schoenheits-op-istanbul\/isvicre-bakim-konusunda-oegrenebilecegi-bir-iki-sey-var-30-kasim-2010-sali-tarihli-rapor\/"},"modified":"2026-01-12T20:13:56","modified_gmt":"2026-01-12T19:13:56","slug":"isvicre-bakim-konusunda-oegrenebilecegi-bir-iki-sey-var-30-kasim-2010-sali-tarihli-rapor","status":"publish","type":"page","link":"https:\/\/medicaltravel.ch\/tr\/hasta-raporlari\/istanbulda-estetik-cerrahi-hakkinda-musteri-yorumlari\/isvicre-bakim-konusunda-oegrenebilecegi-bir-iki-sey-var-30-kasim-2010-sali-tarihli-rapor\/","title":{"rendered":"\u0130svi\u00e7re, bak\u0131m konusunda \u00f6\u011frenebilece\u011fi bir iki \u015fey var \u2013 30 Kas\u0131m 2010 Sal\u0131 tarihli rapor"},"content":{"rendered":"\n<h3 class=\"wp-block-heading\">\u0130svi\u00e7re, bak\u0131m konusunda \u00f6\u011frenebilece\u011fi bir iki \u015fey var \u2013 30 Kas\u0131m 2010 Sal\u0131 tarihli rapor<\/h3>\n\n\n\n<p>23 Ekim, sonunda o g\u00fcn gelmi\u015fti. Yakla\u015f\u0131k 15 y\u0131l lens ve g\u00f6zl\u00fck kulland\u0131ktan sonra nihayet g\u00f6zlerimi lazerle d\u00fczelttirmeye karar verdim. Bu karara nas\u0131l m\u0131 vard\u0131m? \u00c7ok basit: aniden, spontane bir \u015fekilde! Art\u0131k lenslere tahamm\u00fcl edemiyordum ve g\u00f6zl\u00fc\u011f\u00fcmden de ger\u00e7ekten nefret ediyordum. Bu y\u00fczden karar s\u00fcreci olduk\u00e7a k\u0131sayd\u0131. Tabii herkesin akl\u0131na bunu T\u00fcrkiye\u2019de yapt\u0131rmak gelmez (en az\u0131ndan benim tan\u0131d\u0131klar\u0131m\u0131n). Ama televizyonda birka\u00e7 haber izlemi\u015ftim, internette de biraz ara\u015ft\u0131rma yapt\u0131m ve i\u015fte bu sayfaya denk geldim: swisslasik\u2026 Bu, 2009 yaz\u0131nda olmu\u015ftu.<br>Bilgi dok\u00fcmanlar\u0131 istedim ve telefonla ileti\u015fime ge\u00e7tim. Ondan sonra geriye sadece randevu ayarlamak kald\u0131. Dedi\u011fim gibi, 22 Ekim\u2019de yola \u00e7\u0131kt\u0131k. Annemi de yan\u0131ma alarak \u0130stanbul\u2019a u\u00e7tuk. Bizi Almancay\u0131 m\u00fckemmel konu\u015fan son derece nazik bir g\u00f6revli kar\u015f\u0131lad\u0131 ve otele g\u00f6t\u00fcrd\u00fc. Ertesi sabah, Z\u00fcrih\u2019ten gelen bir ba\u015fka hasta ile birlikte al\u0131nd\u0131k ve otele sadece 5 dakikal\u0131k y\u00fcr\u00fcme mesafesindeki klini\u011fe g\u00f6t\u00fcr\u00fcld\u00fck. Herkes yine \u00e7ok g\u00fcler y\u00fczl\u00fcyd\u00fc ve \u00f6n muayeneler olduk\u00e7a h\u0131zl\u0131 ge\u00e7ti. Ameliyat\u0131n iki saat sonra yap\u0131laca\u011f\u0131 s\u00f6ylendi. O anda i\u00e7imde hafif bir heyecan ba\u015flad\u0131 ama bu daha \u00e7ok tatl\u0131 bir heyecand\u0131, korkudan ziyade sevin\u00e7ten.<br>Klinikte teknik bir sorun oldu\u011fu i\u00e7in ba\u015fka bir klini\u011fe g\u00f6t\u00fcr\u00fcld\u00fck. Ancak bu klinik d\u0131\u015far\u0131dan bile adeta 5 y\u0131ld\u0131zl\u0131 bir otel gibiydi. Lazer i\u015fleminin kendisi sadece yakla\u015f\u0131k 20 saniye s\u00fcrd\u00fc. T\u00fcm s\u00fcre\u00e7 boyunca, san\u0131r\u0131m ad\u0131 Fred olan, \u00e7ok ilgili \u015fof\u00f6r\u00fcm\u00fcz hep yan\u0131mdayd\u0131 ve doktorun s\u00f6ylediklerini terc\u00fcme etti. Bu da insana inan\u0131lmaz derecede g\u00fcven ve rahatl\u0131k veriyordu.<br>Her \u015fey bittikten sonra biz d\u00f6rt ki\u015fi (3 hasta ve annem) tekrar otele g\u00f6t\u00fcr\u00fcld\u00fck. \u0130lk ak\u015fam olduk\u00e7a rahats\u0131z ediciydi ama a\u011fr\u0131dan de\u011fil, yo\u011fun \u0131\u015f\u0131k hassasiyetinden dolay\u0131. Bu y\u00fczden en iyisi hemen yata\u011fa girmek, damlalar\u0131 kullanmak ve g\u00f6z pedlerini takmakt\u0131. Zaten ilk 10 g\u00fcn g\u00f6zleri ovu\u015fturmak yasak. Ama daha ertesi g\u00fcn neredeyse %100 g\u00f6rmeye ba\u015flam\u0131\u015ft\u0131m ve kontrol muayenesi de olumlu ge\u00e7ti.<br>Bunun \u00fczerine annemle birlikte, g\u00fcne\u015fli havada ve 23 derece s\u0131cakl\u0131kta, tabii ki g\u00fcne\u015f g\u00f6zl\u00fc\u011f\u00fc takarak, \u0130stanbul\u2019u gezmeye \u00e7\u0131kt\u0131k. Yard\u0131mc\u0131 hi\u00e7bir araca ihtiya\u00e7 duymadan her \u015feyi net g\u00f6rebilmek harika bir duyguydu! Bu klini\u011fi g\u00f6n\u00fcl rahatl\u0131\u011f\u0131yla herkese tavsiye edebilirim. Otel organizasyonu, transferler ve genel ilgi ger\u00e7ekten ola\u011fan\u00fcst\u00fcyd\u00fc. \u0130svi\u00e7re ile k\u0131yasland\u0131\u011f\u0131nda fiyat fark\u0131 ise inan\u0131lmaz derecede b\u00fcy\u00fck.<br>\u015eu an ameliyat\u0131m\u0131n \u00fczerinden 3 hafta ge\u00e7ti ve \u0130svi\u00e7re\u2019de fiyat\u0131n i\u00e7ine dahil olan kontrol muayenesine de gittim. Her \u015fey yolunda. H\u00e2l\u00e2 g\u00f6zl\u00fck ve lens olmadan g\u00f6rebildi\u011fime tam olarak inanam\u0131yorum. Sabah uyan\u0131p ilk i\u015f g\u00f6zl\u00fc\u011f\u00fc aramak zorunda olmamak inan\u0131lmaz bir \u015fey! En \u00f6nemli nokta, verilen damlalar\u0131 d\u00fczenli kullanmak ve nemlendirici damlalar\u0131 uzun s\u00fcre ihmal etmemek.<br>EyeStar\u2019daki herkese bir kez daha y\u00fcrekten te\u015fekk\u00fcr etmek istiyorum. Harika bir deneyimdi ve sonu\u00e7 ondan da harika oldu! Umar\u0131m T\u00fcrkiye\u2019de b\u00f6yle bir \u015feyin g\u00fcvenli olmad\u0131\u011f\u0131n\u0131 d\u00fc\u015f\u00fcnenlere farkl\u0131 bir bak\u0131\u015f a\u00e7\u0131s\u0131 kazand\u0131rabilmi\u015fimdir. \u0130lgi ve hasta bak\u0131m\u0131 konusunda \u0130svi\u00e7re ya da Almanya\u2019n\u0131n daha alacak \u00e7ok dersi var diyebilirim \ud83d\ude42<br>Z\u00fcrih\u2019ten kocaman sevgiler ve tekrar tekrar te\u015fekk\u00fcrler!<br>Stephanie Wegner<\/p>\n\n\n\n<figure class=\"wp-block-image size-full\"><img decoding=\"async\" width=\"68\" height=\"90\" src=\"https:\/\/medicaltravel.ch\/wp-content\/uploads\/2025\/09\/csm_Istanbul_2010_053_9869162d55.jpg\" alt=\"\" class=\"wp-image-976\"\/><\/figure>\n\n\n\n<div class=\"wp-block-group is-layout-grid wp-container-core-group-is-layout-baef362d wp-block-group-is-layout-grid\">\n<p><a href=\"https:\/\/medicaltravel.at\/home\/agb\/\" data-type=\"page\" data-id=\"2191\" rel=\"nofollow noopener\" target=\"_blank\"><\/a><a href=\"https:\/\/medicaltravel.ch\/tr\/hasta-raporlari\/istanbulda-estetik-cerrahi-hakkinda-musteri-yorumlari\/meine-laserbehandlung-in-istanbul-im-november-2010-bericht-vom-sonntag-05-dezember-2010\/\" data-type=\"link\" data-id=\"https:\/\/medicaltravel.ch\/tr\/hasta-raporlari\/istanbulda-estetik-cerrahi-hakkinda-musteri-yorumlari\/meine-laserbehandlung-in-istanbul-im-november-2010-bericht-vom-sonntag-05-dezember-2010\/\">\u00d6nceki rapor<\/a><\/p>\n\n\n\n<p class=\"has-text-align-right wp-container-content-5e2576f9\"><a href=\"https:\/\/medicaltravel.at\/home\/impressum\/\" data-type=\"page\" data-id=\"2193\" rel=\"nofollow noopener\" target=\"_blank\"><\/a><a href=\"https:\/\/medicaltravel.at\/home\/berichte-von-patienten\/erfahrungsberichte\/erfahrungsbericht-zahnbehandlung-in-istanbul\/\" data-type=\"page\" data-id=\"981\" rel=\"nofollow noopener\" target=\"_blank\"><\/a><a href=\"https:\/\/medicaltravel.ch\/tr\/hasta-raporlari\/istanbulda-estetik-cerrahi-hakkinda-musteri-yorumlari\/goezlerime-lazer-tedavisi-yaptirdim-26-kasim-2010-cuma-tarihli-rapor\/\" data-type=\"link\" data-id=\"https:\/\/medicaltravel.ch\/tr\/hasta-raporlari\/istanbulda-estetik-cerrahi-hakkinda-musteri-yorumlari\/goezlerime-lazer-tedavisi-yaptirdim-26-kasim-2010-cuma-tarihli-rapor\/\">Sonraki rapor<\/a><\/p>\n<\/div>\n","protected":false},"excerpt":{"rendered":"<p>\u0130svi\u00e7re, bak\u0131m konusunda \u00f6\u011frenebilece\u011fi bir iki \u015fey var \u2013 30 Kas\u0131m 2010 Sal\u0131 tarihli rapor 23 Ekim, sonunda o g\u00fcn gelmi\u015fti. Yakla\u015f\u0131k 15 y\u0131l lens ve g\u00f6zl\u00fck kulland\u0131ktan sonra nihayet g\u00f6zlerimi lazerle d\u00fczelttirmeye karar verdim. Bu karara nas\u0131l m\u0131 vard\u0131m? \u00c7ok basit: aniden, spontane bir \u015fekilde! Art\u0131k lenslere tahamm\u00fcl edemiyordum ve g\u00f6zl\u00fc\u011f\u00fcmden de ger\u00e7ekten nefret ediyordum. Bu y\u00fczden karar s\u00fcreci olduk\u00e7a k\u0131sayd\u0131. Tabii herkesin akl\u0131na bunu T\u00fcrkiye\u2019de yapt\u0131rmak gelmez (en az\u0131ndan benim tan\u0131d\u0131klar\u0131m\u0131n). Ama televizyonda birka\u00e7 haber izlemi\u015ftim, internette de biraz ara\u015ft\u0131rma yapt\u0131m ve i\u015fte bu sayfaya denk geldim: swisslasik\u2026 Bu, 2009 yaz\u0131nda olmu\u015ftu.Bilgi dok\u00fcmanlar\u0131 istedim ve telefonla ileti\u015fime ge\u00e7tim. Ondan sonra geriye sadece randevu ayarlamak kald\u0131. Dedi\u011fim gibi, 22 Ekim\u2019de yola \u00e7\u0131kt\u0131k. Annemi de yan\u0131ma alarak \u0130stanbul\u2019a u\u00e7tuk. Bizi Almancay\u0131 m\u00fckemmel konu\u015fan son derece nazik bir g\u00f6revli kar\u015f\u0131lad\u0131 ve otele g\u00f6t\u00fcrd\u00fc. Ertesi sabah, Z\u00fcrih\u2019ten gelen bir ba\u015fka hasta ile birlikte al\u0131nd\u0131k ve otele sadece 5 dakikal\u0131k y\u00fcr\u00fcme mesafesindeki klini\u011fe g\u00f6t\u00fcr\u00fcld\u00fck. Herkes yine \u00e7ok g\u00fcler y\u00fczl\u00fcyd\u00fc ve \u00f6n muayeneler olduk\u00e7a h\u0131zl\u0131 ge\u00e7ti. Ameliyat\u0131n iki saat sonra yap\u0131laca\u011f\u0131 s\u00f6ylendi. O anda i\u00e7imde hafif bir heyecan ba\u015flad\u0131 ama bu daha \u00e7ok tatl\u0131 bir heyecand\u0131, korkudan ziyade sevin\u00e7ten.Klinikte teknik bir sorun oldu\u011fu i\u00e7in ba\u015fka bir klini\u011fe g\u00f6t\u00fcr\u00fcld\u00fck. Ancak bu klinik d\u0131\u015far\u0131dan bile adeta 5 y\u0131ld\u0131zl\u0131 bir otel gibiydi. Lazer i\u015fleminin kendisi sadece yakla\u015f\u0131k 20 saniye s\u00fcrd\u00fc. T\u00fcm s\u00fcre\u00e7 boyunca, san\u0131r\u0131m ad\u0131 Fred olan, \u00e7ok ilgili \u015fof\u00f6r\u00fcm\u00fcz hep yan\u0131mdayd\u0131 ve doktorun s\u00f6ylediklerini terc\u00fcme etti. Bu da insana inan\u0131lmaz derecede g\u00fcven ve rahatl\u0131k veriyordu.Her \u015fey bittikten sonra biz d\u00f6rt ki\u015fi (3 hasta ve annem) tekrar otele g\u00f6t\u00fcr\u00fcld\u00fck. \u0130lk ak\u015fam olduk\u00e7a rahats\u0131z ediciydi ama a\u011fr\u0131dan de\u011fil, yo\u011fun \u0131\u015f\u0131k hassasiyetinden dolay\u0131. Bu y\u00fczden en iyisi hemen yata\u011fa girmek, damlalar\u0131 kullanmak ve g\u00f6z pedlerini takmakt\u0131. Zaten ilk 10 g\u00fcn g\u00f6zleri ovu\u015fturmak yasak. Ama daha ertesi g\u00fcn neredeyse %100 g\u00f6rmeye ba\u015flam\u0131\u015ft\u0131m ve kontrol muayenesi de olumlu ge\u00e7ti.Bunun \u00fczerine annemle birlikte, g\u00fcne\u015fli havada ve 23 derece s\u0131cakl\u0131kta, tabii ki g\u00fcne\u015f g\u00f6zl\u00fc\u011f\u00fc takarak, \u0130stanbul\u2019u gezmeye \u00e7\u0131kt\u0131k. Yard\u0131mc\u0131 hi\u00e7bir araca ihtiya\u00e7 duymadan her \u015feyi net g\u00f6rebilmek harika bir duyguydu! Bu klini\u011fi g\u00f6n\u00fcl rahatl\u0131\u011f\u0131yla herkese tavsiye edebilirim. Otel organizasyonu, transferler ve genel ilgi ger\u00e7ekten ola\u011fan\u00fcst\u00fcyd\u00fc. \u0130svi\u00e7re ile k\u0131yasland\u0131\u011f\u0131nda fiyat fark\u0131 ise inan\u0131lmaz derecede b\u00fcy\u00fck.\u015eu an ameliyat\u0131m\u0131n \u00fczerinden 3 hafta ge\u00e7ti ve \u0130svi\u00e7re\u2019de fiyat\u0131n i\u00e7ine dahil olan kontrol muayenesine de gittim. Her \u015fey yolunda. H\u00e2l\u00e2 g\u00f6zl\u00fck ve lens olmadan g\u00f6rebildi\u011fime tam olarak inanam\u0131yorum. Sabah uyan\u0131p ilk i\u015f g\u00f6zl\u00fc\u011f\u00fc aramak zorunda olmamak inan\u0131lmaz bir \u015fey! En \u00f6nemli nokta, verilen damlalar\u0131 d\u00fczenli kullanmak ve nemlendirici damlalar\u0131 uzun s\u00fcre ihmal etmemek.EyeStar\u2019daki herkese bir kez daha y\u00fcrekten te\u015fekk\u00fcr etmek istiyorum. Harika bir deneyimdi ve sonu\u00e7 ondan da harika oldu! Umar\u0131m T\u00fcrkiye\u2019de b\u00f6yle bir \u015feyin g\u00fcvenli olmad\u0131\u011f\u0131n\u0131 d\u00fc\u015f\u00fcnenlere farkl\u0131 bir bak\u0131\u015f a\u00e7\u0131s\u0131 kazand\u0131rabilmi\u015fimdir. \u0130lgi ve hasta bak\u0131m\u0131 konusunda \u0130svi\u00e7re ya da Almanya\u2019n\u0131n daha alacak \u00e7ok dersi var diyebilirim \ud83d\ude42Z\u00fcrih\u2019ten kocaman sevgiler ve tekrar tekrar te\u015fekk\u00fcrler!Stephanie Wegner \u00d6nceki rapor Sonraki rapor<\/p>\n","protected":false},"author":4,"featured_media":0,"parent":4815,"menu_order":0,"comment_status":"closed","ping_status":"closed","template":"","meta":{"_joinchat":[],"footnotes":""},"class_list":["post-4840","page","type-page","status-publish","hentry"],"acf":[],"_links":{"self":[{"href":"https:\/\/medicaltravel.ch\/tr\/wp-json\/wp\/v2\/pages\/4840","targetHints":{"allow":["GET"]}}],"collection":[{"href":"https:\/\/medicaltravel.ch\/tr\/wp-json\/wp\/v2\/pages"}],"about":[{"href":"https:\/\/medicaltravel.ch\/tr\/wp-json\/wp\/v2\/types\/page"}],"author":[{"embeddable":true,"href":"https:\/\/medicaltravel.ch\/tr\/wp-json\/wp\/v2\/users\/4"}],"replies":[{"embeddable":true,"href":"https:\/\/medicaltravel.ch\/tr\/wp-json\/wp\/v2\/comments?post=4840"}],"version-history":[{"count":3,"href":"https:\/\/medicaltravel.ch\/tr\/wp-json\/wp\/v2\/pages\/4840\/revisions"}],"predecessor-version":[{"id":6508,"href":"https:\/\/medicaltravel.ch\/tr\/wp-json\/wp\/v2\/pages\/4840\/revisions\/6508"}],"up":[{"embeddable":true,"href":"https:\/\/medicaltravel.ch\/tr\/wp-json\/wp\/v2\/pages\/4815"}],"wp:attachment":[{"href":"https:\/\/medicaltravel.ch\/tr\/wp-json\/wp\/v2\/media?parent=4840"}],"curies":[{"name":"wp","href":"https:\/\/api.w.org\/{rel}","templated":true}]}}