{"id":4842,"date":"2025-09-24T07:17:01","date_gmt":"2025-09-24T06:17:01","guid":{"rendered":"https:\/\/medicaltravel.ch\/hasta-raporlari\/erfahrungsberichte-schoenheits-op-istanbul\/lasik-deneyim-raporu-mayis-2009-istanbul-28-mayis-2009-persembe-tarihli-rapor\/"},"modified":"2026-01-12T21:15:51","modified_gmt":"2026-01-12T20:15:51","slug":"lasik-deneyim-raporu-mayis-2009-istanbul-28-mayis-2009-persembe-tarihli-rapor","status":"publish","type":"page","link":"https:\/\/medicaltravel.ch\/tr\/hasta-raporlari\/istanbulda-estetik-cerrahi-hakkinda-musteri-yorumlari\/lasik-deneyim-raporu-mayis-2009-istanbul-28-mayis-2009-persembe-tarihli-rapor\/","title":{"rendered":"LASIK \u2013 Deneyim Raporu May\u0131s 2009 \u0130stanbul \u2013 28 May\u0131s 2009 Per\u015fembe tarihli rapor"},"content":{"rendered":"\n<h3 class=\"wp-block-heading\">LASIK \u2013 Deneyim Raporu May\u0131s 2009 \u0130stanbul \u2013 28 May\u0131s 2009 Per\u015fembe tarihli rapor<\/h3>\n\n\n\n<p>22 May\u0131s 2009\u2019da \u0130stanbul\u2019da g\u00f6z lazeri ameliyat\u0131. Y\u0131l\u0131n ba\u015f\u0131ndan beri g\u00f6zlerimi lazerle d\u00fczelttirme fikriyle oynuyordum. Astigmat\u0131m vard\u0131 ve g\u00f6zlerim -1,75 ve -2,00 diyoptriydi. Bu ameliyat\u0131 bana e\u015fim \u00f6nermi\u015fti. Biraz korkuyordum ve internette forumlarda deneyim yaz\u0131lar\u0131 aramaya ba\u015flad\u0131m. Klinik arayacak kadar cesaretimi toplad\u0131\u011f\u0131mda ise biraz hayal k\u0131r\u0131kl\u0131\u011f\u0131na u\u011frad\u0131m. Ya\u015fad\u0131\u011f\u0131m yere en yak\u0131n klinik olan Olten\u2019deki bir merkez, iki g\u00f6z i\u00e7in lazer ameliyat\u0131na 6000 \u0130svi\u00e7re Frang\u0131\u2019ndan fazla bir \u00fccret istiyordu, bu da benim i\u00e7in \u00e7ok b\u00fcy\u00fck bir parayd\u0131.<br>Bir s\u00fcre bu projeyi tamamen rafa kald\u0131rd\u0131m ama g\u00f6zl\u00fcks\u00fcz ya\u015faman\u0131n nas\u0131l bir \u015fey olaca\u011f\u0131n\u0131 hayal etmekten de vazge\u00e7emedim. Bunun \u00fczerine internette \u0130svi\u00e7re\u2019deki di\u011fer klinikleri ara\u015ft\u0131rmaya ba\u015flad\u0131m. Bu aramalardan birinde tesad\u00fcfen swisslasik.ch sitesine denk geldim. Swisslasik.ch sitesinde uzun uzun okuduktan sonra, ne zaman seyahat edilebilece\u011fini ve bana ne kadara mal olaca\u011f\u0131n\u0131 sormak i\u00e7in Bay Karaaga\u00e7li\u2019ye bir e-posta yazd\u0131m. Firma \u00f6zellikle fiyat a\u00e7\u0131s\u0131ndan ilgimi \u00e7ekmi\u015fti, \u00e7\u00fcnk\u00fc ameliyat, otel ve u\u00e7ak dahil olmak \u00fczere \u0130svi\u00e7re\u2019de \u00f6deyece\u011fim fiyat\u0131n yakla\u015f\u0131k yar\u0131s\u0131na geliyordu.<br>K\u0131sa s\u00fcrede cevap ald\u0131m ve ilk temastan sadece bir ay sonra \u0130stanbul\u2019a seyahat ettim. Swisslasik.ch benim i\u00e7in her \u015feyi organize etmi\u015fti; benim tek yapmam gereken ne zaman gitmek istedi\u011fimi s\u00f6ylemek ve \u00f6demeyi yapmakt\u0131. Bana g\u00f6nderilen k\u00fc\u00e7\u00fck bir kitap\u00e7\u0131kta klinik ve otelin adresleri, u\u00e7u\u015f bilgileri ve beni havaalan\u0131ndan alacak ki\u015finin telefon numaras\u0131 gibi t\u00fcm gerekli bilgiler yer al\u0131yordu.<br>\u0130stanbul\u2019a vard\u0131\u011f\u0131mda her \u015fey kusursuz \u015fekilde i\u015fledi. Almanya\u2019dan gelen ba\u015fka bir ki\u015fiyle birlikte havaalan\u0131nda kar\u015f\u0131land\u0131m ve otele g\u00f6t\u00fcr\u00fcld\u00fcm. Ertesi sabah otelden al\u0131nd\u0131m ve hemen k\u00f6\u015fedeki klini\u011fe g\u00f6t\u00fcr\u00fcld\u00fcm. Orada g\u00f6zlerim muayene edildi. \u0130ki saat sonra i\u015fim bitmi\u015fti ve bana \u00fc\u00e7 saat sonra tekrar gelmem s\u00f6ylendi.<br>Verilen g\u00f6z damlalar\u0131 y\u00fcz\u00fcnden biraz bulan\u0131k g\u00f6r\u00fcyor ve \u0131\u015f\u0131\u011fa kar\u015f\u0131 hassasiyet ya\u015f\u0131yordum. Bu halde Bo\u011faz\u2019daki Dolmabah\u00e7e Saray\u0131\u2019na kadar y\u00fcr\u00fcy\u00fcp geri d\u00f6nd\u00fcm ve s\u00f6ylendi\u011fi gibi bir \u015feyler yedim. Daha sonra \u00fc\u00e7 ba\u015fka hasta ile birlikte klini\u011fin \u00fcst kat\u0131na \u00e7\u0131kar\u0131ld\u0131k. Benden \u00f6nce iki hasta al\u0131nd\u0131. \u0130kinci hasta ameliyat edilirken ben me\u015fhur masaj koltu\u011funda oturdum.<br>Ameliyat\u0131n kendisi \u00e7ok k\u0131sa s\u00fcrd\u00fc ve t\u00fcm \u015f\u00fcphelerime ra\u011fmen, uyu\u015fturucu g\u00f6z damlalar\u0131 ger\u00e7ekten i\u015fe yarad\u0131; hi\u00e7bir a\u011fr\u0131 hissetmedim. Bana g\u00f6sterilen ye\u015fil \u0131\u015f\u0131\u011fa s\u00fcrekli bakma talimat\u0131n\u0131 uygulamak da zor de\u011fildi. Lazer biraz ses \u00e7\u0131kar\u0131yordu ve yanm\u0131\u015f sa\u00e7 kokusuna benzer bir koku vard\u0131.<br>Her iki g\u00f6z\u00fcm de ameliyat edildikten sonra karanl\u0131k bir odaya al\u0131nd\u0131m. Bir s\u00fcre sonra tekrar al\u0131n\u0131p klini\u011fin alt kat\u0131na indirildim. Bana ve di\u011fer hastalara g\u00f6z damlalar\u0131 verildi ve otele gidebilece\u011fimiz s\u00f6ylendi. Her \u015feyi sisli g\u00f6r\u00fcyordum ve ba\u015fta otele geri d\u00f6nmekte biraz zorland\u0131m. Bana s\u00f6ylendi\u011fi gibi otele var\u0131r varmaz uyumaya gittim.                              Ertesi sabah art\u0131k net g\u00f6rmeye ba\u015flam\u0131\u015ft\u0131m. Sabah g\u00f6z doktorunda bir kontrol\u00fcm daha vard\u0131, ancak 45 dakika sonra \u00e7\u0131kmama izin verildi. B\u00f6ylece \u0130stanbul\u2019u gezmek i\u00e7in koca bir g\u00fcn\u00fcm kald\u0131. Ertesi g\u00fcn tekrar otelden al\u0131nd\u0131m ve havaalan\u0131na g\u00f6t\u00fcr\u00fcld\u00fcm. \u0130stanbul\u2019dan d\u00f6neli d\u00f6rt g\u00fcn oldu ve art\u0131k ger\u00e7ekten g\u00f6zl\u00fc\u011fe ihtiyac\u0131m yok. Hatta \u015fu an g\u00f6zl\u00fckle g\u00f6rd\u00fc\u011f\u00fcmden daha iyi g\u00f6r\u00fcyorum. Eve d\u00f6nd\u00fc\u011f\u00fcmde, al\u0131\u015f\u0131k oldu\u011fum \u00e7evreyi ve insanlar\u0131 g\u00f6rmek beni \u00e7ok \u015fa\u015f\u0131rtt\u0131; her \u015fey art\u0131k \u00e7ok net ve renkliydi. Mesafeleri ve derinli\u011fi de \u00e7ok daha iyi alg\u0131l\u0131yorum. Bu kadar iyi bir sonu\u00e7 beklemiyordum, tek istedi\u011fim g\u00f6zl\u00fckten kurtulmakt\u0131. Ameliyattan ve swisslasik.ch\u2019nin t\u00fcm organizasyonundan \u00e7ok memnunum ve g\u00f6zlerimin bundan sonra da iyi iyile\u015fmesini umuyorum.<br>P. Lutz          <\/p>\n\n\n\n<div class=\"wp-block-group is-layout-grid wp-container-core-group-is-layout-baef362d wp-block-group-is-layout-grid\">\n<p><a href=\"https:\/\/medicaltravel.at\/home\/agb\/\" data-type=\"page\" data-id=\"2191\" rel=\"nofollow noopener\" target=\"_blank\"><\/a><a href=\"https:\/\/medicaltravel.ch\/tr\/hasta-raporlari\/istanbulda-estetik-cerrahi-hakkinda-musteri-yorumlari\/istanbulda-gecirdigim-lasek-lazer-goez-ameliyatim-5-haziran-2009-cuma-tarihli-rapor\/\" data-type=\"link\" data-id=\"https:\/\/medicaltravel.ch\/tr\/hasta-raporlari\/istanbulda-estetik-cerrahi-hakkinda-musteri-yorumlari\/istanbulda-gecirdigim-lasek-lazer-goez-ameliyatim-5-haziran-2009-cuma-tarihli-rapor\/\">\u00d6nceki rapor<\/a><\/p>\n\n\n\n<p class=\"has-text-align-right wp-container-content-5e2576f9\"><a href=\"https:\/\/medicaltravel.at\/home\/impressum\/\" data-type=\"page\" data-id=\"2193\" rel=\"nofollow noopener\" target=\"_blank\"><\/a><a href=\"https:\/\/medicaltravel.at\/home\/berichte-von-patienten\/erfahrungsberichte\/erfahrungsbericht-zahnbehandlung-in-istanbul\/\" data-type=\"page\" data-id=\"981\" rel=\"nofollow noopener\" target=\"_blank\"><\/a><a href=\"https:\/\/medicaltravel.ch\/tr\/hasta-raporlari\/istanbulda-estetik-cerrahi-hakkinda-musteri-yorumlari\/goezlueksuez-bir-hayat-her-zaman-hayalim-olmustur-21-mayis-2009-persembe-tarihli-rapor\/\" data-type=\"link\" data-id=\"https:\/\/medicaltravel.ch\/tr\/hasta-raporlari\/istanbulda-estetik-cerrahi-hakkinda-musteri-yorumlari\/goezlueksuez-bir-hayat-her-zaman-hayalim-olmustur-21-mayis-2009-persembe-tarihli-rapor\/\">Sonraki rapor<\/a><\/p>\n<\/div>\n","protected":false},"excerpt":{"rendered":"<p>LASIK \u2013 Deneyim Raporu May\u0131s 2009 \u0130stanbul \u2013 28 May\u0131s 2009 Per\u015fembe tarihli rapor 22 May\u0131s 2009\u2019da \u0130stanbul\u2019da g\u00f6z lazeri ameliyat\u0131. Y\u0131l\u0131n ba\u015f\u0131ndan beri g\u00f6zlerimi lazerle d\u00fczelttirme fikriyle oynuyordum. Astigmat\u0131m vard\u0131 ve g\u00f6zlerim -1,75 ve -2,00 diyoptriydi. Bu ameliyat\u0131 bana e\u015fim \u00f6nermi\u015fti. Biraz korkuyordum ve internette forumlarda deneyim yaz\u0131lar\u0131 aramaya ba\u015flad\u0131m. Klinik arayacak kadar cesaretimi toplad\u0131\u011f\u0131mda ise biraz hayal k\u0131r\u0131kl\u0131\u011f\u0131na u\u011frad\u0131m. Ya\u015fad\u0131\u011f\u0131m yere en yak\u0131n klinik olan Olten\u2019deki bir merkez, iki g\u00f6z i\u00e7in lazer ameliyat\u0131na 6000 \u0130svi\u00e7re Frang\u0131\u2019ndan fazla bir \u00fccret istiyordu, bu da benim i\u00e7in \u00e7ok b\u00fcy\u00fck bir parayd\u0131.Bir s\u00fcre bu projeyi tamamen rafa kald\u0131rd\u0131m ama g\u00f6zl\u00fcks\u00fcz ya\u015faman\u0131n nas\u0131l bir \u015fey olaca\u011f\u0131n\u0131 hayal etmekten de vazge\u00e7emedim. Bunun \u00fczerine internette \u0130svi\u00e7re\u2019deki di\u011fer klinikleri ara\u015ft\u0131rmaya ba\u015flad\u0131m. Bu aramalardan birinde tesad\u00fcfen swisslasik.ch sitesine denk geldim. Swisslasik.ch sitesinde uzun uzun okuduktan sonra, ne zaman seyahat edilebilece\u011fini ve bana ne kadara mal olaca\u011f\u0131n\u0131 sormak i\u00e7in Bay Karaaga\u00e7li\u2019ye bir e-posta yazd\u0131m. Firma \u00f6zellikle fiyat a\u00e7\u0131s\u0131ndan ilgimi \u00e7ekmi\u015fti, \u00e7\u00fcnk\u00fc ameliyat, otel ve u\u00e7ak dahil olmak \u00fczere \u0130svi\u00e7re\u2019de \u00f6deyece\u011fim fiyat\u0131n yakla\u015f\u0131k yar\u0131s\u0131na geliyordu.K\u0131sa s\u00fcrede cevap ald\u0131m ve ilk temastan sadece bir ay sonra \u0130stanbul\u2019a seyahat ettim. Swisslasik.ch benim i\u00e7in her \u015feyi organize etmi\u015fti; benim tek yapmam gereken ne zaman gitmek istedi\u011fimi s\u00f6ylemek ve \u00f6demeyi yapmakt\u0131. Bana g\u00f6nderilen k\u00fc\u00e7\u00fck bir kitap\u00e7\u0131kta klinik ve otelin adresleri, u\u00e7u\u015f bilgileri ve beni havaalan\u0131ndan alacak ki\u015finin telefon numaras\u0131 gibi t\u00fcm gerekli bilgiler yer al\u0131yordu.\u0130stanbul\u2019a vard\u0131\u011f\u0131mda her \u015fey kusursuz \u015fekilde i\u015fledi. Almanya\u2019dan gelen ba\u015fka bir ki\u015fiyle birlikte havaalan\u0131nda kar\u015f\u0131land\u0131m ve otele g\u00f6t\u00fcr\u00fcld\u00fcm. Ertesi sabah otelden al\u0131nd\u0131m ve hemen k\u00f6\u015fedeki klini\u011fe g\u00f6t\u00fcr\u00fcld\u00fcm. Orada g\u00f6zlerim muayene edildi. \u0130ki saat sonra i\u015fim bitmi\u015fti ve bana \u00fc\u00e7 saat sonra tekrar gelmem s\u00f6ylendi.Verilen g\u00f6z damlalar\u0131 y\u00fcz\u00fcnden biraz bulan\u0131k g\u00f6r\u00fcyor ve \u0131\u015f\u0131\u011fa kar\u015f\u0131 hassasiyet ya\u015f\u0131yordum. Bu halde Bo\u011faz\u2019daki Dolmabah\u00e7e Saray\u0131\u2019na kadar y\u00fcr\u00fcy\u00fcp geri d\u00f6nd\u00fcm ve s\u00f6ylendi\u011fi gibi bir \u015feyler yedim. Daha sonra \u00fc\u00e7 ba\u015fka hasta ile birlikte klini\u011fin \u00fcst kat\u0131na \u00e7\u0131kar\u0131ld\u0131k. Benden \u00f6nce iki hasta al\u0131nd\u0131. \u0130kinci hasta ameliyat edilirken ben me\u015fhur masaj koltu\u011funda oturdum.Ameliyat\u0131n kendisi \u00e7ok k\u0131sa s\u00fcrd\u00fc ve t\u00fcm \u015f\u00fcphelerime ra\u011fmen, uyu\u015fturucu g\u00f6z damlalar\u0131 ger\u00e7ekten i\u015fe yarad\u0131; hi\u00e7bir a\u011fr\u0131 hissetmedim. Bana g\u00f6sterilen ye\u015fil \u0131\u015f\u0131\u011fa s\u00fcrekli bakma talimat\u0131n\u0131 uygulamak da zor de\u011fildi. Lazer biraz ses \u00e7\u0131kar\u0131yordu ve yanm\u0131\u015f sa\u00e7 kokusuna benzer bir koku vard\u0131.Her iki g\u00f6z\u00fcm de ameliyat edildikten sonra karanl\u0131k bir odaya al\u0131nd\u0131m. Bir s\u00fcre sonra tekrar al\u0131n\u0131p klini\u011fin alt kat\u0131na indirildim. Bana ve di\u011fer hastalara g\u00f6z damlalar\u0131 verildi ve otele gidebilece\u011fimiz s\u00f6ylendi. Her \u015feyi sisli g\u00f6r\u00fcyordum ve ba\u015fta otele geri d\u00f6nmekte biraz zorland\u0131m. Bana s\u00f6ylendi\u011fi gibi otele var\u0131r varmaz uyumaya gittim. Ertesi sabah art\u0131k net g\u00f6rmeye ba\u015flam\u0131\u015ft\u0131m. Sabah g\u00f6z doktorunda bir kontrol\u00fcm daha vard\u0131, ancak 45 dakika sonra \u00e7\u0131kmama izin verildi. B\u00f6ylece \u0130stanbul\u2019u gezmek i\u00e7in koca bir g\u00fcn\u00fcm kald\u0131. Ertesi g\u00fcn tekrar otelden al\u0131nd\u0131m ve havaalan\u0131na g\u00f6t\u00fcr\u00fcld\u00fcm. \u0130stanbul\u2019dan d\u00f6neli d\u00f6rt g\u00fcn oldu ve art\u0131k ger\u00e7ekten g\u00f6zl\u00fc\u011fe ihtiyac\u0131m yok. Hatta \u015fu an g\u00f6zl\u00fckle g\u00f6rd\u00fc\u011f\u00fcmden daha iyi g\u00f6r\u00fcyorum. Eve d\u00f6nd\u00fc\u011f\u00fcmde, al\u0131\u015f\u0131k oldu\u011fum \u00e7evreyi ve insanlar\u0131 g\u00f6rmek beni \u00e7ok \u015fa\u015f\u0131rtt\u0131; her \u015fey art\u0131k \u00e7ok net ve renkliydi. Mesafeleri ve derinli\u011fi de \u00e7ok daha iyi alg\u0131l\u0131yorum. Bu kadar iyi bir sonu\u00e7 beklemiyordum, tek istedi\u011fim g\u00f6zl\u00fckten kurtulmakt\u0131. Ameliyattan ve swisslasik.ch\u2019nin t\u00fcm organizasyonundan \u00e7ok memnunum ve g\u00f6zlerimin bundan sonra da iyi iyile\u015fmesini umuyorum.P. Lutz \u00d6nceki rapor Sonraki rapor<\/p>\n","protected":false},"author":4,"featured_media":0,"parent":4815,"menu_order":0,"comment_status":"closed","ping_status":"closed","template":"","meta":{"_joinchat":[],"footnotes":""},"class_list":["post-4842","page","type-page","status-publish","hentry"],"acf":[],"_links":{"self":[{"href":"https:\/\/medicaltravel.ch\/tr\/wp-json\/wp\/v2\/pages\/4842","targetHints":{"allow":["GET"]}}],"collection":[{"href":"https:\/\/medicaltravel.ch\/tr\/wp-json\/wp\/v2\/pages"}],"about":[{"href":"https:\/\/medicaltravel.ch\/tr\/wp-json\/wp\/v2\/types\/page"}],"author":[{"embeddable":true,"href":"https:\/\/medicaltravel.ch\/tr\/wp-json\/wp\/v2\/users\/4"}],"replies":[{"embeddable":true,"href":"https:\/\/medicaltravel.ch\/tr\/wp-json\/wp\/v2\/comments?post=4842"}],"version-history":[{"count":0,"href":"https:\/\/medicaltravel.ch\/tr\/wp-json\/wp\/v2\/pages\/4842\/revisions"}],"up":[{"embeddable":true,"href":"https:\/\/medicaltravel.ch\/tr\/wp-json\/wp\/v2\/pages\/4815"}],"wp:attachment":[{"href":"https:\/\/medicaltravel.ch\/tr\/wp-json\/wp\/v2\/media?parent=4842"}],"curies":[{"name":"wp","href":"https:\/\/api.w.org\/{rel}","templated":true}]}}