{"id":4845,"date":"2025-09-24T07:20:01","date_gmt":"2025-09-24T06:20:01","guid":{"rendered":"https:\/\/medicaltravel.ch\/hasta-raporlari\/erfahrungsberichte-schoenheits-op-istanbul\/istanbulda-lasik-deneyim-raporum-13-mayis-2009-carsamba-tarihli-rapor\/"},"modified":"2026-01-12T21:18:24","modified_gmt":"2026-01-12T20:18:24","slug":"istanbulda-lasik-deneyim-raporum-13-mayis-2009-carsamba-tarihli-rapor","status":"publish","type":"page","link":"https:\/\/medicaltravel.ch\/tr\/hasta-raporlari\/istanbulda-estetik-cerrahi-hakkinda-musteri-yorumlari\/istanbulda-lasik-deneyim-raporum-13-mayis-2009-carsamba-tarihli-rapor\/","title":{"rendered":"\u0130stanbul&#8217;da LASIK &#8211; Deneyim Raporum &#8211; 13 May\u0131s 2009 \u00c7ar\u015famba tarihli rapor"},"content":{"rendered":"\n<h3 class=\"wp-block-heading\">\u0130stanbul&#8217;da LASIK &#8211; Deneyim Raporum &#8211; 13 May\u0131s 2009 \u00c7ar\u015famba tarihli rapor<\/h3>\n\n\n\n<p>Simon taraf\u0131ndan haz\u0131rlanan operasyon raporu, 1978 \/ Nisan 2009&#8217;daki operasyon<\/p>\n\n\n\n<p>Bahar\u0131n uyan\u0131\u015f\u0131na ve sabah\u0131n ilk \u0131\u015f\u0131klar\u0131n\u0131n ortaya \u00e7\u0131k\u0131\u015f\u0131na bak\u0131n. G\u00fczellik, bakanlara kendini g\u00f6sterir.<br>Halil Cibran<br>Swisslasik ve Eyestar sayesinde art\u0131k bunu g\u00f6zl\u00fcks\u00fcz de yapabiliyoruz.<br>Her \u015fey nas\u0131l ba\u015flad\u0131: Refakat\u00e7i olarak benimle gelen k\u0131z arkada\u015f\u0131m Prisca ile birlikte, 19 Nisan 2009 Pazar g\u00fcn\u00fc Turkish Airlines ile \u0130stanbul\u2019a u\u00e7tuk. Havaliman\u0131nda bizi Birol, \u015f\u0131k bir arabayla kar\u015f\u0131lad\u0131. Bizimle ayn\u0131 u\u00e7u\u015fla gelen iki ba\u015fka hasta ile birlikte ak\u015fam\u0131 ge\u00e7irdik. Ertesi sabah saat 11.00\u2019de Fred bizi otelden ald\u0131. Tavsiye edilen Taksim Gonen Oteli\u2019nden Eyestar Klini\u011fi\u2019ne y\u00fcr\u00fcyerek bile \u00e7ok k\u0131sa s\u00fcrede ula\u015f\u0131labiliyordu. Klini\u011fe vard\u0131\u011f\u0131m\u0131zda son derece s\u0131cak ve nazik bir \u015fekilde kar\u015f\u0131land\u0131k. Bekleme salonunda yerimizi ald\u0131k ve hemen i\u00e7ecek ikram edildi. Her \u015fey \u00e7ok g\u00fcvenilir, bak\u0131ml\u0131 ve ciddi g\u00f6r\u00fcn\u00fcyordu. Bunun \u00fczerine k\u0131z arkada\u015f\u0131m bana aniden, onun g\u00f6zlerinin de lazerle tedavi edilip edilemeyece\u011fini f\u0131s\u0131ldad\u0131. Hi\u00e7 vakit kaybetmeden bir g\u00f6revliye, k\u0131sa s\u00fcrede g\u00f6z lazerinin m\u00fcmk\u00fcn olup olmad\u0131\u011f\u0131n\u0131 sordu. Doktorla g\u00f6r\u00fc\u015ft\u00fckten sonra, Prisca\u2019n\u0131n da \u00f6n muayeneye kat\u0131labilece\u011fi s\u00f6ylendi. Hemen eline bilgileri doldurmas\u0131 i\u00e7in bir form verildi.<br>Bir s\u00fcre sonra beni muayene odas\u0131na \u00e7a\u011f\u0131rd\u0131lar. Doktor g\u00f6zlerimi \u00e7ok detayl\u0131 bir \u015fekilde inceledi. Yap\u0131lan kontroller, Z\u00fcrih\u2019teki \u00f6n muayeneden bile daha kapsaml\u0131yd\u0131. Her an yan\u0131m\u0131zda olan Fred, her \u015feyi bize terc\u00fcme etti, hatta \u0130svi\u00e7re Almancas\u0131\u2019na bile. Prisca\u2019n\u0131n muayeneleri de tamamland\u0131ktan sonra, onun g\u00f6zlerinin de lazer ameliyat\u0131na uygun oldu\u011fu kesinle\u015fti. \u00dccreti hemen \u00f6dedik. Bu tutar, \u0130svi\u00e7re\u2019de yap\u0131lacak bir ameliyat\u0131n yakla\u015f\u0131k d\u00f6rtte biri kadard\u0131.<br>Daha sonra saat yakla\u015f\u0131k 16.00\u2019da tekrar klini\u011fe d\u00f6nmeden \u00f6nce bir \u015feyler yedik. Klini\u011fe geldi\u011fimizde, bize ve di\u011fer alt\u0131 ki\u015fiye ameliyat en ince ayr\u0131nt\u0131s\u0131na kadar tekrar anlat\u0131ld\u0131. Ard\u0131ndan bir kat yukar\u0131 \u00e7\u0131kt\u0131k. \u00dcst katta, mavi galo\u015flar\u0131n \u00fczerine bir \u00e7ift daha giydik ki her \u015fey m\u00fcmk\u00fcn oldu\u011funca steril kals\u0131n. S\u0131ra bana ikinci olarak geldi. \u0130lk hasta lazer olurken ben masaj koltu\u011funda oturdum. Bu s\u0131rada g\u00f6zlerime uyu\u015fturucu damlalar damlat\u0131ld\u0131 ve her \u015fey dezenfekte edildi. Lazer i\u015flemi d\u00fc\u015f\u00fcn\u00fcld\u00fc\u011f\u00fc kadar k\u00f6t\u00fc de\u011fildi ve \u00e7ok k\u0131sa s\u00fcrd\u00fc. En \u00f6nemlisi, hi\u00e7bir a\u011fr\u0131 hissetmedim.<br>Sonras\u0131ndaki kontrol muayenesinden sonra otele d\u00f6nd\u00fck. Verilen talimatlara g\u00f6re g\u00f6z damlalar\u0131m\u0131z\u0131 kulland\u0131k ve ard\u0131ndan uyuduk. Ertesi sabah ikinci kontrolden sonra d\u00f6rd\u00fcm\u00fcz birlikte \u0130stanbul\u2019da k\u0131sa bir \u015fehir turu yapt\u0131k. Ameliyattan sonraki ilk g\u00fcnde bile g\u00f6r\u00fc\u015f olduk\u00e7a tatmin ediciydi. 22 Nisan \u00c7ar\u015famba g\u00fcn\u00fc, k\u0131sa bir al\u0131\u015fveri\u015f turunun ard\u0131ndan keyifli bir \u015fekilde evimize d\u00f6nd\u00fck. Evde g\u00f6zlerimizi, tavsiye edildi\u011fi gibi dinlendirdik. Buna ra\u011fmen \u00f6zellikle k\u0131z arkada\u015f\u0131mda zaman zaman g\u00f6rme netli\u011fiyle ilgili dalgalanmalar ya\u015fand\u0131.                               \u015eimdi, iki hafta sonra, ikimiz de memnunuz ve \u00f6n\u00fcm\u00fczdeki haftalarda g\u00f6zlerin iyi \u015fekilde iyile\u015fmesini ve g\u00f6rme netli\u011finin tamamen geri gelmesini umuyoruz.<br>Hayat b\u00fcy\u00fcleyicidir, yeter ki ona do\u011fru g\u00f6zl\u00fckle bak\u0131ls\u0131n.<br>Alexandre Dumas (o\u011ful)<br>Ya da do\u011fru yerde, do\u011fru ki\u015filere g\u00f6zleri lazerlettirmek\u2026 \ud83d\ude42 <\/p>\n\n\n\n<figure class=\"wp-block-image size-full\"><img decoding=\"async\" width=\"120\" height=\"63\" src=\"https:\/\/medicaltravel.ch\/wp-content\/uploads\/2025\/09\/csm_Istanbul_979b84be42-1.png\" alt=\"\" class=\"wp-image-1022\"\/><\/figure>\n\n\n\n<div class=\"wp-block-group is-layout-grid wp-container-core-group-is-layout-baef362d wp-block-group-is-layout-grid\">\n<p><a href=\"https:\/\/medicaltravel.at\/home\/agb\/\" data-type=\"page\" data-id=\"2191\" rel=\"nofollow noopener\" target=\"_blank\"><\/a><a href=\"https:\/\/medicaltravel.ch\/tr\/hasta-raporlari\/istanbulda-estetik-cerrahi-hakkinda-musteri-yorumlari\/istanbulda-gecirdigim-goez-ameliyatiyla-ilgili-yorumum-15-mayis-2009-cuma-tarihli-rapor\/\" data-type=\"link\" data-id=\"https:\/\/medicaltravel.ch\/tr\/hasta-raporlari\/istanbulda-estetik-cerrahi-hakkinda-musteri-yorumlari\/istanbulda-gecirdigim-goez-ameliyatiyla-ilgili-yorumum-15-mayis-2009-cuma-tarihli-rapor\/\">\u00d6nceki rapor<\/a><\/p>\n\n\n\n<p class=\"has-text-align-right wp-container-content-5e2576f9\"><a href=\"https:\/\/medicaltravel.at\/home\/impressum\/\" data-type=\"page\" data-id=\"2193\" rel=\"nofollow noopener\" target=\"_blank\"><\/a><a href=\"https:\/\/medicaltravel.at\/home\/berichte-von-patienten\/erfahrungsberichte\/erfahrungsbericht-zahnbehandlung-in-istanbul\/\" data-type=\"page\" data-id=\"981\" rel=\"nofollow noopener\" target=\"_blank\"><\/a><a href=\"https:\/\/medicaltravel.ch\/tr\/hasta-raporlari\/istanbulda-estetik-cerrahi-hakkinda-musteri-yorumlari\/mart-2009-faaliyet-raporu-17-nisan-2009-cuma-tarihli-rapor\/\" data-type=\"link\" data-id=\"https:\/\/medicaltravel.ch\/tr\/hasta-raporlari\/istanbulda-estetik-cerrahi-hakkinda-musteri-yorumlari\/mart-2009-faaliyet-raporu-17-nisan-2009-cuma-tarihli-rapor\/\">Sonraki rapor<\/a><\/p>\n<\/div>\n","protected":false},"excerpt":{"rendered":"<p>\u0130stanbul&#8217;da LASIK &#8211; Deneyim Raporum &#8211; 13 May\u0131s 2009 \u00c7ar\u015famba tarihli rapor Simon taraf\u0131ndan haz\u0131rlanan operasyon raporu, 1978 \/ Nisan 2009&#8217;daki operasyon Bahar\u0131n uyan\u0131\u015f\u0131na ve sabah\u0131n ilk \u0131\u015f\u0131klar\u0131n\u0131n ortaya \u00e7\u0131k\u0131\u015f\u0131na bak\u0131n. G\u00fczellik, bakanlara kendini g\u00f6sterir.Halil CibranSwisslasik ve Eyestar sayesinde art\u0131k bunu g\u00f6zl\u00fcks\u00fcz de yapabiliyoruz.Her \u015fey nas\u0131l ba\u015flad\u0131: Refakat\u00e7i olarak benimle gelen k\u0131z arkada\u015f\u0131m Prisca ile birlikte, 19 Nisan 2009 Pazar g\u00fcn\u00fc Turkish Airlines ile \u0130stanbul\u2019a u\u00e7tuk. Havaliman\u0131nda bizi Birol, \u015f\u0131k bir arabayla kar\u015f\u0131lad\u0131. Bizimle ayn\u0131 u\u00e7u\u015fla gelen iki ba\u015fka hasta ile birlikte ak\u015fam\u0131 ge\u00e7irdik. Ertesi sabah saat 11.00\u2019de Fred bizi otelden ald\u0131. Tavsiye edilen Taksim Gonen Oteli\u2019nden Eyestar Klini\u011fi\u2019ne y\u00fcr\u00fcyerek bile \u00e7ok k\u0131sa s\u00fcrede ula\u015f\u0131labiliyordu. Klini\u011fe vard\u0131\u011f\u0131m\u0131zda son derece s\u0131cak ve nazik bir \u015fekilde kar\u015f\u0131land\u0131k. Bekleme salonunda yerimizi ald\u0131k ve hemen i\u00e7ecek ikram edildi. Her \u015fey \u00e7ok g\u00fcvenilir, bak\u0131ml\u0131 ve ciddi g\u00f6r\u00fcn\u00fcyordu. Bunun \u00fczerine k\u0131z arkada\u015f\u0131m bana aniden, onun g\u00f6zlerinin de lazerle tedavi edilip edilemeyece\u011fini f\u0131s\u0131ldad\u0131. Hi\u00e7 vakit kaybetmeden bir g\u00f6revliye, k\u0131sa s\u00fcrede g\u00f6z lazerinin m\u00fcmk\u00fcn olup olmad\u0131\u011f\u0131n\u0131 sordu. Doktorla g\u00f6r\u00fc\u015ft\u00fckten sonra, Prisca\u2019n\u0131n da \u00f6n muayeneye kat\u0131labilece\u011fi s\u00f6ylendi. Hemen eline bilgileri doldurmas\u0131 i\u00e7in bir form verildi.Bir s\u00fcre sonra beni muayene odas\u0131na \u00e7a\u011f\u0131rd\u0131lar. Doktor g\u00f6zlerimi \u00e7ok detayl\u0131 bir \u015fekilde inceledi. Yap\u0131lan kontroller, Z\u00fcrih\u2019teki \u00f6n muayeneden bile daha kapsaml\u0131yd\u0131. Her an yan\u0131m\u0131zda olan Fred, her \u015feyi bize terc\u00fcme etti, hatta \u0130svi\u00e7re Almancas\u0131\u2019na bile. Prisca\u2019n\u0131n muayeneleri de tamamland\u0131ktan sonra, onun g\u00f6zlerinin de lazer ameliyat\u0131na uygun oldu\u011fu kesinle\u015fti. \u00dccreti hemen \u00f6dedik. Bu tutar, \u0130svi\u00e7re\u2019de yap\u0131lacak bir ameliyat\u0131n yakla\u015f\u0131k d\u00f6rtte biri kadard\u0131.Daha sonra saat yakla\u015f\u0131k 16.00\u2019da tekrar klini\u011fe d\u00f6nmeden \u00f6nce bir \u015feyler yedik. Klini\u011fe geldi\u011fimizde, bize ve di\u011fer alt\u0131 ki\u015fiye ameliyat en ince ayr\u0131nt\u0131s\u0131na kadar tekrar anlat\u0131ld\u0131. Ard\u0131ndan bir kat yukar\u0131 \u00e7\u0131kt\u0131k. \u00dcst katta, mavi galo\u015flar\u0131n \u00fczerine bir \u00e7ift daha giydik ki her \u015fey m\u00fcmk\u00fcn oldu\u011funca steril kals\u0131n. S\u0131ra bana ikinci olarak geldi. \u0130lk hasta lazer olurken ben masaj koltu\u011funda oturdum. Bu s\u0131rada g\u00f6zlerime uyu\u015fturucu damlalar damlat\u0131ld\u0131 ve her \u015fey dezenfekte edildi. Lazer i\u015flemi d\u00fc\u015f\u00fcn\u00fcld\u00fc\u011f\u00fc kadar k\u00f6t\u00fc de\u011fildi ve \u00e7ok k\u0131sa s\u00fcrd\u00fc. En \u00f6nemlisi, hi\u00e7bir a\u011fr\u0131 hissetmedim.Sonras\u0131ndaki kontrol muayenesinden sonra otele d\u00f6nd\u00fck. Verilen talimatlara g\u00f6re g\u00f6z damlalar\u0131m\u0131z\u0131 kulland\u0131k ve ard\u0131ndan uyuduk. Ertesi sabah ikinci kontrolden sonra d\u00f6rd\u00fcm\u00fcz birlikte \u0130stanbul\u2019da k\u0131sa bir \u015fehir turu yapt\u0131k. Ameliyattan sonraki ilk g\u00fcnde bile g\u00f6r\u00fc\u015f olduk\u00e7a tatmin ediciydi. 22 Nisan \u00c7ar\u015famba g\u00fcn\u00fc, k\u0131sa bir al\u0131\u015fveri\u015f turunun ard\u0131ndan keyifli bir \u015fekilde evimize d\u00f6nd\u00fck. Evde g\u00f6zlerimizi, tavsiye edildi\u011fi gibi dinlendirdik. Buna ra\u011fmen \u00f6zellikle k\u0131z arkada\u015f\u0131mda zaman zaman g\u00f6rme netli\u011fiyle ilgili dalgalanmalar ya\u015fand\u0131. \u015eimdi, iki hafta sonra, ikimiz de memnunuz ve \u00f6n\u00fcm\u00fczdeki haftalarda g\u00f6zlerin iyi \u015fekilde iyile\u015fmesini ve g\u00f6rme netli\u011finin tamamen geri gelmesini umuyoruz.Hayat b\u00fcy\u00fcleyicidir, yeter ki ona do\u011fru g\u00f6zl\u00fckle bak\u0131ls\u0131n.Alexandre Dumas (o\u011ful)Ya da do\u011fru yerde, do\u011fru ki\u015filere g\u00f6zleri lazerlettirmek\u2026 \ud83d\ude42 \u00d6nceki rapor Sonraki rapor<\/p>\n","protected":false},"author":4,"featured_media":0,"parent":4815,"menu_order":0,"comment_status":"closed","ping_status":"closed","template":"","meta":{"_joinchat":[],"footnotes":""},"class_list":["post-4845","page","type-page","status-publish","hentry"],"acf":[],"_links":{"self":[{"href":"https:\/\/medicaltravel.ch\/tr\/wp-json\/wp\/v2\/pages\/4845","targetHints":{"allow":["GET"]}}],"collection":[{"href":"https:\/\/medicaltravel.ch\/tr\/wp-json\/wp\/v2\/pages"}],"about":[{"href":"https:\/\/medicaltravel.ch\/tr\/wp-json\/wp\/v2\/types\/page"}],"author":[{"embeddable":true,"href":"https:\/\/medicaltravel.ch\/tr\/wp-json\/wp\/v2\/users\/4"}],"replies":[{"embeddable":true,"href":"https:\/\/medicaltravel.ch\/tr\/wp-json\/wp\/v2\/comments?post=4845"}],"version-history":[{"count":0,"href":"https:\/\/medicaltravel.ch\/tr\/wp-json\/wp\/v2\/pages\/4845\/revisions"}],"up":[{"embeddable":true,"href":"https:\/\/medicaltravel.ch\/tr\/wp-json\/wp\/v2\/pages\/4815"}],"wp:attachment":[{"href":"https:\/\/medicaltravel.ch\/tr\/wp-json\/wp\/v2\/media?parent=4845"}],"curies":[{"name":"wp","href":"https:\/\/api.w.org\/{rel}","templated":true}]}}