{"id":4849,"date":"2025-09-24T07:10:34","date_gmt":"2025-09-24T06:10:34","guid":{"rendered":"https:\/\/medicaltravel.ch\/hasta-raporlari\/erfahrungsberichte-schoenheits-op-istanbul\/lazer-goez-ameliyati-hakkindaki-raporum-7-temmuz-2010-carsamba-tarihli-rapor\/"},"modified":"2026-01-12T20:17:58","modified_gmt":"2026-01-12T19:17:58","slug":"lazer-goez-ameliyati-hakkindaki-raporum-7-temmuz-2010-carsamba-tarihli-rapor","status":"publish","type":"page","link":"https:\/\/medicaltravel.ch\/tr\/hasta-raporlari\/istanbulda-estetik-cerrahi-hakkinda-musteri-yorumlari\/lazer-goez-ameliyati-hakkindaki-raporum-7-temmuz-2010-carsamba-tarihli-rapor\/","title":{"rendered":"Lazer g\u00f6z ameliyat\u0131 hakk\u0131ndaki raporum \u2013 7 Temmuz 2010 \u00c7ar\u015famba tarihli rapor"},"content":{"rendered":"\n<h3 class=\"wp-block-heading\">Lazer g\u00f6z ameliyat\u0131 hakk\u0131ndaki raporum \u2013 7 Temmuz 2010 \u00c7ar\u015famba tarihli rapor<\/h3>\n\n\n\n<p>G\u00f6zlerime lazer yapt\u0131rmak yakla\u015f\u0131k 7 y\u0131ld\u0131r hayalimdi. Birincisi, her zaman yeterli param yoktu, ikincisi ise \u00e7ok \u00e7ekiniyordum. Birka\u00e7 g\u00f6z doktoruna fikirlerini sordum ama hepsi bana ameliyat\u0131 tavsiye etmedi. Tabii ki, ameliyattan sonra benden art\u0131k para kazanamayacaklar\u0131 i\u00e7in. \ud83d\ude42 2009 y\u0131l\u0131nda bu konu kafamda giderek daha \u00e7ok yer etmeye ba\u015flad\u0131. Nisan 2010\u2019da Polonya\u2019da, Katowice\u2019de ameliyat olmaya karar verdim. Ameliyattan yakla\u015f\u0131k alt\u0131 ay \u00f6nce \u0130svi\u00e7re\u2019de bir optikte kendime yeni bir g\u00f6zl\u00fck yapt\u0131rd\u0131m ki iyi haz\u0131rlanm\u0131\u015f olay\u0131m. Ameliyattan iki ay \u00f6nce de, klinikten telefonla tavsiye edildi\u011fi gibi, kontakt lens yerine d\u00fczenli olarak g\u00f6zl\u00fck takmaya ba\u015flad\u0131m.<br>Sonunda zaman\u0131 geldi. Polonya\u2019daki klini\u011fe gittim ve doktorlar, \u00e7ok fazla numaral\u0131 bir g\u00f6zl\u00fck kulland\u0131\u011f\u0131m\u0131 ve bu y\u00fczden ameliyat\u0131 yapamayacaklar\u0131n\u0131 s\u00f6ylediler. A\u015f\u0131r\u0131 d\u00fczeltmeyi azaltmak i\u00e7in 1\u20132 ay boyunca \u00f6zel g\u00f6z damlalar\u0131 kullanmam gerekiyordu. \u00c7ok hayal k\u0131r\u0131kl\u0131\u011f\u0131na u\u011frad\u0131m ve g\u00f6zlerimi yanl\u0131\u015f \u00f6l\u00e7en optik\u00e7iye \u00e7ok sinirlendim. \u0130svi\u00e7re\u2019ye geri d\u00f6nd\u00fcm ve Polonya\u2019daki te\u015fhisin do\u011frulanmas\u0131 i\u00e7in hemen bir g\u00f6z doktoruna tekrar muayene olmak istedim. Bern Oberland b\u00f6lgesinde 15\u2019ten fazla g\u00f6z doktorunu arad\u0131m. En erken randevu ancak 5\u20136 ay sonrayd\u0131. Daha erken bir tarih alamad\u0131m. \u00c7ok \u00e7aresizdim ve ba\u015fka bir \u00e7\u00f6z\u00fcm aramaya ba\u015flad\u0131m.<br>\u0130nternette yapt\u0131\u011f\u0131m ara\u015ft\u0131rmalar s\u0131ras\u0131nda Swisslasik ile kar\u015f\u0131la\u015ft\u0131m. T\u00fcm hasta yorumlar\u0131n\u0131 okudum. Swisslasik sitesinde, \u0130svi\u00e7re\u2019deki g\u00f6z doktorlar\u0131yla da i\u015f birli\u011fi yap\u0131ld\u0131\u011f\u0131n\u0131 g\u00f6rd\u00fcm. Bunun \u00fczerine Bay Karaaga\u00e7l\u0131 ile telefonla g\u00f6r\u00fc\u015fmeye karar verdim. Dan\u0131\u015fmanl\u0131k her zaman \u00e7ok netti ve kendisi son derece nazikti. Bay Karaaga\u00e7l\u0131, Z\u00fcrih\u2019te bir g\u00f6z doktoruyla h\u0131zl\u0131ca bir \u00f6n muayene randevusu ayarlad\u0131. Z\u00fcrih\u2019teki doktor, Polonya\u2019dakiyle ayn\u0131 te\u015fhisi koydu. G\u00f6zl\u00fc\u011f\u00fcm \u00e7ok g\u00fc\u00e7l\u00fcyd\u00fc ve g\u00f6zlerimi a\u015f\u0131r\u0131 derecede zorluyordu. Doktor, 1\u20132 ay beklememi ve g\u00fcnde \u00fc\u00e7 kez g\u00f6z damlas\u0131 kullanarak g\u00f6rme de\u011ferlerimin normale d\u00f6nmesini \u00f6nerdi. O an i\u00e7in ameliyat\u0131 tavsiye etmedi. T\u00fcm muayene sonu\u00e7lar\u0131n\u0131 \u0130stanbul\u2019daki EyeStar Klini\u011fi\u2019ne g\u00f6nderdi.<br>Yakla\u015f\u0131k bir hafta sonra Bay Karaaga\u00e7l\u0131\u2019dan bir e-posta ald\u0131m. Mailde, ameliyat\u0131 yapt\u0131rabilece\u011fim ve buna engel bir durum olmad\u0131\u011f\u0131 yaz\u0131yordu. A\u015f\u0131r\u0131 d\u00fczeltmenin, ameliyattan k\u0131sa s\u00fcre \u00f6nce farkl\u0131 g\u00f6z damlalar\u0131yla ayarlanabilece\u011fi belirtilmi\u015fti. \u00c7ok karars\u0131zd\u0131m ve sonunda ne yapaca\u011f\u0131m\u0131 bilemez hale geldim. Ger\u00e7ek olan \u015fuydu ki, g\u00f6zl\u00fcks\u00fcz \u00e7ok k\u00f6t\u00fc g\u00f6r\u00fcyordum, neredeyse hi\u00e7bir \u015fey g\u00f6remiyordum. Bu durum \u00e7ok zahmetli ve \u00e7ok yorucuydu. Kontakt lenslerle de g\u00f6zlerim \u00e7ok \u00e7abuk yoruluyor ve s\u0131k s\u0131k a\u015f\u0131r\u0131 derecede kuruyordu.<br>G\u00f6z de\u011ferlerimi de yaz\u0131yorum, muhtemelen bir\u00e7ok okuyucunun ilgisini \u00e7ekecektir.<br>Sa\u011f: Sph -6, Zyl -2,25, Ach 170<br>Sol: Sph -6, Zyl -2,50, Ach 10<br>En \u00e7ok \u015fa\u015f\u0131rd\u0131\u011f\u0131m \u015fey ise, Z\u00fcrih\u2019teki doktorun o anda ameliyat\u0131 \u00f6nermemesi, buna kar\u015f\u0131l\u0131k \u0130stanbul\u2019daki doktorlar i\u00e7in hi\u00e7bir sak\u0131nca olmamas\u0131yd\u0131.                                   Bay Karaaga\u00e7l\u0131 bana, klinikteki doktorlar\u0131n \u00e7ok deneyimli oldu\u011funu ve Z\u00fcrih\u2019teki doktora k\u0131yasla \u00e7ok daha fazla pratik tecr\u00fcbeye sahip olduklar\u0131n\u0131 s\u00f6yledi. Beni rahatlatt\u0131 ve T\u00fcrkiye\u2019deki doktorlara bir kez daha dan\u0131\u015ft\u0131. Yine ameliyata engel hi\u00e7bir durum olmad\u0131\u011f\u0131 s\u00f6ylendi. Bundan sonra her \u015fey \u00e7ok h\u0131zl\u0131 geli\u015fti.<br>07.05.2010 tarihinde Z\u00fcrih\u2019te muayenem vard\u0131 ve 14.06.2010\u2019da \u00e7oktan \u0130stanbul\u2019a giden u\u00e7akta oturuyordum. Bay Karaaga\u00e7l\u0131 u\u00e7u\u015f, havaalan\u0131 transferi ve di\u011fer t\u00fcm organizasyonu ayarlam\u0131\u015ft\u0131. Benim hi\u00e7bir \u015feyle ilgilenmem gerekmedi. Bu benim i\u00e7in \u00e7ok b\u00fcy\u00fck bir kolayl\u0131kt\u0131; biraz daha fazla \u00f6demek ama her \u015feyin kusursuz \u015fekilde organize edilmesi ger\u00e7ekten \u00e7ok iyiydi. Arkada\u015f\u0131m da refakat\u00e7i olarak \u00e7ok uygun bir fiyatla benimle birlikte geldi.<br>Klinikte ayr\u0131ca g\u00f6z bebeklerimin \u00e7ok b\u00fcy\u00fck oldu\u011fu tespit edildi ve bu nedenle sadece Femto Lasik ameliyat\u0131n\u0131n yap\u0131labilece\u011fi s\u00f6ylendi. \u00d6nce ba\u015fka bir klinikte korneamdaki astigmat lazerle d\u00fczeltildi, ard\u0131ndan EyeStar Klini\u011fi\u2019ne geri d\u00f6n\u00fcp as\u0131l lazer d\u00fczeltmesi yap\u0131ld\u0131. \u0130lk m\u00fcdahale \u00e7ok rahats\u0131z ediciydi ve olduk\u00e7a yorucuydu. Sonras\u0131nda neredeyse hi\u00e7bir \u015fey g\u00f6remiyordum. Ard\u0131ndan, arkada\u015f\u0131m ve g\u00f6revli e\u015fli\u011finde yakla\u015f\u0131k 200 metre y\u00fcr\u00fcyerek tekrar EyeStar Klini\u011fi\u2019ne d\u00f6nd\u00fck.<br>Orada hemen lazer ameliyat\u0131na ba\u015fland\u0131. \u00d6nce sa\u011f g\u00f6z, ard\u0131ndan sol g\u00f6z yap\u0131ld\u0131. Ye\u015fil bir \u0131\u015f\u0131\u011fa bakmam gerekiyordu; Femto i\u015fleminden sonra bu \u00e7ok zorlay\u0131c\u0131 ve olduk\u00e7a a\u011fr\u0131l\u0131yd\u0131. I\u015f\u0131k giderek daha bulan\u0131k hale geldi ve g\u00f6zlerimi sabit tutmakta zorland\u0131m. Birka\u00e7 dakika sonra, bana sonsuzluk gibi gelen bir s\u00fcrenin ard\u0131ndan, doktor sa\u011f g\u00f6z\u00fc bitirdi. Ard\u0131ndan sol g\u00f6ze ba\u015flad\u0131.<br>Birka\u00e7 dakika sonra beni ba\u015fka bir odaya ald\u0131lar ve bir yata\u011fa yat\u0131rd\u0131lar. Bu s\u0131rada lazerin bozuldu\u011funu duydum. Arkada\u015f\u0131m olmadan, tek ba\u015f\u0131ma ve \u00e7ok \u015fiddetli a\u011fr\u0131lar i\u00e7inde uzun s\u00fcre beklemek zorunda kald\u0131m. Yakla\u015f\u0131k bir saat sonra arkada\u015f\u0131m\u0131 yan\u0131ma getirdiler. O, ba\u015fka bir odada beklemi\u015fti. Doktorlar ona lazerin bozuldu\u011funu ve bir teknisyenin yolda oldu\u011funu s\u00f6ylemi\u015fler. A\u011fr\u0131lar dayan\u0131lmazd\u0131. Oda karanl\u0131k olmas\u0131na ve g\u00f6zlerimi kapal\u0131 tutmama ra\u011fmen, sanki do\u011frudan \u00e7ok parlak bir \u0131\u015f\u0131\u011fa bak\u0131yormu\u015fum gibi hissediyordum. Doktorlar, lazerin daha \u00f6nce hi\u00e7 bozulmad\u0131\u011f\u0131n\u0131 s\u00f6ylediler.<br>Sol g\u00f6z yar\u0131m kalm\u0131\u015f halde yakla\u015f\u0131k iki saat bekledim. Sonunda teknisyen geldi ve lazeri tamir etti. Ard\u0131ndan ameliyata devam edildi. Beklerken \u00e7ok \u00e7aresizdim ve bunun hi\u00e7 bitmeyece\u011fini d\u00fc\u015f\u00fcn\u00fcyordum. Kesintinin sebebi bir yaz\u0131l\u0131m sorunuymu\u015f ve doktorlar bunu gelecekte kendileri h\u0131zl\u0131ca \u00e7\u00f6zebileceklerini s\u00f6ylediler. Demek ki birinin ilk olmas\u0131 gerekiyordu. \ud83d\ude42<br>T\u00fcm ameliyat saat 14.00 ile 19.30 aras\u0131nda s\u00fcrd\u00fc. Arkada\u015f\u0131m beni otele g\u00f6t\u00fcrd\u00fc, g\u00f6zlerimi a\u00e7am\u0131yordum. Bir a\u011fr\u0131 kesici ve bir uyku hap\u0131 ald\u0131m. Sonunda 2\u20133 saat uyuyabildim ve a\u011fr\u0131lar\u0131 bir s\u00fcreli\u011fine unuttum. Uyand\u0131\u011f\u0131mda ise a\u011fr\u0131lar h\u00e2l\u00e2 \u00e7ok \u015fiddetliydi.                                     Arkada\u015f\u0131m g\u00f6z damlalar\u0131m\u0131 damlatt\u0131 ve bana bir tane daha a\u011fr\u0131 kesici verdi. Bu \u015fekilde b\u00fct\u00fcn gece uyudum. Sabah saat 06.00\u2019da uyand\u0131m. Ortal\u0131k \u00e7ok ayd\u0131nl\u0131kt\u0131 ve olduk\u00e7a iyi g\u00f6r\u00fcyordum. A\u011fr\u0131lar tamamen ge\u00e7mi\u015fti. \u00c7ok b\u00fcy\u00fck bir sevin\u00e7 ya\u015fad\u0131m ve her \u015feyin geride kalm\u0131\u015f olmas\u0131na \u00e7ok rahatlad\u0131m.<br>\u00d6\u011fleden \u00f6nce klini\u011fe kontrol muayenesi i\u00e7in gittim. Doktorlar sonu\u00e7tan memnundu. Her \u015fey ba\u015far\u0131l\u0131 ge\u00e7mi\u015fti. Astigmat h\u00e2l\u00e2 biraz y\u00fcksekti ama doktor, g\u00f6zlerde h\u00e2l\u00e2 s\u0131v\u0131 oldu\u011funu ve bunun zamanla ge\u00e7ece\u011fini s\u00f6yledi. Yakla\u015f\u0131k 0,5 ile -1 diyoptri aras\u0131nda bir kusur kalabilece\u011fini de belirtti. Zaten ameliyattan \u00f6nce bana bu bilgi verilmi\u015fti.<br>\u015eimdi neredeyse bir ay ge\u00e7ti. \u0130lk hafta \u00f6zellikle sol g\u00f6z\u00fcmde a\u011fr\u0131lar vard\u0131. \u015eu anda ise g\u00f6zl\u00fckle eskiden g\u00f6rd\u00fc\u011f\u00fcm kadar iyi g\u00f6r\u00fcyorum, yani olduk\u00e7a iyi. Doktora g\u00f6re tam g\u00f6rme g\u00fcc\u00fcne 6 ay sonra ula\u015f\u0131l\u0131yor. Baz\u0131 g\u00fcnler daha iyi, baz\u0131 g\u00fcnler ise biraz daha k\u00f6t\u00fc g\u00f6r\u00fcyorum, ama \u00e7ok hafif. Bunun bu ameliyattan sonra tamamen normal oldu\u011fu s\u00f6ylendi. \u015eu ana kadar \u0131\u015f\u0131k hassasiyeti ya da g\u00f6z kurulu\u011fu da ya\u015famad\u0131m.<br>A\u011fustos ay\u0131nda bir g\u00f6z doktoruna gidece\u011fim ve o zaman ne kadar g\u00f6rme kusuru kald\u0131\u011f\u0131n\u0131 \u00f6\u011frenece\u011fim. Ya\u015fad\u0131\u011f\u0131m a\u011fr\u0131lara ve komplikasyonlara ra\u011fmen bu ameliyat\u0131 tavsiye ederim. Doktorlara g\u00f6re Femto Lasik ameliyat\u0131 nadiren ve pek tercih edilerek yap\u0131lm\u0131yor. Normal Lasik ameliyat\u0131 ise a\u011fr\u0131s\u0131z ve \u00e7ok k\u0131sa s\u00fcr\u00fcyor. Klinik\u00adte benden bir g\u00fcn \u00f6nce Lasik ameliyat\u0131 olan iki \u0130svi\u00e7reli kad\u0131nla tan\u0131\u015ft\u0131m. Onlar \u00e7ok memnundu, ameliyatlar\u0131 birka\u00e7 dakika s\u00fcrm\u00fc\u015f ve tamamen a\u011fr\u0131s\u0131z ge\u00e7mi\u015fti.<br>Yan\u0131n\u0131zda mutlaka bir refakat\u00e7iyle gitmenizi tavsiye ederim. Tan\u0131d\u0131\u011f\u0131n\u0131z birinin yan\u0131n\u0131zda olmas\u0131 ger\u00e7ekten \u00e7ok b\u00fcy\u00fck bir destek oluyor.<br>Ewa Debosz                           <\/p>\n\n\n\n<div class=\"wp-block-group is-layout-grid wp-container-core-group-is-layout-baef362d wp-block-group-is-layout-grid\">\n<p><a href=\"https:\/\/medicaltravel.at\/home\/agb\/\" data-type=\"page\" data-id=\"2191\" rel=\"nofollow noopener\" target=\"_blank\"><\/a><a href=\"https:\/\/medicaltravel.ch\/tr\/hasta-raporlari\/istanbulda-estetik-cerrahi-hakkinda-musteri-yorumlari\/sonunda-goerme-engeli-olmayan-bir-yasam-hayali-gerceklesti-ameliyat-17-06-2010-25-temmuz-2010-pazar-tarihli-rapor\/\" data-type=\"link\" data-id=\"https:\/\/medicaltravel.ch\/tr\/hasta-raporlari\/istanbulda-estetik-cerrahi-hakkinda-musteri-yorumlari\/sonunda-goerme-engeli-olmayan-bir-yasam-hayali-gerceklesti-ameliyat-17-06-2010-25-temmuz-2010-pazar-tarihli-rapor\/\">\u00d6nceki rapor<\/a><\/p>\n\n\n\n<p class=\"has-text-align-right wp-container-content-5e2576f9\"><a href=\"https:\/\/medicaltravel.at\/home\/impressum\/\" data-type=\"page\" data-id=\"2193\" rel=\"nofollow noopener\" target=\"_blank\"><\/a><a href=\"https:\/\/medicaltravel.at\/home\/berichte-von-patienten\/erfahrungsberichte\/erfahrungsbericht-zahnbehandlung-in-istanbul\/\" data-type=\"page\" data-id=\"981\" rel=\"nofollow noopener\" target=\"_blank\"><\/a><a href=\"https:\/\/medicaltravel.ch\/tr\/hasta-raporlari\/istanbulda-estetik-cerrahi-hakkinda-musteri-yorumlari\/istanbuldaki-klinikte-gecirdigim-lasik-goez-ameliyati-hakkindaki-deneyim-raporum-2-haziran-2010-carsamba-tarihli-rapor\/\" data-type=\"link\" data-id=\"https:\/\/medicaltravel.ch\/tr\/hasta-raporlari\/istanbulda-estetik-cerrahi-hakkinda-musteri-yorumlari\/istanbuldaki-klinikte-gecirdigim-lasik-goez-ameliyati-hakkindaki-deneyim-raporum-2-haziran-2010-carsamba-tarihli-rapor\/\">Sonraki rapor<\/a><\/p>\n<\/div>\n","protected":false},"excerpt":{"rendered":"<p>Lazer g\u00f6z ameliyat\u0131 hakk\u0131ndaki raporum \u2013 7 Temmuz 2010 \u00c7ar\u015famba tarihli rapor G\u00f6zlerime lazer yapt\u0131rmak yakla\u015f\u0131k 7 y\u0131ld\u0131r hayalimdi. Birincisi, her zaman yeterli param yoktu, ikincisi ise \u00e7ok \u00e7ekiniyordum. Birka\u00e7 g\u00f6z doktoruna fikirlerini sordum ama hepsi bana ameliyat\u0131 tavsiye etmedi. Tabii ki, ameliyattan sonra benden art\u0131k para kazanamayacaklar\u0131 i\u00e7in. \ud83d\ude42 2009 y\u0131l\u0131nda bu konu kafamda giderek daha \u00e7ok yer etmeye ba\u015flad\u0131. Nisan 2010\u2019da Polonya\u2019da, Katowice\u2019de ameliyat olmaya karar verdim. Ameliyattan yakla\u015f\u0131k alt\u0131 ay \u00f6nce \u0130svi\u00e7re\u2019de bir optikte kendime yeni bir g\u00f6zl\u00fck yapt\u0131rd\u0131m ki iyi haz\u0131rlanm\u0131\u015f olay\u0131m. Ameliyattan iki ay \u00f6nce de, klinikten telefonla tavsiye edildi\u011fi gibi, kontakt lens yerine d\u00fczenli olarak g\u00f6zl\u00fck takmaya ba\u015flad\u0131m.Sonunda zaman\u0131 geldi. Polonya\u2019daki klini\u011fe gittim ve doktorlar, \u00e7ok fazla numaral\u0131 bir g\u00f6zl\u00fck kulland\u0131\u011f\u0131m\u0131 ve bu y\u00fczden ameliyat\u0131 yapamayacaklar\u0131n\u0131 s\u00f6ylediler. A\u015f\u0131r\u0131 d\u00fczeltmeyi azaltmak i\u00e7in 1\u20132 ay boyunca \u00f6zel g\u00f6z damlalar\u0131 kullanmam gerekiyordu. \u00c7ok hayal k\u0131r\u0131kl\u0131\u011f\u0131na u\u011frad\u0131m ve g\u00f6zlerimi yanl\u0131\u015f \u00f6l\u00e7en optik\u00e7iye \u00e7ok sinirlendim. \u0130svi\u00e7re\u2019ye geri d\u00f6nd\u00fcm ve Polonya\u2019daki te\u015fhisin do\u011frulanmas\u0131 i\u00e7in hemen bir g\u00f6z doktoruna tekrar muayene olmak istedim. Bern Oberland b\u00f6lgesinde 15\u2019ten fazla g\u00f6z doktorunu arad\u0131m. En erken randevu ancak 5\u20136 ay sonrayd\u0131. Daha erken bir tarih alamad\u0131m. \u00c7ok \u00e7aresizdim ve ba\u015fka bir \u00e7\u00f6z\u00fcm aramaya ba\u015flad\u0131m.\u0130nternette yapt\u0131\u011f\u0131m ara\u015ft\u0131rmalar s\u0131ras\u0131nda Swisslasik ile kar\u015f\u0131la\u015ft\u0131m. T\u00fcm hasta yorumlar\u0131n\u0131 okudum. Swisslasik sitesinde, \u0130svi\u00e7re\u2019deki g\u00f6z doktorlar\u0131yla da i\u015f birli\u011fi yap\u0131ld\u0131\u011f\u0131n\u0131 g\u00f6rd\u00fcm. Bunun \u00fczerine Bay Karaaga\u00e7l\u0131 ile telefonla g\u00f6r\u00fc\u015fmeye karar verdim. Dan\u0131\u015fmanl\u0131k her zaman \u00e7ok netti ve kendisi son derece nazikti. Bay Karaaga\u00e7l\u0131, Z\u00fcrih\u2019te bir g\u00f6z doktoruyla h\u0131zl\u0131ca bir \u00f6n muayene randevusu ayarlad\u0131. Z\u00fcrih\u2019teki doktor, Polonya\u2019dakiyle ayn\u0131 te\u015fhisi koydu. G\u00f6zl\u00fc\u011f\u00fcm \u00e7ok g\u00fc\u00e7l\u00fcyd\u00fc ve g\u00f6zlerimi a\u015f\u0131r\u0131 derecede zorluyordu. Doktor, 1\u20132 ay beklememi ve g\u00fcnde \u00fc\u00e7 kez g\u00f6z damlas\u0131 kullanarak g\u00f6rme de\u011ferlerimin normale d\u00f6nmesini \u00f6nerdi. O an i\u00e7in ameliyat\u0131 tavsiye etmedi. T\u00fcm muayene sonu\u00e7lar\u0131n\u0131 \u0130stanbul\u2019daki EyeStar Klini\u011fi\u2019ne g\u00f6nderdi.Yakla\u015f\u0131k bir hafta sonra Bay Karaaga\u00e7l\u0131\u2019dan bir e-posta ald\u0131m. Mailde, ameliyat\u0131 yapt\u0131rabilece\u011fim ve buna engel bir durum olmad\u0131\u011f\u0131 yaz\u0131yordu. A\u015f\u0131r\u0131 d\u00fczeltmenin, ameliyattan k\u0131sa s\u00fcre \u00f6nce farkl\u0131 g\u00f6z damlalar\u0131yla ayarlanabilece\u011fi belirtilmi\u015fti. \u00c7ok karars\u0131zd\u0131m ve sonunda ne yapaca\u011f\u0131m\u0131 bilemez hale geldim. Ger\u00e7ek olan \u015fuydu ki, g\u00f6zl\u00fcks\u00fcz \u00e7ok k\u00f6t\u00fc g\u00f6r\u00fcyordum, neredeyse hi\u00e7bir \u015fey g\u00f6remiyordum. Bu durum \u00e7ok zahmetli ve \u00e7ok yorucuydu. Kontakt lenslerle de g\u00f6zlerim \u00e7ok \u00e7abuk yoruluyor ve s\u0131k s\u0131k a\u015f\u0131r\u0131 derecede kuruyordu.G\u00f6z de\u011ferlerimi de yaz\u0131yorum, muhtemelen bir\u00e7ok okuyucunun ilgisini \u00e7ekecektir.Sa\u011f: Sph -6, Zyl -2,25, Ach 170Sol: Sph -6, Zyl -2,50, Ach 10En \u00e7ok \u015fa\u015f\u0131rd\u0131\u011f\u0131m \u015fey ise, Z\u00fcrih\u2019teki doktorun o anda ameliyat\u0131 \u00f6nermemesi, buna kar\u015f\u0131l\u0131k \u0130stanbul\u2019daki doktorlar i\u00e7in hi\u00e7bir sak\u0131nca olmamas\u0131yd\u0131. Bay Karaaga\u00e7l\u0131 bana, klinikteki doktorlar\u0131n \u00e7ok deneyimli oldu\u011funu ve Z\u00fcrih\u2019teki doktora k\u0131yasla \u00e7ok daha fazla pratik tecr\u00fcbeye sahip olduklar\u0131n\u0131 s\u00f6yledi. Beni rahatlatt\u0131 ve T\u00fcrkiye\u2019deki doktorlara bir kez daha dan\u0131\u015ft\u0131. Yine ameliyata engel hi\u00e7bir durum olmad\u0131\u011f\u0131 s\u00f6ylendi. Bundan sonra her \u015fey \u00e7ok h\u0131zl\u0131 geli\u015fti.07.05.2010 tarihinde Z\u00fcrih\u2019te muayenem vard\u0131 ve 14.06.2010\u2019da \u00e7oktan \u0130stanbul\u2019a giden u\u00e7akta oturuyordum. Bay Karaaga\u00e7l\u0131 u\u00e7u\u015f, havaalan\u0131 transferi ve di\u011fer t\u00fcm organizasyonu ayarlam\u0131\u015ft\u0131. Benim hi\u00e7bir \u015feyle ilgilenmem gerekmedi. Bu benim i\u00e7in \u00e7ok b\u00fcy\u00fck bir kolayl\u0131kt\u0131; biraz daha fazla \u00f6demek ama her \u015feyin kusursuz \u015fekilde organize edilmesi ger\u00e7ekten \u00e7ok iyiydi. Arkada\u015f\u0131m da refakat\u00e7i olarak \u00e7ok uygun bir fiyatla benimle birlikte geldi.Klinikte ayr\u0131ca g\u00f6z bebeklerimin \u00e7ok b\u00fcy\u00fck oldu\u011fu tespit edildi ve bu nedenle sadece Femto Lasik ameliyat\u0131n\u0131n yap\u0131labilece\u011fi s\u00f6ylendi. \u00d6nce ba\u015fka bir klinikte korneamdaki astigmat lazerle d\u00fczeltildi, ard\u0131ndan EyeStar Klini\u011fi\u2019ne geri d\u00f6n\u00fcp as\u0131l lazer d\u00fczeltmesi yap\u0131ld\u0131. \u0130lk m\u00fcdahale \u00e7ok rahats\u0131z ediciydi ve olduk\u00e7a yorucuydu. Sonras\u0131nda neredeyse hi\u00e7bir \u015fey g\u00f6remiyordum. Ard\u0131ndan, arkada\u015f\u0131m ve g\u00f6revli e\u015fli\u011finde yakla\u015f\u0131k 200 metre y\u00fcr\u00fcyerek tekrar EyeStar Klini\u011fi\u2019ne d\u00f6nd\u00fck.Orada hemen lazer ameliyat\u0131na ba\u015fland\u0131. \u00d6nce sa\u011f g\u00f6z, ard\u0131ndan sol g\u00f6z yap\u0131ld\u0131. Ye\u015fil bir \u0131\u015f\u0131\u011fa bakmam gerekiyordu; Femto i\u015fleminden sonra bu \u00e7ok zorlay\u0131c\u0131 ve olduk\u00e7a a\u011fr\u0131l\u0131yd\u0131. I\u015f\u0131k giderek daha bulan\u0131k hale geldi ve g\u00f6zlerimi sabit tutmakta zorland\u0131m. Birka\u00e7 dakika sonra, bana sonsuzluk gibi gelen bir s\u00fcrenin ard\u0131ndan, doktor sa\u011f g\u00f6z\u00fc bitirdi. Ard\u0131ndan sol g\u00f6ze ba\u015flad\u0131.Birka\u00e7 dakika sonra beni ba\u015fka bir odaya ald\u0131lar ve bir yata\u011fa yat\u0131rd\u0131lar. Bu s\u0131rada lazerin bozuldu\u011funu duydum. Arkada\u015f\u0131m olmadan, tek ba\u015f\u0131ma ve \u00e7ok \u015fiddetli a\u011fr\u0131lar i\u00e7inde uzun s\u00fcre beklemek zorunda kald\u0131m. Yakla\u015f\u0131k bir saat sonra arkada\u015f\u0131m\u0131 yan\u0131ma getirdiler. O, ba\u015fka bir odada beklemi\u015fti. Doktorlar ona lazerin bozuldu\u011funu ve bir teknisyenin yolda oldu\u011funu s\u00f6ylemi\u015fler. A\u011fr\u0131lar dayan\u0131lmazd\u0131. Oda karanl\u0131k olmas\u0131na ve g\u00f6zlerimi kapal\u0131 tutmama ra\u011fmen, sanki do\u011frudan \u00e7ok parlak bir \u0131\u015f\u0131\u011fa bak\u0131yormu\u015fum gibi hissediyordum. Doktorlar, lazerin daha \u00f6nce hi\u00e7 bozulmad\u0131\u011f\u0131n\u0131 s\u00f6ylediler.Sol g\u00f6z yar\u0131m kalm\u0131\u015f halde yakla\u015f\u0131k iki saat bekledim. Sonunda teknisyen geldi ve lazeri tamir etti. Ard\u0131ndan ameliyata devam edildi. Beklerken \u00e7ok \u00e7aresizdim ve bunun hi\u00e7 bitmeyece\u011fini d\u00fc\u015f\u00fcn\u00fcyordum. Kesintinin sebebi bir yaz\u0131l\u0131m sorunuymu\u015f ve doktorlar bunu gelecekte kendileri h\u0131zl\u0131ca \u00e7\u00f6zebileceklerini s\u00f6ylediler. Demek ki birinin ilk olmas\u0131 gerekiyordu. \ud83d\ude42T\u00fcm ameliyat saat 14.00 ile 19.30 aras\u0131nda s\u00fcrd\u00fc. Arkada\u015f\u0131m beni otele g\u00f6t\u00fcrd\u00fc, g\u00f6zlerimi a\u00e7am\u0131yordum. Bir a\u011fr\u0131 kesici ve bir uyku hap\u0131 ald\u0131m. Sonunda 2\u20133 saat uyuyabildim ve a\u011fr\u0131lar\u0131 bir s\u00fcreli\u011fine unuttum. Uyand\u0131\u011f\u0131mda ise a\u011fr\u0131lar h\u00e2l\u00e2 \u00e7ok \u015fiddetliydi. Arkada\u015f\u0131m g\u00f6z damlalar\u0131m\u0131 damlatt\u0131 ve bana bir tane daha a\u011fr\u0131 kesici verdi. Bu \u015fekilde b\u00fct\u00fcn gece uyudum. Sabah saat 06.00\u2019da uyand\u0131m. Ortal\u0131k \u00e7ok ayd\u0131nl\u0131kt\u0131 ve olduk\u00e7a iyi g\u00f6r\u00fcyordum. A\u011fr\u0131lar tamamen ge\u00e7mi\u015fti. \u00c7ok b\u00fcy\u00fck bir sevin\u00e7 ya\u015fad\u0131m ve her \u015feyin geride kalm\u0131\u015f olmas\u0131na \u00e7ok rahatlad\u0131m.\u00d6\u011fleden \u00f6nce klini\u011fe kontrol muayenesi i\u00e7in gittim. Doktorlar sonu\u00e7tan memnundu. Her \u015fey ba\u015far\u0131l\u0131 ge\u00e7mi\u015fti. Astigmat h\u00e2l\u00e2 biraz y\u00fcksekti ama doktor, g\u00f6zlerde h\u00e2l\u00e2 s\u0131v\u0131 oldu\u011funu ve bunun zamanla ge\u00e7ece\u011fini s\u00f6yledi. Yakla\u015f\u0131k 0,5 ile -1 diyoptri aras\u0131nda bir kusur kalabilece\u011fini de belirtti. Zaten ameliyattan \u00f6nce bana bu bilgi verilmi\u015fti.\u015eimdi neredeyse bir ay ge\u00e7ti. \u0130lk hafta \u00f6zellikle sol g\u00f6z\u00fcmde a\u011fr\u0131lar vard\u0131. \u015eu anda ise g\u00f6zl\u00fckle eskiden g\u00f6rd\u00fc\u011f\u00fcm kadar iyi g\u00f6r\u00fcyorum, yani olduk\u00e7a iyi. Doktora g\u00f6re tam g\u00f6rme g\u00fcc\u00fcne 6 ay sonra ula\u015f\u0131l\u0131yor. Baz\u0131 g\u00fcnler daha iyi, baz\u0131 g\u00fcnler ise biraz daha k\u00f6t\u00fc g\u00f6r\u00fcyorum, ama \u00e7ok hafif. Bunun bu ameliyattan sonra tamamen normal oldu\u011fu s\u00f6ylendi. \u015eu ana kadar \u0131\u015f\u0131k hassasiyeti ya da g\u00f6z kurulu\u011fu da ya\u015famad\u0131m.A\u011fustos ay\u0131nda bir g\u00f6z doktoruna gidece\u011fim ve o zaman ne kadar g\u00f6rme kusuru kald\u0131\u011f\u0131n\u0131 \u00f6\u011frenece\u011fim. Ya\u015fad\u0131\u011f\u0131m a\u011fr\u0131lara ve komplikasyonlara ra\u011fmen bu ameliyat\u0131 tavsiye ederim. Doktorlara g\u00f6re Femto Lasik ameliyat\u0131 nadiren ve pek tercih edilerek yap\u0131lm\u0131yor. Normal Lasik ameliyat\u0131 ise a\u011fr\u0131s\u0131z ve \u00e7ok k\u0131sa s\u00fcr\u00fcyor. Klinik\u00adte benden bir g\u00fcn \u00f6nce Lasik ameliyat\u0131 olan iki \u0130svi\u00e7reli kad\u0131nla tan\u0131\u015ft\u0131m. Onlar \u00e7ok memnundu, ameliyatlar\u0131 birka\u00e7 dakika s\u00fcrm\u00fc\u015f ve tamamen a\u011fr\u0131s\u0131z ge\u00e7mi\u015fti.Yan\u0131n\u0131zda mutlaka bir refakat\u00e7iyle gitmenizi tavsiye ederim. Tan\u0131d\u0131\u011f\u0131n\u0131z birinin yan\u0131n\u0131zda olmas\u0131<\/p>\n","protected":false},"author":4,"featured_media":0,"parent":4815,"menu_order":0,"comment_status":"closed","ping_status":"closed","template":"","meta":{"_joinchat":[],"footnotes":""},"class_list":["post-4849","page","type-page","status-publish","hentry"],"acf":[],"_links":{"self":[{"href":"https:\/\/medicaltravel.ch\/tr\/wp-json\/wp\/v2\/pages\/4849","targetHints":{"allow":["GET"]}}],"collection":[{"href":"https:\/\/medicaltravel.ch\/tr\/wp-json\/wp\/v2\/pages"}],"about":[{"href":"https:\/\/medicaltravel.ch\/tr\/wp-json\/wp\/v2\/types\/page"}],"author":[{"embeddable":true,"href":"https:\/\/medicaltravel.ch\/tr\/wp-json\/wp\/v2\/users\/4"}],"replies":[{"embeddable":true,"href":"https:\/\/medicaltravel.ch\/tr\/wp-json\/wp\/v2\/comments?post=4849"}],"version-history":[{"count":0,"href":"https:\/\/medicaltravel.ch\/tr\/wp-json\/wp\/v2\/pages\/4849\/revisions"}],"up":[{"embeddable":true,"href":"https:\/\/medicaltravel.ch\/tr\/wp-json\/wp\/v2\/pages\/4815"}],"wp:attachment":[{"href":"https:\/\/medicaltravel.ch\/tr\/wp-json\/wp\/v2\/media?parent=4849"}],"curies":[{"name":"wp","href":"https:\/\/api.w.org\/{rel}","templated":true}]}}