{"id":4851,"date":"2025-09-24T07:11:07","date_gmt":"2025-09-24T06:11:07","guid":{"rendered":"https:\/\/medicaltravel.ch\/hasta-raporlari\/erfahrungsberichte-schoenheits-op-istanbul\/istanbuldaki-klinikte-gecirdigim-lasik-goez-ameliyati-hakkindaki-deneyim-raporum-2-haziran-2010-carsamba-tarihli-rapor\/"},"modified":"2026-01-12T20:18:29","modified_gmt":"2026-01-12T19:18:29","slug":"istanbuldaki-klinikte-gecirdigim-lasik-goez-ameliyati-hakkindaki-deneyim-raporum-2-haziran-2010-carsamba-tarihli-rapor","status":"publish","type":"page","link":"https:\/\/medicaltravel.ch\/tr\/hasta-raporlari\/istanbulda-estetik-cerrahi-hakkinda-musteri-yorumlari\/istanbuldaki-klinikte-gecirdigim-lasik-goez-ameliyati-hakkindaki-deneyim-raporum-2-haziran-2010-carsamba-tarihli-rapor\/","title":{"rendered":"\u0130stanbul&#8217;daki klinikte ge\u00e7irdi\u011fim LASIK g\u00f6z ameliyat\u0131 hakk\u0131ndaki deneyim raporum \u2013 2 Haziran 2010 \u00c7ar\u015famba tarihli rapor."},"content":{"rendered":"\n<h3 class=\"wp-block-heading\">\u0130stanbul&#8217;daki klinikte ge\u00e7irdi\u011fim LASIK g\u00f6z ameliyat\u0131 hakk\u0131ndaki deneyim raporum \u2013 2 Haziran 2010 \u00c7ar\u015famba tarihli rapor.<\/h3>\n\n\n\n<p>\u0130stanbul\u2019daki klinikte yap\u0131lan g\u00f6z LASIK ameliyat\u0131na dair Bay Roger Gubler\u2019in deneyim raporunu buradan PDF olarak okuyabilirsiniz. L\u00fctfen t\u0131klay\u0131n\u0131z. <\/p>\n\n\n\n<div class=\"wp-block-group is-layout-grid wp-container-core-group-is-layout-baef362d wp-block-group-is-layout-grid\">\n<p><a href=\"https:\/\/medicaltravel.at\/home\/agb\/\" data-type=\"page\" data-id=\"2191\" rel=\"nofollow noopener\" target=\"_blank\"><\/a><a href=\"https:\/\/medicaltravel.ch\/tr\/hasta-raporlari\/istanbulda-estetik-cerrahi-hakkinda-musteri-yorumlari\/lazer-goez-ameliyati-hakkindaki-raporum-7-temmuz-2010-carsamba-tarihli-rapor\/\" data-type=\"link\" data-id=\"https:\/\/medicaltravel.ch\/tr\/hasta-raporlari\/istanbulda-estetik-cerrahi-hakkinda-musteri-yorumlari\/lazer-goez-ameliyati-hakkindaki-raporum-7-temmuz-2010-carsamba-tarihli-rapor\/\">\u00d6nceki rapor<\/a><\/p>\n\n\n\n<p class=\"has-text-align-right wp-container-content-5e2576f9\"><a href=\"https:\/\/medicaltravel.at\/home\/impressum\/\" data-type=\"page\" data-id=\"2193\" rel=\"nofollow noopener\" target=\"_blank\"><\/a><a href=\"https:\/\/medicaltravel.at\/home\/berichte-von-patienten\/erfahrungsberichte\/erfahrungsbericht-zahnbehandlung-in-istanbul\/\" data-type=\"page\" data-id=\"981\" rel=\"nofollow noopener\" target=\"_blank\"><\/a><a href=\"https:\/\/medicaltravel.ch\/tr\/hasta-raporlari\/istanbulda-estetik-cerrahi-hakkinda-musteri-yorumlari\/istanbulda-lazer-goez-ameliyatim-6-subat-2010-cumartesi-tarihli-rapor\/\" data-type=\"link\" data-id=\"https:\/\/medicaltravel.ch\/tr\/hasta-raporlari\/istanbulda-estetik-cerrahi-hakkinda-musteri-yorumlari\/istanbulda-lazer-goez-ameliyatim-6-subat-2010-cumartesi-tarihli-rapor\/\">Sonraki rapor<\/a><\/p>\n<\/div>\n","protected":false},"excerpt":{"rendered":"<p>\u0130stanbul&#8217;daki klinikte ge\u00e7irdi\u011fim LASIK g\u00f6z ameliyat\u0131 hakk\u0131ndaki deneyim raporum \u2013 2 Haziran 2010 \u00c7ar\u015famba tarihli rapor. \u0130stanbul\u2019daki klinikte yap\u0131lan g\u00f6z LASIK ameliyat\u0131na dair Bay Roger Gubler\u2019in deneyim raporunu buradan PDF olarak okuyabilirsiniz. L\u00fctfen t\u0131klay\u0131n\u0131z. \u00d6nceki rapor Sonraki rapor<\/p>\n","protected":false},"author":4,"featured_media":0,"parent":4815,"menu_order":0,"comment_status":"closed","ping_status":"closed","template":"","meta":{"_joinchat":[],"footnotes":""},"class_list":["post-4851","page","type-page","status-publish","hentry"],"acf":[],"_links":{"self":[{"href":"https:\/\/medicaltravel.ch\/tr\/wp-json\/wp\/v2\/pages\/4851","targetHints":{"allow":["GET"]}}],"collection":[{"href":"https:\/\/medicaltravel.ch\/tr\/wp-json\/wp\/v2\/pages"}],"about":[{"href":"https:\/\/medicaltravel.ch\/tr\/wp-json\/wp\/v2\/types\/page"}],"author":[{"embeddable":true,"href":"https:\/\/medicaltravel.ch\/tr\/wp-json\/wp\/v2\/users\/4"}],"replies":[{"embeddable":true,"href":"https:\/\/medicaltravel.ch\/tr\/wp-json\/wp\/v2\/comments?post=4851"}],"version-history":[{"count":0,"href":"https:\/\/medicaltravel.ch\/tr\/wp-json\/wp\/v2\/pages\/4851\/revisions"}],"up":[{"embeddable":true,"href":"https:\/\/medicaltravel.ch\/tr\/wp-json\/wp\/v2\/pages\/4815"}],"wp:attachment":[{"href":"https:\/\/medicaltravel.ch\/tr\/wp-json\/wp\/v2\/media?parent=4851"}],"curies":[{"name":"wp","href":"https:\/\/api.w.org\/{rel}","templated":true}]}}