{"id":4854,"date":"2025-09-24T07:19:07","date_gmt":"2025-09-24T06:19:07","guid":{"rendered":"https:\/\/medicaltravel.ch\/hasta-raporlari\/erfahrungsberichte-schoenheits-op-istanbul\/istanbulda-gecirdigim-goez-ameliyatiyla-ilgili-yorumum-15-mayis-2009-cuma-tarihli-rapor\/"},"modified":"2026-01-12T21:17:22","modified_gmt":"2026-01-12T20:17:22","slug":"istanbulda-gecirdigim-goez-ameliyatiyla-ilgili-yorumum-15-mayis-2009-cuma-tarihli-rapor","status":"publish","type":"page","link":"https:\/\/medicaltravel.ch\/tr\/hasta-raporlari\/istanbulda-estetik-cerrahi-hakkinda-musteri-yorumlari\/istanbulda-gecirdigim-goez-ameliyatiyla-ilgili-yorumum-15-mayis-2009-cuma-tarihli-rapor\/","title":{"rendered":"\u0130stanbul&#8217;da ge\u00e7irdi\u011fim g\u00f6z ameliyat\u0131yla ilgili yorumum \u2013 15 May\u0131s 2009 Cuma tarihli rapor"},"content":{"rendered":"\n<h3 class=\"wp-block-heading\">\u0130stanbul&#8217;da ge\u00e7irdi\u011fim g\u00f6z ameliyat\u0131yla ilgili yorumum \u2013 15 May\u0131s 2009 Cuma tarihli rapor<\/h3>\n\n\n\n<p>Ameliyat\u0131n \u00fczerinden art\u0131k 2 hafta ge\u00e7ti\u2026 A\u015fa\u011f\u0131da seyahat, ameliyat ve \u0130stanbul ile ilgili yorumum yer al\u0131yor:<br>Ben s\u00f6rf yap\u0131yorum ve su kenar\u0131nda olmay\u0131 \u00e7ok seviyorum, bu y\u00fczden g\u00f6zl\u00fck benim i\u00e7in olduk\u00e7a rahats\u0131z ediciydi. Bu nedenle uzun zamand\u0131r g\u00f6zlerimi lazerle d\u00fczelttirmeyi d\u00fc\u015f\u00fcn\u00fcyordum. Ocak ay\u0131nda bir arkada\u015f\u0131m, \u0130stanbul\u2019da yapt\u0131raca\u011f\u0131 ameliyattan bana bahsetti. \u0130lk ba\u015fta \u00e7ok \u015fa\u015f\u0131rm\u0131\u015ft\u0131m; bunu \u0130stanbul\u2019da yapt\u0131racak olmas\u0131na. Ancak sonu\u00e7tan ve verilen hizmetten \u00e7ok memnun kald\u0131. Bunun \u00fczerine internette sizin internet sitenizi defalarca, ba\u015ftan sona okudum\u2026 ve sonunda ben de gitmeye karar verdim.<br>Z\u00fcrih\u2019te herhangi bir \u00f6n muayene yapt\u0131rmad\u0131m. Benim i\u00e7in her \u015feyi tek bir g\u00fcnde tamamlamak \u00e7ok \u00f6nemliydi, \u00e7\u00fcnk\u00fc doktor randevular\u0131ndan ve uzun bekleme s\u00fcrelerinden hi\u00e7 ho\u015flanmam. \u0130svi\u00e7re\u2019de en az \u00fc\u00e7 farkl\u0131 randevuya gitmem gerekecekti. Bay Karaaga\u00e7l\u0131, e-postalar\u0131ma her zaman \u00e7ok h\u0131zl\u0131 ve son derece tatmin edici \u015fekilde cevap verdi. Ona akl\u0131ma gelen her \u015feyi sorabildim. T\u00fcm de\u011ferlendirmeler ve \u00f6deme tamamland\u0131ktan sonra Swisslasik pasaportunu da k\u0131sa s\u00fcrede bana g\u00f6nderdi. \u0130htiyac\u0131m olan t\u00fcm faydal\u0131 bilgiler \u00fczerinde yer al\u0131yordu. Ger\u00e7ekten \u00e7ok ba\u015far\u0131l\u0131 bir pasaport, her \u015fey tek bak\u0131\u015fta g\u00f6r\u00fclebiliyor.<br>U\u00e7u\u015f sorunsuz ge\u00e7ti, Hakan Dikmen taraf\u0131ndan yap\u0131lan havaalan\u0131 transferi de \u00e7ok iyiydi. Trafik olduk\u00e7a yo\u011fundu, san\u0131r\u0131m bu y\u00fczden biraz ge\u00e7 kald\u0131k. \u015eof\u00f6r bizi do\u011frudan, bagajlar\u0131m\u0131zla birlikte EyeSTAR Klini\u011fi\u2019ne g\u00f6t\u00fcrd\u00fc. Asl\u0131nda yolculuktan sonra biraz sakinle\u015fmek i\u00e7in \u00f6nce otele gitmeyi tercih ederdim, klini\u011fe do\u011frudan gitmek yerine.<br>Fred bizi hemen kar\u015f\u0131lad\u0131, valizleri ta\u015f\u0131d\u0131, \u00f6n muayeneler ve ameliyat boyunca bana e\u015flik etti ve \u00e7evirileri yapt\u0131. Her \u015fey biraz aceleye gelmi\u015f gibiydi. G\u00f6z damlalar\u0131ndan sonra art\u0131k sadece bulan\u0131k g\u00f6rebiliyordum. K\u0131sa bir s\u00fcre i\u00e7in bir \u015feyler yememiz istendi. Ak\u015fam yeme\u011finden sonra hemen ameliyata ge\u00e7ildi. Grubumuzda ilk s\u0131radayd\u0131m. Masaj koltu\u011funa oturdu\u011fumda inan\u0131lmaz derecede gergindim. Bir anda her \u015fey ba\u015flad\u0131. Sadece \u015funu d\u00fc\u015f\u00fcnd\u00fcm: Jeannette, sadece turuncu \u0131\u015f\u0131\u011fa odaklan, ba\u015fka hi\u00e7bir \u015fey d\u00fc\u015f\u00fcnme. Sonra adeta koptum, pek bir \u015fey hat\u0131rlam\u0131yorum. Her \u015fey \u00e7ok h\u0131zl\u0131 ge\u00e7ti. Ameliyat rahats\u0131z ediciydi ama a\u011fr\u0131l\u0131 de\u011fildi.<br>Ameliyattan sonra yakla\u015f\u0131k yar\u0131m saat titredim. Ard\u0131ndan hemen seyahat arkada\u015f\u0131m ile otele gidip yata\u011fa uzand\u0131m. Ertesi sabah g\u00f6zlerimi a\u00e7maya neredeyse cesaret edemedim\u2026 ama her \u015fey yolunda gitti. Harika. Sonras\u0131nda iki g\u00fcn boyunca \u0130stanbul\u2019u gezdik. Ger\u00e7ekten \u00e7ok g\u00fczel, ilgin\u00e7, canl\u0131 ve temiz bir \u015fehir. \u00c7ok olumlu etkilendim.<br>Oteldeki ilk gece ise berbatt\u0131. Penceresiz bir odada kald\u0131k ve klima bozuktu. Oda \u00e7ok havas\u0131z ve s\u0131cakt\u0131.                                           Sonunda biraz temiz hava alabilmek i\u00e7in oda kap\u0131s\u0131n\u0131 a\u00e7\u0131k b\u0131rakmak zorunda kald\u0131k. Arkada\u015f\u0131m gece yar\u0131s\u0131 \u00e7ok sinirli bir \u015fekilde resepsiyona indi ve yeni bir oda istedi. Sabah olunca oda de\u011fi\u015ftirebildik. Kahvalt\u0131 salonundan manzara ise muhte\u015femdi.<br>29.05 tarihinde ilk kontrol muayenem var. \u015eu anda g\u00fcne\u015f g\u00f6zl\u00fc\u011f\u00fcyle bilgisayar\u0131n ba\u015f\u0131nda oturuyor ve bu yaz\u0131y\u0131 yaz\u0131yorum\u2026<br>Sevgiler<br>J. Gr\u00fcnenfelder     <\/p>\n\n\n\n<figure class=\"wp-block-image size-full\"><img decoding=\"async\" width=\"68\" height=\"90\" src=\"https:\/\/medicaltravel.ch\/wp-content\/uploads\/2025\/09\/csm_IMG_0043_85fa6b7140.jpg\" alt=\"\" class=\"wp-image-1019\"\/><\/figure>\n\n\n\n<div class=\"wp-block-group is-layout-grid wp-container-core-group-is-layout-baef362d wp-block-group-is-layout-grid\">\n<p><a href=\"https:\/\/medicaltravel.at\/home\/agb\/\" data-type=\"page\" data-id=\"2191\" rel=\"nofollow noopener\" target=\"_blank\"><\/a><a href=\"https:\/\/medicaltravel.ch\/tr\/hasta-raporlari\/istanbulda-estetik-cerrahi-hakkinda-musteri-yorumlari\/goezlueksuez-bir-hayat-her-zaman-hayalim-olmustur-21-mayis-2009-persembe-tarihli-rapor\/\" data-type=\"link\" data-id=\"https:\/\/medicaltravel.ch\/tr\/hasta-raporlari\/istanbulda-estetik-cerrahi-hakkinda-musteri-yorumlari\/goezlueksuez-bir-hayat-her-zaman-hayalim-olmustur-21-mayis-2009-persembe-tarihli-rapor\/\">\u00d6nceki rapor<\/a><\/p>\n\n\n\n<p class=\"has-text-align-right wp-container-content-5e2576f9\"><a href=\"https:\/\/medicaltravel.at\/home\/impressum\/\" data-type=\"page\" data-id=\"2193\" rel=\"nofollow noopener\" target=\"_blank\"><\/a><a href=\"https:\/\/medicaltravel.at\/home\/berichte-von-patienten\/erfahrungsberichte\/erfahrungsbericht-zahnbehandlung-in-istanbul\/\" data-type=\"page\" data-id=\"981\" rel=\"nofollow noopener\" target=\"_blank\"><\/a><a href=\"https:\/\/medicaltravel.ch\/tr\/hasta-raporlari\/istanbulda-estetik-cerrahi-hakkinda-musteri-yorumlari\/istanbulda-lasik-deneyim-raporum-13-mayis-2009-carsamba-tarihli-rapor\/\" data-type=\"link\" data-id=\"https:\/\/medicaltravel.ch\/tr\/hasta-raporlari\/istanbulda-estetik-cerrahi-hakkinda-musteri-yorumlari\/istanbulda-lasik-deneyim-raporum-13-mayis-2009-carsamba-tarihli-rapor\/\">Sonraki rapor<\/a><\/p>\n<\/div>\n","protected":false},"excerpt":{"rendered":"<p>\u0130stanbul&#8217;da ge\u00e7irdi\u011fim g\u00f6z ameliyat\u0131yla ilgili yorumum \u2013 15 May\u0131s 2009 Cuma tarihli rapor Ameliyat\u0131n \u00fczerinden art\u0131k 2 hafta ge\u00e7ti\u2026 A\u015fa\u011f\u0131da seyahat, ameliyat ve \u0130stanbul ile ilgili yorumum yer al\u0131yor:Ben s\u00f6rf yap\u0131yorum ve su kenar\u0131nda olmay\u0131 \u00e7ok seviyorum, bu y\u00fczden g\u00f6zl\u00fck benim i\u00e7in olduk\u00e7a rahats\u0131z ediciydi. Bu nedenle uzun zamand\u0131r g\u00f6zlerimi lazerle d\u00fczelttirmeyi d\u00fc\u015f\u00fcn\u00fcyordum. Ocak ay\u0131nda bir arkada\u015f\u0131m, \u0130stanbul\u2019da yapt\u0131raca\u011f\u0131 ameliyattan bana bahsetti. \u0130lk ba\u015fta \u00e7ok \u015fa\u015f\u0131rm\u0131\u015ft\u0131m; bunu \u0130stanbul\u2019da yapt\u0131racak olmas\u0131na. Ancak sonu\u00e7tan ve verilen hizmetten \u00e7ok memnun kald\u0131. Bunun \u00fczerine internette sizin internet sitenizi defalarca, ba\u015ftan sona okudum\u2026 ve sonunda ben de gitmeye karar verdim.Z\u00fcrih\u2019te herhangi bir \u00f6n muayene yapt\u0131rmad\u0131m. Benim i\u00e7in her \u015feyi tek bir g\u00fcnde tamamlamak \u00e7ok \u00f6nemliydi, \u00e7\u00fcnk\u00fc doktor randevular\u0131ndan ve uzun bekleme s\u00fcrelerinden hi\u00e7 ho\u015flanmam. \u0130svi\u00e7re\u2019de en az \u00fc\u00e7 farkl\u0131 randevuya gitmem gerekecekti. Bay Karaaga\u00e7l\u0131, e-postalar\u0131ma her zaman \u00e7ok h\u0131zl\u0131 ve son derece tatmin edici \u015fekilde cevap verdi. Ona akl\u0131ma gelen her \u015feyi sorabildim. T\u00fcm de\u011ferlendirmeler ve \u00f6deme tamamland\u0131ktan sonra Swisslasik pasaportunu da k\u0131sa s\u00fcrede bana g\u00f6nderdi. \u0130htiyac\u0131m olan t\u00fcm faydal\u0131 bilgiler \u00fczerinde yer al\u0131yordu. Ger\u00e7ekten \u00e7ok ba\u015far\u0131l\u0131 bir pasaport, her \u015fey tek bak\u0131\u015fta g\u00f6r\u00fclebiliyor.U\u00e7u\u015f sorunsuz ge\u00e7ti, Hakan Dikmen taraf\u0131ndan yap\u0131lan havaalan\u0131 transferi de \u00e7ok iyiydi. Trafik olduk\u00e7a yo\u011fundu, san\u0131r\u0131m bu y\u00fczden biraz ge\u00e7 kald\u0131k. \u015eof\u00f6r bizi do\u011frudan, bagajlar\u0131m\u0131zla birlikte EyeSTAR Klini\u011fi\u2019ne g\u00f6t\u00fcrd\u00fc. Asl\u0131nda yolculuktan sonra biraz sakinle\u015fmek i\u00e7in \u00f6nce otele gitmeyi tercih ederdim, klini\u011fe do\u011frudan gitmek yerine.Fred bizi hemen kar\u015f\u0131lad\u0131, valizleri ta\u015f\u0131d\u0131, \u00f6n muayeneler ve ameliyat boyunca bana e\u015flik etti ve \u00e7evirileri yapt\u0131. Her \u015fey biraz aceleye gelmi\u015f gibiydi. G\u00f6z damlalar\u0131ndan sonra art\u0131k sadece bulan\u0131k g\u00f6rebiliyordum. K\u0131sa bir s\u00fcre i\u00e7in bir \u015feyler yememiz istendi. Ak\u015fam yeme\u011finden sonra hemen ameliyata ge\u00e7ildi. Grubumuzda ilk s\u0131radayd\u0131m. Masaj koltu\u011funa oturdu\u011fumda inan\u0131lmaz derecede gergindim. Bir anda her \u015fey ba\u015flad\u0131. Sadece \u015funu d\u00fc\u015f\u00fcnd\u00fcm: Jeannette, sadece turuncu \u0131\u015f\u0131\u011fa odaklan, ba\u015fka hi\u00e7bir \u015fey d\u00fc\u015f\u00fcnme. Sonra adeta koptum, pek bir \u015fey hat\u0131rlam\u0131yorum. Her \u015fey \u00e7ok h\u0131zl\u0131 ge\u00e7ti. Ameliyat rahats\u0131z ediciydi ama a\u011fr\u0131l\u0131 de\u011fildi.Ameliyattan sonra yakla\u015f\u0131k yar\u0131m saat titredim. Ard\u0131ndan hemen seyahat arkada\u015f\u0131m ile otele gidip yata\u011fa uzand\u0131m. Ertesi sabah g\u00f6zlerimi a\u00e7maya neredeyse cesaret edemedim\u2026 ama her \u015fey yolunda gitti. Harika. Sonras\u0131nda iki g\u00fcn boyunca \u0130stanbul\u2019u gezdik. Ger\u00e7ekten \u00e7ok g\u00fczel, ilgin\u00e7, canl\u0131 ve temiz bir \u015fehir. \u00c7ok olumlu etkilendim.Oteldeki ilk gece ise berbatt\u0131. Penceresiz bir odada kald\u0131k ve klima bozuktu. Oda \u00e7ok havas\u0131z ve s\u0131cakt\u0131. Sonunda biraz temiz hava alabilmek i\u00e7in oda kap\u0131s\u0131n\u0131 a\u00e7\u0131k b\u0131rakmak zorunda kald\u0131k. Arkada\u015f\u0131m gece yar\u0131s\u0131 \u00e7ok sinirli bir \u015fekilde resepsiyona indi ve yeni bir oda istedi. Sabah olunca oda de\u011fi\u015ftirebildik. Kahvalt\u0131 salonundan manzara ise muhte\u015femdi.29.05 tarihinde ilk kontrol muayenem var. \u015eu anda g\u00fcne\u015f g\u00f6zl\u00fc\u011f\u00fcyle bilgisayar\u0131n ba\u015f\u0131nda oturuyor ve bu yaz\u0131y\u0131 yaz\u0131yorum\u2026SevgilerJ. Gr\u00fcnenfelder \u00d6nceki rapor Sonraki rapor<\/p>\n","protected":false},"author":4,"featured_media":0,"parent":4815,"menu_order":0,"comment_status":"closed","ping_status":"closed","template":"","meta":{"_joinchat":[],"footnotes":""},"class_list":["post-4854","page","type-page","status-publish","hentry"],"acf":[],"_links":{"self":[{"href":"https:\/\/medicaltravel.ch\/tr\/wp-json\/wp\/v2\/pages\/4854","targetHints":{"allow":["GET"]}}],"collection":[{"href":"https:\/\/medicaltravel.ch\/tr\/wp-json\/wp\/v2\/pages"}],"about":[{"href":"https:\/\/medicaltravel.ch\/tr\/wp-json\/wp\/v2\/types\/page"}],"author":[{"embeddable":true,"href":"https:\/\/medicaltravel.ch\/tr\/wp-json\/wp\/v2\/users\/4"}],"replies":[{"embeddable":true,"href":"https:\/\/medicaltravel.ch\/tr\/wp-json\/wp\/v2\/comments?post=4854"}],"version-history":[{"count":2,"href":"https:\/\/medicaltravel.ch\/tr\/wp-json\/wp\/v2\/pages\/4854\/revisions"}],"predecessor-version":[{"id":6530,"href":"https:\/\/medicaltravel.ch\/tr\/wp-json\/wp\/v2\/pages\/4854\/revisions\/6530"}],"up":[{"embeddable":true,"href":"https:\/\/medicaltravel.ch\/tr\/wp-json\/wp\/v2\/pages\/4815"}],"wp:attachment":[{"href":"https:\/\/medicaltravel.ch\/tr\/wp-json\/wp\/v2\/media?parent=4854"}],"curies":[{"name":"wp","href":"https:\/\/api.w.org\/{rel}","templated":true}]}}