{"id":4856,"date":"2025-09-24T07:12:50","date_gmt":"2025-09-24T06:12:50","guid":{"rendered":"https:\/\/medicaltravel.ch\/hasta-raporlari\/erfahrungsberichte-schoenheits-op-istanbul\/istanbulda-lazer-goez-ve-dis-tedavimle-ilgili-hasta-raporum-21-aralik-2009-pazartesi-tarihli-rapor\/"},"modified":"2026-01-12T21:10:48","modified_gmt":"2026-01-12T20:10:48","slug":"istanbulda-lazer-goez-ve-dis-tedavimle-ilgili-hasta-raporum-21-aralik-2009-pazartesi-tarihli-rapor","status":"publish","type":"page","link":"https:\/\/medicaltravel.ch\/tr\/hasta-raporlari\/istanbulda-estetik-cerrahi-hakkinda-musteri-yorumlari\/istanbulda-lazer-goez-ve-dis-tedavimle-ilgili-hasta-raporum-21-aralik-2009-pazartesi-tarihli-rapor\/","title":{"rendered":"\u0130stanbul&#8217;da lazer g\u00f6z ve di\u015f tedavimle ilgili hasta raporum \u2013 21 Aral\u0131k 2009 Pazartesi tarihli rapor"},"content":{"rendered":"\n<h3 class=\"wp-block-heading\">\u0130stanbul&#8217;da lazer g\u00f6z ve di\u015f tedavimle ilgili hasta raporum \u2013 21 Aral\u0131k 2009 Pazartesi tarihli rapor<\/h3>\n\n\n\n<p>Uzun zamand\u0131r g\u00f6zlerimi lazerle d\u00fczelttirme fikriyle oynuyordum, ancak \u0130svi\u00e7re\u2019de bunun ne kadar pahal\u0131 oldu\u011funu bildi\u011fim i\u00e7in karars\u0131zd\u0131m. \u0130nternette tesad\u00fcfen www.swisslasik.ch sitesine rastlad\u0131m. Bir s\u00fcre d\u00fc\u015f\u00fcnd\u00fckten sonra Bay Serdar Karaaga\u00e7l\u0131 ile ileti\u015fime ge\u00e7meye karar verdim. Telefonla ve yaz\u0131l\u0131 olarak verilen destek ger\u00e7ekten \u00e7ok iyiydi. \u0130stanbul\u2019a gitmeye karar verdikten sonra, \u00e7evremde tan\u0131d\u0131\u011f\u0131m iki ki\u015finin daha \u00f6nce orada ameliyat oldu\u011funu ve \u00e7ok memnun d\u00f6nd\u00fcklerini \u00f6\u011frendim. Bu da karar\u0131m\u0131 iyice peki\u015ftirdi.<br>\u0130yi bir arkada\u015f\u0131mla birlikte \u0130stanbul\u2019a u\u00e7tuk. \u00d6\u011fleden sonra erken saatlerde vard\u0131k, havaalan\u0131nda kar\u015f\u0131land\u0131k ve otele g\u00f6t\u00fcr\u00fcld\u00fck. Otele var\u0131nca biraz dinlenip tazelendi\u011fimiz gibi, sadece 5 dakika uzakl\u0131ktaki al\u0131\u015fveri\u015f caddesinin kalabal\u0131\u011f\u0131na dald\u0131k. Saat 22.00\u2019de bile al\u0131\u015fveri\u015f yapmak ger\u00e7ekten \u00e7ok keyifliydi.<br>Ertesi g\u00fcn saat 11.00\u2019de bizi ald\u0131lar ve y\u00fcr\u00fcyerek, yakla\u015f\u0131k 5 dakikada klini\u011fe g\u00f6t\u00fcrd\u00fcler. \u00c7ok g\u00fcler y\u00fczl\u00fc kar\u015f\u0131land\u0131k. G\u00f6zlerim farkl\u0131 cihazlarla detayl\u0131 \u015fekilde incelendi. Sonunda g\u00f6z doktoru ameliyat i\u00e7in onay verdi. Muayene s\u0131ras\u0131nda her zaman Almanca bilen biri yan\u0131m\u0131zdayd\u0131, doktor ise \u0130ngilizce konu\u015fuyordu. Ameliyat ayn\u0131 g\u00fcn saat 17.30\u2019a planland\u0131. K\u0131sa bir beklemeden sonra ameliyathaneye al\u0131nd\u0131m. Ameliyat\u0131, di\u011fer hasta yorumlar\u0131n\u0131n aksine, olduk\u00e7a a\u011fr\u0131l\u0131 buldum ama yine de dayan\u0131labilirdi.<br>Ameliyattan sonra k\u0131sa bir s\u00fcre dinlendim, ard\u0131ndan g\u00f6z damlalar\u0131yla birlikte otele d\u00f6nd\u00fck. G\u00f6zlerim sulan\u0131yordu ve \u0131\u015f\u0131\u011fa kar\u015f\u0131 olduk\u00e7a hassast\u0131m. A\u011fr\u0131 kesici ald\u0131m ve saat 19.00 civar\u0131nda uyudum. Gece yar\u0131s\u0131 civar\u0131nda uyand\u0131m, televizyonu a\u00e7t\u0131m ve hafif bir \u0131\u015f\u0131k hassasiyeti olmas\u0131na ra\u011fmen hi\u00e7bir g\u00f6rme yard\u0131m\u0131 olmadan televizyon izleyebildim.<br>Ertesi g\u00fcn saat 11.00\u2019de kontrol muayenem vard\u0131. Doktor her \u015feyin yolunda oldu\u011funu s\u00f6yledi. Daha sonra Sultanahmet Camii\u2019ne ve Kapal\u0131\u00e7ar\u015f\u0131\u2019ya gittik. Hi\u00e7bir rahats\u0131zl\u0131k hissetmeden, hatta g\u00fcne\u015f g\u00f6zl\u00fc\u011f\u00fc bile takmadan dola\u015fabildim. Sadece g\u00f6zlerimde sanki bir \u015fey varm\u0131\u015f gibi hafif bir his vard\u0131 ama rahats\u0131z edici de\u011fildi.<br>Saat 17.00\u2019de Stomadenta\u2019da bir di\u015f hekimi randevum vard\u0131. Bu randevu Swisslasik taraf\u0131ndan ayarlanm\u0131\u015ft\u0131. Di\u015f tedavisi \u00e7ok iyiydi, klinik ger\u00e7ekten \u00e7ok g\u00fczeldi ve ba\u015fhekim Almancay\u0131 iyi konu\u015fuyordu. Di\u015f temizli\u011fi ve iki dolgu i\u00e7in, iki r\u00f6ntgen filmi dahil olmak \u00fczere yakla\u015f\u0131k 300 \u0130svi\u00e7re frang\u0131 \u00f6dedim. Ger\u00e7ekten tavsiye ederim. Di\u015f klini\u011fine gitmek i\u00e7in taksiye binmek yeterli, yolculuk yakla\u015f\u0131k 45 dakika s\u00fcr\u00fcyor.<br>Ertesi g\u00fcn Frans\u0131z Caddesi\u2019nde k\u0131sa bir al\u0131\u015fveri\u015f turu yapt\u0131k. Saat 13.00\u2019te otelden al\u0131nd\u0131k ve havaalan\u0131na g\u00f6t\u00fcr\u00fcld\u00fck. Sonraki g\u00fcnlerde de herhangi bir \u015fik\u00e2yetim olmad\u0131. \u0130ki g\u00fcn sonra gece arabayla \u0130talya\u2019ya gittim; ne kama\u015fma oldu ne de g\u00f6z kurulu\u011fu ya\u015fad\u0131m, ama bunun ki\u015fiden ki\u015fiye de\u011fi\u015fti\u011fini d\u00fc\u015f\u00fcn\u00fcyorum.<br>Kesinlikle tekrar yapt\u0131r\u0131rd\u0131m. Yan\u0131n\u0131za mutlaka birini al\u0131n; birlikte al\u0131\u015fveri\u015f yapmak daha keyifli. Benim yapt\u0131\u011f\u0131m hatay\u0131 yapmay\u0131n: Sadece 3 gece kald\u0131\u011f\u0131ma \u00e7ok pi\u015fman oldum. Bir dahaki sefere en az 4\u20135 gece kal\u0131rd\u0131m. \u015eehir harika ve madem oraya gidiliyor, mutlaka bir tatille birle\u015ftirilmeli. Otel genel olarak gayet iyiydi, sadece dolap biraz k\u00fc\u00e7\u00fckt\u00fc.<br>Sayg\u0131lar\u0131mla<br>Stefan Stolz<\/p>\n\n\n\n<div class=\"wp-block-group is-layout-grid wp-container-core-group-is-layout-baef362d wp-block-group-is-layout-grid\">\n<p><a href=\"https:\/\/medicaltravel.at\/home\/agb\/\" data-type=\"page\" data-id=\"2191\" rel=\"nofollow noopener\" target=\"_blank\"><\/a><a href=\"https:\/\/medicaltravel.ch\/tr\/hasta-raporlari\/istanbulda-estetik-cerrahi-hakkinda-musteri-yorumlari\/swisslasik-araciligiyla-istanbuldaki-klinikte-yasadigim-deneyim-5-subat-2010-cuma-tarihli-rapor\/\" data-type=\"link\" data-id=\"https:\/\/medicaltravel.ch\/tr\/hasta-raporlari\/istanbulda-estetik-cerrahi-hakkinda-musteri-yorumlari\/swisslasik-araciligiyla-istanbuldaki-klinikte-yasadigim-deneyim-5-subat-2010-cuma-tarihli-rapor\/\">\u00d6nceki rapor<\/a><\/p>\n\n\n\n<p class=\"has-text-align-right wp-container-content-5e2576f9\"><a href=\"https:\/\/medicaltravel.at\/home\/impressum\/\" data-type=\"page\" data-id=\"2193\" rel=\"nofollow noopener\" target=\"_blank\"><\/a><a href=\"https:\/\/medicaltravel.at\/home\/berichte-von-patienten\/erfahrungsberichte\/erfahrungsbericht-zahnbehandlung-in-istanbul\/\" data-type=\"page\" data-id=\"981\" rel=\"nofollow noopener\" target=\"_blank\"><\/a><a href=\"https:\/\/medicaltravel.ch\/tr\/hasta-raporlari\/istanbulda-estetik-cerrahi-hakkinda-musteri-yorumlari\/istanbuldaki-goez-ameliyatim-alarm-saati-847yi-goesteriyordu-her-zamankinden-daha-net-goerueyordum-2-kasim-2009-pazartesi-tarihli-rapor\/\" data-type=\"link\" data-id=\"https:\/\/medicaltravel.ch\/tr\/hasta-raporlari\/istanbulda-estetik-cerrahi-hakkinda-musteri-yorumlari\/istanbuldaki-goez-ameliyatim-alarm-saati-847yi-goesteriyordu-her-zamankinden-daha-net-goerueyordum-2-kasim-2009-pazartesi-tarihli-rapor\/\">Sonraki rapor<\/a><\/p>\n<\/div>\n\n\n\n<p><\/p>\n","protected":false},"excerpt":{"rendered":"<p>\u0130stanbul&#8217;da lazer g\u00f6z ve di\u015f tedavimle ilgili hasta raporum \u2013 21 Aral\u0131k 2009 Pazartesi tarihli rapor Uzun zamand\u0131r g\u00f6zlerimi lazerle d\u00fczelttirme fikriyle oynuyordum, ancak \u0130svi\u00e7re\u2019de bunun ne kadar pahal\u0131 oldu\u011funu bildi\u011fim i\u00e7in karars\u0131zd\u0131m. \u0130nternette tesad\u00fcfen www.swisslasik.ch sitesine rastlad\u0131m. Bir s\u00fcre d\u00fc\u015f\u00fcnd\u00fckten sonra Bay Serdar Karaaga\u00e7l\u0131 ile ileti\u015fime ge\u00e7meye karar verdim. Telefonla ve yaz\u0131l\u0131 olarak verilen destek ger\u00e7ekten \u00e7ok iyiydi. \u0130stanbul\u2019a gitmeye karar verdikten sonra, \u00e7evremde tan\u0131d\u0131\u011f\u0131m iki ki\u015finin daha \u00f6nce orada ameliyat oldu\u011funu ve \u00e7ok memnun d\u00f6nd\u00fcklerini \u00f6\u011frendim. Bu da karar\u0131m\u0131 iyice peki\u015ftirdi.\u0130yi bir arkada\u015f\u0131mla birlikte \u0130stanbul\u2019a u\u00e7tuk. \u00d6\u011fleden sonra erken saatlerde vard\u0131k, havaalan\u0131nda kar\u015f\u0131land\u0131k ve otele g\u00f6t\u00fcr\u00fcld\u00fck. Otele var\u0131nca biraz dinlenip tazelendi\u011fimiz gibi, sadece 5 dakika uzakl\u0131ktaki al\u0131\u015fveri\u015f caddesinin kalabal\u0131\u011f\u0131na dald\u0131k. Saat 22.00\u2019de bile al\u0131\u015fveri\u015f yapmak ger\u00e7ekten \u00e7ok keyifliydi.Ertesi g\u00fcn saat 11.00\u2019de bizi ald\u0131lar ve y\u00fcr\u00fcyerek, yakla\u015f\u0131k 5 dakikada klini\u011fe g\u00f6t\u00fcrd\u00fcler. \u00c7ok g\u00fcler y\u00fczl\u00fc kar\u015f\u0131land\u0131k. G\u00f6zlerim farkl\u0131 cihazlarla detayl\u0131 \u015fekilde incelendi. Sonunda g\u00f6z doktoru ameliyat i\u00e7in onay verdi. Muayene s\u0131ras\u0131nda her zaman Almanca bilen biri yan\u0131m\u0131zdayd\u0131, doktor ise \u0130ngilizce konu\u015fuyordu. Ameliyat ayn\u0131 g\u00fcn saat 17.30\u2019a planland\u0131. K\u0131sa bir beklemeden sonra ameliyathaneye al\u0131nd\u0131m. Ameliyat\u0131, di\u011fer hasta yorumlar\u0131n\u0131n aksine, olduk\u00e7a a\u011fr\u0131l\u0131 buldum ama yine de dayan\u0131labilirdi.Ameliyattan sonra k\u0131sa bir s\u00fcre dinlendim, ard\u0131ndan g\u00f6z damlalar\u0131yla birlikte otele d\u00f6nd\u00fck. G\u00f6zlerim sulan\u0131yordu ve \u0131\u015f\u0131\u011fa kar\u015f\u0131 olduk\u00e7a hassast\u0131m. A\u011fr\u0131 kesici ald\u0131m ve saat 19.00 civar\u0131nda uyudum. Gece yar\u0131s\u0131 civar\u0131nda uyand\u0131m, televizyonu a\u00e7t\u0131m ve hafif bir \u0131\u015f\u0131k hassasiyeti olmas\u0131na ra\u011fmen hi\u00e7bir g\u00f6rme yard\u0131m\u0131 olmadan televizyon izleyebildim.Ertesi g\u00fcn saat 11.00\u2019de kontrol muayenem vard\u0131. Doktor her \u015feyin yolunda oldu\u011funu s\u00f6yledi. Daha sonra Sultanahmet Camii\u2019ne ve Kapal\u0131\u00e7ar\u015f\u0131\u2019ya gittik. Hi\u00e7bir rahats\u0131zl\u0131k hissetmeden, hatta g\u00fcne\u015f g\u00f6zl\u00fc\u011f\u00fc bile takmadan dola\u015fabildim. Sadece g\u00f6zlerimde sanki bir \u015fey varm\u0131\u015f gibi hafif bir his vard\u0131 ama rahats\u0131z edici de\u011fildi.Saat 17.00\u2019de Stomadenta\u2019da bir di\u015f hekimi randevum vard\u0131. Bu randevu Swisslasik taraf\u0131ndan ayarlanm\u0131\u015ft\u0131. Di\u015f tedavisi \u00e7ok iyiydi, klinik ger\u00e7ekten \u00e7ok g\u00fczeldi ve ba\u015fhekim Almancay\u0131 iyi konu\u015fuyordu. Di\u015f temizli\u011fi ve iki dolgu i\u00e7in, iki r\u00f6ntgen filmi dahil olmak \u00fczere yakla\u015f\u0131k 300 \u0130svi\u00e7re frang\u0131 \u00f6dedim. Ger\u00e7ekten tavsiye ederim. Di\u015f klini\u011fine gitmek i\u00e7in taksiye binmek yeterli, yolculuk yakla\u015f\u0131k 45 dakika s\u00fcr\u00fcyor.Ertesi g\u00fcn Frans\u0131z Caddesi\u2019nde k\u0131sa bir al\u0131\u015fveri\u015f turu yapt\u0131k. Saat 13.00\u2019te otelden al\u0131nd\u0131k ve havaalan\u0131na g\u00f6t\u00fcr\u00fcld\u00fck. Sonraki g\u00fcnlerde de herhangi bir \u015fik\u00e2yetim olmad\u0131. \u0130ki g\u00fcn sonra gece arabayla \u0130talya\u2019ya gittim; ne kama\u015fma oldu ne de g\u00f6z kurulu\u011fu ya\u015fad\u0131m, ama bunun ki\u015fiden ki\u015fiye de\u011fi\u015fti\u011fini d\u00fc\u015f\u00fcn\u00fcyorum.Kesinlikle tekrar yapt\u0131r\u0131rd\u0131m. Yan\u0131n\u0131za mutlaka birini al\u0131n; birlikte al\u0131\u015fveri\u015f yapmak daha keyifli. Benim yapt\u0131\u011f\u0131m hatay\u0131 yapmay\u0131n: Sadece 3 gece kald\u0131\u011f\u0131ma \u00e7ok pi\u015fman oldum. Bir dahaki sefere en az 4\u20135 gece kal\u0131rd\u0131m. \u015eehir harika ve madem oraya gidiliyor, mutlaka bir tatille birle\u015ftirilmeli. Otel genel olarak gayet iyiydi, sadece dolap biraz k\u00fc\u00e7\u00fckt\u00fc.Sayg\u0131lar\u0131mlaStefan Stolz \u00d6nceki rapor Sonraki rapor<\/p>\n","protected":false},"author":4,"featured_media":0,"parent":4815,"menu_order":0,"comment_status":"closed","ping_status":"closed","template":"","meta":{"_joinchat":[],"footnotes":""},"class_list":["post-4856","page","type-page","status-publish","hentry"],"acf":[],"_links":{"self":[{"href":"https:\/\/medicaltravel.ch\/tr\/wp-json\/wp\/v2\/pages\/4856","targetHints":{"allow":["GET"]}}],"collection":[{"href":"https:\/\/medicaltravel.ch\/tr\/wp-json\/wp\/v2\/pages"}],"about":[{"href":"https:\/\/medicaltravel.ch\/tr\/wp-json\/wp\/v2\/types\/page"}],"author":[{"embeddable":true,"href":"https:\/\/medicaltravel.ch\/tr\/wp-json\/wp\/v2\/users\/4"}],"replies":[{"embeddable":true,"href":"https:\/\/medicaltravel.ch\/tr\/wp-json\/wp\/v2\/comments?post=4856"}],"version-history":[{"count":0,"href":"https:\/\/medicaltravel.ch\/tr\/wp-json\/wp\/v2\/pages\/4856\/revisions"}],"up":[{"embeddable":true,"href":"https:\/\/medicaltravel.ch\/tr\/wp-json\/wp\/v2\/pages\/4815"}],"wp:attachment":[{"href":"https:\/\/medicaltravel.ch\/tr\/wp-json\/wp\/v2\/media?parent=4856"}],"curies":[{"name":"wp","href":"https:\/\/api.w.org\/{rel}","templated":true}]}}