{"id":4858,"date":"2025-09-24T07:11:40","date_gmt":"2025-09-24T06:11:40","guid":{"rendered":"https:\/\/medicaltravel.ch\/hasta-raporlari\/erfahrungsberichte-schoenheits-op-istanbul\/istanbulda-lazer-goez-ameliyatim-6-subat-2010-cumartesi-tarihli-rapor\/"},"modified":"2026-01-12T20:28:37","modified_gmt":"2026-01-12T19:28:37","slug":"istanbulda-lazer-goez-ameliyatim-6-subat-2010-cumartesi-tarihli-rapor","status":"publish","type":"page","link":"https:\/\/medicaltravel.ch\/tr\/hasta-raporlari\/istanbulda-estetik-cerrahi-hakkinda-musteri-yorumlari\/istanbulda-lazer-goez-ameliyatim-6-subat-2010-cumartesi-tarihli-rapor\/","title":{"rendered":"\u0130stanbul&#8217;da lazer g\u00f6z ameliyat\u0131m &#8211; 6 \u015eubat 2010 Cumartesi tarihli rapor"},"content":{"rendered":"\n<h3 class=\"wp-block-heading\">\u0130stanbul&#8217;da lazer g\u00f6z ameliyat\u0131m &#8211; 6 \u015eubat 2010 Cumartesi tarihli rapor<\/h3>\n\n\n\n<p>Merhaba Swisslasik Ekibi,<br>21.01.2010 tarihinde \u0130stanbul\u2019da ameliyat olmaya karar verdim, \u00e7\u00fcnk\u00fc \u0130svi\u00e7re\u2019de b\u00fct\u00e7em i\u00e7in biraz fazla pahal\u0131yd\u0131. Tan\u0131d\u0131klar\u0131m bana internet \u00fczerindeki adresinizi verdiler. Biraz ara\u015ft\u0131rma yapt\u0131m ve sundu\u011funuz kapsaml\u0131 hizmet paketi bana \u00e7ok uygun geldi. \u0130svi\u00e7re\u2019de bir \u00f6n muayeneye gittim ve g\u00f6z doktoru g\u00f6zlerimin ameliyata uygun oldu\u011funu teyit etti. Bu benim i\u00e7in \u00e7ok \u00f6nemliydi, aksi halde \u0130stanbul\u2019a ameliyat i\u00e7in yapaca\u011f\u0131m u\u00e7u\u015f bo\u015fa gitmi\u015f olacakt\u0131.<br>Sonras\u0131nda her \u015fey \u00e7ok h\u0131zl\u0131 geli\u015fti. Swisslasik benim i\u00e7in her \u015feyi organize etti: u\u00e7u\u015f, otel ve ameliyat. Her \u015feyin sorunsuz ilerlemi\u015f olmas\u0131ndan dolay\u0131 \u00e7ok memnun kald\u0131m. Ayr\u0131ca bir Swisslasik pasaportu ald\u0131m; i\u00e7inde bizi kimin kar\u015f\u0131layaca\u011f\u0131, hangi otelde kalaca\u011f\u0131m\u0131z, ameliyat saati gibi en \u00f6nemli t\u00fcm bilgiler yer al\u0131yordu.<br>Sonunda \u0130stanbul yolculu\u011fu ba\u015flad\u0131. Hem heyecanl\u0131yd\u0131m hem de sakindim. Havaliman\u0131nda bizi \u00e7ok nazik bir beyefendi kar\u015f\u0131lad\u0131 ve otele g\u00f6t\u00fcrd\u00fc. Oda k\u00fc\u00e7\u00fck ama g\u00fczel ve \u00e7ok temizdi. Ertesi sabah saat 11.00\u2019de bizi ald\u0131, son derece dakikti. Yakla\u015f\u0131k 5 dakika y\u00fcr\u00fcyerek klini\u011fe gittik. D\u0131\u015far\u0131dan bak\u0131ld\u0131\u011f\u0131nda bir klinik gibi g\u00f6r\u00fcnm\u00fcyordu ama bu tamamen yan\u0131lt\u0131c\u0131yd\u0131. Hijyen nedeniyle hemen ayakkab\u0131lar\u0131m\u0131za galo\u015f giymemiz istendi. Her \u015feyin ne kadar temiz oldu\u011funa ger\u00e7ekten \u00e7ok \u015fa\u015f\u0131rd\u0131m.<br>\u00c7ok g\u00fcler y\u00fczl\u00fc kar\u015f\u0131land\u0131k ve bizi nelerin bekledi\u011fi Almanca olarak anlat\u0131ld\u0131. G\u00f6zlerim \u00f6nce farkl\u0131 cihazlarla muayene edildi, ard\u0131ndan ameliyat\u0131 yapacak doktor da ayr\u0131ca kontrol etti. Kendisi \u00e7ok nazik ve g\u00fcven veren bir doktordu. Ne yaz\u0131k ki sadece \u0130ngilizce konu\u015fuyordu ama bana her \u015fey Almanca olarak terc\u00fcme edildi. T\u00fcm sorular\u0131m\u0131 dikkatle dinledi ve son derece profesyonel \u015fekilde cevaplad\u0131.<br>\u00d6\u011fleden sonra saat 15.30\u2019da ameliyat zaman\u0131 geldi. \u00d6ncesinde sakinle\u015ftirici bir hap verildi ve ameliyat sonras\u0131 kullanaca\u011f\u0131m damlalar anlat\u0131ld\u0131. Hemen s\u0131raya al\u0131nd\u0131m. Ameliyat yakla\u015f\u0131k 15 dakika s\u00fcrd\u00fc ve \u00e7ok h\u0131zl\u0131 ge\u00e7ti. Ameliyattan sonra g\u00f6zlerimi a\u00e7makta biraz zorland\u0131m ama ba\u015farabildim. Hi\u00e7 a\u011fr\u0131m yoktu, buna \u00e7ok sevindim \u00e7\u00fcnk\u00fc daha k\u00f6t\u00fc olaca\u011f\u0131n\u0131 d\u00fc\u015f\u00fcnm\u00fc\u015ft\u00fcm. Ard\u0131ndan hemen otele d\u00f6nd\u00fck ve b\u00fct\u00fcn gece uyudum.<br>Sabah otel penceresinden d\u0131\u015far\u0131 bakt\u0131\u011f\u0131mda \u00e7ok heyecanl\u0131yd\u0131m ve inan\u0131lmaz mutluydum. Her \u015feyi \u00e7ok net g\u00f6r\u00fcyordum, tabelalar\u0131 okuyabiliyordum. Kendimi yeniden do\u011fmu\u015f gibi hissettim. Bu duyguyu tarif etmek ger\u00e7ekten \u00e7ok zor. Saat 11.00\u2019de kontrol muayenesi i\u00e7in tekrar klini\u011fe gittik. T\u00fcm ekip bizi \u00e7ok s\u0131cak kar\u015f\u0131lad\u0131 ve nas\u0131l oldu\u011fumu sordu. Hi\u00e7 beklemeden hemen muayeneye al\u0131nd\u0131m, bu da \u00e7ok g\u00fczeldi. Doktor tekrar kontrol etti ve sonucu benimle payla\u015ft\u0131.<br>Burada \u00f6zellikle \u015funu belirtmek isterim: \u0130svi\u00e7re\u2019de bana, astigmat\u0131mdan dolay\u0131 sol g\u00f6z\u00fcn en fazla %80 oran\u0131nda d\u00fczeltilebilece\u011fi s\u00f6ylenmi\u015fti. Ancak buradaki doktor, sol g\u00f6z\u00fcn neredeyse tamamen d\u00fczeltildi\u011fini s\u00f6yledi ve ben inan\u0131lmaz mutlu oldum. Sonu\u00e7lar\u0131m: sol g\u00f6z 0.25, sa\u011f g\u00f6z 0.00. Bu ger\u00e7ekten harika bir sonu\u00e7, art\u0131k g\u00f6zl\u00fc\u011fe ihtiyac\u0131m yok.<br>\u00d6\u011fle saatlerinde \u0130stanbul\u2019u gezmeye \u00e7\u0131kt\u0131k, \u00fcstelik hava karl\u0131yd\u0131. Hi\u00e7bir problem ya\u015famad\u0131m, sanki g\u00f6zlerimden hi\u00e7 ameliyat olmam\u0131\u015f\u0131m gibiydi. Benim i\u00e7in ger\u00e7ekten \u00e7ok g\u00fczel bir deneyim oldu. Hi\u00e7 d\u00fc\u015f\u00fcnmeden tekrar yapt\u0131r\u0131rd\u0131m ve herkese g\u00f6n\u00fcl rahatl\u0131\u011f\u0131yla tavsiye ederim.<br>T\u00fcm ekibe ve m\u00fckemmel organizasyon i\u00e7in Swisslasik\u2019e \u00e7ok te\u015fekk\u00fcr ederim.<br>Sayg\u0131lar\u0131mla<br>Maria Rodriguez<\/p>\n\n\n\n<div class=\"wp-block-group is-layout-grid wp-container-core-group-is-layout-baef362d wp-block-group-is-layout-grid\">\n<p><a href=\"https:\/\/medicaltravel.at\/home\/agb\/\" data-type=\"page\" data-id=\"2191\" rel=\"nofollow noopener\" target=\"_blank\"><\/a><a href=\"https:\/\/medicaltravel.ch\/tr\/hasta-raporlari\/istanbulda-estetik-cerrahi-hakkinda-musteri-yorumlari\/istanbuldaki-klinikte-gecirdigim-lasik-goez-ameliyati-hakkindaki-deneyim-raporum-2-haziran-2010-carsamba-tarihli-rapor\/\" data-type=\"link\" data-id=\"https:\/\/medicaltravel.ch\/tr\/hasta-raporlari\/istanbulda-estetik-cerrahi-hakkinda-musteri-yorumlari\/istanbuldaki-klinikte-gecirdigim-lasik-goez-ameliyati-hakkindaki-deneyim-raporum-2-haziran-2010-carsamba-tarihli-rapor\/\">\u00d6nceki rapor<\/a><\/p>\n\n\n\n<p class=\"has-text-align-right wp-container-content-5e2576f9\"><a href=\"https:\/\/medicaltravel.at\/home\/impressum\/\" data-type=\"page\" data-id=\"2193\" rel=\"nofollow noopener\" target=\"_blank\"><\/a><a href=\"https:\/\/medicaltravel.at\/home\/berichte-von-patienten\/erfahrungsberichte\/erfahrungsbericht-zahnbehandlung-in-istanbul\/\" data-type=\"page\" data-id=\"981\" rel=\"nofollow noopener\" target=\"_blank\"><\/a><a href=\"https:\/\/medicaltravel.ch\/tr\/hasta-raporlari\/istanbulda-estetik-cerrahi-hakkinda-musteri-yorumlari\/swisslasik-araciligiyla-istanbuldaki-klinikte-yasadigim-deneyim-5-subat-2010-cuma-tarihli-rapor\/\" data-type=\"link\" data-id=\"https:\/\/medicaltravel.ch\/tr\/hasta-raporlari\/istanbulda-estetik-cerrahi-hakkinda-musteri-yorumlari\/swisslasik-araciligiyla-istanbuldaki-klinikte-yasadigim-deneyim-5-subat-2010-cuma-tarihli-rapor\/\">Sonraki rapor<\/a><\/p>\n<\/div>\n","protected":false},"excerpt":{"rendered":"<p>\u0130stanbul&#8217;da lazer g\u00f6z ameliyat\u0131m &#8211; 6 \u015eubat 2010 Cumartesi tarihli rapor Merhaba Swisslasik Ekibi,21.01.2010 tarihinde \u0130stanbul\u2019da ameliyat olmaya karar verdim, \u00e7\u00fcnk\u00fc \u0130svi\u00e7re\u2019de b\u00fct\u00e7em i\u00e7in biraz fazla pahal\u0131yd\u0131. Tan\u0131d\u0131klar\u0131m bana internet \u00fczerindeki adresinizi verdiler. Biraz ara\u015ft\u0131rma yapt\u0131m ve sundu\u011funuz kapsaml\u0131 hizmet paketi bana \u00e7ok uygun geldi. \u0130svi\u00e7re\u2019de bir \u00f6n muayeneye gittim ve g\u00f6z doktoru g\u00f6zlerimin ameliyata uygun oldu\u011funu teyit etti. Bu benim i\u00e7in \u00e7ok \u00f6nemliydi, aksi halde \u0130stanbul\u2019a ameliyat i\u00e7in yapaca\u011f\u0131m u\u00e7u\u015f bo\u015fa gitmi\u015f olacakt\u0131.Sonras\u0131nda her \u015fey \u00e7ok h\u0131zl\u0131 geli\u015fti. Swisslasik benim i\u00e7in her \u015feyi organize etti: u\u00e7u\u015f, otel ve ameliyat. Her \u015feyin sorunsuz ilerlemi\u015f olmas\u0131ndan dolay\u0131 \u00e7ok memnun kald\u0131m. Ayr\u0131ca bir Swisslasik pasaportu ald\u0131m; i\u00e7inde bizi kimin kar\u015f\u0131layaca\u011f\u0131, hangi otelde kalaca\u011f\u0131m\u0131z, ameliyat saati gibi en \u00f6nemli t\u00fcm bilgiler yer al\u0131yordu.Sonunda \u0130stanbul yolculu\u011fu ba\u015flad\u0131. Hem heyecanl\u0131yd\u0131m hem de sakindim. Havaliman\u0131nda bizi \u00e7ok nazik bir beyefendi kar\u015f\u0131lad\u0131 ve otele g\u00f6t\u00fcrd\u00fc. Oda k\u00fc\u00e7\u00fck ama g\u00fczel ve \u00e7ok temizdi. Ertesi sabah saat 11.00\u2019de bizi ald\u0131, son derece dakikti. Yakla\u015f\u0131k 5 dakika y\u00fcr\u00fcyerek klini\u011fe gittik. D\u0131\u015far\u0131dan bak\u0131ld\u0131\u011f\u0131nda bir klinik gibi g\u00f6r\u00fcnm\u00fcyordu ama bu tamamen yan\u0131lt\u0131c\u0131yd\u0131. Hijyen nedeniyle hemen ayakkab\u0131lar\u0131m\u0131za galo\u015f giymemiz istendi. Her \u015feyin ne kadar temiz oldu\u011funa ger\u00e7ekten \u00e7ok \u015fa\u015f\u0131rd\u0131m.\u00c7ok g\u00fcler y\u00fczl\u00fc kar\u015f\u0131land\u0131k ve bizi nelerin bekledi\u011fi Almanca olarak anlat\u0131ld\u0131. G\u00f6zlerim \u00f6nce farkl\u0131 cihazlarla muayene edildi, ard\u0131ndan ameliyat\u0131 yapacak doktor da ayr\u0131ca kontrol etti. Kendisi \u00e7ok nazik ve g\u00fcven veren bir doktordu. Ne yaz\u0131k ki sadece \u0130ngilizce konu\u015fuyordu ama bana her \u015fey Almanca olarak terc\u00fcme edildi. T\u00fcm sorular\u0131m\u0131 dikkatle dinledi ve son derece profesyonel \u015fekilde cevaplad\u0131.\u00d6\u011fleden sonra saat 15.30\u2019da ameliyat zaman\u0131 geldi. \u00d6ncesinde sakinle\u015ftirici bir hap verildi ve ameliyat sonras\u0131 kullanaca\u011f\u0131m damlalar anlat\u0131ld\u0131. Hemen s\u0131raya al\u0131nd\u0131m. Ameliyat yakla\u015f\u0131k 15 dakika s\u00fcrd\u00fc ve \u00e7ok h\u0131zl\u0131 ge\u00e7ti. Ameliyattan sonra g\u00f6zlerimi a\u00e7makta biraz zorland\u0131m ama ba\u015farabildim. Hi\u00e7 a\u011fr\u0131m yoktu, buna \u00e7ok sevindim \u00e7\u00fcnk\u00fc daha k\u00f6t\u00fc olaca\u011f\u0131n\u0131 d\u00fc\u015f\u00fcnm\u00fc\u015ft\u00fcm. Ard\u0131ndan hemen otele d\u00f6nd\u00fck ve b\u00fct\u00fcn gece uyudum.Sabah otel penceresinden d\u0131\u015far\u0131 bakt\u0131\u011f\u0131mda \u00e7ok heyecanl\u0131yd\u0131m ve inan\u0131lmaz mutluydum. Her \u015feyi \u00e7ok net g\u00f6r\u00fcyordum, tabelalar\u0131 okuyabiliyordum. Kendimi yeniden do\u011fmu\u015f gibi hissettim. Bu duyguyu tarif etmek ger\u00e7ekten \u00e7ok zor. Saat 11.00\u2019de kontrol muayenesi i\u00e7in tekrar klini\u011fe gittik. T\u00fcm ekip bizi \u00e7ok s\u0131cak kar\u015f\u0131lad\u0131 ve nas\u0131l oldu\u011fumu sordu. Hi\u00e7 beklemeden hemen muayeneye al\u0131nd\u0131m, bu da \u00e7ok g\u00fczeldi. Doktor tekrar kontrol etti ve sonucu benimle payla\u015ft\u0131.Burada \u00f6zellikle \u015funu belirtmek isterim: \u0130svi\u00e7re\u2019de bana, astigmat\u0131mdan dolay\u0131 sol g\u00f6z\u00fcn en fazla %80 oran\u0131nda d\u00fczeltilebilece\u011fi s\u00f6ylenmi\u015fti. Ancak buradaki doktor, sol g\u00f6z\u00fcn neredeyse tamamen d\u00fczeltildi\u011fini s\u00f6yledi ve ben inan\u0131lmaz mutlu oldum. Sonu\u00e7lar\u0131m: sol g\u00f6z 0.25, sa\u011f g\u00f6z 0.00. Bu ger\u00e7ekten harika bir sonu\u00e7, art\u0131k g\u00f6zl\u00fc\u011fe ihtiyac\u0131m yok.\u00d6\u011fle saatlerinde \u0130stanbul\u2019u gezmeye \u00e7\u0131kt\u0131k, \u00fcstelik hava karl\u0131yd\u0131. Hi\u00e7bir problem ya\u015famad\u0131m, sanki g\u00f6zlerimden hi\u00e7 ameliyat olmam\u0131\u015f\u0131m gibiydi. Benim i\u00e7in ger\u00e7ekten \u00e7ok g\u00fczel bir deneyim oldu. Hi\u00e7 d\u00fc\u015f\u00fcnmeden tekrar yapt\u0131r\u0131rd\u0131m ve herkese g\u00f6n\u00fcl rahatl\u0131\u011f\u0131yla tavsiye ederim.T\u00fcm ekibe ve m\u00fckemmel organizasyon i\u00e7in Swisslasik\u2019e \u00e7ok te\u015fekk\u00fcr ederim.Sayg\u0131lar\u0131mlaMaria Rodriguez \u00d6nceki rapor Sonraki rapor<\/p>\n","protected":false},"author":4,"featured_media":0,"parent":4815,"menu_order":0,"comment_status":"closed","ping_status":"closed","template":"","meta":{"_joinchat":[],"footnotes":""},"class_list":["post-4858","page","type-page","status-publish","hentry"],"acf":[],"_links":{"self":[{"href":"https:\/\/medicaltravel.ch\/tr\/wp-json\/wp\/v2\/pages\/4858","targetHints":{"allow":["GET"]}}],"collection":[{"href":"https:\/\/medicaltravel.ch\/tr\/wp-json\/wp\/v2\/pages"}],"about":[{"href":"https:\/\/medicaltravel.ch\/tr\/wp-json\/wp\/v2\/types\/page"}],"author":[{"embeddable":true,"href":"https:\/\/medicaltravel.ch\/tr\/wp-json\/wp\/v2\/users\/4"}],"replies":[{"embeddable":true,"href":"https:\/\/medicaltravel.ch\/tr\/wp-json\/wp\/v2\/comments?post=4858"}],"version-history":[{"count":0,"href":"https:\/\/medicaltravel.ch\/tr\/wp-json\/wp\/v2\/pages\/4858\/revisions"}],"up":[{"embeddable":true,"href":"https:\/\/medicaltravel.ch\/tr\/wp-json\/wp\/v2\/pages\/4815"}],"wp:attachment":[{"href":"https:\/\/medicaltravel.ch\/tr\/wp-json\/wp\/v2\/media?parent=4858"}],"curies":[{"name":"wp","href":"https:\/\/api.w.org\/{rel}","templated":true}]}}