{"id":4860,"date":"2025-09-24T07:13:24","date_gmt":"2025-09-24T06:13:24","guid":{"rendered":"https:\/\/medicaltravel.ch\/hasta-raporlari\/erfahrungsberichte-schoenheits-op-istanbul\/istanbuldaki-goez-ameliyatim-alarm-saati-847yi-goesteriyordu-her-zamankinden-daha-net-goerueyordum-2-kasim-2009-pazartesi-tarihli-rapor\/"},"modified":"2026-01-12T21:11:32","modified_gmt":"2026-01-12T20:11:32","slug":"istanbuldaki-goez-ameliyatim-alarm-saati-847yi-goesteriyordu-her-zamankinden-daha-net-goerueyordum-2-kasim-2009-pazartesi-tarihli-rapor","status":"publish","type":"page","link":"https:\/\/medicaltravel.ch\/tr\/hasta-raporlari\/istanbulda-estetik-cerrahi-hakkinda-musteri-yorumlari\/istanbuldaki-goez-ameliyatim-alarm-saati-847yi-goesteriyordu-her-zamankinden-daha-net-goerueyordum-2-kasim-2009-pazartesi-tarihli-rapor\/","title":{"rendered":"\u0130stanbul&#8217;daki g\u00f6z ameliyat\u0131m: Alarm saati 8:47&#8217;yi g\u00f6steriyordu, her zamankinden daha net g\u00f6r\u00fcyordum! \u2013 2 Kas\u0131m 2009 Pazartesi tarihli rapor"},"content":{"rendered":"\n<h3 class=\"wp-block-heading\">\u0130stanbul&#8217;daki g\u00f6z ameliyat\u0131m: Alarm saati 8:47&#8217;yi g\u00f6steriyordu, her zamankinden daha net g\u00f6r\u00fcyordum! \u2013 2 Kas\u0131m 2009 Pazartesi tarihli rapor <\/h3>\n\n\n\n<p>Yakla\u015f\u0131k 10 y\u0131l \u00f6nce, miyoplu\u011fumu ortadan kald\u0131rabilecek bir ameliyat\u0131n varl\u0131\u011f\u0131n\u0131 ilk kez duymu\u015ftum. O zamanlar 15 ya\u015f\u0131ndayd\u0131m ve b\u00f6yle bir ameliyat\u0131 ancak hayalimde canland\u0131rabiliyordum. G\u00f6zl\u00fck ve lensle ya\u015famak gayet m\u00fcmk\u00fcn diye d\u00fc\u015f\u00fcn\u00fcyordum. Ancak 23 ya\u015f\u0131ma geldi\u011fimde lenslerle giderek daha fazla sorun ya\u015famaya ba\u015flad\u0131m ve s\u00fcrekli g\u00f6zl\u00fck takar hale geldim. B\u00f6ylece ameliyat olma fikri yeniden g\u00fcndeme geldi. Benim i\u00e7in en \u00f6nemli konu, g\u00f6zlerimin do\u011fru ve profesyonel bir \u015fekilde tedavi edilmesiydi, ne kadara mal olursa olsun. Ayr\u0131ca \u0130svi\u00e7re\u2019de bir uzman taraf\u0131ndan yap\u0131lacak kontroller benim i\u00e7in son derece \u00f6nemliydi.<br>Bu y\u00fczden internette ara\u015ft\u0131rmaya ba\u015flad\u0131m. Google\u2019da Swisslasik.ch sitesini buldum, ayn\u0131 zamanda \u0130svi\u00e7re\u2019deki baz\u0131 kliniklerin web sitelerine de bakt\u0131m. Swisslasik.ch sitesinde ho\u015fuma giden \u015fey, ucuz fiyatlarla de\u011fil kaliteyle \u00f6ne \u00e7\u0131kmalar\u0131yd\u0131. Ayr\u0131ca ameliyat, riskleri ve olas\u0131 sonu\u00e7lar\u0131 hakk\u0131nda \u00e7ok kaliteli ve a\u00e7\u0131klay\u0131c\u0131 bilgiler yer al\u0131yordu. Her \u015feyin dahil oldu\u011fu bir paket sunmalar\u0131 da ho\u015fuma gitti. Bu sayede otel, u\u00e7ak ve ula\u015f\u0131m gibi detaylarla ayr\u0131ca u\u011fra\u015fmak zorunda kalm\u0131yorsunuz ve bu da stresi azalt\u0131yor.<br>Sa\u011flam bir kar\u015f\u0131la\u015ft\u0131rma yapabilmek i\u00e7in yine de kendi ya\u015fad\u0131\u011f\u0131m \u015fehirdeki bir klini\u011fe gittim ve \u00f6n muayeneden ge\u00e7tim. Ancak orada kendimi bir numara gibi hissettim ve neredeyse ameliyata zorlan\u0131yormu\u015fum gibiydi. Bu y\u00fczden Swisslasik\u2019i se\u00e7tim. E-posta yoluyla yap\u0131lan dan\u0131\u015fmanl\u0131k her zaman \u00e7ok h\u0131zl\u0131 ve profesyoneldi. Bay Karaaga\u00e7l\u0131 sorulara her zaman hemen ve detayl\u0131 \u015fekilde cevap verdi. Telefonla da son derece nazikti ve ihtiyac\u0131m olan t\u00fcm bilgileri verdi. Baz\u0131 hastalar i\u00e7in y\u00fcz y\u00fcze bir g\u00f6r\u00fc\u015fme daha g\u00fcven verici olabilir, ancak Swisslasik\u2019te b\u00f6yle bir ki\u015fisel randevu se\u00e7ene\u011fi yok.<br>Swisslasik benim i\u00e7in her \u015feyi organize etti. U\u00e7ak bileti, otel ve transferler dahil olmak \u00fczere hi\u00e7bir \u015feyle ilgilenmem gerekmedi. Yolculuktan yakla\u015f\u0131k bir hafta \u00f6nce hastaya bir Swisslasik pasaportu g\u00f6nderiliyor. Bu pasaportta ki\u015fisel hitap yer al\u0131yor, t\u00fcm seyahat bilgileri, \u0130stanbul\u2019daki hava durumu, ileti\u015fim ki\u015fileri, ameliyat \u00f6ncesi haz\u0131rl\u0131klar ve iyile\u015fme s\u00fcreciyle ilgili bilgiler bulunuyor. Bu pasaportu \u00e7ok faydal\u0131 buldum, \u00e7\u00fcnk\u00fc \u00f6nemli olan her \u015fey tek yerde toplanm\u0131\u015f. Ayr\u0131ca Swisslasik, \u0130stanbul\u2019un bir \u015fehir haritas\u0131n\u0131 da g\u00f6nderiyor. Sadece \u0130stanbul\u2019daki toplu ta\u015f\u0131ma hakk\u0131nda bilgi yer alm\u0131yor.<br>U\u00e7u\u015fumuz ge\u00e7 sabah saatlerindeydi, bu da var\u0131\u015f g\u00fcn\u00fcnde \u0130stanbul\u2019u biraz gezmemize imk\u00e2n sa\u011flad\u0131. T\u00fcrk Hava Yollar\u0131 keyifli bir havayolu, Star Alliance \u00fcyesi. U\u00e7aktaki yemekler \u00e7ok iyiydi. Havaliman\u0131nda \u015fof\u00f6r\u00fcm\u00fcz bizi bekliyordu ve \u015f\u0131k bir ara\u00e7la otele, Taksim G\u00f6nen\u2019e g\u00f6t\u00fcrd\u00fc. Otelin 10. kat\u0131ndaki odam\u0131zdan \u015fehrin muhte\u015fem bir manzaras\u0131 vard\u0131. Oda \u00e7ok b\u00fcy\u00fck de\u011fildi ama son derece temiz ve rahatt\u0131.<br>\u0130stanbul\u2019da keyifli bir ak\u015fam ge\u00e7irdikten sonra, ertesi g\u00fcn beni ve refakat\u00e7imi otelden al\u0131p klini\u011fe g\u00f6t\u00fcrd\u00fcler.                                   Orada personel taraf\u0131ndan, ana dile g\u00f6re \u0130svi\u00e7re Almancas\u0131, T\u00fcrk\u00e7e, Rus\u00e7a gibi dillerde birebir kar\u015f\u0131lan\u0131yorsunuz. Hastan\u0131n biraz gergin olan ruh h\u00e2lini yumu\u015fatmak i\u00e7in diz\u00fcst\u00fc bilgisayarlar, i\u00e7ecekler gibi k\u00fc\u00e7\u00fck ama ho\u015f ayr\u0131nt\u0131lar sunuluyor. \u00d6n muayene yakla\u015f\u0131k 90 dakika s\u00fcrd\u00fc. Bu s\u00fcre i\u00e7inde g\u00f6zler farkl\u0131 cihazlarla \u00f6l\u00e7\u00fcl\u00fcyor ve hasta doktorla birebir g\u00f6r\u00fc\u015f\u00fcyor. Daha sonra bir \u015feyler yemek i\u00e7in d\u0131\u015far\u0131 \u00e7\u0131k\u0131l\u0131yor ve \u00f6\u011fleden sonra daha sakin bir \u015fekilde ameliyata geliniyor.<br>Ameliyat \u00e7ok iyi ge\u00e7ti. Steril k\u0131yafetler ve ba\u015fa tak\u0131lan bone ile g\u00f6zler dezenfekte ediliyor, ard\u0131ndan ameliyathaneye al\u0131n\u0131yorsunuz. Doktorun da d\u00e2hil oldu\u011fu d\u00f6rt ki\u015fi benimle ilgilendi. Ameliyat edilecek g\u00f6z damlalarla uyu\u015fturuluyor ve kapat\u0131l\u0131yor. G\u00f6z kapa\u011f\u0131n\u0131 a\u00e7\u0131k tutan aparat benim i\u00e7in tam bir korku senaryosuydu. Ancak EyeStar Klini\u011fi\u2019nin son derece tecr\u00fcbeli ekibi, ben fark\u0131na bile varmadan aparat\u0131 yerle\u015ftirdi. Ard\u0131ndan g\u00f6z y\u0131kan\u0131yor. Daha sonra mikrokeratom yerle\u015ftirilerek kornea kesiliyor. Hi\u00e7bir \u015fey hissedilmiyor, sadece cihaz\u0131n k\u00fc\u00e7\u00fck motor sesini duyuyorsunuz. Bu i\u015flem sadece birka\u00e7 saniye s\u00fcr\u00fcyor. \u0130kinci korkum, kornea kapa\u011f\u0131n\u0131n kald\u0131r\u0131lmas\u0131yd\u0131. Ama bu da ben fark etmeden olup bitmi\u015fti.<br>Sonras\u0131nda excimer lazer devreye giriyor. Bu a\u015famada g\u00f6z\u00fc sabit tutmak \u00e7ok \u00f6nemli. Ekip beni s\u00fcrekli rahatlatt\u0131, o birka\u00e7 saniye boyunca cesaret verici s\u00f6zler s\u00f6ylediler. Ard\u0131ndan doktor g\u00f6z\u00fc d\u00fczg\u00fcnle\u015ftiriyor, en ufak bir yabanc\u0131 maddeyi temizliyor ve her \u015feyi mikroskop alt\u0131nda kontrol ediyor. G\u00f6z kapa\u011f\u0131 aparat\u0131 \u00e7\u0131kar\u0131l\u0131yor, ameliyat edilen g\u00f6z sulan\u0131yor ama yanma olmuyor. \u0130kinci g\u00f6ze ge\u00e7ebilmek i\u00e7in g\u00f6z kapat\u0131l\u0131yor.<br>Ameliyattan hemen sonra net g\u00f6rmeye ba\u015flad\u0131m. G\u00f6zlerim, b\u00fct\u00fcn gece parti yapm\u0131\u015f ve \u00e7ok az uyumu\u015fum gibi hissediyordu. Ama ka\u015f\u0131nt\u0131, yanma ya da a\u015f\u0131r\u0131 sulanma yoktu. Ameliyattan sadece birka\u00e7 dakika sonra, koltu\u011fun kar\u015f\u0131s\u0131ndaki duvarda EyeStar logosunu g\u00f6rebilmek b\u00fcy\u00fck bir co\u015fku yarat\u0131yor. \u0130ki saatlik bir uykudan, otel odas\u0131nda hafif bir ak\u015fam yeme\u011finden ve kristal berrakl\u0131\u011f\u0131nda bir g\u00f6r\u00fc\u015ften sonra sevincimi neredeyse kontrol edemiyordum. Uzakta duran en k\u00fc\u00e7\u00fck minareyi bile se\u00e7ebiliyordum.<br>Ertesi sabah bir r\u00fcyadan uyan\u0131r gibi uyand\u0131m\u2026 ama bu bir r\u00fcya de\u011fildi. Saat 08.47\u2019yi, hayat\u0131mda hi\u00e7 olmad\u0131\u011f\u0131 kadar net g\u00f6r\u00fcyordum. Ameliyattan sonraki ilk g\u00fcn kontrol muayenesi yap\u0131ld\u0131. Doktor de\u011ferlerimin m\u00fckemmel oldu\u011funu s\u00f6yledi, t\u00fcm sorular\u0131m\u0131 cevaplad\u0131 ve beni g\u00fcler y\u00fczle u\u011furlad\u0131. EyeStar\u2019da, ileride yap\u0131lacak kontroller i\u00e7in \u00f6m\u00fcr boyu takip edilece\u011fim s\u00f6ylendi.<br>Refakat\u00e7imle birlikte \u0130stanbul\u2019un tad\u0131n\u0131 \u00e7\u0131karma f\u0131rsat\u0131m\u0131z da oldu ve Mavi Camii\u2019yi gezdik. Ertesi g\u00fcn transfer hizmeti, iki g\u00fcn \u00f6nce oldu\u011fu gibi yine sorunsuz \u00e7al\u0131\u015ft\u0131. U\u00e7u\u015f da, 90 dakikal\u0131k bir gecikmeye ra\u011fmen olduk\u00e7a rahatt\u0131.                                     Ameliyat\u0131m\u0131n \u00fczerinden \u015fimdi bir hafta ge\u00e7ti ve d\u00fcnyaya art\u0131k bamba\u015fka bir g\u00f6zle bak\u0131yorum. Harika bir duygu! Ameliyattan bir ay sonra Bern\u2019de yap\u0131lacak kontrol muayenesinin randevusu da \u015fimdiden ayarland\u0131. Telefonda konu\u015ftu\u011fum doktor \u00e7ok nazikti. Kesinlikle Swisslasik\u2019i tavsiye edece\u011fim. \u00c7evremde \u015fimdiden \u00e7ok say\u0131da ilgilenen ki\u015fi var.<br>Her \u015feyin bu kadar iyi ve profesyonel \u015fekilde ilerlemesini sa\u011flayan t\u00fcm ekibe i\u00e7tenlikle te\u015fekk\u00fcr etmek istiyorum.<br>En iyi dileklerimle<br>Isabelle Oberson<br>Fribourg, 28 Ekim 2009       <\/p>\n\n\n\n<div class=\"wp-block-group is-layout-grid wp-container-core-group-is-layout-baef362d wp-block-group-is-layout-grid\">\n<p><a href=\"https:\/\/medicaltravel.at\/home\/agb\/\" data-type=\"page\" data-id=\"2191\" rel=\"nofollow noopener\" target=\"_blank\"><\/a><a href=\"https:\/\/medicaltravel.ch\/tr\/hasta-raporlari\/istanbulda-estetik-cerrahi-hakkinda-musteri-yorumlari\/istanbulda-lazer-goez-ve-dis-tedavimle-ilgili-hasta-raporum-21-aralik-2009-pazartesi-tarihli-rapor\/\" data-type=\"link\" data-id=\"https:\/\/medicaltravel.ch\/tr\/hasta-raporlari\/istanbulda-estetik-cerrahi-hakkinda-musteri-yorumlari\/istanbulda-lazer-goez-ve-dis-tedavimle-ilgili-hasta-raporum-21-aralik-2009-pazartesi-tarihli-rapor\/\">\u00d6nceki rapor<\/a><\/p>\n\n\n\n<p class=\"has-text-align-right wp-container-content-5e2576f9\"><a href=\"https:\/\/medicaltravel.at\/home\/impressum\/\" data-type=\"page\" data-id=\"2193\" rel=\"nofollow noopener\" target=\"_blank\"><\/a><a href=\"https:\/\/medicaltravel.at\/home\/berichte-von-patienten\/erfahrungsberichte\/erfahrungsbericht-zahnbehandlung-in-istanbul\/\" data-type=\"page\" data-id=\"981\" rel=\"nofollow noopener\" target=\"_blank\"><\/a><a href=\"https:\/\/medicaltravel.ch\/tr\/hasta-raporlari\/istanbulda-estetik-cerrahi-hakkinda-musteri-yorumlari\/koestebeklikten-kartala-2-kasim-2009-pazartesi-raporu\/\" data-type=\"link\" data-id=\"https:\/\/medicaltravel.ch\/tr\/hasta-raporlari\/istanbulda-estetik-cerrahi-hakkinda-musteri-yorumlari\/koestebeklikten-kartala-2-kasim-2009-pazartesi-raporu\/\">Sonraki rapor<\/a><\/p>\n<\/div>\n","protected":false},"excerpt":{"rendered":"<p>\u0130stanbul&#8217;daki g\u00f6z ameliyat\u0131m: Alarm saati 8:47&#8217;yi g\u00f6steriyordu, her zamankinden daha net g\u00f6r\u00fcyordum! \u2013 2 Kas\u0131m 2009 Pazartesi tarihli rapor Yakla\u015f\u0131k 10 y\u0131l \u00f6nce, miyoplu\u011fumu ortadan kald\u0131rabilecek bir ameliyat\u0131n varl\u0131\u011f\u0131n\u0131 ilk kez duymu\u015ftum. O zamanlar 15 ya\u015f\u0131ndayd\u0131m ve b\u00f6yle bir ameliyat\u0131 ancak hayalimde canland\u0131rabiliyordum. G\u00f6zl\u00fck ve lensle ya\u015famak gayet m\u00fcmk\u00fcn diye d\u00fc\u015f\u00fcn\u00fcyordum. Ancak 23 ya\u015f\u0131ma geldi\u011fimde lenslerle giderek daha fazla sorun ya\u015famaya ba\u015flad\u0131m ve s\u00fcrekli g\u00f6zl\u00fck takar hale geldim. B\u00f6ylece ameliyat olma fikri yeniden g\u00fcndeme geldi. Benim i\u00e7in en \u00f6nemli konu, g\u00f6zlerimin do\u011fru ve profesyonel bir \u015fekilde tedavi edilmesiydi, ne kadara mal olursa olsun. Ayr\u0131ca \u0130svi\u00e7re\u2019de bir uzman taraf\u0131ndan yap\u0131lacak kontroller benim i\u00e7in son derece \u00f6nemliydi.Bu y\u00fczden internette ara\u015ft\u0131rmaya ba\u015flad\u0131m. Google\u2019da Swisslasik.ch sitesini buldum, ayn\u0131 zamanda \u0130svi\u00e7re\u2019deki baz\u0131 kliniklerin web sitelerine de bakt\u0131m. Swisslasik.ch sitesinde ho\u015fuma giden \u015fey, ucuz fiyatlarla de\u011fil kaliteyle \u00f6ne \u00e7\u0131kmalar\u0131yd\u0131. Ayr\u0131ca ameliyat, riskleri ve olas\u0131 sonu\u00e7lar\u0131 hakk\u0131nda \u00e7ok kaliteli ve a\u00e7\u0131klay\u0131c\u0131 bilgiler yer al\u0131yordu. Her \u015feyin dahil oldu\u011fu bir paket sunmalar\u0131 da ho\u015fuma gitti. Bu sayede otel, u\u00e7ak ve ula\u015f\u0131m gibi detaylarla ayr\u0131ca u\u011fra\u015fmak zorunda kalm\u0131yorsunuz ve bu da stresi azalt\u0131yor.Sa\u011flam bir kar\u015f\u0131la\u015ft\u0131rma yapabilmek i\u00e7in yine de kendi ya\u015fad\u0131\u011f\u0131m \u015fehirdeki bir klini\u011fe gittim ve \u00f6n muayeneden ge\u00e7tim. Ancak orada kendimi bir numara gibi hissettim ve neredeyse ameliyata zorlan\u0131yormu\u015fum gibiydi. Bu y\u00fczden Swisslasik\u2019i se\u00e7tim. E-posta yoluyla yap\u0131lan dan\u0131\u015fmanl\u0131k her zaman \u00e7ok h\u0131zl\u0131 ve profesyoneldi. Bay Karaaga\u00e7l\u0131 sorulara her zaman hemen ve detayl\u0131 \u015fekilde cevap verdi. Telefonla da son derece nazikti ve ihtiyac\u0131m olan t\u00fcm bilgileri verdi. Baz\u0131 hastalar i\u00e7in y\u00fcz y\u00fcze bir g\u00f6r\u00fc\u015fme daha g\u00fcven verici olabilir, ancak Swisslasik\u2019te b\u00f6yle bir ki\u015fisel randevu se\u00e7ene\u011fi yok.Swisslasik benim i\u00e7in her \u015feyi organize etti. U\u00e7ak bileti, otel ve transferler dahil olmak \u00fczere hi\u00e7bir \u015feyle ilgilenmem gerekmedi. Yolculuktan yakla\u015f\u0131k bir hafta \u00f6nce hastaya bir Swisslasik pasaportu g\u00f6nderiliyor. Bu pasaportta ki\u015fisel hitap yer al\u0131yor, t\u00fcm seyahat bilgileri, \u0130stanbul\u2019daki hava durumu, ileti\u015fim ki\u015fileri, ameliyat \u00f6ncesi haz\u0131rl\u0131klar ve iyile\u015fme s\u00fcreciyle ilgili bilgiler bulunuyor. Bu pasaportu \u00e7ok faydal\u0131 buldum, \u00e7\u00fcnk\u00fc \u00f6nemli olan her \u015fey tek yerde toplanm\u0131\u015f. Ayr\u0131ca Swisslasik, \u0130stanbul\u2019un bir \u015fehir haritas\u0131n\u0131 da g\u00f6nderiyor. Sadece \u0130stanbul\u2019daki toplu ta\u015f\u0131ma hakk\u0131nda bilgi yer alm\u0131yor.U\u00e7u\u015fumuz ge\u00e7 sabah saatlerindeydi, bu da var\u0131\u015f g\u00fcn\u00fcnde \u0130stanbul\u2019u biraz gezmemize imk\u00e2n sa\u011flad\u0131. T\u00fcrk Hava Yollar\u0131 keyifli bir havayolu, Star Alliance \u00fcyesi. U\u00e7aktaki yemekler \u00e7ok iyiydi. Havaliman\u0131nda \u015fof\u00f6r\u00fcm\u00fcz bizi bekliyordu ve \u015f\u0131k bir ara\u00e7la otele, Taksim G\u00f6nen\u2019e g\u00f6t\u00fcrd\u00fc. Otelin 10. kat\u0131ndaki odam\u0131zdan \u015fehrin muhte\u015fem bir manzaras\u0131 vard\u0131. Oda \u00e7ok b\u00fcy\u00fck de\u011fildi ama son derece temiz ve rahatt\u0131.\u0130stanbul\u2019da keyifli bir ak\u015fam ge\u00e7irdikten sonra, ertesi g\u00fcn beni ve refakat\u00e7imi otelden al\u0131p klini\u011fe g\u00f6t\u00fcrd\u00fcler. Orada personel taraf\u0131ndan, ana dile g\u00f6re \u0130svi\u00e7re Almancas\u0131, T\u00fcrk\u00e7e, Rus\u00e7a gibi dillerde birebir kar\u015f\u0131lan\u0131yorsunuz. Hastan\u0131n biraz gergin olan ruh h\u00e2lini yumu\u015fatmak i\u00e7in diz\u00fcst\u00fc bilgisayarlar, i\u00e7ecekler gibi k\u00fc\u00e7\u00fck ama ho\u015f ayr\u0131nt\u0131lar sunuluyor. \u00d6n muayene yakla\u015f\u0131k 90 dakika s\u00fcrd\u00fc. Bu s\u00fcre i\u00e7inde g\u00f6zler farkl\u0131 cihazlarla \u00f6l\u00e7\u00fcl\u00fcyor ve hasta doktorla birebir g\u00f6r\u00fc\u015f\u00fcyor. Daha sonra bir \u015feyler yemek i\u00e7in d\u0131\u015far\u0131 \u00e7\u0131k\u0131l\u0131yor ve \u00f6\u011fleden sonra daha sakin bir \u015fekilde ameliyata geliniyor.Ameliyat \u00e7ok iyi ge\u00e7ti. Steril k\u0131yafetler ve ba\u015fa tak\u0131lan bone ile g\u00f6zler dezenfekte ediliyor, ard\u0131ndan ameliyathaneye al\u0131n\u0131yorsunuz. Doktorun da d\u00e2hil oldu\u011fu d\u00f6rt ki\u015fi benimle ilgilendi. Ameliyat edilecek g\u00f6z damlalarla uyu\u015fturuluyor ve kapat\u0131l\u0131yor. G\u00f6z kapa\u011f\u0131n\u0131 a\u00e7\u0131k tutan aparat benim i\u00e7in tam bir korku senaryosuydu. Ancak EyeStar Klini\u011fi\u2019nin son derece tecr\u00fcbeli ekibi, ben fark\u0131na bile varmadan aparat\u0131 yerle\u015ftirdi. Ard\u0131ndan g\u00f6z y\u0131kan\u0131yor. Daha sonra mikrokeratom yerle\u015ftirilerek kornea kesiliyor. Hi\u00e7bir \u015fey hissedilmiyor, sadece cihaz\u0131n k\u00fc\u00e7\u00fck motor sesini duyuyorsunuz. Bu i\u015flem sadece birka\u00e7 saniye s\u00fcr\u00fcyor. \u0130kinci korkum, kornea kapa\u011f\u0131n\u0131n kald\u0131r\u0131lmas\u0131yd\u0131. Ama bu da ben fark etmeden olup bitmi\u015fti.Sonras\u0131nda excimer lazer devreye giriyor. Bu a\u015famada g\u00f6z\u00fc sabit tutmak \u00e7ok \u00f6nemli. Ekip beni s\u00fcrekli rahatlatt\u0131, o birka\u00e7 saniye boyunca cesaret verici s\u00f6zler s\u00f6ylediler. Ard\u0131ndan doktor g\u00f6z\u00fc d\u00fczg\u00fcnle\u015ftiriyor, en ufak bir yabanc\u0131 maddeyi temizliyor ve her \u015feyi mikroskop alt\u0131nda kontrol ediyor. G\u00f6z kapa\u011f\u0131 aparat\u0131 \u00e7\u0131kar\u0131l\u0131yor, ameliyat edilen g\u00f6z sulan\u0131yor ama yanma olmuyor. \u0130kinci g\u00f6ze ge\u00e7ebilmek i\u00e7in g\u00f6z kapat\u0131l\u0131yor.Ameliyattan hemen sonra net g\u00f6rmeye ba\u015flad\u0131m. G\u00f6zlerim, b\u00fct\u00fcn gece parti yapm\u0131\u015f ve \u00e7ok az uyumu\u015fum gibi hissediyordu. Ama ka\u015f\u0131nt\u0131, yanma ya da a\u015f\u0131r\u0131 sulanma yoktu. Ameliyattan sadece birka\u00e7 dakika sonra, koltu\u011fun kar\u015f\u0131s\u0131ndaki duvarda EyeStar logosunu g\u00f6rebilmek b\u00fcy\u00fck bir co\u015fku yarat\u0131yor. \u0130ki saatlik bir uykudan, otel odas\u0131nda hafif bir ak\u015fam yeme\u011finden ve kristal berrakl\u0131\u011f\u0131nda bir g\u00f6r\u00fc\u015ften sonra sevincimi neredeyse kontrol edemiyordum. Uzakta duran en k\u00fc\u00e7\u00fck minareyi bile se\u00e7ebiliyordum.Ertesi sabah bir r\u00fcyadan uyan\u0131r gibi uyand\u0131m\u2026 ama bu bir r\u00fcya de\u011fildi. Saat 08.47\u2019yi, hayat\u0131mda hi\u00e7 olmad\u0131\u011f\u0131 kadar net g\u00f6r\u00fcyordum. Ameliyattan sonraki ilk g\u00fcn kontrol muayenesi yap\u0131ld\u0131. Doktor de\u011ferlerimin m\u00fckemmel oldu\u011funu s\u00f6yledi, t\u00fcm sorular\u0131m\u0131 cevaplad\u0131 ve beni g\u00fcler y\u00fczle u\u011furlad\u0131. EyeStar\u2019da, ileride yap\u0131lacak kontroller i\u00e7in \u00f6m\u00fcr boyu takip edilece\u011fim s\u00f6ylendi.Refakat\u00e7imle birlikte \u0130stanbul\u2019un tad\u0131n\u0131 \u00e7\u0131karma f\u0131rsat\u0131m\u0131z da oldu ve Mavi Camii\u2019yi gezdik. Ertesi g\u00fcn transfer hizmeti, iki g\u00fcn \u00f6nce oldu\u011fu gibi yine sorunsuz \u00e7al\u0131\u015ft\u0131. U\u00e7u\u015f da, 90 dakikal\u0131k bir gecikmeye ra\u011fmen olduk\u00e7a rahatt\u0131. Ameliyat\u0131m\u0131n \u00fczerinden \u015fimdi bir hafta ge\u00e7ti ve d\u00fcnyaya art\u0131k bamba\u015fka bir g\u00f6zle bak\u0131yorum. Harika bir duygu! Ameliyattan bir ay sonra Bern\u2019de yap\u0131lacak kontrol muayenesinin randevusu da \u015fimdiden ayarland\u0131. Telefonda konu\u015ftu\u011fum doktor \u00e7ok nazikti. Kesinlikle Swisslasik\u2019i tavsiye edece\u011fim. \u00c7evremde \u015fimdiden \u00e7ok say\u0131da ilgilenen ki\u015fi var.Her \u015feyin bu kadar iyi ve profesyonel \u015fekilde ilerlemesini sa\u011flayan t\u00fcm ekibe i\u00e7tenlikle te\u015fekk\u00fcr etmek istiyorum.En iyi dileklerimleIsabelle ObersonFribourg, 28 Ekim 2009 \u00d6nceki rapor Sonraki rapor<\/p>\n","protected":false},"author":4,"featured_media":0,"parent":4815,"menu_order":0,"comment_status":"closed","ping_status":"closed","template":"","meta":{"_joinchat":[],"footnotes":""},"class_list":["post-4860","page","type-page","status-publish","hentry"],"acf":[],"_links":{"self":[{"href":"https:\/\/medicaltravel.ch\/tr\/wp-json\/wp\/v2\/pages\/4860","targetHints":{"allow":["GET"]}}],"collection":[{"href":"https:\/\/medicaltravel.ch\/tr\/wp-json\/wp\/v2\/pages"}],"about":[{"href":"https:\/\/medicaltravel.ch\/tr\/wp-json\/wp\/v2\/types\/page"}],"author":[{"embeddable":true,"href":"https:\/\/medicaltravel.ch\/tr\/wp-json\/wp\/v2\/users\/4"}],"replies":[{"embeddable":true,"href":"https:\/\/medicaltravel.ch\/tr\/wp-json\/wp\/v2\/comments?post=4860"}],"version-history":[{"count":0,"href":"https:\/\/medicaltravel.ch\/tr\/wp-json\/wp\/v2\/pages\/4860\/revisions"}],"up":[{"embeddable":true,"href":"https:\/\/medicaltravel.ch\/tr\/wp-json\/wp\/v2\/pages\/4815"}],"wp:attachment":[{"href":"https:\/\/medicaltravel.ch\/tr\/wp-json\/wp\/v2\/media?parent=4860"}],"curies":[{"name":"wp","href":"https:\/\/api.w.org\/{rel}","templated":true}]}}