{"id":4862,"date":"2025-09-24T07:16:30","date_gmt":"2025-09-24T06:16:30","guid":{"rendered":"https:\/\/medicaltravel.ch\/hasta-raporlari\/erfahrungsberichte-schoenheits-op-istanbul\/istanbulda-gecirdigim-lasek-lazer-goez-ameliyatim-5-haziran-2009-cuma-tarihli-rapor\/"},"modified":"2026-01-12T21:14:42","modified_gmt":"2026-01-12T20:14:42","slug":"istanbulda-gecirdigim-lasek-lazer-goez-ameliyatim-5-haziran-2009-cuma-tarihli-rapor","status":"publish","type":"page","link":"https:\/\/medicaltravel.ch\/tr\/hasta-raporlari\/istanbulda-estetik-cerrahi-hakkinda-musteri-yorumlari\/istanbulda-gecirdigim-lasek-lazer-goez-ameliyatim-5-haziran-2009-cuma-tarihli-rapor\/","title":{"rendered":"\u0130stanbul&#8217;da ge\u00e7irdi\u011fim LASEK lazer g\u00f6z ameliyat\u0131m \u2013 5 Haziran 2009 Cuma tarihli rapor"},"content":{"rendered":"\n<h3 class=\"wp-block-heading\">\u0130stanbul&#8217;da ge\u00e7irdi\u011fim LASEK lazer g\u00f6z ameliyat\u0131m \u2013 5 Haziran 2009 Cuma tarihli rapor<\/h3>\n\n\n\n<p>Deneyim Raporu \u2013 Nadja T., 5 Haziran 2009<br>Sporla \u00e7ok aktif olarak ilgilendi\u011fim, Afrika ve Asya\u2019ya s\u0131k seyahat etti\u011fim ve \u00f6zellikle \u00e7\u00f6l b\u00f6lgelerini \u00e7ok sevdi\u011fim i\u00e7in, g\u00f6zl\u00fck ve kontakt lensler zamanla benim i\u00e7in giderek daha rahats\u0131z edici hale geldi. Buna ek olarak, uzun y\u0131llar kontakt lens kullanmamdan dolay\u0131 lenslerle ilgili sorunlar\u0131m da artmaya ba\u015flam\u0131\u015ft\u0131. Bu nedenle \u0130svi\u00e7re\u2019de bir g\u00f6z doktoruna giderek \u00f6n muayene yapt\u0131rmaya karar verdim.<br>Ne yaz\u0131k ki muayenede korneam\u0131n Lasik i\u00e7in \u00e7ok ince oldu\u011fu ve benim i\u00e7in sadece Lasek y\u00f6nteminin uygun oldu\u011fu ortaya \u00e7\u0131kt\u0131. \u0130yile\u015fme s\u00fcresinin genelde biraz daha uzun olmas\u0131ndan dolay\u0131 uzun s\u00fcre d\u00fc\u015f\u00fcnd\u00fcm, ancak sonunda Lasek ameliyat\u0131na karar verdim ve swisslasik \u00fczerinden rezervasyon yapt\u0131m.<br>\u00c7evremdeki bir\u00e7ok ki\u015fiden sadece olumlu yorumlar duymu\u015f olmam ve fiyat\u2013performans a\u00e7\u0131s\u0131ndan e\u015fsiz bir se\u00e7enek sunmas\u0131 nedeniyle \u0130stanbul\u2019da lazer ameliyat\u0131 olmaya karar verdim. Swisslasik beklentilerimi fazlas\u0131yla kar\u015f\u0131lad\u0131. Klinik son derece profesyoneldi, verilen hizmet kusursuzdu, otel ile klinik aras\u0131ndaki transferler dakikti ve \u00e7al\u0131\u015fanlar son derece g\u00fcler y\u00fczl\u00fcyd\u00fc.<br>Lazer ameliyat\u0131 tamamen a\u011fr\u0131s\u0131zd\u0131 ve hi\u00e7 rahats\u0131z edici de\u011fildi. Lasek y\u00f6nteminde g\u00f6r\u00fc\u015f netli\u011finin yakla\u015f\u0131k 7 g\u00fcn sonra tam olarak oturmas\u0131na ra\u011fmen, \u0130stanbul\u2019u \u00fc\u00e7 g\u00fcn boyunca rahatl\u0131kla gezebildim. \u0130stanbul kesinlikle b\u00fcy\u00fcleyici ve \u00e7ok temiz bir \u015fehir; ilgin\u00e7 pazarlar\u0131, etkileyici k\u00fclt\u00fcrel miras\u0131, s\u0131cakkanl\u0131 insanlar\u0131 ve lezzetli yemekleriyle insan\u0131 kendine hayran b\u0131rak\u0131yor.<br>Lazer ameliyat\u0131 hayat kalitemi inan\u0131lmaz derecede art\u0131rd\u0131. Sabah uyan\u0131p hi\u00e7bir yard\u0131mc\u0131 olmadan net bir \u015fekilde g\u00f6rebilmek h\u00e2l\u00e2 bana bir mucize gibi geliyor.          <\/p>\n\n\n\n<div class=\"wp-block-group is-layout-grid wp-container-core-group-is-layout-baef362d wp-block-group-is-layout-grid\">\n<p><a href=\"https:\/\/medicaltravel.at\/home\/agb\/\" data-type=\"page\" data-id=\"2191\" rel=\"nofollow noopener\" target=\"_blank\"><\/a><a href=\"https:\/\/medicaltravel.ch\/tr\/hasta-raporlari\/istanbulda-estetik-cerrahi-hakkinda-musteri-yorumlari\/goezlueksuez-yeni-bir-yasam-10-temmuz-2009-cuma-tarihli-rapor\/\" data-type=\"link\" data-id=\"https:\/\/medicaltravel.ch\/tr\/hasta-raporlari\/istanbulda-estetik-cerrahi-hakkinda-musteri-yorumlari\/goezlueksuez-yeni-bir-yasam-10-temmuz-2009-cuma-tarihli-rapor\/\">\u00d6nceki rapor<\/a><\/p>\n\n\n\n<p class=\"has-text-align-right wp-container-content-5e2576f9\"><a href=\"https:\/\/medicaltravel.at\/home\/impressum\/\" data-type=\"page\" data-id=\"2193\" rel=\"nofollow noopener\" target=\"_blank\"><\/a><a href=\"https:\/\/medicaltravel.at\/home\/berichte-von-patienten\/erfahrungsberichte\/erfahrungsbericht-zahnbehandlung-in-istanbul\/\" data-type=\"page\" data-id=\"981\" rel=\"nofollow noopener\" target=\"_blank\"><\/a><a href=\"https:\/\/medicaltravel.ch\/tr\/hasta-raporlari\/istanbulda-estetik-cerrahi-hakkinda-musteri-yorumlari\/lasik-deneyim-raporu-mayis-2009-istanbul-28-mayis-2009-persembe-tarihli-rapor\/\" data-type=\"link\" data-id=\"https:\/\/medicaltravel.ch\/tr\/hasta-raporlari\/istanbulda-estetik-cerrahi-hakkinda-musteri-yorumlari\/lasik-deneyim-raporu-mayis-2009-istanbul-28-mayis-2009-persembe-tarihli-rapor\/\">Sonraki rapor<\/a><\/p>\n<\/div>\n","protected":false},"excerpt":{"rendered":"<p>\u0130stanbul&#8217;da ge\u00e7irdi\u011fim LASEK lazer g\u00f6z ameliyat\u0131m \u2013 5 Haziran 2009 Cuma tarihli rapor Deneyim Raporu \u2013 Nadja T., 5 Haziran 2009Sporla \u00e7ok aktif olarak ilgilendi\u011fim, Afrika ve Asya\u2019ya s\u0131k seyahat etti\u011fim ve \u00f6zellikle \u00e7\u00f6l b\u00f6lgelerini \u00e7ok sevdi\u011fim i\u00e7in, g\u00f6zl\u00fck ve kontakt lensler zamanla benim i\u00e7in giderek daha rahats\u0131z edici hale geldi. Buna ek olarak, uzun y\u0131llar kontakt lens kullanmamdan dolay\u0131 lenslerle ilgili sorunlar\u0131m da artmaya ba\u015flam\u0131\u015ft\u0131. Bu nedenle \u0130svi\u00e7re\u2019de bir g\u00f6z doktoruna giderek \u00f6n muayene yapt\u0131rmaya karar verdim.Ne yaz\u0131k ki muayenede korneam\u0131n Lasik i\u00e7in \u00e7ok ince oldu\u011fu ve benim i\u00e7in sadece Lasek y\u00f6nteminin uygun oldu\u011fu ortaya \u00e7\u0131kt\u0131. \u0130yile\u015fme s\u00fcresinin genelde biraz daha uzun olmas\u0131ndan dolay\u0131 uzun s\u00fcre d\u00fc\u015f\u00fcnd\u00fcm, ancak sonunda Lasek ameliyat\u0131na karar verdim ve swisslasik \u00fczerinden rezervasyon yapt\u0131m.\u00c7evremdeki bir\u00e7ok ki\u015fiden sadece olumlu yorumlar duymu\u015f olmam ve fiyat\u2013performans a\u00e7\u0131s\u0131ndan e\u015fsiz bir se\u00e7enek sunmas\u0131 nedeniyle \u0130stanbul\u2019da lazer ameliyat\u0131 olmaya karar verdim. Swisslasik beklentilerimi fazlas\u0131yla kar\u015f\u0131lad\u0131. Klinik son derece profesyoneldi, verilen hizmet kusursuzdu, otel ile klinik aras\u0131ndaki transferler dakikti ve \u00e7al\u0131\u015fanlar son derece g\u00fcler y\u00fczl\u00fcyd\u00fc.Lazer ameliyat\u0131 tamamen a\u011fr\u0131s\u0131zd\u0131 ve hi\u00e7 rahats\u0131z edici de\u011fildi. Lasek y\u00f6nteminde g\u00f6r\u00fc\u015f netli\u011finin yakla\u015f\u0131k 7 g\u00fcn sonra tam olarak oturmas\u0131na ra\u011fmen, \u0130stanbul\u2019u \u00fc\u00e7 g\u00fcn boyunca rahatl\u0131kla gezebildim. \u0130stanbul kesinlikle b\u00fcy\u00fcleyici ve \u00e7ok temiz bir \u015fehir; ilgin\u00e7 pazarlar\u0131, etkileyici k\u00fclt\u00fcrel miras\u0131, s\u0131cakkanl\u0131 insanlar\u0131 ve lezzetli yemekleriyle insan\u0131 kendine hayran b\u0131rak\u0131yor.Lazer ameliyat\u0131 hayat kalitemi inan\u0131lmaz derecede art\u0131rd\u0131. Sabah uyan\u0131p hi\u00e7bir yard\u0131mc\u0131 olmadan net bir \u015fekilde g\u00f6rebilmek h\u00e2l\u00e2 bana bir mucize gibi geliyor. \u00d6nceki rapor Sonraki rapor<\/p>\n","protected":false},"author":4,"featured_media":0,"parent":4815,"menu_order":0,"comment_status":"closed","ping_status":"closed","template":"","meta":{"_joinchat":[],"footnotes":""},"class_list":["post-4862","page","type-page","status-publish","hentry"],"acf":[],"_links":{"self":[{"href":"https:\/\/medicaltravel.ch\/tr\/wp-json\/wp\/v2\/pages\/4862","targetHints":{"allow":["GET"]}}],"collection":[{"href":"https:\/\/medicaltravel.ch\/tr\/wp-json\/wp\/v2\/pages"}],"about":[{"href":"https:\/\/medicaltravel.ch\/tr\/wp-json\/wp\/v2\/types\/page"}],"author":[{"embeddable":true,"href":"https:\/\/medicaltravel.ch\/tr\/wp-json\/wp\/v2\/users\/4"}],"replies":[{"embeddable":true,"href":"https:\/\/medicaltravel.ch\/tr\/wp-json\/wp\/v2\/comments?post=4862"}],"version-history":[{"count":0,"href":"https:\/\/medicaltravel.ch\/tr\/wp-json\/wp\/v2\/pages\/4862\/revisions"}],"up":[{"embeddable":true,"href":"https:\/\/medicaltravel.ch\/tr\/wp-json\/wp\/v2\/pages\/4815"}],"wp:attachment":[{"href":"https:\/\/medicaltravel.ch\/tr\/wp-json\/wp\/v2\/media?parent=4862"}],"curies":[{"name":"wp","href":"https:\/\/api.w.org\/{rel}","templated":true}]}}