{"id":4864,"date":"2025-09-24T07:12:12","date_gmt":"2025-09-24T06:12:12","guid":{"rendered":"https:\/\/medicaltravel.ch\/hasta-raporlari\/erfahrungsberichte-schoenheits-op-istanbul\/swisslasik-araciligiyla-istanbuldaki-klinikte-yasadigim-deneyim-5-subat-2010-cuma-tarihli-rapor\/"},"modified":"2026-01-12T21:10:13","modified_gmt":"2026-01-12T20:10:13","slug":"swisslasik-araciligiyla-istanbuldaki-klinikte-yasadigim-deneyim-5-subat-2010-cuma-tarihli-rapor","status":"publish","type":"page","link":"https:\/\/medicaltravel.ch\/tr\/hasta-raporlari\/istanbulda-estetik-cerrahi-hakkinda-musteri-yorumlari\/swisslasik-araciligiyla-istanbuldaki-klinikte-yasadigim-deneyim-5-subat-2010-cuma-tarihli-rapor\/","title":{"rendered":"Swisslasik arac\u0131l\u0131\u011f\u0131yla \u0130stanbul&#8217;daki klinikte ya\u015fad\u0131\u011f\u0131m deneyim \u2013 5 \u015eubat 2010 Cuma tarihli rapor"},"content":{"rendered":"\n<h3 class=\"wp-block-heading\">Swisslasik arac\u0131l\u0131\u011f\u0131yla \u0130stanbul&#8217;daki klinikte ya\u015fad\u0131\u011f\u0131m deneyim \u2013 5 \u015eubat 2010 Cuma tarihli rapor<\/h3>\n\n\n\n<p>Uzun y\u0131llar miyoplukla ya\u015fad\u0131m (hatta bundan epeyce \u00e7ektim). Yak\u0131n\u0131 \u00e7ok iyi g\u00f6rebiliyordum, ancak uza\u011f\u0131 olduk\u00e7a k\u00f6t\u00fc g\u00f6r\u00fcyordum. Bu durum beni \u00f6zellikle karanl\u0131kta, araba kullan\u0131rken, televizyon izlerken vb. \u00e7ok etkiliyordu. Elbette ofiste bilgisayar i\u00e7in bir g\u00f6zl\u00fc\u011f\u00fcm vard\u0131. Spor yaparken (buz hokeyi ve futbol ma\u00e7lar\u0131) ise kontakt lens kullan\u0131yordum. Ama bir noktadan sonra kendi kendime \u201cB\u00f6yle devam edemez, bunu lazer ameliyatlar\u0131yla d\u00fczeltmek m\u00fcmk\u00fcn\u201d diye d\u00fc\u015f\u00fcnd\u00fcm.<br>Bir i\u015f arkada\u015f\u0131m sayesinde, \u0130stanbul\u2019da bu i\u015flemin hem \u00e7ok profesyonel bir \u015fekilde hem de olduk\u00e7a uygun fiyatlarla yap\u0131ld\u0131\u011f\u0131n\u0131 \u00f6\u011frendim. B\u00f6ylece Kas\u0131m 2009\u2019da Swisslasik ile Thun\u2019da bir g\u00f6r\u00fc\u015fme yapt\u0131m ve k\u0131sa s\u00fcre sonra \u0130stanbul\u2019da 22 Ocak 2010 tarihinde ameliyat olmak i\u00e7in kay\u0131t yapt\u0131rd\u0131m.<br>21.01.2010 tarihinde Swiss havayollar\u0131 ile \u0130stanbul\u2019a u\u00e7tum ve havaalan\u0131nda daha \u00f6nce hi\u00e7 tan\u0131mad\u0131\u011f\u0131m bir ki\u015fi taraf\u0131ndan kar\u015f\u0131land\u0131m. Bu \u015fof\u00f6r beni g\u00f6z klini\u011fine \u00e7ok yak\u0131n olan otelime g\u00f6t\u00fcrd\u00fc ve ertesi g\u00fcn saat 11.00\u2019de beni otelin giri\u015finden alaca\u011f\u0131n\u0131 s\u00f6yledi. S\u00f6ylendi\u011fi gibi de oldu.<br>22 Ocak\u2019ta \u00f6n muayenem yap\u0131ld\u0131 ve doktorlar bana hemen ameliyat\u0131n hi\u00e7bir sorun te\u015fkil etmedi\u011fini s\u00f6ylediler. \u00d6\u011fleden sonra saat \u00fc\u00e7 bu\u00e7ukta tekrar klini\u011fe gitmem gerekiyordu. Biraz heyecanl\u0131yd\u0131m elbette, her ne kadar bunun asl\u0131nda hi\u00e7 sorun olmayaca\u011f\u0131n\u0131 bilsem de. Buna ra\u011fmen lazer ameliyat\u0131 tam da hayal etti\u011fim gibi, sorunsuz ge\u00e7ti. Ameliyattan sonra bana yakla\u015f\u0131k 10 g\u00fcn boyunca her iki g\u00f6z\u00fcme damlatmam gereken \u00fc\u00e7 farkl\u0131 damla verildi.<br>Daha sonra otelime d\u00f6nd\u00fcm; zaten ameliyattan sonraki birka\u00e7 saat \u0131\u015f\u0131k ve g\u00fcne\u015ften ka\u00e7\u0131nmak gerekti\u011fi biliniyor. Ancak ertesi g\u00fcn, 23 Ocak Cumartesi g\u00fcn\u00fc, g\u00f6r\u00fc\u015f\u00fcm\u00fcn adeta eskisi gibi geri geldi\u011fini fark ettim. D\u00fcnle bug\u00fcn\u00fcn aras\u0131nda bir fark vard\u0131 ama uza\u011f\u0131 tekrar g\u00f6rebiliyordum. Bu tamamen olumlu bir histi.<br>\u00d6\u011fleden sonra biraz \u0130stanbul\u2019u gezdim, ak\u015fam ise tekrar semtin \u00fcnl\u00fc al\u0131\u015fveri\u015f caddesi Taksim\u2019e gittim. Ayn\u0131 zamanda her \u015feyin yolunda gitmi\u015f olmas\u0131ndan dolay\u0131 \u00e7ok mutlu ve rahatt\u0131m; Pazar g\u00fcn\u00fc \u0130svi\u00e7re\u2019ye geri d\u00f6nece\u011fim i\u00e7in de seviniyordum. O g\u00fcnlerde \u0130stanbul\u2019da son iki y\u0131l\u0131n en so\u011fuk k\u0131\u015f havas\u0131 ya\u015fan\u0131yordu, bana \u00f6yle s\u00f6ylediler.<br>Buna ra\u011fmen \u0130stanbul\u2019daki (T\u00fcrkiye) klini\u011fi g\u00f6n\u00fcl rahatl\u0131\u011f\u0131yla tavsiye edebilirim. Benim i\u00e7in belirleyici olan en \u00f6nemli neden, T\u00fcrkiye ile \u0130svi\u00e7re aras\u0131ndaki nispeten b\u00fcy\u00fck fiyat fark\u0131yd\u0131. Ancak uzmanl\u0131k, profesyonellik ve g\u00fcler y\u00fczl\u00fcl\u00fck de beni fazlas\u0131yla ikna etti.<br>J\u00fcrg Hermann, Flums                        <\/p>\n\n\n\n<div class=\"wp-block-group is-layout-grid wp-container-core-group-is-layout-baef362d wp-block-group-is-layout-grid\">\n<p><a href=\"https:\/\/medicaltravel.at\/home\/agb\/\" data-type=\"page\" data-id=\"2191\" rel=\"nofollow noopener\" target=\"_blank\"><\/a><a href=\"https:\/\/medicaltravel.ch\/tr\/hasta-raporlari\/istanbulda-estetik-cerrahi-hakkinda-musteri-yorumlari\/istanbulda-lazer-goez-ameliyatim-6-subat-2010-cumartesi-tarihli-rapor\/\" data-type=\"link\" data-id=\"https:\/\/medicaltravel.ch\/tr\/hasta-raporlari\/istanbulda-estetik-cerrahi-hakkinda-musteri-yorumlari\/istanbulda-lazer-goez-ameliyatim-6-subat-2010-cumartesi-tarihli-rapor\/\">\u00d6nceki rapor<\/a><\/p>\n\n\n\n<p class=\"has-text-align-right wp-container-content-5e2576f9\"><a href=\"https:\/\/medicaltravel.at\/home\/impressum\/\" data-type=\"page\" data-id=\"2193\" rel=\"nofollow noopener\" target=\"_blank\"><\/a><a href=\"https:\/\/medicaltravel.at\/home\/berichte-von-patienten\/erfahrungsberichte\/erfahrungsbericht-zahnbehandlung-in-istanbul\/\" data-type=\"page\" data-id=\"981\" rel=\"nofollow noopener\" target=\"_blank\"><\/a><a href=\"https:\/\/medicaltravel.ch\/tr\/hasta-raporlari\/istanbulda-estetik-cerrahi-hakkinda-musteri-yorumlari\/istanbulda-lazer-goez-ve-dis-tedavimle-ilgili-hasta-raporum-21-aralik-2009-pazartesi-tarihli-rapor\/\" data-type=\"link\" data-id=\"https:\/\/medicaltravel.ch\/tr\/hasta-raporlari\/istanbulda-estetik-cerrahi-hakkinda-musteri-yorumlari\/istanbulda-lazer-goez-ve-dis-tedavimle-ilgili-hasta-raporum-21-aralik-2009-pazartesi-tarihli-rapor\/\">Sonraki rapor<\/a><\/p>\n<\/div>\n","protected":false},"excerpt":{"rendered":"<p>Swisslasik arac\u0131l\u0131\u011f\u0131yla \u0130stanbul&#8217;daki klinikte ya\u015fad\u0131\u011f\u0131m deneyim \u2013 5 \u015eubat 2010 Cuma tarihli rapor Uzun y\u0131llar miyoplukla ya\u015fad\u0131m (hatta bundan epeyce \u00e7ektim). Yak\u0131n\u0131 \u00e7ok iyi g\u00f6rebiliyordum, ancak uza\u011f\u0131 olduk\u00e7a k\u00f6t\u00fc g\u00f6r\u00fcyordum. Bu durum beni \u00f6zellikle karanl\u0131kta, araba kullan\u0131rken, televizyon izlerken vb. \u00e7ok etkiliyordu. Elbette ofiste bilgisayar i\u00e7in bir g\u00f6zl\u00fc\u011f\u00fcm vard\u0131. Spor yaparken (buz hokeyi ve futbol ma\u00e7lar\u0131) ise kontakt lens kullan\u0131yordum. Ama bir noktadan sonra kendi kendime \u201cB\u00f6yle devam edemez, bunu lazer ameliyatlar\u0131yla d\u00fczeltmek m\u00fcmk\u00fcn\u201d diye d\u00fc\u015f\u00fcnd\u00fcm.Bir i\u015f arkada\u015f\u0131m sayesinde, \u0130stanbul\u2019da bu i\u015flemin hem \u00e7ok profesyonel bir \u015fekilde hem de olduk\u00e7a uygun fiyatlarla yap\u0131ld\u0131\u011f\u0131n\u0131 \u00f6\u011frendim. B\u00f6ylece Kas\u0131m 2009\u2019da Swisslasik ile Thun\u2019da bir g\u00f6r\u00fc\u015fme yapt\u0131m ve k\u0131sa s\u00fcre sonra \u0130stanbul\u2019da 22 Ocak 2010 tarihinde ameliyat olmak i\u00e7in kay\u0131t yapt\u0131rd\u0131m.21.01.2010 tarihinde Swiss havayollar\u0131 ile \u0130stanbul\u2019a u\u00e7tum ve havaalan\u0131nda daha \u00f6nce hi\u00e7 tan\u0131mad\u0131\u011f\u0131m bir ki\u015fi taraf\u0131ndan kar\u015f\u0131land\u0131m. Bu \u015fof\u00f6r beni g\u00f6z klini\u011fine \u00e7ok yak\u0131n olan otelime g\u00f6t\u00fcrd\u00fc ve ertesi g\u00fcn saat 11.00\u2019de beni otelin giri\u015finden alaca\u011f\u0131n\u0131 s\u00f6yledi. S\u00f6ylendi\u011fi gibi de oldu.22 Ocak\u2019ta \u00f6n muayenem yap\u0131ld\u0131 ve doktorlar bana hemen ameliyat\u0131n hi\u00e7bir sorun te\u015fkil etmedi\u011fini s\u00f6ylediler. \u00d6\u011fleden sonra saat \u00fc\u00e7 bu\u00e7ukta tekrar klini\u011fe gitmem gerekiyordu. Biraz heyecanl\u0131yd\u0131m elbette, her ne kadar bunun asl\u0131nda hi\u00e7 sorun olmayaca\u011f\u0131n\u0131 bilsem de. Buna ra\u011fmen lazer ameliyat\u0131 tam da hayal etti\u011fim gibi, sorunsuz ge\u00e7ti. Ameliyattan sonra bana yakla\u015f\u0131k 10 g\u00fcn boyunca her iki g\u00f6z\u00fcme damlatmam gereken \u00fc\u00e7 farkl\u0131 damla verildi.Daha sonra otelime d\u00f6nd\u00fcm; zaten ameliyattan sonraki birka\u00e7 saat \u0131\u015f\u0131k ve g\u00fcne\u015ften ka\u00e7\u0131nmak gerekti\u011fi biliniyor. Ancak ertesi g\u00fcn, 23 Ocak Cumartesi g\u00fcn\u00fc, g\u00f6r\u00fc\u015f\u00fcm\u00fcn adeta eskisi gibi geri geldi\u011fini fark ettim. D\u00fcnle bug\u00fcn\u00fcn aras\u0131nda bir fark vard\u0131 ama uza\u011f\u0131 tekrar g\u00f6rebiliyordum. Bu tamamen olumlu bir histi.\u00d6\u011fleden sonra biraz \u0130stanbul\u2019u gezdim, ak\u015fam ise tekrar semtin \u00fcnl\u00fc al\u0131\u015fveri\u015f caddesi Taksim\u2019e gittim. Ayn\u0131 zamanda her \u015feyin yolunda gitmi\u015f olmas\u0131ndan dolay\u0131 \u00e7ok mutlu ve rahatt\u0131m; Pazar g\u00fcn\u00fc \u0130svi\u00e7re\u2019ye geri d\u00f6nece\u011fim i\u00e7in de seviniyordum. O g\u00fcnlerde \u0130stanbul\u2019da son iki y\u0131l\u0131n en so\u011fuk k\u0131\u015f havas\u0131 ya\u015fan\u0131yordu, bana \u00f6yle s\u00f6ylediler.Buna ra\u011fmen \u0130stanbul\u2019daki (T\u00fcrkiye) klini\u011fi g\u00f6n\u00fcl rahatl\u0131\u011f\u0131yla tavsiye edebilirim. Benim i\u00e7in belirleyici olan en \u00f6nemli neden, T\u00fcrkiye ile \u0130svi\u00e7re aras\u0131ndaki nispeten b\u00fcy\u00fck fiyat fark\u0131yd\u0131. Ancak uzmanl\u0131k, profesyonellik ve g\u00fcler y\u00fczl\u00fcl\u00fck de beni fazlas\u0131yla ikna etti.J\u00fcrg Hermann, Flums \u00d6nceki rapor Sonraki rapor<\/p>\n","protected":false},"author":4,"featured_media":0,"parent":4815,"menu_order":0,"comment_status":"closed","ping_status":"closed","template":"","meta":{"_joinchat":[],"footnotes":""},"class_list":["post-4864","page","type-page","status-publish","hentry"],"acf":[],"_links":{"self":[{"href":"https:\/\/medicaltravel.ch\/tr\/wp-json\/wp\/v2\/pages\/4864","targetHints":{"allow":["GET"]}}],"collection":[{"href":"https:\/\/medicaltravel.ch\/tr\/wp-json\/wp\/v2\/pages"}],"about":[{"href":"https:\/\/medicaltravel.ch\/tr\/wp-json\/wp\/v2\/types\/page"}],"author":[{"embeddable":true,"href":"https:\/\/medicaltravel.ch\/tr\/wp-json\/wp\/v2\/users\/4"}],"replies":[{"embeddable":true,"href":"https:\/\/medicaltravel.ch\/tr\/wp-json\/wp\/v2\/comments?post=4864"}],"version-history":[{"count":0,"href":"https:\/\/medicaltravel.ch\/tr\/wp-json\/wp\/v2\/pages\/4864\/revisions"}],"up":[{"embeddable":true,"href":"https:\/\/medicaltravel.ch\/tr\/wp-json\/wp\/v2\/pages\/4815"}],"wp:attachment":[{"href":"https:\/\/medicaltravel.ch\/tr\/wp-json\/wp\/v2\/media?parent=4864"}],"curies":[{"name":"wp","href":"https:\/\/api.w.org\/{rel}","templated":true}]}}