{"id":4867,"date":"2025-09-24T07:04:36","date_gmt":"2025-09-24T06:04:36","guid":{"rendered":"https:\/\/medicaltravel.ch\/hasta-raporlari\/erfahrungsberichte-schoenheits-op-istanbul\/istanbula-yaptigim-bueyuek-goez-lazer-ameliyati-seyahatimden-rapor-5-aralik-2010-pazar\/"},"modified":"2026-01-12T20:12:14","modified_gmt":"2026-01-12T19:12:14","slug":"istanbula-yaptigim-bueyuek-goez-lazer-ameliyati-seyahatimden-rapor-5-aralik-2010-pazar","status":"publish","type":"page","link":"https:\/\/medicaltravel.ch\/tr\/hasta-raporlari\/istanbulda-estetik-cerrahi-hakkinda-musteri-yorumlari\/istanbula-yaptigim-bueyuek-goez-lazer-ameliyati-seyahatimden-rapor-5-aralik-2010-pazar\/","title":{"rendered":"\u0130stanbul&#8217;a yapt\u0131\u011f\u0131m b\u00fcy\u00fck g\u00f6z lazer ameliyat\u0131 seyahatimden rapor (5 Aral\u0131k 2010, Pazar)"},"content":{"rendered":"\n<h3 class=\"wp-block-heading\">\u0130stanbul&#8217;a yapt\u0131\u011f\u0131m b\u00fcy\u00fck g\u00f6z lazer ameliyat\u0131 seyahatimden rapor (5 Aral\u0131k 2010, Pazar)<\/h3>\n\n\n\n<p>Alt\u0131 ya\u015f\u0131mdan beri bir g\u00f6rme yard\u0131m\u0131na, yani g\u00f6zl\u00fc\u011fe ihtiya\u00e7 duyuyorum. Ancak tek bir g\u00fcn bile ge\u00e7medi ki bunun b\u00f6yle olmas\u0131n\u0131 istememi\u015f olay\u0131m. Elbette d\u00fcr\u00fcst olmak gerekirse, ilk s\u0131rada estetik nedenler vard\u0131; hemen ard\u0131ndan da g\u00f6zl\u00fc\u011f\u00fcn bir\u00e7ok aktivitede (\u00f6rne\u011fin y\u00fczme s\u0131ras\u0131nda) ger\u00e7ekten b\u00fcy\u00fck bir eziyet olmas\u0131 geliyordu. Bir g\u00f6z enfeksiyonundan sonra art\u0131k kontakt lens kullanamad\u0131\u011f\u0131m i\u00e7in, daha 16 ya\u015f\u0131ndayken bir g\u00fcn mutlaka g\u00f6zlerimi lazerle d\u00fczelttirece\u011fime karar vermi\u015ftim. Ne yaz\u0131k ki bunun ger\u00e7ekle\u015fmesi i\u00e7in tam dokuz y\u0131l daha sabretmem gerekti.<br>Bu dokuz y\u0131l boyunca elbette \u201clazer\u201d konusu ile yeterince ilgilenme f\u0131rsat\u0131m oldu. Benim i\u00e7in en ba\u015f\u0131ndan beri kesin olan bir \u015fey vard\u0131: Bu operasyonu kesinlikle \u0130svi\u00e7re\u2019de yapt\u0131rmayacakt\u0131m. Buradaki maliyetler bana g\u00f6re tamamen u\u00e7uktu ve verilen hizmetle orant\u0131l\u0131 de\u011fildi. \u00c7evremdeki bir\u00e7ok ki\u015fi bu operasyonu T\u00fcrkiye\u2019de yapt\u0131rd\u0131\u011f\u0131n\u0131 ve sonu\u00e7lardan son derece memnun kald\u0131\u011f\u0131n\u0131 s\u00f6yledi\u011fi i\u00e7in, \u0130stanbul\u2019da ameliyat olma karar\u0131m daha da peki\u015fti.<br>25 ya\u015f\u0131ma geldi\u011fimde ve g\u00f6z de\u011ferlerim son \u00fc\u00e7 y\u0131ld\u0131r sabit oldu\u011funda, internette ara\u015ft\u0131rma yapmaya ba\u015flad\u0131m ve T\u00fcrkiye\u2019de iyi bir g\u00f6z klini\u011fi arad\u0131m. K\u0131sa s\u00fcrede Swisslasik ile kar\u015f\u0131la\u015ft\u0131m. Web sitesi bana ba\u015ftan itibaren \u00e7ok ciddi ve profesyonel bir izlenim verdi\u011fi i\u00e7in, \u0130svi\u00e7re\u2019deki ileti\u015fim sorumlusu olan Say\u0131n Karaaga\u00e7li ile ileti\u015fime ge\u00e7meye karar verdim. Daha birka\u00e7 saat i\u00e7inde, e-posta yoluyla t\u00fcm sorular\u0131ma \u00e7ok profesyonel ve tatmin edici cevaplar ald\u0131m. B\u00f6ylece \u0130stanbul\u2019da EyeStar\u2019da g\u00f6z ameliyat\u0131 olmaya kesin olarak karar verdim.<br>Ger\u00e7ekten bu operasyona uygun olup olmad\u0131\u011f\u0131mdan emin olmak istedi\u011fim i\u00e7in, Z\u00fcrih\u2019te Dr. Mario Bey\u2019de bir \u00f6n muayene yapt\u0131rd\u0131m. Muayene sorunsuz ge\u00e7ti ve olumlu sonu\u00e7 ald\u0131ktan sonra ameliyat i\u00e7in kayd\u0131m\u0131 yapt\u0131rd\u0131m. Say\u0131n Karaaga\u00e7li benim i\u00e7in her \u015feyi organize etti ve b\u00fcy\u00fck \u0130stanbul yolculu\u011fum 22.11.2010 tarihinde ba\u015flad\u0131.<br>\u0130stanbul\u2019a vard\u0131\u011f\u0131m\u0131zda, bir EyeStar \u00e7al\u0131\u015fan\u0131 bizi \u00e7ok s\u0131cak bir \u015fekilde kar\u015f\u0131lad\u0131 ve do\u011frudan otele g\u00f6t\u00fcrd\u00fc. Otel giri\u015f i\u015flemlerimiz de hemen yap\u0131ld\u0131. Otel personeli son derece g\u00fcler y\u00fczl\u00fcyd\u00fc, oda temizdi ve kendimi daha ilk andan itibaren rahat hissettim. Ertesi g\u00fcn \u0130stanbul\u2019daki \u00f6n muayeneler yap\u0131ld\u0131; EyeStar klini\u011fi otelimize sadece 5 dakikal\u0131k y\u00fcr\u00fcme mesafesindeydi.<br>Klinik personeli ger\u00e7ekten harikayd\u0131. \u00d6zellikle terc\u00fcman\u0131m\u0131z Fred\u2019de kendimi \u00e7ok g\u00fcvende hissettim. Kendisi adeta klini\u011fin iyi kalbiydi. S\u00fcrekli yan\u0131m\u0131zdayd\u0131, her \u015feyi durmaks\u0131z\u0131n terc\u00fcme etti ve sorular\u0131m\u0131z oldu\u011funda her zaman profesyonel bir \u015fekilde yard\u0131mc\u0131 oldu. Operasyon yakla\u015ft\u0131k\u00e7a, beni ve di\u011fer herkesi birka\u00e7 sakinle\u015ftirici s\u00f6zle rahatlatt\u0131\u011f\u0131 i\u00e7in ona \u00f6zellikle minnettard\u0131m.<br>Ayn\u0131 zamanda \u00e7ok ho\u015fuma giden bir di\u011fer nokta da, benimle birlikte ayn\u0131 g\u00fcn be\u015f ki\u015finin daha orada olmas\u0131yd\u0131. Hepimiz s\u0131rayla ameliyata al\u0131nd\u0131k.                       B\u00f6ylece daha \u00f6n muayene s\u0131ras\u0131nda bile di\u011fer ki\u015filerle sohbet etme imk\u00e2n\u0131 oluyor ve insan\u0131n yaln\u0131z olmad\u0131\u011f\u0131n\u0131 bilmesi, korkunun b\u00fcy\u00fck bir k\u0131sm\u0131n\u0131 al\u0131p g\u00f6t\u00fcr\u00fcyor ve insana g\u00fcven veriyor. Operasyon ak\u015fam saatlerine do\u011fru yap\u0131ld\u0131. Elbette korku \u00e7ok b\u00fcy\u00fckt\u00fc, ancak sakinle\u015ftirici tablet, uzman personel ve hastanedeki rahat atmosfer sayesinde durumu olduk\u00e7a sakin kar\u015f\u0131layabildim.<br>Orada alt\u0131 ki\u015fi oturuyorduk ve hayat\u0131m\u0131zdaki o b\u00fcy\u00fck an\u0131 heyecanla bekliyorduk. Daha \u00f6nce de bahsetti\u011fim gibi, herkes s\u0131rayla \u00e7a\u011fr\u0131ld\u0131 ve operasyona haz\u0131rland\u0131. Ben d\u00f6rd\u00fcnc\u00fc s\u0131radayd\u0131m; bunun avantaj\u0131, ilk ameliyat olan ki\u015fiyle k\u0131sa bir s\u00fcre konu\u015fabilmemdi, \u00e7\u00fcnk\u00fc kendisi 15\u201320 dakika sonra geri gelmi\u015fti.<br>Sonra s\u0131ra bana geldi. Pembe bir \u00f6nl\u00fck giymem istendi, ba\u015f\u0131ma bir bone tak\u0131ld\u0131 ve ayakkab\u0131lar\u0131m i\u00e7in de plastik bir koruyucu verildi. Ard\u0131ndan g\u00f6zler uyu\u015fturuldu ve etraf\u0131 tamamen steril hale getirildi. Operasyon o kadar h\u0131zl\u0131 ge\u00e7ti ki, sonradan her \u015fey bana biraz ger\u00e7ek d\u0131\u015f\u0131 gibi geldi. Hi\u00e7 ac\u0131 yoktu, sadece biraz rahats\u0131z ediciydi; bu da muhtemelen insan\u0131n her g\u00fcn g\u00f6z\u00fcnde i\u015flem yap\u0131lmamas\u0131ndan kaynaklan\u0131yordu.<br>Operasyon s\u0131ras\u0131nda g\u00f6z bir aparatla sabitlendi ve benim tek yapmam gereken Fred\u2019in talimatlar\u0131n\u0131 dinlemek ve ye\u015fil \u0131\u015f\u0131\u011fa odaklanmakt\u0131. Bunu olduk\u00e7a iyi yapt\u0131\u011f\u0131m\u0131 s\u00f6ylediler, \u00e7\u00fcnk\u00fc lazer hi\u00e7 durdurulmad\u0131 ve g\u00f6z ba\u015f\u0131na yakla\u015f\u0131k 20 saniye sonra her \u015fey bitmi\u015fti. Sakinle\u015ftirici tabletin etkisi ve her \u015feyin bekledi\u011fimden \u00e7ok daha sorunsuz ge\u00e7mesiyle biraz sersemlemi\u015f haldeyken, Fred beni tekrar bekleme salonuna g\u00f6t\u00fcrd\u00fc.<br>Sonunda bize g\u00f6z damlalar\u0131n\u0131 nas\u0131l kullanmam\u0131z gerekti\u011fi anlat\u0131ld\u0131 ve ard\u0131ndan dinlenebilmemiz i\u00e7in tekrar otelimize g\u00f6t\u00fcr\u00fcld\u00fck. Ertesi sabah ger\u00e7ekten harikayd\u0131. \u00c7ok iyi uyumu\u015ftum, gece hi\u00e7 a\u011fr\u0131m olmad\u0131 ve sabah g\u00f6z bantlar\u0131n\u0131 \u00e7\u0131kard\u0131\u011f\u0131mda, hayat\u0131mda ilk kez g\u00f6zl\u00fcks\u00fcz halde olduk\u00e7a iyi g\u00f6rebildi\u011fimi fark ettim. G\u00f6r\u00fc\u015f\u00fcm h\u00e2l\u00e2 biraz bulan\u0131kt\u0131 ama yine de her \u015fey net bir \u015fekilde se\u00e7ilebiliyordu.<br>Ayn\u0131 g\u00fcn tekrar EyeStar Klini\u011fi\u2019ne kontrol muayenesine gittik. Doktor sonu\u00e7tan \u00e7ok memnundu ve her \u015feyin \u00e7ok iyi oldu\u011funu, \u015fimdiden y\u00fczde y\u00fcz g\u00f6rebildi\u011fimi s\u00f6yledi. Bu olumlu haberden sonra hemen gezme ve al\u0131\u015fveri\u015f turuna \u00e7\u0131kt\u0131k. T\u00fcrkiye\u2019de ameliyat olmay\u0131 se\u00e7menin bir di\u011fer avantaj\u0131 da \u0130stanbul\u2019un \u00e7ok g\u00fczel bir \u015fehir olmas\u0131; say\u0131s\u0131z ilgin\u00e7 tarihi yer ve \u00e7ok iyi al\u0131\u015fveri\u015f imk\u00e2nlar\u0131 sunuyor.<br>Uzun bir al\u0131\u015fveri\u015f turunun ard\u0131ndan Mavi Camii\u2019ni, Galata K\u00f6pr\u00fcs\u00fc\u2019n\u00fc, Galata Kulesi\u2019ni ve daha bir\u00e7ok yeri gezdikten sonra otele geri d\u00f6nd\u00fcm. Ertesi g\u00fcn, yani 25.11.2010 tarihinde saat 12.00 civar\u0131nda otelden al\u0131nd\u0131m ve d\u00f6n\u00fc\u015f yolculu\u011fum i\u00e7in havaalan\u0131na g\u00f6t\u00fcr\u00fcld\u00fcm.                       \u015eu an tarih 06.12.2010 ve bu ad\u0131m\u0131 att\u0131\u011f\u0131m i\u00e7in inan\u0131lmaz derecede mutluyum. \u00c7\u00fcnk\u00fc g\u00f6zl\u00fcks\u00fcz dola\u015fabilme hissi, benim gibi \u00e7ok k\u00f6t\u00fc g\u00f6ren biri i\u00e7in ger\u00e7ekten e\u015fsiz bir duygu.<br>Buna h\u00e2l\u00e2 tam olarak al\u0131\u015famad\u0131\u011f\u0131m\u0131n bir \u00f6rne\u011fi de \u015fu: Yatmadan \u00f6nce art\u0131k g\u00f6zl\u00fck takmad\u0131\u011f\u0131m halde, g\u00f6zl\u00fc\u011f\u00fcm\u00fc \u00e7\u0131karmak i\u00e7in elimle y\u00fcz\u00fcme uzand\u0131\u011f\u0131m\u0131 kendimi \u00fc\u00e7 kez yakalad\u0131m. Her seferinde g\u00fcl\u00fcmseyerek uykuya dald\u0131m, \u00e7\u00fcnk\u00fc g\u00f6zl\u00fcks\u00fcz bu kadar iyi g\u00f6rmek tarif edilemez bir his ve art\u0131k g\u00f6zl\u00fc\u011fe ihtiyac\u0131m olmad\u0131\u011f\u0131na h\u00e2l\u00e2 inanmakta zorlan\u0131yorum.<br>Bu vesileyle Swisslasik ve Eyestar ekibine sunduklar\u0131 m\u00fckemmel, eksiksiz hizmet i\u00e7in bir kez daha y\u00fcrekten te\u015fekk\u00fcr etmek istiyorum. Bu ad\u0131m\u0131 herkese g\u00f6n\u00fcl rahatl\u0131\u011f\u0131yla tavsiye edebilirim. Ben \u015fahsen son derece memnun kald\u0131m ve ayn\u0131 karar\u0131 bug\u00fcn olsa yine hi\u00e7 d\u00fc\u015f\u00fcnmeden ayn\u0131 \u015fekilde verirdim.  <\/p>\n\n\n\n<div class=\"wp-block-group is-layout-grid wp-container-core-group-is-layout-baef362d wp-block-group-is-layout-grid\">\n<p><a href=\"https:\/\/medicaltravel.at\/home\/agb\/\" data-type=\"page\" data-id=\"2191\" rel=\"nofollow noopener\" target=\"_blank\"><\/a><a href=\"https:\/\/medicaltravel.ch\/tr\/hasta-raporlari\/istanbulda-estetik-cerrahi-hakkinda-musteri-yorumlari\/myrta-toenginin-29-ekim-2010da-ameliyat-edildigine-dair-hasta-raporu-8-aralik-2010-carsamba-tarihli-rapor\/\" data-type=\"link\" data-id=\"https:\/\/medicaltravel.ch\/tr\/hasta-raporlari\/istanbulda-estetik-cerrahi-hakkinda-musteri-yorumlari\/myrta-toenginin-29-ekim-2010da-ameliyat-edildigine-dair-hasta-raporu-8-aralik-2010-carsamba-tarihli-rapor\/\">\u00d6nceki rapor<\/a><\/p>\n\n\n\n<p class=\"has-text-align-right wp-container-content-5e2576f9\"><a href=\"https:\/\/medicaltravel.at\/home\/impressum\/\" data-type=\"page\" data-id=\"2193\" rel=\"nofollow noopener\" target=\"_blank\"><\/a><a href=\"https:\/\/medicaltravel.at\/home\/berichte-von-patienten\/erfahrungsberichte\/erfahrungsbericht-zahnbehandlung-in-istanbul\/\" data-type=\"page\" data-id=\"981\" rel=\"nofollow noopener\" target=\"_blank\"><\/a><a href=\"https:\/\/medicaltravel.ch\/tr\/hasta-raporlari\/istanbulda-estetik-cerrahi-hakkinda-musteri-yorumlari\/meine-laserbehandlung-in-istanbul-im-november-2010-bericht-vom-sonntag-05-dezember-2010\/\" data-type=\"link\" data-id=\"https:\/\/medicaltravel.ch\/tr\/hasta-raporlari\/istanbulda-estetik-cerrahi-hakkinda-musteri-yorumlari\/meine-laserbehandlung-in-istanbul-im-november-2010-bericht-vom-sonntag-05-dezember-2010\/\">Sonraki rapor<\/a><\/p>\n<\/div>\n","protected":false},"excerpt":{"rendered":"<p>\u0130stanbul&#8217;a yapt\u0131\u011f\u0131m b\u00fcy\u00fck g\u00f6z lazer ameliyat\u0131 seyahatimden rapor (5 Aral\u0131k 2010, Pazar) Alt\u0131 ya\u015f\u0131mdan beri bir g\u00f6rme yard\u0131m\u0131na, yani g\u00f6zl\u00fc\u011fe ihtiya\u00e7 duyuyorum. Ancak tek bir g\u00fcn bile ge\u00e7medi ki bunun b\u00f6yle olmas\u0131n\u0131 istememi\u015f olay\u0131m. Elbette d\u00fcr\u00fcst olmak gerekirse, ilk s\u0131rada estetik nedenler vard\u0131; hemen ard\u0131ndan da g\u00f6zl\u00fc\u011f\u00fcn bir\u00e7ok aktivitede (\u00f6rne\u011fin y\u00fczme s\u0131ras\u0131nda) ger\u00e7ekten b\u00fcy\u00fck bir eziyet olmas\u0131 geliyordu. Bir g\u00f6z enfeksiyonundan sonra art\u0131k kontakt lens kullanamad\u0131\u011f\u0131m i\u00e7in, daha 16 ya\u015f\u0131ndayken bir g\u00fcn mutlaka g\u00f6zlerimi lazerle d\u00fczelttirece\u011fime karar vermi\u015ftim. Ne yaz\u0131k ki bunun ger\u00e7ekle\u015fmesi i\u00e7in tam dokuz y\u0131l daha sabretmem gerekti.Bu dokuz y\u0131l boyunca elbette \u201clazer\u201d konusu ile yeterince ilgilenme f\u0131rsat\u0131m oldu. Benim i\u00e7in en ba\u015f\u0131ndan beri kesin olan bir \u015fey vard\u0131: Bu operasyonu kesinlikle \u0130svi\u00e7re\u2019de yapt\u0131rmayacakt\u0131m. Buradaki maliyetler bana g\u00f6re tamamen u\u00e7uktu ve verilen hizmetle orant\u0131l\u0131 de\u011fildi. \u00c7evremdeki bir\u00e7ok ki\u015fi bu operasyonu T\u00fcrkiye\u2019de yapt\u0131rd\u0131\u011f\u0131n\u0131 ve sonu\u00e7lardan son derece memnun kald\u0131\u011f\u0131n\u0131 s\u00f6yledi\u011fi i\u00e7in, \u0130stanbul\u2019da ameliyat olma karar\u0131m daha da peki\u015fti.25 ya\u015f\u0131ma geldi\u011fimde ve g\u00f6z de\u011ferlerim son \u00fc\u00e7 y\u0131ld\u0131r sabit oldu\u011funda, internette ara\u015ft\u0131rma yapmaya ba\u015flad\u0131m ve T\u00fcrkiye\u2019de iyi bir g\u00f6z klini\u011fi arad\u0131m. K\u0131sa s\u00fcrede Swisslasik ile kar\u015f\u0131la\u015ft\u0131m. Web sitesi bana ba\u015ftan itibaren \u00e7ok ciddi ve profesyonel bir izlenim verdi\u011fi i\u00e7in, \u0130svi\u00e7re\u2019deki ileti\u015fim sorumlusu olan Say\u0131n Karaaga\u00e7li ile ileti\u015fime ge\u00e7meye karar verdim. Daha birka\u00e7 saat i\u00e7inde, e-posta yoluyla t\u00fcm sorular\u0131ma \u00e7ok profesyonel ve tatmin edici cevaplar ald\u0131m. B\u00f6ylece \u0130stanbul\u2019da EyeStar\u2019da g\u00f6z ameliyat\u0131 olmaya kesin olarak karar verdim.Ger\u00e7ekten bu operasyona uygun olup olmad\u0131\u011f\u0131mdan emin olmak istedi\u011fim i\u00e7in, Z\u00fcrih\u2019te Dr. Mario Bey\u2019de bir \u00f6n muayene yapt\u0131rd\u0131m. Muayene sorunsuz ge\u00e7ti ve olumlu sonu\u00e7 ald\u0131ktan sonra ameliyat i\u00e7in kayd\u0131m\u0131 yapt\u0131rd\u0131m. Say\u0131n Karaaga\u00e7li benim i\u00e7in her \u015feyi organize etti ve b\u00fcy\u00fck \u0130stanbul yolculu\u011fum 22.11.2010 tarihinde ba\u015flad\u0131.\u0130stanbul\u2019a vard\u0131\u011f\u0131m\u0131zda, bir EyeStar \u00e7al\u0131\u015fan\u0131 bizi \u00e7ok s\u0131cak bir \u015fekilde kar\u015f\u0131lad\u0131 ve do\u011frudan otele g\u00f6t\u00fcrd\u00fc. Otel giri\u015f i\u015flemlerimiz de hemen yap\u0131ld\u0131. Otel personeli son derece g\u00fcler y\u00fczl\u00fcyd\u00fc, oda temizdi ve kendimi daha ilk andan itibaren rahat hissettim. Ertesi g\u00fcn \u0130stanbul\u2019daki \u00f6n muayeneler yap\u0131ld\u0131; EyeStar klini\u011fi otelimize sadece 5 dakikal\u0131k y\u00fcr\u00fcme mesafesindeydi.Klinik personeli ger\u00e7ekten harikayd\u0131. \u00d6zellikle terc\u00fcman\u0131m\u0131z Fred\u2019de kendimi \u00e7ok g\u00fcvende hissettim. Kendisi adeta klini\u011fin iyi kalbiydi. S\u00fcrekli yan\u0131m\u0131zdayd\u0131, her \u015feyi durmaks\u0131z\u0131n terc\u00fcme etti ve sorular\u0131m\u0131z oldu\u011funda her zaman profesyonel bir \u015fekilde yard\u0131mc\u0131 oldu. Operasyon yakla\u015ft\u0131k\u00e7a, beni ve di\u011fer herkesi birka\u00e7 sakinle\u015ftirici s\u00f6zle rahatlatt\u0131\u011f\u0131 i\u00e7in ona \u00f6zellikle minnettard\u0131m.Ayn\u0131 zamanda \u00e7ok ho\u015fuma giden bir di\u011fer nokta da, benimle birlikte ayn\u0131 g\u00fcn be\u015f ki\u015finin daha orada olmas\u0131yd\u0131. Hepimiz s\u0131rayla ameliyata al\u0131nd\u0131k. B\u00f6ylece daha \u00f6n muayene s\u0131ras\u0131nda bile di\u011fer ki\u015filerle sohbet etme imk\u00e2n\u0131 oluyor ve insan\u0131n yaln\u0131z olmad\u0131\u011f\u0131n\u0131 bilmesi, korkunun b\u00fcy\u00fck bir k\u0131sm\u0131n\u0131 al\u0131p g\u00f6t\u00fcr\u00fcyor ve insana g\u00fcven veriyor. Operasyon ak\u015fam saatlerine do\u011fru yap\u0131ld\u0131. Elbette korku \u00e7ok b\u00fcy\u00fckt\u00fc, ancak sakinle\u015ftirici tablet, uzman personel ve hastanedeki rahat atmosfer sayesinde durumu olduk\u00e7a sakin kar\u015f\u0131layabildim.Orada alt\u0131 ki\u015fi oturuyorduk ve hayat\u0131m\u0131zdaki o b\u00fcy\u00fck an\u0131 heyecanla bekliyorduk. Daha \u00f6nce de bahsetti\u011fim gibi, herkes s\u0131rayla \u00e7a\u011fr\u0131ld\u0131 ve operasyona haz\u0131rland\u0131. Ben d\u00f6rd\u00fcnc\u00fc s\u0131radayd\u0131m; bunun avantaj\u0131, ilk ameliyat olan ki\u015fiyle k\u0131sa bir s\u00fcre konu\u015fabilmemdi, \u00e7\u00fcnk\u00fc kendisi 15\u201320 dakika sonra geri gelmi\u015fti.Sonra s\u0131ra bana geldi. Pembe bir \u00f6nl\u00fck giymem istendi, ba\u015f\u0131ma bir bone tak\u0131ld\u0131 ve ayakkab\u0131lar\u0131m i\u00e7in de plastik bir koruyucu verildi. Ard\u0131ndan g\u00f6zler uyu\u015fturuldu ve etraf\u0131 tamamen steril hale getirildi. Operasyon o kadar h\u0131zl\u0131 ge\u00e7ti ki, sonradan her \u015fey bana biraz ger\u00e7ek d\u0131\u015f\u0131 gibi geldi. Hi\u00e7 ac\u0131 yoktu, sadece biraz rahats\u0131z ediciydi; bu da muhtemelen insan\u0131n her g\u00fcn g\u00f6z\u00fcnde i\u015flem yap\u0131lmamas\u0131ndan kaynaklan\u0131yordu.Operasyon s\u0131ras\u0131nda g\u00f6z bir aparatla sabitlendi ve benim tek yapmam gereken Fred\u2019in talimatlar\u0131n\u0131 dinlemek ve ye\u015fil \u0131\u015f\u0131\u011fa odaklanmakt\u0131. Bunu olduk\u00e7a iyi yapt\u0131\u011f\u0131m\u0131 s\u00f6ylediler, \u00e7\u00fcnk\u00fc lazer hi\u00e7 durdurulmad\u0131 ve g\u00f6z ba\u015f\u0131na yakla\u015f\u0131k 20 saniye sonra her \u015fey bitmi\u015fti. Sakinle\u015ftirici tabletin etkisi ve her \u015feyin bekledi\u011fimden \u00e7ok daha sorunsuz ge\u00e7mesiyle biraz sersemlemi\u015f haldeyken, Fred beni tekrar bekleme salonuna g\u00f6t\u00fcrd\u00fc.Sonunda bize g\u00f6z damlalar\u0131n\u0131 nas\u0131l kullanmam\u0131z gerekti\u011fi anlat\u0131ld\u0131 ve ard\u0131ndan dinlenebilmemiz i\u00e7in tekrar otelimize g\u00f6t\u00fcr\u00fcld\u00fck. Ertesi sabah ger\u00e7ekten harikayd\u0131. \u00c7ok iyi uyumu\u015ftum, gece hi\u00e7 a\u011fr\u0131m olmad\u0131 ve sabah g\u00f6z bantlar\u0131n\u0131 \u00e7\u0131kard\u0131\u011f\u0131mda, hayat\u0131mda ilk kez g\u00f6zl\u00fcks\u00fcz halde olduk\u00e7a iyi g\u00f6rebildi\u011fimi fark ettim. G\u00f6r\u00fc\u015f\u00fcm h\u00e2l\u00e2 biraz bulan\u0131kt\u0131 ama yine de her \u015fey net bir \u015fekilde se\u00e7ilebiliyordu.Ayn\u0131 g\u00fcn tekrar EyeStar Klini\u011fi\u2019ne kontrol muayenesine gittik. Doktor sonu\u00e7tan \u00e7ok memnundu ve her \u015feyin \u00e7ok iyi oldu\u011funu, \u015fimdiden y\u00fczde y\u00fcz g\u00f6rebildi\u011fimi s\u00f6yledi. Bu olumlu haberden sonra hemen gezme ve al\u0131\u015fveri\u015f turuna \u00e7\u0131kt\u0131k. T\u00fcrkiye\u2019de ameliyat olmay\u0131 se\u00e7menin bir di\u011fer avantaj\u0131 da \u0130stanbul\u2019un \u00e7ok g\u00fczel bir \u015fehir olmas\u0131; say\u0131s\u0131z ilgin\u00e7 tarihi yer ve \u00e7ok iyi al\u0131\u015fveri\u015f imk\u00e2nlar\u0131 sunuyor.Uzun bir al\u0131\u015fveri\u015f turunun ard\u0131ndan Mavi Camii\u2019ni, Galata K\u00f6pr\u00fcs\u00fc\u2019n\u00fc, Galata Kulesi\u2019ni ve daha bir\u00e7ok yeri gezdikten sonra otele geri d\u00f6nd\u00fcm. Ertesi g\u00fcn, yani 25.11.2010 tarihinde saat 12.00 civar\u0131nda otelden al\u0131nd\u0131m ve d\u00f6n\u00fc\u015f yolculu\u011fum i\u00e7in havaalan\u0131na g\u00f6t\u00fcr\u00fcld\u00fcm. \u015eu an tarih 06.12.2010 ve bu ad\u0131m\u0131 att\u0131\u011f\u0131m i\u00e7in inan\u0131lmaz derecede mutluyum. \u00c7\u00fcnk\u00fc g\u00f6zl\u00fcks\u00fcz dola\u015fabilme hissi, benim gibi \u00e7ok k\u00f6t\u00fc g\u00f6ren biri i\u00e7in ger\u00e7ekten e\u015fsiz bir duygu.Buna h\u00e2l\u00e2 tam olarak al\u0131\u015famad\u0131\u011f\u0131m\u0131n bir \u00f6rne\u011fi de \u015fu: Yatmadan \u00f6nce art\u0131k g\u00f6zl\u00fck takmad\u0131\u011f\u0131m halde, g\u00f6zl\u00fc\u011f\u00fcm\u00fc \u00e7\u0131karmak i\u00e7in elimle y\u00fcz\u00fcme uzand\u0131\u011f\u0131m\u0131 kendimi \u00fc\u00e7 kez yakalad\u0131m. Her seferinde g\u00fcl\u00fcmseyerek uykuya dald\u0131m, \u00e7\u00fcnk\u00fc g\u00f6zl\u00fcks\u00fcz bu kadar iyi g\u00f6rmek tarif edilemez bir his ve art\u0131k g\u00f6zl\u00fc\u011fe ihtiyac\u0131m olmad\u0131\u011f\u0131na h\u00e2l\u00e2 inanmakta zorlan\u0131yorum.Bu vesileyle Swisslasik ve Eyestar ekibine sunduklar\u0131 m\u00fckemmel, eksiksiz hizmet i\u00e7in bir kez daha y\u00fcrekten te\u015fekk\u00fcr etmek istiyorum. Bu ad\u0131m\u0131 herkese g\u00f6n\u00fcl rahatl\u0131\u011f\u0131yla tavsiye edebilirim. Ben \u015fahsen son derece memnun kald\u0131m ve ayn\u0131 karar\u0131 bug\u00fcn olsa yine hi\u00e7 d\u00fc\u015f\u00fcnmeden ayn\u0131 \u015fekilde verirdim. \u00d6nceki rapor Sonraki rapor<\/p>\n","protected":false},"author":4,"featured_media":0,"parent":4815,"menu_order":0,"comment_status":"closed","ping_status":"closed","template":"","meta":{"_joinchat":[],"footnotes":""},"class_list":["post-4867","page","type-page","status-publish","hentry"],"acf":[],"_links":{"self":[{"href":"https:\/\/medicaltravel.ch\/tr\/wp-json\/wp\/v2\/pages\/4867","targetHints":{"allow":["GET"]}}],"collection":[{"href":"https:\/\/medicaltravel.ch\/tr\/wp-json\/wp\/v2\/pages"}],"about":[{"href":"https:\/\/medicaltravel.ch\/tr\/wp-json\/wp\/v2\/types\/page"}],"author":[{"embeddable":true,"href":"https:\/\/medicaltravel.ch\/tr\/wp-json\/wp\/v2\/users\/4"}],"replies":[{"embeddable":true,"href":"https:\/\/medicaltravel.ch\/tr\/wp-json\/wp\/v2\/comments?post=4867"}],"version-history":[{"count":2,"href":"https:\/\/medicaltravel.ch\/tr\/wp-json\/wp\/v2\/pages\/4867\/revisions"}],"predecessor-version":[{"id":6505,"href":"https:\/\/medicaltravel.ch\/tr\/wp-json\/wp\/v2\/pages\/4867\/revisions\/6505"}],"up":[{"embeddable":true,"href":"https:\/\/medicaltravel.ch\/tr\/wp-json\/wp\/v2\/pages\/4815"}],"wp:attachment":[{"href":"https:\/\/medicaltravel.ch\/tr\/wp-json\/wp\/v2\/media?parent=4867"}],"curies":[{"name":"wp","href":"https:\/\/api.w.org\/{rel}","templated":true}]}}