{"id":4869,"date":"2025-09-24T07:05:15","date_gmt":"2025-09-24T06:05:15","guid":{"rendered":"https:\/\/medicaltravel.ch\/hasta-raporlari\/erfahrungsberichte-schoenheits-op-istanbul\/meine-laserbehandlung-in-istanbul-im-november-2010-bericht-vom-sonntag-05-dezember-2010\/"},"modified":"2026-01-12T20:12:56","modified_gmt":"2026-01-12T19:12:56","slug":"meine-laserbehandlung-in-istanbul-im-november-2010-bericht-vom-sonntag-05-dezember-2010","status":"publish","type":"page","link":"https:\/\/medicaltravel.ch\/tr\/hasta-raporlari\/istanbulda-estetik-cerrahi-hakkinda-musteri-yorumlari\/meine-laserbehandlung-in-istanbul-im-november-2010-bericht-vom-sonntag-05-dezember-2010\/","title":{"rendered":"Meine Laserbehandlung in Istanbul im November 2010 \u2013 Bericht vom Sonntag, 05. Dezember 2010"},"content":{"rendered":"\n<h3 class=\"wp-block-heading\">Meine Laserbehandlung in Istanbul im November 2010 \u2013 Bericht vom Sonntag, 05. Dezember 2010<\/h3>\n\n\n\n<p>Uzun zamand\u0131r g\u00f6zlerimi lazerle tedavi ettirme fikri akl\u0131mdayd\u0131. Ancak \u0130svi\u00e7re\u2019deki y\u00fcksek fiyatlar beni bundan al\u0131koyuyordu. Bir g\u00fcn Swisslasik\u2019in internet sitesine rastlad\u0131m ve bana hem ciddi hem de ilgi \u00e7ekici geldi. Uzun uzun d\u00fc\u015f\u00fcnd\u00fckten sonra Bay Karaagacli\u2019ye yazmaya karar verdim. Sordu\u011fum t\u00fcm sorulara her zaman yan\u0131t ald\u0131m, bu da beni rahatlatt\u0131 ve mutlu etti. B\u00f6ylece Swisslasik\u2019i kesin olarak se\u00e7tim.<br>Yola \u00e7\u0131kmadan \u00f6nce Bay Karaagacli bana Swisslasik-Pass\u2019\u0131 g\u00f6nderdi. Bu pasaportta lazer tedavisiyle ilgili s\u00fcre\u00e7, bir\u00e7ok \u00f6nemli bilgi ve genel olarak faydal\u0131 detaylar yer al\u0131yordu. Bu k\u00fc\u00e7\u00fck kitap\u00e7\u0131k \u0130stanbul\u2019da benim i\u00e7in vazge\u00e7ilmez bir rehber oldu.<br>\u0130stanbul\u2019a vard\u0131\u011f\u0131m\u0131zda, Almanca konu\u015fan bir g\u00f6revli beni ve arkada\u015f\u0131m\u0131 havaalan\u0131nda kar\u015f\u0131lad\u0131 ve otelimize g\u00f6t\u00fcrd\u00fc. Bu hizmeti ger\u00e7ekten \u00e7ok be\u011fendim. Otelden beni hangi saatte alaca\u011f\u0131n\u0131 ve klini\u011fe g\u00f6t\u00fcrece\u011fini de birlikte kararla\u015ft\u0131rd\u0131k. Ayr\u0131ca doktorun sa\u011fl\u0131k sorunlar\u0131 nedeniyle randevumun bir g\u00fcn ertelendi\u011fini s\u00f6yledi. Benim i\u00e7in sorun olmad\u0131, \u00e7\u00fcnk\u00fc \u0130stanbul\u2019da bir hafta kalacakt\u0131m.<br>\u00d6n muayene g\u00fcn\u00fc, kararla\u015ft\u0131rd\u0131\u011f\u0131m\u0131z saatte g\u00f6revli beni otelden ald\u0131. Klinik yakla\u015f\u0131k 5 dakika y\u00fcr\u00fcme mesafesindeydi, bu y\u00fczden y\u00fcr\u00fcyerek gittik. Klini\u011fe vard\u0131\u011f\u0131m\u0131zda, hijyen nedeniyle ayakkab\u0131lar\u0131m\u0131za galo\u015f giymemiz gerekti. Klinik i\u00e7inde ba\u015fka bir Almanca konu\u015fan g\u00f6revli benimle ilgilendi. \u00d6n kontroller s\u0131ras\u0131nda, g\u00f6zlerimde hangi testlerin yap\u0131laca\u011f\u0131n\u0131 ve benim ne yapmam gerekti\u011fini bana tek tek a\u00e7\u0131klad\u0131. Her \u015fey olduk\u00e7a h\u0131zl\u0131 ilerledi. Yakla\u015f\u0131k 20\u201330 dakika sonra, lazer tedavisinin benim i\u00e7in uygun oldu\u011fu s\u00f6ylendi. Buna \u00e7ok sevindim. Tedavinin ayn\u0131 g\u00fcn yap\u0131laca\u011f\u0131 belirtildi.<br>Yakla\u015f\u0131k 1 saatlik bir \u00f6\u011fle aras\u0131ndan sonra arkada\u015f\u0131mla birlikte tekrar klini\u011fe gittim. O g\u00fcn ben ve \u0130svi\u00e7re\u2019den gelen iki hasta daha tedavi edilecektik. Bize, klinikte istisnai olarak elektrik yetersizli\u011fi ya da teknik nedenler oldu\u011fu i\u00e7in lazer operasyonunun ba\u015fka bir klinikte yap\u0131laca\u011f\u0131 a\u00e7\u0131kland\u0131. Bu nedenle yakla\u015f\u0131k 30 dakika uzakl\u0131ktaki ba\u015fka bir klini\u011fe g\u00f6t\u00fcr\u00fcld\u00fck. Bu klinik de olduk\u00e7a temiz ve \u00f6zellikle \u00e7ok l\u00fcks bir izlenim b\u0131rakt\u0131. Bekleme s\u00fcresini ameliyathane \u00f6n\u00fcnde ge\u00e7irdik. Sakinle\u015fmemiz i\u00e7in bize bir sakinle\u015ftirici tablet verildi.<br>O anda tek istedi\u011fim ameliyat\u0131n bir an \u00f6nce bitmesiydi, \u00e7\u00fcnk\u00fc i\u00e7imde giderek artan bir heyecan vard\u0131 ve bekleme s\u00fcresi neredeyse dayan\u0131lmaz hale gelmi\u015fti. \u0130lac\u0131 ald\u0131ktan sonra bu gerginlik b\u00fcy\u00fck \u00f6l\u00e7\u00fcde azald\u0131 ve tamamen rahatlad\u0131m. Operasyon s\u0131ras\u0131nda Almanca konu\u015fan g\u00f6revli, doktorun talimatlar\u0131n\u0131 bana terc\u00fcme etti. \u0130\u015flem olduk\u00e7a k\u0131sa s\u00fcrd\u00fc ve benden sadece bak\u0131\u015flar\u0131m\u0131 ye\u015fil noktadan ay\u0131rmamam istendi. Operasyonun kendisi tamamen a\u011fr\u0131s\u0131zd\u0131, sadece g\u00f6zle ilgili bir a\u015famada k\u0131sa s\u00fcreli hafif bir a\u011fr\u0131 hissettim; san\u0131r\u0131m g\u00f6z\u00fcn sabitlendi\u011fi anda oldu.                                   Operasyondan sonra doktor g\u00f6zlerimi tekrar kontrol etti ve her \u015feyin yolunda oldu\u011funu s\u00f6yledi. Otele vard\u0131\u011f\u0131mda uzand\u0131m ve birka\u00e7 saat uyudum. Neyse ki hi\u00e7 a\u011fr\u0131m olmad\u0131. Uyand\u0131\u011f\u0131mda g\u00f6rme yetimin belirgin \u015fekilde iyile\u015fti\u011fini fark ettim ve birden dijital saati okuyabildi\u011fimi g\u00f6rd\u00fcm.<br>Ertesi g\u00fcn tekrar kontrol i\u00e7in klini\u011fe gittim. Doktor g\u00f6zlerimi bir kez daha kontrol etti ve art\u0131k her \u015fey tamamd\u0131. Sonras\u0131nda rahat\u00e7a \u015fehri gezebildim, normal aktivitelerimi yapabildim.<br>Bu karar\u0131 hi\u00e7 teredd\u00fct etmeden tekrar verirdim ve herkese g\u00f6n\u00fcl rahatl\u0131\u011f\u0131yla tavsiye ederim.<br>Sevgiler<br>Dzevi Sopi       <\/p>\n\n\n\n<div class=\"wp-block-group is-layout-grid wp-container-core-group-is-layout-baef362d wp-block-group-is-layout-grid\">\n<p><a href=\"https:\/\/medicaltravel.at\/home\/agb\/\" data-type=\"page\" data-id=\"2191\" rel=\"nofollow noopener\" target=\"_blank\"><\/a><a href=\"https:\/\/medicaltravel.ch\/tr\/hasta-raporlari\/istanbulda-estetik-cerrahi-hakkinda-musteri-yorumlari\/istanbula-yaptigim-bueyuek-goez-lazer-ameliyati-seyahatimden-rapor-5-aralik-2010-pazar\/\" data-type=\"link\" data-id=\"https:\/\/medicaltravel.ch\/tr\/hasta-raporlari\/istanbulda-estetik-cerrahi-hakkinda-musteri-yorumlari\/istanbula-yaptigim-bueyuek-goez-lazer-ameliyati-seyahatimden-rapor-5-aralik-2010-pazar\/\">\u00d6nceki rapor<\/a><\/p>\n\n\n\n<p class=\"has-text-align-right wp-container-content-5e2576f9\"><a href=\"https:\/\/medicaltravel.at\/home\/impressum\/\" data-type=\"page\" data-id=\"2193\" rel=\"nofollow noopener\" target=\"_blank\"><\/a><a href=\"https:\/\/medicaltravel.at\/home\/berichte-von-patienten\/erfahrungsberichte\/erfahrungsbericht-zahnbehandlung-in-istanbul\/\" data-type=\"page\" data-id=\"981\" rel=\"nofollow noopener\" target=\"_blank\"><\/a><a href=\"https:\/\/medicaltravel.ch\/tr\/hasta-raporlari\/istanbulda-estetik-cerrahi-hakkinda-musteri-yorumlari\/isvicre-bakim-konusunda-oegrenebilecegi-bir-iki-sey-var-30-kasim-2010-sali-tarihli-rapor\/\" data-type=\"link\" data-id=\"https:\/\/medicaltravel.ch\/tr\/hasta-raporlari\/istanbulda-estetik-cerrahi-hakkinda-musteri-yorumlari\/isvicre-bakim-konusunda-oegrenebilecegi-bir-iki-sey-var-30-kasim-2010-sali-tarihli-rapor\/\">Sonraki rapor<\/a><\/p>\n<\/div>\n","protected":false},"excerpt":{"rendered":"<p>Meine Laserbehandlung in Istanbul im November 2010 \u2013 Bericht vom Sonntag, 05. Dezember 2010 Uzun zamand\u0131r g\u00f6zlerimi lazerle tedavi ettirme fikri akl\u0131mdayd\u0131. Ancak \u0130svi\u00e7re\u2019deki y\u00fcksek fiyatlar beni bundan al\u0131koyuyordu. Bir g\u00fcn Swisslasik\u2019in internet sitesine rastlad\u0131m ve bana hem ciddi hem de ilgi \u00e7ekici geldi. Uzun uzun d\u00fc\u015f\u00fcnd\u00fckten sonra Bay Karaagacli\u2019ye yazmaya karar verdim. Sordu\u011fum t\u00fcm sorulara her zaman yan\u0131t ald\u0131m, bu da beni rahatlatt\u0131 ve mutlu etti. B\u00f6ylece Swisslasik\u2019i kesin olarak se\u00e7tim.Yola \u00e7\u0131kmadan \u00f6nce Bay Karaagacli bana Swisslasik-Pass\u2019\u0131 g\u00f6nderdi. Bu pasaportta lazer tedavisiyle ilgili s\u00fcre\u00e7, bir\u00e7ok \u00f6nemli bilgi ve genel olarak faydal\u0131 detaylar yer al\u0131yordu. Bu k\u00fc\u00e7\u00fck kitap\u00e7\u0131k \u0130stanbul\u2019da benim i\u00e7in vazge\u00e7ilmez bir rehber oldu.\u0130stanbul\u2019a vard\u0131\u011f\u0131m\u0131zda, Almanca konu\u015fan bir g\u00f6revli beni ve arkada\u015f\u0131m\u0131 havaalan\u0131nda kar\u015f\u0131lad\u0131 ve otelimize g\u00f6t\u00fcrd\u00fc. Bu hizmeti ger\u00e7ekten \u00e7ok be\u011fendim. Otelden beni hangi saatte alaca\u011f\u0131n\u0131 ve klini\u011fe g\u00f6t\u00fcrece\u011fini de birlikte kararla\u015ft\u0131rd\u0131k. Ayr\u0131ca doktorun sa\u011fl\u0131k sorunlar\u0131 nedeniyle randevumun bir g\u00fcn ertelendi\u011fini s\u00f6yledi. Benim i\u00e7in sorun olmad\u0131, \u00e7\u00fcnk\u00fc \u0130stanbul\u2019da bir hafta kalacakt\u0131m.\u00d6n muayene g\u00fcn\u00fc, kararla\u015ft\u0131rd\u0131\u011f\u0131m\u0131z saatte g\u00f6revli beni otelden ald\u0131. Klinik yakla\u015f\u0131k 5 dakika y\u00fcr\u00fcme mesafesindeydi, bu y\u00fczden y\u00fcr\u00fcyerek gittik. Klini\u011fe vard\u0131\u011f\u0131m\u0131zda, hijyen nedeniyle ayakkab\u0131lar\u0131m\u0131za galo\u015f giymemiz gerekti. Klinik i\u00e7inde ba\u015fka bir Almanca konu\u015fan g\u00f6revli benimle ilgilendi. \u00d6n kontroller s\u0131ras\u0131nda, g\u00f6zlerimde hangi testlerin yap\u0131laca\u011f\u0131n\u0131 ve benim ne yapmam gerekti\u011fini bana tek tek a\u00e7\u0131klad\u0131. Her \u015fey olduk\u00e7a h\u0131zl\u0131 ilerledi. Yakla\u015f\u0131k 20\u201330 dakika sonra, lazer tedavisinin benim i\u00e7in uygun oldu\u011fu s\u00f6ylendi. Buna \u00e7ok sevindim. Tedavinin ayn\u0131 g\u00fcn yap\u0131laca\u011f\u0131 belirtildi.Yakla\u015f\u0131k 1 saatlik bir \u00f6\u011fle aras\u0131ndan sonra arkada\u015f\u0131mla birlikte tekrar klini\u011fe gittim. O g\u00fcn ben ve \u0130svi\u00e7re\u2019den gelen iki hasta daha tedavi edilecektik. Bize, klinikte istisnai olarak elektrik yetersizli\u011fi ya da teknik nedenler oldu\u011fu i\u00e7in lazer operasyonunun ba\u015fka bir klinikte yap\u0131laca\u011f\u0131 a\u00e7\u0131kland\u0131. Bu nedenle yakla\u015f\u0131k 30 dakika uzakl\u0131ktaki ba\u015fka bir klini\u011fe g\u00f6t\u00fcr\u00fcld\u00fck. Bu klinik de olduk\u00e7a temiz ve \u00f6zellikle \u00e7ok l\u00fcks bir izlenim b\u0131rakt\u0131. Bekleme s\u00fcresini ameliyathane \u00f6n\u00fcnde ge\u00e7irdik. Sakinle\u015fmemiz i\u00e7in bize bir sakinle\u015ftirici tablet verildi.O anda tek istedi\u011fim ameliyat\u0131n bir an \u00f6nce bitmesiydi, \u00e7\u00fcnk\u00fc i\u00e7imde giderek artan bir heyecan vard\u0131 ve bekleme s\u00fcresi neredeyse dayan\u0131lmaz hale gelmi\u015fti. \u0130lac\u0131 ald\u0131ktan sonra bu gerginlik b\u00fcy\u00fck \u00f6l\u00e7\u00fcde azald\u0131 ve tamamen rahatlad\u0131m. Operasyon s\u0131ras\u0131nda Almanca konu\u015fan g\u00f6revli, doktorun talimatlar\u0131n\u0131 bana terc\u00fcme etti. \u0130\u015flem olduk\u00e7a k\u0131sa s\u00fcrd\u00fc ve benden sadece bak\u0131\u015flar\u0131m\u0131 ye\u015fil noktadan ay\u0131rmamam istendi. Operasyonun kendisi tamamen a\u011fr\u0131s\u0131zd\u0131, sadece g\u00f6zle ilgili bir a\u015famada k\u0131sa s\u00fcreli hafif bir a\u011fr\u0131 hissettim; san\u0131r\u0131m g\u00f6z\u00fcn sabitlendi\u011fi anda oldu. Operasyondan sonra doktor g\u00f6zlerimi tekrar kontrol etti ve her \u015feyin yolunda oldu\u011funu s\u00f6yledi. Otele vard\u0131\u011f\u0131mda uzand\u0131m ve birka\u00e7 saat uyudum. Neyse ki hi\u00e7 a\u011fr\u0131m olmad\u0131. Uyand\u0131\u011f\u0131mda g\u00f6rme yetimin belirgin \u015fekilde iyile\u015fti\u011fini fark ettim ve birden dijital saati okuyabildi\u011fimi g\u00f6rd\u00fcm.Ertesi g\u00fcn tekrar kontrol i\u00e7in klini\u011fe gittim. Doktor g\u00f6zlerimi bir kez daha kontrol etti ve art\u0131k her \u015fey tamamd\u0131. Sonras\u0131nda rahat\u00e7a \u015fehri gezebildim, normal aktivitelerimi yapabildim.Bu karar\u0131 hi\u00e7 teredd\u00fct etmeden tekrar verirdim ve herkese g\u00f6n\u00fcl rahatl\u0131\u011f\u0131yla tavsiye ederim.SevgilerDzevi Sopi \u00d6nceki rapor Sonraki rapor<\/p>\n","protected":false},"author":4,"featured_media":0,"parent":4815,"menu_order":0,"comment_status":"closed","ping_status":"closed","template":"","meta":{"_joinchat":[],"footnotes":""},"class_list":["post-4869","page","type-page","status-publish","hentry"],"acf":[],"_links":{"self":[{"href":"https:\/\/medicaltravel.ch\/tr\/wp-json\/wp\/v2\/pages\/4869","targetHints":{"allow":["GET"]}}],"collection":[{"href":"https:\/\/medicaltravel.ch\/tr\/wp-json\/wp\/v2\/pages"}],"about":[{"href":"https:\/\/medicaltravel.ch\/tr\/wp-json\/wp\/v2\/types\/page"}],"author":[{"embeddable":true,"href":"https:\/\/medicaltravel.ch\/tr\/wp-json\/wp\/v2\/users\/4"}],"replies":[{"embeddable":true,"href":"https:\/\/medicaltravel.ch\/tr\/wp-json\/wp\/v2\/comments?post=4869"}],"version-history":[{"count":2,"href":"https:\/\/medicaltravel.ch\/tr\/wp-json\/wp\/v2\/pages\/4869\/revisions"}],"predecessor-version":[{"id":6506,"href":"https:\/\/medicaltravel.ch\/tr\/wp-json\/wp\/v2\/pages\/4869\/revisions\/6506"}],"up":[{"embeddable":true,"href":"https:\/\/medicaltravel.ch\/tr\/wp-json\/wp\/v2\/pages\/4815"}],"wp:attachment":[{"href":"https:\/\/medicaltravel.ch\/tr\/wp-json\/wp\/v2\/media?parent=4869"}],"curies":[{"name":"wp","href":"https:\/\/api.w.org\/{rel}","templated":true}]}}