{"id":4871,"date":"2025-09-24T07:07:32","date_gmt":"2025-09-24T06:07:32","guid":{"rendered":"https:\/\/medicaltravel.ch\/hasta-raporlari\/erfahrungsberichte-schoenheits-op-istanbul\/istanbulda-gecirdigim-lazer-ameliyatim-24-agustos-2010-sali-tarihli-rapor\/"},"modified":"2026-01-12T20:15:06","modified_gmt":"2026-01-12T19:15:06","slug":"istanbulda-gecirdigim-lazer-ameliyatim-24-agustos-2010-sali-tarihli-rapor","status":"publish","type":"page","link":"https:\/\/medicaltravel.ch\/tr\/hasta-raporlari\/istanbulda-estetik-cerrahi-hakkinda-musteri-yorumlari\/istanbulda-gecirdigim-lazer-ameliyatim-24-agustos-2010-sali-tarihli-rapor\/","title":{"rendered":"\u0130stanbul&#8217;da ge\u00e7irdi\u011fim lazer ameliyat\u0131m &#8211; 24 A\u011fustos 2010 Sal\u0131 tarihli rapor"},"content":{"rendered":"\n<h3 class=\"wp-block-heading\">\u0130stanbul&#8217;da ge\u00e7irdi\u011fim lazer ameliyat\u0131m &#8211; 24 A\u011fustos 2010 Sal\u0131 tarihli rapor<\/h3>\n\n\n\n<p>Meslekta\u015f\u0131mdan \u0130stanbul\u2019da bir operasyonun avantajl\u0131 olaca\u011f\u0131n\u0131 duydum. Ba\u015fta biraz korktum ama sonunda kendimi toparlay\u0131p Swisslasik\u2019e \u00f6n muayene i\u00e7in kaydoldum. Bay Karaagacli k\u0131sa s\u00fcre i\u00e7inde bana geri d\u00f6nerek uygun bir randevu ayarlad\u0131. Z\u00fcrih\u2019teki g\u00f6z doktoru operasyonu yapabilece\u011fimi onaylad\u0131. \u00c7ok h\u0131zl\u0131 bir \u015fekilde ameliyat randevusu ayarlayabildim. Swisslasik, u\u00e7ak, otel ve transferleri benim i\u00e7in sorunsuz ve eksiksiz organize etti.<br>Art\u0131k g\u00fcn geldi \u00e7att\u0131. U\u00e7u\u015f g\u00fcn\u00fc kap\u0131da, heyecan art\u0131yor. \u0130stanbul\u2019a vard\u0131\u011f\u0131mda, Eyestar\u2019dan yetkili ki\u015filer havaalan\u0131ndayd\u0131 ve beni \u00e7ok s\u0131cak ve nazik bir \u015fekilde kar\u015f\u0131lad\u0131lar. Hemen otele gittik. Otel harikayd\u0131 ve konumu m\u00fckemmeldi. Her \u015fey yak\u0131ndayd\u0131 ve hala t\u00fcm g\u00fcn\u00fcm bo\u015f oldu\u011fundan \u0130stanbul\u2019da al\u0131\u015fveri\u015f yap\u0131p \u015fehri gezebildim.<br>Cuma g\u00fcn\u00fc operasyon g\u00fcn\u00fcyd\u00fc. \u00d6\u011fleden sonra ameliyat \u00f6ncesi son muayene yap\u0131ld\u0131. Ak\u015fam ise operasyon ger\u00e7ekle\u015fti. Operasyon \u00f6ncesi heyecan artm\u0131\u015ft\u0131 ama ameliyathaneye girdi\u011fimde kendimi \u00e7ok daha iyi hissettim. Doktor ve yard\u0131mc\u0131lar \u00e7ok nazikti ve cesaret verdiler. Operasyon ba\u015flad\u0131. Her g\u00f6z i\u00e7in i\u015flem sadece 60 saniye s\u00fcrd\u00fc. \u015eip\u015fak ve tekrar d\u0131\u015far\u0131dayd\u0131m. Operasyondan sonra g\u00f6rmeye ba\u015flad\u0131m ama g\u00f6zlerim \u00e7ok sulan\u0131yordu. Operasyon sonras\u0131 a\u011fr\u0131 hissetmedim. Ge\u00e7 saatte ameliyat oldu\u011fum i\u00e7in direkt otele gidip uyudum. Gece biraz a\u011fr\u0131 vard\u0131 ama dayan\u0131lmayacak kadar de\u011fildi. G\u00f6z damlalar\u0131m\u0131 uygulad\u0131m ve tekrar uyudum.<br>Ertesi g\u00fcn her \u015feyi g\u00f6zl\u00fcks\u00fcz g\u00f6rebiliyordum. Tabii, g\u00f6r\u00fc\u015f biraz bulan\u0131kt\u0131 ama genel olarak iyi g\u00f6r\u00fcyordum. G\u00fc\u00e7l\u00fc bir d\u00fczeltme ihtiyac\u0131m vard\u0131, -8 diyoptri ve 10 mm pupilla \u00e7ap\u0131, bu y\u00fczden ilk g\u00fcnlerde iyile\u015fme biraz yava\u015ft\u0131. \u015eimdi bir aydan fazla ge\u00e7ti ve \u00e7ok iyi g\u00f6r\u00fcyorum. \u0130lk kontrol\u00fcmde sa\u011f g\u00f6z\u00fcm %100 d\u00fczeltildi, sol g\u00f6z\u00fcm tam %100 de\u011fildi. Ama iyile\u015fme s\u00fcreci yakla\u015f\u0131k 3 ay daha s\u00fcrecek ve bu s\u00fcre i\u00e7inde sol g\u00f6z\u00fcm biraz daha geli\u015febilir.<br>Bu \u0130stanbul yolculu\u011funu herkese tavsiye ederim. Sadece operasyon m\u00fckemmel de\u011fildi, t\u00fcm organizasyon ve EyeStar ekibi de harikayd\u0131. Bu operasyonu yapt\u0131rd\u0131\u011f\u0131m i\u00e7in \u00e7ok minnettar\u0131m. \u0130svi\u00e7re\u2019de bana bunun \u00fc\u00e7 kat\u0131 maliyet olurdu. \u0130stanbul\u2019da t\u0131p bu kadar geli\u015fmi\u015fken neden o kadar fazla \u00f6deyeyim ki? Tek yapman\u0131z gereken korkmamakt\u0131r ve operasyonu \u0130stanbul\u2019da yapt\u0131rmakt\u0131r.<br>Swisslasik ve EyeStar ekibine harika organizasyon ve operasyon i\u00e7in \u00f6zel bir te\u015fekk\u00fcr.<br>Sevgiler<br>Laura Di Iorio                                        <\/p>\n\n\n\n<div class=\"wp-block-group is-layout-grid wp-container-core-group-is-layout-baef362d wp-block-group-is-layout-grid\">\n<p><a href=\"https:\/\/medicaltravel.at\/home\/agb\/\" data-type=\"page\" data-id=\"2191\" rel=\"nofollow noopener\" target=\"_blank\"><\/a><a href=\"https:\/\/medicaltravel.ch\/tr\/hasta-raporlari\/istanbulda-estetik-cerrahi-hakkinda-musteri-yorumlari\/goezlerime-lazer-tedavisi-yaptirdim-26-kasim-2010-cuma-tarihli-rapor\/\" data-type=\"link\" data-id=\"https:\/\/medicaltravel.ch\/tr\/hasta-raporlari\/istanbulda-estetik-cerrahi-hakkinda-musteri-yorumlari\/goezlerime-lazer-tedavisi-yaptirdim-26-kasim-2010-cuma-tarihli-rapor\/\">\u00d6nceki rapor<\/a><\/p>\n\n\n\n<p class=\"has-text-align-right wp-container-content-5e2576f9\"><a href=\"https:\/\/medicaltravel.at\/home\/impressum\/\" data-type=\"page\" data-id=\"2193\" rel=\"nofollow noopener\" target=\"_blank\"><\/a><a href=\"https:\/\/medicaltravel.at\/home\/berichte-von-patienten\/erfahrungsberichte\/erfahrungsbericht-zahnbehandlung-in-istanbul\/\" data-type=\"page\" data-id=\"981\" rel=\"nofollow noopener\" target=\"_blank\"><\/a><a href=\"https:\/\/medicaltravel.ch\/tr\/hasta-raporlari\/istanbulda-estetik-cerrahi-hakkinda-musteri-yorumlari\/istanbulda-lasik-deneyimi-raporu-11-agustos-2010-carsamba-tarihli-rapor\/\" data-type=\"link\" data-id=\"https:\/\/medicaltravel.ch\/tr\/hasta-raporlari\/istanbulda-estetik-cerrahi-hakkinda-musteri-yorumlari\/istanbulda-lasik-deneyimi-raporu-11-agustos-2010-carsamba-tarihli-rapor\/\">Sonraki rapor<\/a><\/p>\n<\/div>\n","protected":false},"excerpt":{"rendered":"<p>\u0130stanbul&#8217;da ge\u00e7irdi\u011fim lazer ameliyat\u0131m &#8211; 24 A\u011fustos 2010 Sal\u0131 tarihli rapor Meslekta\u015f\u0131mdan \u0130stanbul\u2019da bir operasyonun avantajl\u0131 olaca\u011f\u0131n\u0131 duydum. Ba\u015fta biraz korktum ama sonunda kendimi toparlay\u0131p Swisslasik\u2019e \u00f6n muayene i\u00e7in kaydoldum. Bay Karaagacli k\u0131sa s\u00fcre i\u00e7inde bana geri d\u00f6nerek uygun bir randevu ayarlad\u0131. Z\u00fcrih\u2019teki g\u00f6z doktoru operasyonu yapabilece\u011fimi onaylad\u0131. \u00c7ok h\u0131zl\u0131 bir \u015fekilde ameliyat randevusu ayarlayabildim. Swisslasik, u\u00e7ak, otel ve transferleri benim i\u00e7in sorunsuz ve eksiksiz organize etti.Art\u0131k g\u00fcn geldi \u00e7att\u0131. U\u00e7u\u015f g\u00fcn\u00fc kap\u0131da, heyecan art\u0131yor. \u0130stanbul\u2019a vard\u0131\u011f\u0131mda, Eyestar\u2019dan yetkili ki\u015filer havaalan\u0131ndayd\u0131 ve beni \u00e7ok s\u0131cak ve nazik bir \u015fekilde kar\u015f\u0131lad\u0131lar. Hemen otele gittik. Otel harikayd\u0131 ve konumu m\u00fckemmeldi. Her \u015fey yak\u0131ndayd\u0131 ve hala t\u00fcm g\u00fcn\u00fcm bo\u015f oldu\u011fundan \u0130stanbul\u2019da al\u0131\u015fveri\u015f yap\u0131p \u015fehri gezebildim.Cuma g\u00fcn\u00fc operasyon g\u00fcn\u00fcyd\u00fc. \u00d6\u011fleden sonra ameliyat \u00f6ncesi son muayene yap\u0131ld\u0131. Ak\u015fam ise operasyon ger\u00e7ekle\u015fti. Operasyon \u00f6ncesi heyecan artm\u0131\u015ft\u0131 ama ameliyathaneye girdi\u011fimde kendimi \u00e7ok daha iyi hissettim. Doktor ve yard\u0131mc\u0131lar \u00e7ok nazikti ve cesaret verdiler. Operasyon ba\u015flad\u0131. Her g\u00f6z i\u00e7in i\u015flem sadece 60 saniye s\u00fcrd\u00fc. \u015eip\u015fak ve tekrar d\u0131\u015far\u0131dayd\u0131m. Operasyondan sonra g\u00f6rmeye ba\u015flad\u0131m ama g\u00f6zlerim \u00e7ok sulan\u0131yordu. Operasyon sonras\u0131 a\u011fr\u0131 hissetmedim. Ge\u00e7 saatte ameliyat oldu\u011fum i\u00e7in direkt otele gidip uyudum. Gece biraz a\u011fr\u0131 vard\u0131 ama dayan\u0131lmayacak kadar de\u011fildi. G\u00f6z damlalar\u0131m\u0131 uygulad\u0131m ve tekrar uyudum.Ertesi g\u00fcn her \u015feyi g\u00f6zl\u00fcks\u00fcz g\u00f6rebiliyordum. Tabii, g\u00f6r\u00fc\u015f biraz bulan\u0131kt\u0131 ama genel olarak iyi g\u00f6r\u00fcyordum. G\u00fc\u00e7l\u00fc bir d\u00fczeltme ihtiyac\u0131m vard\u0131, -8 diyoptri ve 10 mm pupilla \u00e7ap\u0131, bu y\u00fczden ilk g\u00fcnlerde iyile\u015fme biraz yava\u015ft\u0131. \u015eimdi bir aydan fazla ge\u00e7ti ve \u00e7ok iyi g\u00f6r\u00fcyorum. \u0130lk kontrol\u00fcmde sa\u011f g\u00f6z\u00fcm %100 d\u00fczeltildi, sol g\u00f6z\u00fcm tam %100 de\u011fildi. Ama iyile\u015fme s\u00fcreci yakla\u015f\u0131k 3 ay daha s\u00fcrecek ve bu s\u00fcre i\u00e7inde sol g\u00f6z\u00fcm biraz daha geli\u015febilir.Bu \u0130stanbul yolculu\u011funu herkese tavsiye ederim. Sadece operasyon m\u00fckemmel de\u011fildi, t\u00fcm organizasyon ve EyeStar ekibi de harikayd\u0131. Bu operasyonu yapt\u0131rd\u0131\u011f\u0131m i\u00e7in \u00e7ok minnettar\u0131m. \u0130svi\u00e7re\u2019de bana bunun \u00fc\u00e7 kat\u0131 maliyet olurdu. \u0130stanbul\u2019da t\u0131p bu kadar geli\u015fmi\u015fken neden o kadar fazla \u00f6deyeyim ki? Tek yapman\u0131z gereken korkmamakt\u0131r ve operasyonu \u0130stanbul\u2019da yapt\u0131rmakt\u0131r.Swisslasik ve EyeStar ekibine harika organizasyon ve operasyon i\u00e7in \u00f6zel bir te\u015fekk\u00fcr.SevgilerLaura Di Iorio \u00d6nceki rapor Sonraki rapor<\/p>\n","protected":false},"author":4,"featured_media":0,"parent":4815,"menu_order":0,"comment_status":"closed","ping_status":"closed","template":"","meta":{"_joinchat":[],"footnotes":""},"class_list":["post-4871","page","type-page","status-publish","hentry"],"acf":[],"_links":{"self":[{"href":"https:\/\/medicaltravel.ch\/tr\/wp-json\/wp\/v2\/pages\/4871","targetHints":{"allow":["GET"]}}],"collection":[{"href":"https:\/\/medicaltravel.ch\/tr\/wp-json\/wp\/v2\/pages"}],"about":[{"href":"https:\/\/medicaltravel.ch\/tr\/wp-json\/wp\/v2\/types\/page"}],"author":[{"embeddable":true,"href":"https:\/\/medicaltravel.ch\/tr\/wp-json\/wp\/v2\/users\/4"}],"replies":[{"embeddable":true,"href":"https:\/\/medicaltravel.ch\/tr\/wp-json\/wp\/v2\/comments?post=4871"}],"version-history":[{"count":2,"href":"https:\/\/medicaltravel.ch\/tr\/wp-json\/wp\/v2\/pages\/4871\/revisions"}],"predecessor-version":[{"id":6510,"href":"https:\/\/medicaltravel.ch\/tr\/wp-json\/wp\/v2\/pages\/4871\/revisions\/6510"}],"up":[{"embeddable":true,"href":"https:\/\/medicaltravel.ch\/tr\/wp-json\/wp\/v2\/pages\/4815"}],"wp:attachment":[{"href":"https:\/\/medicaltravel.ch\/tr\/wp-json\/wp\/v2\/media?parent=4871"}],"curies":[{"name":"wp","href":"https:\/\/api.w.org\/{rel}","templated":true}]}}