{"id":4880,"date":"2025-09-24T07:20:56","date_gmt":"2025-09-24T06:20:56","guid":{"rendered":"https:\/\/medicaltravel.ch\/hasta-raporlari\/erfahrungsberichte-schoenheits-op-istanbul\/mart-2009-faaliyet-raporu-17-nisan-2009-cuma-tarihli-rapor\/"},"modified":"2026-01-12T21:19:09","modified_gmt":"2026-01-12T20:19:09","slug":"mart-2009-faaliyet-raporu-17-nisan-2009-cuma-tarihli-rapor","status":"publish","type":"page","link":"https:\/\/medicaltravel.ch\/tr\/hasta-raporlari\/istanbulda-estetik-cerrahi-hakkinda-musteri-yorumlari\/mart-2009-faaliyet-raporu-17-nisan-2009-cuma-tarihli-rapor\/","title":{"rendered":"Mart 2009 Faaliyet Raporu \u2013 17 Nisan 2009 Cuma Tarihli Rapor"},"content":{"rendered":"\n<figure class=\"wp-block-image size-full\"><img decoding=\"async\" width=\"69\" height=\"90\" src=\"https:\/\/medicaltravel.ch\/wp-content\/uploads\/2025\/09\/csm_portrait_renfer_6a30a155c6.jpg\" alt=\"\" class=\"wp-image-1025\"\/><\/figure>\n\n\n\n<p>Ad\u0131: Renfer Patrick, do\u011fum y\u0131l\u0131: 1977 \/ Ameliyat tarihi: Mart 2009<\/p>\n\n\n\n<p>K\u0131r\u0131lma:<br>Sa\u011f g\u00f6z: -6,25 = -2,50 \/ 21\u00b0 G\u00f6rme keskinli\u011fi 1,00<br>Sol g\u00f6z: -5,50 = -2,50 \/ 172\u00b0 G\u00f6rme keskinli\u011fi 1,00<\/p>\n\n\n\n<p>G\u00f6zl\u00fck veya kontakt lens olmadan g\u00f6rebilmek uzun zamand\u0131r hayalimdi.<\/p>\n\n\n\n<p>Bu nedenle \u015eubat 2007&#8217;de Bern&#8217;deki G\u00f6z Lazer Enstit\u00fcs\u00fc&#8217;nde \u00f6n muayene yapt\u0131rmaya karar verdim. Sonu\u00e7 olarak bana sadece lens implant\u0131 uygun oldu\u011fu s\u00f6ylendi ve maliyeti 12.000 \u0130svi\u00e7re Frang\u0131yd\u0131. Bunu kar\u015f\u0131layamayaca\u011f\u0131m i\u00e7in s\u00fcrekli olarak, bazen saatlerce internetten ba\u015fka sa\u011flay\u0131c\u0131lar ve se\u00e7enekler arad\u0131m. Bratislava, Almanya, Luzern gibi yerlerde lazer operasyonlar\u0131 buldum. Ancak t\u00fcm bunlar aras\u0131nda \u0130stanbul&#8217;daki EYE-Star Klini\u011fi bana a\u00e7\u0131k ara en iyi izlenimi verdi. Bu y\u00fczden \u00f6n muayene sonu\u00e7lar\u0131m\u0131 G\u00f6z Lazer Enstit\u00fcs\u00fc&#8217;nden Say\u0131n Karaagacli-Leoni&#8217;ye g\u00f6nderdim. <\/p>\n\n\n\n<p>Sadece bir g\u00fcn i\u00e7inde, \u00f6n muayene sonu\u00e7lar\u0131m\u0131n incelenmesinden sonra lazer ameliyat\u0131n\u0131n uygun olabilece\u011fine dair sevindirici sonucu ald\u0131m. Bunun i\u00e7in \u00e7ok mutlu oldum ama biraz da tedirgin hissettim. Bir incelemeden neden iki farkl\u0131 sonu\u00e7 \u00e7\u0131k\u0131yor diye d\u00fc\u015f\u00fcnd\u00fcm. Sonra Z\u00fcrih&#8217;teki y\u00f6nlendirme doktorunda bir \u00f6n muayene daha yapt\u0131rmaya karar verdim. Oradan da lazer ameliyat\u0131 i\u00e7in onay ald\u0131ktan ve Say\u0131n Karaagacli-Leoni&#8217;nin \u00e7ok iyi ilgisi sonras\u0131, \u0130stanbul&#8217;da lazer ameliyat\u0131 yapt\u0131rmaya karar verdim.  <\/p>\n\n\n\n<p>2009 y\u0131l\u0131 23 Mart Pazartesi g\u00fcn\u00fc, e\u015fimle birlikte Swiss Havayollar\u0131 ile \u0130stanbul\u2019a u\u00e7tum. Orada Birol bizi kar\u015f\u0131lad\u0131 ve Midtown Hotel\u2019e (kesinlikle tavsiye ederim) g\u00f6t\u00fcrd\u00fc. Ak\u015fam\u0131, \u0130stanbul\u2019da ya\u015fayan bir tan\u0131d\u0131\u011f\u0131m\u0131zla birlikte Taksim b\u00f6lgesinde ge\u00e7irdik. <\/p>\n\n\n\n<p>2009 y\u0131l\u0131 24 Mart Sal\u0131 g\u00fcn\u00fc saat 11:00\u2019de Birol bizi ald\u0131. Asl\u0131nda buna hi\u00e7 gerek yoktu \u00e7\u00fcnk\u00fc otelimiz klinikten sadece 3 dakika uzakl\u0131ktayd\u0131. Klinik d\u0131\u015far\u0131dan eski ve k\u00f6t\u00fc g\u00f6r\u00fcn\u00fcyordu, bunun sebebi binan\u0131n koruma alt\u0131nda olmas\u0131yd\u0131. Ama i\u00e7eriye girince klinik \u00e7ok modern ve olduk\u00e7a hijyenikti. <\/p>\n\n\n\n<p>Daha sonra yerinde \u00f6n muayene ve ameliyat hakk\u0131nda bilgilendirme yap\u0131ld\u0131 (her \u015fey m\u00fckemmel Almanca veya hatta \u0130svi\u00e7re Almancas\u0131yla Fred taraf\u0131ndan). \u00d6n muayeneden sonra bize 4 saatlik bir bo\u015f zaman verildi. G\u00f6rmem biraz k\u0131s\u0131tl\u0131 oldu\u011fu i\u00e7in k\u0131sa bir y\u00fcr\u00fcy\u00fc\u015f ve g\u00fczel bir \u00f6\u011fle yeme\u011fi yemeye karar verdik. Saat 17:00\u2019de ameliyat ba\u015flad\u0131, ben \u00fc\u00e7\u00fcnc\u00fc s\u0131radayd\u0131m. Ameliyat \u00e7ok h\u0131zl\u0131 ge\u00e7ti (yakla\u015f\u0131k 20 dakika s\u00fcrd\u00fc) ve tamamen a\u011fr\u0131s\u0131zd\u0131 (ama e\u015fim her \u015feyi ekrandan takip edip kaydedebildi\u011fi i\u00e7in onun i\u00e7in biraz daha zor oldu\u2026). Ameliyattan sonra klinikte yakla\u015f\u0131k 30 dakika daha kald\u0131k ve k\u00fc\u00e7\u00fck bir kontrol yap\u0131ld\u0131. Ard\u0131ndan otele d\u00f6nd\u00fck ve hemen uyuyabildim.    <\/p>\n\n\n\n<p>2009 y\u0131l\u0131 25 Mart \u00c7ar\u015famba g\u00fcn\u00fc, yine saat 11:00\u2019de klini\u011fe gittik. \u00d6nceden duyurulan a\u011fr\u0131dan eser yoktu. Kontrol muayenesi yap\u0131ld\u0131, doktor her \u015feyin iyi oldu\u011funu s\u00f6yledi. Sol g\u00f6z\u00fcmle sa\u011f g\u00f6ze g\u00f6re biraz daha az g\u00f6rd\u00fc\u011f\u00fcm\u00fc hissettim. \u00c7ar\u015famba \u00f6\u011fleden sonray\u0131 \u0130stanbul turu i\u00e7in kulland\u0131k; harika bir \u015fehir ve \u00e7ok kalabal\u0131k (\u015fu anda yakla\u015f\u0131k 20 milyon n\u00fcfus). Kapal\u0131\u00e7ar\u015f\u0131\u2019y\u0131 gezdik, Asya yakas\u0131na gittik, al\u0131\u015fveri\u015f merkezlerini dola\u015ft\u0131k ve sonunda kebap yedik. <\/p>\n\n\n\n<p>2009 y\u0131l\u0131 26 Mart Per\u015fembe g\u00fcn\u00fc, Birol saat 15:00\u2019te bizi ald\u0131 ve havaalan\u0131na g\u00f6t\u00fcrd\u00fc. U\u00e7akta her yar\u0131m saatte bir g\u00f6z damlas\u0131 damlatmam gerekiyordu, ama bu hi\u00e7 sorun olmad\u0131. Saat 20:00\u2019de Z\u00fcrih-Kloten\u2019e vard\u0131k, arabam\u0131n direksiyonuna oturdum ve sorunsuz bir \u015fekilde eve gittim. <\/p>\n\n\n\n<p>27.03.2009 \u2013 Bug\u00fcn: Lazer ameliyat\u0131ndan bu yana hi\u00e7 sorun ya\u015famad\u0131m. H\u00e2l\u00e2 sa\u011f g\u00f6z\u00fcmle sol g\u00f6ze g\u00f6re biraz daha iyi g\u00f6rd\u00fc\u011f\u00fcm\u00fc hissediyorum, ama bu durum yakla\u015f\u0131k bir ay sonra yap\u0131lacak kontrol muayenesinde netle\u015fecek. <\/p>\n\n\n\n<p>Yeni hayat\u0131m\u0131n tad\u0131n\u0131 \u00e7\u0131kar\u0131yorum; g\u00f6zl\u00fck veya kontakt lens kullanmadan m\u00fckemmel g\u00f6rme yetene\u011fimle her an\u0131n keyfini ya\u015f\u0131yorum ve neredeyse her hafta ameliyat\u0131m\u0131n videosunu, \u0130stanbul izlenimleriyle birlikte izliyorum. <\/p>\n\n\n\n<p>Sonu\u00e7 olarak: Ameliyat m\u00fckemmel ge\u00e7ti ve Eye-Star Klini\u011fi\u2019ndeki insanlar ile Say\u0131n Karaagacli-Leoni son derece dostane ve yard\u0131mc\u0131yd\u0131lar. Ameliyat d\u0131\u015f\u0131nda, \u0130stanbul\u2019u tan\u0131ma f\u0131rsat\u0131m oldu ve \u015fehir ger\u00e7ekten etkileyiciydi. Benim a\u00e7\u0131mdan ameliyat\u0131 her zaman tekrar yapabilirim ve herkese Eye-Star Klini\u011fi\u2019nde lazer ameliyat\u0131 olmay\u0131 tavsiye edebilirim.  <\/p>\n\n\n\n<p>Eme\u011fi ge\u00e7en herkese \u00e7ok te\u015fekk\u00fcrler!<\/p>\n\n\n\n<div class=\"wp-block-group is-layout-grid wp-container-core-group-is-layout-baef362d wp-block-group-is-layout-grid\">\n<p><a href=\"https:\/\/medicaltravel.at\/home\/agb\/\" data-type=\"page\" data-id=\"2191\" rel=\"nofollow noopener\" target=\"_blank\"><\/a><a href=\"https:\/\/medicaltravel.ch\/tr\/hasta-raporlari\/istanbulda-estetik-cerrahi-hakkinda-musteri-yorumlari\/istanbulda-lasik-deneyim-raporum-13-mayis-2009-carsamba-tarihli-rapor\/\" data-type=\"link\" data-id=\"https:\/\/medicaltravel.ch\/tr\/hasta-raporlari\/istanbulda-estetik-cerrahi-hakkinda-musteri-yorumlari\/istanbulda-lasik-deneyim-raporum-13-mayis-2009-carsamba-tarihli-rapor\/\">\u00d6nceki rapor<\/a><\/p>\n\n\n\n<p class=\"has-text-align-right wp-container-content-5e2576f9\"><a href=\"https:\/\/medicaltravel.at\/home\/impressum\/\" data-type=\"page\" data-id=\"2193\" rel=\"nofollow noopener\" target=\"_blank\"><\/a><a href=\"https:\/\/medicaltravel.at\/home\/berichte-von-patienten\/erfahrungsberichte\/erfahrungsbericht-zahnbehandlung-in-istanbul\/\" data-type=\"page\" data-id=\"981\" rel=\"nofollow noopener\" target=\"_blank\"><\/a><a href=\"https:\/\/medicaltravel.ch\/tr\/hasta-raporlari\/istanbulda-estetik-cerrahi-hakkinda-musteri-yorumlari\/aralik-ayindaki-lasik-ameliyatim-29-ocak-2009-persembe-tarihli-rapor\/\" data-type=\"link\" data-id=\"https:\/\/medicaltravel.ch\/tr\/hasta-raporlari\/istanbulda-estetik-cerrahi-hakkinda-musteri-yorumlari\/aralik-ayindaki-lasik-ameliyatim-29-ocak-2009-persembe-tarihli-rapor\/\">Sonraki rapor<\/a><\/p>\n<\/div>\n","protected":false},"excerpt":{"rendered":"<p>Ad\u0131: Renfer Patrick, do\u011fum y\u0131l\u0131: 1977 \/ Ameliyat tarihi: Mart 2009 K\u0131r\u0131lma:Sa\u011f g\u00f6z: -6,25 = -2,50 \/ 21\u00b0 G\u00f6rme keskinli\u011fi 1,00Sol g\u00f6z: -5,50 = -2,50 \/ 172\u00b0 G\u00f6rme keskinli\u011fi 1,00 G\u00f6zl\u00fck veya kontakt lens olmadan g\u00f6rebilmek uzun zamand\u0131r hayalimdi. Bu nedenle \u015eubat 2007&#8217;de Bern&#8217;deki G\u00f6z Lazer Enstit\u00fcs\u00fc&#8217;nde \u00f6n muayene yapt\u0131rmaya karar verdim. Sonu\u00e7 olarak bana sadece lens implant\u0131 uygun oldu\u011fu s\u00f6ylendi ve maliyeti 12.000 \u0130svi\u00e7re Frang\u0131yd\u0131. Bunu kar\u015f\u0131layamayaca\u011f\u0131m i\u00e7in s\u00fcrekli olarak, bazen saatlerce internetten ba\u015fka sa\u011flay\u0131c\u0131lar ve se\u00e7enekler arad\u0131m. Bratislava, Almanya, Luzern gibi yerlerde lazer operasyonlar\u0131 buldum. Ancak t\u00fcm bunlar aras\u0131nda \u0130stanbul&#8217;daki EYE-Star Klini\u011fi bana a\u00e7\u0131k ara en iyi izlenimi verdi. Bu y\u00fczden \u00f6n muayene sonu\u00e7lar\u0131m\u0131 G\u00f6z Lazer Enstit\u00fcs\u00fc&#8217;nden Say\u0131n Karaagacli-Leoni&#8217;ye g\u00f6nderdim. Sadece bir g\u00fcn i\u00e7inde, \u00f6n muayene sonu\u00e7lar\u0131m\u0131n incelenmesinden sonra lazer ameliyat\u0131n\u0131n uygun olabilece\u011fine dair sevindirici sonucu ald\u0131m. Bunun i\u00e7in \u00e7ok mutlu oldum ama biraz da tedirgin hissettim. Bir incelemeden neden iki farkl\u0131 sonu\u00e7 \u00e7\u0131k\u0131yor diye d\u00fc\u015f\u00fcnd\u00fcm. Sonra Z\u00fcrih&#8217;teki y\u00f6nlendirme doktorunda bir \u00f6n muayene daha yapt\u0131rmaya karar verdim. Oradan da lazer ameliyat\u0131 i\u00e7in onay ald\u0131ktan ve Say\u0131n Karaagacli-Leoni&#8217;nin \u00e7ok iyi ilgisi sonras\u0131, \u0130stanbul&#8217;da lazer ameliyat\u0131 yapt\u0131rmaya karar verdim. 2009 y\u0131l\u0131 23 Mart Pazartesi g\u00fcn\u00fc, e\u015fimle birlikte Swiss Havayollar\u0131 ile \u0130stanbul\u2019a u\u00e7tum. Orada Birol bizi kar\u015f\u0131lad\u0131 ve Midtown Hotel\u2019e (kesinlikle tavsiye ederim) g\u00f6t\u00fcrd\u00fc. Ak\u015fam\u0131, \u0130stanbul\u2019da ya\u015fayan bir tan\u0131d\u0131\u011f\u0131m\u0131zla birlikte Taksim b\u00f6lgesinde ge\u00e7irdik. 2009 y\u0131l\u0131 24 Mart Sal\u0131 g\u00fcn\u00fc saat 11:00\u2019de Birol bizi ald\u0131. Asl\u0131nda buna hi\u00e7 gerek yoktu \u00e7\u00fcnk\u00fc otelimiz klinikten sadece 3 dakika uzakl\u0131ktayd\u0131. Klinik d\u0131\u015far\u0131dan eski ve k\u00f6t\u00fc g\u00f6r\u00fcn\u00fcyordu, bunun sebebi binan\u0131n koruma alt\u0131nda olmas\u0131yd\u0131. Ama i\u00e7eriye girince klinik \u00e7ok modern ve olduk\u00e7a hijyenikti. Daha sonra yerinde \u00f6n muayene ve ameliyat hakk\u0131nda bilgilendirme yap\u0131ld\u0131 (her \u015fey m\u00fckemmel Almanca veya hatta \u0130svi\u00e7re Almancas\u0131yla Fred taraf\u0131ndan). \u00d6n muayeneden sonra bize 4 saatlik bir bo\u015f zaman verildi. G\u00f6rmem biraz k\u0131s\u0131tl\u0131 oldu\u011fu i\u00e7in k\u0131sa bir y\u00fcr\u00fcy\u00fc\u015f ve g\u00fczel bir \u00f6\u011fle yeme\u011fi yemeye karar verdik. Saat 17:00\u2019de ameliyat ba\u015flad\u0131, ben \u00fc\u00e7\u00fcnc\u00fc s\u0131radayd\u0131m. Ameliyat \u00e7ok h\u0131zl\u0131 ge\u00e7ti (yakla\u015f\u0131k 20 dakika s\u00fcrd\u00fc) ve tamamen a\u011fr\u0131s\u0131zd\u0131 (ama e\u015fim her \u015feyi ekrandan takip edip kaydedebildi\u011fi i\u00e7in onun i\u00e7in biraz daha zor oldu\u2026). Ameliyattan sonra klinikte yakla\u015f\u0131k 30 dakika daha kald\u0131k ve k\u00fc\u00e7\u00fck bir kontrol yap\u0131ld\u0131. Ard\u0131ndan otele d\u00f6nd\u00fck ve hemen uyuyabildim. 2009 y\u0131l\u0131 25 Mart \u00c7ar\u015famba g\u00fcn\u00fc, yine saat 11:00\u2019de klini\u011fe gittik. \u00d6nceden duyurulan a\u011fr\u0131dan eser yoktu. Kontrol muayenesi yap\u0131ld\u0131, doktor her \u015feyin iyi oldu\u011funu s\u00f6yledi. Sol g\u00f6z\u00fcmle sa\u011f g\u00f6ze g\u00f6re biraz daha az g\u00f6rd\u00fc\u011f\u00fcm\u00fc hissettim. \u00c7ar\u015famba \u00f6\u011fleden sonray\u0131 \u0130stanbul turu i\u00e7in kulland\u0131k; harika bir \u015fehir ve \u00e7ok kalabal\u0131k (\u015fu anda yakla\u015f\u0131k 20 milyon n\u00fcfus). Kapal\u0131\u00e7ar\u015f\u0131\u2019y\u0131 gezdik, Asya yakas\u0131na gittik, al\u0131\u015fveri\u015f merkezlerini dola\u015ft\u0131k ve sonunda kebap yedik. 2009 y\u0131l\u0131 26 Mart Per\u015fembe g\u00fcn\u00fc, Birol saat 15:00\u2019te bizi ald\u0131 ve havaalan\u0131na g\u00f6t\u00fcrd\u00fc. U\u00e7akta her yar\u0131m saatte bir g\u00f6z damlas\u0131 damlatmam gerekiyordu, ama bu hi\u00e7 sorun olmad\u0131. Saat 20:00\u2019de Z\u00fcrih-Kloten\u2019e vard\u0131k, arabam\u0131n direksiyonuna oturdum ve sorunsuz bir \u015fekilde eve gittim. 27.03.2009 \u2013 Bug\u00fcn: Lazer ameliyat\u0131ndan bu yana hi\u00e7 sorun ya\u015famad\u0131m. H\u00e2l\u00e2 sa\u011f g\u00f6z\u00fcmle sol g\u00f6ze g\u00f6re biraz daha iyi g\u00f6rd\u00fc\u011f\u00fcm\u00fc hissediyorum, ama bu durum yakla\u015f\u0131k bir ay sonra yap\u0131lacak kontrol muayenesinde netle\u015fecek. Yeni hayat\u0131m\u0131n tad\u0131n\u0131 \u00e7\u0131kar\u0131yorum; g\u00f6zl\u00fck veya kontakt lens kullanmadan m\u00fckemmel g\u00f6rme yetene\u011fimle her an\u0131n keyfini ya\u015f\u0131yorum ve neredeyse her hafta ameliyat\u0131m\u0131n videosunu, \u0130stanbul izlenimleriyle birlikte izliyorum. Sonu\u00e7 olarak: Ameliyat m\u00fckemmel ge\u00e7ti ve Eye-Star Klini\u011fi\u2019ndeki insanlar ile Say\u0131n Karaagacli-Leoni son derece dostane ve yard\u0131mc\u0131yd\u0131lar. Ameliyat d\u0131\u015f\u0131nda, \u0130stanbul\u2019u tan\u0131ma f\u0131rsat\u0131m oldu ve \u015fehir ger\u00e7ekten etkileyiciydi. Benim a\u00e7\u0131mdan ameliyat\u0131 her zaman tekrar yapabilirim ve herkese Eye-Star Klini\u011fi\u2019nde lazer ameliyat\u0131 olmay\u0131 tavsiye edebilirim. Eme\u011fi ge\u00e7en herkese \u00e7ok te\u015fekk\u00fcrler! \u00d6nceki rapor Sonraki rapor<\/p>\n","protected":false},"author":4,"featured_media":0,"parent":4815,"menu_order":0,"comment_status":"closed","ping_status":"closed","template":"","meta":{"_joinchat":[],"footnotes":""},"class_list":["post-4880","page","type-page","status-publish","hentry"],"acf":[],"_links":{"self":[{"href":"https:\/\/medicaltravel.ch\/tr\/wp-json\/wp\/v2\/pages\/4880","targetHints":{"allow":["GET"]}}],"collection":[{"href":"https:\/\/medicaltravel.ch\/tr\/wp-json\/wp\/v2\/pages"}],"about":[{"href":"https:\/\/medicaltravel.ch\/tr\/wp-json\/wp\/v2\/types\/page"}],"author":[{"embeddable":true,"href":"https:\/\/medicaltravel.ch\/tr\/wp-json\/wp\/v2\/users\/4"}],"replies":[{"embeddable":true,"href":"https:\/\/medicaltravel.ch\/tr\/wp-json\/wp\/v2\/comments?post=4880"}],"version-history":[{"count":0,"href":"https:\/\/medicaltravel.ch\/tr\/wp-json\/wp\/v2\/pages\/4880\/revisions"}],"up":[{"embeddable":true,"href":"https:\/\/medicaltravel.ch\/tr\/wp-json\/wp\/v2\/pages\/4815"}],"wp:attachment":[{"href":"https:\/\/medicaltravel.ch\/tr\/wp-json\/wp\/v2\/media?parent=4880"}],"curies":[{"name":"wp","href":"https:\/\/api.w.org\/{rel}","templated":true}]}}