{"id":4884,"date":"2025-09-24T07:13:53","date_gmt":"2025-09-24T06:13:53","guid":{"rendered":"https:\/\/medicaltravel.ch\/hasta-raporlari\/erfahrungsberichte-schoenheits-op-istanbul\/koestebeklikten-kartala-2-kasim-2009-pazartesi-raporu\/"},"modified":"2026-01-12T21:12:00","modified_gmt":"2026-01-12T20:12:00","slug":"koestebeklikten-kartala-2-kasim-2009-pazartesi-raporu","status":"publish","type":"page","link":"https:\/\/medicaltravel.ch\/tr\/hasta-raporlari\/istanbulda-estetik-cerrahi-hakkinda-musteri-yorumlari\/koestebeklikten-kartala-2-kasim-2009-pazartesi-raporu\/","title":{"rendered":"K\u00f6stebeklikten Kartala \u2013 2 Kas\u0131m 2009 Pazartesi Raporu"},"content":{"rendered":"\n<h3 class=\"wp-block-heading\">K\u00f6stebeklikten Kartala \u2013 2 Kas\u0131m 2009 Pazartesi Raporu<\/h3>\n\n\n\n<p>4,50 ve 7,25 diyoptri miyopumla, g\u00f6zl\u00fck veya lens olmadan tamamen k\u00f6r gibiydim. G\u00f6zl\u00fck \u00f6zellikle spor yaparken beni \u00e7ok rahats\u0131z ediyordu ve \u00fc\u00e7 acil g\u00f6z doktoru kontrol\u00fcnden sonra lensleri art\u0131k kullanmak istemedim. Asl\u0131nda yeni bir g\u00f6zl\u00fck aray\u0131\u015f\u0131ndayd\u0131m ama hi\u00e7biri ho\u015fuma gitmedi\u011fi i\u00e7in al\u0131\u015fveri\u015fi erteleyebildim.<br>Bir i\u015f arkada\u015f\u0131m arac\u0131l\u0131\u011f\u0131yla, Z\u00fcrih\u2019teki bir arkada\u015f\u0131n\u0131n lazer ameliyat\u0131 i\u00e7in \u00f6n de\u011ferlendirme yapt\u0131rd\u0131\u011f\u0131n\u0131 \u00f6\u011frendim ama hen\u00fcz ameliyat i\u00e7in kesin karar vermemi\u015fti. Ben de spontan olarak Z\u00fcrih\u2019te Say\u0131n Karaagacli\u2019den randevu ald\u0131m ve doktor ameliyat i\u00e7in onay verdi. G\u00f6z doktoru hem yetkin hem de dostane biriydi. Bana \u0130stanbul\u2019da ameliyat konusunda \u015f\u00fcphelerimi giderdi; bildi\u011fi kadar\u0131yla \u0130stanbul\u2019un en modern cihazlara sahip oldu\u011funu, \u0130svi\u00e7re\u2019deki baz\u0131 kliniklerin ise \u201ceski\u201d lazer cihazlar\u0131 kulland\u0131\u011f\u0131n\u0131 anlatt\u0131.<br>Tatil tarihlerim i\u015f nedeniyle belirlenmi\u015fti, bu y\u00fczden 4 g\u00fcn sonra 10 g\u00fcn i\u00e7inde bir ameliyat teklifi istedim. Hemen bir randevu verildi ve Premium paketi se\u00e7tim. Ayn\u0131 zamanda, se\u00e7ti\u011fim tarihte ba\u015fka Swisslasik hastalar\u0131n\u0131n da ameliyat olaca\u011f\u0131n\u0131 biliyordum.<br>Havaalan\u0131nda, \u0130stanbul\u2019da Swisslasik \u00e7al\u0131\u015fan\u0131 taraf\u0131ndan kar\u015f\u0131land\u0131m; u\u00e7ak ve otel konaklamas\u0131 da iyi organize edilmi\u015fti. Seyahat belgelerim biraz s\u0131k\u0131\u015f\u0131k geldi, ama bu k\u0131sa karara ba\u011fl\u0131 olarak beklenen bir durumdu. Var\u0131\u015f\u0131n ertesi g\u00fcn\u00fc, ben ve \u0130svi\u00e7re\u2019den gelen arkada\u015f\u0131m otelden al\u0131nd\u0131k ve klini\u011fe g\u00f6t\u00fcr\u00fcld\u00fck. Klinik \u00e7ok hijyenik bir izlenim b\u0131rakt\u0131 ve personel her konuda ilgilendi, sorular\u0131m\u0131za nazik\u00e7e cevap verdiler.<br>Olas\u0131 komplikasyonlar\u0131 \u00f6\u011frendikten sonra ameliyat i\u00e7in onay\u0131m\u0131 verdim. Midesinde hafif bir bulant\u0131 hissi olmas\u0131na ra\u011fmen, doktorun ve uzun y\u0131llara dayanan tecr\u00fcbesine g\u00fcvendim. Ameliyat \u00f6ncesinde biraz al\u0131\u015fveri\u015f yapma zaman\u0131 buldum ve \u00e7o\u011fu hastan\u0131n ameliyat\u0131 d\u00fc\u015f\u00fcnd\u00fc\u011f\u00fcmden daha kolay buldu\u011funu g\u00f6rd\u00fc\u011f\u00fcm i\u00e7in \u00e7ok rahatt\u0131m. Ayr\u0131ca a\u011fr\u0131ya kar\u015f\u0131 duyarl\u0131 biri olmad\u0131\u011f\u0131m\u0131 d\u00fc\u015f\u00fcn\u00fcyorum.<br>Ameliyata \u00e7ok k\u0131sa s\u00fcre kala biraz gergin ve endi\u015feliydim. G\u00f6z vakumland\u0131, bu bana rahats\u0131z edici geldi. \u015eiddetli miyop oldu\u011fum i\u00e7in 20 saniye boyunca ye\u015fil bir noktaya odaklanmam gerekiyordu, ama sinirim nedeniyle bunu tam yapamad\u0131m ve lazer defalarca yeniden ba\u015flamak zorunda kald\u0131. Bu durum benim i\u00e7in utan\u00e7 vericiydi ve ameliyat sonucunun olumsuz etkilenebilece\u011fi korkusunu art\u0131rd\u0131. Ama sonu\u00e7ta her \u015fey yoluna girdi.<br>Ameliyattan sonra g\u00f6zlerimin \u00f6n\u00fcnde kararma oldu ve g\u00f6zlerimi tam olarak a\u00e7amad\u0131m. Beni otele g\u00f6t\u00fcrd\u00fcler, hemen derin uykuya dald\u0131m ve \u00fc\u00e7 saat sonra uyand\u0131m. Art\u0131k her \u015fey neredeyse m\u00fckemmeldi; g\u00f6zlerimi a\u011fr\u0131s\u0131z a\u00e7abiliyor ve otel odas\u0131ndan Bo\u011faz\u2019a bakabiliyordum \u2013 g\u00f6zl\u00fck veya lens olmadan! \u0130nan\u0131lmaz bir his!                           G\u00f6zdeki hafif ka\u015f\u0131nt\u0131 ve kum tanesi hissi \u00e7ok rahats\u0131z edici de\u011fildi. \u0130lk iki g\u00fcn sabahlar\u0131 \u00f6nce pencerenin \u00f6n\u00fcne gidip uzak manzaran\u0131n tad\u0131n\u0131 \u00e7\u0131kard\u0131m! Ak\u015famlar\u0131 ise lensleri \u00e7\u0131karma iste\u011fini h\u00e2l\u00e2 bast\u0131rmak zorundayd\u0131m. Z\u00fcrih\u2019te yap\u0131lan kontrol muayenesinde hafif bir kornea skar\u0131 oldu\u011fu g\u00f6r\u00fcld\u00fc, bu da ara s\u0131ra g\u00f6zde hafif ka\u015f\u0131nt\u0131 olarak hissediliyor. Ancak bu ka\u015f\u0131nt\u0131n\u0131n iki ay sonraki son kontrolde tamamen ge\u00e7mesi bekleniyor. Karar verdi\u011fim i\u00e7in mutluyum ve ameliyat\u0131 tekrar yapmay\u0131 g\u00f6ze al\u0131r\u0131m. Swisslasik\u2019i en iyi \u015fekilde g\u00f6n\u00fcl rahatl\u0131\u011f\u0131yla tavsiye edebilirim.<br>Aurelia Derksen       <\/p>\n\n\n\n<div class=\"wp-block-group is-layout-grid wp-container-core-group-is-layout-baef362d wp-block-group-is-layout-grid\">\n<p><a href=\"https:\/\/medicaltravel.at\/home\/agb\/\" data-type=\"page\" data-id=\"2191\" rel=\"nofollow noopener\" target=\"_blank\"><\/a><a href=\"https:\/\/medicaltravel.ch\/tr\/hasta-raporlari\/istanbulda-estetik-cerrahi-hakkinda-musteri-yorumlari\/istanbuldaki-goez-ameliyatim-alarm-saati-847yi-goesteriyordu-her-zamankinden-daha-net-goerueyordum-2-kasim-2009-pazartesi-tarihli-rapor\/\" data-type=\"link\" data-id=\"https:\/\/medicaltravel.ch\/tr\/hasta-raporlari\/istanbulda-estetik-cerrahi-hakkinda-musteri-yorumlari\/istanbuldaki-goez-ameliyatim-alarm-saati-847yi-goesteriyordu-her-zamankinden-daha-net-goerueyordum-2-kasim-2009-pazartesi-tarihli-rapor\/\">\u00d6nceki rapor<\/a><\/p>\n\n\n\n<p class=\"has-text-align-right wp-container-content-5e2576f9\"><a href=\"https:\/\/medicaltravel.at\/home\/impressum\/\" data-type=\"page\" data-id=\"2193\" rel=\"nofollow noopener\" target=\"_blank\"><\/a><a href=\"https:\/\/medicaltravel.at\/home\/berichte-von-patienten\/erfahrungsberichte\/erfahrungsbericht-zahnbehandlung-in-istanbul\/\" data-type=\"page\" data-id=\"981\" rel=\"nofollow noopener\" target=\"_blank\"><\/a><a href=\"https:\/\/medicaltravel.ch\/tr\/hasta-raporlari\/istanbulda-estetik-cerrahi-hakkinda-musteri-yorumlari\/istanbulda-lasik-ameliyatimdan-5-ay-sonraki-sonuclarim-21-ekim-2009-carsamba-tarihli-rapor\/\" data-type=\"link\" data-id=\"https:\/\/medicaltravel.ch\/tr\/hasta-raporlari\/istanbulda-estetik-cerrahi-hakkinda-musteri-yorumlari\/istanbulda-lasik-ameliyatimdan-5-ay-sonraki-sonuclarim-21-ekim-2009-carsamba-tarihli-rapor\/\">Sonraki rapor<\/a><\/p>\n<\/div>\n","protected":false},"excerpt":{"rendered":"<p>K\u00f6stebeklikten Kartala \u2013 2 Kas\u0131m 2009 Pazartesi Raporu 4,50 ve 7,25 diyoptri miyopumla, g\u00f6zl\u00fck veya lens olmadan tamamen k\u00f6r gibiydim. G\u00f6zl\u00fck \u00f6zellikle spor yaparken beni \u00e7ok rahats\u0131z ediyordu ve \u00fc\u00e7 acil g\u00f6z doktoru kontrol\u00fcnden sonra lensleri art\u0131k kullanmak istemedim. Asl\u0131nda yeni bir g\u00f6zl\u00fck aray\u0131\u015f\u0131ndayd\u0131m ama hi\u00e7biri ho\u015fuma gitmedi\u011fi i\u00e7in al\u0131\u015fveri\u015fi erteleyebildim.Bir i\u015f arkada\u015f\u0131m arac\u0131l\u0131\u011f\u0131yla, Z\u00fcrih\u2019teki bir arkada\u015f\u0131n\u0131n lazer ameliyat\u0131 i\u00e7in \u00f6n de\u011ferlendirme yapt\u0131rd\u0131\u011f\u0131n\u0131 \u00f6\u011frendim ama hen\u00fcz ameliyat i\u00e7in kesin karar vermemi\u015fti. Ben de spontan olarak Z\u00fcrih\u2019te Say\u0131n Karaagacli\u2019den randevu ald\u0131m ve doktor ameliyat i\u00e7in onay verdi. G\u00f6z doktoru hem yetkin hem de dostane biriydi. Bana \u0130stanbul\u2019da ameliyat konusunda \u015f\u00fcphelerimi giderdi; bildi\u011fi kadar\u0131yla \u0130stanbul\u2019un en modern cihazlara sahip oldu\u011funu, \u0130svi\u00e7re\u2019deki baz\u0131 kliniklerin ise \u201ceski\u201d lazer cihazlar\u0131 kulland\u0131\u011f\u0131n\u0131 anlatt\u0131.Tatil tarihlerim i\u015f nedeniyle belirlenmi\u015fti, bu y\u00fczden 4 g\u00fcn sonra 10 g\u00fcn i\u00e7inde bir ameliyat teklifi istedim. Hemen bir randevu verildi ve Premium paketi se\u00e7tim. Ayn\u0131 zamanda, se\u00e7ti\u011fim tarihte ba\u015fka Swisslasik hastalar\u0131n\u0131n da ameliyat olaca\u011f\u0131n\u0131 biliyordum.Havaalan\u0131nda, \u0130stanbul\u2019da Swisslasik \u00e7al\u0131\u015fan\u0131 taraf\u0131ndan kar\u015f\u0131land\u0131m; u\u00e7ak ve otel konaklamas\u0131 da iyi organize edilmi\u015fti. Seyahat belgelerim biraz s\u0131k\u0131\u015f\u0131k geldi, ama bu k\u0131sa karara ba\u011fl\u0131 olarak beklenen bir durumdu. Var\u0131\u015f\u0131n ertesi g\u00fcn\u00fc, ben ve \u0130svi\u00e7re\u2019den gelen arkada\u015f\u0131m otelden al\u0131nd\u0131k ve klini\u011fe g\u00f6t\u00fcr\u00fcld\u00fck. Klinik \u00e7ok hijyenik bir izlenim b\u0131rakt\u0131 ve personel her konuda ilgilendi, sorular\u0131m\u0131za nazik\u00e7e cevap verdiler.Olas\u0131 komplikasyonlar\u0131 \u00f6\u011frendikten sonra ameliyat i\u00e7in onay\u0131m\u0131 verdim. Midesinde hafif bir bulant\u0131 hissi olmas\u0131na ra\u011fmen, doktorun ve uzun y\u0131llara dayanan tecr\u00fcbesine g\u00fcvendim. Ameliyat \u00f6ncesinde biraz al\u0131\u015fveri\u015f yapma zaman\u0131 buldum ve \u00e7o\u011fu hastan\u0131n ameliyat\u0131 d\u00fc\u015f\u00fcnd\u00fc\u011f\u00fcmden daha kolay buldu\u011funu g\u00f6rd\u00fc\u011f\u00fcm i\u00e7in \u00e7ok rahatt\u0131m. Ayr\u0131ca a\u011fr\u0131ya kar\u015f\u0131 duyarl\u0131 biri olmad\u0131\u011f\u0131m\u0131 d\u00fc\u015f\u00fcn\u00fcyorum.Ameliyata \u00e7ok k\u0131sa s\u00fcre kala biraz gergin ve endi\u015feliydim. G\u00f6z vakumland\u0131, bu bana rahats\u0131z edici geldi. \u015eiddetli miyop oldu\u011fum i\u00e7in 20 saniye boyunca ye\u015fil bir noktaya odaklanmam gerekiyordu, ama sinirim nedeniyle bunu tam yapamad\u0131m ve lazer defalarca yeniden ba\u015flamak zorunda kald\u0131. Bu durum benim i\u00e7in utan\u00e7 vericiydi ve ameliyat sonucunun olumsuz etkilenebilece\u011fi korkusunu art\u0131rd\u0131. Ama sonu\u00e7ta her \u015fey yoluna girdi.Ameliyattan sonra g\u00f6zlerimin \u00f6n\u00fcnde kararma oldu ve g\u00f6zlerimi tam olarak a\u00e7amad\u0131m. Beni otele g\u00f6t\u00fcrd\u00fcler, hemen derin uykuya dald\u0131m ve \u00fc\u00e7 saat sonra uyand\u0131m. Art\u0131k her \u015fey neredeyse m\u00fckemmeldi; g\u00f6zlerimi a\u011fr\u0131s\u0131z a\u00e7abiliyor ve otel odas\u0131ndan Bo\u011faz\u2019a bakabiliyordum \u2013 g\u00f6zl\u00fck veya lens olmadan! \u0130nan\u0131lmaz bir his! G\u00f6zdeki hafif ka\u015f\u0131nt\u0131 ve kum tanesi hissi \u00e7ok rahats\u0131z edici de\u011fildi. \u0130lk iki g\u00fcn sabahlar\u0131 \u00f6nce pencerenin \u00f6n\u00fcne gidip uzak manzaran\u0131n tad\u0131n\u0131 \u00e7\u0131kard\u0131m! Ak\u015famlar\u0131 ise lensleri \u00e7\u0131karma iste\u011fini h\u00e2l\u00e2 bast\u0131rmak zorundayd\u0131m. Z\u00fcrih\u2019te yap\u0131lan kontrol muayenesinde hafif bir kornea skar\u0131 oldu\u011fu g\u00f6r\u00fcld\u00fc, bu da ara s\u0131ra g\u00f6zde hafif ka\u015f\u0131nt\u0131 olarak hissediliyor. Ancak bu ka\u015f\u0131nt\u0131n\u0131n iki ay sonraki son kontrolde tamamen ge\u00e7mesi bekleniyor. Karar verdi\u011fim i\u00e7in mutluyum ve ameliyat\u0131 tekrar yapmay\u0131 g\u00f6ze al\u0131r\u0131m. Swisslasik\u2019i en iyi \u015fekilde g\u00f6n\u00fcl rahatl\u0131\u011f\u0131yla tavsiye edebilirim.Aurelia Derksen \u00d6nceki rapor Sonraki rapor<\/p>\n","protected":false},"author":4,"featured_media":0,"parent":4815,"menu_order":0,"comment_status":"closed","ping_status":"closed","template":"","meta":{"_joinchat":[],"footnotes":""},"class_list":["post-4884","page","type-page","status-publish","hentry"],"acf":[],"_links":{"self":[{"href":"https:\/\/medicaltravel.ch\/tr\/wp-json\/wp\/v2\/pages\/4884","targetHints":{"allow":["GET"]}}],"collection":[{"href":"https:\/\/medicaltravel.ch\/tr\/wp-json\/wp\/v2\/pages"}],"about":[{"href":"https:\/\/medicaltravel.ch\/tr\/wp-json\/wp\/v2\/types\/page"}],"author":[{"embeddable":true,"href":"https:\/\/medicaltravel.ch\/tr\/wp-json\/wp\/v2\/users\/4"}],"replies":[{"embeddable":true,"href":"https:\/\/medicaltravel.ch\/tr\/wp-json\/wp\/v2\/comments?post=4884"}],"version-history":[{"count":0,"href":"https:\/\/medicaltravel.ch\/tr\/wp-json\/wp\/v2\/pages\/4884\/revisions"}],"up":[{"embeddable":true,"href":"https:\/\/medicaltravel.ch\/tr\/wp-json\/wp\/v2\/pages\/4815"}],"wp:attachment":[{"href":"https:\/\/medicaltravel.ch\/tr\/wp-json\/wp\/v2\/media?parent=4884"}],"curies":[{"name":"wp","href":"https:\/\/api.w.org\/{rel}","templated":true}]}}