{"id":4888,"date":"2025-09-24T06:47:49","date_gmt":"2025-09-24T05:47:49","guid":{"rendered":"https:\/\/medicaltravel.ch\/hasta-raporlari\/patientenberichte-haartransplantation-tuerkei\/istanbulda-lazer-goez-ameliyati-hayatimin-en-iyi-kararlarindan-biriydi-30-kasim-2011-carsamba-tarihli-rapor\/"},"modified":"2026-01-12T19:57:04","modified_gmt":"2026-01-12T18:57:04","slug":"istanbulda-lazer-goez-ameliyati-hayatimin-en-iyi-kararlarindan-biriydi-30-kasim-2011-carsamba-tarihli-rapor","status":"publish","type":"page","link":"https:\/\/medicaltravel.ch\/tr\/hasta-raporlari\/turkiyede-sac-ekimi-hastalarinin-yorumlari\/istanbulda-lazer-goez-ameliyati-hayatimin-en-iyi-kararlarindan-biriydi-30-kasim-2011-carsamba-tarihli-rapor\/","title":{"rendered":"\u0130stanbul&#8217;da lazer g\u00f6z ameliyat\u0131, hayat\u0131m\u0131n en iyi kararlar\u0131ndan biriydi \u2013 30 Kas\u0131m 2011 \u00c7ar\u015famba tarihli rapor"},"content":{"rendered":"\n<p>\u0130stanbul&#8217;da lazer g\u00f6z ameliyat\u0131, hayat\u0131m\u0131n en iyi kararlar\u0131ndan biriydi \u2013 30 Kas\u0131m 2011 \u00c7ar\u015famba tarihli rapor<\/p>\n\n\n\n<p>Sevgili okuyucular, size \u0130stanbul\u2019daki Ac\u0131badem Klini\u011fi\u2019nde ge\u00e7irdi\u011fim g\u00f6z ameliyat\u0131 deneyimimi anlatmak istiyorum. Her \u015fey internet ara\u015ft\u0131rmas\u0131yla ba\u015flad\u0131. \u0130svi\u00e7re\u2019deki klinik ve doktorlar\u0131 inceledim, ancak g\u00f6z ameliyat\u0131 i\u00e7in \u00f6denen korkun\u00e7 fiyatlar\u0131 kar\u015f\u0131layamaz ve \u00f6demek istemezdim. \u0130\u015fte o s\u0131rada Swisslasik ile kar\u015f\u0131la\u015ft\u0131m ve 2011 sonbahar\u0131nda ameliyat\u0131m\u0131 onlarla ger\u00e7ekle\u015ftirdim.<br>Ameliyat\u0131 T\u00fcrkiye\u2019de yapmaya karar verdi\u011fimde ve \u00e7evreme haber verdi\u011fimde, herkesin tepkisi hep ayn\u0131 oldu: \u201cNe, delirdin mi?\u201d Size \u015funu s\u00f6yleyebilirim, bu en iyi kararlar\u0131mdan biriydi. Sevgili ailemin e\u015fli\u011finde, heyecan verici, \u00e7ok temiz ve olumlu \u015fekilde \u015fa\u015f\u0131rt\u0131c\u0131 \u0130stanbul\u2019a seyahat ettim. \u015eimdiye kadar sadece \u0130svi\u00e7re\u2019de ya\u015fayan T\u00fcrkleri tan\u0131yordum ve dini konularda \u00e7ok ilgili de\u011fildim, ama \u015funu s\u00f6ylemeliyim ki deneyim m\u00fckemmeldi.<br>Havaalan\u0131nda neredeyse bir saatlik gecikmeye ra\u011fmen, Ac\u0131badem Klini\u011fi\u2019nden bir \u00e7al\u0131\u015fan bizi isim kart\u0131 ve g\u00fcl\u00fcmsemesiyle kar\u015f\u0131lad\u0131. Bizi Elite World Prestige oteline g\u00f6t\u00fcrd\u00fc; buray\u0131 kesinlikle tavsiye ederim.<br>Ameliyat g\u00fcn\u00fc saat 08:00\u2019de al\u0131nd\u0131m ve beni uzun bir heyecan ve gerginlik dolu bir g\u00fcn bekliyordu. T\u00fcm testler sorunsuz ge\u00e7ti ve lazer ameliyat\u0131na en iyi \u015fekilde haz\u0131rland\u0131k. Saat 15:00\u2019te lazer i\u015flemine ba\u015fland\u0131 ve herkese bir sakinle\u015ftirici tablet almalar\u0131n\u0131 tavsiye ederim. Ben g\u00fc\u00e7l\u00fc olmay\u0131 istedim ve almad\u0131m, bu bir hatayd\u0131. \u00c7ene heyecandan titriyordu ve kollar\u0131m uyu\u015fmu\u015ftu.<br>\u00d6n muayene ve lazer i\u015flemi tamamen a\u011fr\u0131s\u0131zd\u0131. Kornea kesimi biraz rahats\u0131z ediciydi, \u00e7\u00fcnk\u00fc g\u00f6z sabitlenmek zorundayd\u0131, ama sadece 5 dakika s\u00fcrd\u00fc. Lazer i\u015fleminden sonra \u0131\u015f\u0131\u011fa kar\u015f\u0131 \u00e7ok hassas oldum ve sadece otele gitmek istedim. Mesaj yazmak d\u00fc\u015f\u00fcn\u00fclmedi bile, ekran \u00e7ok parlakt\u0131. G\u00f6zler tuhaf hissediyordu ve Panadol S a\u011fr\u0131y\u0131 hafifletmedi. Ancak d\u00f6rt saat sonra a\u011fr\u0131 kesin olarak azald\u0131.<br>Kornea iyile\u015fmesi i\u00e7in g\u00f6z damlalar\u0131 kullanmam gerekiyordu, bunlar sonu\u00e7 a\u00e7\u0131s\u0131ndan \u00e7ok \u00f6nemliydi, ama hastanede b\u0131rakm\u0131\u015ft\u0131m. Rehberimiz Tolga \u00e7ok nazikti ve onlar\u0131 otele getirdi. Harika bir hizmet!<br>Ertesi sabah sonucu test etmek i\u00e7in pencereye ko\u015ftum. \u00c7ok etkilendim! Her \u015fey tamamen netti. TV\u2019nin bekleme \u0131\u015f\u0131\u011f\u0131n\u0131 bile net bir \u015fekilde g\u00f6rebiliyordum. Muhte\u015femdi. Saat 09:00\u2019da Ac\u0131badem\u2019de kontrole gittim ve olumlu sonu\u00e7 ald\u0131m. Art\u0131k hi\u00e7bir g\u00f6rme yard\u0131m\u0131 kullanmayaca\u011f\u0131m.<br>\u00d6\u011fleden sonra t\u00fcm \u015fehri gezip dola\u015fmak m\u00fcmk\u00fcnd\u00fc. Bu \u00e7\u0131lg\u0131nca de\u011fil mi? Ama ger\u00e7ek. \u0130stanbul\u2019daki ameliyat\u0131 herkese g\u00f6n\u00fclden tavsiye edebilirim. Cesaret edin; her \u015fey \u00e7ok iyi organize edilmi\u015f, hijyenik ve insanlar \u00e7ok dost canl\u0131s\u0131. \u015eehir ise sizi kesinlikle b\u00fcy\u00fcleyecek.                                     Bu, T\u00fcrkiye gezimdi. Daniela Steiner <\/p>\n\n\n\n<div class=\"wp-block-group is-layout-grid wp-container-core-group-is-layout-baef362d wp-block-group-is-layout-grid\">\n<p><a href=\"https:\/\/medicaltravel.at\/home\/agb\/\" data-type=\"page\" data-id=\"2191\" rel=\"nofollow noopener\" target=\"_blank\"><\/a><a href=\"https:\/\/medicaltravel.ch\/tr\/hasta-raporlari\/turkiyede-sac-ekimi-hastalarinin-yorumlari\/istanbulda-lazer-goez-ameliyati-deneyim-raporu-30-kasim-2011-carsamba-tarihli-rapor\/\" data-type=\"link\" data-id=\"https:\/\/medicaltravel.ch\/tr\/hasta-raporlari\/turkiyede-sac-ekimi-hastalarinin-yorumlari\/istanbulda-lazer-goez-ameliyati-deneyim-raporu-30-kasim-2011-carsamba-tarihli-rapor\/\">\u00d6nceki rapor<\/a><\/p>\n\n\n\n<p class=\"has-text-align-right wp-container-content-5e2576f9\"><a href=\"https:\/\/medicaltravel.at\/home\/impressum\/\" data-type=\"page\" data-id=\"2193\" rel=\"nofollow noopener\" target=\"_blank\"><\/a><a href=\"https:\/\/medicaltravel.at\/home\/berichte-von-patienten\/erfahrungsberichte\/erfahrungsbericht-zahnbehandlung-in-istanbul\/\" data-type=\"page\" data-id=\"981\" rel=\"nofollow noopener\" target=\"_blank\"><\/a><a href=\"https:\/\/medicaltravel.ch\/tr\/hasta-raporlari\/turkiyede-sac-ekimi-hastalarinin-yorumlari\/istanbul-acibadem-hastanesinde-18-ekim-2011-tarihinde-gecirdigim-lazer-goez-ameliyatim-29-kasim-2011-sali-tarihli-rapor\/\" data-type=\"link\" data-id=\"https:\/\/medicaltravel.ch\/tr\/hasta-raporlari\/turkiyede-sac-ekimi-hastalarinin-yorumlari\/istanbul-acibadem-hastanesinde-18-ekim-2011-tarihinde-gecirdigim-lazer-goez-ameliyatim-29-kasim-2011-sali-tarihli-rapor\/\">Sonraki rapor<\/a><\/p>\n<\/div>\n","protected":false},"excerpt":{"rendered":"<p>\u0130stanbul&#8217;da lazer g\u00f6z ameliyat\u0131, hayat\u0131m\u0131n en iyi kararlar\u0131ndan biriydi \u2013 30 Kas\u0131m 2011 \u00c7ar\u015famba tarihli rapor Sevgili okuyucular, size \u0130stanbul\u2019daki Ac\u0131badem Klini\u011fi\u2019nde ge\u00e7irdi\u011fim g\u00f6z ameliyat\u0131 deneyimimi anlatmak istiyorum. Her \u015fey internet ara\u015ft\u0131rmas\u0131yla ba\u015flad\u0131. \u0130svi\u00e7re\u2019deki klinik ve doktorlar\u0131 inceledim, ancak g\u00f6z ameliyat\u0131 i\u00e7in \u00f6denen korkun\u00e7 fiyatlar\u0131 kar\u015f\u0131layamaz ve \u00f6demek istemezdim. \u0130\u015fte o s\u0131rada Swisslasik ile kar\u015f\u0131la\u015ft\u0131m ve 2011 sonbahar\u0131nda ameliyat\u0131m\u0131 onlarla ger\u00e7ekle\u015ftirdim.Ameliyat\u0131 T\u00fcrkiye\u2019de yapmaya karar verdi\u011fimde ve \u00e7evreme haber verdi\u011fimde, herkesin tepkisi hep ayn\u0131 oldu: \u201cNe, delirdin mi?\u201d Size \u015funu s\u00f6yleyebilirim, bu en iyi kararlar\u0131mdan biriydi. Sevgili ailemin e\u015fli\u011finde, heyecan verici, \u00e7ok temiz ve olumlu \u015fekilde \u015fa\u015f\u0131rt\u0131c\u0131 \u0130stanbul\u2019a seyahat ettim. \u015eimdiye kadar sadece \u0130svi\u00e7re\u2019de ya\u015fayan T\u00fcrkleri tan\u0131yordum ve dini konularda \u00e7ok ilgili de\u011fildim, ama \u015funu s\u00f6ylemeliyim ki deneyim m\u00fckemmeldi.Havaalan\u0131nda neredeyse bir saatlik gecikmeye ra\u011fmen, Ac\u0131badem Klini\u011fi\u2019nden bir \u00e7al\u0131\u015fan bizi isim kart\u0131 ve g\u00fcl\u00fcmsemesiyle kar\u015f\u0131lad\u0131. Bizi Elite World Prestige oteline g\u00f6t\u00fcrd\u00fc; buray\u0131 kesinlikle tavsiye ederim.Ameliyat g\u00fcn\u00fc saat 08:00\u2019de al\u0131nd\u0131m ve beni uzun bir heyecan ve gerginlik dolu bir g\u00fcn bekliyordu. T\u00fcm testler sorunsuz ge\u00e7ti ve lazer ameliyat\u0131na en iyi \u015fekilde haz\u0131rland\u0131k. Saat 15:00\u2019te lazer i\u015flemine ba\u015fland\u0131 ve herkese bir sakinle\u015ftirici tablet almalar\u0131n\u0131 tavsiye ederim. Ben g\u00fc\u00e7l\u00fc olmay\u0131 istedim ve almad\u0131m, bu bir hatayd\u0131. \u00c7ene heyecandan titriyordu ve kollar\u0131m uyu\u015fmu\u015ftu.\u00d6n muayene ve lazer i\u015flemi tamamen a\u011fr\u0131s\u0131zd\u0131. Kornea kesimi biraz rahats\u0131z ediciydi, \u00e7\u00fcnk\u00fc g\u00f6z sabitlenmek zorundayd\u0131, ama sadece 5 dakika s\u00fcrd\u00fc. Lazer i\u015fleminden sonra \u0131\u015f\u0131\u011fa kar\u015f\u0131 \u00e7ok hassas oldum ve sadece otele gitmek istedim. Mesaj yazmak d\u00fc\u015f\u00fcn\u00fclmedi bile, ekran \u00e7ok parlakt\u0131. G\u00f6zler tuhaf hissediyordu ve Panadol S a\u011fr\u0131y\u0131 hafifletmedi. Ancak d\u00f6rt saat sonra a\u011fr\u0131 kesin olarak azald\u0131.Kornea iyile\u015fmesi i\u00e7in g\u00f6z damlalar\u0131 kullanmam gerekiyordu, bunlar sonu\u00e7 a\u00e7\u0131s\u0131ndan \u00e7ok \u00f6nemliydi, ama hastanede b\u0131rakm\u0131\u015ft\u0131m. Rehberimiz Tolga \u00e7ok nazikti ve onlar\u0131 otele getirdi. Harika bir hizmet!Ertesi sabah sonucu test etmek i\u00e7in pencereye ko\u015ftum. \u00c7ok etkilendim! Her \u015fey tamamen netti. TV\u2019nin bekleme \u0131\u015f\u0131\u011f\u0131n\u0131 bile net bir \u015fekilde g\u00f6rebiliyordum. Muhte\u015femdi. Saat 09:00\u2019da Ac\u0131badem\u2019de kontrole gittim ve olumlu sonu\u00e7 ald\u0131m. Art\u0131k hi\u00e7bir g\u00f6rme yard\u0131m\u0131 kullanmayaca\u011f\u0131m.\u00d6\u011fleden sonra t\u00fcm \u015fehri gezip dola\u015fmak m\u00fcmk\u00fcnd\u00fc. Bu \u00e7\u0131lg\u0131nca de\u011fil mi? Ama ger\u00e7ek. \u0130stanbul\u2019daki ameliyat\u0131 herkese g\u00f6n\u00fclden tavsiye edebilirim. Cesaret edin; her \u015fey \u00e7ok iyi organize edilmi\u015f, hijyenik ve insanlar \u00e7ok dost canl\u0131s\u0131. \u015eehir ise sizi kesinlikle b\u00fcy\u00fcleyecek. Bu, T\u00fcrkiye gezimdi. Daniela Steiner \u00d6nceki rapor Sonraki rapor<\/p>\n","protected":false},"author":4,"featured_media":0,"parent":4886,"menu_order":0,"comment_status":"closed","ping_status":"closed","template":"","meta":{"_joinchat":[],"footnotes":""},"class_list":["post-4888","page","type-page","status-publish","hentry"],"acf":[],"_links":{"self":[{"href":"https:\/\/medicaltravel.ch\/tr\/wp-json\/wp\/v2\/pages\/4888","targetHints":{"allow":["GET"]}}],"collection":[{"href":"https:\/\/medicaltravel.ch\/tr\/wp-json\/wp\/v2\/pages"}],"about":[{"href":"https:\/\/medicaltravel.ch\/tr\/wp-json\/wp\/v2\/types\/page"}],"author":[{"embeddable":true,"href":"https:\/\/medicaltravel.ch\/tr\/wp-json\/wp\/v2\/users\/4"}],"replies":[{"embeddable":true,"href":"https:\/\/medicaltravel.ch\/tr\/wp-json\/wp\/v2\/comments?post=4888"}],"version-history":[{"count":2,"href":"https:\/\/medicaltravel.ch\/tr\/wp-json\/wp\/v2\/pages\/4888\/revisions"}],"predecessor-version":[{"id":6485,"href":"https:\/\/medicaltravel.ch\/tr\/wp-json\/wp\/v2\/pages\/4888\/revisions\/6485"}],"up":[{"embeddable":true,"href":"https:\/\/medicaltravel.ch\/tr\/wp-json\/wp\/v2\/pages\/4886"}],"wp:attachment":[{"href":"https:\/\/medicaltravel.ch\/tr\/wp-json\/wp\/v2\/media?parent=4888"}],"curies":[{"name":"wp","href":"https:\/\/api.w.org\/{rel}","templated":true}]}}