{"id":4894,"date":"2025-09-24T06:58:05","date_gmt":"2025-09-24T05:58:05","guid":{"rendered":"https:\/\/medicaltravel.ch\/hasta-raporlari\/patientenberichte-haartransplantation-tuerkei\/7-nisan-2011-tarihli-lazer-goez-ameliyati-deneyim-raporu-29-nisan-2011-cuma-tarihli-rapor\/"},"modified":"2026-01-12T20:04:38","modified_gmt":"2026-01-12T19:04:38","slug":"7-nisan-2011-tarihli-lazer-goez-ameliyati-deneyim-raporu-29-nisan-2011-cuma-tarihli-rapor","status":"publish","type":"page","link":"https:\/\/medicaltravel.ch\/tr\/hasta-raporlari\/turkiyede-sac-ekimi-hastalarinin-yorumlari\/7-nisan-2011-tarihli-lazer-goez-ameliyati-deneyim-raporu-29-nisan-2011-cuma-tarihli-rapor\/","title":{"rendered":"7 Nisan 2011 tarihli lazer g\u00f6z ameliyat\u0131 deneyim raporu \u2013 29 Nisan 2011 Cuma tarihli rapor"},"content":{"rendered":"\n<p>7 Nisan 2011 tarihli lazer g\u00f6z ameliyat\u0131 deneyim raporu \u2013 29 Nisan 2011 Cuma tarihli rapor<\/p>\n\n\n\n<p>Ameliyat Motivasyonu:<br>Asl\u0131nda g\u00f6z lazeri ameliyat\u0131 yapt\u0131rmay\u0131 hi\u00e7 d\u00fc\u015f\u00fcnmemi\u015ftim. \u00c7al\u0131\u015fma saatlerim tamamen bilgisayar ba\u015f\u0131nda ge\u00e7ti\u011fi i\u00e7in g\u00f6zl\u00fc\u011f\u00fc sadece araba kullan\u0131rken ve\/veya televizyon izlerken tak\u0131yordum. G\u00f6zl\u00fc\u011f\u00fcn d\u00fczeltme de\u011feri her iki g\u00f6zde -1,75\u2019ti. G\u00f6z lazeri fikri ameliyattan yakla\u015f\u0131k 5-6 hafta \u00f6nce geldi; bir arkada\u015f ziyareti s\u0131ras\u0131nda Kas\u0131m 2010\u2019da bunu yapt\u0131rm\u0131\u015f baz\u0131 tan\u0131d\u0131klarla kar\u015f\u0131la\u015ft\u0131m. Sonu\u00e7tan \u00e7ok memnundular ve bana da tavsiye ettiler.<br>Birka\u00e7 g\u00fcn i\u00e7inde internetten ara\u015ft\u0131rma yapmaya ba\u015flad\u0131m ve baz\u0131 videolar ile Swisslasik\u2019in internet sitesine ula\u015ft\u0131m. Ba\u015flang\u0131\u00e7ta problem, hangi Lasik y\u00f6nteminin en iyi ve g\u00f6zlerime en uygun oldu\u011funu belirlemekti. Birka\u00e7 g\u00fcn sonra, benim i\u00e7in sadece Femto-Lasik\u2019in uygun oldu\u011funa karar verdim.<br>Organizasyon:<br>\u0130lk ba\u015fta ameliyat\u0131 yaz tatilinden sonra yapt\u0131rmak istiyordum, ama konu beni o kadar heyecanland\u0131rd\u0131 ki daha fazla beklemek istemedim. Belki birka\u00e7 ay i\u00e7inde bu heyecan ge\u00e7ecek ve vazge\u00e7ecektim. Bu y\u00fczden Say\u0131n Karaagacli ile ileti\u015fime ge\u00e7tim ve m\u00fcmk\u00fcnse organizasyonu h\u0131zl\u0131 bir \u015fekilde yapmas\u0131n\u0131 rica ettim. Bana 7-10 Nisan tarihleri aras\u0131nda (yani bir hafta i\u00e7inde) her \u015feyin m\u00fcmk\u00fcn olabilece\u011fini s\u00f6yledi\u011finde \u00f6nce \u00e7ok \u015fa\u015f\u0131rd\u0131m, sonra da her \u015feyin h\u0131zl\u0131 ilerleyece\u011fi i\u00e7in \u00e7ok memnun oldum.<br>\u00d6n Muayene:<br>Bir \u00f6n muayene yapt\u0131rmad\u0131m; sadece \u0130svi\u00e7re\u2019deki bir lazer sa\u011flay\u0131c\u0131da 20 CHF\u2019lik k\u0131sa bir kontrol yapt\u0131rd\u0131m, Femto-Lasik i\u00e7in uygun olup olmad\u0131\u011f\u0131m\u0131 g\u00f6rmek ama\u00e7l\u0131.<br>Onay:<br>Seyahati yaz\u0131l\u0131 olarak Say\u0131n Karaagacli\u2019ye onaylay\u0131p, belirlenen \u00fccreti kendisine g\u00f6nderdikten birka\u00e7 g\u00fcn sonra Swisslasik-Pass\u2019\u0131 ald\u0131k.<br>Var\u0131\u015f G\u00fcn\u00fc:<br>U\u00e7u\u015fumuz saat 14:00\u2019te Z\u00fcrih\u2019ten \u0130stanbul\u2019a oldu, bu y\u00fczden o g\u00fcn dinlendik. (Ben ve erkek karde\u015fim birlikte gittik ve her ikimiz de g\u00f6zlerimizi lazerlettik.) Yakla\u015f\u0131k saat 18:00\u2019de \u0130stanbul\u2019a vard\u0131\u011f\u0131m\u0131zda, havaalan\u0131 \u00e7\u0131k\u0131\u015f\u0131nda ad\u0131m\u0131z yaz\u0131l\u0131 olarak bizi bekleyen kar\u015f\u0131lama ekibi vard\u0131. O ak\u015fam g\u00fczel bir restoranda yemek yedik ve Taksim b\u00f6lgesinde gezindik; tabii \u00e7ok ge\u00e7 kalmad\u0131k \u00e7\u00fcnk\u00fc ertesi g\u00fcn \u00f6n muayene ve ameliyat programdayd\u0131.<br>\u00d6n Muayene ve Ameliyat:<br>Saat 09:00\u2019da otelden al\u0131nmak \u00fczere anla\u015ft\u0131k ve Ac\u0131badem Hastanesi\u2019ne gittik. \u00d6n muayene \u00e7ok h\u0131zl\u0131 ge\u00e7ti; yakla\u015f\u0131k 1,5 saatte t\u00fcm testleri tamamlad\u0131k ve ameliyat\u0131 doktorla g\u00f6r\u00fc\u015ft\u00fck. Her \u015fey \u00e7ok iyi organize edilmi\u015fti ve doktor t\u00fcm s\u00fcreci detayl\u0131 ve sakin bir \u015fekilde anlatt\u0131.<br>\u00d6n muayene sonras\u0131 otele d\u00f6n\u00fcp \u00f6\u011fle yeme\u011fimizi yedik. Saat 15:30\u2019da tekrar al\u0131narak hastaneye g\u00f6t\u00fcr\u00fcld\u00fck ve 17:00\u2019de ameliyata girdik.<br>Ameliyat \u00e7ok iyi organize edilmi\u015fti; ekip \u00fcyeleri ne yapacaklar\u0131n\u0131 tam olarak biliyordu. Doktor, yapt\u0131\u011f\u0131 her ad\u0131m\u0131 bize anlatt\u0131 ve b\u00f6ylece biraz gerginli\u011fimiz azald\u0131.                    Ba\u015flang\u0131\u00e7ta g\u00f6zler lokal olarak uyu\u015fturuldu; bu normal g\u00f6z damlas\u0131 uygulamas\u0131ndan fark\u0131 olmayan bir i\u015flem ve neredeyse hi\u00e7 hissetmiyorsunuz. Ard\u0131ndan steril ameliyat k\u0131yafetleri giyerek ameliyathane \u00e7a\u011fr\u0131ld\u0131k; \u00f6nce ben, sonra erkek karde\u015fim.<br>Femto Kesim<br>Ameliyat s\u0131ras\u0131nda ger\u00e7ekten a\u011fr\u0131 yok. Femto kesim s\u0131ras\u0131nda sadece g\u00f6zde hafif bir bas\u0131n\u00e7 hissediliyor.<br>D\u00fczeltme<br>Femto kesimden sonra ben bir sonraki odaya al\u0131nd\u0131m; burada Excimer lazer ile d\u00fczeltme yap\u0131lacakt\u0131. Ben lazer alt\u0131nda yatarken, erkek karde\u015fimin Femto kesimi yap\u0131ld\u0131. Yakla\u015f\u0131k 10 dakika sonra doktor g\u00f6zlerimi lazerle tedavi etti. Orta k\u0131s\u0131mdaki ye\u015fil noktaya odaklanmak ger\u00e7ekten zor; \u00e7\u00fcnk\u00fc doktor s\u00fcrekli pupillay\u0131 bir aletle oynat\u0131yordu.<br>Ameliyat Sonras\u0131<br>Ameliyat sonras\u0131 bekleme odas\u0131na ge\u00e7tim ve erkek karde\u015fimi bekledim. Hemen steril plastik g\u00f6zl\u00fckler verildi; g\u00f6zleri enfeksiyondan korumak i\u00e7in. Ameliyattan 15 dakika ge\u00e7ti\u011finde ve erkek karde\u015fim h\u00e2l\u00e2 gelmedi\u011finde, ameliyathane i\u00e7inden doktorun y\u00fcksek sesini duyunca onun g\u00f6z ameliyat\u0131nda bir sorun oldu\u011funu fark ettim.<br>Yakla\u015f\u0131k 20 dakika sonra erkek karde\u015fim de \u00e7\u0131kt\u0131. Onun sa\u011f g\u00f6z\u00fcnde baz\u0131 komplikasyonlar olmu\u015ftu; ye\u015fil noktaya odaklanmakta zorlan\u0131nca lazer i\u015flemi s\u00fcrekli durdu veya kesildi. Doktor, e\u011fer b\u00f6yle devam ederse ameliyat\u0131 tamamen durdurabilece\u011fini s\u00f6ylemi\u015fti. Karde\u015fimin durumundan hemen rahats\u0131z oldu\u011funu fark ettik.<br>30 dakika sonra yap\u0131lan kontrol s\u0131ras\u0131nda doktora her \u015feyin yolunda olup olmad\u0131\u011f\u0131n\u0131 sordu\u011fumuzda, \u201cBunu yar\u0131n g\u00f6rece\u011fiz\u201d yan\u0131t\u0131n\u0131 verdi.<br>Ne yaz\u0131k ki hastane ile otel aras\u0131ndaki yol bizim i\u00e7in biraz uzun oldu; g\u00f6zlerimiz suland\u0131 ve neredeyse hi\u00e7bir \u015fey g\u00f6remiyorduk. Otelde arabadan indik ve h\u0131zla odaya ko\u015ftuk. Bu acele s\u0131ras\u0131nda g\u00f6zl\u00fcklerimizi arabada b\u0131rakt\u0131k ve bir daha bulunamad\u0131. Belki de bu, bir daha g\u00f6zl\u00fck takmamam\u0131z gerekti\u011finin bir i\u015faretiydi.<br>\u0130lk 4 saat kritik; g\u00f6zleri kapal\u0131 tutmak ve g\u00f6z damlalar\u0131n\u0131 her 2 saatte bir kullanmak gerekiyor. G\u00f6zler a\u00e7\u0131ld\u0131\u011f\u0131nda sulanma oluyor ve \u201ckum tanesi\u201d hissi vard\u0131. Bu s\u0131rada ger\u00e7ekten umuyordum ki erkek karde\u015fimde de her \u015fey yolunda gitmi\u015f olsun.<br>Yakla\u015f\u0131k 4 saat sonra g\u00f6zya\u015flar\u0131 durdu ve kum tanesi hissi azald\u0131. Ameliyat sonras\u0131 normal olan a\u015f\u0131r\u0131 \u0131\u015f\u0131k hassasiyeti vard\u0131. Saat 22:00 civar\u0131nda oldu ve g\u00f6zlerimizi dinlendirmek i\u00e7in uyumaya \u00e7al\u0131\u015ft\u0131k. Maalesef gece s\u0131rt \u00fcst\u00fc yatmak zorundayd\u0131k; bu y\u00fczden uyumak biraz zor oldu ama birka\u00e7 saat uyuyabildik.<br>Ertesi sabah uyand\u0131\u011f\u0131m\u0131zda, g\u00f6zl\u00fcks\u00fcz g\u00f6r\u00fc\u015f\u00fcm\u00fcz \u00e7ok daha netti.                       Erkek karde\u015fim, sa\u011f g\u00f6z\u00fcnde bir sorun olaca\u011f\u0131n\u0131 d\u00fc\u015f\u00fcnd\u00fc\u011f\u00fc halde, g\u00f6zlerinin ne kadar iyi g\u00f6rd\u00fc\u011f\u00fcne bile inanamad\u0131. Saat 09:00\u2019da doktor kontrol\u00fc vard\u0131 ve doktor her ikimize de her \u015feyin yolunda oldu\u011funu, ameliyat\u0131n ba\u015far\u0131l\u0131 ge\u00e7ti\u011fini onaylad\u0131. San\u0131r\u0131m doktor da erkek karde\u015fimin sa\u011f g\u00f6z\u00fcn\u00fcn de iyi oldu\u011funu g\u00f6rmekten \u00e7ok memnundu.<br>O g\u00fcn \u0130stanbul\u2019da hava g\u00fcne\u015fliydi, bu y\u00fczden g\u00fcne\u015f g\u00f6zl\u00fc\u011f\u00fc takmak zorundayd\u0131k ve t\u00fcm g\u00fcn\u00fc \u015fehirde dola\u015farak ve al\u0131\u015fveri\u015f yaparak ge\u00e7irdik. G\u00f6zlerimizi zorlamadan net g\u00f6rebilmek inan\u0131lmaz h\u0131zl\u0131 ger\u00e7ekle\u015fti.<br>D\u00f6n\u00fc\u015f, yani ameliyattan iki g\u00fcn sonra Pazar g\u00fcn\u00fcyd\u00fc; 13:00 civar\u0131nda Z\u00fcrih\u2019e vard\u0131k.<br>Ameliyattan Sonraki G\u00fcnler<br>Ameliyattan sonraki ilk g\u00fcnlerde g\u00f6zler \u00e7ok kuruyor; bu y\u00fczden yapay g\u00f6z damlalar\u0131n\u0131 kullanmak \u00f6neriliyor. Ayr\u0131ca ilk haftalarda a\u015f\u0131r\u0131 \u0131\u015f\u0131k hassasiyeti oluyor, bu y\u00fczden gece araba kullanmak m\u00fcmk\u00fcn de\u011fil. \u015eimdi ameliyattan \u00fc\u00e7 hafta ge\u00e7ti ve \u0131\u015f\u0131k hassasiyetinin azald\u0131\u011f\u0131n\u0131 fark ediyoruz.<br>Herkese ameliyattan \u00f6nce bir g\u00f6z doktoru bulmalar\u0131n\u0131 tavsiye ederim; \u00e7\u00fcnk\u00fc kontrol i\u00e7in randevu almak ger\u00e7ekten \u00e7ok zor. Yurt d\u0131\u015f\u0131nda lazer yapt\u0131rd\u0131\u011f\u0131m\u0131 s\u00f6yledi\u011fimde \u00e7o\u011fu g\u00f6z doktoru kontrol randevusu vermeyi reddetti.<br>Vedis firmas\u0131yla birka\u00e7 kez sorun ya\u015fad\u0131m; \u00e7\u00fcnk\u00fc s\u00fcrekli inatla reddediyor ve bana hep rakip firmada yapt\u0131rmam\u0131 \u00f6neriyorlard\u0131. K\u0131sa kontrolleri bile yapmay\u0131 kabul etmediler; bu nedenle onlardan uzak durman\u0131z\u0131 tavsiye ederim.<br>Swisslasik, Bern, Z\u00fcrih ve Arbon\u2019daki g\u00f6z doktorlar\u0131yla ileti\u015fim halinde. Ancak Say\u0131n Karaagacli\u2019ye sadece Z\u00fcrih\u2019teki g\u00f6z doktorunun ad\u0131n\u0131 ve adresini sorunca bunu vermeyi reddetti. Belki Swisslasik\u2019in geli\u015ftirebilece\u011fi bir nokta bu.<br>Sonu\u00e7 olarak, g\u00f6zlerimizi \u0130stanbul\u2019da ameliyat ettirme karar\u0131 ger\u00e7ekten \u00e7ok iyi bir karard\u0131 ve bunu herkese tavsiye ederim. Hayat\u0131m\u0131z tamamen de\u011fi\u015fti ve asl\u0131nda ameliyattan sonraki sadece d\u00f6rt saatlik zorluk, hayat boyu s\u00fcrecek bu rahatl\u0131\u011f\u0131n yan\u0131nda hi\u00e7bir \u015fey.<br>Ferdi Mehmeti               <\/p>\n\n\n\n<div class=\"wp-block-group is-layout-grid wp-container-core-group-is-layout-baef362d wp-block-group-is-layout-grid\">\n<p><a href=\"https:\/\/medicaltravel.at\/home\/agb\/\" data-type=\"page\" data-id=\"2191\" rel=\"nofollow noopener\" target=\"_blank\"><\/a><a href=\"https:\/\/medicaltravel.ch\/tr\/hasta-raporlari\/turkiyede-sac-ekimi-hastalarinin-yorumlari\/yeni-kazanilan-yasam-kalitesi-21-mayis-2011-cumartesi-tarihli-rapor\/\" data-type=\"link\" data-id=\"https:\/\/medicaltravel.ch\/tr\/hasta-raporlari\/turkiyede-sac-ekimi-hastalarinin-yorumlari\/yeni-kazanilan-yasam-kalitesi-21-mayis-2011-cumartesi-tarihli-rapor\/\">\u00d6nceki rapor<\/a><\/p>\n\n\n\n<p class=\"has-text-align-right wp-container-content-5e2576f9\"><a href=\"https:\/\/medicaltravel.at\/home\/impressum\/\" data-type=\"page\" data-id=\"2193\" rel=\"nofollow noopener\" target=\"_blank\"><\/a><a href=\"https:\/\/medicaltravel.at\/home\/berichte-von-patienten\/erfahrungsberichte\/erfahrungsbericht-zahnbehandlung-in-istanbul\/\" data-type=\"page\" data-id=\"981\" rel=\"nofollow noopener\" target=\"_blank\"><\/a><a href=\"https:\/\/medicaltravel.ch\/tr\/hasta-raporlari\/turkiyede-sac-ekimi-hastalarinin-yorumlari\/deneyim-raporu-istanbulda-lasik-ameliyati-mart-2011-11-nisan-2011-pazartesi-tarihli-rapor-2\/\" data-type=\"link\" data-id=\"https:\/\/medicaltravel.ch\/tr\/hasta-raporlari\/turkiyede-sac-ekimi-hastalarinin-yorumlari\/deneyim-raporu-istanbulda-lasik-ameliyati-mart-2011-11-nisan-2011-pazartesi-tarihli-rapor-2\/\">Sonraki rapor<\/a><\/p>\n<\/div>\n","protected":false},"excerpt":{"rendered":"<p>7 Nisan 2011 tarihli lazer g\u00f6z ameliyat\u0131 deneyim raporu \u2013 29 Nisan 2011 Cuma tarihli rapor Ameliyat Motivasyonu:Asl\u0131nda g\u00f6z lazeri ameliyat\u0131 yapt\u0131rmay\u0131 hi\u00e7 d\u00fc\u015f\u00fcnmemi\u015ftim. \u00c7al\u0131\u015fma saatlerim tamamen bilgisayar ba\u015f\u0131nda ge\u00e7ti\u011fi i\u00e7in g\u00f6zl\u00fc\u011f\u00fc sadece araba kullan\u0131rken ve\/veya televizyon izlerken tak\u0131yordum. G\u00f6zl\u00fc\u011f\u00fcn d\u00fczeltme de\u011feri her iki g\u00f6zde -1,75\u2019ti. G\u00f6z lazeri fikri ameliyattan yakla\u015f\u0131k 5-6 hafta \u00f6nce geldi; bir arkada\u015f ziyareti s\u0131ras\u0131nda Kas\u0131m 2010\u2019da bunu yapt\u0131rm\u0131\u015f baz\u0131 tan\u0131d\u0131klarla kar\u015f\u0131la\u015ft\u0131m. Sonu\u00e7tan \u00e7ok memnundular ve bana da tavsiye ettiler.Birka\u00e7 g\u00fcn i\u00e7inde internetten ara\u015ft\u0131rma yapmaya ba\u015flad\u0131m ve baz\u0131 videolar ile Swisslasik\u2019in internet sitesine ula\u015ft\u0131m. Ba\u015flang\u0131\u00e7ta problem, hangi Lasik y\u00f6nteminin en iyi ve g\u00f6zlerime en uygun oldu\u011funu belirlemekti. Birka\u00e7 g\u00fcn sonra, benim i\u00e7in sadece Femto-Lasik\u2019in uygun oldu\u011funa karar verdim.Organizasyon:\u0130lk ba\u015fta ameliyat\u0131 yaz tatilinden sonra yapt\u0131rmak istiyordum, ama konu beni o kadar heyecanland\u0131rd\u0131 ki daha fazla beklemek istemedim. Belki birka\u00e7 ay i\u00e7inde bu heyecan ge\u00e7ecek ve vazge\u00e7ecektim. Bu y\u00fczden Say\u0131n Karaagacli ile ileti\u015fime ge\u00e7tim ve m\u00fcmk\u00fcnse organizasyonu h\u0131zl\u0131 bir \u015fekilde yapmas\u0131n\u0131 rica ettim. Bana 7-10 Nisan tarihleri aras\u0131nda (yani bir hafta i\u00e7inde) her \u015feyin m\u00fcmk\u00fcn olabilece\u011fini s\u00f6yledi\u011finde \u00f6nce \u00e7ok \u015fa\u015f\u0131rd\u0131m, sonra da her \u015feyin h\u0131zl\u0131 ilerleyece\u011fi i\u00e7in \u00e7ok memnun oldum.\u00d6n Muayene:Bir \u00f6n muayene yapt\u0131rmad\u0131m; sadece \u0130svi\u00e7re\u2019deki bir lazer sa\u011flay\u0131c\u0131da 20 CHF\u2019lik k\u0131sa bir kontrol yapt\u0131rd\u0131m, Femto-Lasik i\u00e7in uygun olup olmad\u0131\u011f\u0131m\u0131 g\u00f6rmek ama\u00e7l\u0131.Onay:Seyahati yaz\u0131l\u0131 olarak Say\u0131n Karaagacli\u2019ye onaylay\u0131p, belirlenen \u00fccreti kendisine g\u00f6nderdikten birka\u00e7 g\u00fcn sonra Swisslasik-Pass\u2019\u0131 ald\u0131k.Var\u0131\u015f G\u00fcn\u00fc:U\u00e7u\u015fumuz saat 14:00\u2019te Z\u00fcrih\u2019ten \u0130stanbul\u2019a oldu, bu y\u00fczden o g\u00fcn dinlendik. (Ben ve erkek karde\u015fim birlikte gittik ve her ikimiz de g\u00f6zlerimizi lazerlettik.) Yakla\u015f\u0131k saat 18:00\u2019de \u0130stanbul\u2019a vard\u0131\u011f\u0131m\u0131zda, havaalan\u0131 \u00e7\u0131k\u0131\u015f\u0131nda ad\u0131m\u0131z yaz\u0131l\u0131 olarak bizi bekleyen kar\u015f\u0131lama ekibi vard\u0131. O ak\u015fam g\u00fczel bir restoranda yemek yedik ve Taksim b\u00f6lgesinde gezindik; tabii \u00e7ok ge\u00e7 kalmad\u0131k \u00e7\u00fcnk\u00fc ertesi g\u00fcn \u00f6n muayene ve ameliyat programdayd\u0131.\u00d6n Muayene ve Ameliyat:Saat 09:00\u2019da otelden al\u0131nmak \u00fczere anla\u015ft\u0131k ve Ac\u0131badem Hastanesi\u2019ne gittik. \u00d6n muayene \u00e7ok h\u0131zl\u0131 ge\u00e7ti; yakla\u015f\u0131k 1,5 saatte t\u00fcm testleri tamamlad\u0131k ve ameliyat\u0131 doktorla g\u00f6r\u00fc\u015ft\u00fck. Her \u015fey \u00e7ok iyi organize edilmi\u015fti ve doktor t\u00fcm s\u00fcreci detayl\u0131 ve sakin bir \u015fekilde anlatt\u0131.\u00d6n muayene sonras\u0131 otele d\u00f6n\u00fcp \u00f6\u011fle yeme\u011fimizi yedik. Saat 15:30\u2019da tekrar al\u0131narak hastaneye g\u00f6t\u00fcr\u00fcld\u00fck ve 17:00\u2019de ameliyata girdik.Ameliyat \u00e7ok iyi organize edilmi\u015fti; ekip \u00fcyeleri ne yapacaklar\u0131n\u0131 tam olarak biliyordu. Doktor, yapt\u0131\u011f\u0131 her ad\u0131m\u0131 bize anlatt\u0131 ve b\u00f6ylece biraz gerginli\u011fimiz azald\u0131. Ba\u015flang\u0131\u00e7ta g\u00f6zler lokal olarak uyu\u015fturuldu; bu normal g\u00f6z damlas\u0131 uygulamas\u0131ndan fark\u0131 olmayan bir i\u015flem ve neredeyse hi\u00e7 hissetmiyorsunuz. Ard\u0131ndan steril ameliyat k\u0131yafetleri giyerek ameliyathane \u00e7a\u011fr\u0131ld\u0131k; \u00f6nce ben, sonra erkek karde\u015fim.Femto KesimAmeliyat s\u0131ras\u0131nda ger\u00e7ekten a\u011fr\u0131 yok. Femto kesim s\u0131ras\u0131nda sadece g\u00f6zde hafif bir bas\u0131n\u00e7 hissediliyor.D\u00fczeltmeFemto kesimden sonra ben bir sonraki odaya al\u0131nd\u0131m; burada Excimer lazer ile d\u00fczeltme yap\u0131lacakt\u0131. Ben lazer alt\u0131nda yatarken, erkek karde\u015fimin Femto kesimi yap\u0131ld\u0131. Yakla\u015f\u0131k 10 dakika sonra doktor g\u00f6zlerimi lazerle tedavi etti. Orta k\u0131s\u0131mdaki ye\u015fil noktaya odaklanmak ger\u00e7ekten zor; \u00e7\u00fcnk\u00fc doktor s\u00fcrekli pupillay\u0131 bir aletle oynat\u0131yordu.Ameliyat Sonras\u0131Ameliyat sonras\u0131 bekleme odas\u0131na ge\u00e7tim ve erkek karde\u015fimi bekledim. Hemen steril plastik g\u00f6zl\u00fckler verildi; g\u00f6zleri enfeksiyondan korumak i\u00e7in. Ameliyattan 15 dakika ge\u00e7ti\u011finde ve erkek karde\u015fim h\u00e2l\u00e2 gelmedi\u011finde, ameliyathane i\u00e7inden doktorun y\u00fcksek sesini duyunca onun g\u00f6z ameliyat\u0131nda bir sorun oldu\u011funu fark ettim.Yakla\u015f\u0131k 20 dakika sonra erkek karde\u015fim de \u00e7\u0131kt\u0131. Onun sa\u011f g\u00f6z\u00fcnde baz\u0131 komplikasyonlar olmu\u015ftu; ye\u015fil noktaya odaklanmakta zorlan\u0131nca lazer i\u015flemi s\u00fcrekli durdu veya kesildi. Doktor, e\u011fer b\u00f6yle devam ederse ameliyat\u0131 tamamen durdurabilece\u011fini s\u00f6ylemi\u015fti. Karde\u015fimin durumundan hemen rahats\u0131z oldu\u011funu fark ettik.30 dakika sonra yap\u0131lan kontrol s\u0131ras\u0131nda doktora her \u015feyin yolunda olup olmad\u0131\u011f\u0131n\u0131 sordu\u011fumuzda, \u201cBunu yar\u0131n g\u00f6rece\u011fiz\u201d yan\u0131t\u0131n\u0131 verdi.Ne yaz\u0131k ki hastane ile otel aras\u0131ndaki yol bizim i\u00e7in biraz uzun oldu; g\u00f6zlerimiz suland\u0131 ve neredeyse hi\u00e7bir \u015fey g\u00f6remiyorduk. Otelde arabadan indik ve h\u0131zla odaya ko\u015ftuk. Bu acele s\u0131ras\u0131nda g\u00f6zl\u00fcklerimizi arabada b\u0131rakt\u0131k ve bir daha bulunamad\u0131. Belki de bu, bir daha g\u00f6zl\u00fck takmamam\u0131z gerekti\u011finin bir i\u015faretiydi.\u0130lk 4 saat kritik; g\u00f6zleri kapal\u0131 tutmak ve g\u00f6z damlalar\u0131n\u0131 her 2 saatte bir kullanmak gerekiyor. G\u00f6zler a\u00e7\u0131ld\u0131\u011f\u0131nda sulanma oluyor ve \u201ckum tanesi\u201d hissi vard\u0131. Bu s\u0131rada ger\u00e7ekten umuyordum ki erkek karde\u015fimde de her \u015fey yolunda gitmi\u015f olsun.Yakla\u015f\u0131k 4 saat sonra g\u00f6zya\u015flar\u0131 durdu ve kum tanesi hissi azald\u0131. Ameliyat sonras\u0131 normal olan a\u015f\u0131r\u0131 \u0131\u015f\u0131k hassasiyeti vard\u0131. Saat 22:00 civar\u0131nda oldu ve g\u00f6zlerimizi dinlendirmek i\u00e7in uyumaya \u00e7al\u0131\u015ft\u0131k. Maalesef gece s\u0131rt \u00fcst\u00fc yatmak zorundayd\u0131k; bu y\u00fczden uyumak biraz zor oldu ama birka\u00e7 saat uyuyabildik.Ertesi sabah uyand\u0131\u011f\u0131m\u0131zda, g\u00f6zl\u00fcks\u00fcz g\u00f6r\u00fc\u015f\u00fcm\u00fcz \u00e7ok daha netti. Erkek karde\u015fim, sa\u011f g\u00f6z\u00fcnde bir sorun olaca\u011f\u0131n\u0131 d\u00fc\u015f\u00fcnd\u00fc\u011f\u00fc halde, g\u00f6zlerinin ne kadar iyi g\u00f6rd\u00fc\u011f\u00fcne bile inanamad\u0131. Saat 09:00\u2019da doktor kontrol\u00fc vard\u0131 ve doktor her ikimize de her \u015feyin yolunda oldu\u011funu, ameliyat\u0131n ba\u015far\u0131l\u0131 ge\u00e7ti\u011fini onaylad\u0131. San\u0131r\u0131m doktor da erkek karde\u015fimin sa\u011f g\u00f6z\u00fcn\u00fcn de iyi oldu\u011funu g\u00f6rmekten \u00e7ok memnundu.O g\u00fcn \u0130stanbul\u2019da hava g\u00fcne\u015fliydi, bu y\u00fczden g\u00fcne\u015f g\u00f6zl\u00fc\u011f\u00fc takmak zorundayd\u0131k ve t\u00fcm g\u00fcn\u00fc \u015fehirde dola\u015farak ve al\u0131\u015fveri\u015f yaparak ge\u00e7irdik. G\u00f6zlerimizi zorlamadan net g\u00f6rebilmek inan\u0131lmaz h\u0131zl\u0131 ger\u00e7ekle\u015fti.D\u00f6n\u00fc\u015f, yani ameliyattan iki g\u00fcn sonra Pazar g\u00fcn\u00fcyd\u00fc; 13:00 civar\u0131nda Z\u00fcrih\u2019e vard\u0131k.Ameliyattan Sonraki G\u00fcnlerAmeliyattan sonraki ilk g\u00fcnlerde g\u00f6zler \u00e7ok kuruyor; bu y\u00fczden yapay g\u00f6z damlalar\u0131n\u0131 kullanmak \u00f6neriliyor. Ayr\u0131ca ilk haftalarda a\u015f\u0131r\u0131 \u0131\u015f\u0131k hassasiyeti oluyor, bu y\u00fczden gece araba kullanmak m\u00fcmk\u00fcn de\u011fil. \u015eimdi ameliyattan \u00fc\u00e7 hafta ge\u00e7ti ve \u0131\u015f\u0131k hassasiyetinin azald\u0131\u011f\u0131n\u0131 fark ediyoruz.Herkese ameliyattan \u00f6nce bir g\u00f6z doktoru bulmalar\u0131n\u0131 tavsiye ederim; \u00e7\u00fcnk\u00fc kontrol i\u00e7in randevu almak ger\u00e7ekten \u00e7ok zor. Yurt d\u0131\u015f\u0131nda lazer yapt\u0131rd\u0131\u011f\u0131m\u0131 s\u00f6yledi\u011fimde \u00e7o\u011fu g\u00f6z doktoru kontrol randevusu vermeyi reddetti.Vedis firmas\u0131yla birka\u00e7 kez sorun ya\u015fad\u0131m; \u00e7\u00fcnk\u00fc s\u00fcrekli inatla reddediyor ve bana hep rakip firmada yapt\u0131rmam\u0131 \u00f6neriyorlard\u0131. K\u0131sa kontrolleri bile yapmay\u0131 kabul etmediler; bu nedenle onlardan uzak durman\u0131z\u0131 tavsiye ederim.Swisslasik, Bern, Z\u00fcrih ve Arbon\u2019daki g\u00f6z doktorlar\u0131yla ileti\u015fim halinde. Ancak Say\u0131n Karaagacli\u2019ye sadece Z\u00fcrih\u2019teki g\u00f6z doktorunun ad\u0131n\u0131 ve adresini sorunca bunu vermeyi reddetti. Belki Swisslasik\u2019in geli\u015ftirebilece\u011fi bir nokta bu.Sonu\u00e7 olarak, g\u00f6zlerimizi \u0130stanbul\u2019da ameliyat ettirme karar\u0131 ger\u00e7ekten \u00e7ok iyi bir karard\u0131 ve bunu herkese tavsiye ederim. Hayat\u0131m\u0131z tamamen de\u011fi\u015fti ve asl\u0131nda ameliyattan sonraki sadece d\u00f6rt saatlik zorluk, hayat boyu s\u00fcrecek bu rahatl\u0131\u011f\u0131n yan\u0131nda hi\u00e7bir \u015fey.Ferdi Mehmeti \u00d6nceki rapor Sonraki rapor<\/p>\n","protected":false},"author":4,"featured_media":0,"parent":4886,"menu_order":0,"comment_status":"closed","ping_status":"closed","template":"","meta":{"_joinchat":[],"footnotes":""},"class_list":["post-4894","page","type-page","status-publish","hentry"],"acf":[],"_links":{"self":[{"href":"https:\/\/medicaltravel.ch\/tr\/wp-json\/wp\/v2\/pages\/4894","targetHints":{"allow":["GET"]}}],"collection":[{"href":"https:\/\/medicaltravel.ch\/tr\/wp-json\/wp\/v2\/pages"}],"about":[{"href":"https:\/\/medicaltravel.ch\/tr\/wp-json\/wp\/v2\/types\/page"}],"author":[{"embeddable":true,"href":"https:\/\/medicaltravel.ch\/tr\/wp-json\/wp\/v2\/users\/4"}],"replies":[{"embeddable":true,"href":"https:\/\/medicaltravel.ch\/tr\/wp-json\/wp\/v2\/comments?post=4894"}],"version-history":[{"count":0,"href":"https:\/\/medicaltravel.ch\/tr\/wp-json\/wp\/v2\/pages\/4894\/revisions"}],"up":[{"embeddable":true,"href":"https:\/\/medicaltravel.ch\/tr\/wp-json\/wp\/v2\/pages\/4886"}],"wp:attachment":[{"href":"https:\/\/medicaltravel.ch\/tr\/wp-json\/wp\/v2\/media?parent=4894"}],"curies":[{"name":"wp","href":"https:\/\/api.w.org\/{rel}","templated":true}]}}