{"id":4896,"date":"2025-09-24T06:59:20","date_gmt":"2025-09-24T05:59:20","guid":{"rendered":"https:\/\/medicaltravel.ch\/hasta-raporlari\/patientenberichte-haartransplantation-tuerkei\/marcel-kaufmann-tarafindan-14-ocak-2011-tarihinde-gerceklestirilen-lasik-goez-ameliyatina-iliskin-deneyim-raporu-16-subat-2011-carsamba-tarihli-rapor\/"},"modified":"2026-01-12T20:06:21","modified_gmt":"2026-01-12T19:06:21","slug":"marcel-kaufmann-tarafindan-14-ocak-2011-tarihinde-gerceklestirilen-lasik-goez-ameliyatina-iliskin-deneyim-raporu-16-subat-2011-carsamba-tarihli-rapor","status":"publish","type":"page","link":"https:\/\/medicaltravel.ch\/tr\/hasta-raporlari\/turkiyede-sac-ekimi-hastalarinin-yorumlari\/marcel-kaufmann-tarafindan-14-ocak-2011-tarihinde-gerceklestirilen-lasik-goez-ameliyatina-iliskin-deneyim-raporu-16-subat-2011-carsamba-tarihli-rapor\/","title":{"rendered":"Marcel Kaufmann taraf\u0131ndan 14 Ocak 2011 tarihinde ger\u00e7ekle\u015ftirilen LASIK g\u00f6z ameliyat\u0131na ili\u015fkin deneyim raporu \u2013 16 \u015eubat 2011 \u00c7ar\u015famba tarihli rapor"},"content":{"rendered":"\n<p>Marcel Kaufmann taraf\u0131ndan 14 Ocak 2011 tarihinde ger\u00e7ekle\u015ftirilen LASIK g\u00f6z ameliyat\u0131na ili\u015fkin deneyim raporu \u2013 16 \u015eubat 2011 \u00c7ar\u015famba tarihli rapor<\/p>\n\n\n\n<p>Yakla\u015f\u0131k yedi ya\u015f\u0131mdan itibaren daha az ya da \u00e7ok s\u00fcrekli g\u00f6rme d\u00fczeltici kullanmak zorundayd\u0131m; 12 ya\u015f civar\u0131nda g\u00f6zl\u00fcks\u00fcz yapamaz oldum. Camlar\u0131n bu\u011fulanmas\u0131 veya kirlenmesi, kontakt lenslerin rahats\u0131z edici veya zahmetli olmas\u0131 ve di\u011fer \u00e7e\u015fitli sebepler, miyop ve astigmatizmim nedeniyle beni s\u00fcrekli rahats\u0131z ediyordu.<br>Son d\u00f6nemlerde miyopim yakla\u015f\u0131k 5 diyoptriye, astigmatizmim ise 3,5 diyoptriye ula\u015fm\u0131\u015ft\u0131 ve bu hi\u00e7 az de\u011fildi. \u00d6yle ki, e\u011fer ak\u015fam g\u00f6zl\u00fc\u011f\u00fc nereye koydu\u011fumu dikkatlice hat\u0131rlamazsam, sabah g\u00f6zl\u00fc\u011f\u00fc bulmak zorunda kal\u0131yordum.<br>Neyse ki son y\u0131llarda t\u0131p \u00e7ok ilerledi ve art\u0131k lazerle bir\u00e7ok d\u00fczeltme yap\u0131labiliyor. Karde\u015fim 12 y\u0131l \u00f6nce Almanya\u2019da g\u00f6zlerini lazerlettirmi\u015fti ve h\u00e2l\u00e2 \u00e7ok memnun. O zamandan beri benim de en b\u00fcy\u00fck iste\u011fim g\u00f6zl\u00fck ve lensleri b\u0131rakmakt\u0131; ancak finansal ve ailevi sebeplerle hep ertelendi. \u0130svi\u00e7re\u2019de normal bir ameliyat h\u00e2l\u00e2 6.000\u20139.000 CHF civar\u0131nda ve \u00e7o\u011fu zaman sa\u011fl\u0131k sigortas\u0131 bunu kar\u015f\u0131lam\u0131yor.<br>Bir y\u0131l \u00f6nce k\u0131z karde\u015fim de Swisslasik ile \u0130stanbul\u2019da ameliyat olmu\u015f ve bana sadece olumlu \u015feyler anlatm\u0131\u015ft\u0131. Fiyat\u0131 sordu\u011fumda karar vermem sadece birka\u00e7 dakika s\u00fcrd\u00fc \u2013 ben de sonunda yapt\u0131rmaya karar verdim!<br>Birka\u00e7 g\u00fcn boyunca bilgilendirici web sitesini inceledim, prosed\u00fcr hakk\u0131nda detayl\u0131 bilgi edindim ve bu yeni bilgilerle ameliyata haz\u0131r h\u00e2le geldim.<br>Cuma g\u00fcn\u00fc Swisslasik\u2019e ilk e-postay\u0131 g\u00f6ndererek bo\u015f tarihleri sordum ve k\u0131sa s\u00fcre sonra yan\u0131t geldi, birka\u00e7 g\u00fcn i\u00e7inde uygun tarih vard\u0131. Birka\u00e7 e-postadan sonra her \u015fey netle\u015fti, \u00f6demeyi online yapt\u0131m ve \u00e7\u0131k\u0131\u015f tarihim ertesi hafta Per\u015fembe olarak belirlendi.<br>\u00d6n muayene yapt\u0131rmad\u0131m \u00e7\u00fcnk\u00fc karde\u015flerimde de sorunsuz ge\u00e7ti\u011fini g\u00f6r\u00fcnce gerek olmad\u0131\u011f\u0131n\u0131 d\u00fc\u015f\u00fcnd\u00fcm. Belki de bu y\u00fczden daha sonra gidip gitmemem gerekti\u011fini fark edemedim. Sadece standart paketi se\u00e7tim; bu da iyi bir karar oldu.<br>Belirlenen Per\u015fembe g\u00fcn\u00fc trenle havaalan\u0131na gittim (sonra ne g\u00f6rece\u011fim bilinmez), kimlik ile \u00f6nceden al\u0131nm\u0131\u015f bileti ald\u0131m ve T\u00fcrkiye\u2019ye do\u011fru yola \u00e7\u0131kt\u0131m. \u0130stanbul\u2019a var\u0131nca bir s\u00fcre kar\u015f\u0131lama ekibini bekledim; ekip, bir saat \u00f6nce inmi\u015f ba\u015fka yolcular\u0131 \u015fehirde b\u0131rak\u0131yordu. K\u0131sa s\u00fcre sonra bizi al\u0131p g\u00fcvenli bir \u015fekilde otele g\u00f6t\u00fcrd\u00fcler.<br>Var\u0131\u015f ak\u015fam\u0131 biraz \u015fehir turu yapt\u0131m (hala g\u00f6zl\u00fckle), ak\u015fam yeme\u011fi yedik ve \u00e7e\u015fitli sevimli ama \u0131srarc\u0131 sat\u0131c\u0131larla al\u0131\u015fmaya ba\u015flad\u0131k.<br>Cuma sabah\u0131 kahvalt\u0131 sonras\u0131 klinik \u00e7al\u0131\u015fan\u0131 bizi ald\u0131; t\u00fcm hastalar bir araya geldikten k\u0131sa s\u00fcre sonra klini\u011fe vard\u0131k. Sabah, bekleme, muayeneler, hesaplamalar ve doktorla g\u00f6r\u00fc\u015fmelerle ge\u00e7ti.                      Sonras\u0131nda, korneam\u0131n tam d\u00fczeltme i\u00e7in biraz ince oldu\u011fu ortaya \u00e7\u0131kt\u0131. Doktor, yakla\u015f\u0131k 0,5 diyoptri kadar astigmatizmin kalabilece\u011fini s\u00f6yledi. Evet, biraz \u015fa\u015f\u0131rd\u0131m ama benim i\u00e7in motto zaten: \u00d6nemli olan \u00f6nceki durumdan daha iyi g\u00f6rmekti. Zamanla h\u00e2l\u00e2 g\u00f6zl\u00fck gerekip gerekmedi\u011fi, birka\u00e7 ay veya hatta birka\u00e7 y\u0131l i\u00e7inde anla\u015f\u0131lacak.<br>Ayr\u0131ca bu durum, standart paketi se\u00e7memin do\u011fru bir karar oldu\u011funu da do\u011frulad\u0131; \u00e7\u00fcnk\u00fc ileride b\u00fcy\u00fck olas\u0131l\u0131kla ikinci bir ameliyat m\u00fcmk\u00fcn olmayacakt\u0131.<br>Bu muayenelerden sonra biraz g\u00fc\u00e7lenmek i\u00e7in \u00f6\u011fle yeme\u011fi zaman\u0131 geldi; ameliyata a\u00e7 gitmemek gerekiyordu. \u00d6\u011fleden sonra t\u00fcm hastalar tekrar klini\u011fe geldi, birka\u00e7 yanan g\u00f6z damlas\u0131ndan sonra (bu arada ameliyatta tek ger\u00e7ekten ac\u0131 veren \u015fey bu oldu) bir kat yukar\u0131 \u00e7\u0131kar\u0131ld\u0131k ve art\u0131k psikolojik olarak ameliyata haz\u0131rlanabildik.<br>Ameliyathane girdi\u011fimde, pencerenin kenar\u0131ndan son \u201chasta\u201dy\u0131 g\u00f6rebildim; ama \u00e7\u0131\u011fl\u0131k ya da benzeri bir \u015fey duymad\u0131m, yani o kadar da k\u00f6t\u00fc olamazd\u0131. Y\u00fcz\u00fc y\u0131kamak, ba\u015fl\u0131k takmak ve ameliyathane i\u00e7in haz\u0131rd\u0131m.<br>OP\u2019ye \u00e7a\u011fr\u0131ld\u0131m, masaya uzand\u0131m ve \u00f6nce bir g\u00f6z\u00fcm kapat\u0131ld\u0131, folyo kesildi ve g\u00f6z\u00fc a\u00e7\u0131k tutan halka tak\u0131ld\u0131. Bundan sonra s\u00fcrekli yan\u0131p s\u00f6nen ye\u015fil noktaya bakmam gerekiyordu. Ayr\u0131ca k\u0131rm\u0131z\u0131 noktalarla olu\u015fmu\u015f bir a\u011f deseni h\u00e2l\u00e2 g\u00f6r\u00fcn\u00fcyordu; bunlar muhtemelen g\u00f6z\u00fcn ameliyat s\u0131ras\u0131nda \u00f6l\u00e7\u00fclmesi i\u00e7in kullan\u0131l\u0131yordu.<br>\u0130lk olarak korneaya kesi yap\u0131ld\u0131; g\u00f6zde dikey ve yan bas\u0131n\u00e7 nedeniyle biraz rahats\u0131z edici olsa da, uyu\u015fturuldu\u011fu i\u00e7in pek ac\u0131 vermedi. Kesi a\u00e7\u0131ld\u0131ktan sonra lazer devreye girdi, birka\u00e7 saniye i\u00e7inde nokta nokta i\u015flem yapt\u0131 ve fazla korneay\u0131 yok etti. Ard\u0131ndan g\u00f6z y\u0131kand\u0131, kesi tekrar kapat\u0131ld\u0131 ve bast\u0131r\u0131ld\u0131. Zaten her \u015fey al\u0131\u015ft\u0131\u011f\u0131mdan \u00e7ok daha net g\u00f6r\u00fcn\u00fcyordu.<br>Ayn\u0131 i\u015flem ikinci g\u00f6z i\u00e7in de yap\u0131ld\u0131 ve yakla\u015f\u0131k 15 dakika sonra kendi ayaklar\u0131m \u00fczerinde dinlenme odas\u0131na gidebildim; g\u00f6zler biraz toparlan\u0131yordu. K\u0131sa s\u00fcre sonra genel klinik alan\u0131na d\u00f6nd\u00fcm; TV\u2019deki altyaz\u0131lar\u0131 bile okuyabiliyordum.<br>\u0130lk kontrol ve doktorla g\u00f6r\u00fc\u015fmeden sonra do\u011frudan otele gittik; oda servisi ak\u015fam yeme\u011fini getirdi. Biraz uyumaya \u00e7al\u0131\u015ft\u0131m, g\u00f6z damlalar\u0131n\u0131 d\u00fczenli kulland\u0131m ve yakla\u015f\u0131k 6 saat sonra art\u0131k neredeyse hi\u00e7 a\u011fr\u0131 hissetmiyordum. Ertesi g\u00fcn tekrar bir kontrol yap\u0131ld\u0131 ve beklenmedik bir durum yoktu.<br>B\u00f6ylece nihayet klinikten tamamen taburcu oldum ve \u0130stanbul\u2019da biraz dola\u015f\u0131p yeni g\u00f6rme yetene\u011fimin tad\u0131n\u0131 \u00e7\u0131karabildim. Pazar g\u00fcn\u00fc \u0130svi\u00e7re\u2019ye d\u00f6n\u00fc\u015f yapt\u0131m; her \u015fey planland\u0131\u011f\u0131 gibi ger\u00e7ekle\u015fti.<br>Art\u0131k 42 ya\u015f\u0131nda, g\u00f6zl\u00fc\u011f\u00fcmden tamamen kurtuldum ve her g\u00fcn\u00fc yeni g\u00f6rme yetene\u011fimle keyifle ya\u015f\u0131yorum, her ne kadar g\u00f6r\u00fc\u015f her zaman m\u00fckemmel olmasa da.                        Bir s\u00fcre h\u00e2l\u00e2 \u00e7e\u015fitli g\u00f6z damlalar\u0131na ihtiya\u00e7 var ve baz\u0131 \u015feyler hen\u00fcz yap\u0131lmamal\u0131. Ameliyattan sonraki ilk hafta \u00e7ok yorucuydu; \u00f6zellikle bilgisayarda \u00e7al\u0131\u015fmak veya yak\u0131ndaki k\u00fc\u00e7\u00fck \u015feyleri g\u00f6rmek g\u00f6zleri \u00e7ok yordu. Cuma g\u00fcn\u00fc tamamen bitmi\u015ftim. Ama genel olarak iyi gidiyor; ekran kar\u015f\u0131s\u0131nda g\u00f6zler yoruldu\u011funda k\u0131sa bir s\u00fcre pencereye bakmak g\u00f6zleri rahatlat\u0131yor.<br>Ayr\u0131ca araba veya motosiklet kullanmak art\u0131k \u00e7ok daha rahat, gece s\u00fcr\u00fc\u015flerinde de eskisi kadar kama\u015fm\u0131yorum. Muhtemelen bir de trafik dairesine gidip \u201cG\u00f6zl\u00fck veya kontakt lens takmak zorunda\u201d kayd\u0131n\u0131 sildirmeliyim ya da bu kayd\u0131, ya\u015fa ba\u011fl\u0131 olarak tekrar gerekene kadar bekletebilirim.<br>Sonu\u00e7 olarak: Bunu \u00e7ok daha erken yapt\u0131rsayd\u0131m ke\u015fke. G\u00f6zl\u00fcks\u00fcz her g\u00fcn, artan ya\u015fam kalitesi sayesinde daha de\u011ferli ve keskin g\u00f6r\u00fc\u015ften s\u00fcrekli keyif al\u0131yorum. Swisslasik\u2019in deste\u011fini kesinlikle tavsiye edebilirim; uygun fiyatl\u0131 ama \u00e7ok profesyonel. Ayr\u0131ca transferlerde, otelde veya klinikte daima Almanca bilen biri bulunmas\u0131 sa\u011flanm\u0131\u015ft\u0131.       <\/p>\n\n\n\n<div class=\"wp-block-group is-layout-grid wp-container-core-group-is-layout-baef362d wp-block-group-is-layout-grid\">\n<p><a href=\"https:\/\/medicaltravel.at\/home\/agb\/\" data-type=\"page\" data-id=\"2191\" rel=\"nofollow noopener\" target=\"_blank\"><\/a><a href=\"https:\/\/medicaltravel.ch\/tr\/hasta-raporlari\/turkiyede-sac-ekimi-hastalarinin-yorumlari\/24-subat-2011de-istanbulda-gecirdigim-lazer-goez-ameliyati-deneyimim-23-mart-2011-carsamba-tarihli-rapor\/\" data-type=\"link\" data-id=\"https:\/\/medicaltravel.ch\/tr\/hasta-raporlari\/turkiyede-sac-ekimi-hastalarinin-yorumlari\/24-subat-2011de-istanbulda-gecirdigim-lazer-goez-ameliyati-deneyimim-23-mart-2011-carsamba-tarihli-rapor\/\">\u00d6nceki rapor<\/a><\/p>\n\n\n\n<p class=\"has-text-align-right wp-container-content-5e2576f9\"><a href=\"https:\/\/medicaltravel.at\/home\/impressum\/\" data-type=\"page\" data-id=\"2193\" rel=\"nofollow noopener\" target=\"_blank\"><\/a><a href=\"https:\/\/medicaltravel.at\/home\/berichte-von-patienten\/erfahrungsberichte\/erfahrungsbericht-zahnbehandlung-in-istanbul\/\" data-type=\"page\" data-id=\"981\" rel=\"nofollow noopener\" target=\"_blank\"><\/a><a href=\"https:\/\/medicaltravel.ch\/tr\/hasta-raporlari\/turkiyede-sac-ekimi-hastalarinin-yorumlari\/deneyim-raporu-istanbulda-lasik-ameliyati-28-ocak-2011-28-ocak-2011-cuma-tarihli-rapor\/\" data-type=\"link\" data-id=\"https:\/\/medicaltravel.ch\/tr\/hasta-raporlari\/turkiyede-sac-ekimi-hastalarinin-yorumlari\/deneyim-raporu-istanbulda-lasik-ameliyati-28-ocak-2011-28-ocak-2011-cuma-tarihli-rapor\/\">Sonraki rapor<\/a><\/p>\n<\/div>\n","protected":false},"excerpt":{"rendered":"<p>Marcel Kaufmann taraf\u0131ndan 14 Ocak 2011 tarihinde ger\u00e7ekle\u015ftirilen LASIK g\u00f6z ameliyat\u0131na ili\u015fkin deneyim raporu \u2013 16 \u015eubat 2011 \u00c7ar\u015famba tarihli rapor Yakla\u015f\u0131k yedi ya\u015f\u0131mdan itibaren daha az ya da \u00e7ok s\u00fcrekli g\u00f6rme d\u00fczeltici kullanmak zorundayd\u0131m; 12 ya\u015f civar\u0131nda g\u00f6zl\u00fcks\u00fcz yapamaz oldum. Camlar\u0131n bu\u011fulanmas\u0131 veya kirlenmesi, kontakt lenslerin rahats\u0131z edici veya zahmetli olmas\u0131 ve di\u011fer \u00e7e\u015fitli sebepler, miyop ve astigmatizmim nedeniyle beni s\u00fcrekli rahats\u0131z ediyordu.Son d\u00f6nemlerde miyopim yakla\u015f\u0131k 5 diyoptriye, astigmatizmim ise 3,5 diyoptriye ula\u015fm\u0131\u015ft\u0131 ve bu hi\u00e7 az de\u011fildi. \u00d6yle ki, e\u011fer ak\u015fam g\u00f6zl\u00fc\u011f\u00fc nereye koydu\u011fumu dikkatlice hat\u0131rlamazsam, sabah g\u00f6zl\u00fc\u011f\u00fc bulmak zorunda kal\u0131yordum.Neyse ki son y\u0131llarda t\u0131p \u00e7ok ilerledi ve art\u0131k lazerle bir\u00e7ok d\u00fczeltme yap\u0131labiliyor. Karde\u015fim 12 y\u0131l \u00f6nce Almanya\u2019da g\u00f6zlerini lazerlettirmi\u015fti ve h\u00e2l\u00e2 \u00e7ok memnun. O zamandan beri benim de en b\u00fcy\u00fck iste\u011fim g\u00f6zl\u00fck ve lensleri b\u0131rakmakt\u0131; ancak finansal ve ailevi sebeplerle hep ertelendi. \u0130svi\u00e7re\u2019de normal bir ameliyat h\u00e2l\u00e2 6.000\u20139.000 CHF civar\u0131nda ve \u00e7o\u011fu zaman sa\u011fl\u0131k sigortas\u0131 bunu kar\u015f\u0131lam\u0131yor.Bir y\u0131l \u00f6nce k\u0131z karde\u015fim de Swisslasik ile \u0130stanbul\u2019da ameliyat olmu\u015f ve bana sadece olumlu \u015feyler anlatm\u0131\u015ft\u0131. Fiyat\u0131 sordu\u011fumda karar vermem sadece birka\u00e7 dakika s\u00fcrd\u00fc \u2013 ben de sonunda yapt\u0131rmaya karar verdim!Birka\u00e7 g\u00fcn boyunca bilgilendirici web sitesini inceledim, prosed\u00fcr hakk\u0131nda detayl\u0131 bilgi edindim ve bu yeni bilgilerle ameliyata haz\u0131r h\u00e2le geldim.Cuma g\u00fcn\u00fc Swisslasik\u2019e ilk e-postay\u0131 g\u00f6ndererek bo\u015f tarihleri sordum ve k\u0131sa s\u00fcre sonra yan\u0131t geldi, birka\u00e7 g\u00fcn i\u00e7inde uygun tarih vard\u0131. Birka\u00e7 e-postadan sonra her \u015fey netle\u015fti, \u00f6demeyi online yapt\u0131m ve \u00e7\u0131k\u0131\u015f tarihim ertesi hafta Per\u015fembe olarak belirlendi.\u00d6n muayene yapt\u0131rmad\u0131m \u00e7\u00fcnk\u00fc karde\u015flerimde de sorunsuz ge\u00e7ti\u011fini g\u00f6r\u00fcnce gerek olmad\u0131\u011f\u0131n\u0131 d\u00fc\u015f\u00fcnd\u00fcm. Belki de bu y\u00fczden daha sonra gidip gitmemem gerekti\u011fini fark edemedim. Sadece standart paketi se\u00e7tim; bu da iyi bir karar oldu.Belirlenen Per\u015fembe g\u00fcn\u00fc trenle havaalan\u0131na gittim (sonra ne g\u00f6rece\u011fim bilinmez), kimlik ile \u00f6nceden al\u0131nm\u0131\u015f bileti ald\u0131m ve T\u00fcrkiye\u2019ye do\u011fru yola \u00e7\u0131kt\u0131m. \u0130stanbul\u2019a var\u0131nca bir s\u00fcre kar\u015f\u0131lama ekibini bekledim; ekip, bir saat \u00f6nce inmi\u015f ba\u015fka yolcular\u0131 \u015fehirde b\u0131rak\u0131yordu. K\u0131sa s\u00fcre sonra bizi al\u0131p g\u00fcvenli bir \u015fekilde otele g\u00f6t\u00fcrd\u00fcler.Var\u0131\u015f ak\u015fam\u0131 biraz \u015fehir turu yapt\u0131m (hala g\u00f6zl\u00fckle), ak\u015fam yeme\u011fi yedik ve \u00e7e\u015fitli sevimli ama \u0131srarc\u0131 sat\u0131c\u0131larla al\u0131\u015fmaya ba\u015flad\u0131k.Cuma sabah\u0131 kahvalt\u0131 sonras\u0131 klinik \u00e7al\u0131\u015fan\u0131 bizi ald\u0131; t\u00fcm hastalar bir araya geldikten k\u0131sa s\u00fcre sonra klini\u011fe vard\u0131k. Sabah, bekleme, muayeneler, hesaplamalar ve doktorla g\u00f6r\u00fc\u015fmelerle ge\u00e7ti. Sonras\u0131nda, korneam\u0131n tam d\u00fczeltme i\u00e7in biraz ince oldu\u011fu ortaya \u00e7\u0131kt\u0131. Doktor, yakla\u015f\u0131k 0,5 diyoptri kadar astigmatizmin kalabilece\u011fini s\u00f6yledi. Evet, biraz \u015fa\u015f\u0131rd\u0131m ama benim i\u00e7in motto zaten: \u00d6nemli olan \u00f6nceki durumdan daha iyi g\u00f6rmekti. Zamanla h\u00e2l\u00e2 g\u00f6zl\u00fck gerekip gerekmedi\u011fi, birka\u00e7 ay veya hatta birka\u00e7 y\u0131l i\u00e7inde anla\u015f\u0131lacak.Ayr\u0131ca bu durum, standart paketi se\u00e7memin do\u011fru bir karar oldu\u011funu da do\u011frulad\u0131; \u00e7\u00fcnk\u00fc ileride b\u00fcy\u00fck olas\u0131l\u0131kla ikinci bir ameliyat m\u00fcmk\u00fcn olmayacakt\u0131.Bu muayenelerden sonra biraz g\u00fc\u00e7lenmek i\u00e7in \u00f6\u011fle yeme\u011fi zaman\u0131 geldi; ameliyata a\u00e7 gitmemek gerekiyordu. \u00d6\u011fleden sonra t\u00fcm hastalar tekrar klini\u011fe geldi, birka\u00e7 yanan g\u00f6z damlas\u0131ndan sonra (bu arada ameliyatta tek ger\u00e7ekten ac\u0131 veren \u015fey bu oldu) bir kat yukar\u0131 \u00e7\u0131kar\u0131ld\u0131k ve art\u0131k psikolojik olarak ameliyata haz\u0131rlanabildik.Ameliyathane girdi\u011fimde, pencerenin kenar\u0131ndan son \u201chasta\u201dy\u0131 g\u00f6rebildim; ama \u00e7\u0131\u011fl\u0131k ya da benzeri bir \u015fey duymad\u0131m, yani o kadar da k\u00f6t\u00fc olamazd\u0131. Y\u00fcz\u00fc y\u0131kamak, ba\u015fl\u0131k takmak ve ameliyathane i\u00e7in haz\u0131rd\u0131m.OP\u2019ye \u00e7a\u011fr\u0131ld\u0131m, masaya uzand\u0131m ve \u00f6nce bir g\u00f6z\u00fcm kapat\u0131ld\u0131, folyo kesildi ve g\u00f6z\u00fc a\u00e7\u0131k tutan halka tak\u0131ld\u0131. Bundan sonra s\u00fcrekli yan\u0131p s\u00f6nen ye\u015fil noktaya bakmam gerekiyordu. Ayr\u0131ca k\u0131rm\u0131z\u0131 noktalarla olu\u015fmu\u015f bir a\u011f deseni h\u00e2l\u00e2 g\u00f6r\u00fcn\u00fcyordu; bunlar muhtemelen g\u00f6z\u00fcn ameliyat s\u0131ras\u0131nda \u00f6l\u00e7\u00fclmesi i\u00e7in kullan\u0131l\u0131yordu.\u0130lk olarak korneaya kesi yap\u0131ld\u0131; g\u00f6zde dikey ve yan bas\u0131n\u00e7 nedeniyle biraz rahats\u0131z edici olsa da, uyu\u015fturuldu\u011fu i\u00e7in pek ac\u0131 vermedi. Kesi a\u00e7\u0131ld\u0131ktan sonra lazer devreye girdi, birka\u00e7 saniye i\u00e7inde nokta nokta i\u015flem yapt\u0131 ve fazla korneay\u0131 yok etti. Ard\u0131ndan g\u00f6z y\u0131kand\u0131, kesi tekrar kapat\u0131ld\u0131 ve bast\u0131r\u0131ld\u0131. Zaten her \u015fey al\u0131\u015ft\u0131\u011f\u0131mdan \u00e7ok daha net g\u00f6r\u00fcn\u00fcyordu.Ayn\u0131 i\u015flem ikinci g\u00f6z i\u00e7in de yap\u0131ld\u0131 ve yakla\u015f\u0131k 15 dakika sonra kendi ayaklar\u0131m \u00fczerinde dinlenme odas\u0131na gidebildim; g\u00f6zler biraz toparlan\u0131yordu. K\u0131sa s\u00fcre sonra genel klinik alan\u0131na d\u00f6nd\u00fcm; TV\u2019deki altyaz\u0131lar\u0131 bile okuyabiliyordum.\u0130lk kontrol ve doktorla g\u00f6r\u00fc\u015fmeden sonra do\u011frudan otele gittik; oda servisi ak\u015fam yeme\u011fini getirdi. Biraz uyumaya \u00e7al\u0131\u015ft\u0131m, g\u00f6z damlalar\u0131n\u0131 d\u00fczenli kulland\u0131m ve yakla\u015f\u0131k 6 saat sonra art\u0131k neredeyse hi\u00e7 a\u011fr\u0131 hissetmiyordum. Ertesi g\u00fcn tekrar bir kontrol yap\u0131ld\u0131 ve beklenmedik bir durum yoktu.B\u00f6ylece nihayet klinikten tamamen taburcu oldum ve \u0130stanbul\u2019da biraz dola\u015f\u0131p yeni g\u00f6rme yetene\u011fimin tad\u0131n\u0131 \u00e7\u0131karabildim. Pazar g\u00fcn\u00fc \u0130svi\u00e7re\u2019ye d\u00f6n\u00fc\u015f yapt\u0131m; her \u015fey planland\u0131\u011f\u0131 gibi ger\u00e7ekle\u015fti.Art\u0131k 42 ya\u015f\u0131nda, g\u00f6zl\u00fc\u011f\u00fcmden tamamen kurtuldum ve her g\u00fcn\u00fc yeni g\u00f6rme yetene\u011fimle keyifle ya\u015f\u0131yorum, her ne kadar g\u00f6r\u00fc\u015f her zaman m\u00fckemmel olmasa da. Bir s\u00fcre h\u00e2l\u00e2 \u00e7e\u015fitli g\u00f6z damlalar\u0131na ihtiya\u00e7 var ve baz\u0131 \u015feyler hen\u00fcz yap\u0131lmamal\u0131. Ameliyattan sonraki ilk hafta \u00e7ok yorucuydu; \u00f6zellikle bilgisayarda \u00e7al\u0131\u015fmak veya yak\u0131ndaki k\u00fc\u00e7\u00fck \u015feyleri g\u00f6rmek g\u00f6zleri \u00e7ok yordu. Cuma g\u00fcn\u00fc tamamen bitmi\u015ftim. Ama genel olarak iyi gidiyor; ekran kar\u015f\u0131s\u0131nda g\u00f6zler yoruldu\u011funda k\u0131sa bir s\u00fcre pencereye bakmak g\u00f6zleri rahatlat\u0131yor.Ayr\u0131ca araba veya motosiklet kullanmak art\u0131k \u00e7ok daha rahat, gece s\u00fcr\u00fc\u015flerinde de eskisi kadar kama\u015fm\u0131yorum. Muhtemelen bir de trafik dairesine gidip \u201cG\u00f6zl\u00fck veya kontakt lens takmak zorunda\u201d kayd\u0131n\u0131 sildirmeliyim ya da bu kayd\u0131, ya\u015fa ba\u011fl\u0131 olarak tekrar gerekene kadar bekletebilirim.Sonu\u00e7 olarak: Bunu \u00e7ok daha erken yapt\u0131rsayd\u0131m ke\u015fke. G\u00f6zl\u00fcks\u00fcz her g\u00fcn, artan ya\u015fam kalitesi sayesinde daha de\u011ferli ve keskin g\u00f6r\u00fc\u015ften s\u00fcrekli keyif al\u0131yorum. Swisslasik\u2019in deste\u011fini kesinlikle tavsiye edebilirim; uygun fiyatl\u0131 ama \u00e7ok profesyonel. Ayr\u0131ca transferlerde, otelde veya klinikte daima Almanca bilen biri bulunmas\u0131 sa\u011flanm\u0131\u015ft\u0131. \u00d6nceki rapor Sonraki rapor<\/p>\n","protected":false},"author":4,"featured_media":0,"parent":4886,"menu_order":0,"comment_status":"closed","ping_status":"closed","template":"","meta":{"_joinchat":[],"footnotes":""},"class_list":["post-4896","page","type-page","status-publish","hentry"],"acf":[],"_links":{"self":[{"href":"https:\/\/medicaltravel.ch\/tr\/wp-json\/wp\/v2\/pages\/4896","targetHints":{"allow":["GET"]}}],"collection":[{"href":"https:\/\/medicaltravel.ch\/tr\/wp-json\/wp\/v2\/pages"}],"about":[{"href":"https:\/\/medicaltravel.ch\/tr\/wp-json\/wp\/v2\/types\/page"}],"author":[{"embeddable":true,"href":"https:\/\/medicaltravel.ch\/tr\/wp-json\/wp\/v2\/users\/4"}],"replies":[{"embeddable":true,"href":"https:\/\/medicaltravel.ch\/tr\/wp-json\/wp\/v2\/comments?post=4896"}],"version-history":[{"count":2,"href":"https:\/\/medicaltravel.ch\/tr\/wp-json\/wp\/v2\/pages\/4896\/revisions"}],"predecessor-version":[{"id":6501,"href":"https:\/\/medicaltravel.ch\/tr\/wp-json\/wp\/v2\/pages\/4896\/revisions\/6501"}],"up":[{"embeddable":true,"href":"https:\/\/medicaltravel.ch\/tr\/wp-json\/wp\/v2\/pages\/4886"}],"wp:attachment":[{"href":"https:\/\/medicaltravel.ch\/tr\/wp-json\/wp\/v2\/media?parent=4896"}],"curies":[{"name":"wp","href":"https:\/\/api.w.org\/{rel}","templated":true}]}}