{"id":4898,"date":"2025-09-24T07:00:01","date_gmt":"2025-09-24T06:00:01","guid":{"rendered":"https:\/\/medicaltravel.ch\/hasta-raporlari\/patientenberichte-haartransplantation-tuerkei\/deneyim-raporu-istanbulda-lasik-ameliyati-28-ocak-2011-28-ocak-2011-cuma-tarihli-rapor\/"},"modified":"2026-01-12T20:07:12","modified_gmt":"2026-01-12T19:07:12","slug":"deneyim-raporu-istanbulda-lasik-ameliyati-28-ocak-2011-28-ocak-2011-cuma-tarihli-rapor","status":"publish","type":"page","link":"https:\/\/medicaltravel.ch\/tr\/hasta-raporlari\/turkiyede-sac-ekimi-hastalarinin-yorumlari\/deneyim-raporu-istanbulda-lasik-ameliyati-28-ocak-2011-28-ocak-2011-cuma-tarihli-rapor\/","title":{"rendered":"Deneyim raporu: \u0130stanbul&#8217;da LASIK ameliyat\u0131 \u2013 28 Ocak 2011 \u2013 28 Ocak 2011 Cuma tarihli rapor"},"content":{"rendered":"\n<p>Deneyim raporu: \u0130stanbul&#8217;da LASIK ameliyat\u0131 \u2013 28 Ocak 2011 \u2013 28 Ocak 2011 Cuma tarihli rapor<\/p>\n\n\n\n<p>Sal\u0131, 15 \u015eubat 2011<br>Bir arkada\u015f\u0131m 2008 Nisan\u2019\u0131nda Swisslasik arac\u0131l\u0131\u011f\u0131yla bir lazer ameliyat\u0131 olmu\u015f ve bana anlatm\u0131\u015ft\u0131. O zamanlar b\u00f6yle bir ameliyatla ilgileniyordum ama kesin karar vermek i\u00e7in biraz zamana ihtiyac\u0131m vard\u0131. 20 y\u0131l\u0131 a\u015fk\u0131n s\u00fcredir kontakt lens kullan\u0131yordum ve genel olarak memnundum. Fakat zamanla temizleme, t\u00fcm malzemeleri yan\u0131na almak zorunda olmak, gece d\u0131\u015far\u0131da olmak, y\u00fczme veya spor yaparken lensi kaybetme riski ve \u00f6zellikle ak\u015famlar\u0131 g\u00f6zlerdeki kuruluk giderek rahats\u0131z etmeye ba\u015flad\u0131. Ayr\u0131ca okuma s\u0131ras\u0131nda da sorunlar ya\u015fanmaya ba\u015flay\u0131nca g\u00f6z lazeri konusunu daha ciddi ara\u015ft\u0131rmaya karar verdim.<br>Arkada\u015f\u0131mdan, internetten ve Swisslasik hakk\u0131nda bilgi toplad\u0131m, ileti\u015fime ge\u00e7tim ve her \u015feyi tekrar detayl\u0131 \u015fekilde anlatt\u0131lar. Sonra \u0130svi\u00e7re\u2019de ilk \u00f6n muayene yap\u0131ld\u0131 ve bana LASIK ameliyat\u0131n\u0131n benim i\u00e7in uygun olabilece\u011fi onayland\u0131. 2011\u2019in ba\u015flar\u0131nda Swisslasik arac\u0131l\u0131\u011f\u0131yla ameliyat olmaya karar verdim. Tarih se\u00e7ebildim ve \u0130svi\u00e7re\u2019deki temsilciyle seyahat tarihlerimi netle\u015ftirdim. 28 Ocak\u2019ta \u0130stanbul\u2019a vard\u0131k; Almanca konu\u015fan bir s\u00fcr\u00fcc\u00fc taraf\u0131ndan kar\u015f\u0131land\u0131k ve otele g\u00f6t\u00fcr\u00fcld\u00fck. K\u0131sa s\u00fcre sonra \u00f6n muayene i\u00e7in klini\u011fe gittik. \u0130svi\u00e7re Almancas\u0131yla kar\u015f\u0131lan\u0131nca biraz \u015fa\u015f\u0131rd\u0131m.<br>Bekleme odas\u0131nda \u00f6nce baz\u0131 formlar\u0131 doldurdum, sonra \u00e7e\u015fitli testlerden ge\u00e7tim. Ard\u0131ndan doktor beni g\u00f6rd\u00fc ve LASIK ameliyat\u0131n\u0131n sorunsuz yap\u0131labilece\u011fini do\u011frulad\u0131. Ameliyat ayn\u0131 g\u00fcn ak\u015fam yap\u0131ld\u0131. \u00d6nce biraz yemek yedik, b\u00f6ylece ameliyattan sonra direkt otele d\u00f6nebildik. O g\u00fcn son ameliyat\u0131 ben oldu\u011fum i\u00e7in her \u015fey \u00e7ok h\u0131zl\u0131 ilerledi. \u00d6n haz\u0131rl\u0131k odas\u0131nda ameliyat \u00f6nl\u00fc\u011f\u00fc ve ba\u015fl\u0131k giydirildi. G\u00f6zler y\u0131kand\u0131, dezenfekte edildi ve lokal anestezi damlalar\u0131 damlat\u0131ld\u0131. Bir g\u00f6z kapat\u0131ld\u0131. K\u0131sa s\u00fcre sonra ameliyat odas\u0131na ge\u00e7ildi. Rahat\u00e7a yata\u011fa uzand\u0131m ve g\u00f6z tekrar dezenfekte edildi. Sonra g\u00f6z kapa\u011f\u0131 a\u00e7ma aparat\u0131 yerle\u015ftirildi; bunu k\u00fc\u00e7\u00fck jel dolu bir plastik yast\u0131k gibi d\u00fc\u015f\u00fcnebilirsiniz, g\u00f6z kapa\u011f\u0131n\u0131n hareket etmesini engelliyor. Ameliyat sahas\u0131 a\u00e7\u0131ld\u0131.<br>T\u00fcm s\u00fcre\u00e7 boyunca Almanca olarak bilgilendirildim, her ad\u0131m a\u00e7\u0131klan\u0131yordu. Doktor, tavana bakarken ye\u015fil noktaya odaklanmam\u0131 ve g\u00f6z\u00fcm\u00fc m\u00fcmk\u00fcn oldu\u011funca sabit tutmam\u0131 s\u00f6yledi. Kornea kapa\u011f\u0131 kesilip a\u00e7\u0131ld\u0131. Ard\u0131ndan lazerleme ba\u015flad\u0131. Doktor tekrar ye\u015fil noktaya m\u00fcmk\u00fcn oldu\u011funca dikkatli bakmam\u0131 istedi. Lazerleme birka\u00e7 saniye s\u00fcrd\u00fc, gereken d\u00fczeltmeye g\u00f6re de\u011fi\u015fiyordu. Bu s\u0131rada g\u00f6r\u00fc\u015f birden bulan\u0131kla\u015f\u0131r ve ye\u015fil \u0131\u015f\u0131\u011f\u0131 net g\u00f6remezsiniz; yine de m\u00fcmk\u00fcn oldu\u011funca d\u00fcz bakman\u0131z gerekir. Ayn\u0131 i\u015flem di\u011fer g\u00f6z i\u00e7in tekrarland\u0131.<br>Tek rahats\u0131z edici olan \u015fey lazerleme s\u0131ras\u0131nda \u00e7\u0131kan koku oldu; biraz yanm\u0131\u015f gibi kokuyordu. Bunun d\u0131\u015f\u0131nda tamamen a\u011fr\u0131s\u0131zd\u0131. Ameliyat toplam yakla\u015f\u0131k 15 dakika s\u00fcrd\u00fc. Ard\u0131ndan g\u00f6zlerimi kapatarak k\u0131sa bir s\u00fcre dinlenmem i\u00e7in ba\u015fka bir odaya g\u00f6t\u00fcr\u00fcld\u00fcm. Sonra tekrar bekleme odas\u0131na inildi ve ilk damlalar damlat\u0131ld\u0131. Biraz yanma oldu ama sadece birka\u00e7 saniye s\u00fcrd\u00fc. G\u00f6zde yabanc\u0131 cisim hissi ve hafif bulan\u0131kl\u0131k vard\u0131, ayr\u0131ca \u0131\u015f\u0131\u011fa hassasiyet olu\u015ftu. K\u0131sa bir kontrol\u00fcn ard\u0131ndan otelimize d\u00f6nd\u00fck. Bana damlalar ve nas\u0131l kullan\u0131lacaklar\u0131 detayl\u0131 \u015fekilde anlat\u0131ld\u0131. En iyisi sonras\u0131nda uyumak veya g\u00f6zleri kapal\u0131 dinlenmek. \u0130lk iki gece i\u00e7in b\u00fcy\u00fck bantlar ile g\u00f6zleri kapatmak gerekiyor; bu, uyurken g\u00f6zleri istemeden ovu\u015fturmay\u0131 \u00f6nl\u00fcyor.<br>Ertesi g\u00fcn uyand\u0131\u011f\u0131mda inan\u0131lmazd\u0131! Her \u015feyi net g\u00f6rebiliyordum ve \u00e7ok etkilenmi\u015ftim. Kahvalt\u0131dan k\u0131sa s\u00fcre sonra tekrar klinikte kontrol yap\u0131ld\u0131. Her \u015fey m\u00fckemmeldi ve \u00f6\u011fleden sonra \u015fehir turuna \u00e7\u0131kabildim. \u0130lk birka\u00e7 g\u00fcn dikkatli olmak ve g\u00f6zlere bir \u015fey ka\u00e7mas\u0131n\u0131 \u00f6nlemek i\u00e7in g\u00fcne\u015f g\u00f6zl\u00fc\u011f\u00fc takmak gerekiyor. Ayr\u0131ca damlalar\u0131 bir hafta boyunca d\u00fczenli kullanmak laz\u0131m (nemlendirici damlalar bir ay boyunca).<br>Sonu\u00e7 olarak, LASIK ameliyat\u0131n\u0131 yapt\u0131rd\u0131\u011f\u0131m i\u00e7in \u00e7ok mutluyum. Her zaman tekrar yapt\u0131r\u0131r\u0131m ve Swisslasik\u2019in kalite, fiyat\/performans a\u00e7\u0131s\u0131ndan en iyi partner oldu\u011funa inan\u0131yorum. Destek harika ve fiyatlar rakipsiz. Ayr\u0131ca \u0130stanbul kesinlikle g\u00f6r\u00fclmeye de\u011fer bir \u015fehir.<\/p>\n\n\n\n<div class=\"wp-block-group is-layout-grid wp-container-core-group-is-layout-baef362d wp-block-group-is-layout-grid\">\n<p><a href=\"https:\/\/medicaltravel.at\/home\/agb\/\" data-type=\"page\" data-id=\"2191\" rel=\"nofollow noopener\" target=\"_blank\"><\/a><a href=\"https:\/\/medicaltravel.ch\/tr\/hasta-raporlari\/turkiyede-sac-ekimi-hastalarinin-yorumlari\/marcel-kaufmann-tarafindan-14-ocak-2011-tarihinde-gerceklestirilen-lasik-goez-ameliyatina-iliskin-deneyim-raporu-16-subat-2011-carsamba-tarihli-rapor\/\" data-type=\"link\" data-id=\"https:\/\/medicaltravel.ch\/tr\/hasta-raporlari\/turkiyede-sac-ekimi-hastalarinin-yorumlari\/marcel-kaufmann-tarafindan-14-ocak-2011-tarihinde-gerceklestirilen-lasik-goez-ameliyatina-iliskin-deneyim-raporu-16-subat-2011-carsamba-tarihli-rapor\/\">\u00d6nceki rapor<\/a><\/p>\n\n\n\n<p class=\"has-text-align-right wp-container-content-5e2576f9\"><\/p>\n<\/div>\n\n\n\n<p><\/p>\n","protected":false},"excerpt":{"rendered":"<p>Deneyim raporu: \u0130stanbul&#8217;da LASIK ameliyat\u0131 \u2013 28 Ocak 2011 \u2013 28 Ocak 2011 Cuma tarihli rapor Sal\u0131, 15 \u015eubat 2011Bir arkada\u015f\u0131m 2008 Nisan\u2019\u0131nda Swisslasik arac\u0131l\u0131\u011f\u0131yla bir lazer ameliyat\u0131 olmu\u015f ve bana anlatm\u0131\u015ft\u0131. O zamanlar b\u00f6yle bir ameliyatla ilgileniyordum ama kesin karar vermek i\u00e7in biraz zamana ihtiyac\u0131m vard\u0131. 20 y\u0131l\u0131 a\u015fk\u0131n s\u00fcredir kontakt lens kullan\u0131yordum ve genel olarak memnundum. Fakat zamanla temizleme, t\u00fcm malzemeleri yan\u0131na almak zorunda olmak, gece d\u0131\u015far\u0131da olmak, y\u00fczme veya spor yaparken lensi kaybetme riski ve \u00f6zellikle ak\u015famlar\u0131 g\u00f6zlerdeki kuruluk giderek rahats\u0131z etmeye ba\u015flad\u0131. Ayr\u0131ca okuma s\u0131ras\u0131nda da sorunlar ya\u015fanmaya ba\u015flay\u0131nca g\u00f6z lazeri konusunu daha ciddi ara\u015ft\u0131rmaya karar verdim.Arkada\u015f\u0131mdan, internetten ve Swisslasik hakk\u0131nda bilgi toplad\u0131m, ileti\u015fime ge\u00e7tim ve her \u015feyi tekrar detayl\u0131 \u015fekilde anlatt\u0131lar. Sonra \u0130svi\u00e7re\u2019de ilk \u00f6n muayene yap\u0131ld\u0131 ve bana LASIK ameliyat\u0131n\u0131n benim i\u00e7in uygun olabilece\u011fi onayland\u0131. 2011\u2019in ba\u015flar\u0131nda Swisslasik arac\u0131l\u0131\u011f\u0131yla ameliyat olmaya karar verdim. Tarih se\u00e7ebildim ve \u0130svi\u00e7re\u2019deki temsilciyle seyahat tarihlerimi netle\u015ftirdim. 28 Ocak\u2019ta \u0130stanbul\u2019a vard\u0131k; Almanca konu\u015fan bir s\u00fcr\u00fcc\u00fc taraf\u0131ndan kar\u015f\u0131land\u0131k ve otele g\u00f6t\u00fcr\u00fcld\u00fck. K\u0131sa s\u00fcre sonra \u00f6n muayene i\u00e7in klini\u011fe gittik. \u0130svi\u00e7re Almancas\u0131yla kar\u015f\u0131lan\u0131nca biraz \u015fa\u015f\u0131rd\u0131m.Bekleme odas\u0131nda \u00f6nce baz\u0131 formlar\u0131 doldurdum, sonra \u00e7e\u015fitli testlerden ge\u00e7tim. Ard\u0131ndan doktor beni g\u00f6rd\u00fc ve LASIK ameliyat\u0131n\u0131n sorunsuz yap\u0131labilece\u011fini do\u011frulad\u0131. Ameliyat ayn\u0131 g\u00fcn ak\u015fam yap\u0131ld\u0131. \u00d6nce biraz yemek yedik, b\u00f6ylece ameliyattan sonra direkt otele d\u00f6nebildik. O g\u00fcn son ameliyat\u0131 ben oldu\u011fum i\u00e7in her \u015fey \u00e7ok h\u0131zl\u0131 ilerledi. \u00d6n haz\u0131rl\u0131k odas\u0131nda ameliyat \u00f6nl\u00fc\u011f\u00fc ve ba\u015fl\u0131k giydirildi. G\u00f6zler y\u0131kand\u0131, dezenfekte edildi ve lokal anestezi damlalar\u0131 damlat\u0131ld\u0131. Bir g\u00f6z kapat\u0131ld\u0131. K\u0131sa s\u00fcre sonra ameliyat odas\u0131na ge\u00e7ildi. Rahat\u00e7a yata\u011fa uzand\u0131m ve g\u00f6z tekrar dezenfekte edildi. Sonra g\u00f6z kapa\u011f\u0131 a\u00e7ma aparat\u0131 yerle\u015ftirildi; bunu k\u00fc\u00e7\u00fck jel dolu bir plastik yast\u0131k gibi d\u00fc\u015f\u00fcnebilirsiniz, g\u00f6z kapa\u011f\u0131n\u0131n hareket etmesini engelliyor. Ameliyat sahas\u0131 a\u00e7\u0131ld\u0131.T\u00fcm s\u00fcre\u00e7 boyunca Almanca olarak bilgilendirildim, her ad\u0131m a\u00e7\u0131klan\u0131yordu. Doktor, tavana bakarken ye\u015fil noktaya odaklanmam\u0131 ve g\u00f6z\u00fcm\u00fc m\u00fcmk\u00fcn oldu\u011funca sabit tutmam\u0131 s\u00f6yledi. Kornea kapa\u011f\u0131 kesilip a\u00e7\u0131ld\u0131. Ard\u0131ndan lazerleme ba\u015flad\u0131. Doktor tekrar ye\u015fil noktaya m\u00fcmk\u00fcn oldu\u011funca dikkatli bakmam\u0131 istedi. Lazerleme birka\u00e7 saniye s\u00fcrd\u00fc, gereken d\u00fczeltmeye g\u00f6re de\u011fi\u015fiyordu. Bu s\u0131rada g\u00f6r\u00fc\u015f birden bulan\u0131kla\u015f\u0131r ve ye\u015fil \u0131\u015f\u0131\u011f\u0131 net g\u00f6remezsiniz; yine de m\u00fcmk\u00fcn oldu\u011funca d\u00fcz bakman\u0131z gerekir. Ayn\u0131 i\u015flem di\u011fer g\u00f6z i\u00e7in tekrarland\u0131.Tek rahats\u0131z edici olan \u015fey lazerleme s\u0131ras\u0131nda \u00e7\u0131kan koku oldu; biraz yanm\u0131\u015f gibi kokuyordu. Bunun d\u0131\u015f\u0131nda tamamen a\u011fr\u0131s\u0131zd\u0131. Ameliyat toplam yakla\u015f\u0131k 15 dakika s\u00fcrd\u00fc. Ard\u0131ndan g\u00f6zlerimi kapatarak k\u0131sa bir s\u00fcre dinlenmem i\u00e7in ba\u015fka bir odaya g\u00f6t\u00fcr\u00fcld\u00fcm. Sonra tekrar bekleme odas\u0131na inildi ve ilk damlalar damlat\u0131ld\u0131. Biraz yanma oldu ama sadece birka\u00e7 saniye s\u00fcrd\u00fc. G\u00f6zde yabanc\u0131 cisim hissi ve hafif bulan\u0131kl\u0131k vard\u0131, ayr\u0131ca \u0131\u015f\u0131\u011fa hassasiyet olu\u015ftu. K\u0131sa bir kontrol\u00fcn ard\u0131ndan otelimize d\u00f6nd\u00fck. Bana damlalar ve nas\u0131l kullan\u0131lacaklar\u0131 detayl\u0131 \u015fekilde anlat\u0131ld\u0131. En iyisi sonras\u0131nda uyumak veya g\u00f6zleri kapal\u0131 dinlenmek. \u0130lk iki gece i\u00e7in b\u00fcy\u00fck bantlar ile g\u00f6zleri kapatmak gerekiyor; bu, uyurken g\u00f6zleri istemeden ovu\u015fturmay\u0131 \u00f6nl\u00fcyor.Ertesi g\u00fcn uyand\u0131\u011f\u0131mda inan\u0131lmazd\u0131! Her \u015feyi net g\u00f6rebiliyordum ve \u00e7ok etkilenmi\u015ftim. Kahvalt\u0131dan k\u0131sa s\u00fcre sonra tekrar klinikte kontrol yap\u0131ld\u0131. Her \u015fey m\u00fckemmeldi ve \u00f6\u011fleden sonra \u015fehir turuna \u00e7\u0131kabildim. \u0130lk birka\u00e7 g\u00fcn dikkatli olmak ve g\u00f6zlere bir \u015fey ka\u00e7mas\u0131n\u0131 \u00f6nlemek i\u00e7in g\u00fcne\u015f g\u00f6zl\u00fc\u011f\u00fc takmak gerekiyor. Ayr\u0131ca damlalar\u0131 bir hafta boyunca d\u00fczenli kullanmak laz\u0131m (nemlendirici damlalar bir ay boyunca).Sonu\u00e7 olarak, LASIK ameliyat\u0131n\u0131 yapt\u0131rd\u0131\u011f\u0131m i\u00e7in \u00e7ok mutluyum. Her zaman tekrar yapt\u0131r\u0131r\u0131m ve Swisslasik\u2019in kalite, fiyat\/performans a\u00e7\u0131s\u0131ndan en iyi partner oldu\u011funa inan\u0131yorum. Destek harika ve fiyatlar rakipsiz. Ayr\u0131ca \u0130stanbul kesinlikle g\u00f6r\u00fclmeye de\u011fer bir \u015fehir. \u00d6nceki rapor<\/p>\n","protected":false},"author":4,"featured_media":0,"parent":4886,"menu_order":0,"comment_status":"closed","ping_status":"closed","template":"","meta":{"_joinchat":[],"footnotes":""},"class_list":["post-4898","page","type-page","status-publish","hentry"],"acf":[],"_links":{"self":[{"href":"https:\/\/medicaltravel.ch\/tr\/wp-json\/wp\/v2\/pages\/4898","targetHints":{"allow":["GET"]}}],"collection":[{"href":"https:\/\/medicaltravel.ch\/tr\/wp-json\/wp\/v2\/pages"}],"about":[{"href":"https:\/\/medicaltravel.ch\/tr\/wp-json\/wp\/v2\/types\/page"}],"author":[{"embeddable":true,"href":"https:\/\/medicaltravel.ch\/tr\/wp-json\/wp\/v2\/users\/4"}],"replies":[{"embeddable":true,"href":"https:\/\/medicaltravel.ch\/tr\/wp-json\/wp\/v2\/comments?post=4898"}],"version-history":[{"count":0,"href":"https:\/\/medicaltravel.ch\/tr\/wp-json\/wp\/v2\/pages\/4898\/revisions"}],"up":[{"embeddable":true,"href":"https:\/\/medicaltravel.ch\/tr\/wp-json\/wp\/v2\/pages\/4886"}],"wp:attachment":[{"href":"https:\/\/medicaltravel.ch\/tr\/wp-json\/wp\/v2\/media?parent=4898"}],"curies":[{"name":"wp","href":"https:\/\/api.w.org\/{rel}","templated":true}]}}