{"id":4900,"date":"2025-09-24T06:56:42","date_gmt":"2025-09-24T05:56:42","guid":{"rendered":"https:\/\/medicaltravel.ch\/hasta-raporlari\/patientenberichte-haartransplantation-tuerkei\/deneyim-raporu-istanbulda-lasik-ameliyati-mart-2011-11-nisan-2011-pazartesi-tarihli-rapor\/"},"modified":"2026-01-03T18:03:28","modified_gmt":"2026-01-03T17:03:28","slug":"deneyim-raporu-istanbulda-lasik-ameliyati-mart-2011-11-nisan-2011-pazartesi-tarihli-rapor","status":"publish","type":"page","link":"https:\/\/medicaltravel.ch\/tr\/hasta-raporlari\/turkiyede-sac-ekimi-hastalarinin-yorumlari\/deneyim-raporu-istanbulda-lasik-ameliyati-mart-2011-11-nisan-2011-pazartesi-tarihli-rapor\/","title":{"rendered":"Deneyim raporu: \u0130stanbul&#8217;da LASIK ameliyat\u0131, Mart 2011 \u2013 11 Nisan 2011 Pazartesi tarihli rapor"},"content":{"rendered":"\n<p>Deneyim raporu: \u0130stanbul&#8217;da LASIK ameliyat\u0131, Mart 2011 \u2013 11 Nisan 2011 Pazartesi tarihli rapor<\/p>\n\n<p>25 y\u0131ld\u0131r g\u00f6zl\u00fck kullan\u0131yorum ve son 20 y\u0131ld\u0131r kontakt lens tak\u0131yorum. G\u00f6rme kusurum -5 diyoptri ve astigmatizm nedeniyle g\u00f6zl\u00fck veya lens olmadan g\u00f6remiyorum. Son alt\u0131 ayd\u0131r lensleri art\u0131k iyi tolere edemiyorum; g\u00f6zlerim s\u0131k s\u0131k kuru ve k\u0131zar\u0131k oluyor, ayr\u0131ca sadece g\u00f6zl\u00fckle y\u00fczme, \u00e7ocukla vakit ge\u00e7irme, spor veya saunada olduk\u00e7a rahats\u0131z edici oluyor.<br\/>Bir i\u015f arkada\u015f\u0131m, EyeStar \u0130stanbul\u2019da Swisslasik arac\u0131l\u0131\u011f\u0131yla g\u00f6zlerini lazerle d\u00fczelttirdi\u011fini ve harika sonu\u00e7 ald\u0131\u011f\u0131n\u0131 anlatt\u0131. Bunun \u00fczerine ben de daha detayl\u0131 ara\u015ft\u0131rd\u0131m, farkl\u0131 lazer tekniklerini ve \u0130svi\u00e7re\u2019deki g\u00f6z merkezlerinin \u00f6nerilerini kar\u015f\u0131la\u015ft\u0131rd\u0131m. Operasyon a\u00e7\u0131s\u0131ndan \u0130svi\u00e7re ve \u0130stanbul aras\u0131nda teknik bir fark yok. EyeStar Klini\u011fi\u2019ndeki doktor 20.000\u2019den fazla lazer operasyonu yapm\u0131\u015f, bu tecr\u00fcbe \u0130svi\u00e7re\u2019deki hi\u00e7bir g\u00f6z doktorunda yok. Tabii ki maliyet de benim i\u00e7in belirleyici oldu. \u0130svi\u00e7re\u2019de bunun iki kat\u0131n\u0131 \u00f6demek gerekirken, Swisslasik ile u\u00e7ak, kar\u015f\u0131lama, otel, lazer ve sonras\u0131 kontrol dahil tam paket yar\u0131 fiyat\u0131na sunuluyor. Ayr\u0131ca sa\u011fl\u0131k sigortas\u0131 g\u00f6zl\u00fck ve lens masraflar\u0131n\u0131 kar\u015f\u0131lamad\u0131\u011f\u0131 i\u00e7in Swisslasik ile devam etmeye karar verdim.<br\/>Herr Karaaga\u00e7li ile ileti\u015fime ge\u00e7ti\u011fimde sorular\u0131ma hep h\u0131zl\u0131 cevap ald\u0131m. Bana uygun bir tarih se\u00e7tim ve rezervasyon ile haz\u0131rl\u0131k sorunsuz ilerledi. Swisslasik bana \u0130stanbul\u2019daki s\u00fcreci \u00e7ok iyi anlatt\u0131. Seyahatten 10 g\u00fcn \u00f6nce Swiss-Lasik-Pass elime ula\u015ft\u0131; i\u00e7inde g\u00f6z operasyonu ve seyahatle ilgili t\u00fcm bilgiler vard\u0131. \u0130stanbul Havaliman\u0131\u2019nda beni kar\u015f\u0131lad\u0131lar ve \u00f6zel ara\u00e7la otele g\u00f6t\u00fcr\u00fcld\u00fcm. \u015eof\u00f6r klinik \u00e7al\u0131\u015fan\u0131yd\u0131 ve Almanca konu\u015fuyordu; klini\u011fe g\u00f6t\u00fcrece\u011fi saati de bildirdi.<br\/>Klinik modern donan\u0131ma sahipti ve beni \u0130svi\u00e7re Almancas\u0131 konu\u015fan bir \u00e7al\u0131\u015fan kar\u015f\u0131lad\u0131. Her ad\u0131m\u0131 anlatt\u0131 ve doktoru terc\u00fcme etti; doktor \u00e7ok nazik ve yetkin biriydi. Kendimi \u00e7ok g\u00fcvende hissettim. Detayl\u0131 bir \u00f6n muayene yap\u0131ld\u0131 ve iki saat sonra lazer operasyonu i\u00e7in haz\u0131rd\u0131m. Heyecanl\u0131yd\u0131m ama iyi desteklendim. M\u00fcdahale biraz rahats\u0131z ediciydi ama h\u0131zl\u0131 ilerledi. Ard\u0131ndan g\u00f6zlerim \u00e7ok suland\u0131 ve neredeyse a\u00e7amad\u0131m. K\u0131sa bir dinlenme sonras\u0131 tekrar kontrol edildi ve g\u00f6z damlas\u0131 ile a\u011fr\u0131 kesici verilip otele d\u00f6nd\u00fcm. T\u00fcm bu s\u00fcre\u00e7ten dolay\u0131 biraz ba\u015f a\u011fr\u0131m oldu ama k\u0131sa s\u00fcrede uyuyabildim; 2 saat sonra uyand\u0131\u011f\u0131mda ba\u015f a\u011fr\u0131s\u0131 yoktu ve g\u00f6zlerim art\u0131k sulanm\u0131yordu.<br\/>G\u00f6r\u00fc\u015f\u00fcm zaten netle\u015fmi\u015fti ama g\u00f6zlerimin \u00f6n\u00fcnde hafif bir bulan\u0131kl\u0131k vard\u0131. Yakla\u015f\u0131k 2 saat daha g\u00f6zlerimi kapal\u0131 tuttum ve kestirdim. Tam d\u00f6rt saat sonra g\u00f6zlerim neredeyse tamamen rahatt\u0131. Saat yakla\u015f\u0131k 22:00 civar\u0131yd\u0131 ve yeni g\u00f6rme hissini deneyimlemek i\u00e7in hemen d\u0131\u015far\u0131 \u00e7\u0131kmak istedim. G\u00f6zl\u00fcks\u00fcz her \u015feyi g\u00f6rmek inan\u0131lmazd\u0131.                                Bir saat sonra tekrar yata\u011fa gittim. Ertesi sabah her \u015feyi tamamen net ve keskin g\u00f6rd\u00fcm. G\u00fcne\u015f parlad\u0131\u011f\u0131nda bile g\u00f6zlerimde kama\u015fma hissetmedim. \u201cYeni\u201d g\u00f6zlerimle zengin kahvalt\u0131n\u0131n tad\u0131n\u0131 \u00e7\u0131kard\u0131m ve ard\u0131ndan kontrole gittim. G\u00f6r\u00fc\u015f\u00fcm %100, her \u015fey sorunsuz ge\u00e7ti. Sonras\u0131nda \u0130stanbul\u2019u gezdim. Operasyonu bir saniye bile pi\u015fman olmadan yapt\u0131rd\u0131m, harika bir ya\u015fam hissi.       <\/p>\n","protected":false},"excerpt":{"rendered":"<p>Deneyim raporu: \u0130stanbul&#8217;da LASIK ameliyat\u0131, Mart 2011 \u2013 11 Nisan 2011 Pazartesi tarihli rapor 25 y\u0131ld\u0131r g\u00f6zl\u00fck kullan\u0131yorum ve son 20 y\u0131ld\u0131r kontakt lens tak\u0131yorum. G\u00f6rme kusurum -5 diyoptri ve astigmatizm nedeniyle g\u00f6zl\u00fck veya lens olmadan g\u00f6remiyorum. Son alt\u0131 ayd\u0131r lensleri art\u0131k iyi tolere edemiyorum; g\u00f6zlerim s\u0131k s\u0131k kuru ve k\u0131zar\u0131k oluyor, ayr\u0131ca sadece g\u00f6zl\u00fckle y\u00fczme, \u00e7ocukla vakit ge\u00e7irme, spor veya saunada olduk\u00e7a rahats\u0131z edici oluyor.Bir i\u015f arkada\u015f\u0131m, EyeStar \u0130stanbul\u2019da Swisslasik arac\u0131l\u0131\u011f\u0131yla g\u00f6zlerini lazerle d\u00fczelttirdi\u011fini ve harika sonu\u00e7 ald\u0131\u011f\u0131n\u0131 anlatt\u0131. Bunun \u00fczerine ben de daha detayl\u0131 ara\u015ft\u0131rd\u0131m, farkl\u0131 lazer tekniklerini ve \u0130svi\u00e7re\u2019deki g\u00f6z merkezlerinin \u00f6nerilerini kar\u015f\u0131la\u015ft\u0131rd\u0131m. Operasyon a\u00e7\u0131s\u0131ndan \u0130svi\u00e7re ve \u0130stanbul aras\u0131nda teknik bir fark yok. EyeStar Klini\u011fi\u2019ndeki doktor 20.000\u2019den fazla lazer operasyonu yapm\u0131\u015f, bu tecr\u00fcbe \u0130svi\u00e7re\u2019deki hi\u00e7bir g\u00f6z doktorunda yok. Tabii ki maliyet de benim i\u00e7in belirleyici oldu. \u0130svi\u00e7re\u2019de bunun iki kat\u0131n\u0131 \u00f6demek gerekirken, Swisslasik ile u\u00e7ak, kar\u015f\u0131lama, otel, lazer ve sonras\u0131 kontrol dahil tam paket yar\u0131 fiyat\u0131na sunuluyor. Ayr\u0131ca sa\u011fl\u0131k sigortas\u0131 g\u00f6zl\u00fck ve lens masraflar\u0131n\u0131 kar\u015f\u0131lamad\u0131\u011f\u0131 i\u00e7in Swisslasik ile devam etmeye karar verdim.Herr Karaaga\u00e7li ile ileti\u015fime ge\u00e7ti\u011fimde sorular\u0131ma hep h\u0131zl\u0131 cevap ald\u0131m. Bana uygun bir tarih se\u00e7tim ve rezervasyon ile haz\u0131rl\u0131k sorunsuz ilerledi. Swisslasik bana \u0130stanbul\u2019daki s\u00fcreci \u00e7ok iyi anlatt\u0131. Seyahatten 10 g\u00fcn \u00f6nce Swiss-Lasik-Pass elime ula\u015ft\u0131; i\u00e7inde g\u00f6z operasyonu ve seyahatle ilgili t\u00fcm bilgiler vard\u0131. \u0130stanbul Havaliman\u0131\u2019nda beni kar\u015f\u0131lad\u0131lar ve \u00f6zel ara\u00e7la otele g\u00f6t\u00fcr\u00fcld\u00fcm. \u015eof\u00f6r klinik \u00e7al\u0131\u015fan\u0131yd\u0131 ve Almanca konu\u015fuyordu; klini\u011fe g\u00f6t\u00fcrece\u011fi saati de bildirdi.Klinik modern donan\u0131ma sahipti ve beni \u0130svi\u00e7re Almancas\u0131 konu\u015fan bir \u00e7al\u0131\u015fan kar\u015f\u0131lad\u0131. Her ad\u0131m\u0131 anlatt\u0131 ve doktoru terc\u00fcme etti; doktor \u00e7ok nazik ve yetkin biriydi. Kendimi \u00e7ok g\u00fcvende hissettim. Detayl\u0131 bir \u00f6n muayene yap\u0131ld\u0131 ve iki saat sonra lazer operasyonu i\u00e7in haz\u0131rd\u0131m. Heyecanl\u0131yd\u0131m ama iyi desteklendim. M\u00fcdahale biraz rahats\u0131z ediciydi ama h\u0131zl\u0131 ilerledi. Ard\u0131ndan g\u00f6zlerim \u00e7ok suland\u0131 ve neredeyse a\u00e7amad\u0131m. K\u0131sa bir dinlenme sonras\u0131 tekrar kontrol edildi ve g\u00f6z damlas\u0131 ile a\u011fr\u0131 kesici verilip otele d\u00f6nd\u00fcm. T\u00fcm bu s\u00fcre\u00e7ten dolay\u0131 biraz ba\u015f a\u011fr\u0131m oldu ama k\u0131sa s\u00fcrede uyuyabildim; 2 saat sonra uyand\u0131\u011f\u0131mda ba\u015f a\u011fr\u0131s\u0131 yoktu ve g\u00f6zlerim art\u0131k sulanm\u0131yordu.G\u00f6r\u00fc\u015f\u00fcm zaten netle\u015fmi\u015fti ama g\u00f6zlerimin \u00f6n\u00fcnde hafif bir bulan\u0131kl\u0131k vard\u0131. Yakla\u015f\u0131k 2 saat daha g\u00f6zlerimi kapal\u0131 tuttum ve kestirdim. Tam d\u00f6rt saat sonra g\u00f6zlerim neredeyse tamamen rahatt\u0131. Saat yakla\u015f\u0131k 22:00 civar\u0131yd\u0131 ve yeni g\u00f6rme hissini deneyimlemek i\u00e7in hemen d\u0131\u015far\u0131 \u00e7\u0131kmak istedim. G\u00f6zl\u00fcks\u00fcz her \u015feyi g\u00f6rmek inan\u0131lmazd\u0131. Bir saat sonra tekrar yata\u011fa gittim. Ertesi sabah her \u015feyi tamamen net ve keskin g\u00f6rd\u00fcm. G\u00fcne\u015f parlad\u0131\u011f\u0131nda bile g\u00f6zlerimde kama\u015fma hissetmedim. \u201cYeni\u201d g\u00f6zlerimle zengin kahvalt\u0131n\u0131n tad\u0131n\u0131 \u00e7\u0131kard\u0131m ve ard\u0131ndan kontrole gittim. G\u00f6r\u00fc\u015f\u00fcm %100, her \u015fey sorunsuz ge\u00e7ti. Sonras\u0131nda \u0130stanbul\u2019u gezdim. Operasyonu bir saniye bile pi\u015fman olmadan yapt\u0131rd\u0131m, harika bir ya\u015fam hissi.<\/p>\n","protected":false},"author":4,"featured_media":0,"parent":4886,"menu_order":0,"comment_status":"closed","ping_status":"closed","template":"","meta":{"_joinchat":[],"footnotes":""},"class_list":["post-4900","page","type-page","status-publish","hentry"],"acf":[],"_links":{"self":[{"href":"https:\/\/medicaltravel.ch\/tr\/wp-json\/wp\/v2\/pages\/4900","targetHints":{"allow":["GET"]}}],"collection":[{"href":"https:\/\/medicaltravel.ch\/tr\/wp-json\/wp\/v2\/pages"}],"about":[{"href":"https:\/\/medicaltravel.ch\/tr\/wp-json\/wp\/v2\/types\/page"}],"author":[{"embeddable":true,"href":"https:\/\/medicaltravel.ch\/tr\/wp-json\/wp\/v2\/users\/4"}],"replies":[{"embeddable":true,"href":"https:\/\/medicaltravel.ch\/tr\/wp-json\/wp\/v2\/comments?post=4900"}],"version-history":[{"count":1,"href":"https:\/\/medicaltravel.ch\/tr\/wp-json\/wp\/v2\/pages\/4900\/revisions"}],"predecessor-version":[{"id":4901,"href":"https:\/\/medicaltravel.ch\/tr\/wp-json\/wp\/v2\/pages\/4900\/revisions\/4901"}],"up":[{"embeddable":true,"href":"https:\/\/medicaltravel.ch\/tr\/wp-json\/wp\/v2\/pages\/4886"}],"wp:attachment":[{"href":"https:\/\/medicaltravel.ch\/tr\/wp-json\/wp\/v2\/media?parent=4900"}],"curies":[{"name":"wp","href":"https:\/\/api.w.org\/{rel}","templated":true}]}}