{"id":4904,"date":"2025-09-24T06:46:01","date_gmt":"2025-09-24T05:46:01","guid":{"rendered":"https:\/\/medicaltravel.ch\/hasta-raporlari\/patientenberichte-haartransplantation-tuerkei\/swisslasik-deneyim-raporu-1-ocak-2012-pazar-tarihli-rapor\/"},"modified":"2026-01-12T19:55:35","modified_gmt":"2026-01-12T18:55:35","slug":"swisslasik-deneyim-raporu-1-ocak-2012-pazar-tarihli-rapor","status":"publish","type":"page","link":"https:\/\/medicaltravel.ch\/tr\/hasta-raporlari\/turkiyede-sac-ekimi-hastalarinin-yorumlari\/swisslasik-deneyim-raporu-1-ocak-2012-pazar-tarihli-rapor\/","title":{"rendered":"Swisslasik deneyim raporu \u2013 1 Ocak 2012 Pazar tarihli rapor"},"content":{"rendered":"\n<p>Swisslasik deneyim raporu \u2013 1 Ocak 2012 Pazar tarihli rapor<\/p>\n\n\n\n<p>G\u00f6zs\u00fcz bir hayat ya\u015fama iste\u011fi ikimizde de uzun s\u00fcredir vard\u0131, ancak bir arkada\u015f\u0131m\u0131z Swisslasik\u2019teki deneyimlerinden bahsedince konuya daha fazla yo\u011funla\u015ft\u0131k. \u00d6nce Swisslasik\u2019in web sitesinden \u00f6n bilgi ald\u0131k, ard\u0131ndan Z\u00fcrich\u2019teki Fespo fuar\u0131nda Bay Karaaga\u00e7li ile \u015fahsen tan\u0131\u015ft\u0131k ve detayl\u0131 bilgiler edindik. Swisslasik\u2019e ba\u015f\u0131ndan itibaren g\u00fcvenimiz vard\u0131 ve b\u00f6ylece 15 Aral\u0131k 2011 Per\u015fembe g\u00fcn\u00fc \u0130stanbul yolculu\u011fumuza ba\u015flad\u0131k. U\u00e7u\u015ftan birka\u00e7 g\u00fcn \u00f6nce Swisslasik Pass\u2019\u0131m\u0131z\u0131 ve e-biletlerimizi ald\u0131k, b\u00f6ylece online check-in\u2019den sonra stressiz bir \u015fekilde \u0130stanbul\u2019a gidebildik. S\u00f6z verildi\u011fi gibi, havaalan\u0131nda bir \u015fof\u00f6r bizi kar\u015f\u0131lad\u0131 ve g\u00fcvenli bir \u015fekilde otele g\u00f6t\u00fcrd\u00fc. Park City Otel bize \u00e7ok k\u00fc\u00e7\u00fck ama temiz bir oda verdi. Personel nazik ve yard\u0131mc\u0131yd\u0131, kahvalt\u0131 b\u00fcfesi ise herkesin zevkine hitap ediyordu. Kendimizi iyi hissettik ve Taksim\u2019in hareketli semtini rahat\u00e7a y\u00fcr\u00fcyerek ke\u015ffedebildik. Cuma sabah\u0131 \u015fof\u00f6r\u00fcm\u00fcz tam zaman\u0131nda bizi Acibadem Hastanesi\u2019ne g\u00f6t\u00fcrd\u00fc, \u0130stanbul\u2019daki yo\u011fun trafikle ilk kez kar\u015f\u0131la\u015ft\u0131k. Acibadem Hastanesi ilk bak\u0131\u015fta \u00e7ok iyi bir izlenim b\u0131rakt\u0131; nazik\u00e7e kar\u015f\u0131land\u0131k ve k\u0131sa s\u00fcre sonra alt kattaki \u201cG\u00f6z\u201d b\u00f6l\u00fcm\u00fcne y\u00f6nlendirildik. Sabah, \u0130svi\u00e7re\u2019den gelen bir \u00fc\u00e7\u00fcnc\u00fc ki\u015fiyle birlikte g\u00f6z lazer operasyonu i\u00e7in planlanm\u0131\u015ft\u0131k. \u0130lk iki saat boyunca \u00e7e\u015fitli testler yap\u0131ld\u0131; operasyon i\u00e7in uygun olup olmad\u0131\u011f\u0131m\u0131z kontrol edildi. Bu testler \u00e7ok tela\u015fl\u0131 ve ileti\u015fimsiz bir \u015fekilde y\u00fcr\u00fct\u00fcld\u00fc, bu y\u00fczden bir odadan di\u011ferine biraz \u015fa\u015fk\u0131n bir \u015fekilde y\u00f6nlendirildik. Testleri yapan asistan olduk\u00e7a stresli g\u00f6r\u00fcn\u00fcyordu ve Almanca terc\u00fcman\u0131m\u0131z bize s\u00fcreci detayl\u0131ca a\u00e7\u0131klamak i\u00e7in zaman ay\u0131rmad\u0131. Neyse ki \u00fc\u00e7\u00fcnc\u00fc hasta testleri \u0130svi\u00e7re\u2019de \u00f6nceden yapt\u0131rm\u0131\u015ft\u0131 ve bize s\u00fcre\u00e7ler hakk\u0131nda bilgi verebildi. Bu nedenle, asistan bize g\u00f6z damlas\u0131 vermeden \u00f6nce bizi uyard\u0131\u011f\u0131nda \u00e7ok memnun olduk; damlalar g\u00f6zde birka\u00e7 saniye boyunca inan\u0131lmaz bir yanma yap\u0131yordu. Bu testlerden sonra ilk kez doktorumuzla g\u00f6r\u00fc\u015ft\u00fck. Doktor \u00e7ok yetkin ve sakin bir izlenim b\u0131rakt\u0131, \u0130ngilizce olarak operasyon hakk\u0131nda bizi bilgilendirdi. Neyse ki ikimiz de LASIK operasyonu i\u00e7in uygunduk. Bir s\u00fcre daha bekledikten sonra, sonunda Daniel ilk olarak ameliyathaneye g\u00f6t\u00fcr\u00fcld\u00fc. Ne yaz\u0131k ki sa\u011f g\u00f6z\u00fcnde ciddi komplikasyonlar olu\u015ftu, bu nedenle g\u00f6zde iki kez vakum uygulanmas\u0131 gerekti ve operasyon sonras\u0131 g\u00f6z \u00e7ok yoruldu\u011fu i\u00e7in lens tak\u0131ld\u0131. Karin\u2019in operasyonu ise sorunsuz ge\u00e7ti. Operasyon sonras\u0131 g\u00f6zlerdeki yanma ve ka\u015f\u0131nma hissi \u00e7ok k\u00f6t\u00fcyd\u00fc ve g\u00f6zlerimiz s\u00fcrekli suland\u0131\u011f\u0131 i\u00e7in a\u00e7makta g\u00fc\u00e7l\u00fck \u00e7ektik. Ancak bize bunun normal semptomlar oldu\u011fu ve yak\u0131nda ge\u00e7ece\u011fi s\u00f6ylendi.                        Operasyondan yakla\u015f\u0131k bir saat sonra k\u0131sa bir kontrole gittikten sonra, otelimize d\u00f6n\u00fc\u015f i\u00e7in servis bekledik. Ne yaz\u0131k ki servis yar\u0131m saat daha ge\u00e7 geldi ve bu, ya\u015fad\u0131\u011f\u0131m\u0131z a\u011fr\u0131lar g\u00f6z \u00f6n\u00fcne al\u0131nd\u0131\u011f\u0131nda olduk\u00e7a rahats\u0131z ediciydi. \u00dcstelik otobanda trafik s\u0131k\u0131\u015f\u0131kl\u0131\u011f\u0131nda \u015fof\u00f6r de\u011fi\u015fimi de oldu ve neredeyse g\u00f6remedi\u011fimiz i\u00e7in bu durum bizi biraz endi\u015felendirdi. Sonunda otele vard\u0131k ve nihayet yata\u011f\u0131m\u0131za uzan\u0131p yorgunluklar\u0131m\u0131z\u0131 atabildik. Bir saat sonra odam\u0131za lezzetli bir yemek sipari\u015f ettik ve ard\u0131ndan \u00e7ok daha iyi hissettik. Belirtiler azald\u0131, sadece hafif bir a\u011fr\u0131 kald\u0131. Art\u0131k g\u00f6zl\u00fck olmadan \u00e7ok iyi g\u00f6rebiliyorduk ve sevin\u00e7 b\u00fcy\u00fck oldu. Ak\u015fam d\u0131\u015far\u0131 \u00e7\u0131kt\u0131k ve g\u00f6rd\u00fcklerimize hayran kald\u0131k. Cumartesi g\u00fcn\u00fc Acibadem Hastanesi\u2019nde bir kontrol daha yap\u0131ld\u0131 ve doktorumuzla son bir g\u00f6r\u00fc\u015fme ger\u00e7ekle\u015ftirildi. Doktor, Daniel\u2019e sa\u011f g\u00f6z\u00fcndeki operasyon s\u0131ras\u0131nda nelerin yanl\u0131\u015f gitti\u011fini a\u00e7\u0131klad\u0131. \u0130svi\u00e7re\u2019deki sonraki kontrollerimizde ise her ikimizin operasyonunun ba\u015far\u0131l\u0131 oldu\u011fu ve uzun s\u00fcre g\u00f6zl\u00fc\u011fe ihtiya\u00e7 duymayaca\u011f\u0131m\u0131z teyit edildi. Sonu\u00e7 olarak Swisslasik\u2019in organizasyonundan, Bay Karaaga\u00e7li\u2019nin s\u00fcrekli telefonla ula\u015f\u0131labilir olmas\u0131ndan ve otelden \u00e7ok memnun kald\u0131k. Acibadem Hastanesi\u2019ndeki ileti\u015fimin ise, hastalar\u0131n ba\u015ftan sona kendilerini iyi hissedebilmesi i\u00e7in mutlaka geli\u015ftirilmesi gerekti\u011fini d\u00fc\u015f\u00fcn\u00fcyoruz. Arkada\u015flar\u0131m\u0131z ve tan\u0131d\u0131klar\u0131m\u0131zla bu deneyimi payla\u015ft\u0131k ve Swisslasik\u2019i tavsiye ettik. Bu operasyon sayesinde \u00e7ok daha y\u00fcksek bir ya\u015fam kalitesi kazand\u0131k ve Swisslasik\u2019e destekleri i\u00e7in te\u015fekk\u00fcr ederiz. 20.02.2012, Karin &amp; Daniel N.               <\/p>\n\n\n\n<div class=\"wp-block-group is-layout-grid wp-container-core-group-is-layout-baef362d wp-block-group-is-layout-grid\">\n<p><\/p>\n\n\n\n<p class=\"has-text-align-right wp-container-content-5e2576f9\"><a href=\"https:\/\/medicaltravel.at\/home\/impressum\/\" data-type=\"page\" data-id=\"2193\" rel=\"nofollow noopener\" target=\"_blank\"><\/a><a href=\"https:\/\/medicaltravel.at\/home\/berichte-von-patienten\/erfahrungsberichte\/erfahrungsbericht-zahnbehandlung-in-istanbul\/\" data-type=\"page\" data-id=\"981\" rel=\"nofollow noopener\" target=\"_blank\"><\/a><a href=\"https:\/\/medicaltravel.ch\/tr\/hasta-raporlari\/turkiyede-sac-ekimi-hastalarinin-yorumlari\/istanbulda-lasik-goez-ameliyati-deneyim-raporu-2-aralik-2011-2-aralik-2011-cuma-tarihli-rapor\/\" data-type=\"link\" data-id=\"https:\/\/medicaltravel.ch\/tr\/hasta-raporlari\/turkiyede-sac-ekimi-hastalarinin-yorumlari\/istanbulda-lasik-goez-ameliyati-deneyim-raporu-2-aralik-2011-2-aralik-2011-cuma-tarihli-rapor\/\">Sonraki rapor<\/a><\/p>\n<\/div>\n","protected":false},"excerpt":{"rendered":"<p>Swisslasik deneyim raporu \u2013 1 Ocak 2012 Pazar tarihli rapor G\u00f6zs\u00fcz bir hayat ya\u015fama iste\u011fi ikimizde de uzun s\u00fcredir vard\u0131, ancak bir arkada\u015f\u0131m\u0131z Swisslasik\u2019teki deneyimlerinden bahsedince konuya daha fazla yo\u011funla\u015ft\u0131k. \u00d6nce Swisslasik\u2019in web sitesinden \u00f6n bilgi ald\u0131k, ard\u0131ndan Z\u00fcrich\u2019teki Fespo fuar\u0131nda Bay Karaaga\u00e7li ile \u015fahsen tan\u0131\u015ft\u0131k ve detayl\u0131 bilgiler edindik. Swisslasik\u2019e ba\u015f\u0131ndan itibaren g\u00fcvenimiz vard\u0131 ve b\u00f6ylece 15 Aral\u0131k 2011 Per\u015fembe g\u00fcn\u00fc \u0130stanbul yolculu\u011fumuza ba\u015flad\u0131k. U\u00e7u\u015ftan birka\u00e7 g\u00fcn \u00f6nce Swisslasik Pass\u2019\u0131m\u0131z\u0131 ve e-biletlerimizi ald\u0131k, b\u00f6ylece online check-in\u2019den sonra stressiz bir \u015fekilde \u0130stanbul\u2019a gidebildik. S\u00f6z verildi\u011fi gibi, havaalan\u0131nda bir \u015fof\u00f6r bizi kar\u015f\u0131lad\u0131 ve g\u00fcvenli bir \u015fekilde otele g\u00f6t\u00fcrd\u00fc. Park City Otel bize \u00e7ok k\u00fc\u00e7\u00fck ama temiz bir oda verdi. Personel nazik ve yard\u0131mc\u0131yd\u0131, kahvalt\u0131 b\u00fcfesi ise herkesin zevkine hitap ediyordu. Kendimizi iyi hissettik ve Taksim\u2019in hareketli semtini rahat\u00e7a y\u00fcr\u00fcyerek ke\u015ffedebildik. Cuma sabah\u0131 \u015fof\u00f6r\u00fcm\u00fcz tam zaman\u0131nda bizi Acibadem Hastanesi\u2019ne g\u00f6t\u00fcrd\u00fc, \u0130stanbul\u2019daki yo\u011fun trafikle ilk kez kar\u015f\u0131la\u015ft\u0131k. Acibadem Hastanesi ilk bak\u0131\u015fta \u00e7ok iyi bir izlenim b\u0131rakt\u0131; nazik\u00e7e kar\u015f\u0131land\u0131k ve k\u0131sa s\u00fcre sonra alt kattaki \u201cG\u00f6z\u201d b\u00f6l\u00fcm\u00fcne y\u00f6nlendirildik. Sabah, \u0130svi\u00e7re\u2019den gelen bir \u00fc\u00e7\u00fcnc\u00fc ki\u015fiyle birlikte g\u00f6z lazer operasyonu i\u00e7in planlanm\u0131\u015ft\u0131k. \u0130lk iki saat boyunca \u00e7e\u015fitli testler yap\u0131ld\u0131; operasyon i\u00e7in uygun olup olmad\u0131\u011f\u0131m\u0131z kontrol edildi. Bu testler \u00e7ok tela\u015fl\u0131 ve ileti\u015fimsiz bir \u015fekilde y\u00fcr\u00fct\u00fcld\u00fc, bu y\u00fczden bir odadan di\u011ferine biraz \u015fa\u015fk\u0131n bir \u015fekilde y\u00f6nlendirildik. Testleri yapan asistan olduk\u00e7a stresli g\u00f6r\u00fcn\u00fcyordu ve Almanca terc\u00fcman\u0131m\u0131z bize s\u00fcreci detayl\u0131ca a\u00e7\u0131klamak i\u00e7in zaman ay\u0131rmad\u0131. Neyse ki \u00fc\u00e7\u00fcnc\u00fc hasta testleri \u0130svi\u00e7re\u2019de \u00f6nceden yapt\u0131rm\u0131\u015ft\u0131 ve bize s\u00fcre\u00e7ler hakk\u0131nda bilgi verebildi. Bu nedenle, asistan bize g\u00f6z damlas\u0131 vermeden \u00f6nce bizi uyard\u0131\u011f\u0131nda \u00e7ok memnun olduk; damlalar g\u00f6zde birka\u00e7 saniye boyunca inan\u0131lmaz bir yanma yap\u0131yordu. Bu testlerden sonra ilk kez doktorumuzla g\u00f6r\u00fc\u015ft\u00fck. Doktor \u00e7ok yetkin ve sakin bir izlenim b\u0131rakt\u0131, \u0130ngilizce olarak operasyon hakk\u0131nda bizi bilgilendirdi. Neyse ki ikimiz de LASIK operasyonu i\u00e7in uygunduk. Bir s\u00fcre daha bekledikten sonra, sonunda Daniel ilk olarak ameliyathaneye g\u00f6t\u00fcr\u00fcld\u00fc. Ne yaz\u0131k ki sa\u011f g\u00f6z\u00fcnde ciddi komplikasyonlar olu\u015ftu, bu nedenle g\u00f6zde iki kez vakum uygulanmas\u0131 gerekti ve operasyon sonras\u0131 g\u00f6z \u00e7ok yoruldu\u011fu i\u00e7in lens tak\u0131ld\u0131. Karin\u2019in operasyonu ise sorunsuz ge\u00e7ti. Operasyon sonras\u0131 g\u00f6zlerdeki yanma ve ka\u015f\u0131nma hissi \u00e7ok k\u00f6t\u00fcyd\u00fc ve g\u00f6zlerimiz s\u00fcrekli suland\u0131\u011f\u0131 i\u00e7in a\u00e7makta g\u00fc\u00e7l\u00fck \u00e7ektik. Ancak bize bunun normal semptomlar oldu\u011fu ve yak\u0131nda ge\u00e7ece\u011fi s\u00f6ylendi. Operasyondan yakla\u015f\u0131k bir saat sonra k\u0131sa bir kontrole gittikten sonra, otelimize d\u00f6n\u00fc\u015f i\u00e7in servis bekledik. Ne yaz\u0131k ki servis yar\u0131m saat daha ge\u00e7 geldi ve bu, ya\u015fad\u0131\u011f\u0131m\u0131z a\u011fr\u0131lar g\u00f6z \u00f6n\u00fcne al\u0131nd\u0131\u011f\u0131nda olduk\u00e7a rahats\u0131z ediciydi. \u00dcstelik otobanda trafik s\u0131k\u0131\u015f\u0131kl\u0131\u011f\u0131nda \u015fof\u00f6r de\u011fi\u015fimi de oldu ve neredeyse g\u00f6remedi\u011fimiz i\u00e7in bu durum bizi biraz endi\u015felendirdi. Sonunda otele vard\u0131k ve nihayet yata\u011f\u0131m\u0131za uzan\u0131p yorgunluklar\u0131m\u0131z\u0131 atabildik. Bir saat sonra odam\u0131za lezzetli bir yemek sipari\u015f ettik ve ard\u0131ndan \u00e7ok daha iyi hissettik. Belirtiler azald\u0131, sadece hafif bir a\u011fr\u0131 kald\u0131. Art\u0131k g\u00f6zl\u00fck olmadan \u00e7ok iyi g\u00f6rebiliyorduk ve sevin\u00e7 b\u00fcy\u00fck oldu. Ak\u015fam d\u0131\u015far\u0131 \u00e7\u0131kt\u0131k ve g\u00f6rd\u00fcklerimize hayran kald\u0131k. Cumartesi g\u00fcn\u00fc Acibadem Hastanesi\u2019nde bir kontrol daha yap\u0131ld\u0131 ve doktorumuzla son bir g\u00f6r\u00fc\u015fme ger\u00e7ekle\u015ftirildi. Doktor, Daniel\u2019e sa\u011f g\u00f6z\u00fcndeki operasyon s\u0131ras\u0131nda nelerin yanl\u0131\u015f gitti\u011fini a\u00e7\u0131klad\u0131. \u0130svi\u00e7re\u2019deki sonraki kontrollerimizde ise her ikimizin operasyonunun ba\u015far\u0131l\u0131 oldu\u011fu ve uzun s\u00fcre g\u00f6zl\u00fc\u011fe ihtiya\u00e7 duymayaca\u011f\u0131m\u0131z teyit edildi. Sonu\u00e7 olarak Swisslasik\u2019in organizasyonundan, Bay Karaaga\u00e7li\u2019nin s\u00fcrekli telefonla ula\u015f\u0131labilir olmas\u0131ndan ve otelden \u00e7ok memnun kald\u0131k. Acibadem Hastanesi\u2019ndeki ileti\u015fimin ise, hastalar\u0131n ba\u015ftan sona kendilerini iyi hissedebilmesi i\u00e7in mutlaka geli\u015ftirilmesi gerekti\u011fini d\u00fc\u015f\u00fcn\u00fcyoruz. Arkada\u015flar\u0131m\u0131z ve tan\u0131d\u0131klar\u0131m\u0131zla bu deneyimi payla\u015ft\u0131k ve Swisslasik\u2019i tavsiye ettik. Bu operasyon sayesinde \u00e7ok daha y\u00fcksek bir ya\u015fam kalitesi kazand\u0131k ve Swisslasik\u2019e destekleri i\u00e7in te\u015fekk\u00fcr ederiz. 20.02.2012, Karin &amp; Daniel N. Sonraki rapor<\/p>\n","protected":false},"author":4,"featured_media":0,"parent":4886,"menu_order":0,"comment_status":"closed","ping_status":"closed","template":"","meta":{"_joinchat":[],"footnotes":""},"class_list":["post-4904","page","type-page","status-publish","hentry"],"acf":[],"_links":{"self":[{"href":"https:\/\/medicaltravel.ch\/tr\/wp-json\/wp\/v2\/pages\/4904","targetHints":{"allow":["GET"]}}],"collection":[{"href":"https:\/\/medicaltravel.ch\/tr\/wp-json\/wp\/v2\/pages"}],"about":[{"href":"https:\/\/medicaltravel.ch\/tr\/wp-json\/wp\/v2\/types\/page"}],"author":[{"embeddable":true,"href":"https:\/\/medicaltravel.ch\/tr\/wp-json\/wp\/v2\/users\/4"}],"replies":[{"embeddable":true,"href":"https:\/\/medicaltravel.ch\/tr\/wp-json\/wp\/v2\/comments?post=4904"}],"version-history":[{"count":2,"href":"https:\/\/medicaltravel.ch\/tr\/wp-json\/wp\/v2\/pages\/4904\/revisions"}],"predecessor-version":[{"id":6482,"href":"https:\/\/medicaltravel.ch\/tr\/wp-json\/wp\/v2\/pages\/4904\/revisions\/6482"}],"up":[{"embeddable":true,"href":"https:\/\/medicaltravel.ch\/tr\/wp-json\/wp\/v2\/pages\/4886"}],"wp:attachment":[{"href":"https:\/\/medicaltravel.ch\/tr\/wp-json\/wp\/v2\/media?parent=4904"}],"curies":[{"name":"wp","href":"https:\/\/api.w.org\/{rel}","templated":true}]}}