{"id":4906,"date":"2025-09-24T06:47:10","date_gmt":"2025-09-24T05:47:10","guid":{"rendered":"https:\/\/medicaltravel.ch\/hasta-raporlari\/patientenberichte-haartransplantation-tuerkei\/istanbulda-lazer-goez-ameliyati-deneyim-raporu-30-kasim-2011-carsamba-tarihli-rapor\/"},"modified":"2026-01-12T19:56:38","modified_gmt":"2026-01-12T18:56:38","slug":"istanbulda-lazer-goez-ameliyati-deneyim-raporu-30-kasim-2011-carsamba-tarihli-rapor","status":"publish","type":"page","link":"https:\/\/medicaltravel.ch\/tr\/hasta-raporlari\/turkiyede-sac-ekimi-hastalarinin-yorumlari\/istanbulda-lazer-goez-ameliyati-deneyim-raporu-30-kasim-2011-carsamba-tarihli-rapor\/","title":{"rendered":"\u0130stanbul&#8217;da Lazer G\u00f6z Ameliyat\u0131 Deneyim Raporu \u2013 30 Kas\u0131m 2011 \u00c7ar\u015famba Tarihli Rapor"},"content":{"rendered":"\n<p>\u0130stanbul&#8217;da Lazer G\u00f6z Ameliyat\u0131 Deneyim Raporu \u2013 30 Kas\u0131m 2011 \u00c7ar\u015famba Tarihli Rapor<\/p>\n\n\n\n<p>52 ya\u015f\u0131nday\u0131m ve 18 Ekim 2011\u2019de g\u00f6zlerimi lazerle tedavi etmeye cesaret ettim. 12 ya\u015f\u0131mdan beri g\u00f6zl\u00fck tak\u0131yordum; zamanla \u00e7ok y\u00fcksek bir numaraya ula\u015ft\u0131m ve g\u00f6zl\u00fcks\u00fcz neredeyse hi\u00e7bir \u015feyi net g\u00f6remez olmu\u015ftum. Son d\u00f6rt y\u0131ld\u0131r ise varilux markal\u0131 progresif g\u00f6zl\u00fck kullan\u0131yordum. Spor yaparken ise kontakt lens kullan\u0131yordum, ancak bu \u00e7o\u011fu zaman rahats\u0131z ediciydi.<br>K\u0131z\u0131m bu yaz g\u00f6zlerini lazerle tedavi ettirdi ve ben ona s\u00f6z verdim, \u0130stanbul\u2019a gidip yan\u0131nda olaca\u011f\u0131m. S\u00fcrekli olarak beni de g\u00f6zlerimi lazerle yapt\u0131rmam i\u00e7in cesaretlendirdi. Uzun s\u00fcre teredd\u00fct ettim ve sonunda \u0130stanbul\u2019da g\u00f6zlerimin uygun olup olmad\u0131\u011f\u0131n\u0131 bir kontrol ettirebilece\u011fimi d\u00fc\u015f\u00fcnd\u00fcm. K\u0131z\u0131m zaten Swisslasik\u2019ten Bay Karaaga\u00e7li ile yo\u011fun bir \u015fekilde ileti\u015fim halindeydi, ben de kendisine \u0130stanbul\u2019da g\u00f6zlerimin muayene edilip edilemeyece\u011fini sordum. O da hemen bana ayn\u0131 g\u00fcn k\u0131z\u0131mla birlikte muayene olabilece\u011fim bir randevu ayarlad\u0131. Ayr\u0131ca bana bir operasyon tarihi de verdi, ama e\u011fer operasyon yapt\u0131rmamaya karar verirsem bunu rahatl\u0131kla iptal edebilece\u011fimi belirtti.<br>Bay Karaaga\u00e7li, k\u0131z\u0131m\u0131n yan\u0131nda refakat\u00e7i olarak u\u00e7u\u015f ve oteli benim i\u00e7in \u00e7oktan organize etmi\u015fti. Ben sadece yola \u00e7\u0131kmadan \u00f6nce u\u00e7ak ve otel \u00fccretini \u00f6dedim. Operasyon \u00fccretini ise klinikte \u00f6deyebilirdim. \u0130stanbul\u2019daki muayenede doktor bana, operasyon sonras\u0131 da ya\u015fa ba\u011fl\u0131 olarak okumak ve bilgisayar ba\u015f\u0131nda \u00e7al\u0131\u015fmak i\u00e7in g\u00f6zl\u00fc\u011fe ihtiyac\u0131m olaca\u011f\u0131n\u0131 s\u00f6yledi. Daha \u00f6nce spor yaparken lens kulland\u0131\u011f\u0131m ve bununla da okuyamad\u0131\u011f\u0131m\u0131 bildi\u011fim i\u00e7in, operasyon sonras\u0131 durum hakk\u0131nda bir fikir sahibi olmu\u015ftum. Bu muayeneden sonra operasyon yapt\u0131rmaya karar verdim.<br>\u00d6\u011fle yeme\u011fi i\u00e7in yakla\u015f\u0131k \u00fc\u00e7 saatimiz vard\u0131; bu s\u00fcrede karar\u0131m\u0131 tekrar g\u00f6zden ge\u00e7irebilme imk\u00e2n\u0131m oldu. Ancak operasyon \u00fccretini sadece bu a\u015famada \u00f6dedim ve bu, kesin onay\u0131m olarak kabul edildi. Operasyonun detaylar\u0131 i\u00e7in k\u0131z\u0131m Manuela Camenzind\u2019in raporuna bakabilirsiniz; ben de neredeyse ayn\u0131 deneyimi ya\u015fad\u0131m.<br>Hi\u00e7 beklemedi\u011fimiz \u015fekilde, g\u00f6zlerimiz operasyon sonras\u0131 bir s\u00fcre \u00e7ok fazla yan\u0131yordu. Ancak ertesi sabah uyanmak t\u00fcm rahats\u0131z edici a\u011fr\u0131lara de\u011fdi. Otelin 7. kat\u0131ndan g\u00f6zl\u00fcks\u00fcz \u0130stanbul\u2019un g\u00fczel manzaras\u0131n\u0131 seyredebildik.<br>\u0130stanbul\u2019daki t\u00fcm s\u00fcre\u00e7 kusursuz bir \u015fekilde organize edilmi\u015fti; bu konuda k\u0131z\u0131m\u0131n raporuyla tamamen hemfikirim. Swisslasik\u2019in esnekli\u011fi ise benim i\u00e7in \u00e7ok de\u011ferliydi. T\u00fcrkiye d\u00f6n\u00fc\u015f\u00fcnde operasyon sonras\u0131 kontrolleri \u0130svi\u00e7re\u2019de yapt\u0131r\u0131p yapt\u0131rmamaya karar verebildim; ben Standart paketi se\u00e7tim ve kontrolleri kendi g\u00f6z doktorumda yapt\u0131rd\u0131m. Doktorum operasyonun \u00e7ok iyi ge\u00e7ti\u011fini onaylad\u0131.<br>\u201cG\u00f6zlerimi tekrar lazerle yapt\u0131r\u0131r m\u0131y\u0131m?\u201d sorusuna cevab\u0131m her zaman: G\u00f6zl\u00fcks\u00fcz do\u011faya bakmak ve spor yapmak ger\u00e7ekten \u00e7ok g\u00fczel, bundan keyif al\u0131yorum.                               Yakla\u015f\u0131k d\u00f6rt hafta boyunca standart bir okuma g\u00f6zl\u00fc\u011f\u00fc kulland\u0131m, \u00e7\u00fcnk\u00fc bir\u00e7ok yak\u0131n i\u015fi yapmak gerekiyordu (bilgisayar \u00e7al\u0131\u015fmalar\u0131, okuma, yemek pi\u015firme, al\u0131\u015fveri\u015f vb.). G\u00f6zlerimin \u00f6nce iyile\u015fmesi gerekti\u011fi i\u00e7in bir ay bekledikten sonra ki\u015fisel g\u00f6zl\u00fc\u011f\u00fcm\u00fc yapt\u0131rd\u0131m. Tekrar progresif g\u00f6zl\u00fck tercih ettim, \u00e7\u00fcnk\u00fc g\u00f6zl\u00fc\u011f\u00fc s\u00fcrekli tak\u0131p \u00e7\u0131karmak istemiyordum.<br>Sonu\u00e7 olarak h\u00e2l\u00e2 g\u00f6zl\u00fc\u011f\u00fcm\u00fc \u00e7ok s\u0131k kullan\u0131yorum. Ama avantaj\u0131 \u015fu ki art\u0131k eskiden oldu\u011fu gibi iki g\u00f6zl\u00fc\u011fe ihtiyac\u0131m yok. \u00d6nceden progresif g\u00f6zl\u00fc\u011f\u00fcm\u00fcn yan\u0131nda bilgisayar i\u00e7in ayr\u0131 bir g\u00f6zl\u00fck kullan\u0131yordum, \u00e7\u00fcnk\u00fc d\u00fczeltme de\u011ferlerimle bilgisayar ba\u015f\u0131nda ciddi zorluk ya\u015f\u0131yordum. Art\u0131k d\u0131\u015far\u0131da da g\u00f6zl\u00fck takmam gerekmiyor. \u00d6zellikle so\u011fuk k\u0131\u015f g\u00fcnlerinde bu \u00e7ok rahat, \u00e7\u00fcnk\u00fc camlar art\u0131k bu\u011fulanm\u0131yor.<br>Dezavantaj\u0131 ise, g\u00f6zl\u00fcks\u00fcz hi\u00e7bir \u015fekilde okuyam\u0131yor olmam. 50 ya\u015f \u00fczeri \u00e7o\u011fu ki\u015fi bunu zaten bilir. Ama ben miyop oldu\u011fum i\u00e7in, g\u00f6zl\u00fcks\u00fcz de rahat\u00e7a okuyabilmeye al\u0131\u015fk\u0131nd\u0131m; yatakta bile g\u00f6zl\u00fcks\u00fcz kitap okuyabiliyordum, \u015fimdi bu m\u00fcmk\u00fcn de\u011fil. Genel olarak okuma biraz daha zahmetli hale geldi.<br>Benim ya\u015f\u0131mda biri tek g\u00f6zl\u00fckle idare edebiliyorsa, ona operasyonu \u00f6nermem. Ancak benim gibi iki g\u00f6zl\u00fc\u011fe ba\u011f\u0131ml\u0131ysa, operasyonu d\u00fc\u015f\u00fcnmek mant\u0131kl\u0131 olabilir. As\u0131l fayday\u0131 ise gen\u00e7ler g\u00f6rebilir, \u00e7\u00fcnk\u00fc onlar\u0131n hen\u00fcz ya\u015fa ba\u011fl\u0131 g\u00f6z yak\u0131nla\u015fmas\u0131 sorunlar\u0131 yok.<br>Margrit Camenzind, 29 Kas\u0131m 2011                <\/p>\n\n\n\n<div class=\"wp-block-group is-layout-grid wp-container-core-group-is-layout-baef362d wp-block-group-is-layout-grid\">\n<p><a href=\"https:\/\/medicaltravel.at\/home\/agb\/\" data-type=\"page\" data-id=\"2191\" rel=\"nofollow noopener\" target=\"_blank\"><\/a><a href=\"https:\/\/medicaltravel.ch\/tr\/hasta-raporlari\/turkiyede-sac-ekimi-hastalarinin-yorumlari\/istanbulda-lasik-goez-ameliyati-deneyim-raporu-2-aralik-2011-2-aralik-2011-cuma-tarihli-rapor\/\" data-type=\"link\" data-id=\"https:\/\/medicaltravel.ch\/tr\/hasta-raporlari\/turkiyede-sac-ekimi-hastalarinin-yorumlari\/istanbulda-lasik-goez-ameliyati-deneyim-raporu-2-aralik-2011-2-aralik-2011-cuma-tarihli-rapor\/\">\u00d6nceki rapor<\/a><\/p>\n\n\n\n<p class=\"has-text-align-right wp-container-content-5e2576f9\"><a href=\"https:\/\/medicaltravel.at\/home\/impressum\/\" data-type=\"page\" data-id=\"2193\" rel=\"nofollow noopener\" target=\"_blank\"><\/a><a href=\"https:\/\/medicaltravel.at\/home\/berichte-von-patienten\/erfahrungsberichte\/erfahrungsbericht-zahnbehandlung-in-istanbul\/\" data-type=\"page\" data-id=\"981\" rel=\"nofollow noopener\" target=\"_blank\"><\/a><a href=\"https:\/\/medicaltravel.ch\/tr\/hasta-raporlari\/turkiyede-sac-ekimi-hastalarinin-yorumlari\/istanbulda-lazer-goez-ameliyati-hayatimin-en-iyi-kararlarindan-biriydi-30-kasim-2011-carsamba-tarihli-rapor\/\" data-type=\"link\" data-id=\"https:\/\/medicaltravel.ch\/tr\/hasta-raporlari\/turkiyede-sac-ekimi-hastalarinin-yorumlari\/istanbulda-lazer-goez-ameliyati-hayatimin-en-iyi-kararlarindan-biriydi-30-kasim-2011-carsamba-tarihli-rapor\/\">Sonraki rapor<\/a><\/p>\n<\/div>\n","protected":false},"excerpt":{"rendered":"<p>\u0130stanbul&#8217;da Lazer G\u00f6z Ameliyat\u0131 Deneyim Raporu \u2013 30 Kas\u0131m 2011 \u00c7ar\u015famba Tarihli Rapor 52 ya\u015f\u0131nday\u0131m ve 18 Ekim 2011\u2019de g\u00f6zlerimi lazerle tedavi etmeye cesaret ettim. 12 ya\u015f\u0131mdan beri g\u00f6zl\u00fck tak\u0131yordum; zamanla \u00e7ok y\u00fcksek bir numaraya ula\u015ft\u0131m ve g\u00f6zl\u00fcks\u00fcz neredeyse hi\u00e7bir \u015feyi net g\u00f6remez olmu\u015ftum. Son d\u00f6rt y\u0131ld\u0131r ise varilux markal\u0131 progresif g\u00f6zl\u00fck kullan\u0131yordum. Spor yaparken ise kontakt lens kullan\u0131yordum, ancak bu \u00e7o\u011fu zaman rahats\u0131z ediciydi.K\u0131z\u0131m bu yaz g\u00f6zlerini lazerle tedavi ettirdi ve ben ona s\u00f6z verdim, \u0130stanbul\u2019a gidip yan\u0131nda olaca\u011f\u0131m. S\u00fcrekli olarak beni de g\u00f6zlerimi lazerle yapt\u0131rmam i\u00e7in cesaretlendirdi. Uzun s\u00fcre teredd\u00fct ettim ve sonunda \u0130stanbul\u2019da g\u00f6zlerimin uygun olup olmad\u0131\u011f\u0131n\u0131 bir kontrol ettirebilece\u011fimi d\u00fc\u015f\u00fcnd\u00fcm. K\u0131z\u0131m zaten Swisslasik\u2019ten Bay Karaaga\u00e7li ile yo\u011fun bir \u015fekilde ileti\u015fim halindeydi, ben de kendisine \u0130stanbul\u2019da g\u00f6zlerimin muayene edilip edilemeyece\u011fini sordum. O da hemen bana ayn\u0131 g\u00fcn k\u0131z\u0131mla birlikte muayene olabilece\u011fim bir randevu ayarlad\u0131. Ayr\u0131ca bana bir operasyon tarihi de verdi, ama e\u011fer operasyon yapt\u0131rmamaya karar verirsem bunu rahatl\u0131kla iptal edebilece\u011fimi belirtti.Bay Karaaga\u00e7li, k\u0131z\u0131m\u0131n yan\u0131nda refakat\u00e7i olarak u\u00e7u\u015f ve oteli benim i\u00e7in \u00e7oktan organize etmi\u015fti. Ben sadece yola \u00e7\u0131kmadan \u00f6nce u\u00e7ak ve otel \u00fccretini \u00f6dedim. Operasyon \u00fccretini ise klinikte \u00f6deyebilirdim. \u0130stanbul\u2019daki muayenede doktor bana, operasyon sonras\u0131 da ya\u015fa ba\u011fl\u0131 olarak okumak ve bilgisayar ba\u015f\u0131nda \u00e7al\u0131\u015fmak i\u00e7in g\u00f6zl\u00fc\u011fe ihtiyac\u0131m olaca\u011f\u0131n\u0131 s\u00f6yledi. Daha \u00f6nce spor yaparken lens kulland\u0131\u011f\u0131m ve bununla da okuyamad\u0131\u011f\u0131m\u0131 bildi\u011fim i\u00e7in, operasyon sonras\u0131 durum hakk\u0131nda bir fikir sahibi olmu\u015ftum. Bu muayeneden sonra operasyon yapt\u0131rmaya karar verdim.\u00d6\u011fle yeme\u011fi i\u00e7in yakla\u015f\u0131k \u00fc\u00e7 saatimiz vard\u0131; bu s\u00fcrede karar\u0131m\u0131 tekrar g\u00f6zden ge\u00e7irebilme imk\u00e2n\u0131m oldu. Ancak operasyon \u00fccretini sadece bu a\u015famada \u00f6dedim ve bu, kesin onay\u0131m olarak kabul edildi. Operasyonun detaylar\u0131 i\u00e7in k\u0131z\u0131m Manuela Camenzind\u2019in raporuna bakabilirsiniz; ben de neredeyse ayn\u0131 deneyimi ya\u015fad\u0131m.Hi\u00e7 beklemedi\u011fimiz \u015fekilde, g\u00f6zlerimiz operasyon sonras\u0131 bir s\u00fcre \u00e7ok fazla yan\u0131yordu. Ancak ertesi sabah uyanmak t\u00fcm rahats\u0131z edici a\u011fr\u0131lara de\u011fdi. Otelin 7. kat\u0131ndan g\u00f6zl\u00fcks\u00fcz \u0130stanbul\u2019un g\u00fczel manzaras\u0131n\u0131 seyredebildik.\u0130stanbul\u2019daki t\u00fcm s\u00fcre\u00e7 kusursuz bir \u015fekilde organize edilmi\u015fti; bu konuda k\u0131z\u0131m\u0131n raporuyla tamamen hemfikirim. Swisslasik\u2019in esnekli\u011fi ise benim i\u00e7in \u00e7ok de\u011ferliydi. T\u00fcrkiye d\u00f6n\u00fc\u015f\u00fcnde operasyon sonras\u0131 kontrolleri \u0130svi\u00e7re\u2019de yapt\u0131r\u0131p yapt\u0131rmamaya karar verebildim; ben Standart paketi se\u00e7tim ve kontrolleri kendi g\u00f6z doktorumda yapt\u0131rd\u0131m. Doktorum operasyonun \u00e7ok iyi ge\u00e7ti\u011fini onaylad\u0131.\u201cG\u00f6zlerimi tekrar lazerle yapt\u0131r\u0131r m\u0131y\u0131m?\u201d sorusuna cevab\u0131m her zaman: G\u00f6zl\u00fcks\u00fcz do\u011faya bakmak ve spor yapmak ger\u00e7ekten \u00e7ok g\u00fczel, bundan keyif al\u0131yorum. Yakla\u015f\u0131k d\u00f6rt hafta boyunca standart bir okuma g\u00f6zl\u00fc\u011f\u00fc kulland\u0131m, \u00e7\u00fcnk\u00fc bir\u00e7ok yak\u0131n i\u015fi yapmak gerekiyordu (bilgisayar \u00e7al\u0131\u015fmalar\u0131, okuma, yemek pi\u015firme, al\u0131\u015fveri\u015f vb.). G\u00f6zlerimin \u00f6nce iyile\u015fmesi gerekti\u011fi i\u00e7in bir ay bekledikten sonra ki\u015fisel g\u00f6zl\u00fc\u011f\u00fcm\u00fc yapt\u0131rd\u0131m. Tekrar progresif g\u00f6zl\u00fck tercih ettim, \u00e7\u00fcnk\u00fc g\u00f6zl\u00fc\u011f\u00fc s\u00fcrekli tak\u0131p \u00e7\u0131karmak istemiyordum.Sonu\u00e7 olarak h\u00e2l\u00e2 g\u00f6zl\u00fc\u011f\u00fcm\u00fc \u00e7ok s\u0131k kullan\u0131yorum. Ama avantaj\u0131 \u015fu ki art\u0131k eskiden oldu\u011fu gibi iki g\u00f6zl\u00fc\u011fe ihtiyac\u0131m yok. \u00d6nceden progresif g\u00f6zl\u00fc\u011f\u00fcm\u00fcn yan\u0131nda bilgisayar i\u00e7in ayr\u0131 bir g\u00f6zl\u00fck kullan\u0131yordum, \u00e7\u00fcnk\u00fc d\u00fczeltme de\u011ferlerimle bilgisayar ba\u015f\u0131nda ciddi zorluk ya\u015f\u0131yordum. Art\u0131k d\u0131\u015far\u0131da da g\u00f6zl\u00fck takmam gerekmiyor. \u00d6zellikle so\u011fuk k\u0131\u015f g\u00fcnlerinde bu \u00e7ok rahat, \u00e7\u00fcnk\u00fc camlar art\u0131k bu\u011fulanm\u0131yor.Dezavantaj\u0131 ise, g\u00f6zl\u00fcks\u00fcz hi\u00e7bir \u015fekilde okuyam\u0131yor olmam. 50 ya\u015f \u00fczeri \u00e7o\u011fu ki\u015fi bunu zaten bilir. Ama ben miyop oldu\u011fum i\u00e7in, g\u00f6zl\u00fcks\u00fcz de rahat\u00e7a okuyabilmeye al\u0131\u015fk\u0131nd\u0131m; yatakta bile g\u00f6zl\u00fcks\u00fcz kitap okuyabiliyordum, \u015fimdi bu m\u00fcmk\u00fcn de\u011fil. Genel olarak okuma biraz daha zahmetli hale geldi.Benim ya\u015f\u0131mda biri tek g\u00f6zl\u00fckle idare edebiliyorsa, ona operasyonu \u00f6nermem. Ancak benim gibi iki g\u00f6zl\u00fc\u011fe ba\u011f\u0131ml\u0131ysa, operasyonu d\u00fc\u015f\u00fcnmek mant\u0131kl\u0131 olabilir. As\u0131l fayday\u0131 ise gen\u00e7ler g\u00f6rebilir, \u00e7\u00fcnk\u00fc onlar\u0131n hen\u00fcz ya\u015fa ba\u011fl\u0131 g\u00f6z yak\u0131nla\u015fmas\u0131 sorunlar\u0131 yok.Margrit Camenzind, 29 Kas\u0131m 2011 \u00d6nceki rapor Sonraki rapor<\/p>\n","protected":false},"author":4,"featured_media":0,"parent":4886,"menu_order":0,"comment_status":"closed","ping_status":"closed","template":"","meta":{"_joinchat":[],"footnotes":""},"class_list":["post-4906","page","type-page","status-publish","hentry"],"acf":[],"_links":{"self":[{"href":"https:\/\/medicaltravel.ch\/tr\/wp-json\/wp\/v2\/pages\/4906","targetHints":{"allow":["GET"]}}],"collection":[{"href":"https:\/\/medicaltravel.ch\/tr\/wp-json\/wp\/v2\/pages"}],"about":[{"href":"https:\/\/medicaltravel.ch\/tr\/wp-json\/wp\/v2\/types\/page"}],"author":[{"embeddable":true,"href":"https:\/\/medicaltravel.ch\/tr\/wp-json\/wp\/v2\/users\/4"}],"replies":[{"embeddable":true,"href":"https:\/\/medicaltravel.ch\/tr\/wp-json\/wp\/v2\/comments?post=4906"}],"version-history":[{"count":0,"href":"https:\/\/medicaltravel.ch\/tr\/wp-json\/wp\/v2\/pages\/4906\/revisions"}],"up":[{"embeddable":true,"href":"https:\/\/medicaltravel.ch\/tr\/wp-json\/wp\/v2\/pages\/4886"}],"wp:attachment":[{"href":"https:\/\/medicaltravel.ch\/tr\/wp-json\/wp\/v2\/media?parent=4906"}],"curies":[{"name":"wp","href":"https:\/\/api.w.org\/{rel}","templated":true}]}}