{"id":4910,"date":"2025-09-24T06:54:38","date_gmt":"2025-09-24T05:54:38","guid":{"rendered":"https:\/\/medicaltravel.ch\/hasta-raporlari\/patientenberichte-haartransplantation-tuerkei\/istanbuldaki-lasek-deneyimim-26-mayis-2011-persembe-tarihli-rapor\/"},"modified":"2026-01-12T20:03:37","modified_gmt":"2026-01-12T19:03:37","slug":"istanbuldaki-lasek-deneyimim-26-mayis-2011-persembe-tarihli-rapor","status":"publish","type":"page","link":"https:\/\/medicaltravel.ch\/tr\/hasta-raporlari\/turkiyede-sac-ekimi-hastalarinin-yorumlari\/istanbuldaki-lasek-deneyimim-26-mayis-2011-persembe-tarihli-rapor\/","title":{"rendered":"\u0130stanbul&#8217;daki LASEK deneyimim \u2013 26 May\u0131s 2011 Per\u015fembe tarihli rapor"},"content":{"rendered":"\n<p>\u0130stanbul&#8217;daki LASEK deneyimim \u2013 26 May\u0131s 2011 Per\u015fembe tarihli rapor<\/p>\n\n\n\n<p>\u0130nternette swisslasik.ch sitesini buldum ve sunduklar\u0131 paketleri inceledim. Ayr\u0131ca di\u011fer teklifleri de g\u00f6zden ge\u00e7irdim. Sonunda swisslasik.ch\u2019in Premium paketi beni en \u00e7ok ikna etti. Kendi ki\u015fisel izlenimimi edinmek i\u00e7in swisslasik.ch\u2019i Tatil Fuar\u0131\u2019nda ziyaret ettim. Giri\u015f bileti swisslasik.ch taraf\u0131ndan sa\u011flanm\u0131\u015ft\u0131. Genel olarak \u00e7ok iyi bir izlenim edindikten sonra seyahati ve operasyonu rezerve ettim. Fiyat-performans dengesi beni en \u00e7ok etkileyen unsurdu.<br>\u0130svi\u00e7re\u2019de \u00f6nceden g\u00f6zlerimin n\u00f6tr bir kontrol\u00fcn\u00fc yapt\u0131rd\u0131m. Yani swisslasik.ch\u2019in \u00f6nerdi\u011fi doktora gitmedim. Doktorum g\u00f6zlerimin sa\u011fl\u0131kl\u0131 oldu\u011funu ve bana LASIK tedavisini \u00f6nerebilece\u011fini s\u00f6yledi.<br>24 Nisan 2011\u2019de Swiss ile \u0130stanbul\u2019a seyahat ettim. Havaliman\u0131nda bizi bir limuzin kar\u015f\u0131lad\u0131 ve otele g\u00f6t\u00fcrd\u00fc. \u015eof\u00f6r ayn\u0131 zamanda Eyestar Klinik\u2019ten bir asistand\u0131. Ertesi g\u00fcn otelden al\u0131narak klini\u011fe g\u00f6t\u00fcr\u00fcld\u00fcm. Otel klinikten be\u015f dakikal\u0131k y\u00fcr\u00fcme mesafesinde olup b\u00fcy\u00fck bir avantaj sa\u011fl\u0131yordu.<br>Klinikte yap\u0131lan detayl\u0131 kontrollerden sonra doktor, baz\u0131 kornea b\u00f6lgelerimin \u00e7ok ince olmas\u0131 nedeniyle LASIK operasyonunu ger\u00e7ekle\u015ftiremeyece\u011fini s\u00f6yledi. Bunun yerine, ayn\u0131 fiyatla LASEK tedavisini \u00f6nerdi. Kabul ettim ve \u00f6\u011fleden sonra i\u00e7in bir randevu verildi. Operasyon sorunsuz ge\u00e7ti. Her \u015fey \u00e7ok iyi organize edilmi\u015fti ve t\u00fcm bilgiler Almanca olarak aktar\u0131l\u0131yordu.<br>Operasyondan sonra otele d\u00f6n\u00fcp yakla\u015f\u0131k d\u00f6rt saat uyudum. Sonras\u0131nda \u0130stanbul \u015fehir merkezine \u00e7\u0131k\u0131p g\u00fczel bir yemek yiyebildim. \u0130stanbul\u2019da kald\u0131\u011f\u0131m iki g\u00fcn boyunca her g\u00fcn kontrole gidebildim. \u0130svi\u00e7re\u2019de ise Arbon TG\u2019de doktorla bir kontrol randevusu ald\u0131m. LASEK\u2019in iyile\u015fme s\u00fcresi daha uzun oldu\u011fundan, bir ay i\u00e7inde \u00fc\u00e7 kontrol yapt\u0131rmam gerekti. Kornea y\u00fczeyim hen\u00fcz tamamen p\u00fcr\u00fczs\u00fcz de\u011fil, bu y\u00fczden g\u00f6r\u00fc\u015f \u015fu anda sadece %60. Ancak \u0130svi\u00e7re\u2019deki doktor, \u0130stanbul\u2019daki cerrahla ileti\u015fime ge\u00e7ti ve tedavi plan\u0131n\u0131 g\u00f6r\u00fc\u015ft\u00fc. Y\u00fczey tamamen p\u00fcr\u00fczs\u00fcz olmazsa, Premium paket sayesinde tekrar \u0130stanbul\u2019a gidip i\u015flem yapt\u0131rabilirim.<br>Swisslasik.ch\u2019i tamamen tavsiye edebilirim. Operasyondan memnun kald\u0131m, iyile\u015fme s\u00fcresi beklenenden biraz uzun s\u00fcrd\u00fc.<br>26 May\u0131s 2011<br>Christian Lichtensteiger                               <\/p>\n\n\n\n<div class=\"wp-block-group is-layout-grid wp-container-core-group-is-layout-baef362d wp-block-group-is-layout-grid\">\n<p><a href=\"https:\/\/medicaltravel.at\/home\/agb\/\" data-type=\"page\" data-id=\"2191\" rel=\"nofollow noopener\" target=\"_blank\"><\/a><a href=\"https:\/\/medicaltravel.ch\/tr\/hasta-raporlari\/turkiyede-sac-ekimi-hastalarinin-yorumlari\/2011-nisan-ayindaki-lazer-goez-ameliyatim-2-haziran-2011-persembe-tarihli-rapor\/\" data-type=\"link\" data-id=\"https:\/\/medicaltravel.ch\/tr\/hasta-raporlari\/turkiyede-sac-ekimi-hastalarinin-yorumlari\/2011-nisan-ayindaki-lazer-goez-ameliyatim-2-haziran-2011-persembe-tarihli-rapor\/\">\u00d6nceki rapor<\/a><\/p>\n\n\n\n<p class=\"has-text-align-right wp-container-content-5e2576f9\"><a href=\"https:\/\/medicaltravel.at\/home\/impressum\/\" data-type=\"page\" data-id=\"2193\" rel=\"nofollow noopener\" target=\"_blank\"><\/a><a href=\"https:\/\/medicaltravel.at\/home\/berichte-von-patienten\/erfahrungsberichte\/erfahrungsbericht-zahnbehandlung-in-istanbul\/\" data-type=\"page\" data-id=\"981\" rel=\"nofollow noopener\" target=\"_blank\"><\/a><a href=\"https:\/\/medicaltravel.ch\/tr\/hasta-raporlari\/turkiyede-sac-ekimi-hastalarinin-yorumlari\/yeni-kazanilan-yasam-kalitesi-21-mayis-2011-cumartesi-tarihli-rapor\/\" data-type=\"link\" data-id=\"https:\/\/medicaltravel.ch\/tr\/hasta-raporlari\/turkiyede-sac-ekimi-hastalarinin-yorumlari\/yeni-kazanilan-yasam-kalitesi-21-mayis-2011-cumartesi-tarihli-rapor\/\">Sonraki rapor<\/a><\/p>\n<\/div>\n","protected":false},"excerpt":{"rendered":"<p>\u0130stanbul&#8217;daki LASEK deneyimim \u2013 26 May\u0131s 2011 Per\u015fembe tarihli rapor \u0130nternette swisslasik.ch sitesini buldum ve sunduklar\u0131 paketleri inceledim. Ayr\u0131ca di\u011fer teklifleri de g\u00f6zden ge\u00e7irdim. Sonunda swisslasik.ch\u2019in Premium paketi beni en \u00e7ok ikna etti. Kendi ki\u015fisel izlenimimi edinmek i\u00e7in swisslasik.ch\u2019i Tatil Fuar\u0131\u2019nda ziyaret ettim. Giri\u015f bileti swisslasik.ch taraf\u0131ndan sa\u011flanm\u0131\u015ft\u0131. Genel olarak \u00e7ok iyi bir izlenim edindikten sonra seyahati ve operasyonu rezerve ettim. Fiyat-performans dengesi beni en \u00e7ok etkileyen unsurdu.\u0130svi\u00e7re\u2019de \u00f6nceden g\u00f6zlerimin n\u00f6tr bir kontrol\u00fcn\u00fc yapt\u0131rd\u0131m. Yani swisslasik.ch\u2019in \u00f6nerdi\u011fi doktora gitmedim. Doktorum g\u00f6zlerimin sa\u011fl\u0131kl\u0131 oldu\u011funu ve bana LASIK tedavisini \u00f6nerebilece\u011fini s\u00f6yledi.24 Nisan 2011\u2019de Swiss ile \u0130stanbul\u2019a seyahat ettim. Havaliman\u0131nda bizi bir limuzin kar\u015f\u0131lad\u0131 ve otele g\u00f6t\u00fcrd\u00fc. \u015eof\u00f6r ayn\u0131 zamanda Eyestar Klinik\u2019ten bir asistand\u0131. Ertesi g\u00fcn otelden al\u0131narak klini\u011fe g\u00f6t\u00fcr\u00fcld\u00fcm. Otel klinikten be\u015f dakikal\u0131k y\u00fcr\u00fcme mesafesinde olup b\u00fcy\u00fck bir avantaj sa\u011fl\u0131yordu.Klinikte yap\u0131lan detayl\u0131 kontrollerden sonra doktor, baz\u0131 kornea b\u00f6lgelerimin \u00e7ok ince olmas\u0131 nedeniyle LASIK operasyonunu ger\u00e7ekle\u015ftiremeyece\u011fini s\u00f6yledi. Bunun yerine, ayn\u0131 fiyatla LASEK tedavisini \u00f6nerdi. Kabul ettim ve \u00f6\u011fleden sonra i\u00e7in bir randevu verildi. Operasyon sorunsuz ge\u00e7ti. Her \u015fey \u00e7ok iyi organize edilmi\u015fti ve t\u00fcm bilgiler Almanca olarak aktar\u0131l\u0131yordu.Operasyondan sonra otele d\u00f6n\u00fcp yakla\u015f\u0131k d\u00f6rt saat uyudum. Sonras\u0131nda \u0130stanbul \u015fehir merkezine \u00e7\u0131k\u0131p g\u00fczel bir yemek yiyebildim. \u0130stanbul\u2019da kald\u0131\u011f\u0131m iki g\u00fcn boyunca her g\u00fcn kontrole gidebildim. \u0130svi\u00e7re\u2019de ise Arbon TG\u2019de doktorla bir kontrol randevusu ald\u0131m. LASEK\u2019in iyile\u015fme s\u00fcresi daha uzun oldu\u011fundan, bir ay i\u00e7inde \u00fc\u00e7 kontrol yapt\u0131rmam gerekti. Kornea y\u00fczeyim hen\u00fcz tamamen p\u00fcr\u00fczs\u00fcz de\u011fil, bu y\u00fczden g\u00f6r\u00fc\u015f \u015fu anda sadece %60. Ancak \u0130svi\u00e7re\u2019deki doktor, \u0130stanbul\u2019daki cerrahla ileti\u015fime ge\u00e7ti ve tedavi plan\u0131n\u0131 g\u00f6r\u00fc\u015ft\u00fc. Y\u00fczey tamamen p\u00fcr\u00fczs\u00fcz olmazsa, Premium paket sayesinde tekrar \u0130stanbul\u2019a gidip i\u015flem yapt\u0131rabilirim.Swisslasik.ch\u2019i tamamen tavsiye edebilirim. Operasyondan memnun kald\u0131m, iyile\u015fme s\u00fcresi beklenenden biraz uzun s\u00fcrd\u00fc.26 May\u0131s 2011Christian Lichtensteiger \u00d6nceki rapor Sonraki rapor<\/p>\n","protected":false},"author":4,"featured_media":0,"parent":4886,"menu_order":0,"comment_status":"closed","ping_status":"closed","template":"","meta":{"_joinchat":[],"footnotes":""},"class_list":["post-4910","page","type-page","status-publish","hentry"],"acf":[],"_links":{"self":[{"href":"https:\/\/medicaltravel.ch\/tr\/wp-json\/wp\/v2\/pages\/4910","targetHints":{"allow":["GET"]}}],"collection":[{"href":"https:\/\/medicaltravel.ch\/tr\/wp-json\/wp\/v2\/pages"}],"about":[{"href":"https:\/\/medicaltravel.ch\/tr\/wp-json\/wp\/v2\/types\/page"}],"author":[{"embeddable":true,"href":"https:\/\/medicaltravel.ch\/tr\/wp-json\/wp\/v2\/users\/4"}],"replies":[{"embeddable":true,"href":"https:\/\/medicaltravel.ch\/tr\/wp-json\/wp\/v2\/comments?post=4910"}],"version-history":[{"count":2,"href":"https:\/\/medicaltravel.ch\/tr\/wp-json\/wp\/v2\/pages\/4910\/revisions"}],"predecessor-version":[{"id":6496,"href":"https:\/\/medicaltravel.ch\/tr\/wp-json\/wp\/v2\/pages\/4910\/revisions\/6496"}],"up":[{"embeddable":true,"href":"https:\/\/medicaltravel.ch\/tr\/wp-json\/wp\/v2\/pages\/4886"}],"wp:attachment":[{"href":"https:\/\/medicaltravel.ch\/tr\/wp-json\/wp\/v2\/media?parent=4910"}],"curies":[{"name":"wp","href":"https:\/\/api.w.org\/{rel}","templated":true}]}}