{"id":4912,"date":"2025-09-24T06:54:02","date_gmt":"2025-09-24T05:54:02","guid":{"rendered":"https:\/\/medicaltravel.ch\/hasta-raporlari\/patientenberichte-haartransplantation-tuerkei\/2011-nisan-ayindaki-lazer-goez-ameliyatim-2-haziran-2011-persembe-tarihli-rapor\/"},"modified":"2026-01-12T20:02:40","modified_gmt":"2026-01-12T19:02:40","slug":"2011-nisan-ayindaki-lazer-goez-ameliyatim-2-haziran-2011-persembe-tarihli-rapor","status":"publish","type":"page","link":"https:\/\/medicaltravel.ch\/tr\/hasta-raporlari\/turkiyede-sac-ekimi-hastalarinin-yorumlari\/2011-nisan-ayindaki-lazer-goez-ameliyatim-2-haziran-2011-persembe-tarihli-rapor\/","title":{"rendered":"2011 Nisan ay\u0131ndaki lazer g\u00f6z ameliyat\u0131m \u2013 2 Haziran 2011 Per\u015fembe tarihli rapor"},"content":{"rendered":"\n<p>2011 Nisan ay\u0131ndaki lazer g\u00f6z ameliyat\u0131m \u2013 2 Haziran 2011 Per\u015fembe tarihli rapor<\/p>\n\n\n\n<p>Hasta raporu Daniel Ege 2.06.2011<br>Yakla\u015f\u0131k alt\u0131 y\u0131l \u00f6nce ilk kez g\u00f6zlerimi lazerle tedavi ettirme fikri akl\u0131ma geldi. O zamanlar h\u00e2l\u00e2 e\u011fitimimi s\u00fcrd\u00fcr\u00fcyordum. Maddi olarak bu hayali ger\u00e7ekle\u015ftirmem m\u00fcmk\u00fcn olmad\u0131\u011f\u0131ndan konuyu daha fazla ara\u015ft\u0131rmad\u0131m. B\u00f6ylece -4.25 diyoptri ile hem g\u00f6zl\u00fck hem de her t\u00fcrl\u00fc kontakt lensle idare ettim. Kontakt lens kullanan herkesin bildi\u011fi bir sorun var: Uzun s\u00fcre d\u0131\u015far\u0131da kald\u0131\u011f\u0131nda lensleri unutmamak gerekiyor ve g\u00f6zl\u00fck de her zaman \u00e7antada olmal\u0131. Y\u00fczme s\u0131ras\u0131nda lensler kayboluyor veya g\u00f6zl\u00fckle suya girilemedi\u011fi i\u00e7in hi\u00e7bir \u015fey g\u00f6r\u00fcnm\u00fcyordu.<br>Ge\u00e7en Aral\u0131k itibariyle konu tekrar g\u00fcndeme geldi. Nisan ay\u0131nda i\u015f de\u011fi\u015fikli\u011fi olacakt\u0131 ve bir ayl\u0131k izin ald\u0131m; g\u00f6zlerimi lazerle tedavi ettirmek i\u00e7in en uygun zaman buydu. Birka\u00e7 sa\u011flay\u0131c\u0131 hakk\u0131nda bilgi toplad\u0131m ve daha \u00f6nce operasyon ge\u00e7irmi\u015f ki\u015filerle konu\u015ftum. Hepsi memnundu. \u015e\u00fcpheci biri olarak bu yeterli gelmedi. Bu y\u00fczden Swisslasik ile birebir g\u00f6r\u00fc\u015fme talep ettim ve sorular\u0131m\u0131n tamam\u0131 yan\u0131tland\u0131.<br>5 Nisan i\u00e7in karar verdim \u00e7\u00fcnk\u00fc o tarihte Almanca konu\u015fan bir grup organize edilmi\u015fti. 4 Nisan\u2019da geldik ve g\u00fcn\u00fcn geri kalan\u0131nda \u00e7evreyi tan\u0131mak i\u00e7in serbest zaman\u0131m\u0131z oldu. 5 Nisan sabah\u0131 \u00f6n muayene yap\u0131ld\u0131 ve operasyon i\u00e7in uygun olup olmad\u0131\u011f\u0131m\u0131z belirlendi. \u0130svi\u00e7re\u2019de zaten bir \u00f6n muayene yapt\u0131rm\u0131\u015ft\u0131m, bo\u015funa \u0130stanbul\u2019a gelmek istemedim. Bu muayenede ayr\u0131ca retinam\u0131n g\u00fc\u00e7lendirilmesi gerekti\u011fi tespit edildi, \u00e7\u00fcnk\u00fc baz\u0131 zay\u0131f noktalar g\u00f6r\u00fcl\u00fcyordu. Bu i\u015flem hemen yap\u0131ld\u0131.<br>\u0130stanbul\u2019da tekrar operasyon i\u00e7in uygun oldu\u011fum s\u00f6ylendi ve \u00f6\u011fleden sonra operasyon planland\u0131. Hepimize k\u00fc\u00e7\u00fck bir sakinle\u015ftirici verildi; san\u0131r\u0131m hepimize gerekiyordu. Sonra operasyon odas\u0131na g\u00f6t\u00fcr\u00fcld\u00fck: beyaz, steril ve sessiz bir odadayd\u0131. Biz d\u00f6rt ki\u015fiden ilk olarak biri al\u0131nd\u0131, yakla\u015f\u0131k 20 dakika sonra d\u00f6nd\u00fc. Ben en son s\u0131radayd\u0131m. Dizlerim titriyordu ve h\u00e2l\u00e2 geri \u00e7ekilmek i\u00e7in vaktim oldu\u011funu d\u00fc\u015f\u00fcnd\u00fcm. Haz\u0131rl\u0131k boyunca her \u015feyi kabullenmeye karar verdim. \u00d6nce steril k\u0131yafetler giydirildi, sonra g\u00f6z damlalar\u0131, ve ard\u0131ndan operasyon ba\u015flad\u0131. Operasyon masas\u0131na uzand\u0131m ve lazer alt\u0131na al\u0131nd\u0131m.<br>Operasyon s\u0131ras\u0131nda hi\u00e7 ac\u0131 hissetmedim; g\u00f6z temas\u0131n\u0131n verdi\u011fi hafif rahats\u0131zl\u0131k d\u0131\u015f\u0131nda bir \u015fey yoktu. LASIK kesisini hissetmek m\u00fcmk\u00fcn, ama a\u011fr\u0131l\u0131 de\u011fil. Lazerleme s\u0131ras\u0131nda k\u0131sa s\u00fcreli, hafif yan\u0131k kokusu vard\u0131; onun d\u0131\u015f\u0131nda hi\u00e7bir rahats\u0131zl\u0131k yoktu. Her g\u00f6z yakla\u015f\u0131k 18 saniye lazerlendi. En g\u00fczel yan\u0131, di\u011fer taraftan kornea kapa\u011f\u0131n\u0131n tekrar yerine kapat\u0131lmas\u0131n\u0131 izleyebilmemdi. Sonra operasyon bitti.<br>Aya\u011fa kalkar kalkmaz g\u00f6zlerimi dikkatle ama merakla a\u00e7t\u0131m. Ve mucize! Her \u015feyi keskin bir \u015fekilde g\u00f6rd\u00fcm, biraz bulan\u0131k ama olduk\u00e7a net. Daha \u00f6nce duydu\u011fum rahats\u0131z edici parlama hissi yoktu.<br>Sonra dinlenme odas\u0131na g\u00f6t\u00fcr\u00fcld\u00fcm. Orada 5 dakikadan fazla kalmad\u0131m; h\u00e2l\u00e2 r\u00fcya i\u00e7indeymi\u015f gibi hissediyordum. Grubun yan\u0131na d\u00f6nd\u00fc\u011f\u00fcmde eve mesaj at\u0131p her \u015feyin yolunda oldu\u011funu bildirdim. Ard\u0131ndan yap\u0131lan kontrollerde doktorlar \u00e7ok memnun kald\u0131. Kendimi yeniden do\u011fmu\u015f gibi hissettim.<br>Otele d\u00f6n\u00fcp uyudum; \u00e7\u00fcnk\u00fc t\u00fcm bu gerginlik yorgunluk yarat\u0131yordu. Ak\u015fam bir \u015feyler i\u00e7mek i\u00e7in d\u0131\u015far\u0131 \u00e7\u0131kt\u0131k ve yeni g\u00f6r\u00fc\u015f\u00fcm\u00fcz\u00fcn tad\u0131n\u0131 \u00e7\u0131kard\u0131k. \u00dc\u00e7\u00fcnc\u00fc g\u00fcn tekrar kontrol yap\u0131ld\u0131; biz zaten g\u00f6r\u00fc\u015f\u00fcm\u00fcz\u00fc test ediyorduk, m\u00fcmk\u00fcn oldu\u011funca uzaktaki ara\u00e7 plakalar\u0131n\u0131 okumaya \u00e7al\u0131\u015f\u0131yorduk. Sonu\u00e7 etkileyiciydi.<br>Kontroller olumlu ge\u00e7ince \u0130stanbul\u2019da k\u00fc\u00e7\u00fck bir gezi yapt\u0131k. Komik olan, her saat ba\u015f\u0131 damla kullanmam\u0131z gerekti\u011fi ve bunu nerede olursak olal\u0131m birbirimizle payla\u015ft\u0131\u011f\u0131m\u0131zd\u0131. Restoranda ba\u015fka ki\u015filerle de tan\u0131\u015ft\u0131k ve onlar\u0131 damla kullan\u0131rken tan\u0131yabildik.<br>Genel olarak, her \u015feyin bu kadar iyi organize edilmesinden \u00e7ok memnunum. K\u00fc\u00e7\u00fck bir tavsiye: Ger\u00e7ekten ciddiseniz, operasyon \u00f6ncesinde YouTube\u2019da g\u00f6z lazerlemesinin yak\u0131ndan \u00e7ekilmi\u015f videolar\u0131n\u0131 izlemeyin; \u00e7\u00fcnk\u00fc ger\u00e7ek g\u00f6r\u00fcn\u00fcmden \u00e7ok daha korkutucu g\u00f6r\u00fcn\u00fcyor ve sadece kendi kendinizi gereksiz yere strese sokars\u0131n\u0131z.<br>Operasyondan yakla\u015f\u0131k iki ay sonra tekrar \u00e7al\u0131\u015f\u0131yorum, aktif spor yap\u0131yorum ve t\u00fcm bunlar\u0131 yeni g\u00f6rme yetimle yap\u0131yorum. Harika!<br>G\u00f6zlerinize iyi bak\u0131n,<br>Daniel Ege<\/p>\n\n\n\n<div class=\"wp-block-group is-layout-grid wp-container-core-group-is-layout-baef362d wp-block-group-is-layout-grid\">\n<p><a href=\"https:\/\/medicaltravel.at\/home\/agb\/\" data-type=\"page\" data-id=\"2191\" rel=\"nofollow noopener\" target=\"_blank\"><\/a><a href=\"https:\/\/medicaltravel.ch\/tr\/hasta-raporlari\/turkiyede-sac-ekimi-hastalarinin-yorumlari\/istanbuldaki-dis-tedavim-4-haziran-2011-cumartesi-tarihli-rapor\/\" data-type=\"link\" data-id=\"https:\/\/medicaltravel.ch\/tr\/hasta-raporlari\/turkiyede-sac-ekimi-hastalarinin-yorumlari\/istanbuldaki-dis-tedavim-4-haziran-2011-cumartesi-tarihli-rapor\/\">\u00d6nceki rapor<\/a><\/p>\n\n\n\n<p class=\"has-text-align-right wp-container-content-5e2576f9\"><a href=\"https:\/\/medicaltravel.at\/home\/impressum\/\" data-type=\"page\" data-id=\"2193\" rel=\"nofollow noopener\" target=\"_blank\"><\/a><a href=\"https:\/\/medicaltravel.at\/home\/berichte-von-patienten\/erfahrungsberichte\/erfahrungsbericht-zahnbehandlung-in-istanbul\/\" data-type=\"page\" data-id=\"981\" rel=\"nofollow noopener\" target=\"_blank\"><\/a><a href=\"https:\/\/medicaltravel.ch\/tr\/hasta-raporlari\/turkiyede-sac-ekimi-hastalarinin-yorumlari\/istanbuldaki-lasek-deneyimim-26-mayis-2011-persembe-tarihli-rapor\/\" data-type=\"link\" data-id=\"https:\/\/medicaltravel.ch\/tr\/hasta-raporlari\/turkiyede-sac-ekimi-hastalarinin-yorumlari\/istanbuldaki-lasek-deneyimim-26-mayis-2011-persembe-tarihli-rapor\/\">Sonraki rapor<\/a><\/p>\n<\/div>\n","protected":false},"excerpt":{"rendered":"<p>2011 Nisan ay\u0131ndaki lazer g\u00f6z ameliyat\u0131m \u2013 2 Haziran 2011 Per\u015fembe tarihli rapor Hasta raporu Daniel Ege 2.06.2011Yakla\u015f\u0131k alt\u0131 y\u0131l \u00f6nce ilk kez g\u00f6zlerimi lazerle tedavi ettirme fikri akl\u0131ma geldi. O zamanlar h\u00e2l\u00e2 e\u011fitimimi s\u00fcrd\u00fcr\u00fcyordum. Maddi olarak bu hayali ger\u00e7ekle\u015ftirmem m\u00fcmk\u00fcn olmad\u0131\u011f\u0131ndan konuyu daha fazla ara\u015ft\u0131rmad\u0131m. B\u00f6ylece -4.25 diyoptri ile hem g\u00f6zl\u00fck hem de her t\u00fcrl\u00fc kontakt lensle idare ettim. Kontakt lens kullanan herkesin bildi\u011fi bir sorun var: Uzun s\u00fcre d\u0131\u015far\u0131da kald\u0131\u011f\u0131nda lensleri unutmamak gerekiyor ve g\u00f6zl\u00fck de her zaman \u00e7antada olmal\u0131. Y\u00fczme s\u0131ras\u0131nda lensler kayboluyor veya g\u00f6zl\u00fckle suya girilemedi\u011fi i\u00e7in hi\u00e7bir \u015fey g\u00f6r\u00fcnm\u00fcyordu.Ge\u00e7en Aral\u0131k itibariyle konu tekrar g\u00fcndeme geldi. Nisan ay\u0131nda i\u015f de\u011fi\u015fikli\u011fi olacakt\u0131 ve bir ayl\u0131k izin ald\u0131m; g\u00f6zlerimi lazerle tedavi ettirmek i\u00e7in en uygun zaman buydu. Birka\u00e7 sa\u011flay\u0131c\u0131 hakk\u0131nda bilgi toplad\u0131m ve daha \u00f6nce operasyon ge\u00e7irmi\u015f ki\u015filerle konu\u015ftum. Hepsi memnundu. \u015e\u00fcpheci biri olarak bu yeterli gelmedi. Bu y\u00fczden Swisslasik ile birebir g\u00f6r\u00fc\u015fme talep ettim ve sorular\u0131m\u0131n tamam\u0131 yan\u0131tland\u0131.5 Nisan i\u00e7in karar verdim \u00e7\u00fcnk\u00fc o tarihte Almanca konu\u015fan bir grup organize edilmi\u015fti. 4 Nisan\u2019da geldik ve g\u00fcn\u00fcn geri kalan\u0131nda \u00e7evreyi tan\u0131mak i\u00e7in serbest zaman\u0131m\u0131z oldu. 5 Nisan sabah\u0131 \u00f6n muayene yap\u0131ld\u0131 ve operasyon i\u00e7in uygun olup olmad\u0131\u011f\u0131m\u0131z belirlendi. \u0130svi\u00e7re\u2019de zaten bir \u00f6n muayene yapt\u0131rm\u0131\u015ft\u0131m, bo\u015funa \u0130stanbul\u2019a gelmek istemedim. Bu muayenede ayr\u0131ca retinam\u0131n g\u00fc\u00e7lendirilmesi gerekti\u011fi tespit edildi, \u00e7\u00fcnk\u00fc baz\u0131 zay\u0131f noktalar g\u00f6r\u00fcl\u00fcyordu. Bu i\u015flem hemen yap\u0131ld\u0131.\u0130stanbul\u2019da tekrar operasyon i\u00e7in uygun oldu\u011fum s\u00f6ylendi ve \u00f6\u011fleden sonra operasyon planland\u0131. Hepimize k\u00fc\u00e7\u00fck bir sakinle\u015ftirici verildi; san\u0131r\u0131m hepimize gerekiyordu. Sonra operasyon odas\u0131na g\u00f6t\u00fcr\u00fcld\u00fck: beyaz, steril ve sessiz bir odadayd\u0131. Biz d\u00f6rt ki\u015fiden ilk olarak biri al\u0131nd\u0131, yakla\u015f\u0131k 20 dakika sonra d\u00f6nd\u00fc. Ben en son s\u0131radayd\u0131m. Dizlerim titriyordu ve h\u00e2l\u00e2 geri \u00e7ekilmek i\u00e7in vaktim oldu\u011funu d\u00fc\u015f\u00fcnd\u00fcm. Haz\u0131rl\u0131k boyunca her \u015feyi kabullenmeye karar verdim. \u00d6nce steril k\u0131yafetler giydirildi, sonra g\u00f6z damlalar\u0131, ve ard\u0131ndan operasyon ba\u015flad\u0131. Operasyon masas\u0131na uzand\u0131m ve lazer alt\u0131na al\u0131nd\u0131m.Operasyon s\u0131ras\u0131nda hi\u00e7 ac\u0131 hissetmedim; g\u00f6z temas\u0131n\u0131n verdi\u011fi hafif rahats\u0131zl\u0131k d\u0131\u015f\u0131nda bir \u015fey yoktu. LASIK kesisini hissetmek m\u00fcmk\u00fcn, ama a\u011fr\u0131l\u0131 de\u011fil. Lazerleme s\u0131ras\u0131nda k\u0131sa s\u00fcreli, hafif yan\u0131k kokusu vard\u0131; onun d\u0131\u015f\u0131nda hi\u00e7bir rahats\u0131zl\u0131k yoktu. Her g\u00f6z yakla\u015f\u0131k 18 saniye lazerlendi. En g\u00fczel yan\u0131, di\u011fer taraftan kornea kapa\u011f\u0131n\u0131n tekrar yerine kapat\u0131lmas\u0131n\u0131 izleyebilmemdi. Sonra operasyon bitti.Aya\u011fa kalkar kalkmaz g\u00f6zlerimi dikkatle ama merakla a\u00e7t\u0131m. Ve mucize! Her \u015feyi keskin bir \u015fekilde g\u00f6rd\u00fcm, biraz bulan\u0131k ama olduk\u00e7a net. Daha \u00f6nce duydu\u011fum rahats\u0131z edici parlama hissi yoktu.Sonra dinlenme odas\u0131na g\u00f6t\u00fcr\u00fcld\u00fcm. Orada 5 dakikadan fazla kalmad\u0131m; h\u00e2l\u00e2 r\u00fcya i\u00e7indeymi\u015f gibi hissediyordum. Grubun yan\u0131na d\u00f6nd\u00fc\u011f\u00fcmde eve mesaj at\u0131p her \u015feyin yolunda oldu\u011funu bildirdim. Ard\u0131ndan yap\u0131lan kontrollerde doktorlar \u00e7ok memnun kald\u0131. Kendimi yeniden do\u011fmu\u015f gibi hissettim.Otele d\u00f6n\u00fcp uyudum; \u00e7\u00fcnk\u00fc t\u00fcm bu gerginlik yorgunluk yarat\u0131yordu. Ak\u015fam bir \u015feyler i\u00e7mek i\u00e7in d\u0131\u015far\u0131 \u00e7\u0131kt\u0131k ve yeni g\u00f6r\u00fc\u015f\u00fcm\u00fcz\u00fcn tad\u0131n\u0131 \u00e7\u0131kard\u0131k. \u00dc\u00e7\u00fcnc\u00fc g\u00fcn tekrar kontrol yap\u0131ld\u0131; biz zaten g\u00f6r\u00fc\u015f\u00fcm\u00fcz\u00fc test ediyorduk, m\u00fcmk\u00fcn oldu\u011funca uzaktaki ara\u00e7 plakalar\u0131n\u0131 okumaya \u00e7al\u0131\u015f\u0131yorduk. Sonu\u00e7 etkileyiciydi.Kontroller olumlu ge\u00e7ince \u0130stanbul\u2019da k\u00fc\u00e7\u00fck bir gezi yapt\u0131k. Komik olan, her saat ba\u015f\u0131 damla kullanmam\u0131z gerekti\u011fi ve bunu nerede olursak olal\u0131m birbirimizle payla\u015ft\u0131\u011f\u0131m\u0131zd\u0131. Restoranda ba\u015fka ki\u015filerle de tan\u0131\u015ft\u0131k ve onlar\u0131 damla kullan\u0131rken tan\u0131yabildik.Genel olarak, her \u015feyin bu kadar iyi organize edilmesinden \u00e7ok memnunum. K\u00fc\u00e7\u00fck bir tavsiye: Ger\u00e7ekten ciddiseniz, operasyon \u00f6ncesinde YouTube\u2019da g\u00f6z lazerlemesinin yak\u0131ndan \u00e7ekilmi\u015f videolar\u0131n\u0131 izlemeyin; \u00e7\u00fcnk\u00fc ger\u00e7ek g\u00f6r\u00fcn\u00fcmden \u00e7ok daha korkutucu g\u00f6r\u00fcn\u00fcyor ve sadece kendi kendinizi gereksiz yere strese sokars\u0131n\u0131z.Operasyondan yakla\u015f\u0131k iki ay sonra tekrar \u00e7al\u0131\u015f\u0131yorum, aktif spor yap\u0131yorum ve t\u00fcm bunlar\u0131 yeni g\u00f6rme yetimle yap\u0131yorum. Harika!G\u00f6zlerinize iyi bak\u0131n,Daniel Ege \u00d6nceki rapor Sonraki rapor<\/p>\n","protected":false},"author":4,"featured_media":0,"parent":4886,"menu_order":0,"comment_status":"closed","ping_status":"closed","template":"","meta":{"_joinchat":[],"footnotes":""},"class_list":["post-4912","page","type-page","status-publish","hentry"],"acf":[],"_links":{"self":[{"href":"https:\/\/medicaltravel.ch\/tr\/wp-json\/wp\/v2\/pages\/4912","targetHints":{"allow":["GET"]}}],"collection":[{"href":"https:\/\/medicaltravel.ch\/tr\/wp-json\/wp\/v2\/pages"}],"about":[{"href":"https:\/\/medicaltravel.ch\/tr\/wp-json\/wp\/v2\/types\/page"}],"author":[{"embeddable":true,"href":"https:\/\/medicaltravel.ch\/tr\/wp-json\/wp\/v2\/users\/4"}],"replies":[{"embeddable":true,"href":"https:\/\/medicaltravel.ch\/tr\/wp-json\/wp\/v2\/comments?post=4912"}],"version-history":[{"count":2,"href":"https:\/\/medicaltravel.ch\/tr\/wp-json\/wp\/v2\/pages\/4912\/revisions"}],"predecessor-version":[{"id":6495,"href":"https:\/\/medicaltravel.ch\/tr\/wp-json\/wp\/v2\/pages\/4912\/revisions\/6495"}],"up":[{"embeddable":true,"href":"https:\/\/medicaltravel.ch\/tr\/wp-json\/wp\/v2\/pages\/4886"}],"wp:attachment":[{"href":"https:\/\/medicaltravel.ch\/tr\/wp-json\/wp\/v2\/media?parent=4912"}],"curies":[{"name":"wp","href":"https:\/\/api.w.org\/{rel}","templated":true}]}}