{"id":4917,"date":"2025-09-24T06:52:56","date_gmt":"2025-09-24T05:52:56","guid":{"rendered":"https:\/\/medicaltravel.ch\/hasta-raporlari\/patientenberichte-haartransplantation-tuerkei\/21-nisan-2011deki-goez-lazer-ameliyati-yolculugum-13-haziran-2011-pazartesi-tarihli-rapor\/"},"modified":"2026-01-12T20:01:27","modified_gmt":"2026-01-12T19:01:27","slug":"21-nisan-2011deki-goez-lazer-ameliyati-yolculugum-13-haziran-2011-pazartesi-tarihli-rapor","status":"publish","type":"page","link":"https:\/\/medicaltravel.ch\/tr\/hasta-raporlari\/turkiyede-sac-ekimi-hastalarinin-yorumlari\/21-nisan-2011deki-goez-lazer-ameliyati-yolculugum-13-haziran-2011-pazartesi-tarihli-rapor\/","title":{"rendered":"21 Nisan 2011&#8217;deki g\u00f6z lazer ameliyat\u0131 yolculu\u011fum \u2013 13 Haziran 2011 Pazartesi tarihli rapor"},"content":{"rendered":"\n<p>21 Nisan 2011&#8217;deki g\u00f6z lazer ameliyat\u0131 yolculu\u011fum \u2013 13 Haziran 2011 Pazartesi tarihli rapor<\/p>\n\n\n\n<p>Uzun s\u00fcredir g\u00f6z lazer operasyonuna ilgi duymaktayd\u0131m, ancak y\u00fcksek maliyet nedeniyle bu planlar ger\u00e7ekle\u015femiyordu. Yakla\u015f\u0131k \u00fc\u00e7 y\u0131l sonra T\u00fcrkiye\u2019deki g\u00f6z lazer operasyonlar\u0131yla ilgili bir makale g\u00f6rd\u00fc\u011f\u00fcmde, g\u00f6zl\u00fcks\u00fcz bir hayat ya\u015fama iste\u011fim yeniden canland\u0131. \u0130nternette ara\u015ft\u0131rma yapt\u0131m ve Swisslasik ile kar\u015f\u0131la\u015ft\u0131m. Deneyim raporlar\u0131n\u0131 defalarca okudum ve her ge\u00e7en g\u00fcn daha fazla ikna oldum. O s\u0131rada h\u00e2l\u00e2 yo\u011fun bir e\u011fitim s\u00fcrecindeydim, bu y\u00fczden planlar\u0131m\u0131 2011 ba\u015f\u0131na erteledim. Tabii h\u00e2l\u00e2 baz\u0131 sorular\u0131m vard\u0131 \u00e7\u00fcnk\u00fc benim i\u00e7in kusursuz bir sonu\u00e7 \u015fartt\u0131. Swisslasik\u2019e bir e-posta g\u00f6nderdim ve \u00e7ok h\u0131zl\u0131 ve kapsaml\u0131 bir \u015fekilde yan\u0131t ald\u0131m.<br>Bunun ard\u0131ndan, bo\u015funa \u0130stanbul\u2019a gitmek istemedi\u011fim i\u00e7in hemen Z\u00fcrih\u2019teki \u00f6n muayene i\u00e7in kay\u0131t oldum. Z\u00fcrih\u2019teki \u00f6n muayene beklentilerime uygun \u015fekilde organize edilmi\u015fti ve sorunsuz ge\u00e7ti. Bu muayeneyi yapan g\u00f6z doktoru modern bir muayene merkezindeydi ve Swisslasik\u2019e ba\u011fl\u0131 de\u011fildi; sadece Swisslasik hastalar\u0131n\u0131 muayene ediyordu. Muayene sonucu olumlu \u00e7\u0131kt\u0131 ve ard\u0131ndan seyahat i\u00e7in bir tarih belirlendi. Herr Karaagacli bana teklifi g\u00f6nderdi, ben e-posta ile onay verdim ve seyahat rezervasyonu yap\u0131lm\u0131\u015f oldu :).<br>21 Nisan 2011\u2019de \u0130stanbul\u2019a u\u00e7aktayd\u0131m. Havaalan\u0131nda beni Almanca konu\u015fan bir \u015fof\u00f6r kar\u015f\u0131lad\u0131 ve otele g\u00f6t\u00fcrd\u00fc. Otel, g\u00f6z klini\u011fine yakla\u015f\u0131k 5 dakika mesafede ve olduk\u00e7a konforlu, modern bir \u015fekilde d\u00f6\u015fenmi\u015fti. Ertesi sabah, \u00f6n muayene i\u00e7in al\u0131nd\u0131m. \u0130\u015flemler \u0130svi\u00e7re\u2019dekiyle benzerdi ama biraz daha detayl\u0131yd\u0131. G\u00f6zlerim tamamen uygundu ve operasyon ayn\u0131 g\u00fcn saat 15:00\u2019te yap\u0131ld\u0131. Di\u011fer hastalara ve bana operasyonun detaylar\u0131 tekrar anlat\u0131ld\u0131, ard\u0131ndan bir kat yukar\u0131da \u201coperasyon alan\u0131na\u201d ge\u00e7ildi.<br>B\u00f6ylece operasyon ba\u015flad\u0131; s\u0131rayla herkes al\u0131n\u0131p haz\u0131rland\u0131. \u00d6n odada g\u00f6zler damlalarla uyu\u015fturuldu, b\u00f6ylece operasyon s\u0131ras\u0131nda hi\u00e7bir ac\u0131 hissetmedim. Ard\u0131ndan operasyon salonuna g\u00f6t\u00fcr\u00fcld\u00fcm ve lazerin alt\u0131na yatt\u0131m. \u0130lk g\u00f6z kapat\u0131ld\u0131 ve i\u015flem ba\u015flad\u0131. Ne oldu\u011funu tam olarak tarif edemem ama olduk\u00e7a h\u0131zl\u0131 ge\u00e7ti ve hi\u00e7 ac\u0131 hissetmedim, sadece al\u0131\u015f\u0131lmam\u0131\u015f bir duygu vard\u0131. \u0130kinci g\u00f6z de ayn\u0131 \u015fekilde yap\u0131ld\u0131 ve t\u00fcm i\u015flem k\u0131sa s\u00fcrede tamamland\u0131.<br>G\u00f6r\u00fc\u015f\u00fcm biraz bulan\u0131kt\u0131 ve beni k\u0131sa bir s\u00fcre dinlenmem i\u00e7in karanl\u0131k bir odaya g\u00f6t\u00fcrd\u00fcler. Sonra tekrar bekleme alan\u0131na geri getirildim. Herkes biraz a\u011flam\u0131\u015f gibiydi \u00e7\u00fcnk\u00fc g\u00f6zler hala sulan\u0131yor ve hafif yan\u0131yordu. Sonras\u0131nda a\u015fa\u011f\u0131ya indirildik, damla kullan\u0131m\u0131 anlat\u0131ld\u0131 ve otele geri d\u00f6nd\u00fck. G\u00f6r\u00fc\u015f\u00fcm h\u00e2l\u00e2 biraz bulan\u0131kt\u0131 ve g\u00f6zlerim \u00e7ok kuruydu, ama ac\u0131 yoktu. Otelde uzand\u0131m ve biraz uyudum. Gece gayet normal ve huzurluydu ve ertesi sabah g\u00f6zlerim keskin bir \u015fekilde g\u00f6r\u00fcyordu\u2014ne muhte\u015fem bir duyguydu!                               Kontrol muayenesi sorunsuz ge\u00e7ti, ard\u0131ndan g\u00fcne\u015f g\u00f6zl\u00fc\u011f\u00fc takarak ama g\u00f6zl\u00fck veya lens kullanmadan \u015fehri gezdim. Harika bir duyguydu. Ertesi g\u00fcn u\u00e7akla eve d\u00f6nd\u00fck. \u015eimdi operasyonun \u00fczerinden 7 hafta ge\u00e7ti ve iyile\u015fme s\u00fcreci iyi gidiyor. \u0130svi\u00e7re\u2019de iki kez kontrol muayenesine gittim ve g\u00f6z doktoru sonu\u00e7lardan \u00e7ok memnundu. G\u00f6rme keskinli\u011fimde h\u00e2l\u00e2 \u00e7ok az dalgalanmalar var, ama \u00e7ok minimal d\u00fczeyde. Genel olarak, \u00e7ok memnunum ve g\u00f6zl\u00fck veya lens kullanmak zorunda olan herkese bu ad\u0131m\u0131 atmalar\u0131n\u0131 tavsiye ederim. \u0130svi\u00e7re\u2019de bunun daha iyi olabilece\u011fini de pek hayal edemiyorum, \u00e7\u00fcnk\u00fc neredeyse daha iyi olamazd\u0131!        <\/p>\n\n\n\n<div class=\"wp-block-group is-layout-grid wp-container-core-group-is-layout-baef362d wp-block-group-is-layout-grid\">\n<p><a href=\"https:\/\/medicaltravel.at\/home\/agb\/\" data-type=\"page\" data-id=\"2191\" rel=\"nofollow noopener\" target=\"_blank\"><\/a><a href=\"https:\/\/medicaltravel.ch\/tr\/hasta-raporlari\/turkiyede-sac-ekimi-hastalarinin-yorumlari\/max-muellerin-22-martta-istanbulda-gerceklestirdigi-lasik-ameliyati-hakkindaki-deneyim-raporu-29-haziran-2011-carsamba-tarihli-rapor\/\" data-type=\"link\" data-id=\"https:\/\/medicaltravel.ch\/tr\/hasta-raporlari\/turkiyede-sac-ekimi-hastalarinin-yorumlari\/max-muellerin-22-martta-istanbulda-gerceklestirdigi-lasik-ameliyati-hakkindaki-deneyim-raporu-29-haziran-2011-carsamba-tarihli-rapor\/\">\u00d6nceki rapor<\/a><\/p>\n\n\n\n<p class=\"has-text-align-right wp-container-content-5e2576f9\"><a href=\"https:\/\/medicaltravel.at\/home\/impressum\/\" data-type=\"page\" data-id=\"2193\" rel=\"nofollow noopener\" target=\"_blank\"><\/a><a href=\"https:\/\/medicaltravel.at\/home\/berichte-von-patienten\/erfahrungsberichte\/erfahrungsbericht-zahnbehandlung-in-istanbul\/\" data-type=\"page\" data-id=\"981\" rel=\"nofollow noopener\" target=\"_blank\"><\/a><a href=\"https:\/\/medicaltravel.ch\/tr\/hasta-raporlari\/turkiyede-sac-ekimi-hastalarinin-yorumlari\/istanbuldaki-dis-tedavim-4-haziran-2011-cumartesi-tarihli-rapor\/\" data-type=\"link\" data-id=\"https:\/\/medicaltravel.ch\/tr\/hasta-raporlari\/turkiyede-sac-ekimi-hastalarinin-yorumlari\/istanbuldaki-dis-tedavim-4-haziran-2011-cumartesi-tarihli-rapor\/\">Sonraki rapor<\/a><\/p>\n<\/div>\n","protected":false},"excerpt":{"rendered":"<p>21 Nisan 2011&#8217;deki g\u00f6z lazer ameliyat\u0131 yolculu\u011fum \u2013 13 Haziran 2011 Pazartesi tarihli rapor Uzun s\u00fcredir g\u00f6z lazer operasyonuna ilgi duymaktayd\u0131m, ancak y\u00fcksek maliyet nedeniyle bu planlar ger\u00e7ekle\u015femiyordu. Yakla\u015f\u0131k \u00fc\u00e7 y\u0131l sonra T\u00fcrkiye\u2019deki g\u00f6z lazer operasyonlar\u0131yla ilgili bir makale g\u00f6rd\u00fc\u011f\u00fcmde, g\u00f6zl\u00fcks\u00fcz bir hayat ya\u015fama iste\u011fim yeniden canland\u0131. \u0130nternette ara\u015ft\u0131rma yapt\u0131m ve Swisslasik ile kar\u015f\u0131la\u015ft\u0131m. Deneyim raporlar\u0131n\u0131 defalarca okudum ve her ge\u00e7en g\u00fcn daha fazla ikna oldum. O s\u0131rada h\u00e2l\u00e2 yo\u011fun bir e\u011fitim s\u00fcrecindeydim, bu y\u00fczden planlar\u0131m\u0131 2011 ba\u015f\u0131na erteledim. Tabii h\u00e2l\u00e2 baz\u0131 sorular\u0131m vard\u0131 \u00e7\u00fcnk\u00fc benim i\u00e7in kusursuz bir sonu\u00e7 \u015fartt\u0131. Swisslasik\u2019e bir e-posta g\u00f6nderdim ve \u00e7ok h\u0131zl\u0131 ve kapsaml\u0131 bir \u015fekilde yan\u0131t ald\u0131m.Bunun ard\u0131ndan, bo\u015funa \u0130stanbul\u2019a gitmek istemedi\u011fim i\u00e7in hemen Z\u00fcrih\u2019teki \u00f6n muayene i\u00e7in kay\u0131t oldum. Z\u00fcrih\u2019teki \u00f6n muayene beklentilerime uygun \u015fekilde organize edilmi\u015fti ve sorunsuz ge\u00e7ti. Bu muayeneyi yapan g\u00f6z doktoru modern bir muayene merkezindeydi ve Swisslasik\u2019e ba\u011fl\u0131 de\u011fildi; sadece Swisslasik hastalar\u0131n\u0131 muayene ediyordu. Muayene sonucu olumlu \u00e7\u0131kt\u0131 ve ard\u0131ndan seyahat i\u00e7in bir tarih belirlendi. Herr Karaagacli bana teklifi g\u00f6nderdi, ben e-posta ile onay verdim ve seyahat rezervasyonu yap\u0131lm\u0131\u015f oldu :).21 Nisan 2011\u2019de \u0130stanbul\u2019a u\u00e7aktayd\u0131m. Havaalan\u0131nda beni Almanca konu\u015fan bir \u015fof\u00f6r kar\u015f\u0131lad\u0131 ve otele g\u00f6t\u00fcrd\u00fc. Otel, g\u00f6z klini\u011fine yakla\u015f\u0131k 5 dakika mesafede ve olduk\u00e7a konforlu, modern bir \u015fekilde d\u00f6\u015fenmi\u015fti. Ertesi sabah, \u00f6n muayene i\u00e7in al\u0131nd\u0131m. \u0130\u015flemler \u0130svi\u00e7re\u2019dekiyle benzerdi ama biraz daha detayl\u0131yd\u0131. G\u00f6zlerim tamamen uygundu ve operasyon ayn\u0131 g\u00fcn saat 15:00\u2019te yap\u0131ld\u0131. Di\u011fer hastalara ve bana operasyonun detaylar\u0131 tekrar anlat\u0131ld\u0131, ard\u0131ndan bir kat yukar\u0131da \u201coperasyon alan\u0131na\u201d ge\u00e7ildi.B\u00f6ylece operasyon ba\u015flad\u0131; s\u0131rayla herkes al\u0131n\u0131p haz\u0131rland\u0131. \u00d6n odada g\u00f6zler damlalarla uyu\u015fturuldu, b\u00f6ylece operasyon s\u0131ras\u0131nda hi\u00e7bir ac\u0131 hissetmedim. Ard\u0131ndan operasyon salonuna g\u00f6t\u00fcr\u00fcld\u00fcm ve lazerin alt\u0131na yatt\u0131m. \u0130lk g\u00f6z kapat\u0131ld\u0131 ve i\u015flem ba\u015flad\u0131. Ne oldu\u011funu tam olarak tarif edemem ama olduk\u00e7a h\u0131zl\u0131 ge\u00e7ti ve hi\u00e7 ac\u0131 hissetmedim, sadece al\u0131\u015f\u0131lmam\u0131\u015f bir duygu vard\u0131. \u0130kinci g\u00f6z de ayn\u0131 \u015fekilde yap\u0131ld\u0131 ve t\u00fcm i\u015flem k\u0131sa s\u00fcrede tamamland\u0131.G\u00f6r\u00fc\u015f\u00fcm biraz bulan\u0131kt\u0131 ve beni k\u0131sa bir s\u00fcre dinlenmem i\u00e7in karanl\u0131k bir odaya g\u00f6t\u00fcrd\u00fcler. Sonra tekrar bekleme alan\u0131na geri getirildim. Herkes biraz a\u011flam\u0131\u015f gibiydi \u00e7\u00fcnk\u00fc g\u00f6zler hala sulan\u0131yor ve hafif yan\u0131yordu. Sonras\u0131nda a\u015fa\u011f\u0131ya indirildik, damla kullan\u0131m\u0131 anlat\u0131ld\u0131 ve otele geri d\u00f6nd\u00fck. G\u00f6r\u00fc\u015f\u00fcm h\u00e2l\u00e2 biraz bulan\u0131kt\u0131 ve g\u00f6zlerim \u00e7ok kuruydu, ama ac\u0131 yoktu. Otelde uzand\u0131m ve biraz uyudum. Gece gayet normal ve huzurluydu ve ertesi sabah g\u00f6zlerim keskin bir \u015fekilde g\u00f6r\u00fcyordu\u2014ne muhte\u015fem bir duyguydu! Kontrol muayenesi sorunsuz ge\u00e7ti, ard\u0131ndan g\u00fcne\u015f g\u00f6zl\u00fc\u011f\u00fc takarak ama g\u00f6zl\u00fck veya lens kullanmadan \u015fehri gezdim. Harika bir duyguydu. Ertesi g\u00fcn u\u00e7akla eve d\u00f6nd\u00fck. \u015eimdi operasyonun \u00fczerinden 7 hafta ge\u00e7ti ve iyile\u015fme s\u00fcreci iyi gidiyor. \u0130svi\u00e7re\u2019de iki kez kontrol muayenesine gittim ve g\u00f6z doktoru sonu\u00e7lardan \u00e7ok memnundu. G\u00f6rme keskinli\u011fimde h\u00e2l\u00e2 \u00e7ok az dalgalanmalar var, ama \u00e7ok minimal d\u00fczeyde. Genel olarak, \u00e7ok memnunum ve g\u00f6zl\u00fck veya lens kullanmak zorunda olan herkese bu ad\u0131m\u0131 atmalar\u0131n\u0131 tavsiye ederim. \u0130svi\u00e7re\u2019de bunun daha iyi olabilece\u011fini de pek hayal edemiyorum, \u00e7\u00fcnk\u00fc neredeyse daha iyi olamazd\u0131! \u00d6nceki rapor Sonraki rapor<\/p>\n","protected":false},"author":4,"featured_media":0,"parent":4886,"menu_order":0,"comment_status":"closed","ping_status":"closed","template":"","meta":{"_joinchat":[],"footnotes":""},"class_list":["post-4917","page","type-page","status-publish","hentry"],"acf":[],"_links":{"self":[{"href":"https:\/\/medicaltravel.ch\/tr\/wp-json\/wp\/v2\/pages\/4917","targetHints":{"allow":["GET"]}}],"collection":[{"href":"https:\/\/medicaltravel.ch\/tr\/wp-json\/wp\/v2\/pages"}],"about":[{"href":"https:\/\/medicaltravel.ch\/tr\/wp-json\/wp\/v2\/types\/page"}],"author":[{"embeddable":true,"href":"https:\/\/medicaltravel.ch\/tr\/wp-json\/wp\/v2\/users\/4"}],"replies":[{"embeddable":true,"href":"https:\/\/medicaltravel.ch\/tr\/wp-json\/wp\/v2\/comments?post=4917"}],"version-history":[{"count":0,"href":"https:\/\/medicaltravel.ch\/tr\/wp-json\/wp\/v2\/pages\/4917\/revisions"}],"up":[{"embeddable":true,"href":"https:\/\/medicaltravel.ch\/tr\/wp-json\/wp\/v2\/pages\/4886"}],"wp:attachment":[{"href":"https:\/\/medicaltravel.ch\/tr\/wp-json\/wp\/v2\/media?parent=4917"}],"curies":[{"name":"wp","href":"https:\/\/api.w.org\/{rel}","templated":true}]}}