{"id":4919,"date":"2025-09-24T06:49:10","date_gmt":"2025-09-24T05:49:10","guid":{"rendered":"https:\/\/medicaltravel.ch\/hasta-raporlari\/patientenberichte-haartransplantation-tuerkei\/istanbuldaki-lasik-tedavim-17-agustos-2011-carsamba-tarihli-rapor\/"},"modified":"2026-01-12T19:58:05","modified_gmt":"2026-01-12T18:58:05","slug":"istanbuldaki-lasik-tedavim-17-agustos-2011-carsamba-tarihli-rapor","status":"publish","type":"page","link":"https:\/\/medicaltravel.ch\/tr\/hasta-raporlari\/turkiyede-sac-ekimi-hastalarinin-yorumlari\/istanbuldaki-lasik-tedavim-17-agustos-2011-carsamba-tarihli-rapor\/","title":{"rendered":"\u0130stanbul&#8217;daki LASIK tedavim \u2013 17 A\u011fustos 2011 \u00c7ar\u015famba tarihli rapor"},"content":{"rendered":"\n<p>\u0130stanbul&#8217;daki LASIK tedavim \u2013 17 A\u011fustos 2011 \u00c7ar\u015famba tarihli rapor<\/p>\n\n\n\n<p>Sevgili Swisslasik Ekibi,<br>s\u0131n\u0131ftan beri g\u00f6zl\u00fck tak\u0131yorum. Her zaman \u00e7ok sportif biri oldum ve bu y\u00fczden g\u00f6zl\u00fck s\u00fcrekli beni rahats\u0131z ediyordu. Futbol oynarken g\u00f6zl\u00fck takmak zorundayd\u0131m, \u00e7\u00fcnk\u00fc g\u00f6zl\u00fcks\u00fcz o kadar k\u00f6t\u00fc g\u00f6r\u00fcyordum ki topa hi\u00e7 vuramazd\u0131m. Yaz\u0131n ise s\u0131k s\u0131k plaja gidip y\u00fcz\u00fcyorum; g\u00f6zl\u00fck bir dezavantaj daha sa\u011fl\u0131yordu \u00e7\u00fcnk\u00fc etraf\u0131mdaki ki\u015fileri g\u00f6remiyordum. Bu nedenle g\u00f6zl\u00fcks\u00fcz olabilmek i\u00e7in her \u015feyi yapmak istedim. K\u0131\u015f\u0131n so\u011fuk havadan eve girerken de g\u00f6zl\u00fck buhar yap\u0131yor.<br>\u0130kinci ortaokulda ayl\u0131k kontakt lensleri denedim. Ba\u015flang\u0131\u00e7ta iyi gidiyordu, ta ki g\u00f6zlerim iltihaplanana kadar; bu y\u00fczden lens takma hevesim ge\u00e7ti, \u00e7\u00fcnk\u00fc \u00e7ok zahmetliydi. G\u00fcn\u00fcm\u00fczde oldu\u011fu gibi interneti \u00e7ok kullan\u0131yoruz ve g\u00f6zlerim i\u00e7in bir \u00e7\u00f6z\u00fcm ararken Lasik y\u00f6ntemine rastlad\u0131m. Bu prosed\u00fcr, giri\u015fim ve yan etkiler hakk\u0131nda detayl\u0131 ara\u015ft\u0131rma yapt\u0131m ve yapt\u0131rmaya karar verdim.<br>Do\u011fru ya\u015f\u0131 beklemem gerekiyordu, \u00e7\u00fcnk\u00fc \u0130svi\u00e7re\u2019de bu operasyonlar sadece 25 ya\u015f ve \u00fczeri i\u00e7in m\u00fcmk\u00fcn. Tan\u0131d\u0131klarla sohbet ederken, bu i\u015flemin \u0130stanbul\u2019da da yap\u0131labilece\u011fini ve \u0130svi\u00e7re\u2019den hem daha kaliteli hem de daha uygun fiyata olabilece\u011fini \u00f6\u011frendim. Hemen swisslasik.ch\u2019den bilgi ald\u0131m ve posta yoluyla bana detayl\u0131 bilgiler g\u00f6nderildi. M\u00fc\u015fteri hizmetlerini \u00e7ok takdir ettim. Herr Karaagacli \u00e7ok iyi dan\u0131\u015fmanl\u0131k yapt\u0131 ve b\u00f6ylece hemen kay\u0131t oldum.<br>\u00d6nce Z\u00fcrih\u2019te g\u00f6n\u00fcll\u00fc bir \u00f6n muayene yapt\u0131rd\u0131m ve sonu\u00e7 olumlu geldi. 4 Temmuz\u2019da, k\u0131sa bir bekleyi\u015ften sonra, SWISS ile Z\u00fcrih\u2019ten \u0130stanbul\u2019a u\u00e7tum. Bir hafta \u00f6nce bana ki\u015fiye \u00f6zel Swisslasik pas\u0131m g\u00f6nderilmi\u015fti; bu pas operasyon ve seyahatle ilgili t\u00fcm bilgileri i\u00e7eriyordu. \u0130stanbul\u2019da EyeStar Klinik\u2019ten Almanca konu\u015fan bir personel taraf\u0131ndan kar\u015f\u0131land\u0131m ve havaalan\u0131ndan Taksim Life Hotel\u2019e g\u00f6t\u00fcr\u00fcld\u00fcm. Otel iki ay \u00f6nce yeni a\u00e7\u0131lm\u0131\u015f, \u00e7ok modern ve hijyenik bir \u015fekilde d\u00f6\u015fenmi\u015fti. Otelden klini\u011fe y\u00fcr\u00fcyerek 10 dakika mesafe vard\u0131.<br>Ertesi g\u00fcn, 5 Temmuz sabah\u0131, bir saat s\u00fcren \u00f6n muayene yapt\u0131m; b\u00f6ylece g\u00f6z de\u011ferlerime tekrar bak\u0131ld\u0131. Operasyon \u00e7ok iyi organize edilmi\u015fti; ekip \u00fcyeleri g\u00f6revlerini \u00e7ok iyi biliyordu, doktor her ad\u0131m\u0131 bana a\u00e7\u0131klayarak sinirlerimi yat\u0131\u015ft\u0131rd\u0131. Operasyon k\u0131yafetlerini giydim, g\u00f6zlerime lokal anestezi yap\u0131ld\u0131; hi\u00e7bir ac\u0131 hissetmedim. Operasyon salonunda masaya yatt\u0131m ve lazerin alt\u0131na ge\u00e7tim. Operasyon boyunca ger\u00e7ekten hi\u00e7 a\u011fr\u0131 hissetmedim. T\u00fcm s\u00fcre boyunca ye\u015fil bir noktaya odaklanmam gerekiyordu, bu biraz zordu \u00e7\u00fcnk\u00fc doktor s\u00fcrekli bir aletle g\u00f6z bebe\u011fini oynat\u0131yordu. Operasyon s\u0131ras\u0131nda biraz yan\u0131k kokusu geldi ve cihaz sesi di\u015f\u00e7i aletine benziyordu.                            Operasyonun sonunda her iki g\u00f6z\u00fcme de koruyucu lensler tak\u0131ld\u0131; bu lensler g\u00f6zleri enfeksiyonlardan koruyordu. Ard\u0131ndan ba\u015fka bir odada rahat bir \u015fezlongda yakla\u015f\u0131k 15 dakika dinlendim. Doktor bana her \u015feyin yolunda olup olmad\u0131\u011f\u0131n\u0131 sordu, ben de iyi oldu\u011fumu s\u00f6yledim. B\u00f6ylece operasyon sonras\u0131 yakla\u015f\u0131k 30 dakika i\u00e7inde klini\u011fi terk edebildim ve hemen otele d\u00f6nd\u00fcm. Otelde g\u00f6zlerimi 4 saat boyunca kapal\u0131 tutmam gerekiyordu. Y\u00fcksek \u0131\u015f\u0131k hassasiyeti nedeniyle g\u00fcne\u015f g\u00f6zl\u00fc\u011f\u00fc takmak ve her saat ba\u015f\u0131 re\u00e7ete edilen g\u00f6z damlalar\u0131n\u0131 kullanmak zorundayd\u0131m. Klinik \u00fc\u00e7 farkl\u0131 damlay\u0131 \u00fccretsiz olarak sa\u011flad\u0131 ve bunlar\u0131 d\u00fczenli kullanmak \u00e7ok \u00f6nemliydi.<br>K\u0131sa bir uykudan sonra arkada\u015f\u0131m ile \u0130stiklal Caddesi\u2019ne (2,3 km uzunlu\u011funda bir al\u0131\u015fveri\u015f caddesi) gittik. Swisslasik pas\u0131n\u0131n \u00f6nerisiyle g\u00fczel bir yemek yedik; yemek \u00e7ok lezzetliydi ve kesinlikle tavsiye edebilirim. Moda Cafe\u2019de ise en iyi dondurmay\u0131 yedim!<br>Ertesi g\u00fcn kontrole gittim; g\u00f6z\u00fcme \u00f6n muayenedeki gibi bak\u0131ld\u0131 ve her \u015feyin yolunda oldu\u011fu onayland\u0131. Hala biraz bulan\u0131k g\u00f6r\u00fcyordum ama g\u00f6zl\u00fcks\u00fcz hayat \u00e7ok daha g\u00fczeldi; ya\u015fam kalitesi ve hayat keyfi %100\u2019den fazlas\u0131na \u00e7\u0131kt\u0131!<br>7 Temmuz\u2019da \u0130svi\u00e7re\u2019ye geri u\u00e7tuk; \u015fof\u00f6r\u00fcm\u00fcz, klinik ve otel personelinin de Almanca konu\u015fabildi\u011fi biri, bizi havaalan\u0131na g\u00f6t\u00fcrd\u00fc. \u0130svi\u00e7re\u2019ye vard\u0131\u011f\u0131mda, \u00fc\u00e7 damladan ikisini bir ay boyunca her 3 saatte bir d\u00fczenli kullanmam gerekiyordu; \u00fc\u00e7\u00fcnc\u00fc damla nemlendirme i\u00e7in kullan\u0131l\u0131yor ve h\u00e2l\u00e2 kullan\u0131yorum. Ayr\u0131ca gece i\u00e7in g\u00f6zleri kurulu\u011fa kar\u015f\u0131 koruyan bir jel verildi.<br>\u015eu ana kadar \u0130svi\u00e7re\u2019de ikinci kontrol\u00fcm\u00fc yapt\u0131rd\u0131m; Premium pakette be\u015f kontrol dahil. \u0130svi\u00e7re\u2019deki her iki kontrollerde de her \u015fey yolundayd\u0131. Art\u0131k her g\u00fcn\u00fc g\u00f6zl\u00fcks\u00fcz ya\u015faman\u0131n keyfiyle kar\u015f\u0131l\u0131yorum. Swisslasik ekibine, Herr Karaagacli\u2019ye ve EyeStar ekibine m\u00fckemmel destek ve dan\u0131\u015fmanl\u0131k i\u00e7in te\u015fekk\u00fcr ederim.<br>Sayg\u0131lar\u0131mla,<br>Marc Bless                    <\/p>\n\n\n\n<div class=\"wp-block-group is-layout-grid wp-container-core-group-is-layout-baef362d wp-block-group-is-layout-grid\">\n<p><a href=\"https:\/\/medicaltravel.at\/home\/agb\/\" data-type=\"page\" data-id=\"2191\" rel=\"nofollow noopener\" target=\"_blank\"><\/a><a href=\"https:\/\/medicaltravel.ch\/tr\/hasta-raporlari\/turkiyede-sac-ekimi-hastalarinin-yorumlari\/istanbul-acibadem-hastanesinde-18-ekim-2011-tarihinde-gecirdigim-lazer-goez-ameliyatim-29-kasim-2011-sali-tarihli-rapor\/\" data-type=\"link\" data-id=\"https:\/\/medicaltravel.ch\/tr\/hasta-raporlari\/turkiyede-sac-ekimi-hastalarinin-yorumlari\/istanbul-acibadem-hastanesinde-18-ekim-2011-tarihinde-gecirdigim-lazer-goez-ameliyatim-29-kasim-2011-sali-tarihli-rapor\/\">\u00d6nceki rapor<\/a><\/p>\n\n\n\n<p class=\"has-text-align-right wp-container-content-5e2576f9\"><a href=\"https:\/\/medicaltravel.at\/home\/impressum\/\" data-type=\"page\" data-id=\"2193\" rel=\"nofollow noopener\" target=\"_blank\"><\/a><a href=\"https:\/\/medicaltravel.at\/home\/berichte-von-patienten\/erfahrungsberichte\/erfahrungsbericht-zahnbehandlung-in-istanbul\/\" data-type=\"page\" data-id=\"981\" rel=\"nofollow noopener\" target=\"_blank\"><\/a><a href=\"https:\/\/medicaltravel.ch\/tr\/hasta-raporlari\/turkiyede-sac-ekimi-hastalarinin-yorumlari\/acibadem-hastanesinde-istanbuldaki-kisirlik-tedavimiz-14-agustos-2011-pazar-tarihli-rapor\/\" data-type=\"link\" data-id=\"https:\/\/medicaltravel.ch\/tr\/hasta-raporlari\/turkiyede-sac-ekimi-hastalarinin-yorumlari\/acibadem-hastanesinde-istanbuldaki-kisirlik-tedavimiz-14-agustos-2011-pazar-tarihli-rapor\/\">Sonraki rapor<\/a><\/p>\n<\/div>\n","protected":false},"excerpt":{"rendered":"<p>\u0130stanbul&#8217;daki LASIK tedavim \u2013 17 A\u011fustos 2011 \u00c7ar\u015famba tarihli rapor Sevgili Swisslasik Ekibi,s\u0131n\u0131ftan beri g\u00f6zl\u00fck tak\u0131yorum. Her zaman \u00e7ok sportif biri oldum ve bu y\u00fczden g\u00f6zl\u00fck s\u00fcrekli beni rahats\u0131z ediyordu. Futbol oynarken g\u00f6zl\u00fck takmak zorundayd\u0131m, \u00e7\u00fcnk\u00fc g\u00f6zl\u00fcks\u00fcz o kadar k\u00f6t\u00fc g\u00f6r\u00fcyordum ki topa hi\u00e7 vuramazd\u0131m. Yaz\u0131n ise s\u0131k s\u0131k plaja gidip y\u00fcz\u00fcyorum; g\u00f6zl\u00fck bir dezavantaj daha sa\u011fl\u0131yordu \u00e7\u00fcnk\u00fc etraf\u0131mdaki ki\u015fileri g\u00f6remiyordum. Bu nedenle g\u00f6zl\u00fcks\u00fcz olabilmek i\u00e7in her \u015feyi yapmak istedim. K\u0131\u015f\u0131n so\u011fuk havadan eve girerken de g\u00f6zl\u00fck buhar yap\u0131yor.\u0130kinci ortaokulda ayl\u0131k kontakt lensleri denedim. Ba\u015flang\u0131\u00e7ta iyi gidiyordu, ta ki g\u00f6zlerim iltihaplanana kadar; bu y\u00fczden lens takma hevesim ge\u00e7ti, \u00e7\u00fcnk\u00fc \u00e7ok zahmetliydi. G\u00fcn\u00fcm\u00fczde oldu\u011fu gibi interneti \u00e7ok kullan\u0131yoruz ve g\u00f6zlerim i\u00e7in bir \u00e7\u00f6z\u00fcm ararken Lasik y\u00f6ntemine rastlad\u0131m. Bu prosed\u00fcr, giri\u015fim ve yan etkiler hakk\u0131nda detayl\u0131 ara\u015ft\u0131rma yapt\u0131m ve yapt\u0131rmaya karar verdim.Do\u011fru ya\u015f\u0131 beklemem gerekiyordu, \u00e7\u00fcnk\u00fc \u0130svi\u00e7re\u2019de bu operasyonlar sadece 25 ya\u015f ve \u00fczeri i\u00e7in m\u00fcmk\u00fcn. Tan\u0131d\u0131klarla sohbet ederken, bu i\u015flemin \u0130stanbul\u2019da da yap\u0131labilece\u011fini ve \u0130svi\u00e7re\u2019den hem daha kaliteli hem de daha uygun fiyata olabilece\u011fini \u00f6\u011frendim. Hemen swisslasik.ch\u2019den bilgi ald\u0131m ve posta yoluyla bana detayl\u0131 bilgiler g\u00f6nderildi. M\u00fc\u015fteri hizmetlerini \u00e7ok takdir ettim. Herr Karaagacli \u00e7ok iyi dan\u0131\u015fmanl\u0131k yapt\u0131 ve b\u00f6ylece hemen kay\u0131t oldum.\u00d6nce Z\u00fcrih\u2019te g\u00f6n\u00fcll\u00fc bir \u00f6n muayene yapt\u0131rd\u0131m ve sonu\u00e7 olumlu geldi. 4 Temmuz\u2019da, k\u0131sa bir bekleyi\u015ften sonra, SWISS ile Z\u00fcrih\u2019ten \u0130stanbul\u2019a u\u00e7tum. Bir hafta \u00f6nce bana ki\u015fiye \u00f6zel Swisslasik pas\u0131m g\u00f6nderilmi\u015fti; bu pas operasyon ve seyahatle ilgili t\u00fcm bilgileri i\u00e7eriyordu. \u0130stanbul\u2019da EyeStar Klinik\u2019ten Almanca konu\u015fan bir personel taraf\u0131ndan kar\u015f\u0131land\u0131m ve havaalan\u0131ndan Taksim Life Hotel\u2019e g\u00f6t\u00fcr\u00fcld\u00fcm. Otel iki ay \u00f6nce yeni a\u00e7\u0131lm\u0131\u015f, \u00e7ok modern ve hijyenik bir \u015fekilde d\u00f6\u015fenmi\u015fti. Otelden klini\u011fe y\u00fcr\u00fcyerek 10 dakika mesafe vard\u0131.Ertesi g\u00fcn, 5 Temmuz sabah\u0131, bir saat s\u00fcren \u00f6n muayene yapt\u0131m; b\u00f6ylece g\u00f6z de\u011ferlerime tekrar bak\u0131ld\u0131. Operasyon \u00e7ok iyi organize edilmi\u015fti; ekip \u00fcyeleri g\u00f6revlerini \u00e7ok iyi biliyordu, doktor her ad\u0131m\u0131 bana a\u00e7\u0131klayarak sinirlerimi yat\u0131\u015ft\u0131rd\u0131. Operasyon k\u0131yafetlerini giydim, g\u00f6zlerime lokal anestezi yap\u0131ld\u0131; hi\u00e7bir ac\u0131 hissetmedim. Operasyon salonunda masaya yatt\u0131m ve lazerin alt\u0131na ge\u00e7tim. Operasyon boyunca ger\u00e7ekten hi\u00e7 a\u011fr\u0131 hissetmedim. T\u00fcm s\u00fcre boyunca ye\u015fil bir noktaya odaklanmam gerekiyordu, bu biraz zordu \u00e7\u00fcnk\u00fc doktor s\u00fcrekli bir aletle g\u00f6z bebe\u011fini oynat\u0131yordu. Operasyon s\u0131ras\u0131nda biraz yan\u0131k kokusu geldi ve cihaz sesi di\u015f\u00e7i aletine benziyordu. Operasyonun sonunda her iki g\u00f6z\u00fcme de koruyucu lensler tak\u0131ld\u0131; bu lensler g\u00f6zleri enfeksiyonlardan koruyordu. Ard\u0131ndan ba\u015fka bir odada rahat bir \u015fezlongda yakla\u015f\u0131k 15 dakika dinlendim. Doktor bana her \u015feyin yolunda olup olmad\u0131\u011f\u0131n\u0131 sordu, ben de iyi oldu\u011fumu s\u00f6yledim. B\u00f6ylece operasyon sonras\u0131 yakla\u015f\u0131k 30 dakika i\u00e7inde klini\u011fi terk edebildim ve hemen otele d\u00f6nd\u00fcm. Otelde g\u00f6zlerimi 4 saat boyunca kapal\u0131 tutmam gerekiyordu. Y\u00fcksek \u0131\u015f\u0131k hassasiyeti nedeniyle g\u00fcne\u015f g\u00f6zl\u00fc\u011f\u00fc takmak ve her saat ba\u015f\u0131 re\u00e7ete edilen g\u00f6z damlalar\u0131n\u0131 kullanmak zorundayd\u0131m. Klinik \u00fc\u00e7 farkl\u0131 damlay\u0131 \u00fccretsiz olarak sa\u011flad\u0131 ve bunlar\u0131 d\u00fczenli kullanmak \u00e7ok \u00f6nemliydi.K\u0131sa bir uykudan sonra arkada\u015f\u0131m ile \u0130stiklal Caddesi\u2019ne (2,3 km uzunlu\u011funda bir al\u0131\u015fveri\u015f caddesi) gittik. Swisslasik pas\u0131n\u0131n \u00f6nerisiyle g\u00fczel bir yemek yedik; yemek \u00e7ok lezzetliydi ve kesinlikle tavsiye edebilirim. Moda Cafe\u2019de ise en iyi dondurmay\u0131 yedim!Ertesi g\u00fcn kontrole gittim; g\u00f6z\u00fcme \u00f6n muayenedeki gibi bak\u0131ld\u0131 ve her \u015feyin yolunda oldu\u011fu onayland\u0131. Hala biraz bulan\u0131k g\u00f6r\u00fcyordum ama g\u00f6zl\u00fcks\u00fcz hayat \u00e7ok daha g\u00fczeldi; ya\u015fam kalitesi ve hayat keyfi %100\u2019den fazlas\u0131na \u00e7\u0131kt\u0131!7 Temmuz\u2019da \u0130svi\u00e7re\u2019ye geri u\u00e7tuk; \u015fof\u00f6r\u00fcm\u00fcz, klinik ve otel personelinin de Almanca konu\u015fabildi\u011fi biri, bizi havaalan\u0131na g\u00f6t\u00fcrd\u00fc. \u0130svi\u00e7re\u2019ye vard\u0131\u011f\u0131mda, \u00fc\u00e7 damladan ikisini bir ay boyunca her 3 saatte bir d\u00fczenli kullanmam gerekiyordu; \u00fc\u00e7\u00fcnc\u00fc damla nemlendirme i\u00e7in kullan\u0131l\u0131yor ve h\u00e2l\u00e2 kullan\u0131yorum. Ayr\u0131ca gece i\u00e7in g\u00f6zleri kurulu\u011fa kar\u015f\u0131 koruyan bir jel verildi.\u015eu ana kadar \u0130svi\u00e7re\u2019de ikinci kontrol\u00fcm\u00fc yapt\u0131rd\u0131m; Premium pakette be\u015f kontrol dahil. \u0130svi\u00e7re\u2019deki her iki kontrollerde de her \u015fey yolundayd\u0131. Art\u0131k her g\u00fcn\u00fc g\u00f6zl\u00fcks\u00fcz ya\u015faman\u0131n keyfiyle kar\u015f\u0131l\u0131yorum. Swisslasik ekibine, Herr Karaagacli\u2019ye ve EyeStar ekibine m\u00fckemmel destek ve dan\u0131\u015fmanl\u0131k i\u00e7in te\u015fekk\u00fcr ederim.Sayg\u0131lar\u0131mla,Marc Bless \u00d6nceki rapor Sonraki rapor<\/p>\n","protected":false},"author":4,"featured_media":0,"parent":4886,"menu_order":0,"comment_status":"closed","ping_status":"closed","template":"","meta":{"_joinchat":[],"footnotes":""},"class_list":["post-4919","page","type-page","status-publish","hentry"],"acf":[],"_links":{"self":[{"href":"https:\/\/medicaltravel.ch\/tr\/wp-json\/wp\/v2\/pages\/4919","targetHints":{"allow":["GET"]}}],"collection":[{"href":"https:\/\/medicaltravel.ch\/tr\/wp-json\/wp\/v2\/pages"}],"about":[{"href":"https:\/\/medicaltravel.ch\/tr\/wp-json\/wp\/v2\/types\/page"}],"author":[{"embeddable":true,"href":"https:\/\/medicaltravel.ch\/tr\/wp-json\/wp\/v2\/users\/4"}],"replies":[{"embeddable":true,"href":"https:\/\/medicaltravel.ch\/tr\/wp-json\/wp\/v2\/comments?post=4919"}],"version-history":[{"count":0,"href":"https:\/\/medicaltravel.ch\/tr\/wp-json\/wp\/v2\/pages\/4919\/revisions"}],"up":[{"embeddable":true,"href":"https:\/\/medicaltravel.ch\/tr\/wp-json\/wp\/v2\/pages\/4886"}],"wp:attachment":[{"href":"https:\/\/medicaltravel.ch\/tr\/wp-json\/wp\/v2\/media?parent=4919"}],"curies":[{"name":"wp","href":"https:\/\/api.w.org\/{rel}","templated":true}]}}