{"id":4923,"date":"2025-09-24T06:50:24","date_gmt":"2025-09-24T05:50:24","guid":{"rendered":"https:\/\/medicaltravel.ch\/hasta-raporlari\/patientenberichte-haartransplantation-tuerkei\/istanbul-acibadem-hastanesinde-yaptirdigim-liposuction-islemine-dair-rapor-7-agustos-2011-pazar\/"},"modified":"2026-01-12T19:59:50","modified_gmt":"2026-01-12T18:59:50","slug":"istanbul-acibadem-hastanesinde-yaptirdigim-liposuction-islemine-dair-rapor-7-agustos-2011-pazar","status":"publish","type":"page","link":"https:\/\/medicaltravel.ch\/tr\/hasta-raporlari\/turkiyede-sac-ekimi-hastalarinin-yorumlari\/istanbul-acibadem-hastanesinde-yaptirdigim-liposuction-islemine-dair-rapor-7-agustos-2011-pazar\/","title":{"rendered":"\u0130stanbul Ac\u0131badem Hastanesi&#8217;nde yapt\u0131rd\u0131\u011f\u0131m liposuction i\u015flemine dair rapor \u2013 7 A\u011fustos 2011, Pazar"},"content":{"rendered":"\n<p>\u0130stanbul Ac\u0131badem Hastanesi&#8217;nde yapt\u0131rd\u0131\u011f\u0131m liposuction i\u015flemine dair rapor \u2013 7 A\u011fustos 2011, Pazar<\/p>\n\n\n\n<p>Uzun s\u00fcredir kal\u00e7a ve bacaklar\u0131mdaki ya\u011f birikimlerinden rahats\u0131zd\u0131m. Diyet ve yo\u011fun spora ra\u011fmen bu b\u00f6lgeler incelmedi. \u0130nternette ameliyat hakk\u0131nda detayl\u0131 ara\u015ft\u0131rmalar yapt\u0131m; olas\u0131 sonu\u00e7lar\u0131 ve riskleri inceledim. Bir\u00e7ok olumlu deneyim payla\u015f\u0131m\u0131 g\u00f6rd\u00fcm ve sonu\u00e7lar ger\u00e7ekten \u00e7ok iyi g\u00f6r\u00fcn\u00fcyordu. Sonunda b\u00f6yle bir liposuction yapt\u0131rmaya karar verdim. Ger\u00e7ekten sadece do\u011fru cerrah\u0131 bulmam gerekiyordu.<br>Bir arkada\u015f\u0131m g\u00f6z ameliyat\u0131 i\u00e7in \u0130stanbul\u2019a gitti\u011fi i\u00e7in ben de i\u015flemi \u0130stanbul\u2019da yapt\u0131rmay\u0131 d\u00fc\u015f\u00fcnd\u00fcm. Tatilde olup, i\u015flem sonras\u0131 de\u011fi\u015fmi\u015f bir \u015fekilde geri d\u00f6nme fikri de ho\u015fuma gitti. Swisslasik \u00fczerinden cerrah hakk\u0131nda bilgi ald\u0131m ve k\u0131sa s\u00fcrede \u00f6zge\u00e7mi\u015fini edindim. \u00d6zge\u00e7mi\u015fe bak\u0131nca, Dr. S\u00fckr\u00fc Yazar\u2019\u0131n estetik cerrahide ger\u00e7ekten g\u00fcvenilir bir isim oldu\u011fu anla\u015f\u0131l\u0131yordu. Ba\u015fta T\u00fcrkiye\u2019de ameliyat olma fikri biraz tuhaf geldi ama temelde riskler her yerde ayn\u0131; her zaman bir \u015feyler olabilir. Hastaneyi internetten sanal olarak da gezdim ve ger\u00e7ekten \u00e7ok iyi bir izlenim b\u0131rakt\u0131. Karar\u0131m\u0131 verdim ve ameliyat i\u00e7in kayd\u0131m\u0131 yapt\u0131rd\u0131m.<br>Arkada\u015f\u0131mla birlikte Z\u00fcrih\u2019ten \u0130stanbul\u2019a u\u00e7tuk. Acibadem Hastanesi \u015fof\u00f6r\u00fc bizi kar\u015f\u0131lad\u0131 ve cerrah\u0131n \u00f6n muayenesi i\u00e7in hastaneye g\u00f6t\u00fcr\u00fcld\u00fck. Hastanede Seyma ad\u0131nda bir asistan beni kar\u015f\u0131lad\u0131; maalesef sadece \u0130ngilizce konu\u015fuyordu ama ben iyi \u0130ngilizce bildi\u011fim i\u00e7in sorun olmad\u0131. Almanca konu\u015fan asistanlar da mevcut. Kay\u0131tlar\u0131m al\u0131nd\u0131 ve k\u0131sa s\u00fcre sonra cerrahla g\u00f6r\u00fc\u015ft\u00fcm. Cerrah v\u00fccudumu inceledi, ya\u011f\u0131n al\u0131naca\u011f\u0131 b\u00f6lgeleri i\u015faretledi ve riskleri tekrar a\u00e7\u0131klad\u0131. Ayr\u0131ca anestezi t\u00fcr\u00fcn\u00fc konu\u015ftuk. Ben genel anestezi istemedi\u011fim i\u00e7in bir anestezi uzman\u0131 da dahil oldu ve lokal anestezi talebim kabul edildi. Kan testi yap\u0131ld\u0131 ve ard\u0131ndan otele g\u00f6t\u00fcr\u00fcld\u00fcm.<br>Gece pek rahat ge\u00e7medi, heyecanl\u0131yd\u0131m. Ertesi g\u00fcn saat 07:00\u2019de al\u0131narak hastaneye g\u00f6t\u00fcr\u00fcld\u00fcm. Bana odam g\u00f6sterildi ve biraz yerle\u015ftikten sonra cerrah geldi ve ya\u011f al\u0131nacak b\u00f6lgeleri i\u015faretledi. Sonra anestezi uzman\u0131 geldi ve istedi\u011fim anesteziyi tekrar g\u00f6zden ge\u00e7irdi. K\u0131sa s\u00fcre sonra ameliyathaneye g\u00f6t\u00fcr\u00fcld\u00fcm, anestezi yap\u0131ld\u0131 ve hafif bir sedasyonla i\u015flem ba\u015flad\u0131. Operasyon s\u0131ras\u0131nda hi\u00e7bir \u015fey hissetmedim. Yakla\u015f\u0131k 2 saat sonra uyand\u0131r\u0131ld\u0131m ve ameliyat\u0131n tamamland\u0131\u011f\u0131 s\u00f6ylendi.                                       K\u0131sa bir s\u00fcre uyanma odas\u0131nda kald\u0131m, ard\u0131ndan hem\u015fire beni odama geri g\u00f6t\u00fcrd\u00fc. Kendimi iyi hissediyordum ama h\u00e2l\u00e2 biraz sersemlemi\u015ftim. Birka\u00e7 saat sonra Dr. S\u00fckr\u00fc Yazar yan\u0131m\u0131za geldi, durumumu sordu ve a\u011fr\u0131m olup olmad\u0131\u011f\u0131n\u0131 kontrol etti. Sonras\u0131nda bana bir serum verildi ve biraz a\u011fr\u0131 kesici uyguland\u0131. Ayr\u0131ca yemek de verildi. Ameliyattan sonra k\u0131sa s\u00fcre i\u00e7inde aya\u011fa kalkman\u0131n \u00f6nemli oldu\u011fu s\u00f6ylendi\u011fi i\u00e7in bir hem\u015fire yard\u0131m ederek kalkmam\u0131 sa\u011flad\u0131. Tuvalete gitmek h\u00e2l\u00e2 biraz zordu ama y\u00fcr\u00fcyebiliyordum. Hem\u015fireler ger\u00e7ekten \u00e7ok nazik ve yard\u0131mseverdi, ellerinden gelenin en iyisini yapt\u0131lar. S\u00fcrekli \u00f6zenle ilgilenildim ve bak\u0131m g\u00f6rd\u00fcm. Bazen ileti\u015fim biraz zordu ama el-kol hareketleriyle gayet iyi anla\u015ft\u0131k.<br>Ak\u015fam ilerleyen saatlerde art\u0131k kendi ba\u015f\u0131ma y\u00fcr\u00fcyebiliyordum. Bir gece hastanede kald\u0131m. Ertesi sabah cerrah geldi ve ilk kez kal\u00e7am\u0131 ve bacaklar\u0131m\u0131 g\u00f6rebildim. Pek ho\u015f bir g\u00f6r\u00fcnt\u00fc yoktu; her yer mavi-ye\u015fil ve mor lekelerle kapl\u0131yd\u0131. Ama kal\u00e7alarda belirgin bir de\u011fi\u015fim g\u00f6zle g\u00f6r\u00fcl\u00fcyordu ve bu beni \u00e7ok memnun etti. Cerrah ayr\u0131ca ila\u00e7 re\u00e7etesini verdi ve dozu anlatt\u0131. Daha sonra gen\u00e7 bir hem\u015fire ila\u00e7lar\u0131m\u0131 getirdi ve art\u0131k taburcu edildim. \u015eof\u00f6r beni otele g\u00f6t\u00fcrd\u00fc.<br>Genel olarak hastanedeki kal\u0131\u015f\u0131m \u00e7ok rahatt\u0131. Hizmet m\u00fckemmeldi ve tek ki\u015filik oda adeta bir otel odas\u0131 gibiydi, ger\u00e7ekten harikayd\u0131. G\u00fcn boyunca h\u00e2l\u00e2 biraz yorgundum ama etrafta dola\u015fabiliyordum. A\u011fr\u0131lar yava\u015f yava\u015f hissedilmeye ba\u015flad\u0131; kas a\u011fr\u0131s\u0131 gibiydi. \u0130la\u00e7lar sayesinde gece rahat\u00e7a uyudum. Ertesi sabah ilk kez du\u015f ald\u0131m; olduk\u00e7a iyi ge\u00e7ti ama hareketler h\u00e2l\u00e2 biraz sertti. A\u011fr\u0131lar devam ediyordu ve ameliyat edilen b\u00f6lgeler k\u00f6t\u00fc g\u00f6r\u00fcn\u00fcyordu. \u00d6nceden ara\u015ft\u0131rd\u0131\u011f\u0131m i\u00e7in bunun normal oldu\u011funu biliyordum.<br>O g\u00fcn b\u00fcy\u00fck \u00e7ar\u015f\u0131y\u0131 bile ziyaret ettik, ama \u00e7abuk yoruldum ve otele d\u00f6nmekten memnun oldum. Ertesi g\u00fcn \u0130svi\u00e7re\u2019ye geri d\u00f6nd\u00fck. U\u00e7u\u015f sorunsuz ge\u00e7ti ve evime d\u00f6nmekten mutluydum. Nihayet \u00f6zel k\u0131yafetimi \u00e7\u0131kar\u0131p y\u0131kayabildim. A\u011fr\u0131lar belirgin \u015fekilde azalm\u0131\u015ft\u0131 ve hareket etmek daha kolayd\u0131. Seyahatten sonra \u00e7ok iyi uyudum.<br>Bug\u00fcn, operasyonun \u00fczerinden yakla\u015f\u0131k 4 hafta ge\u00e7ti ve art\u0131k hi\u00e7 a\u011fr\u0131m yok. Morluklar tamamen ge\u00e7ti. \u0130zler o kadar k\u00fc\u00e7\u00fck ki neredeyse g\u00f6r\u00fcnm\u00fcyor. Nihai sonu\u00e7 h\u00e2l\u00e2 tamamen ortaya \u00e7\u0131kmam\u0131\u015f olsa da, g\u00f6rd\u00fcklerimden \u00e7ok memnunum.                                         <\/p>\n\n\n\n<div class=\"wp-block-group is-layout-grid wp-container-core-group-is-layout-baef362d wp-block-group-is-layout-grid\">\n<p><a href=\"https:\/\/medicaltravel.at\/home\/agb\/\" data-type=\"page\" data-id=\"2191\" rel=\"nofollow noopener\" target=\"_blank\"><\/a><a href=\"https:\/\/medicaltravel.ch\/tr\/hasta-raporlari\/turkiyede-sac-ekimi-hastalarinin-yorumlari\/acibadem-hastanesinde-istanbuldaki-kisirlik-tedavimiz-14-agustos-2011-pazar-tarihli-rapor\/\" data-type=\"link\" data-id=\"https:\/\/medicaltravel.ch\/tr\/hasta-raporlari\/turkiyede-sac-ekimi-hastalarinin-yorumlari\/acibadem-hastanesinde-istanbuldaki-kisirlik-tedavimiz-14-agustos-2011-pazar-tarihli-rapor\/\">\u00d6nceki rapor<\/a><\/p>\n\n\n\n<p class=\"has-text-align-right wp-container-content-5e2576f9\"><a href=\"https:\/\/medicaltravel.at\/home\/impressum\/\" data-type=\"page\" data-id=\"2193\" rel=\"nofollow noopener\" target=\"_blank\"><\/a><a href=\"https:\/\/medicaltravel.at\/home\/berichte-von-patienten\/erfahrungsberichte\/erfahrungsbericht-zahnbehandlung-in-istanbul\/\" data-type=\"page\" data-id=\"981\" rel=\"nofollow noopener\" target=\"_blank\"><\/a><a href=\"https:\/\/medicaltravel.ch\/tr\/hasta-raporlari\/turkiyede-sac-ekimi-hastalarinin-yorumlari\/istanbuldaki-dis-tedavim-6-agustos-2011-cumartesi-tarihli-rapor\/\" data-type=\"link\" data-id=\"https:\/\/medicaltravel.ch\/tr\/hasta-raporlari\/turkiyede-sac-ekimi-hastalarinin-yorumlari\/istanbuldaki-dis-tedavim-6-agustos-2011-cumartesi-tarihli-rapor\/\">Sonraki rapor<\/a><\/p>\n<\/div>\n","protected":false},"excerpt":{"rendered":"<p>\u0130stanbul Ac\u0131badem Hastanesi&#8217;nde yapt\u0131rd\u0131\u011f\u0131m liposuction i\u015flemine dair rapor \u2013 7 A\u011fustos 2011, Pazar Uzun s\u00fcredir kal\u00e7a ve bacaklar\u0131mdaki ya\u011f birikimlerinden rahats\u0131zd\u0131m. Diyet ve yo\u011fun spora ra\u011fmen bu b\u00f6lgeler incelmedi. \u0130nternette ameliyat hakk\u0131nda detayl\u0131 ara\u015ft\u0131rmalar yapt\u0131m; olas\u0131 sonu\u00e7lar\u0131 ve riskleri inceledim. Bir\u00e7ok olumlu deneyim payla\u015f\u0131m\u0131 g\u00f6rd\u00fcm ve sonu\u00e7lar ger\u00e7ekten \u00e7ok iyi g\u00f6r\u00fcn\u00fcyordu. Sonunda b\u00f6yle bir liposuction yapt\u0131rmaya karar verdim. Ger\u00e7ekten sadece do\u011fru cerrah\u0131 bulmam gerekiyordu.Bir arkada\u015f\u0131m g\u00f6z ameliyat\u0131 i\u00e7in \u0130stanbul\u2019a gitti\u011fi i\u00e7in ben de i\u015flemi \u0130stanbul\u2019da yapt\u0131rmay\u0131 d\u00fc\u015f\u00fcnd\u00fcm. Tatilde olup, i\u015flem sonras\u0131 de\u011fi\u015fmi\u015f bir \u015fekilde geri d\u00f6nme fikri de ho\u015fuma gitti. Swisslasik \u00fczerinden cerrah hakk\u0131nda bilgi ald\u0131m ve k\u0131sa s\u00fcrede \u00f6zge\u00e7mi\u015fini edindim. \u00d6zge\u00e7mi\u015fe bak\u0131nca, Dr. S\u00fckr\u00fc Yazar\u2019\u0131n estetik cerrahide ger\u00e7ekten g\u00fcvenilir bir isim oldu\u011fu anla\u015f\u0131l\u0131yordu. Ba\u015fta T\u00fcrkiye\u2019de ameliyat olma fikri biraz tuhaf geldi ama temelde riskler her yerde ayn\u0131; her zaman bir \u015feyler olabilir. Hastaneyi internetten sanal olarak da gezdim ve ger\u00e7ekten \u00e7ok iyi bir izlenim b\u0131rakt\u0131. Karar\u0131m\u0131 verdim ve ameliyat i\u00e7in kayd\u0131m\u0131 yapt\u0131rd\u0131m.Arkada\u015f\u0131mla birlikte Z\u00fcrih\u2019ten \u0130stanbul\u2019a u\u00e7tuk. Acibadem Hastanesi \u015fof\u00f6r\u00fc bizi kar\u015f\u0131lad\u0131 ve cerrah\u0131n \u00f6n muayenesi i\u00e7in hastaneye g\u00f6t\u00fcr\u00fcld\u00fck. Hastanede Seyma ad\u0131nda bir asistan beni kar\u015f\u0131lad\u0131; maalesef sadece \u0130ngilizce konu\u015fuyordu ama ben iyi \u0130ngilizce bildi\u011fim i\u00e7in sorun olmad\u0131. Almanca konu\u015fan asistanlar da mevcut. Kay\u0131tlar\u0131m al\u0131nd\u0131 ve k\u0131sa s\u00fcre sonra cerrahla g\u00f6r\u00fc\u015ft\u00fcm. Cerrah v\u00fccudumu inceledi, ya\u011f\u0131n al\u0131naca\u011f\u0131 b\u00f6lgeleri i\u015faretledi ve riskleri tekrar a\u00e7\u0131klad\u0131. Ayr\u0131ca anestezi t\u00fcr\u00fcn\u00fc konu\u015ftuk. Ben genel anestezi istemedi\u011fim i\u00e7in bir anestezi uzman\u0131 da dahil oldu ve lokal anestezi talebim kabul edildi. Kan testi yap\u0131ld\u0131 ve ard\u0131ndan otele g\u00f6t\u00fcr\u00fcld\u00fcm.Gece pek rahat ge\u00e7medi, heyecanl\u0131yd\u0131m. Ertesi g\u00fcn saat 07:00\u2019de al\u0131narak hastaneye g\u00f6t\u00fcr\u00fcld\u00fcm. Bana odam g\u00f6sterildi ve biraz yerle\u015ftikten sonra cerrah geldi ve ya\u011f al\u0131nacak b\u00f6lgeleri i\u015faretledi. Sonra anestezi uzman\u0131 geldi ve istedi\u011fim anesteziyi tekrar g\u00f6zden ge\u00e7irdi. K\u0131sa s\u00fcre sonra ameliyathaneye g\u00f6t\u00fcr\u00fcld\u00fcm, anestezi yap\u0131ld\u0131 ve hafif bir sedasyonla i\u015flem ba\u015flad\u0131. Operasyon s\u0131ras\u0131nda hi\u00e7bir \u015fey hissetmedim. Yakla\u015f\u0131k 2 saat sonra uyand\u0131r\u0131ld\u0131m ve ameliyat\u0131n tamamland\u0131\u011f\u0131 s\u00f6ylendi. K\u0131sa bir s\u00fcre uyanma odas\u0131nda kald\u0131m, ard\u0131ndan hem\u015fire beni odama geri g\u00f6t\u00fcrd\u00fc. Kendimi iyi hissediyordum ama h\u00e2l\u00e2 biraz sersemlemi\u015ftim. Birka\u00e7 saat sonra Dr. S\u00fckr\u00fc Yazar yan\u0131m\u0131za geldi, durumumu sordu ve a\u011fr\u0131m olup olmad\u0131\u011f\u0131n\u0131 kontrol etti. Sonras\u0131nda bana bir serum verildi ve biraz a\u011fr\u0131 kesici uyguland\u0131. Ayr\u0131ca yemek de verildi. Ameliyattan sonra k\u0131sa s\u00fcre i\u00e7inde aya\u011fa kalkman\u0131n \u00f6nemli oldu\u011fu s\u00f6ylendi\u011fi i\u00e7in bir hem\u015fire yard\u0131m ederek kalkmam\u0131 sa\u011flad\u0131. Tuvalete gitmek h\u00e2l\u00e2 biraz zordu ama y\u00fcr\u00fcyebiliyordum. Hem\u015fireler ger\u00e7ekten \u00e7ok nazik ve yard\u0131mseverdi, ellerinden gelenin en iyisini yapt\u0131lar. S\u00fcrekli \u00f6zenle ilgilenildim ve bak\u0131m g\u00f6rd\u00fcm. Bazen ileti\u015fim biraz zordu ama el-kol hareketleriyle gayet iyi anla\u015ft\u0131k.Ak\u015fam ilerleyen saatlerde art\u0131k kendi ba\u015f\u0131ma y\u00fcr\u00fcyebiliyordum. Bir gece hastanede kald\u0131m. Ertesi sabah cerrah geldi ve ilk kez kal\u00e7am\u0131 ve bacaklar\u0131m\u0131 g\u00f6rebildim. Pek ho\u015f bir g\u00f6r\u00fcnt\u00fc yoktu; her yer mavi-ye\u015fil ve mor lekelerle kapl\u0131yd\u0131. Ama kal\u00e7alarda belirgin bir de\u011fi\u015fim g\u00f6zle g\u00f6r\u00fcl\u00fcyordu ve bu beni \u00e7ok memnun etti. Cerrah ayr\u0131ca ila\u00e7 re\u00e7etesini verdi ve dozu anlatt\u0131. Daha sonra gen\u00e7 bir hem\u015fire ila\u00e7lar\u0131m\u0131 getirdi ve art\u0131k taburcu edildim. \u015eof\u00f6r beni otele g\u00f6t\u00fcrd\u00fc.Genel olarak hastanedeki kal\u0131\u015f\u0131m \u00e7ok rahatt\u0131. Hizmet m\u00fckemmeldi ve tek ki\u015filik oda adeta bir otel odas\u0131 gibiydi, ger\u00e7ekten harikayd\u0131. G\u00fcn boyunca h\u00e2l\u00e2 biraz yorgundum ama etrafta dola\u015fabiliyordum. A\u011fr\u0131lar yava\u015f yava\u015f hissedilmeye ba\u015flad\u0131; kas a\u011fr\u0131s\u0131 gibiydi. \u0130la\u00e7lar sayesinde gece rahat\u00e7a uyudum. Ertesi sabah ilk kez du\u015f ald\u0131m; olduk\u00e7a iyi ge\u00e7ti ama hareketler h\u00e2l\u00e2 biraz sertti. A\u011fr\u0131lar devam ediyordu ve ameliyat edilen b\u00f6lgeler k\u00f6t\u00fc g\u00f6r\u00fcn\u00fcyordu. \u00d6nceden ara\u015ft\u0131rd\u0131\u011f\u0131m i\u00e7in bunun normal oldu\u011funu biliyordum.O g\u00fcn b\u00fcy\u00fck \u00e7ar\u015f\u0131y\u0131 bile ziyaret ettik, ama \u00e7abuk yoruldum ve otele d\u00f6nmekten memnun oldum. Ertesi g\u00fcn \u0130svi\u00e7re\u2019ye geri d\u00f6nd\u00fck. U\u00e7u\u015f sorunsuz ge\u00e7ti ve evime d\u00f6nmekten mutluydum. Nihayet \u00f6zel k\u0131yafetimi \u00e7\u0131kar\u0131p y\u0131kayabildim. A\u011fr\u0131lar belirgin \u015fekilde azalm\u0131\u015ft\u0131 ve hareket etmek daha kolayd\u0131. Seyahatten sonra \u00e7ok iyi uyudum.Bug\u00fcn, operasyonun \u00fczerinden yakla\u015f\u0131k 4 hafta ge\u00e7ti ve art\u0131k hi\u00e7 a\u011fr\u0131m yok. Morluklar tamamen ge\u00e7ti. \u0130zler o kadar k\u00fc\u00e7\u00fck ki neredeyse g\u00f6r\u00fcnm\u00fcyor. Nihai sonu\u00e7 h\u00e2l\u00e2 tamamen ortaya \u00e7\u0131kmam\u0131\u015f olsa da, g\u00f6rd\u00fcklerimden \u00e7ok memnunum. \u00d6nceki rapor Sonraki rapor<\/p>\n","protected":false},"author":4,"featured_media":0,"parent":4886,"menu_order":0,"comment_status":"closed","ping_status":"closed","template":"","meta":{"_joinchat":[],"footnotes":""},"class_list":["post-4923","page","type-page","status-publish","hentry"],"acf":[],"_links":{"self":[{"href":"https:\/\/medicaltravel.ch\/tr\/wp-json\/wp\/v2\/pages\/4923","targetHints":{"allow":["GET"]}}],"collection":[{"href":"https:\/\/medicaltravel.ch\/tr\/wp-json\/wp\/v2\/pages"}],"about":[{"href":"https:\/\/medicaltravel.ch\/tr\/wp-json\/wp\/v2\/types\/page"}],"author":[{"embeddable":true,"href":"https:\/\/medicaltravel.ch\/tr\/wp-json\/wp\/v2\/users\/4"}],"replies":[{"embeddable":true,"href":"https:\/\/medicaltravel.ch\/tr\/wp-json\/wp\/v2\/comments?post=4923"}],"version-history":[{"count":2,"href":"https:\/\/medicaltravel.ch\/tr\/wp-json\/wp\/v2\/pages\/4923\/revisions"}],"predecessor-version":[{"id":6489,"href":"https:\/\/medicaltravel.ch\/tr\/wp-json\/wp\/v2\/pages\/4923\/revisions\/6489"}],"up":[{"embeddable":true,"href":"https:\/\/medicaltravel.ch\/tr\/wp-json\/wp\/v2\/pages\/4886"}],"wp:attachment":[{"href":"https:\/\/medicaltravel.ch\/tr\/wp-json\/wp\/v2\/media?parent=4923"}],"curies":[{"name":"wp","href":"https:\/\/api.w.org\/{rel}","templated":true}]}}